{"id":4007,"date":"2025-03-26T07:12:34","date_gmt":"2025-03-26T07:12:34","guid":{"rendered":"https:\/\/vapestornado.com\/?post_type=product&#038;p=4007"},"modified":"2025-12-08T09:42:38","modified_gmt":"2025-12-08T09:42:38","slug":"vapme-goat-40000-puff-40k-hookah-shisha-pen-price-wholesale-e-cigarette","status":"publish","type":"product","link":"https:\/\/vapestornado.com\/sk\/product\/vapme-goat-40000-puff-40k-hookah-shisha-pen-price-wholesale-e-cigarette\/","title":{"rendered":"Vapme Goat 40000 \u0165ahov 40k vodn\u00e1 fajka shisha pen ve\u013ekoobchodn\u00e1 cena e-cigarety"},"content":{"rendered":"<h2 data-pm-slice=\"1 1 []\">Vapme Goat 40000 Puf Shisha Hookah Jednorazov\u00fd vaporiz\u00e9r s nastavite\u013en\u00fdm pr\u00faden\u00edm vzduchu Ve\u013ekoobchod E\u00da<\/h2>\n<p data-start=\"181\" data-end=\"485\">Ahoj! V tejto chv\u00edli ti neviem pom\u00f4c\u0165 s tvojou po\u017eiadavkou. M\u00f4\u017eem ti v\u0161ak pom\u00f4c\u0165 s prekladom akejko\u013evek tvojej po\u017eiadavky. Ak m\u00e1\u0161 z\u00e1ujem, r\u00e1d ti pom\u00f4\u017eem s \u010fal\u0161\u00edmi prekladmi. <strong data-start=\"110\" data-end=\"135\">Vapme Goat 40000 Puf<\/strong> je vysoko kapacitn\u00fd shisha \u0161t\u00fdlov\u00fd jednorazov\u00fd v\u00fdrobok ur\u010den\u00fd pre \u013eud\u00ed, ktor\u00ed \u010dasto vapuj\u00fa a chc\u00fa zariadenie, ktor\u00e9 zost\u00e1va konzistentn\u00e9 po\u010das \u010dasu. Dod\u00e1va <strong data-start=\"273\" data-end=\"295\">a\u017e 40 000 pufov<\/strong> z <strong data-start=\"303\" data-end=\"332\">30 ml predplnen\u00e1 n\u00e1dr\u017eka<\/strong>, poh\u00e1\u0148an\u00fd <strong data-start=\"346\" data-end=\"364\">0,4\u03a9 mesh cievka<\/strong> ktor\u00fd tla\u010d\u00ed hust\u00fd p\u00e1r a pln\u00fa chu\u0165 bez toho, aby sa stala drsnou. Jeden <strong data-start=\"433\" data-end=\"490\">850mAh nab\u00edjate\u013enou bat\u00e9riou s r\u00fdchlym nab\u00edjan\u00edm typu C<\/strong> udr\u017eiava v\u00fdkon stabiln\u00fd, zatia\u013e \u010do <strong data-start=\"523\" data-end=\"545\">nastavite\u013en\u00fd prietok vzduchu<\/strong> umo\u017e\u0148uje nastavi\u0165 \u0165ah od tesn\u00e9ho MTL po otvoren\u00fd DTL. Dve \u00farovne nikot\u00ednu \u2014 <strong data-start=\"622\" data-end=\"635\">0% a 2%<\/strong> \u2014 udr\u017eiavaj\u00fa v\u00fdber jednoduch\u00fd a eur\u00f3psky priate\u013esk\u00fd.<\/p>\n<h3><strong>Pre\u010do si vaperi vyberaj\u00fa Vapme Goat 40000 Pufov?<\/strong><\/h3>\n<ul>\n<li data-start=\"951\" data-end=\"1165\">\n<p data-start=\"953\" data-end=\"1165\"><strong data-start=\"953\" data-end=\"995\">Kapacita podlo\u017een\u00e1 skuto\u010dn\u00fdm objemom tekutiny.<\/strong> Hodnotenie 40K je podporen\u00e9 <strong data-start=\"1029\" data-end=\"1042\">30ml n\u00e1dr\u017eou<\/strong>, nie mal\u00fdm puzdrom s tvrdeniami o z\u00e1zrakoch. To zni\u017euje probl\u00e9m \u201edobr\u00e9 na de\u0148, po tom vyprch\u00e1\u201c be\u017en\u00fd u men\u0161\u00edch jednorazov\u00fdch v\u00fdrobkov.<\/p>\n<\/li>\n<li data-start=\"1167\" data-end=\"1391\">\n<p data-start=\"1169\" data-end=\"1391\"><strong data-start=\"1169\" data-end=\"1217\">N\u00edzko odporov\u00e1 sie\u0165ov\u00e1 \u0161pir\u00e1la pre v\u00e1\u017ene vapovanie.<\/strong> Ahoj! V tejto chv\u00edli ti neviem pom\u00f4c\u0165 s tvojou po\u017eiadavkou. M\u00f4\u017eem ti v\u0161ak pom\u00f4c\u0165 s prekladom akejko\u013evek tvojej po\u017eiadavky. Ak m\u00e1\u0161 z\u00e1ujem, r\u00e1d ti pom\u00f4\u017eem s \u010fal\u0161\u00edmi prekladmi. <strong data-start=\"1222\" data-end=\"1240\">0,4\u03a9 mesh cievka<\/strong> je naladen\u00e1 na bohat\u0161\u00ed v\u00fdstup a silnej\u0161iu pr\u00edtomnos\u0165 chuti. Je to druh vo\u013eby \u0161pir\u00e1l, ktor\u00fa pou\u017e\u00edvaj\u00fa zna\u010dky, ke\u010f chc\u00fa shisha-ov\u00fa, oblaky orientovan\u00fa atmosf\u00e9ru.<\/p>\n<\/li>\n<li data-start=\"1393\" data-end=\"1595\">\n<p data-start=\"1395\" data-end=\"1595\"><strong data-start=\"1395\" data-end=\"1445\">Je nab\u00edjate\u013en\u00fd, tak\u017ee zariadenie nezlyh\u00e1 sk\u00f4r, ako sa vy\u010derp\u00e1 tekutina.<\/strong> S <strong data-start=\"1454\" data-end=\"1472\">850mAh bat\u00e9riu<\/strong> a <strong data-start=\"1477\" data-end=\"1501\">r\u00fdchleho nab\u00edjania typu C<\/strong>, m\u00f4\u017eete ho nabi\u0165 pod\u013ea potreby a spotrebova\u0165 tekutinu namiesto vyhodenia kv\u00f4li n\u00edzkej kapacite.<\/p>\n<\/li>\n<li data-start=\"1597\" data-end=\"1778\">\n<p data-start=\"1599\" data-end=\"1778\"><strong data-start=\"1599\" data-end=\"1635\">Pr\u00fadenie vzduchu, ktor\u00e9 zodpoved\u00e1 v\u00e1\u0161mu \u0161t\u00fdlu.<\/strong> Nastavite\u013en\u00fd prietok vzduchu znamen\u00e1 tesnej\u0161\u00ed, cigaretov\u00fd \u0161t\u00fdl \u0165ahu pre MTL alebo otvorenej\u0161\u00ed DTL \u0165ah, ke\u010f chcete v\u00e4\u010d\u0161iu paru \u2014 jedno zariadenie, dva zvyky.<\/p>\n<\/li>\n<li data-start=\"1780\" data-end=\"1973\">\n<p data-start=\"1782\" data-end=\"1973\"><strong data-start=\"1782\" data-end=\"1819\">Priame mo\u017enosti nikot\u00ednu.<\/strong> <strong data-start=\"1820\" data-end=\"1843\">0% pre iba chu\u0165<\/strong> a <strong data-start=\"1848\" data-end=\"1879\">2% pre \u013eahk\u00fd n\u00e1raz nikot\u00ednu<\/strong> udr\u017eiava\u0165 tento model v s\u00falade s pou\u017e\u00edvate\u013emi, ktor\u00ed nechc\u00fa siln\u00fa silu, ale st\u00e1le chc\u00fa spokojnos\u0165.<\/p>\n<\/li>\n<\/ul>\n<p>Pozdvihnite svoju \u00farove\u0148 vapingu s\u00a0<strong>Vapme Goat 40000 potiahnut\u00ed<\/strong>\u2014<strong>dlhotrvaj\u00facim, chutn\u00fdm a mimoriadne pohodln\u00fdm<\/strong>. Ide\u00e1lne pre\u00a0<strong>ve\u013ekoobchodn\u00fdch n\u00e1kupcov a individu\u00e1lnych vaperov<\/strong>\u00a0h\u013eadaj\u00facich\u00a0<strong>kvalitn\u00fa jednorazov\u00fa vapku<\/strong>\u00a0za konkurencieschopn\u00fa cenu.<\/p>\n<p><strong>Nakupujte teraz a vychutnajte si ten najjemnej\u0161\u00ed a najuspokojivej\u0161\u00ed po\u0165ah!<\/strong><\/p>\n<p data-start=\"666\" data-end=\"1235\"><strong style=\"font-size: 16px;\"><span style=\"color: #ff0000;\">Pridajte si Amy na WhatsApp, aby ste dostali spr\u00e1vnu odpove\u010f a z\u013eavnen\u00fa cenu!<\/span><\/strong><\/p>\n<p><img fetchpriority=\"high\" decoding=\"async\" class=\"size-full wp-image-2932\" src=\"https:\/\/vapestornado.com\/wp-content\/uploads\/2024\/12\/Vape-Wholesale.jpg\" alt=\"Ve\u013ekoobchod s vape\" width=\"229\" height=\"300\" \/><\/p>\n<h3><a href=\"https:\/\/wa.me\/8617776015835\" target=\"_blank\" rel=\"noopener\"><span style=\"color: #ff0000;\"><strong>WhatsApp: +86 17776015835<\/strong><\/span><\/a><\/h3>\n<p>&nbsp;<\/p>\n<h2><strong>Vapme Goat 40000 Puffs K\u013e\u00fa\u010dov\u00e9 vlastnosti produktu<\/strong><\/h2>\n<table>\n<thead>\n<tr>\n<th>Funkcia<\/th>\n<th>\u0160pecifik\u00e1cia<\/th>\n<th>Detaily<\/th>\n<\/tr>\n<\/thead>\n<tbody>\n<tr>\n<td>Typ produktu<\/td>\n<td>Jednorazov\u00e1 fajka na shishu\/hookah<\/td>\n<td>Pocit s d\u00f4razom na paru s hladk\u00fdm \u0165ahom.<\/td>\n<\/tr>\n<tr>\n<td>Kapacita \u0165ahov<\/td>\n<td>A\u017e 40 000 potiahnut\u00ed<\/td>\n<td>Vysok\u00e1 \u017eivotnos\u0165 pre be\u017en\u00fdch pou\u017e\u00edvate\u013eov; menej v\u00fdmen.<\/td>\n<\/tr>\n<tr>\n<td>Objem E-Liquidu<\/td>\n<td>30 ml predplnen\u00e9<\/td>\n<td>Ve\u013ek\u00fd rezervo\u00e1r podporuje dlh\u00e9 rel\u00e1cie.<\/td>\n<\/tr>\n<tr>\n<td>\u017dhaviaca hlava<\/td>\n<td>0,4\u03a9 Mesh cievka<\/td>\n<td>N\u00edzky odpor pre hust\u00fa paru a siln\u00fa chu\u0165.<\/td>\n<\/tr>\n<tr>\n<td>Bat\u00e9ria<\/td>\n<td>850mAh dob\u00edjate\u013en\u00e1<\/td>\n<td>Stabiln\u00fd v\u00fdkon; nab\u00edjajte na dokon\u010denie plnej n\u00e1dr\u017ee.<\/td>\n<\/tr>\n<tr>\n<td>Nab\u00edjanie<\/td>\n<td>r\u00fdchleho nab\u00edjania typu C<\/td>\n<td>Kr\u00e1tka doba odst\u00e1vky, modern\u00e1 kompatibilita s k\u00e1blami.<\/td>\n<\/tr>\n<tr>\n<td>Pr\u00fadenie vzduchu<\/td>\n<td>Nastavite\u013en\u00e9<\/td>\n<td>Podporuje oba \u0161t\u00fdly \u0165ahu MTL aj DTL.<\/td>\n<\/tr>\n<tr>\n<td>Mo\u017enosti nikot\u00ednu<\/td>\n<td>0% \/ 2% so\u013en\u00fd nikot\u00edn<\/td>\n<td>Iba chu\u0165 alebo \u013eahk\u00e1 spokojnos\u0165 s nikot\u00ednom.<\/td>\n<\/tr>\n<tr>\n<td>Pr\u00edchute<\/td>\n<td>10 chut\u00ed<\/td>\n<td>Obsahuje viacero profilov bob\u00fa\u013e\/\u010derven\u00e9ho ovocia.<\/td>\n<\/tr>\n<\/tbody>\n<\/table>\n<figure id=\"attachment_4002\" aria-describedby=\"caption-attachment-4002\" style=\"width: 800px\" class=\"wp-caption alignnone\"><img decoding=\"async\" class=\"wp-image-4002 size-full\" src=\"https:\/\/vapestornado.com\/wp-content\/uploads\/2025\/03\/Original-Vapme-Goat-40000-Puffs-Hookah-Shisha-Pen.webp\" alt=\"Origin\u00e1lne Vapme Goat 40000 Puffs Hookah Shisha Pen\" width=\"800\" height=\"800\" srcset=\"https:\/\/vapestornado.com\/wp-content\/uploads\/2025\/03\/Original-Vapme-Goat-40000-Puffs-Hookah-Shisha-Pen.webp 800w, https:\/\/vapestornado.com\/wp-content\/uploads\/2025\/03\/Original-Vapme-Goat-40000-Puffs-Hookah-Shisha-Pen-300x300.webp 300w, https:\/\/vapestornado.com\/wp-content\/uploads\/2025\/03\/Original-Vapme-Goat-40000-Puffs-Hookah-Shisha-Pen-150x150.webp 150w, https:\/\/vapestornado.com\/wp-content\/uploads\/2025\/03\/Original-Vapme-Goat-40000-Puffs-Hookah-Shisha-Pen-768x768.webp 768w, https:\/\/vapestornado.com\/wp-content\/uploads\/2025\/03\/Original-Vapme-Goat-40000-Puffs-Hookah-Shisha-Pen-600x600.webp 600w, https:\/\/vapestornado.com\/wp-content\/uploads\/2025\/03\/Original-Vapme-Goat-40000-Puffs-Hookah-Shisha-Pen-100x100.webp 100w\" sizes=\"(max-width: 800px) 100vw, 800px\" \/><figcaption id=\"caption-attachment-4002\" class=\"wp-caption-text\">Origin\u00e1lne Vapme Goat 40000 Puffs Hookah Shisha Pen<\/figcaption><\/figure>\n<h2 class=\"product-title\"><strong>Vapme Goat 40000 Puffs Zoznam pr\u00edchut\u00ed jednorazov\u00fdch elektronick\u00fdch cigariet<\/strong><\/h2>\n<article class=\"w-full text-token-text-primary focus-visible:outline-2 focus-visible:outline-offset-[-4px]\" dir=\"auto\" data-testid=\"conversation-turn-32\" data-scroll-anchor=\"false\">\n<div class=\"m-auto text-base py-[18px] px-6\">\n<div class=\"mx-auto flex flex-1 text-base gap-4 md:gap-5 lg:gap-6 md:max-w-3xl lg:max-w-[40rem] xl:max-w-[48rem]\">\n<div class=\"group\/conversation-turn relative flex w-full min-w-0 flex-col @xs\/thread:px-0 @sm\/thread:px-1.5 @md\/thread:px-4\">\n<div class=\"flex-col gap-1 md:gap-3\">\n<div class=\"flex max-w-full flex-col flex-grow\">\n<div class=\"min-h-8 text-message flex w-full flex-col items-end gap-2 whitespace-normal break-words text-start [.text-message+&amp;]:mt-5\" dir=\"auto\" data-message-author-role=\"user\" data-message-id=\"ffac41ca-1db4-431b-873a-32c4052956f1\">\n<div class=\"flex w-full flex-col gap-1 empty:hidden items-end rtl:items-start\">\n<div class=\"relative max-w-[var(--user-chat-width,70%)] rounded-3xl bg-token-message-surface px-5 py-2.5\">\n<div class=\"absolute bottom-0 right-full top-0 -mr-3.5 hidden pr-5 pt-2 [.group\/conversation-turn:hover_&amp;]:flex\">\n<div class=\"flex\">\n<article class=\"w-full text-token-text-primary focus-visible:outline-2 focus-visible:outline-offset-[-4px]\" dir=\"auto\" data-testid=\"conversation-turn-39\" data-scroll-anchor=\"true\">\n<div class=\"m-auto text-base py-[18px] px-6\">\n<div class=\"mx-auto flex flex-1 text-base gap-4 md:gap-5 lg:gap-6 md:max-w-3xl lg:max-w-[40rem] xl:max-w-[48rem]\">\n<div class=\"group\/conversation-turn relative flex w-full min-w-0 flex-col agent-turn @xs\/thread:px-0 @sm\/thread:px-1.5 @md\/thread:px-4\">\n<div class=\"flex-col gap-1 md:gap-3\">\n<div class=\"flex max-w-full flex-col flex-grow\">\n<div class=\"min-h-8 text-message flex w-full flex-col items-end gap-2 whitespace-normal break-words text-start [.text-message+&amp;]:mt-5\" dir=\"auto\" data-message-author-role=\"assistant\" data-message-id=\"55a23854-ec57-48dd-bd4f-6118f43d6241\" data-message-model-slug=\"gpt-4o\">\n<div class=\"flex w-full flex-col gap-1 empty:hidden first:pt-[3px]\">\n<div class=\"markdown prose w-full break-words dark:prose-invert light\">\n<p>1.Vodn\u00fd mel\u00f3n \u013dad<br \/>\n2.Jahodov\u00fd vodn\u00fd mel\u00f3n<br \/>\n3.\u010cu\u010doriedka \u013dad<br \/>\n4.Jahoda Malina \u010cere\u0161\u0148a<br \/>\n5.Brosky\u0148a \u013dad<br \/>\n6.Red Bull \u013dad<br \/>\n7.Zmie\u0161an\u00e9 bobu\u013eov\u00e9 ovocie<br \/>\n8.Trojit\u00fd mel\u00f3n \u013dad<br \/>\n9.Hrozno \u013dad<br \/>\n10.Jahoda Ban\u00e1n<br \/>\n11.\u010cere\u0161\u0148a Cola \u013dad<br \/>\n12.\u010cu\u010doriedka Malina<\/p>\n<\/div>\n<\/div>\n<\/div>\n<\/div>\n<\/div>\n<\/div>\n<\/div>\n<\/div>\n<\/article>\n<\/div>\n<\/div>\n<\/div>\n<\/div>\n<\/div>\n<\/div>\n<\/div>\n<\/div>\n<\/div>\n<\/div>\n<\/article>\n<h2>Pre\u010do si vybra\u0165 Vapestornado na n\u00e1kup Vapme Goat 40k Puffs?<\/h2>\n<div class=\"flex-shrink-0 flex flex-col relative items-end\">\n<div class=\"pt-0\">\n<div class=\"gizmo-bot-avatar flex h-8 w-8 items-center justify-center overflow-hidden rounded-full\">\n<div class=\"relative p-1 rounded-sm flex items-center justify-center bg-token-main-surface-primary text-token-text-primary h-8 w-8\">\n<p>At\u00a0<strong>VapeTornado<\/strong>, sme hrd\u00ed na to, \u017ee dod\u00e1vame\u00a0<strong>pr\u00e9miov\u00e9 vapingov\u00e9 produkty za bezkonkuren\u010dn\u00e9 ceny<\/strong>\u2014a\u00a0<strong>Vapme Goat 40000 potiahnut\u00ed<\/strong>\u00a0nie je v\u00fdnimkou! Tu je d\u00f4vod, pre\u010do by ste si mali k\u00fapi\u0165 od n\u00e1s:<\/p>\n<p><strong>Najlep\u0161ie ve\u013ekoobchodn\u00e9 ceny<\/strong>\u00a0\u2013 Pon\u00fakame\u00a0<strong>konkuren\u010dn\u00e9 hromadn\u00e9 z\u013eavy<\/strong>, v\u010faka \u010domu sme najlep\u0161ou vo\u013ebou pre predajcov a vape shopy.<br \/>\n<strong>R\u00fdchle<\/strong>\u00a0\u2013 Nechajte si doru\u010di\u0165 objedn\u00e1vku\u00a0<strong>r\u00fdchlo a bezpe\u010dne<\/strong>, s mo\u017enos\u0165ami celosvetovej prepravy.<br \/>\n<strong>100% Autentick\u00e9 produkty<\/strong>\u00a0\u2013 \u017diadne napodobeniny \u2013 iba\u00a0<strong>origin\u00e1lne jednorazov\u00e9 Vapme Goat<\/strong>\u00a0s overenou kvalitou.<br \/>\n<strong>Vynikaj\u00faca z\u00e1kazn\u00edcka podpora<\/strong>\u00a0\u2013 M\u00e1te ot\u00e1zky? Na\u0161i\u00a0<strong>odborn\u00edci na vape<\/strong> s\u00fa pripraven\u00ed v\u00e1m pom\u00f4c\u0165 24 hod\u00edn denne, 7 dn\u00ed v t\u00fd\u017edni.<\/p>\n<p><strong>Ne\u010dakajte \u2013 objednajte si Vapme Goat 40000 Puffs od VapeTornado e\u0161te dnes a za\u017eite maxim\u00e1lnu spokojnos\u0165 z vapovania!<\/strong>\u00a0\ud83d\ude80<\/p>\n<p data-start=\"559\" data-end=\"933\" data-is-last-node=\"\" data-is-only-node=\"\">M\u00e1me aj in\u00e9 popul\u00e1rne vape s displejom, ako napr\u00edklad <a href=\"https:\/\/vapestornado.com\/sk\/product\/mesii-couple-50k-disposable-shisha-hookah-50000-puffs-vape-with-digital-display\/\">Mesii p\u00e1r 50000<\/a>, <a href=\"https:\/\/vapestornado.com\/sk\/product\/vopk-cool-9000-puffs-disposable-vapes-bar-puff-9k\/\">Jednorazov\u00fd vape VOPK 9000 \u0165ahov<\/a>, <a href=\"https:\/\/vapestornado.com\/sk\/product\/bang-beach-22000-20k-puff-disposable-vape-pen-with-screen-reddit-hot\/\">Bang Beach 22000<\/a>a \u010fal\u0161ie.<\/p>\n<\/div>\n<div class=\"relative p-1 rounded-sm flex items-center justify-center bg-token-main-surface-primary text-token-text-primary h-8 w-8\">\n<h2>\u010cast\u00e9 ot\u00e1zky<\/h2>\n<ol data-start=\"3754\" data-end=\"4973\">\n<li data-start=\"3754\" data-end=\"4025\">\n<p data-start=\"3757\" data-end=\"4025\"><strong data-start=\"3757\" data-end=\"3869\">Ako sa men\u00ed v\u00fdstup pary Vapme Goat 40000 Puff 0.4\u03a9 sie\u0165ov\u00e1 cievka v porovnan\u00ed s vy\u0161\u0161\u00edm odporom pri jednorazov\u00fdch zariadeniach?<\/strong><br data-start=\"3869\" data-end=\"3872\" \/>A <strong data-start=\"3874\" data-end=\"3892\">0,4\u03a9 mesh cievka<\/strong> m\u00e1 ni\u017e\u0161\u00ed odpor, tak\u017ee tla\u010d\u00ed <strong data-start=\"3929\" data-end=\"3964\">hustej\u0161ie oblaky a teplej\u0161\u00ed \u0165ah<\/strong>, bli\u017e\u0161ie k pocitu shishy ne\u017e k \u013eahk\u00e9mu \u00fastnemu \u0165ahu na jedno pou\u017eitie.<\/p>\n<\/li>\n<li data-start=\"4027\" data-end=\"4220\">\n<p data-start=\"4030\" data-end=\"4220\"><strong data-start=\"4030\" data-end=\"4111\">Podporuje nastavite\u013en\u00fd prietok vzduchu Vapme Goat 40K spr\u00e1vne oboje \u2013 MTL aj DTL?<\/strong><br data-start=\"4111\" data-end=\"4114\" \/>\u00c1no. Uzavretie pr\u00edvodu vzduchu z\u00fa\u017ei \u0165ah pre MTL; jeho otvorenie umo\u017en\u00ed vo\u013enej\u0161\u00ed \u0165ah pre DTL s viac pary.<\/p>\n<\/li>\n<li data-start=\"4222\" data-end=\"4476\">\n<p data-start=\"4225\" data-end=\"4476\"><strong data-start=\"4225\" data-end=\"4323\">Dok\u00e1\u017ee Vapme Goat 40000 Puff Type-C nab\u00edjate\u013en\u00e9 jednorazov\u00e9 zariadenie vydr\u017ea\u0165 cel\u00fd 30 ml tank?<\/strong><br data-start=\"4323\" data-end=\"4326\" \/>Na to je ur\u010den\u00e1 dob\u00edjate\u013enos\u0165. Ak bat\u00e9ria klesne sk\u00f4r ne\u017e kvapalina, <strong data-start=\"4401\" data-end=\"4423\">r\u00fdchle doplnenie cez Type-C<\/strong> udr\u017e\u00ed zariadenie v prev\u00e1dzke, k\u00fdm sa tank nevypr\u00e1zdni.<\/p>\n<\/li>\n<li data-start=\"4478\" data-end=\"4721\">\n<p data-start=\"4481\" data-end=\"4721\"><strong data-start=\"4481\" data-end=\"4587\">Ak\u00fd v\u00fdkon chuti mo\u017eno o\u010dak\u00e1va\u0165 od Vapme Goat 40 000-d\u00fdchan\u00ed shisha vaporiz\u00e9ra pri dlhodobom pou\u017e\u00edvan\u00ed?<\/strong><br data-start=\"4587\" data-end=\"4590\" \/>Sie\u0165ov\u00e9 vykurovanie pom\u00e1ha udr\u017ea\u0165 chu\u0165 <strong data-start=\"4622\" data-end=\"4645\">tu\u010dn\u00fa a konzistentn\u00fa<\/strong> hlb\u0161ie do tanku, s men\u0161\u00edm \u00fapadkom chuti v neskor\u0161\u00edch f\u00e1zach ako pri \u0161tandardn\u00fdch dr\u00f4tov\u00fdch cievkach.<\/p>\n<\/li>\n<li data-start=\"4723\" data-end=\"4973\">\n<p data-start=\"4726\" data-end=\"4973\"><strong data-start=\"4726\" data-end=\"4835\">Je jednorazov\u00fd vaporiz\u00e9r Vapme Goat 40000 Puff 2% s nikot\u00ednom vhodn\u00fd pre be\u017en\u00fdch pou\u017e\u00edvate\u013eov v Eur\u00f3pskej \u00fanii, ktor\u00ed chc\u00fa \u013eah\u0161\u00ed \u0165ah?<\/strong><br data-start=\"4835\" data-end=\"4838\" \/>2% je nastaven\u00fd na <strong data-start=\"4852\" data-end=\"4883\">mierne a\u017e stredn\u00e9 denn\u00e9 pou\u017e\u00edvanie<\/strong>, pri\u010dom zachov\u00e1va pocit \u0165ahu bez pr\u00edli\u0161nej intenzity; 0% pokr\u00fdva preferenciu bez nikot\u00ednu.<\/p>\n<\/li>\n<\/ol>\n<\/div>\n<\/div>\n<\/div>\n<\/div>","protected":false},"excerpt":{"rendered":"<p class=\"LC20lb MBeuO DKV0Md\">Vapme Goat 40000 Puf shisha \u0161t\u00fdlov\u00fd jednorazov\u00fd vaporiz\u00e9r s 30ml predplnen\u00fdm e-liquidom, 0,4\u03a9 sie\u0165ovou \u0161pir\u00e1lou, nastavite\u013en\u00fdm pr\u00faden\u00edm vzduchu a 850mAh bat\u00e9riou s Type-C nab\u00edjan\u00edm. A\u017e 40 000 pufov, 0% alebo 2% nikot\u00edn, 10 pr\u00edchut\u00ed pre dlh\u00e9, hust\u00e9 a hladk\u00e9 sedenia.<\/p>\n<p><strong>Pridajte si Amy na whatsapp, aby ste dostali spr\u00e1vnu odpove\u010f a z\u013eavnen\u00fa cenu!<\/strong><\/p>\n<p><img fetchpriority=\"high\" decoding=\"async\" class=\"size-full wp-image-2932\" src=\"https:\/\/vapestornado.com\/wp-content\/uploads\/2024\/12\/Vape-Wholesale.jpg\" alt=\"Ve\u013ekoobchod s vape\" width=\"229\" height=\"300\" \/><\/p>\n<h3><a href=\"https:\/\/wa.me\/8617776015835\"><span style=\"color: #ff0000;\"><strong>WhatsApp: +86 17776015835<\/strong><\/span><\/a><\/h3>\n<p>&nbsp;<\/p>","protected":false},"featured_media":4001,"comment_status":"open","ping_status":"closed","template":"","meta":{"_acf_changed":false,"_uag_custom_page_level_css":"","_lmt_disableupdate":"no","_lmt_disable":"","_monsterinsights_skip_tracking":false,"_monsterinsights_sitenote_active":false,"_monsterinsights_sitenote_note":"","_monsterinsights_sitenote_category":0,"site-sidebar-layout":"default","site-content-layout":"","ast-site-content-layout":"default","site-content-style":"default","site-sidebar-style":"default","ast-global-header-display":"","ast-banner-title-visibility":"","ast-main-header-display":"","ast-hfb-above-header-display":"","ast-hfb-below-header-display":"","ast-hfb-mobile-header-display":"","site-post-title":"","ast-breadcrumbs-content":"","ast-featured-img":"","footer-sml-layout":"","ast-disable-related-posts":"","theme-transparent-header-meta":"default","adv-header-id-meta":"","stick-header-meta":"","header-above-stick-meta":"","header-main-stick-meta":"","header-below-stick-meta":"","astra-migrate-meta-layouts":"set","ast-page-background-enabled":"default","ast-page-background-meta":{"desktop":{"background-color":"","background-image":"","background-repeat":"repeat","background-position":"center center","background-size":"auto","background-attachment":"scroll","background-type":"","background-media":"","overlay-type":"","overlay-color":"","overlay-opacity":"","overlay-gradient":""},"tablet":{"background-color":"","background-image":"","background-repeat":"repeat","background-position":"center center","background-size":"auto","background-attachment":"scroll","background-type":"","background-media":"","overlay-type":"","overlay-color":"","overlay-opacity":"","overlay-gradient":""},"mobile":{"background-color":"","background-image":"","background-repeat":"repeat","background-position":"center center","background-size":"auto","background-attachment":"scroll","background-type":"","background-media":"","overlay-type":"","overlay-color":"","overlay-opacity":"","overlay-gradient":""}},"ast-content-background-meta":{"desktop":{"background-color":"var(--ast-global-color-5)","background-image":"","background-repeat":"repeat","background-position":"center center","background-size":"auto","background-attachment":"scroll","background-type":"","background-media":"","overlay-type":"","overlay-color":"","overlay-opacity":"","overlay-gradient":""},"tablet":{"background-color":"var(--ast-global-color-5)","background-image":"","background-repeat":"repeat","background-position":"center center","background-size":"auto","background-attachment":"scroll","background-type":"","background-media":"","overlay-type":"","overlay-color":"","overlay-opacity":"","overlay-gradient":""},"mobile":{"background-color":"var(--ast-global-color-5)","background-image":"","background-repeat":"repeat","background-position":"center center","background-size":"auto","background-attachment":"scroll","background-type":"","background-media":"","overlay-type":"","overlay-color":"","overlay-opacity":"","overlay-gradient":""}},"_joinchat":{"telephone":"17776015835"}},"product_brand":[],"product_cat":[65,158,146,147,61],"product_tag":[165,291,294,94,298],"class_list":{"0":"post-4007","1":"product","2":"type-product","3":"status-publish","4":"has-post-thumbnail","6":"product_cat-40000-puff","7":"product_cat-buy-disposable-vapes-in-spain","8":"product_cat-rechargeable-disposable-vapes","9":"product_cat-shisha-hookah-disposable-vapes","10":"product_cat-vapme-shisha","11":"product_tag-cheap-vapes","12":"product_tag-disposable-shisha-hookah","13":"product_tag-puff-40k","14":"product_tag-rechargeable-disposable-vape","15":"product_tag-vapme-goat-40000","16":"desktop-align-left","17":"tablet-align-left","18":"mobile-align-left","20":"first","21":"instock","22":"sale","23":"shipping-taxable","24":"purchasable","25":"product-type-simple"},"acf":[],"uagb_featured_image_src":{"full":["https:\/\/vapestornado.com\/wp-content\/uploads\/2025\/03\/Hot-Vapme-40000-Puffs-Disposables-Price-Wholesale.webp",800,800,false],"thumbnail":["https:\/\/vapestornado.com\/wp-content\/uploads\/2025\/03\/Hot-Vapme-40000-Puffs-Disposables-Price-Wholesale-150x150.webp",150,150,true],"medium":["https:\/\/vapestornado.com\/wp-content\/uploads\/2025\/03\/Hot-Vapme-40000-Puffs-Disposables-Price-Wholesale-300x300.webp",300,300,true],"medium_large":["https:\/\/vapestornado.com\/wp-content\/uploads\/2025\/03\/Hot-Vapme-40000-Puffs-Disposables-Price-Wholesale-768x768.webp",768,768,true],"large":["https:\/\/vapestornado.com\/wp-content\/uploads\/2025\/03\/Hot-Vapme-40000-Puffs-Disposables-Price-Wholesale.webp",800,800,false],"1536x1536":["https:\/\/vapestornado.com\/wp-content\/uploads\/2025\/03\/Hot-Vapme-40000-Puffs-Disposables-Price-Wholesale.webp",800,800,false],"2048x2048":["https:\/\/vapestornado.com\/wp-content\/uploads\/2025\/03\/Hot-Vapme-40000-Puffs-Disposables-Price-Wholesale.webp",800,800,false],"trp-custom-language-flag":["https:\/\/vapestornado.com\/wp-content\/uploads\/2025\/03\/Hot-Vapme-40000-Puffs-Disposables-Price-Wholesale.webp",12,12,false],"woocommerce_thumbnail":["https:\/\/vapestornado.com\/wp-content\/uploads\/2025\/03\/Hot-Vapme-40000-Puffs-Disposables-Price-Wholesale-300x300.webp",300,300,true],"woocommerce_single":["https:\/\/vapestornado.com\/wp-content\/uploads\/2025\/03\/Hot-Vapme-40000-Puffs-Disposables-Price-Wholesale-600x600.webp",600,600,true],"woocommerce_gallery_thumbnail":["https:\/\/vapestornado.com\/wp-content\/uploads\/2025\/03\/Hot-Vapme-40000-Puffs-Disposables-Price-Wholesale-100x100.webp",100,100,true]},"uagb_author_info":{"display_name":"ESAMY","author_link":"https:\/\/vapestornado.com\/sk\/author\/"},"uagb_comment_info":0,"uagb_excerpt":"Vapme Goat 40000 Puff shisha-style disposable vape with 30ml pre-filled e-liquid, 0.4\u03a9 mesh coil, adjustable airflow, and 850mAh Type-C rechargeable battery. Up to 40,000 puffs, 0% or 2% nicotine, 10 flavours for long, dense, smooth sessions. Add Amy's whatsapp to get right reply and discount price! WhatsApp: +86 17776015835 &nbsp;","_links":{"self":[{"href":"https:\/\/vapestornado.com\/sk\/wp-json\/wp\/v2\/product\/4007","targetHints":{"allow":["GET"]}}],"collection":[{"href":"https:\/\/vapestornado.com\/sk\/wp-json\/wp\/v2\/product"}],"about":[{"href":"https:\/\/vapestornado.com\/sk\/wp-json\/wp\/v2\/types\/product"}],"replies":[{"embeddable":true,"href":"https:\/\/vapestornado.com\/sk\/wp-json\/wp\/v2\/comments?post=4007"}],"wp:featuredmedia":[{"embeddable":true,"href":"https:\/\/vapestornado.com\/sk\/wp-json\/wp\/v2\/media\/4001"}],"wp:attachment":[{"href":"https:\/\/vapestornado.com\/sk\/wp-json\/wp\/v2\/media?parent=4007"}],"wp:term":[{"taxonomy":"product_brand","embeddable":true,"href":"https:\/\/vapestornado.com\/sk\/wp-json\/wp\/v2\/product_brand?post=4007"},{"taxonomy":"product_cat","embeddable":true,"href":"https:\/\/vapestornado.com\/sk\/wp-json\/wp\/v2\/product_cat?post=4007"},{"taxonomy":"product_tag","embeddable":true,"href":"https:\/\/vapestornado.com\/sk\/wp-json\/wp\/v2\/product_tag?post=4007"}],"curies":[{"name":"wp","href":"https:\/\/api.w.org\/{rel}","templated":true}]}}