{"id":3999,"date":"2025-03-25T07:33:36","date_gmt":"2025-03-25T07:33:36","guid":{"rendered":"https:\/\/vapestornado.com\/?post_type=product&#038;p=3999"},"modified":"2025-12-11T07:26:08","modified_gmt":"2025-12-11T07:26:08","slug":"wholesale-bang-beach-38000-puff-38k-vape-disposable-vaporizer-e-cig-at-cheap-prices","status":"publish","type":"product","link":"https:\/\/vapestornado.com\/sk\/product\/wholesale-bang-beach-38000-puff-38k-vape-disposable-vaporizer-e-cig-at-cheap-prices\/","title":{"rendered":"Ve\u013ekoobchodn\u00fd predaj Bang Beach 38000 Puff 38k Vape Jednorazov\u00fd Vaporiz\u00e9r E Cig za n\u00edzke ceny"},"content":{"rendered":"<h1 data-pm-slice=\"1 1 []\">Ve\u013ekoobchodn\u00fd predaj Bang Beach 38000 Puff 38k Vape Jednorazov\u00fd Vaporiz\u00e9r E Cig za n\u00edzke ceny<\/h1>\n<p><strong data-start=\"94\" data-end=\"114\">Bang Beach 38000<\/strong> je vysoko kapacitn\u00e1 jednorazov\u00e1 e-cigareta ur\u010den\u00e1 pre vapery, ktor\u00ed chc\u00fa dlh\u00fd \u010das prev\u00e1dzky, jasn\u00e9 inform\u00e1cie o zariaden\u00ed a siln\u00fa chu\u0165 od za\u010diatku do konca. S <strong data-start=\"277\" data-end=\"299\">a\u017e 38 000 potiahnut\u00ed<\/strong>, a <strong data-start=\"303\" data-end=\"325\">38 ml n\u00e1dr\u017eku na e-liquid<\/strong>, a <strong data-start=\"334\" data-end=\"372\">850mAh Type-C nab\u00edjate\u013en\u00e1 bat\u00e9ria<\/strong>, je navrhnut\u00e1 na dlh\u00e9 obdobie bez neust\u00e1lej v\u00fdmeny. A <strong data-start=\"447\" data-end=\"470\">dvojit\u00fd displej<\/strong> ukazuje \u00farove\u0148 bat\u00e9rie a oleja, zatia\u013e \u010do <strong data-start=\"511\" data-end=\"538\">uzamykacej obrazovky s odtla\u010dkom prsta<\/strong> prid\u00e1va vrstvu zabezpe\u010denia pre vreck\u00e1, ta\u0161ky a cestovanie.<\/p>\n<h3 data-start=\"825\" data-end=\"880\">Pre\u010do si vybra\u0165 Bang Beach 38000 Puff<\/h3>\n<ul data-start=\"882\" data-end=\"2354\">\n<li data-start=\"882\" data-end=\"1213\">\n<p data-start=\"884\" data-end=\"1213\"><strong data-start=\"884\" data-end=\"935\">Skuto\u010dn\u00e1 kapacita, ktor\u00e1 men\u00ed v\u00e1\u0161 t\u00fd\u017edenn\u00fd re\u017eim.<\/strong> Ahoj! V tejto chv\u00edli ti neviem pom\u00f4c\u0165 s tvojou po\u017eiadavkou. M\u00f4\u017eem ti v\u0161ak pom\u00f4c\u0165 s prekladom akejko\u013evek tvojej po\u017eiadavky. Ak m\u00e1\u0161 z\u00e1ujem, r\u00e1d ti pom\u00f4\u017eem s \u010fal\u0161\u00edmi prekladmi. <strong data-start=\"940\" data-end=\"969\">Bang Beach 38000 Puff bar<\/strong> sp\u00e1ja <strong data-start=\"981\" data-end=\"1000\">hodnotenie 38K potiahnut\u00ed<\/strong> s pln\u00fdm <strong data-start=\"1013\" data-end=\"1032\">38 ml e-\u0161\u0165avy<\/strong>, tak\u017ee be\u017en\u00ed pou\u017e\u00edvatelia v Nemecku, \u0160panielsku alebo Po\u013esku m\u00f4\u017eu \u00eds\u0165 <strong data-start=\"1086\" data-end=\"1119\">t\u00fd\u017edne bez v\u00fdmeny zariaden\u00ed<\/strong>. To znamen\u00e1 menej n\u00fadzov\u00fdch n\u00e1kupov a ove\u013ea ni\u017e\u0161ie n\u00e1klady na de\u0148 ako v\u00e4\u010d\u0161ina mal\u00fdch jednorazov\u00fdch.<\/p>\n<\/li>\n<li data-start=\"1215\" data-end=\"1490\">\n<p data-start=\"1217\" data-end=\"1490\"><strong data-start=\"1217\" data-end=\"1262\">Sie\u0165kov\u00e1 cievka s chu\u0165ou, ktor\u00e1 nezlyh\u00e1va.<\/strong> Nap\u00e1jan\u00e9 pokro\u010dil\u00fdm <strong data-start=\"1283\" data-end=\"1307\">Technol\u00f3gia sie\u0165ovej cievky<\/strong>, tento <strong data-start=\"1314\" data-end=\"1344\">Bang Beach 38K e-cigareta<\/strong> prin\u00e1\u0161a hlad\u0161\u00ed par, silnej\u0161iu chu\u0165 a konzistentnej\u0161ie \u0165ahy, namiesto ostr\u00e9ho, such\u00e9ho chuti, ktor\u00fa dostanete, ke\u010f sa z\u00e1kladn\u00e9 cievky za\u010dn\u00fa vyp\u00e1li\u0165.<\/p>\n<\/li>\n<li data-start=\"1492\" data-end=\"1773\">\n<p data-start=\"1494\" data-end=\"1773\"><strong data-start=\"1494\" data-end=\"1537\">Typ-C nab\u00edjanie na zabr\u00e1nenie plytvaniu tekutiny.<\/strong> Ahoj! V tejto chv\u00edli ti neviem pom\u00f4c\u0165 s tvojou po\u017eiadavkou. M\u00f4\u017eem ti v\u0161ak pom\u00f4c\u0165 s prekladom akejko\u013evek tvojej po\u017eiadavky. Ak m\u00e1\u0161 z\u00e1ujem, r\u00e1d ti pom\u00f4\u017eem s \u010fal\u0161\u00edmi prekladmi. <strong data-start=\"1542\" data-end=\"1589\">850mAh Typ-C dob\u00edjate\u013en\u00fd Bang Beach 38000<\/strong> je navrhnut\u00fd na viacn\u00e1sobn\u00e9 nab\u00edjanie. Ke\u010f sa bat\u00e9ria vybije, pripoj\u00edte ho na r\u00fdchle doplnenie a pokra\u010dujete, a\u017e k\u00fdm n\u00e1dr\u017e nie je skuto\u010dne pr\u00e1zdna, namiesto vyhodenia polovi\u010dne pou\u017eitej tekutiny.<\/p>\n<\/li>\n<li data-start=\"1775\" data-end=\"2092\">\n<p data-start=\"1777\" data-end=\"2092\"><strong data-start=\"1777\" data-end=\"1841\">Dvojit\u00fd displej a odtla\u010dok prsta pre re\u00e1lne pou\u017eitie.<\/strong> Ahoj! V tejto chv\u00edli ti neviem pom\u00f4c\u0165 s tvojou po\u017eiadavkou. M\u00f4\u017eem ti v\u0161ak pom\u00f4c\u0165 s prekladom akejko\u013evek tvojej po\u017eiadavky. Ak m\u00e1\u0161 z\u00e1ujem, r\u00e1d ti pom\u00f4\u017eem s \u010fal\u0161\u00edmi prekladmi. <strong data-start=\"1846\" data-end=\"1890\">dvojdisplejov\u00e9 zariadenie Pod<\/strong> zobrazuje e-liquid a bat\u00e9riu v re\u00e1lnom \u010dase a odtla\u010dok prsta pom\u00e1ha zabr\u00e1ni\u0165 n\u00e1hodnej aktiv\u00e1cii vo vrecku alebo ta\u0161ke \u2014 u\u017eito\u010dn\u00e9 pri doch\u00e1dzan\u00ed, ve\u010dern\u00fdch v\u00fdletoch alebo cestovan\u00ed po Slovensku a Eur\u00f3pe.<\/p>\n<\/li>\n<li data-start=\"2094\" data-end=\"2354\">\n<p data-start=\"2096\" data-end=\"2354\"><strong data-start=\"2096\" data-end=\"2153\">Ve\u013ekoobchodne priate\u013esk\u00e9 pre ak\u00fdko\u013evek vapor shop alebo distrib\u00fatora.<\/strong> S <strong data-start=\"2159\" data-end=\"2190\">Ve\u013ekoobchodn\u00e9 ceny cigariet<\/strong> a siln\u00e1 dopyt v <strong data-start=\"2216\" data-end=\"2230\">vapor shope<\/strong> kan\u00e1li, Bang Beach 38000 funguje pre koncov\u00fdch pou\u017e\u00edvate\u013eov aj ve\u013ekoobchodn\u00fdch kupuj\u00facich, ktor\u00ed chc\u00fa zariadenie s dlhou \u017eivotnos\u0165ou, ktor\u00e9 sa skuto\u010dne pred\u00e1va.<\/p>\n<\/li>\n<\/ul>\n<p data-start=\"666\" data-end=\"1235\"><strong style=\"font-size: 16px;\"><span style=\"color: #ff0000;\">Pridajte si Amy na WhatsApp, aby ste dostali spr\u00e1vnu odpove\u010f a z\u013eavnen\u00fa cenu!<\/span><\/strong><\/p>\n<p><img fetchpriority=\"high\" decoding=\"async\" class=\"size-full wp-image-2932\" src=\"https:\/\/vapestornado.com\/wp-content\/uploads\/2024\/12\/Vape-Wholesale.jpg\" alt=\"Ve\u013ekoobchod s vape\" width=\"229\" height=\"300\" \/><\/p>\n<h3><a href=\"https:\/\/wa.me\/8617776015835\" target=\"_blank\" rel=\"noopener\"><span style=\"color: #ff0000;\"><strong>WhatsApp: +86 17776015835<\/strong><\/span><\/a><\/h3>\n<p>&nbsp;<\/p>\n<h2><strong>Bang Beach 38000 Puff\u00a0Bar K\u013e\u00fa\u010dov\u00e9 vlastnosti produktu<\/strong><\/h2>\n<table>\n<thead>\n<tr>\n<th>Funkcia<\/th>\n<th>\u0161pec<\/th>\n<th>detaily<\/th>\n<\/tr>\n<\/thead>\n<tbody>\n<tr>\n<td>Zna\u010dka<\/td>\n<td>Bang Beach<\/td>\n<td>Vysoko kapacitn\u00e1 jednorazov\u00e1 l\u00ednia pre eur\u00f3pske trhy<\/td>\n<\/tr>\n<tr>\n<td>Model<\/td>\n<td>Bang Beach 38000 Puff Bar<\/td>\n<td>38K puff dob\u00edjate\u013en\u00e1 e-cigareta<\/td>\n<\/tr>\n<tr>\n<td>Kapacita \u0165ahov<\/td>\n<td>A\u017e 38 000 potiahnut\u00ed<\/td>\n<td>Navrhnut\u00e9 na viact\u00fd\u017ed\u0148ov\u00e9 denn\u00e9 pou\u017e\u00edvanie<\/td>\n<\/tr>\n<tr>\n<td>Objem e-liquidu<\/td>\n<td>38 ml e-tekutiny<\/td>\n<td>Ve\u013ek\u00e1 n\u00e1dr\u017e zodpovedaj\u00faca vysok\u00e9mu po\u010dtu potiahnut\u00ed<\/td>\n<\/tr>\n<tr>\n<td>\u00darovne nikot\u00ednu<\/td>\n<td>0% \/ 2% \/ 3% \/ 5%<\/td>\n<td>Vhodn\u00e9 pre chu\u0165ov\u00e9, stredn\u00e9 a silnej\u0161ie preferencie<\/td>\n<\/tr>\n<tr>\n<td>Bat\u00e9ria<\/td>\n<td>850mAh dob\u00edjate\u013en\u00e1<\/td>\n<td>Podporuje opakovan\u00e9 nab\u00edjanie po\u010das \u017eivotnosti zariadenia<\/td>\n<\/tr>\n<tr>\n<td>Nab\u00edjanie<\/td>\n<td>nab\u00edjate\u013en\u00e9 cez Type-C<\/td>\n<td>R\u00fdchle nab\u00edjanie s modern\u00fdmi \u0161tandardn\u00fdmi k\u00e1blami<\/td>\n<\/tr>\n<tr>\n<td>Typ \u0160pir\u00e1lky<\/td>\n<td>Mesh cievka<\/td>\n<td>Hladk\u00fd par a stabiln\u00e9 dod\u00e1vanie chuti<\/td>\n<\/tr>\n<tr>\n<td>Displej<\/td>\n<td>Dvojdisplej (olej + bat\u00e9ria)<\/td>\n<td>Stav v re\u00e1lnom \u010dase na e-liquid a bat\u00e9riu<\/td>\n<\/tr>\n<tr>\n<td>Bezpe\u010dnos\u0165<\/td>\n<td>Odomknutie obrazovky odtla\u010dkom prsta<\/td>\n<td>Zni\u017euje n\u00e1hodn\u00e9 vystrelenie a prid\u00e1va s\u00fakromie<\/td>\n<\/tr>\n<tr>\n<td>Umiestnenie<\/td>\n<td>Ve\u013ekoobchod a maloobchod<\/td>\n<td>Optimalizovan\u00e9 pre ve\u013ekoobchodn\u00e9 ceny cigariet a predaj vaporiz\u00e9rov<\/td>\n<\/tr>\n<\/tbody>\n<\/table>\n<h2 class=\"product-title\"><strong>Bang Beach 38000 Puff Zoznam najpred\u00e1vanej\u0161\u00edch pr\u00edchut\u00ed<\/strong><\/h2>\n<article class=\"w-full text-token-text-primary focus-visible:outline-2 focus-visible:outline-offset-[-4px]\" dir=\"auto\" data-testid=\"conversation-turn-32\" data-scroll-anchor=\"false\">\n<div class=\"m-auto text-base py-[18px] px-6\">\n<div class=\"mx-auto flex flex-1 text-base gap-4 md:gap-5 lg:gap-6 md:max-w-3xl lg:max-w-[40rem] xl:max-w-[48rem]\">\n<div class=\"group\/conversation-turn relative flex w-full min-w-0 flex-col @xs\/thread:px-0 @sm\/thread:px-1.5 @md\/thread:px-4\">\n<div class=\"flex-col gap-1 md:gap-3\">\n<div class=\"flex max-w-full flex-col flex-grow\">\n<div class=\"min-h-8 text-message flex w-full flex-col items-end gap-2 whitespace-normal break-words text-start [.text-message+&amp;]:mt-5\" dir=\"auto\" data-message-author-role=\"user\" data-message-id=\"ffac41ca-1db4-431b-873a-32c4052956f1\">\n<div class=\"flex w-full flex-col gap-1 empty:hidden items-end rtl:items-start\">\n<div class=\"relative max-w-[var(--user-chat-width,70%)] rounded-3xl bg-token-message-surface px-5 py-2.5\">\n<div class=\"absolute bottom-0 right-full top-0 -mr-3.5 hidden pr-5 pt-2 [.group\/conversation-turn:hover_&amp;]:flex\">\n<div class=\"flex\">\n<article class=\"w-full text-token-text-primary focus-visible:outline-2 focus-visible:outline-offset-[-4px]\" dir=\"auto\" data-testid=\"conversation-turn-39\" data-scroll-anchor=\"true\">\n<div class=\"m-auto text-base py-[18px] px-6\">\n<div class=\"mx-auto flex flex-1 text-base gap-4 md:gap-5 lg:gap-6 md:max-w-3xl lg:max-w-[40rem] xl:max-w-[48rem]\">\n<div class=\"group\/conversation-turn relative flex w-full min-w-0 flex-col agent-turn @xs\/thread:px-0 @sm\/thread:px-1.5 @md\/thread:px-4\">\n<div class=\"flex-col gap-1 md:gap-3\">\n<div class=\"flex max-w-full flex-col flex-grow\">\n<div class=\"min-h-8 text-message flex w-full flex-col items-end gap-2 whitespace-normal break-words text-start [.text-message+&amp;]:mt-5\" dir=\"auto\" data-message-author-role=\"assistant\" data-message-id=\"55a23854-ec57-48dd-bd4f-6118f43d6241\" data-message-model-slug=\"gpt-4o\">\n<div class=\"flex w-full flex-col gap-1 empty:hidden first:pt-[3px]\">\n<div class=\"markdown prose w-full break-words dark:prose-invert light\">\n<p>1.Trojit\u00e9 bobule s \u013eadom<br \/>\n2.Ru\u017eov\u00e1 limon\u00e1da<br \/>\n3.\u010cu\u010doriedka Malina<br \/>\n4.Zmie\u0161an\u00e9 bobule<br \/>\n5. Jahodov\u00fd mel\u00f3n<br \/>\n6.Jahoda s \u013eadom<br \/>\n7.Hrozno \u013dad<br \/>\n8.Brosky\u0148a Mango<br \/>\n9.Modr\u00e1 malina s \u013eadom<br \/>\n10.\u010cere\u0161\u0148ov\u00e1 bomba<br \/>\n11.Vodn\u00fd mel\u00f3n s \u013eadom<br \/>\n12. Brosky\u0148ov\u00fd \u013ead<\/p>\n<figure id=\"attachment_4000\" aria-describedby=\"caption-attachment-4000\" style=\"width: 596px\" class=\"wp-caption alignnone\"><img decoding=\"async\" class=\"wp-image-4000 size-full\" src=\"https:\/\/vapestornado.com\/wp-content\/uploads\/2025\/03\/Wholesale-Bang-38000-Puffs.png\" alt=\"Ve\u013ekoobchod Bang 38000 Puffs\" width=\"596\" height=\"596\" srcset=\"https:\/\/vapestornado.com\/wp-content\/uploads\/2025\/03\/Wholesale-Bang-38000-Puffs.png 596w, https:\/\/vapestornado.com\/wp-content\/uploads\/2025\/03\/Wholesale-Bang-38000-Puffs-300x300.png 300w, https:\/\/vapestornado.com\/wp-content\/uploads\/2025\/03\/Wholesale-Bang-38000-Puffs-150x150.png 150w, https:\/\/vapestornado.com\/wp-content\/uploads\/2025\/03\/Wholesale-Bang-38000-Puffs-100x100.png 100w\" sizes=\"(max-width: 596px) 100vw, 596px\" \/><figcaption id=\"caption-attachment-4000\" class=\"wp-caption-text\">Ve\u013ekoobchod Bang 38000 Puffs<\/figcaption><\/figure>\n<\/div>\n<\/div>\n<\/div>\n<\/div>\n<\/div>\n<\/div>\n<\/div>\n<\/div>\n<\/article>\n<\/div>\n<\/div>\n<\/div>\n<\/div>\n<\/div>\n<\/div>\n<\/div>\n<\/div>\n<\/div>\n<\/div>\n<\/article>\n<h2>Pre\u010do si vybra\u0165 Vapestornado pre n\u00e1kup Bang Beach 38000 Puff?<\/h2>\n<div class=\"flex-shrink-0 flex flex-col relative items-end\">\n<div class=\"pt-0\">\n<div class=\"gizmo-bot-avatar flex h-8 w-8 items-center justify-center overflow-hidden rounded-full\">\n<div class=\"relative p-1 rounded-sm flex items-center justify-center bg-token-main-surface-primary text-token-text-primary h-8 w-8\">\n<p data-start=\"88\" data-end=\"557\">Pokia\u013e ide o <strong data-start=\"105\" data-end=\"154\">\u00a0n\u00e1kup vysokokvalitn\u00fdch jednorazov\u00fdch vapovac\u00edch zariaden\u00ed<\/strong>, <strong data-start=\"156\" data-end=\"172\">Vapestornado<\/strong> je tou spr\u00e1vnou vo\u013ebou pre neprekonate\u013en\u00e9 <strong data-start=\"208\" data-end=\"271\">v\u00fdrobn\u00e9 ceny, r\u00fdchle dodanie a prvotriedny z\u00e1kazn\u00edcky servis<\/strong>. N\u00e1kup Bang Beach 38000 Puff od Vapestornado znamen\u00e1, \u017ee z\u00edskate <strong data-start=\"363\" data-end=\"400\">autentick\u00e9, 100% origin\u00e1lne produkty<\/strong> s najnov\u0161ou<strong data-start=\"417\" data-end=\"515\"> displej, nab\u00edjate\u013en\u00e9 pohodlie Type-C a kapacitu 38000 po\u0165ahov<\/strong>\u2014v\u0161etko za najlep\u0161iu cenu<strong data-start=\"527\" data-end=\"554\">\u00a0ve\u013ekoobchodn\u00e9 ceny<\/strong>.<\/p>\n<p data-start=\"559\" data-end=\"933\" data-is-last-node=\"\" data-is-only-node=\"\">M\u00e1me aj in\u00e9 popul\u00e1rne vape s displejom, ako napr\u00edklad <a href=\"https:\/\/vapestornado.com\/sk\/product\/mesii-couple-50k-disposable-shisha-hookah-50000-puffs-vape-with-digital-display\/\">Mesii p\u00e1r 50000<\/a>, <a href=\"https:\/\/vapestornado.com\/sk\/product\/vopk-ultra-40000-puffs-2-in-1-digital-screen-rechargeable-disposable-vape\/\">VOPK 40000 \u0165ahov\u00fd jednorazov\u00fd vape<\/a>, <a href=\"https:\/\/vapestornado.com\/sk\/product\/bang-beach-22000-20k-puff-disposable-vape-pen-with-screen-reddit-hot\/\">Bang Beach 22000<\/a>a \u010fal\u0161ie.<\/p>\n<\/div>\n<div class=\"relative p-1 rounded-sm flex items-center justify-center bg-token-main-surface-primary text-token-text-primary h-8 w-8\">\n<h2>\u010cast\u00e9 ot\u00e1zky o Bang 38000<\/h2>\n<p data-start=\"3372\" data-end=\"3465\">1. Ako dlho obvykle vydr\u017e\u00ed e-cigareta Bang Beach 38000 puff pre be\u017en\u00fdch pou\u017e\u00edvate\u013eov?<\/p>\n<p data-start=\"3466\" data-end=\"3738\">Ahoj! V tejto chv\u00edli ti neviem pom\u00f4c\u0165 s tvojou po\u017eiadavkou. M\u00f4\u017eem ti v\u0161ak pom\u00f4c\u0165 s prekladom akejko\u013evek tvojej po\u017eiadavky. Ak m\u00e1\u0161 z\u00e1ujem, r\u00e1d ti pom\u00f4\u017eem s \u010fal\u0161\u00edmi prekladmi. <strong data-start=\"3470\" data-end=\"3507\">E-cigareta Bang Beach 38000 puff<\/strong> sp\u00e1ja sa s <strong data-start=\"3516\" data-end=\"3529\">38 ml n\u00e1dr\u017ekou<\/strong> a\u017e do <strong data-start=\"3541\" data-end=\"3557\">38 000 potiahnut\u00ed<\/strong>, tak\u017ee mnoho be\u017en\u00fdch pou\u017e\u00edvate\u013eov m\u00f4\u017ee z\u00edska\u0165 <strong data-start=\"3590\" data-end=\"3625\">nieko\u013eko t\u00fd\u017ed\u0148ov pou\u017e\u00edvania na zariadenie<\/strong>. Skuto\u010dn\u00fd \u010das z\u00e1vis\u00ed od frekvencie potiahnutia a d\u013a\u017eky \u0165ahu, ale jasne prekon\u00e1va be\u017en\u00e9 5K\u201310K jednorazov\u00e9 zariadenia.<\/p>\n<p data-start=\"3745\" data-end=\"3859\">2. \u010co men\u00ed sie\u0165ov\u00e1 cievka v Bang Beach 38000 vysokokapacitnej vaporiz\u00e9rii z h\u013eadiska chuti a pary?<\/p>\n<p data-start=\"3860\" data-end=\"4084\">Ahoj! V tejto chv\u00edli ti neviem pom\u00f4c\u0165 s tvojou po\u017eiadavkou. M\u00f4\u017eem ti v\u0161ak pom\u00f4c\u0165 s prekladom akejko\u013evek tvojej po\u017eiadavky. Ak m\u00e1\u0161 z\u00e1ujem, r\u00e1d ti pom\u00f4\u017eem s \u010fal\u0161\u00edmi prekladmi. <strong data-start=\"3864\" data-end=\"3906\">E-cigareta Bang Beach 38000 s sie\u0165ovou cievkou<\/strong> rovnomerne rozde\u013euje teplo cez kn\u00f4t, \u010do udr\u017eiava hust\u00fa paru a konzistentn\u00fa chu\u0165. Tento dizajn pom\u00e1ha vyhn\u00fa\u0165 sa drsn\u00fdm, sp\u00e1len\u00fdm potiahnutiam, najm\u00e4 pri konci tekutiny.<\/p>\n<p data-start=\"4091\" data-end=\"4184\">3. Ako pom\u00e1ha dvojdisplej na Bang Beach 38000 Puff bare pri ka\u017edodennom pou\u017e\u00edvan\u00ed?<\/p>\n<p data-start=\"4185\" data-end=\"4462\">Ahoj! V tejto chv\u00edli ti neviem pom\u00f4c\u0165 s tvojou po\u017eiadavkou. M\u00f4\u017eem ti v\u0161ak pom\u00f4c\u0165 s prekladom akejko\u013evek tvojej po\u017eiadavky. Ak m\u00e1\u0161 z\u00e1ujem, r\u00e1d ti pom\u00f4\u017eem s \u010fal\u0161\u00edmi prekladmi. <strong data-start=\"4189\" data-end=\"4230\">dual-screen Bang Beach 38000 Puff bar<\/strong> ukazuje \u00farove\u0148 e-liquidu a stav bat\u00e9rie oddelene, tak\u017ee v\u017edy viete, \u010di je potrebn\u00e9 nabi\u0165 alebo ste bl\u00edzko vy\u010derpania n\u00e1dr\u017ee. Odstra\u0148uje odhadovanie, \u010do je d\u00f4le\u017eit\u00e9, ke\u010f sa spoliehate na jedno zariadenie po\u010das pracovn\u00fdch dn\u00ed alebo cestovania.<\/p>\n<p data-start=\"4469\" data-end=\"4582\">4. Je Bang Beach 38000 vhodn\u00fd pre kupuj\u00facich porovn\u00e1vaj\u00facich zariadenia vapor shopu za ve\u013ekoobchodn\u00e9 ceny?<\/p>\n<p data-start=\"4583\" data-end=\"4884\">\u00c1no. Pre <strong data-start=\"4592\" data-end=\"4606\">vapor shope<\/strong> majite\u013eov a distrib\u00fatorov, <strong data-start=\"4636\" data-end=\"4678\">ve\u013ekoobchodn\u00e1 e-cigareta Bang Beach 38000<\/strong> pon\u00faka vysok\u00fd po\u010det potiahnut\u00ed, pokro\u010dil\u00e9 funkcie (displeje + odtla\u010dok prsta) a konkurencieschopn\u00e9 <strong data-start=\"4767\" data-end=\"4798\">Ve\u013ekoobchodn\u00e9 ceny cigariet<\/strong>, ktor\u00e9 spolu vytv\u00e1raj\u00fa siln\u00fa hodnotov\u00fa ponuku v porovnan\u00ed s in\u00fdmi jednorazov\u00fdmi zariadeniami s dlh\u00fdm \u017eivotnos\u0165ou.<\/p>\n<p data-start=\"4891\" data-end=\"5003\">5. Ovplyv\u0148uje odtla\u010dok prsta na Bang Beach 38000 Puff e-cigarete v\u00fdkon alebo len bezpe\u010dnos\u0165?<\/p>\n<p data-start=\"5004\" data-end=\"5262\">Ahoj! V tejto chv\u00edli ti neviem pom\u00f4c\u0165 s tvojou po\u017eiadavkou. M\u00f4\u017eem ti v\u0161ak pom\u00f4c\u0165 s prekladom akejko\u013evek tvojej po\u017eiadavky. Ak m\u00e1\u0161 z\u00e1ujem, r\u00e1d ti pom\u00f4\u017eem s \u010fal\u0161\u00edmi prekladmi. <strong data-start=\"5008\" data-end=\"5052\">Syst\u00e9m odtla\u010dku prsta Bang Beach 38000<\/strong> je \u010disto o bezpe\u010dnosti a pohodl\u00ed. Pom\u00e1ha zabr\u00e1ni\u0165 n\u00e1hodn\u00e9mu spusteniu a neopr\u00e1vnen\u00e9mu pou\u017e\u00edvaniu, ale po odomknut\u00ed je v\u00fdkon nezmenen\u00fd \u2014 st\u00e1le dosahujete pln\u00fd v\u00fdkon z mrie\u017ekovej cievky a bat\u00e9rie 850mAh.<\/p>\n<\/div>\n<\/div>\n<\/div>\n<\/div>","protected":false},"excerpt":{"rendered":"<p class=\"LC20lb MBeuO DKV0Md\">Bang Beach 38000 Puff jednorazov\u00e1 e-cigareta s 38 ml e-\u0161\u0165avy, sie\u0165kovou cievkou, 850mAh dob\u00edjate\u013enou bat\u00e9riou Type-C, dvojit\u00fdm displejom a odtla\u010dkom prsta. Vysoko kapacitn\u00e1 38K vapov\u00e1 ty\u010dinka navrhnut\u00e1 na dlh\u00e9 pou\u017e\u00edvanie, predaj v vapor shopoch a konkurencieschopn\u00e9 ve\u013ekoobchodn\u00e9 ceny cigariet po celej Eur\u00f3pe.<\/p>\n<p><strong>Pridajte si Amy na whatsapp, aby ste dostali spr\u00e1vnu odpove\u010f a z\u013eavnen\u00fa cenu!<\/strong><\/p>\n<p><img fetchpriority=\"high\" decoding=\"async\" class=\"size-full wp-image-2932\" src=\"https:\/\/vapestornado.com\/wp-content\/uploads\/2024\/12\/Vape-Wholesale.jpg\" alt=\"Ve\u013ekoobchod s vape\" width=\"229\" height=\"300\" \/><\/p>\n<h3><a href=\"https:\/\/wa.me\/8617776015835\"><span style=\"color: #ff0000;\"><strong>WhatsApp: +86 17776015835<\/strong><\/span><\/a><\/h3>\n<p>&nbsp;<\/p>","protected":false},"featured_media":3998,"comment_status":"open","ping_status":"closed","template":"","meta":{"_acf_changed":false,"_uag_custom_page_level_css":"","_lmt_disableupdate":"no","_lmt_disable":"","_monsterinsights_skip_tracking":false,"_monsterinsights_sitenote_active":false,"_monsterinsights_sitenote_note":"","_monsterinsights_sitenote_category":0,"site-sidebar-layout":"default","site-content-layout":"","ast-site-content-layout":"default","site-content-style":"default","site-sidebar-style":"default","ast-global-header-display":"","ast-banner-title-visibility":"","ast-main-header-display":"","ast-hfb-above-header-display":"","ast-hfb-below-header-display":"","ast-hfb-mobile-header-display":"","site-post-title":"","ast-breadcrumbs-content":"","ast-featured-img":"","footer-sml-layout":"","ast-disable-related-posts":"","theme-transparent-header-meta":"default","adv-header-id-meta":"","stick-header-meta":"","header-above-stick-meta":"","header-main-stick-meta":"","header-below-stick-meta":"","astra-migrate-meta-layouts":"set","ast-page-background-enabled":"default","ast-page-background-meta":{"desktop":{"background-color":"","background-image":"","background-repeat":"repeat","background-position":"center center","background-size":"auto","background-attachment":"scroll","background-type":"","background-media":"","overlay-type":"","overlay-color":"","overlay-opacity":"","overlay-gradient":""},"tablet":{"background-color":"","background-image":"","background-repeat":"repeat","background-position":"center center","background-size":"auto","background-attachment":"scroll","background-type":"","background-media":"","overlay-type":"","overlay-color":"","overlay-opacity":"","overlay-gradient":""},"mobile":{"background-color":"","background-image":"","background-repeat":"repeat","background-position":"center center","background-size":"auto","background-attachment":"scroll","background-type":"","background-media":"","overlay-type":"","overlay-color":"","overlay-opacity":"","overlay-gradient":""}},"ast-content-background-meta":{"desktop":{"background-color":"var(--ast-global-color-5)","background-image":"","background-repeat":"repeat","background-position":"center center","background-size":"auto","background-attachment":"scroll","background-type":"","background-media":"","overlay-type":"","overlay-color":"","overlay-opacity":"","overlay-gradient":""},"tablet":{"background-color":"var(--ast-global-color-5)","background-image":"","background-repeat":"repeat","background-position":"center center","background-size":"auto","background-attachment":"scroll","background-type":"","background-media":"","overlay-type":"","overlay-color":"","overlay-opacity":"","overlay-gradient":""},"mobile":{"background-color":"var(--ast-global-color-5)","background-image":"","background-repeat":"repeat","background-position":"center center","background-size":"auto","background-attachment":"scroll","background-type":"","background-media":"","overlay-type":"","overlay-color":"","overlay-opacity":"","overlay-gradient":""}},"_joinchat":{"telephone":"17776015835"}},"product_brand":[],"product_cat":[62,153,158,142],"product_tag":[295,297,296,491,269],"class_list":{"0":"post-3999","1":"product","2":"type-product","3":"status-publish","4":"has-post-thumbnail","6":"product_cat-bang-vape","7":"product_cat-buy-disposable-vapes-in-italy","8":"product_cat-buy-disposable-vapes-in-spain","9":"product_cat-digital-box-disposable-vapes","10":"product_tag-bang-beach-38000","11":"product_tag-fingerprint-vape","12":"product_tag-puff-bar","13":"product_tag-vape-with-digital-dispaly","14":"product_tag-vape-with-screen","15":"desktop-align-left","16":"tablet-align-left","17":"mobile-align-left","19":"first","20":"instock","21":"sale","22":"shipping-taxable","23":"purchasable","24":"product-type-simple"},"acf":[],"uagb_featured_image_src":{"full":["https:\/\/vapestornado.com\/wp-content\/uploads\/2025\/03\/Wholesale-Bang-Vape-at-Cheap-Prices.webp",800,800,false],"thumbnail":["https:\/\/vapestornado.com\/wp-content\/uploads\/2025\/03\/Wholesale-Bang-Vape-at-Cheap-Prices-150x150.webp",150,150,true],"medium":["https:\/\/vapestornado.com\/wp-content\/uploads\/2025\/03\/Wholesale-Bang-Vape-at-Cheap-Prices-300x300.webp",300,300,true],"medium_large":["https:\/\/vapestornado.com\/wp-content\/uploads\/2025\/03\/Wholesale-Bang-Vape-at-Cheap-Prices-768x768.webp",768,768,true],"large":["https:\/\/vapestornado.com\/wp-content\/uploads\/2025\/03\/Wholesale-Bang-Vape-at-Cheap-Prices.webp",800,800,false],"1536x1536":["https:\/\/vapestornado.com\/wp-content\/uploads\/2025\/03\/Wholesale-Bang-Vape-at-Cheap-Prices.webp",800,800,false],"2048x2048":["https:\/\/vapestornado.com\/wp-content\/uploads\/2025\/03\/Wholesale-Bang-Vape-at-Cheap-Prices.webp",800,800,false],"trp-custom-language-flag":["https:\/\/vapestornado.com\/wp-content\/uploads\/2025\/03\/Wholesale-Bang-Vape-at-Cheap-Prices.webp",12,12,false],"woocommerce_thumbnail":["https:\/\/vapestornado.com\/wp-content\/uploads\/2025\/03\/Wholesale-Bang-Vape-at-Cheap-Prices-300x300.webp",300,300,true],"woocommerce_single":["https:\/\/vapestornado.com\/wp-content\/uploads\/2025\/03\/Wholesale-Bang-Vape-at-Cheap-Prices-600x600.webp",600,600,true],"woocommerce_gallery_thumbnail":["https:\/\/vapestornado.com\/wp-content\/uploads\/2025\/03\/Wholesale-Bang-Vape-at-Cheap-Prices-100x100.webp",100,100,true]},"uagb_author_info":{"display_name":"ESAMY","author_link":"https:\/\/vapestornado.com\/sk\/author\/"},"uagb_comment_info":1,"uagb_excerpt":"Bang Beach 38000 Puff disposable E-cigarette with 38ml e-juice, mesh coil, 850mAh Type-C rechargeable battery, dual-screen display and fingerprint lock. High-capacity 38K vape bar designed for long use, vapor shop sales, and competitive Cigarette wholesaler prices across Europe. Add Amy's whatsapp to get right reply and discount price! WhatsApp: +86 17776015835 &nbsp;","_links":{"self":[{"href":"https:\/\/vapestornado.com\/sk\/wp-json\/wp\/v2\/product\/3999","targetHints":{"allow":["GET"]}}],"collection":[{"href":"https:\/\/vapestornado.com\/sk\/wp-json\/wp\/v2\/product"}],"about":[{"href":"https:\/\/vapestornado.com\/sk\/wp-json\/wp\/v2\/types\/product"}],"replies":[{"embeddable":true,"href":"https:\/\/vapestornado.com\/sk\/wp-json\/wp\/v2\/comments?post=3999"}],"wp:featuredmedia":[{"embeddable":true,"href":"https:\/\/vapestornado.com\/sk\/wp-json\/wp\/v2\/media\/3998"}],"wp:attachment":[{"href":"https:\/\/vapestornado.com\/sk\/wp-json\/wp\/v2\/media?parent=3999"}],"wp:term":[{"taxonomy":"product_brand","embeddable":true,"href":"https:\/\/vapestornado.com\/sk\/wp-json\/wp\/v2\/product_brand?post=3999"},{"taxonomy":"product_cat","embeddable":true,"href":"https:\/\/vapestornado.com\/sk\/wp-json\/wp\/v2\/product_cat?post=3999"},{"taxonomy":"product_tag","embeddable":true,"href":"https:\/\/vapestornado.com\/sk\/wp-json\/wp\/v2\/product_tag?post=3999"}],"curies":[{"name":"wp","href":"https:\/\/api.w.org\/{rel}","templated":true}]}}