{"id":3975,"date":"2025-03-25T07:58:28","date_gmt":"2025-03-25T07:58:28","guid":{"rendered":"https:\/\/vapestornado.com\/?post_type=product&#038;p=3975"},"modified":"2025-08-23T11:43:24","modified_gmt":"2025-08-23T11:43:24","slug":"2025-new-vopk-ultra-40000-puffs-double-flavor-disposable-vape-factory-suppliers","status":"publish","type":"product","link":"https:\/\/vapestornado.com\/sk\/product\/2025-new-vopk-ultra-40000-puffs-double-flavor-disposable-vape-factory-suppliers\/","title":{"rendered":"2025 Nov\u00fd VOPK Ultra 40000 Puffs Double Flavor Jednorazov\u00fd vape dod\u00e1vatelia z tov\u00e1rne"},"content":{"rendered":"<h1 data-pm-slice=\"1 1 []\">2025 Nov\u00fd VOPK Ultra 40000 Puffs Double Flavor Jednorazov\u00fd vape dod\u00e1vatelia z tov\u00e1rne<\/h1>\n<p data-start=\"140\" data-end=\"448\">Ahoj! V tejto chv\u00edli ti neviem pom\u00f4c\u0165 s tvojou po\u017eiadavkou. M\u00f4\u017eem ti v\u0161ak pom\u00f4c\u0165 s prekladom akejko\u013evek tvojej po\u017eiadavky. Ak m\u00e1\u0161 z\u00e1ujem, r\u00e1d ti pom\u00f4\u017eem s \u010fal\u0161\u00edmi prekladmi. <strong data-start=\"144\" data-end=\"209\">2025 Nov\u00fd VOPK Ultra 40000 \u0164ahov Jednorazov\u00e1 Vape s Dvojitou Pr\u00edchu\u0165ou<\/strong> je ur\u010den\u00fd pre maloobchodn\u00edkov a distrib\u00fatorov, ktor\u00ed h\u013eadaj\u00fa pr\u00e9miov\u00fa a dlhotrvaj\u00facu mo\u017enos\u0165 pre svoj invent\u00e1r. S a\u017e <strong data-start=\"324\" data-end=\"340\">40 000 \u0165ahov<\/strong>, toto zariadenie s vysokou kapacitou kombinuje <strong data-start=\"377\" data-end=\"409\">DTL v\u00fdkon v \u0161t\u00fdle vodnej fajky<\/strong> so \u0161t\u00fdlov\u00fdm dizajnom in\u0161pirovan\u00fdm SHISHA.<\/p>\n<p data-start=\"450\" data-end=\"859\">Vybaven\u00e9 <strong data-start=\"467\" data-end=\"498\">850mAh dob\u00edjate\u013enou bat\u00e9riou<\/strong> a <strong data-start=\"505\" data-end=\"537\">36 ml predplnen\u00e1 n\u00e1dr\u017eka na e-liquid<\/strong>, VOPK Ultra zais\u0165uje pred\u013a\u017een\u00e9 vapovanie bez \u010dastej v\u00fdmeny. Jeho <strong data-start=\"613\" data-end=\"635\">RGB digit\u00e1lna obrazovka<\/strong> informuje pou\u017e\u00edvate\u013eov v re\u00e1lnom \u010dase o stave bat\u00e9rie, po\u010dte \u0165ahov a nastaveniach v\u00fdkonu. Nastavite\u013en\u00e9 ovl\u00e1danie v\u00fdkonu umo\u017e\u0148uje z\u00e1kazn\u00edkom doladi\u0165 intenzitu vapovania pre jemn\u00e9 chu\u0165ov\u00e9 sedenia alebo hust\u00e9 oblaky.<\/p>\n<p data-start=\"861\" data-end=\"1210\">V\u00fdraznou vlastnos\u0165ou je jeho <strong data-start=\"889\" data-end=\"914\">syst\u00e9m so \u0161tyrmi pleten\u00fdmi \u0161pir\u00e1lkami<\/strong>, ktor\u00e9 poskytuj\u00fa vylep\u0161en\u00fa chu\u0165 a produkciu pary a z\u00e1rove\u0148 zais\u0165uj\u00fa, \u017ee ka\u017ed\u00fd \u0165ah zostane konzistentn\u00fd. S <strong data-start=\"1015\" data-end=\"1053\">du\u00e1lnymi pr\u00edchu\u0165ami zabudovan\u00fdmi do jedn\u00e9ho zariadenia<\/strong>, m\u00f4\u017eu pou\u017e\u00edvatelia bez n\u00e1mahy prep\u00edna\u0165 medzi chu\u0165ov\u00fdmi profilmi, ako napr\u00edklad <strong data-start=\"1113\" data-end=\"1165\">jahodov\u00fd mel\u00f3n<\/strong> or <strong data-start=\"1169\" data-end=\"1207\">\u010du\u010doriedkov\u00e1 malina anan\u00e1s<\/strong>.<\/p>\n<p data-start=\"1212\" data-end=\"1603\">Dostupn\u00e9 v <strong data-start=\"1225\" data-end=\"1266\">0%, 2%, 3% a 5% s obsahom nikot\u00ednu<\/strong>, VOPK Ultra 40K uspokoj\u00ed v\u0161etky preferencie pou\u017e\u00edvate\u013eov, od nad\u0161encov bez nikot\u00ednu a\u017e po sk\u00fasen\u00fdch vaperov. R\u00fdchle <strong data-start=\"1378\" data-end=\"1397\">Nab\u00edjanie typu C<\/strong> zaru\u010duje minim\u00e1lne prestoje, v\u010faka \u010domu je vysoko spo\u013eahliv\u00fd na pou\u017eitie na cest\u00e1ch. Pre ve\u013ekoobchodn\u00edkov tento model pon\u00faka <strong data-start=\"1507\" data-end=\"1586\">priame dod\u00e1vky z tov\u00e1rne, konkurencieschopn\u00e9 ceny pre hromadn\u00e9 objedn\u00e1vky a siln\u00fa pr\u00ed\u0165a\u017elivos\u0165 pre z\u00e1kazn\u00edkov<\/strong> po celej Eur\u00f3pe.<\/p>\n<p data-start=\"666\" data-end=\"1235\"><strong style=\"font-size: 16px;\"><span style=\"color: #ff0000;\">Pridajte si Amy na WhatsApp, aby ste dostali spr\u00e1vnu odpove\u010f a z\u013eavnen\u00fa cenu!<\/span><\/strong><\/p>\n<p><img fetchpriority=\"high\" decoding=\"async\" class=\"size-full wp-image-2932\" src=\"https:\/\/vapestornado.com\/wp-content\/uploads\/2024\/12\/Vape-Wholesale.jpg\" alt=\"Ve\u013ekoobchod s vape\" width=\"229\" height=\"300\" \/><\/p>\n<h3><a href=\"https:\/\/wa.me\/8617776015835\" target=\"_blank\" rel=\"noopener\"><span style=\"color: #ff0000;\"><strong>WhatsApp: +86 17776015835<\/strong><\/span><\/a><\/h3>\n<p>&nbsp;<\/p>\n<h2><strong>K\u013e\u00fa\u010dov\u00e9 vlastnosti produktu VOPK Ultra 40000 Puffs<\/strong><\/h2>\n<p>Zna\u010dka: Vopk Vapes<br \/>\nE-liquid: 36ml naplnen\u00e1 tekutina<br \/>\nBat\u00e9ria: 850mAh bat\u00e9ria<br \/>\nPort typu-c<br \/>\nA\u017e 40000 \u0165ahov<br \/>\nNastavite\u013en\u00fd v\u00fdkon<br \/>\nDigit\u00e1lny displej<br \/>\n0%, 2%, 3%, 5% hladiny nikot\u00ednu<\/p>\n<figure id=\"attachment_3955\" aria-describedby=\"caption-attachment-3955\" style=\"width: 800px\" class=\"wp-caption alignnone\"><img decoding=\"async\" class=\"wp-image-3955 size-full\" src=\"https:\/\/vapestornado.com\/wp-content\/uploads\/2025\/03\/VOPK-Ultra-40k-40000-Puffs-Disposable-Vape-Dual-Flavors.webp\" alt=\"VOPK Ultra 40k 40000 \u0165ahov Jednorazov\u00fd Vape 2 pr\u00edchute\" width=\"800\" height=\"800\" srcset=\"https:\/\/vapestornado.com\/wp-content\/uploads\/2025\/03\/VOPK-Ultra-40k-40000-Puffs-Disposable-Vape-Dual-Flavors.webp 800w, https:\/\/vapestornado.com\/wp-content\/uploads\/2025\/03\/VOPK-Ultra-40k-40000-Puffs-Disposable-Vape-Dual-Flavors-300x300.webp 300w, https:\/\/vapestornado.com\/wp-content\/uploads\/2025\/03\/VOPK-Ultra-40k-40000-Puffs-Disposable-Vape-Dual-Flavors-150x150.webp 150w, https:\/\/vapestornado.com\/wp-content\/uploads\/2025\/03\/VOPK-Ultra-40k-40000-Puffs-Disposable-Vape-Dual-Flavors-768x768.webp 768w, https:\/\/vapestornado.com\/wp-content\/uploads\/2025\/03\/VOPK-Ultra-40k-40000-Puffs-Disposable-Vape-Dual-Flavors-600x600.webp 600w, https:\/\/vapestornado.com\/wp-content\/uploads\/2025\/03\/VOPK-Ultra-40k-40000-Puffs-Disposable-Vape-Dual-Flavors-100x100.webp 100w\" sizes=\"(max-width: 800px) 100vw, 800px\" \/><figcaption id=\"caption-attachment-3955\" class=\"wp-caption-text\">VOPK Ultra 40k 40000 \u0165ahov Jednorazov\u00fd Vape 2 pr\u00edchute<\/figcaption><\/figure>\n<p>&nbsp;<\/p>\n<h2 class=\"product-title\"><strong>VOPK Ultra 40000 Puffs Zoznam pr\u00edchut\u00ed jednorazov\u00fdch boxov<\/strong><\/h2>\n<article class=\"w-full text-token-text-primary focus-visible:outline-2 focus-visible:outline-offset-[-4px]\" dir=\"auto\" data-testid=\"conversation-turn-32\" data-scroll-anchor=\"false\">\n<div class=\"m-auto text-base py-[18px] px-6\">\n<div class=\"mx-auto flex flex-1 text-base gap-4 md:gap-5 lg:gap-6 md:max-w-3xl lg:max-w-[40rem] xl:max-w-[48rem]\">\n<div class=\"group\/conversation-turn relative flex w-full min-w-0 flex-col @xs\/thread:px-0 @sm\/thread:px-1.5 @md\/thread:px-4\">\n<div class=\"flex-col gap-1 md:gap-3\">\n<div class=\"flex max-w-full flex-col flex-grow\">\n<div class=\"min-h-8 text-message flex w-full flex-col items-end gap-2 whitespace-normal break-words text-start [.text-message+&amp;]:mt-5\" dir=\"auto\" data-message-author-role=\"user\" data-message-id=\"ffac41ca-1db4-431b-873a-32c4052956f1\">\n<div class=\"flex w-full flex-col gap-1 empty:hidden items-end rtl:items-start\">\n<div class=\"relative max-w-[var(--user-chat-width,70%)] rounded-3xl bg-token-message-surface px-5 py-2.5\">\n<div class=\"absolute bottom-0 right-full top-0 -mr-3.5 hidden pr-5 pt-2 [.group\/conversation-turn:hover_&amp;]:flex\">\n<div class=\"flex\">\n<article class=\"w-full text-token-text-primary focus-visible:outline-2 focus-visible:outline-offset-[-4px]\" dir=\"auto\" data-testid=\"conversation-turn-39\" data-scroll-anchor=\"true\">\n<div class=\"m-auto text-base py-[18px] px-6\">\n<div class=\"mx-auto flex flex-1 text-base gap-4 md:gap-5 lg:gap-6 md:max-w-3xl lg:max-w-[40rem] xl:max-w-[48rem]\">\n<div class=\"group\/conversation-turn relative flex w-full min-w-0 flex-col agent-turn @xs\/thread:px-0 @sm\/thread:px-1.5 @md\/thread:px-4\">\n<div class=\"flex-col gap-1 md:gap-3\">\n<div class=\"flex max-w-full flex-col flex-grow\">\n<div class=\"min-h-8 text-message flex w-full flex-col items-end gap-2 whitespace-normal break-words text-start [.text-message+&amp;]:mt-5\" dir=\"auto\" data-message-author-role=\"assistant\" data-message-id=\"55a23854-ec57-48dd-bd4f-6118f43d6241\" data-message-model-slug=\"gpt-4o\">\n<div class=\"flex w-full flex-col gap-1 empty:hidden first:pt-[3px]\">\n<div class=\"markdown prose w-full break-words dark:prose-invert light\">\n<p>1.Jahoda vodn\u00fd mel\u00f3n\/ Kiwi mu\u010denka guava<br \/>\n2.\u010cu\u010doriedka malina \/ Brosky\u0148a mango vodn\u00fd mel\u00f3n<br \/>\n3.Modr\u00e1 malina gumen\u00fd medve\u010f\/ Jahoda kivi<br \/>\n4.Modr\u00e1 malina \u010dere\u0161\u0148a\/ Jahoda malina<br \/>\n5.\u0160umiv\u00fd citr\u00f3n<br \/>\n6.Vodn\u00fd mel\u00f3n \u013ead \/ Modr\u00e1 malina \u013ead<br \/>\n7.Modr\u00e1 malina anan\u00e1s \/ Trojit\u00e9 mango<br \/>\n8.Hrozno bobu\u013eov\u00e1 expl\u00f3zia \/ hru\u0161ka jablko malina<br \/>\n9.Jahoda brusnica \u010dere\u0161\u0148a\/ Anan\u00e1s mu\u010denka limetka<br \/>\n10.\u010cu\u010doriedka jahoda mentol\/ \u010cu\u010doriedka malina mentol<\/p>\n<\/div>\n<\/div>\n<\/div>\n<\/div>\n<\/div>\n<\/div>\n<\/div>\n<\/div>\n<\/article>\n<\/div>\n<\/div>\n<\/div>\n<\/div>\n<\/div>\n<\/div>\n<\/div>\n<\/div>\n<\/div>\n<\/div>\n<\/article>\n<h2>Pre\u010do si vybra\u0165 Vapestornado pre n\u00e1kup VOPK Ultra 40000 Puffs?<\/h2>\n<div class=\"flex-shrink-0 flex flex-col relative items-end\">\n<div class=\"pt-0\">\n<div class=\"gizmo-bot-avatar flex h-8 w-8 items-center justify-center overflow-hidden rounded-full\">\n<div class=\"relative p-1 rounded-sm flex items-center justify-center bg-token-main-surface-primary text-token-text-primary h-8 w-8\">\n<p data-start=\"88\" data-end=\"557\">Pokia\u013e ide o <strong data-start=\"105\" data-end=\"154\">\u00a0n\u00e1kup vysokokvalitn\u00fdch jednorazov\u00fdch vapovac\u00edch zariaden\u00ed<\/strong>, <strong data-start=\"156\" data-end=\"172\">Vapestornado<\/strong> je tou spr\u00e1vnou vo\u013ebou pre neprekonate\u013en\u00e9 <strong data-start=\"208\" data-end=\"271\">v\u00fdrobn\u00e9 ceny, r\u00fdchle dodanie a prvotriedny z\u00e1kazn\u00edcky servis<\/strong>. N\u00e1kup VOPK Ultra 40000 Puffs od Vapestornado znamen\u00e1, \u017ee dostanete <strong data-start=\"363\" data-end=\"400\">autentick\u00e9, 100% origin\u00e1lne produkty<\/strong> s najnov\u0161\u00edm digit\u00e1lnym<strong data-start=\"417\" data-end=\"515\"> displej, dob\u00edjanie cez Type-C, dvojit\u00e1 pr\u00edchu\u0165 2 v 1 a kapacita 4000 \u0165ahov<\/strong>\u2014v\u0161etko za n\u00edzke<strong data-start=\"527\" data-end=\"554\">\u00a0ve\u013ekoobchodn\u00e9 ceny<\/strong>.<\/p>\n<p data-start=\"559\" data-end=\"933\" data-is-last-node=\"\" data-is-only-node=\"\">M\u00e1me aj in\u00e9 popul\u00e1rne vape s displejom, ako napr\u00edklad <a href=\"https:\/\/vapestornado.com\/sk\/product\/mesii-couple-50k-disposable-shisha-hookah-50000-puffs-vape-with-digital-display\/\">Mesii p\u00e1r 50000<\/a>, <a href=\"https:\/\/vapestornado.com\/sk\/product\/vopk-cool-9000-puffs-disposable-vapes-bar-puff-9k\/\">Jednorazov\u00fd vape VOPK 9000 \u0165ahov<\/a>, <a href=\"https:\/\/vapestornado.com\/sk\/product\/bang-beach-22000-20k-puff-disposable-vape-pen-with-screen-reddit-hot\/\">Bang Beach 22000<\/a>a \u010fal\u0161ie.<\/p>\n<\/div>\n<div class=\"relative p-1 rounded-sm flex items-center justify-center bg-token-main-surface-primary text-token-text-primary h-8 w-8\">\n<h2>\u010cast\u00e9 ot\u00e1zky<\/h2>\n<ol data-start=\"1260\" data-end=\"2197\">\n<li class=\"\" data-start=\"1260\" data-end=\"1488\">\n<p class=\"\" data-start=\"1263\" data-end=\"1488\"><strong data-start=\"1263\" data-end=\"1301\">Ako pou\u017e\u00edvam jednorazov\u00e9 vape pody?<\/strong><br data-start=\"1301\" data-end=\"1304\" \/>Jednoducho <strong data-start=\"1314\" data-end=\"1347\">vd\u00fdchnite cez n\u00e1ustok<\/strong>a zariadenie sa automaticky aktivuje. Nastavite\u013en\u00e9 nastavenie v\u00fdkonu v\u00e1m umo\u017en\u00ed doladi\u0165 si z\u00e1\u017eitok pre dokonal\u00fd \u0165ah. <strong data-start=\"1397\" data-end=\"1425\">nastavite\u013en\u00e9 nastavenie v\u00fdkonu<\/strong> v\u00e1m umo\u017en\u00ed doladi\u0165 si z\u00e1\u017eitok pre dokonal\u00fd \u0165ah.<\/p>\n<\/li>\n<li class=\"\" data-start=\"1490\" data-end=\"1743\">\n<p class=\"\" data-start=\"1493\" data-end=\"1743\"><strong data-start=\"1493\" data-end=\"1555\">Ako nabi\u0165 jednorazov\u00fd vape nab\u00edja\u010dkou pre Android?<\/strong><br data-start=\"1555\" data-end=\"1558\" \/>Ak m\u00e1 v\u00e1\u0161 vape <strong data-start=\"1580\" data-end=\"1604\">nab\u00edjac\u00ed port Type-C<\/strong>, m\u00f4\u017eete pou\u017ei\u0165 <strong data-start=\"1620\" data-end=\"1648\">\u0161tandardn\u00fa nab\u00edja\u010dku pre Android<\/strong> aby ste ho dobili. Uistite sa, \u017ee pou\u017e\u00edvate spo\u013eahliv\u00fd zdroj nap\u00e1jania pre optim\u00e1lnu \u00fa\u010dinnos\u0165 nab\u00edjania.<\/p>\n<\/li>\n<li class=\"\" data-start=\"1745\" data-end=\"1979\">\n<p class=\"\" data-start=\"1748\" data-end=\"1979\"><strong data-start=\"1748\" data-end=\"1808\">M\u00f4\u017eem si vzia\u0165 jednorazov\u00fd vape na medzin\u00e1rodn\u00fd let?<\/strong><br data-start=\"1808\" data-end=\"1811\" \/>\u00c1no, ale <strong data-start=\"1826\" data-end=\"1862\">mus\u00ed by\u0165 v pr\u00edru\u010dnej bato\u017eine<\/strong>. Overte si u svojej leteckej spolo\u010dnosti pr\u00edpadn\u00e9 \u0161pecifick\u00e9 predpisy t\u00fdkaj\u00face sa <strong data-start=\"1927\" data-end=\"1948\">nikot\u00ednov\u00fdch v\u00fdrobkov<\/strong> v cie\u013eovej krajine.<\/p>\n<\/li>\n<li class=\"\" data-start=\"1981\" data-end=\"2197\">\n<p class=\"\" data-start=\"1984\" data-end=\"2197\"><strong data-start=\"1984\" data-end=\"2033\">Ako zist\u00edm, kedy je m\u00f4j jednorazov\u00fd vape pr\u00e1zdny?<\/strong><br data-start=\"2033\" data-end=\"2036\" \/>Ak <strong data-start=\"2046\" data-end=\"2144\">chu\u0165 slabne, kles\u00e1 produkcia pary, alebo digit\u00e1lny displej ukazuje indik\u00e1tor n\u00edzkej hladiny e-liquidu<\/strong>, je \u010das na <strong data-start=\"2159\" data-end=\"2194\">v\u00fdmenu alebo dobitie v\u00e1\u0161ho zariadenia<\/strong>.<\/p>\n<\/li>\n<\/ol>\n<\/div>\n<\/div>\n<\/div>\n<\/div>","protected":false},"excerpt":{"rendered":"<p class=\"LC20lb MBeuO DKV0Md\">Ahoj! V tejto chv\u00edli ti neviem pom\u00f4c\u0165 s tvojou po\u017eiadavkou. M\u00f4\u017eem ti v\u0161ak pom\u00f4c\u0165 s prekladom akejko\u013evek tvojej po\u017eiadavky. Ak m\u00e1\u0161 z\u00e1ujem, r\u00e1d ti pom\u00f4\u017eem s \u010fal\u0161\u00edmi prekladmi. <strong data-start=\"1647\" data-end=\"1672\">VOPK Ultra 40000 Vaporiz\u00e9r<\/strong> pon\u00faka du\u00e1lne pr\u00edchute, \u0161tvorit\u00e9 mesh \u0161pir\u00e1lky a inteligentn\u00fa digit\u00e1lnu obrazovku. Pr\u00e9miov\u00fd jednorazov\u00fd produkt vytvoren\u00fd pre <strong data-start=\"1771\" data-end=\"1828\">ve\u013ekoobchodn\u00fdch dod\u00e1vate\u013eov a hromadn\u00e9 objedn\u00e1vky v Eur\u00f3pe<\/strong>.<\/p>\n<p><strong>Pridajte si Amy na whatsapp, aby ste dostali spr\u00e1vnu odpove\u010f a z\u013eavnen\u00fa cenu!<\/strong><\/p>\n<p><img fetchpriority=\"high\" decoding=\"async\" class=\"size-full wp-image-2932\" src=\"https:\/\/vapestornado.com\/wp-content\/uploads\/2024\/12\/Vape-Wholesale.jpg\" alt=\"Ve\u013ekoobchod s vape\" width=\"229\" height=\"300\" \/><\/p>\n<h3><a href=\"https:\/\/wa.me\/8617776015835\"><span style=\"color: #ff0000;\"><strong>WhatsApp: +86 17776015835<\/strong><\/span><\/a><\/h3>\n<p>&nbsp;<\/p>","protected":false},"featured_media":3959,"comment_status":"open","ping_status":"closed","template":"","meta":{"_acf_changed":false,"_uag_custom_page_level_css":"","_lmt_disableupdate":"no","_lmt_disable":"","_monsterinsights_skip_tracking":false,"_monsterinsights_sitenote_active":false,"_monsterinsights_sitenote_note":"","_monsterinsights_sitenote_category":0,"site-sidebar-layout":"default","site-content-layout":"","ast-site-content-layout":"default","site-content-style":"default","site-sidebar-style":"default","ast-global-header-display":"","ast-banner-title-visibility":"","ast-main-header-display":"","ast-hfb-above-header-display":"","ast-hfb-below-header-display":"","ast-hfb-mobile-header-display":"","site-post-title":"","ast-breadcrumbs-content":"","ast-featured-img":"","footer-sml-layout":"","ast-disable-related-posts":"","theme-transparent-header-meta":"default","adv-header-id-meta":"","stick-header-meta":"","header-above-stick-meta":"","header-main-stick-meta":"","header-below-stick-meta":"","astra-migrate-meta-layouts":"set","ast-page-background-enabled":"default","ast-page-background-meta":{"desktop":{"background-color":"","background-image":"","background-repeat":"repeat","background-position":"center center","background-size":"auto","background-attachment":"scroll","background-type":"","background-media":"","overlay-type":"","overlay-color":"","overlay-opacity":"","overlay-gradient":""},"tablet":{"background-color":"","background-image":"","background-repeat":"repeat","background-position":"center center","background-size":"auto","background-attachment":"scroll","background-type":"","background-media":"","overlay-type":"","overlay-color":"","overlay-opacity":"","overlay-gradient":""},"mobile":{"background-color":"","background-image":"","background-repeat":"repeat","background-position":"center center","background-size":"auto","background-attachment":"scroll","background-type":"","background-media":"","overlay-type":"","overlay-color":"","overlay-opacity":"","overlay-gradient":""}},"ast-content-background-meta":{"desktop":{"background-color":"var(--ast-global-color-5)","background-image":"","background-repeat":"repeat","background-position":"center center","background-size":"auto","background-attachment":"scroll","background-type":"","background-media":"","overlay-type":"","overlay-color":"","overlay-opacity":"","overlay-gradient":""},"tablet":{"background-color":"var(--ast-global-color-5)","background-image":"","background-repeat":"repeat","background-position":"center center","background-size":"auto","background-attachment":"scroll","background-type":"","background-media":"","overlay-type":"","overlay-color":"","overlay-opacity":"","overlay-gradient":""},"mobile":{"background-color":"var(--ast-global-color-5)","background-image":"","background-repeat":"repeat","background-position":"center center","background-size":"auto","background-attachment":"scroll","background-type":"","background-media":"","overlay-type":"","overlay-color":"","overlay-opacity":"","overlay-gradient":""}},"_joinchat":{"telephone":"17776015835"}},"product_brand":[],"product_cat":[65,153,160,142,146,290],"product_tag":[261,165,291,294,94,293],"class_list":{"0":"post-3975","1":"product","2":"type-product","3":"status-publish","4":"has-post-thumbnail","6":"product_cat-40000-puff","7":"product_cat-buy-disposable-vapes-in-italy","8":"product_cat-buy-disposable-vapes-in-switzerland","9":"product_cat-digital-box-disposable-vapes","10":"product_cat-rechargeable-disposable-vapes","11":"product_cat-vopk-vape","12":"product_tag-2-in-1-double-flavor-vape","13":"product_tag-cheap-vapes","14":"product_tag-disposable-shisha-hookah","15":"product_tag-puff-40k","16":"product_tag-rechargeable-disposable-vape","17":"product_tag-vopk-ultra-40000","18":"desktop-align-left","19":"tablet-align-left","20":"mobile-align-left","22":"first","23":"instock","24":"sale","25":"shipping-taxable","26":"purchasable","27":"product-type-simple"},"acf":[],"uagb_featured_image_src":{"full":["https:\/\/vapestornado.com\/wp-content\/uploads\/2025\/03\/VOPK-ULTRA-40000-puffs-Disposable-Vape.webp",800,800,false],"thumbnail":["https:\/\/vapestornado.com\/wp-content\/uploads\/2025\/03\/VOPK-ULTRA-40000-puffs-Disposable-Vape-150x150.webp",150,150,true],"medium":["https:\/\/vapestornado.com\/wp-content\/uploads\/2025\/03\/VOPK-ULTRA-40000-puffs-Disposable-Vape-300x300.webp",300,300,true],"medium_large":["https:\/\/vapestornado.com\/wp-content\/uploads\/2025\/03\/VOPK-ULTRA-40000-puffs-Disposable-Vape-768x768.webp",768,768,true],"large":["https:\/\/vapestornado.com\/wp-content\/uploads\/2025\/03\/VOPK-ULTRA-40000-puffs-Disposable-Vape.webp",800,800,false],"1536x1536":["https:\/\/vapestornado.com\/wp-content\/uploads\/2025\/03\/VOPK-ULTRA-40000-puffs-Disposable-Vape.webp",800,800,false],"2048x2048":["https:\/\/vapestornado.com\/wp-content\/uploads\/2025\/03\/VOPK-ULTRA-40000-puffs-Disposable-Vape.webp",800,800,false],"trp-custom-language-flag":["https:\/\/vapestornado.com\/wp-content\/uploads\/2025\/03\/VOPK-ULTRA-40000-puffs-Disposable-Vape.webp",12,12,false],"woocommerce_thumbnail":["https:\/\/vapestornado.com\/wp-content\/uploads\/2025\/03\/VOPK-ULTRA-40000-puffs-Disposable-Vape-300x300.webp",300,300,true],"woocommerce_single":["https:\/\/vapestornado.com\/wp-content\/uploads\/2025\/03\/VOPK-ULTRA-40000-puffs-Disposable-Vape-600x600.webp",600,600,true],"woocommerce_gallery_thumbnail":["https:\/\/vapestornado.com\/wp-content\/uploads\/2025\/03\/VOPK-ULTRA-40000-puffs-Disposable-Vape-100x100.webp",100,100,true]},"uagb_author_info":{"display_name":"ESAMY","author_link":"https:\/\/vapestornado.com\/sk\/author\/"},"uagb_comment_info":0,"uagb_excerpt":"The VOPK Ultra 40000 Vape offers dual flavours, quad mesh coils, and a smart digital screen. A premium disposable built for factory wholesale suppliers and bulk orders in Europe. Add Amy's whatsapp to get right reply and discount price! WhatsApp: +86 17776015835 &nbsp;","_links":{"self":[{"href":"https:\/\/vapestornado.com\/sk\/wp-json\/wp\/v2\/product\/3975","targetHints":{"allow":["GET"]}}],"collection":[{"href":"https:\/\/vapestornado.com\/sk\/wp-json\/wp\/v2\/product"}],"about":[{"href":"https:\/\/vapestornado.com\/sk\/wp-json\/wp\/v2\/types\/product"}],"replies":[{"embeddable":true,"href":"https:\/\/vapestornado.com\/sk\/wp-json\/wp\/v2\/comments?post=3975"}],"wp:featuredmedia":[{"embeddable":true,"href":"https:\/\/vapestornado.com\/sk\/wp-json\/wp\/v2\/media\/3959"}],"wp:attachment":[{"href":"https:\/\/vapestornado.com\/sk\/wp-json\/wp\/v2\/media?parent=3975"}],"wp:term":[{"taxonomy":"product_brand","embeddable":true,"href":"https:\/\/vapestornado.com\/sk\/wp-json\/wp\/v2\/product_brand?post=3975"},{"taxonomy":"product_cat","embeddable":true,"href":"https:\/\/vapestornado.com\/sk\/wp-json\/wp\/v2\/product_cat?post=3975"},{"taxonomy":"product_tag","embeddable":true,"href":"https:\/\/vapestornado.com\/sk\/wp-json\/wp\/v2\/product_tag?post=3975"}],"curies":[{"name":"wp","href":"https:\/\/api.w.org\/{rel}","templated":true}]}}