{"id":3974,"date":"2025-03-24T07:31:30","date_gmt":"2025-03-24T07:31:30","guid":{"rendered":"https:\/\/vapestornado.com\/?post_type=product&#038;p=3974"},"modified":"2025-08-23T10:38:02","modified_gmt":"2025-08-23T10:38:02","slug":"vopk-shisha-hookah-20000-puffs-disposable-vapes-bar-best-flavor-wholesale","status":"publish","type":"product","link":"https:\/\/vapestornado.com\/sk\/product\/vopk-shisha-hookah-20000-puffs-disposable-vapes-bar-best-flavor-wholesale\/","title":{"rendered":"Vopk Shisha Hookah 20000 \u0165ahov Jednorazov\u00e9 Vapes Bar Najlep\u0161ia pr\u00edchu\u0165 Ve\u013ekoobchod"},"content":{"rendered":"<h1 data-pm-slice=\"1 1 []\">Vopk Shisha Hookah 20000 \u0165ahov Jednorazov\u00e9 Vapes Bar Najlep\u0161ia pr\u00edchu\u0165 Ve\u013ekoobchod<\/h1>\n<p data-start=\"272\" data-end=\"577\">Ahoj! V tejto chv\u00edli ti neviem pom\u00f4c\u0165 s tvojou po\u017eiadavkou. M\u00f4\u017eem ti v\u0161ak pom\u00f4c\u0165 s prekladom akejko\u013evek tvojej po\u017eiadavky. Ak m\u00e1\u0161 z\u00e1ujem, r\u00e1d ti pom\u00f4\u017eem s \u010fal\u0161\u00edmi prekladmi. <strong data-start=\"276\" data-end=\"319\">Vopk Shisha Hookah 20000 \u0164ahov Vape Bar<\/strong> je ur\u010den\u00fd pre ve\u013ekoobchodn\u00edkov a maloobchodn\u00edkov, ktor\u00ed h\u013eadaj\u00fa zariadenie s vysokou kapacitou a silnou pr\u00ed\u0165a\u017elivos\u0165ou pre nad\u0161encov shisha a vodn\u00fdch fajok. Poskytuje a\u017e <strong data-start=\"467\" data-end=\"483\">20 000 potiahnut\u00ed<\/strong> z <strong data-start=\"491\" data-end=\"513\">28 ml n\u00e1dr\u017eky na e-liquid<\/strong>, poskytuje dlhotrvaj\u00face pou\u017e\u00edvanie a vynikaj\u00faci potenci\u00e1l pre \u010fal\u0161\u00ed predaj.<\/p>\n<p data-start=\"579\" data-end=\"910\">Vyroben\u00e9 s <strong data-start=\"592\" data-end=\"610\">0,6\u03a9 mesh cievka<\/strong>, zariadenie produkuje hust\u00fa paru a zv\u00fdraznen\u00fa chu\u0165, v\u010faka \u010domu je ide\u00e1lne pre <strong data-start=\"685\" data-end=\"706\">DTL \u0161t\u00fdly vapovania<\/strong>. <strong data-start=\"712\" data-end=\"738\">digit\u00e1lna obrazovka<\/strong> udr\u017eiava pou\u017e\u00edvate\u013eov informovan\u00fdch o stave bat\u00e9rie aj o \u00farovni e-liquidu, zatia\u013e \u010do <strong data-start=\"811\" data-end=\"842\">850mAh dob\u00edjate\u013enou bat\u00e9riou<\/strong> s <strong data-start=\"848\" data-end=\"867\">Nab\u00edjanie typu C<\/strong> zais\u0165uje stabiln\u00fd v\u00fdkon po\u010das cel\u00e9ho d\u0148a.<\/p>\n<p data-start=\"912\" data-end=\"1205\">Ahoj! V tejto chv\u00edli ti neviem pom\u00f4c\u0165 s tvojou po\u017eiadavkou. M\u00f4\u017eem ti v\u0161ak pom\u00f4c\u0165 s prekladom akejko\u013evek tvojej po\u017eiadavky. Ak m\u00e1\u0161 z\u00e1ujem, r\u00e1d ti pom\u00f4\u017eem s \u010fal\u0161\u00edmi prekladmi. <strong data-start=\"916\" data-end=\"953\">dvojfarebn\u00fd dizajn in\u0161pirovan\u00fd shishou<\/strong> d\u00e1va Vopk 20K jedine\u010dn\u00fd vzh\u013ead, ktor\u00fd vynik\u00e1 v obchodoch, zatia\u013e \u010do \u0161irok\u00e1 \u0161k\u00e1la pr\u00edchut\u00ed \u2013 od ovocn\u00fdch po \u013eadov\u00e9 \u2013 zaru\u010duje nie\u010do pre ka\u017ed\u00e9ho z\u00e1kazn\u00edka. Kompaktn\u00fd a \u013eahko prenosn\u00fd, je to v\u0161estrann\u00e1 vo\u013eba pre ka\u017edodenn\u00e9 pou\u017eitie alebo ve\u013ekoobchodn\u00fa distrib\u00faciu.<\/p>\n<p data-start=\"1207\" data-end=\"1393\">Pre slovensk\u00fdch distrib\u00fatorov <strong data-start=\"1238\" data-end=\"1271\">Vopk Shisha Hookah 20000 Vaporiz\u00e9r<\/strong> kombinuje trvanlivos\u0165, v\u00fdkon a <strong data-start=\"1310\" data-end=\"1343\">konkuren\u010dn\u00e9 ve\u013ekoobchodn\u00e9 ceny<\/strong>, \u010do z neho rob\u00ed ziskov\u00fa mo\u017enos\u0165 pre hromadn\u00e9 objedn\u00e1vky.<\/p>\n<p data-start=\"666\" data-end=\"1235\"><strong style=\"font-size: 16px;\"><span style=\"color: #ff0000;\">Pridajte si Amy na WhatsApp, aby ste dostali spr\u00e1vnu odpove\u010f a z\u013eavnen\u00fa cenu!<\/span><\/strong><\/p>\n<p><img fetchpriority=\"high\" decoding=\"async\" class=\"size-full wp-image-2932\" src=\"https:\/\/vapestornado.com\/wp-content\/uploads\/2024\/12\/Vape-Wholesale.jpg\" alt=\"Ve\u013ekoobchod s vape\" width=\"229\" height=\"300\" \/><\/p>\n<h3><a href=\"https:\/\/wa.me\/8617776015835\" target=\"_blank\" rel=\"noopener\"><span style=\"color: #ff0000;\"><strong>WhatsApp: +86 17776015835<\/strong><\/span><\/a><\/h3>\n<p>&nbsp;<\/p>\n<h2><strong>Vopk Shisha Hookah 20000 Vape Bar K\u013e\u00fa\u010dov\u00e9 vlastnosti produktu<\/strong><\/h2>\n<p>Zna\u010dka: VOPK BAR<br \/>\nPo\u010det \u0165ahov: 20000 \u0165ahov<br \/>\nVhodn\u00e9 pre: V\u0161etci &gt; 18<br \/>\nKapacita: 28 ml<br \/>\nPo\u010det \u0165ahov: 20000 \u0165ahov<br \/>\nBat\u00e9ria: 850 mAh<br \/>\nNikot\u00edn: 0 %\/2 %\/3 %\/5 % nikot\u00ednov\u00e1 so\u013e<br \/>\nOdpor: 1,0 ohm sie\u0165ovan\u00e1 cievka<br \/>\nDigit\u00e1lny displej pre olej a bat\u00e9riu<br \/>\nBalenie Individu\u00e1lna obalov\u00e1 \u0161katu\u013ea<\/p>\n<h2 class=\"product-title\"><strong>Zoznam pr\u00edchut\u00ed Vopk Shisha Hookah 20000 jednorazov\u00fdch pier<\/strong><\/h2>\n<article class=\"w-full text-token-text-primary focus-visible:outline-2 focus-visible:outline-offset-[-4px]\" dir=\"auto\" data-testid=\"conversation-turn-32\" data-scroll-anchor=\"false\">\n<div class=\"m-auto text-base py-[18px] px-6\">\n<div class=\"mx-auto flex flex-1 text-base gap-4 md:gap-5 lg:gap-6 md:max-w-3xl lg:max-w-[40rem] xl:max-w-[48rem]\">\n<div class=\"group\/conversation-turn relative flex w-full min-w-0 flex-col @xs\/thread:px-0 @sm\/thread:px-1.5 @md\/thread:px-4\">\n<div class=\"flex-col gap-1 md:gap-3\">\n<div class=\"flex max-w-full flex-col flex-grow\">\n<div class=\"min-h-8 text-message flex w-full flex-col items-end gap-2 whitespace-normal break-words text-start [.text-message+&amp;]:mt-5\" dir=\"auto\" data-message-author-role=\"user\" data-message-id=\"ffac41ca-1db4-431b-873a-32c4052956f1\">\n<div class=\"flex w-full flex-col gap-1 empty:hidden items-end rtl:items-start\">\n<div class=\"relative max-w-[var(--user-chat-width,70%)] rounded-3xl bg-token-message-surface px-5 py-2.5\">\n<div class=\"absolute bottom-0 right-full top-0 -mr-3.5 hidden pr-5 pt-2 [.group\/conversation-turn:hover_&amp;]:flex\">\n<div class=\"flex\">\n<article class=\"w-full text-token-text-primary focus-visible:outline-2 focus-visible:outline-offset-[-4px]\" dir=\"auto\" data-testid=\"conversation-turn-39\" data-scroll-anchor=\"true\">\n<div class=\"m-auto text-base py-[18px] px-6\">\n<div class=\"mx-auto flex flex-1 text-base gap-4 md:gap-5 lg:gap-6 md:max-w-3xl lg:max-w-[40rem] xl:max-w-[48rem]\">\n<div class=\"group\/conversation-turn relative flex w-full min-w-0 flex-col agent-turn @xs\/thread:px-0 @sm\/thread:px-1.5 @md\/thread:px-4\">\n<div class=\"flex-col gap-1 md:gap-3\">\n<div class=\"flex max-w-full flex-col flex-grow\">\n<div class=\"min-h-8 text-message flex w-full flex-col items-end gap-2 whitespace-normal break-words text-start [.text-message+&amp;]:mt-5\" dir=\"auto\" data-message-author-role=\"assistant\" data-message-id=\"55a23854-ec57-48dd-bd4f-6118f43d6241\" data-message-model-slug=\"gpt-4o\">\n<div class=\"flex w-full flex-col gap-1 empty:hidden first:pt-[3px]\">\n<div class=\"markdown prose w-full break-words dark:prose-invert light\">\n<p>1.\u010cu\u010doriedka s \u013eadom<br \/>\n2.Jahoda kiwi<br \/>\n3.Zmie\u0161an\u00e9 bobule<br \/>\n4.Jahodov\u00fd mel\u00f3n<br \/>\n5.Vodn\u00fd mel\u00f3n \u013ead<br \/>\n6.Brosky\u0148a mango anan\u00e1s<br \/>\n7.\u010cu\u010doriedka malina<br \/>\n8.Jahoda malina cukr\u00edk<br \/>\n9.Vodn\u00fd mel\u00f3n \u010dere\u0161\u0148a<br \/>\n10.\u010cierne r\u00edbezle \u013ead<\/p>\n<\/div>\n<figure id=\"attachment_3966\" aria-describedby=\"caption-attachment-3966\" style=\"width: 800px\" class=\"wp-caption alignnone\"><img decoding=\"async\" class=\"wp-image-3966 size-full\" src=\"https:\/\/vapestornado.com\/wp-content\/uploads\/2025\/03\/VOPK-Shisha-Hookah-BAR-Disposable-Vape-Wholesale.jpg\" alt=\"VOPK Shisha Hookah BAR Jednorazov\u00fd vape Ve\u013ekoobchod\" width=\"800\" height=\"957\" srcset=\"https:\/\/vapestornado.com\/wp-content\/uploads\/2025\/03\/VOPK-Shisha-Hookah-BAR-Disposable-Vape-Wholesale.jpg 800w, https:\/\/vapestornado.com\/wp-content\/uploads\/2025\/03\/VOPK-Shisha-Hookah-BAR-Disposable-Vape-Wholesale-251x300.jpg 251w, https:\/\/vapestornado.com\/wp-content\/uploads\/2025\/03\/VOPK-Shisha-Hookah-BAR-Disposable-Vape-Wholesale-768x919.jpg 768w, https:\/\/vapestornado.com\/wp-content\/uploads\/2025\/03\/VOPK-Shisha-Hookah-BAR-Disposable-Vape-Wholesale-600x718.jpg 600w\" sizes=\"(max-width: 800px) 100vw, 800px\" \/><figcaption id=\"caption-attachment-3966\" class=\"wp-caption-text\">VOPK Shisha Hookah BAR Jednorazov\u00fd vape Ve\u013ekoobchod<\/figcaption><\/figure>\n<\/div>\n<\/div>\n<\/div>\n<\/div>\n<\/div>\n<\/div>\n<\/div>\n<\/article>\n<\/div>\n<\/div>\n<\/div>\n<\/div>\n<\/div>\n<\/div>\n<\/div>\n<\/div>\n<\/div>\n<\/div>\n<\/article>\n<h2 data-start=\"86\" data-end=\"129\">Porovnanie s\u00e9rie Vopk (Ve\u013ekoobchodn\u00fd sprievodca)<\/h2>\n<p data-start=\"131\" data-end=\"155\"><strong data-start=\"131\" data-end=\"153\">Vopk Cool Bar 9000<\/strong><\/p>\n<ul data-start=\"156\" data-end=\"462\">\n<li data-start=\"156\" data-end=\"172\">\n<p data-start=\"158\" data-end=\"172\">\u0164ahy: 9 000<\/p>\n<\/li>\n<li data-start=\"173\" data-end=\"205\">\n<p data-start=\"175\" data-end=\"205\">Bat\u00e9ria: 600mAh nab\u00edjate\u013en\u00e1<\/p>\n<\/li>\n<li data-start=\"206\" data-end=\"233\">\n<p data-start=\"208\" data-end=\"233\">Kapacita e-liquidu: 16 ml<\/p>\n<\/li>\n<li data-start=\"234\" data-end=\"258\">\n<p data-start=\"236\" data-end=\"258\">Typ cievky: 1,0\u03a9 Mesh<\/p>\n<\/li>\n<li data-start=\"259\" data-end=\"322\">\n<p data-start=\"261\" data-end=\"322\">K\u013e\u00fa\u010dov\u00e9 vlastnosti: Nastavite\u013en\u00fd prietok vzduchu, podporuje MTL<\/p>\n<\/li>\n<li data-start=\"323\" data-end=\"395\">\n<p data-start=\"325\" data-end=\"395\">Cie\u013eov\u00ed z\u00e1kazn\u00edci: Nen\u00e1ro\u010dn\u00ed denn\u00ed pou\u017e\u00edvatelia, sk\u00fa\u0161obn\u00ed kupuj\u00faci, majitelia mal\u00fdch obchodov<\/p>\n<\/li>\n<li data-start=\"396\" data-end=\"462\">\n<p data-start=\"398\" data-end=\"462\">Ve\u013ekoobchodn\u00e9 k\u013e\u00fa\u010dov\u00e9 slov\u00e1: 9K jednorazov\u00e1 vape, ve\u013ekoobchod s vape perami<\/p>\n<\/li>\n<\/ul>\n<hr data-start=\"464\" data-end=\"467\" \/>\n<p data-start=\"469\" data-end=\"499\"><strong data-start=\"469\" data-end=\"497\">Vopk Shisha Hookah 20000<\/strong><\/p>\n<ul data-start=\"500\" data-end=\"814\">\n<li data-start=\"500\" data-end=\"517\">\n<p data-start=\"502\" data-end=\"517\">Potiahnut\u00ed: 20 000<\/p>\n<\/li>\n<li data-start=\"518\" data-end=\"550\">\n<p data-start=\"520\" data-end=\"550\">Bat\u00e9ria: 850mAh nab\u00edjate\u013en\u00e1<\/p>\n<\/li>\n<li data-start=\"551\" data-end=\"578\">\n<p data-start=\"553\" data-end=\"578\">Kapacita e-liquidu: 28ml<\/p>\n<\/li>\n<li data-start=\"579\" data-end=\"603\">\n<p data-start=\"581\" data-end=\"603\">Typ cievky: 0.6\u03a9 Mesh<\/p>\n<\/li>\n<li data-start=\"604\" data-end=\"680\">\n<p data-start=\"606\" data-end=\"680\">K\u013e\u00fa\u010dov\u00e9 vlastnosti: Dizajn v \u0161t\u00fdle shisha, digit\u00e1lny displej, ide\u00e1lny pre DTL vaping<\/p>\n<\/li>\n<li data-start=\"681\" data-end=\"746\">\n<p data-start=\"683\" data-end=\"746\">Cie\u013eov\u00ed z\u00e1kazn\u00edci: Nad\u0161enci hookah, stredne ve\u013ek\u00e9 vape shopy<\/p>\n<\/li>\n<li data-start=\"747\" data-end=\"814\">\n<p data-start=\"749\" data-end=\"814\">Ve\u013ekoobchodn\u00e9 k\u013e\u00fa\u010dov\u00e9 slov\u00e1: 20K shisha vape bar, ve\u013ekoobchod v \u0161t\u00fdle hookah<\/p>\n<\/li>\n<\/ul>\n<hr data-start=\"816\" data-end=\"819\" \/>\n<p data-start=\"821\" data-end=\"840\"><strong data-start=\"821\" data-end=\"838\">Vopk 60K 3v1<\/strong><\/p>\n<ul data-start=\"841\" data-end=\"1208\">\n<li data-start=\"841\" data-end=\"866\">\n<p data-start=\"843\" data-end=\"866\">Potiahnut\u00ed: 60 000 (3\u00d720K)<\/p>\n<\/li>\n<li data-start=\"867\" data-end=\"899\">\n<p data-start=\"869\" data-end=\"899\">Bat\u00e9ria: 950mAh nab\u00edjate\u013en\u00e1<\/p>\n<\/li>\n<li data-start=\"900\" data-end=\"948\">\n<p data-start=\"902\" data-end=\"948\">Kapacita e-liquidu: 3 samostatn\u00e9 n\u00e1dr\u017ee (20ml\u00d73)<\/p>\n<\/li>\n<li data-start=\"949\" data-end=\"973\">\n<p data-start=\"951\" data-end=\"973\">Typ cievky: Du\u00e1lna Mesh<\/p>\n<\/li>\n<li data-start=\"974\" data-end=\"1059\">\n<p data-start=\"976\" data-end=\"1059\">K\u013e\u00fa\u010dov\u00e9 vlastnosti: Syst\u00e9m prep\u00ednania 3 pr\u00edchut\u00ed, navrhnut\u00fd pre dlhodob\u00e9 pou\u017e\u00edvanie<\/p>\n<\/li>\n<li data-start=\"1060\" data-end=\"1135\">\n<p data-start=\"1062\" data-end=\"1135\">Cie\u013eov\u00ed z\u00e1kazn\u00edci: N\u00e1ro\u010dn\u00ed pou\u017e\u00edvatelia, ve\u013ek\u00ed distrib\u00fatori, kan\u00e1ly s vysokou mar\u017eou<\/p>\n<\/li>\n<li data-start=\"1136\" data-end=\"1208\">\n<p data-start=\"1138\" data-end=\"1208\">Ve\u013ekoobchodn\u00e9 k\u013e\u00fa\u010dov\u00e9 slov\u00e1: 60K 3v1 vape ve\u013ekoobchod, hromadn\u00e9 nab\u00edjate\u013en\u00e9 vapy<\/p>\n<\/li>\n<\/ul>\n<div class=\"flex-shrink-0 flex flex-col relative items-end\">\n<div class=\"pt-0\">\n<div class=\"gizmo-bot-avatar flex h-8 w-8 items-center justify-center overflow-hidden rounded-full\">\n<div class=\"relative p-1 rounded-sm flex items-center justify-center bg-token-main-surface-primary text-token-text-primary h-8 w-8\">\n<p data-start=\"559\" data-end=\"933\" data-is-last-node=\"\" data-is-only-node=\"\">M\u00e1me aj in\u00e9 popul\u00e1rne vape s displejom, ako napr\u00edklad<em> <a href=\"https:\/\/vapestornado.com\/sk\/product\/mesii-couple-50k-disposable-shisha-hookah-50000-puffs-vape-with-digital-display\/\">Mesii p\u00e1r 50000<\/a>, <a href=\"https:\/\/vapestornado.com\/sk\/product\/vopk-ultra-40000-puffs-2-in-1-digital-screen-rechargeable-disposable-vape\/\">VOPK 40000 \u0165ahov\u00fd jednorazov\u00fd vape<\/a>, <a href=\"https:\/\/vapestornado.com\/sk\/product\/bang-beach-22000-20k-puff-disposable-vape-pen-with-screen-reddit-hot\/\">Bang Beach 22000<\/a>,<\/em> a viac.<\/p>\n<\/div>\n<div class=\"relative p-1 rounded-sm flex items-center justify-center bg-token-main-surface-primary text-token-text-primary h-8 w-8\">\n<h3>\u010cast\u00e9 ot\u00e1zky<\/h3>\n<p><strong>1. Ako dlho trv\u00e1, k\u00fdm si vytvor\u00edte z\u00e1vislos\u0165 na jednorazovej e-cigarete?<\/strong><br \/>\nZ\u00e1vislos\u0165 od nikot\u00ednu z\u00e1vis\u00ed od faktorov, ako s\u00fa frekvencia u\u017e\u00edvania, sila nikot\u00ednu a individu\u00e1lna fyziol\u00f3gia. Jednorazov\u00e9 e-cigarety s nikot\u00ednom (ako napr\u00edklad\u00a0<strong>Vopk Shisha Hookah 20000 \u0165ahov<\/strong>) m\u00f4\u017eu vies\u0165 k z\u00e1vislosti, ak sa pou\u017e\u00edvaj\u00fa pravidelne. Ak chcete minimalizova\u0165 rizik\u00e1, zv\u00e1\u017ete pou\u017eitie ni\u017e\u0161\u00edch hlad\u00edn nikot\u00ednu (0 %, 2 % alebo 3 %) alebo mo\u017enosti bez nikot\u00ednu. V\u017edy vapujte zodpovedne.<\/p>\n<p><strong>2. Ako dlho sa nab\u00edja jednorazov\u00e1 e-cigareta s 20000 potiahnutiami?<\/strong><br \/>\nPri nab\u00edjate\u013en\u00fdch jednorazov\u00fdch e-cigaret\u00e1ch, ako je\u00a0<strong>Vopk Shisha Hookah 20000 \u0165ahov<\/strong>, \u010das nab\u00edjania z\u00e1vis\u00ed od kapacity bat\u00e9rie. S\u00a0<strong>850mAh bat\u00e9riu<\/strong>\u00a0a\u00a0<strong>Nab\u00edjanie typu C<\/strong>, to zvy\u010dajne trv\u00e1 pribli\u017ene\u00a0<strong>indik\u00e1tor bat\u00e9rie<\/strong>\u00a0na \u00fapln\u00e9 nabitie. Ukazovate\u013e\u00a0<strong>t\u00e1to vape zais\u0165uje, \u017ee si m\u00f4\u017eete vychutna\u0165 svoje ob\u013e\u00faben\u00e9 pr\u00edchute dlh\u0161\u00ed \u010das bez preru\u0161enia. Displej<\/strong>\u00a0bude ukazova\u0165 priebeh nab\u00edjania, tak\u017ee budete vedie\u0165, kedy je pripraven\u00e1.<\/p>\n<p><strong>3. M\u00f4\u017eem si vzia\u0165 vape do lietadla na Slovensku?<\/strong><br \/>\n\u00c1no, m\u00f4\u017eete si vzia\u0165 vape do lietadla na Slovensku, ale mus\u00ed by\u0165 umiestnen\u00e1 vo va\u0161ej\u00a0<strong>pr\u00edru\u010dnej bato\u017eine<\/strong>. Vapy s\u00fa\u00a0<strong>nie je povolen\u00e9 v registrovanej bato\u017eine<\/strong>\u00a0z d\u00f4vodu bezpe\u010dnostn\u00fdch predpisov pre l\u00edtium-i\u00f3nov\u00e9 bat\u00e9rie. Uistite sa, \u017ee je zariadenie vypnut\u00e9 a bezpe\u010dne ulo\u017een\u00e9. Informujte sa u svojej leteckej spolo\u010dnosti o konkr\u00e9tnych usmerneniach, preto\u017ee niektor\u00e9 m\u00f4\u017eu ma\u0165 \u010fal\u0161ie obmedzenia.<\/p>\n<p><strong>4. Ako zisti\u0165, kedy je moja jednorazov\u00e1 vape pr\u00e1zdna?<\/strong><br \/>\nSpozn\u00e1te, \u017ee va\u0161e jednorazov\u00e9 vapovacie zariadenie je pr\u00e1zdne, ke\u010f:<\/p>\n<ul>\n<li><strong>Zn\u00ed\u017eenie produkcie pary:<\/strong>\u00a0Pri vdychovan\u00ed si v\u0161imnete v\u00fdrazne menej pary.<\/li>\n<li><strong>Prip\u00e1len\u00e1 chu\u0165:<\/strong>\u00a0Prip\u00e1len\u00e1 alebo nepr\u00edjemn\u00e1 chu\u0165 nazna\u010duje, \u017ee e-liquid je vy\u010derpan\u00fd.<\/li>\n<li><strong>\u017diadna chu\u0165:<\/strong>\u00a0Ak sa chu\u0165 zn\u00ed\u017ei alebo zmizne, je to znamenie, \u017ee kazeta je pr\u00e1zdna.<\/li>\n<li><strong>Displej:<\/strong>\u00a0Zariadenia ako napr\u00edklad\u00a0<strong>Vopk Shisha Hookah 20000 \u0165ahov<\/strong>\u00a0maj\u00fa\u00a0<strong>t\u00e1to vape zais\u0165uje, \u017ee si m\u00f4\u017eete vychutna\u0165 svoje ob\u013e\u00faben\u00e9 pr\u00edchute dlh\u0161\u00ed \u010das bez preru\u0161enia. Displej<\/strong>\u00a0ktor\u00fd ukazuje hladinu e-liquidu, \u010do u\u013eah\u010duje sledovanie, kedy sa zariadenie m\u00ed\u0148a.<\/li>\n<\/ul>\n<p>Ke\u010f zariadenie prestane produkova\u0165 paru alebo chu\u0165 zmizne, je \u010das ho zodpovedne zlikvidova\u0165.<\/p>\n<\/div>\n<\/div>\n<\/div>\n<\/div>","protected":false},"excerpt":{"rendered":"<p data-start=\"1433\" data-end=\"1606\">Ahoj! V tejto chv\u00edli ti neviem pom\u00f4c\u0165 s tvojou po\u017eiadavkou. M\u00f4\u017eem ti v\u0161ak pom\u00f4c\u0165 s prekladom akejko\u013evek tvojej po\u017eiadavky. Ak m\u00e1\u0161 z\u00e1ujem, r\u00e1d ti pom\u00f4\u017eem s \u010fal\u0161\u00edmi prekladmi. <strong data-start=\"1437\" data-end=\"1480\">Vopk Shisha Hookah 20000 \u0164ahov Vape Bar<\/strong> poskytuje DTL paru, 28 ml e-liquidu a digit\u00e1lnu obrazovku. \u0160t\u00fdlov\u00e1, nab\u00edjate\u013en\u00e1 mo\u017enos\u0165 pre <strong data-start=\"1573\" data-end=\"1603\">ve\u013ekoobchodn\u00fdch kupuj\u00facich v Eur\u00f3pe<\/strong>.<\/p>\n<p><strong>Pridajte si Amy na whatsapp, aby ste dostali spr\u00e1vnu odpove\u010f a z\u013eavnen\u00fa cenu!<\/strong><\/p>\n<p><img fetchpriority=\"high\" decoding=\"async\" class=\"size-full wp-image-2932\" src=\"https:\/\/vapestornado.com\/wp-content\/uploads\/2024\/12\/Vape-Wholesale.jpg\" alt=\"Ve\u013ekoobchod s vape\" width=\"229\" height=\"300\" \/><\/p>\n<h3><a href=\"https:\/\/wa.me\/8617776015835\"><span style=\"color: #ff0000;\"><strong>WhatsApp: +86 17776015835<\/strong><\/span><\/a><\/h3>\n<p>&nbsp;<\/p>","protected":false},"featured_media":3965,"comment_status":"open","ping_status":"closed","template":"","meta":{"_acf_changed":false,"_uag_custom_page_level_css":"","_lmt_disableupdate":"no","_lmt_disable":"","_monsterinsights_skip_tracking":false,"_monsterinsights_sitenote_active":false,"_monsterinsights_sitenote_note":"","_monsterinsights_sitenote_category":0,"site-sidebar-layout":"default","site-content-layout":"","ast-site-content-layout":"default","site-content-style":"default","site-sidebar-style":"default","ast-global-header-display":"","ast-banner-title-visibility":"","ast-main-header-display":"","ast-hfb-above-header-display":"","ast-hfb-below-header-display":"","ast-hfb-mobile-header-display":"","site-post-title":"","ast-breadcrumbs-content":"","ast-featured-img":"","footer-sml-layout":"","ast-disable-related-posts":"","theme-transparent-header-meta":"default","adv-header-id-meta":"","stick-header-meta":"","header-above-stick-meta":"","header-main-stick-meta":"","header-below-stick-meta":"","astra-migrate-meta-layouts":"set","ast-page-background-enabled":"default","ast-page-background-meta":{"desktop":{"background-color":"","background-image":"","background-repeat":"repeat","background-position":"center center","background-size":"auto","background-attachment":"scroll","background-type":"","background-media":"","overlay-type":"","overlay-color":"","overlay-opacity":"","overlay-gradient":""},"tablet":{"background-color":"","background-image":"","background-repeat":"repeat","background-position":"center center","background-size":"auto","background-attachment":"scroll","background-type":"","background-media":"","overlay-type":"","overlay-color":"","overlay-opacity":"","overlay-gradient":""},"mobile":{"background-color":"","background-image":"","background-repeat":"repeat","background-position":"center center","background-size":"auto","background-attachment":"scroll","background-type":"","background-media":"","overlay-type":"","overlay-color":"","overlay-opacity":"","overlay-gradient":""}},"ast-content-background-meta":{"desktop":{"background-color":"var(--ast-global-color-5)","background-image":"","background-repeat":"repeat","background-position":"center center","background-size":"auto","background-attachment":"scroll","background-type":"","background-media":"","overlay-type":"","overlay-color":"","overlay-opacity":"","overlay-gradient":""},"tablet":{"background-color":"var(--ast-global-color-5)","background-image":"","background-repeat":"repeat","background-position":"center center","background-size":"auto","background-attachment":"scroll","background-type":"","background-media":"","overlay-type":"","overlay-color":"","overlay-opacity":"","overlay-gradient":""},"mobile":{"background-color":"var(--ast-global-color-5)","background-image":"","background-repeat":"repeat","background-position":"center center","background-size":"auto","background-attachment":"scroll","background-type":"","background-media":"","overlay-type":"","overlay-color":"","overlay-opacity":"","overlay-gradient":""}},"_joinchat":{"telephone":"17776015835"}},"product_brand":[],"product_cat":[69,152,158,142,147,290],"product_tag":[165,291,287,94,292],"class_list":{"0":"post-3974","1":"product","2":"type-product","3":"status-publish","4":"has-post-thumbnail","6":"product_cat-20000-puff","7":"product_cat-buy-disposable-vapes-in-cermany","8":"product_cat-buy-disposable-vapes-in-spain","9":"product_cat-digital-box-disposable-vapes","10":"product_cat-shisha-hookah-disposable-vapes","11":"product_cat-vopk-vape","12":"product_tag-cheap-vapes","13":"product_tag-disposable-shisha-hookah","14":"product_tag-disposable-vape-pen","15":"product_tag-rechargeable-disposable-vape","16":"product_tag-vopk-shisha-bar-20000","17":"desktop-align-left","18":"tablet-align-left","19":"mobile-align-left","21":"first","22":"instock","23":"sale","24":"shipping-taxable","25":"purchasable","26":"product-type-simple"},"acf":[],"uagb_featured_image_src":{"full":["https:\/\/vapestornado.com\/wp-content\/uploads\/2025\/03\/VOPK-Shisha-Hookah-Bar-20000-Puffs.png",800,800,false],"thumbnail":["https:\/\/vapestornado.com\/wp-content\/uploads\/2025\/03\/VOPK-Shisha-Hookah-Bar-20000-Puffs-150x150.png",150,150,true],"medium":["https:\/\/vapestornado.com\/wp-content\/uploads\/2025\/03\/VOPK-Shisha-Hookah-Bar-20000-Puffs-300x300.png",300,300,true],"medium_large":["https:\/\/vapestornado.com\/wp-content\/uploads\/2025\/03\/VOPK-Shisha-Hookah-Bar-20000-Puffs-768x768.png",768,768,true],"large":["https:\/\/vapestornado.com\/wp-content\/uploads\/2025\/03\/VOPK-Shisha-Hookah-Bar-20000-Puffs.png",800,800,false],"1536x1536":["https:\/\/vapestornado.com\/wp-content\/uploads\/2025\/03\/VOPK-Shisha-Hookah-Bar-20000-Puffs.png",800,800,false],"2048x2048":["https:\/\/vapestornado.com\/wp-content\/uploads\/2025\/03\/VOPK-Shisha-Hookah-Bar-20000-Puffs.png",800,800,false],"trp-custom-language-flag":["https:\/\/vapestornado.com\/wp-content\/uploads\/2025\/03\/VOPK-Shisha-Hookah-Bar-20000-Puffs.png",12,12,false],"woocommerce_thumbnail":["https:\/\/vapestornado.com\/wp-content\/uploads\/2025\/03\/VOPK-Shisha-Hookah-Bar-20000-Puffs-300x300.png",300,300,true],"woocommerce_single":["https:\/\/vapestornado.com\/wp-content\/uploads\/2025\/03\/VOPK-Shisha-Hookah-Bar-20000-Puffs-600x600.png",600,600,true],"woocommerce_gallery_thumbnail":["https:\/\/vapestornado.com\/wp-content\/uploads\/2025\/03\/VOPK-Shisha-Hookah-Bar-20000-Puffs-100x100.png",100,100,true]},"uagb_author_info":{"display_name":"ESAMY","author_link":"https:\/\/vapestornado.com\/sk\/author\/"},"uagb_comment_info":0,"uagb_excerpt":"The Vopk Shisha Hookah 20000 Puffs Vape Bar delivers DTL vapor, 28ml e-liquid, and a digital screen. A stylish, rechargeable option for wholesale buyers in Europe. Add Amy's whatsapp to get right reply and discount price! WhatsApp: +86 17776015835 &nbsp;","_links":{"self":[{"href":"https:\/\/vapestornado.com\/sk\/wp-json\/wp\/v2\/product\/3974","targetHints":{"allow":["GET"]}}],"collection":[{"href":"https:\/\/vapestornado.com\/sk\/wp-json\/wp\/v2\/product"}],"about":[{"href":"https:\/\/vapestornado.com\/sk\/wp-json\/wp\/v2\/types\/product"}],"replies":[{"embeddable":true,"href":"https:\/\/vapestornado.com\/sk\/wp-json\/wp\/v2\/comments?post=3974"}],"wp:featuredmedia":[{"embeddable":true,"href":"https:\/\/vapestornado.com\/sk\/wp-json\/wp\/v2\/media\/3965"}],"wp:attachment":[{"href":"https:\/\/vapestornado.com\/sk\/wp-json\/wp\/v2\/media?parent=3974"}],"wp:term":[{"taxonomy":"product_brand","embeddable":true,"href":"https:\/\/vapestornado.com\/sk\/wp-json\/wp\/v2\/product_brand?post=3974"},{"taxonomy":"product_cat","embeddable":true,"href":"https:\/\/vapestornado.com\/sk\/wp-json\/wp\/v2\/product_cat?post=3974"},{"taxonomy":"product_tag","embeddable":true,"href":"https:\/\/vapestornado.com\/sk\/wp-json\/wp\/v2\/product_tag?post=3974"}],"curies":[{"name":"wp","href":"https:\/\/api.w.org\/{rel}","templated":true}]}}