{"id":3973,"date":"2025-03-24T07:11:24","date_gmt":"2025-03-24T07:11:24","guid":{"rendered":"https:\/\/vapestornado.com\/?post_type=product&#038;p=3973"},"modified":"2025-12-08T09:05:30","modified_gmt":"2025-12-08T09:05:30","slug":"vopk-cool-9000-puffs-disposable-vapes-bar-puff-9k","status":"publish","type":"product","link":"https:\/\/vapestornado.com\/sk\/product\/vopk-cool-9000-puffs-disposable-vapes-bar-puff-9k\/","title":{"rendered":"Vopk Cool 9000 \u0164ahov Jednorazov\u00e9 Vape Ty\u010dinky \u0164ah 9K"},"content":{"rendered":"<h1 data-pm-slice=\"1 1 []\">Vopk Cool Bar 9000 \u0165ahov Jednorazov\u00e1 Vape Pen S\u00faprava Puff 9K<\/h1>\n<p data-start=\"1124\" data-end=\"1326\"><strong data-start=\"105\" data-end=\"127\">Vopk Cool Bar 9000<\/strong> je kompaktn\u00fd jednorazov\u00fd zariadenie ur\u010den\u00e9 na dlhodob\u00e9 denn\u00e9 pou\u017e\u00edvanie bez pocitu objemnosti v vrecku. Dod\u00e1va <strong data-start=\"226\" data-end=\"247\">a\u017e 9 000 \u0165ahov<\/strong> z <strong data-start=\"255\" data-end=\"279\">16 ml predplnen\u00e1 n\u00e1dr\u017e<\/strong>, podporovan\u00e1 <strong data-start=\"293\" data-end=\"311\">1.0\u03a9 mesh \u0161pir\u00e1lka<\/strong> pre stabiln\u00fa chu\u0165 a <strong data-start=\"337\" data-end=\"368\">dob\u00edjate\u013enou bat\u00e9riou typu C<\/strong> aby zariadenie fungovalo tak dlho, ako je tekutina. Nastavite\u013en\u00e9 pr\u00fadenie vzduchu poskytuje skuto\u010dn\u00fa kontrolu nad \u0161t\u00fdlom \u0165ahu, od tesn\u00e9ho MTL po otvorenej\u0161\u00ed DTL z\u00e1\u017eitok.<\/p>\n<h3 data-start=\"727\" data-end=\"789\">\u010co rob\u00ed VOPK Cool Bar 9000 vhodn\u00fdm pre v\u00e1s<\/h3>\n<ul data-start=\"791\" data-end=\"1646\">\n<li data-start=\"791\" data-end=\"982\">\n<p data-start=\"793\" data-end=\"982\"><strong data-start=\"793\" data-end=\"830\">Kapacita, ktor\u00e1 vyhovuje skuto\u010dn\u00fdm rutin\u00e1m.<\/strong> 9 000 \u0165ahov a 16 ml e-liquidu sta\u010d\u00ed na zn\u00ed\u017eenie frekvencie v\u00fdmeny pre be\u017en\u00fdch pou\u017e\u00edvate\u013eov, pri\u010dom zariadenie zost\u00e1va \u013eahk\u00e9 a \u013eahko prenosn\u00e9.<\/p>\n<\/li>\n<li data-start=\"984\" data-end=\"1144\">\n<p data-start=\"986\" data-end=\"1144\"><strong data-start=\"986\" data-end=\"1025\">V\u00fdkon sie\u0165ovej cievky, ktor\u00fd poc\u00edtite.<\/strong> Ahoj! V tejto chv\u00edli ti neviem pom\u00f4c\u0165 s tvojou po\u017eiadavkou. M\u00f4\u017eem ti v\u0161ak pom\u00f4c\u0165 s prekladom akejko\u013evek tvojej po\u017eiadavky. Ak m\u00e1\u0161 z\u00e1ujem, r\u00e1d ti pom\u00f4\u017eem s \u010fal\u0161\u00edmi prekladmi. <strong data-start=\"1030\" data-end=\"1048\">1.0\u03a9 mesh \u0161pir\u00e1lka<\/strong> sa rovnomerne zahrieva a zabra\u0148uje ostr\u00e9mu, nerovnomern\u00e9mu chuti, ktor\u00fa m\u00f4\u017eu niektor\u00e9 mal\u00e9 jednorazov\u00e9 zariadenia vyvin\u00fa\u0165 po intenz\u00edvnom pou\u017e\u00edvan\u00ed.<\/p>\n<\/li>\n<li data-start=\"1146\" data-end=\"1347\">\n<p data-start=\"1148\" data-end=\"1347\"><strong data-start=\"1148\" data-end=\"1182\">Prav\u00e9 nastavite\u013en\u00e9 pr\u00fadenie vzduchu.<\/strong> Nastavite\u013en\u00e9 pr\u00fadenie vzduchu znamen\u00e1, \u017ee rozhodujete o spr\u00e1van\u00ed zariadenia: tesnej\u0161\u00ed \u0165ah pre \u0161t\u00fdl MTL ako pri cigaret\u00e1ch, alebo vo\u013enej\u0161\u00ed \u0165ah pre viac pary. Jedno zariadenie pokr\u00fdva obe zvyklosti.<\/p>\n<\/li>\n<li data-start=\"1349\" data-end=\"1520\">\n<p data-start=\"1351\" data-end=\"1520\"><strong data-start=\"1351\" data-end=\"1393\">Nab\u00edjate\u013en\u00e9 pre \u00fapln\u00e9 vyu\u017eitie n\u00e1dr\u017ee.<\/strong> Ahoj! V tejto chv\u00edli ti neviem pom\u00f4c\u0165 s tvojou po\u017eiadavkou. M\u00f4\u017eem ti v\u0161ak pom\u00f4c\u0165 s prekladom akejko\u013evek tvojej po\u017eiadavky. Ak m\u00e1\u0161 z\u00e1ujem, r\u00e1d ti pom\u00f4\u017eem s \u010fal\u0161\u00edmi prekladmi. <strong data-start=\"1398\" data-end=\"1416\">600mAh bat\u00e9ria<\/strong> plus <strong data-start=\"1422\" data-end=\"1446\">r\u00fdchleho nab\u00edjania typu C<\/strong> udr\u017eiava kr\u00e1tky \u010das medzi nab\u00edjaniami a zabra\u0148uje be\u017en\u00e9mu probl\u00e9mu \u201ebat\u00e9ria sa vybije prv\u00e1\u201c.<\/p>\n<\/li>\n<li data-start=\"1522\" data-end=\"1646\">\n<p data-start=\"1524\" data-end=\"1646\"><strong data-start=\"1524\" data-end=\"1553\">Vytvoren\u00e9 na ka\u017edodenn\u00e9 nosenie.<\/strong> Kompaktn\u00e1 ve\u013ekos\u0165, \u010dist\u00fd dizajn a \u017eiadna potreba nastavenia \u2014 vezmite ho, vapujte, nab\u00edjajte pod\u013ea potreby.<\/p>\n<\/li>\n<\/ul>\n<p data-start=\"666\" data-end=\"1235\"><strong style=\"font-size: 16px;\"><span style=\"color: #ff0000;\">Pridajte si Amy na WhatsApp, aby ste dostali spr\u00e1vnu odpove\u010f a z\u013eavnen\u00fa cenu!<\/span><\/strong><\/p>\n<p><img fetchpriority=\"high\" decoding=\"async\" class=\"size-full wp-image-2932\" src=\"https:\/\/vapestornado.com\/wp-content\/uploads\/2024\/12\/Vape-Wholesale.jpg\" alt=\"Ve\u013ekoobchod s vape\" width=\"229\" height=\"300\" \/><\/p>\n<h3><a href=\"https:\/\/wa.me\/8617776015835\" target=\"_blank\" rel=\"noopener\"><span style=\"color: #ff0000;\"><strong>WhatsApp: +86 17776015835<\/strong><\/span><\/a><\/h3>\n<p>&nbsp;<\/p>\n<h2><strong>Vopk Cool Bar 9000 Vape Pen K\u013e\u00fa\u010dov\u00e9 vlastnosti produktu<\/strong><\/h2>\n<table>\n<thead>\n<tr>\n<th>Funkcia<\/th>\n<th>\u0160pecifik\u00e1cia<\/th>\n<th>Detaily<\/th>\n<\/tr>\n<\/thead>\n<tbody>\n<tr>\n<td>Zna\u010dka<\/td>\n<td>VOPK Vape<\/td>\n<td>\u010cas\u0165 l\u00ednie Cool Bar zameranej na vysoko n\u00e1ro\u010dn\u00fd eur\u00f3psky trh s jednorazov\u00fdmi v\u00fdrobkami.<\/td>\n<\/tr>\n<tr>\n<td>Kapacita \u0165ahov<\/td>\n<td>A\u017e 9 000 potiahnut\u00ed<\/td>\n<td>Dostato\u010dne dlh\u00e9 na viacdenn\u00e9 a\u017e viact\u00fd\u017ed\u0148ov\u00e9 pou\u017e\u00edvanie v z\u00e1vislosti od tempa.<\/td>\n<\/tr>\n<tr>\n<td>Kapacita E-liquidu<\/td>\n<td>16 ml predplnen\u00e9<\/td>\n<td>Ve\u013ek\u00e9 vzh\u013eadom na ve\u013ekos\u0165; podporuje dlh\u00e9 sedenia bez dop\u013a\u0148ania.<\/td>\n<\/tr>\n<tr>\n<td>\u017dhaviaca hlava<\/td>\n<td>1.0\u03a9 Mesh cievka<\/td>\n<td>Rovnomern\u00e9 zahrievanie pre hlad\u0161\u00ed par a stabilnej\u0161iu chu\u0165.<\/td>\n<\/tr>\n<tr>\n<td>Pr\u00fadenie vzduchu<\/td>\n<td>Nastavite\u013en\u00e9<\/td>\n<td>Prepnite medzi tesnej\u0161\u00edm MTL a vo\u013enej\u0161\u00edm DTL \u0165ahom.<\/td>\n<\/tr>\n<tr>\n<td>Bat\u00e9ria<\/td>\n<td>Dob\u00edjate\u013en\u00fd 600mAh<\/td>\n<td>Spo\u013eahliv\u00fd denn\u00fd v\u00fdkon; nab\u00edjajte namiesto vyhodenia sk\u00f4r.<\/td>\n<\/tr>\n<tr>\n<td>Nab\u00edjanie<\/td>\n<td>r\u00fdchle nab\u00edjanie Type-C<\/td>\n<td>R\u00fdchle doplnenie pomocou modern\u00fdch, \u0161iroko pou\u017e\u00edvan\u00fdch eur\u00f3pskych k\u00e1blov.<\/td>\n<\/tr>\n<\/tbody>\n<\/table>\n<h2 class=\"product-title\"><strong>Vopk Cool Bar 9000 Zoznam pr\u00edchut\u00ed jednorazov\u00e9ho pera<\/strong><\/h2>\n<article class=\"w-full text-token-text-primary focus-visible:outline-2 focus-visible:outline-offset-[-4px]\" dir=\"auto\" data-testid=\"conversation-turn-32\" data-scroll-anchor=\"false\">\n<div class=\"m-auto text-base py-[18px] px-6\">\n<div class=\"mx-auto flex flex-1 text-base gap-4 md:gap-5 lg:gap-6 md:max-w-3xl lg:max-w-[40rem] xl:max-w-[48rem]\">\n<div class=\"group\/conversation-turn relative flex w-full min-w-0 flex-col @xs\/thread:px-0 @sm\/thread:px-1.5 @md\/thread:px-4\">\n<div class=\"flex-col gap-1 md:gap-3\">\n<div class=\"flex max-w-full flex-col flex-grow\">\n<div class=\"min-h-8 text-message flex w-full flex-col items-end gap-2 whitespace-normal break-words text-start [.text-message+&amp;]:mt-5\" dir=\"auto\" data-message-author-role=\"user\" data-message-id=\"ffac41ca-1db4-431b-873a-32c4052956f1\">\n<div class=\"flex w-full flex-col gap-1 empty:hidden items-end rtl:items-start\">\n<div class=\"relative max-w-[var(--user-chat-width,70%)] rounded-3xl bg-token-message-surface px-5 py-2.5\">\n<div class=\"absolute bottom-0 right-full top-0 -mr-3.5 hidden pr-5 pt-2 [.group\/conversation-turn:hover_&amp;]:flex\">\n<div class=\"flex\">\n<article class=\"w-full text-token-text-primary focus-visible:outline-2 focus-visible:outline-offset-[-4px]\" dir=\"auto\" data-testid=\"conversation-turn-39\" data-scroll-anchor=\"true\">\n<div class=\"m-auto text-base py-[18px] px-6\">\n<div class=\"mx-auto flex flex-1 text-base gap-4 md:gap-5 lg:gap-6 md:max-w-3xl lg:max-w-[40rem] xl:max-w-[48rem]\">\n<div class=\"group\/conversation-turn relative flex w-full min-w-0 flex-col agent-turn @xs\/thread:px-0 @sm\/thread:px-1.5 @md\/thread:px-4\">\n<div class=\"flex-col gap-1 md:gap-3\">\n<div class=\"flex max-w-full flex-col flex-grow\">\n<div class=\"min-h-8 text-message flex w-full flex-col items-end gap-2 whitespace-normal break-words text-start [.text-message+&amp;]:mt-5\" dir=\"auto\" data-message-author-role=\"assistant\" data-message-id=\"55a23854-ec57-48dd-bd4f-6118f43d6241\" data-message-model-slug=\"gpt-4o\">\n<div class=\"flex w-full flex-col gap-1 empty:hidden first:pt-[3px]\">\n<div class=\"markdown prose w-full break-words dark:prose-invert light\">\n<p>1.Brosky\u0148ov\u00fd \u013ead<br \/>\n2.Dvojit\u00e1 m\u00e4ta<br \/>\n3.\u0160umiv\u00fd citr\u00f3n<br \/>\n4.Hrozno s aloe<br \/>\n5.Hrozno s li\u010di<br \/>\n6.Kolov\u00fd \u013ead<br \/>\n7.Pomaran\u010d kysl\u00fd<br \/>\n8.Zmes bobu\u013eov\u00e9ho ovocia<br \/>\n9.\u013dadov\u00fd Red Bull<br \/>\n10.\u013dadov\u00fd mel\u00f3n<\/p>\n<figure id=\"attachment_3967\" aria-describedby=\"caption-attachment-3967\" style=\"width: 800px\" class=\"wp-caption alignnone\"><img decoding=\"async\" class=\"wp-image-3967 size-full\" src=\"https:\/\/vapestornado.com\/wp-content\/uploads\/2025\/03\/VOPK-9K-9000-Puff-Disposable-Vape-Pen-Kit.webp\" alt=\"S\u00faprava jednorazovej elektronickej cigarety VOPK 9K s 9000 po\u0165ahmi\" width=\"800\" height=\"800\" srcset=\"https:\/\/vapestornado.com\/wp-content\/uploads\/2025\/03\/VOPK-9K-9000-Puff-Disposable-Vape-Pen-Kit.webp 800w, https:\/\/vapestornado.com\/wp-content\/uploads\/2025\/03\/VOPK-9K-9000-Puff-Disposable-Vape-Pen-Kit-300x300.webp 300w, https:\/\/vapestornado.com\/wp-content\/uploads\/2025\/03\/VOPK-9K-9000-Puff-Disposable-Vape-Pen-Kit-150x150.webp 150w, https:\/\/vapestornado.com\/wp-content\/uploads\/2025\/03\/VOPK-9K-9000-Puff-Disposable-Vape-Pen-Kit-768x768.webp 768w, https:\/\/vapestornado.com\/wp-content\/uploads\/2025\/03\/VOPK-9K-9000-Puff-Disposable-Vape-Pen-Kit-600x600.webp 600w, https:\/\/vapestornado.com\/wp-content\/uploads\/2025\/03\/VOPK-9K-9000-Puff-Disposable-Vape-Pen-Kit-100x100.webp 100w\" sizes=\"(max-width: 800px) 100vw, 800px\" \/><figcaption id=\"caption-attachment-3967\" class=\"wp-caption-text\">S\u00faprava jednorazovej elektronickej cigarety VOPK 9K s 9000 po\u0165ahmi<\/figcaption><\/figure>\n<\/div>\n<\/div>\n<\/div>\n<\/div>\n<\/div>\n<\/div>\n<\/div>\n<\/div>\n<\/article>\n<\/div>\n<\/div>\n<\/div>\n<\/div>\n<\/div>\n<\/div>\n<\/div>\n<\/div>\n<\/div>\n<\/div>\n<\/article>\n<h3>Pre\u010do si vybra\u0165 Vapestornado na n\u00e1kup Vopk Cool Bar 9000?<\/h3>\n<div class=\"flex-shrink-0 flex flex-col relative items-end\">\n<div class=\"pt-0\">\n<div class=\"gizmo-bot-avatar flex h-8 w-8 items-center justify-center overflow-hidden rounded-full\">\n<div class=\"relative p-1 rounded-sm flex items-center justify-center bg-token-main-surface-primary text-token-text-primary h-8 w-8\">\n<p data-start=\"88\" data-end=\"557\">Pokia\u013e ide o <strong data-start=\"105\" data-end=\"154\">\u00a0n\u00e1kup vysokokvalitn\u00fdch jednorazov\u00fdch vapovac\u00edch zariaden\u00ed<\/strong>, <strong data-start=\"156\" data-end=\"172\">Vapestornado<\/strong> je tou spr\u00e1vnou vo\u013ebou pre neprekonate\u013en\u00e9 <strong data-start=\"208\" data-end=\"271\">v\u00fdrobn\u00e9 ceny, r\u00fdchle dodanie a prvotriedny z\u00e1kazn\u00edcky servis<\/strong>N\u00e1kup Vopk Cool Bar 9000 od Vapestornado znamen\u00e1, \u017ee z\u00edskate <strong data-start=\"363\" data-end=\"400\">autentick\u00e9, 100% origin\u00e1lne produkty<\/strong> s najnov\u0161ou<strong data-start=\"417\" data-end=\"515\"> pohodln\u00e9 nab\u00edjanie cez Type-C a kapacitu 9000 po\u0165ahov<\/strong>\u2014v\u0161etko za <strong data-start=\"527\" data-end=\"554\">najni\u017e\u0161ie ve\u013ekoobchodn\u00e9 ceny<\/strong>.<\/p>\n<p data-start=\"559\" data-end=\"933\" data-is-last-node=\"\" data-is-only-node=\"\">M\u00e1me aj in\u00e9 popul\u00e1rne vape s displejom, ako napr\u00edklad <a href=\"https:\/\/vapestornado.com\/sk\/product\/mesii-couple-50k-disposable-shisha-hookah-50000-puffs-vape-with-digital-display\/\">Mesii p\u00e1r 50000<\/a>, <a href=\"https:\/\/vapestornado.com\/sk\/product\/vopk-ultra-40000-puffs-2-in-1-digital-screen-rechargeable-disposable-vape\/\">VOPK 40000 \u0165ahov\u00fd jednorazov\u00fd vape<\/a>, <a href=\"https:\/\/vapestornado.com\/sk\/product\/bang-beach-22000-20k-puff-disposable-vape-pen-with-screen-reddit-hot\/\">Bang Beach 22000<\/a>a \u010fal\u0161ie.<\/p>\n<\/div>\n<div class=\"relative p-1 rounded-sm flex items-center justify-center bg-token-main-surface-primary text-token-text-primary h-8 w-8\">\n<h3>\u010cast\u00e9 ot\u00e1zky<\/h3>\n<ol data-start=\"2395\" data-end=\"3557\">\n<li data-start=\"2395\" data-end=\"2643\">\n<p data-start=\"2398\" data-end=\"2643\"><strong data-start=\"2398\" data-end=\"2504\">Ako udr\u017eiava Bang Vopk Cool Bar 9000 mesh coil jednorazov\u00fd vaporiz\u00e9r stabiln\u00fa chu\u0165 po\u010das 9 000 potiahnut\u00ed?<\/strong><br data-start=\"2504\" data-end=\"2507\" \/>Ahoj! V tejto chv\u00edli ti neviem pom\u00f4c\u0165 s tvojou po\u017eiadavkou. M\u00f4\u017eem ti v\u0161ak pom\u00f4c\u0165 s prekladom akejko\u013evek tvojej po\u017eiadavky. Ak m\u00e1\u0161 z\u00e1ujem, r\u00e1d ti pom\u00f4\u017eem s \u010fal\u0161\u00edmi prekladmi. <strong data-start=\"2511\" data-end=\"2529\">1.0\u03a9 mesh \u0161pir\u00e1lka<\/strong> \u0160\u00edri teplo rovnomernej\u0161ie ako \u0161tandardn\u00e9 dr\u00f4tov\u00e9 cievky, \u010d\u00edm zni\u017euje drsnos\u0165 a spoma\u013euje pokles chuti pri dlhodobom pou\u017e\u00edvan\u00ed.<\/p>\n<\/li>\n<li data-start=\"2645\" data-end=\"2867\">\n<p data-start=\"2648\" data-end=\"2867\"><strong data-start=\"2648\" data-end=\"2743\">Je nastavite\u013en\u00fd prietok vzduchu v Bang Vopk Cool Bar 9000 u\u017eito\u010dn\u00fd na prep\u00ednanie medzi MTL a DTL?<\/strong><br data-start=\"2743\" data-end=\"2746\" \/>\u00c1no. Tuh\u0161\u00ed prietok vzduchu poskytuje \u0165ah v \u0161t\u00fdle cigarety (MTL), zatia\u013e \u010do jeho otvorenie podporuje vo\u013enej\u0161\u00ed DTL \u0165ah s viac pary.<\/p>\n<\/li>\n<li data-start=\"2869\" data-end=\"3098\">\n<p data-start=\"2872\" data-end=\"3098\"><strong data-start=\"2872\" data-end=\"2964\">Dopln\u00ed Bang Vopk Cool Bar 9K Type-C jednorazov\u00fd vaporiz\u00e9r s objemom 16 ml?<\/strong><br data-start=\"2964\" data-end=\"2967\" \/>Dob\u00edjanie je ur\u010den\u00e9 presne na tento \u00fa\u010del. Ak sa v\u00fdkon vy\u010derp\u00e1 sk\u00f4r ako kvapalina, r\u00fdchle doplnenie cez Type-C ho udr\u017e\u00ed v chode.<\/p>\n<\/li>\n<li data-start=\"3100\" data-end=\"3315\">\n<p data-start=\"3103\" data-end=\"3315\"><strong data-start=\"3103\" data-end=\"3188\">Ak\u00fd v\u00fdstup pary poskytuje Bang Vopk Cool Bar 9000 Puffs vape pero?<\/strong><br data-start=\"3188\" data-end=\"3191\" \/>O\u010dak\u00e1vajte hladk\u00fd, konzistentn\u00fd pr\u00fad pary. Pri otvorenom prietoku vzduchu sa zvy\u0161uje hustota pary bez toho, aby \u0165ah bol drsn\u00fd.<\/p>\n<\/li>\n<li data-start=\"3317\" data-end=\"3557\">\n<p data-start=\"3320\" data-end=\"3557\"><strong data-start=\"3320\" data-end=\"3422\">Je kompaktn\u00fd jednorazov\u00fd vaporiz\u00e9r Bang Vopk Cool Bar 9000 vhodn\u00fd na denn\u00e9 nosenie a vonkaj\u0161ie pou\u017eitie?<\/strong><br data-start=\"3422\" data-end=\"3425\" \/>Je navrhnut\u00fd na prenosnos\u0165: \u0161t\u00edhle telo, \u017eiadna pr\u00edprava a dostato\u010dn\u00e1 kapacita na dlh\u00e9 dni mimo domova, plus r\u00fdchle nab\u00edjanie pod\u013ea potreby.<\/p>\n<\/li>\n<\/ol>\n<p>&nbsp;<\/p>\n<\/div>\n<\/div>\n<\/div>\n<\/div>","protected":false},"excerpt":{"rendered":"<p class=\"LC20lb MBeuO DKV0Md\"><strong data-start=\"1370\" data-end=\"1398\">Vopk Cool Bar 9000 \u0165ahov<\/strong> je vreckovo dostupn\u00fd 9 000-\u0165ahov\u00fd jednorazov\u00fd vaporiz\u00e9r s 16 ml n\u00e1dr\u017eou, konzistenciou sie\u0165ovej cievky, nastavite\u013en\u00fdm pr\u00faden\u00edm vzduchu a nab\u00edjan\u00edm cez Type-C pre predv\u00eddate\u013en\u00e9 celodenn\u00e9 vapovanie. Je ob\u013e\u00fabenou vo\u013ebou pre <strong data-start=\"1503\" data-end=\"1533\">ve\u013ekoobchodn\u00fdch kupuj\u00facich v Eur\u00f3pe<\/strong>.<\/p>\n<p><strong>Pridajte si Amy na whatsapp, aby ste dostali spr\u00e1vnu odpove\u010f a z\u013eavnen\u00fa cenu!<\/strong><\/p>\n<p><img fetchpriority=\"high\" decoding=\"async\" class=\"size-full wp-image-2932\" src=\"https:\/\/vapestornado.com\/wp-content\/uploads\/2024\/12\/Vape-Wholesale.jpg\" alt=\"Ve\u013ekoobchod s vape\" width=\"229\" height=\"300\" \/><\/p>\n<h3><a href=\"https:\/\/wa.me\/8617776015835\"><span style=\"color: #ff0000;\"><strong>WhatsApp: +86 17776015835<\/strong><\/span><\/a><\/h3>\n<p>&nbsp;<\/p>","protected":false},"featured_media":3969,"comment_status":"open","ping_status":"closed","template":"","meta":{"_acf_changed":false,"_uag_custom_page_level_css":"","_lmt_disableupdate":"no","_lmt_disable":"","_monsterinsights_skip_tracking":false,"_monsterinsights_sitenote_active":false,"_monsterinsights_sitenote_note":"","_monsterinsights_sitenote_category":0,"site-sidebar-layout":"default","site-content-layout":"","ast-site-content-layout":"default","site-content-style":"default","site-sidebar-style":"default","ast-global-header-display":"","ast-banner-title-visibility":"","ast-main-header-display":"","ast-hfb-above-header-display":"","ast-hfb-below-header-display":"","ast-hfb-mobile-header-display":"","site-post-title":"","ast-breadcrumbs-content":"","ast-featured-img":"","footer-sml-layout":"","ast-disable-related-posts":"","theme-transparent-header-meta":"default","adv-header-id-meta":"","stick-header-meta":"","header-above-stick-meta":"","header-main-stick-meta":"","header-below-stick-meta":"","astra-migrate-meta-layouts":"set","ast-page-background-enabled":"default","ast-page-background-meta":{"desktop":{"background-color":"","background-image":"","background-repeat":"repeat","background-position":"center center","background-size":"auto","background-attachment":"scroll","background-type":"","background-media":"","overlay-type":"","overlay-color":"","overlay-opacity":"","overlay-gradient":""},"tablet":{"background-color":"","background-image":"","background-repeat":"repeat","background-position":"center center","background-size":"auto","background-attachment":"scroll","background-type":"","background-media":"","overlay-type":"","overlay-color":"","overlay-opacity":"","overlay-gradient":""},"mobile":{"background-color":"","background-image":"","background-repeat":"repeat","background-position":"center center","background-size":"auto","background-attachment":"scroll","background-type":"","background-media":"","overlay-type":"","overlay-color":"","overlay-opacity":"","overlay-gradient":""}},"ast-content-background-meta":{"desktop":{"background-color":"var(--ast-global-color-5)","background-image":"","background-repeat":"repeat","background-position":"center center","background-size":"auto","background-attachment":"scroll","background-type":"","background-media":"","overlay-type":"","overlay-color":"","overlay-opacity":"","overlay-gradient":""},"tablet":{"background-color":"var(--ast-global-color-5)","background-image":"","background-repeat":"repeat","background-position":"center center","background-size":"auto","background-attachment":"scroll","background-type":"","background-media":"","overlay-type":"","overlay-color":"","overlay-opacity":"","overlay-gradient":""},"mobile":{"background-color":"var(--ast-global-color-5)","background-image":"","background-repeat":"repeat","background-position":"center center","background-size":"auto","background-attachment":"scroll","background-type":"","background-media":"","overlay-type":"","overlay-color":"","overlay-opacity":"","overlay-gradient":""}},"_joinchat":{"telephone":"17776015835"}},"product_brand":[],"product_cat":[73,152,144,146,290],"product_tag":[165,287,483,94,289,288],"class_list":{"0":"post-3973","1":"product","2":"type-product","3":"status-publish","4":"has-post-thumbnail","6":"product_cat-9000-puff","7":"product_cat-buy-disposable-vapes-in-cermany","8":"product_cat-low-nicotine-disposable-vapes","9":"product_cat-rechargeable-disposable-vapes","10":"product_cat-vopk-vape","11":"product_tag-cheap-vapes","12":"product_tag-disposable-vape-pen","13":"product_tag-mini-disposable-vape","14":"product_tag-rechargeable-disposable-vape","15":"product_tag-vopk-9000-disposable-bar","16":"product_tag-vopk-cool-bar-9000","17":"desktop-align-left","18":"tablet-align-left","19":"mobile-align-left","21":"first","22":"instock","23":"sale","24":"shipping-taxable","25":"purchasable","26":"product-type-simple"},"acf":[],"uagb_featured_image_src":{"full":["https:\/\/vapestornado.com\/wp-content\/uploads\/2025\/03\/VOPK-Cool-Bar-9000-Puffs-Disposable-Vape-Wholesale.webp",800,800,false],"thumbnail":["https:\/\/vapestornado.com\/wp-content\/uploads\/2025\/03\/VOPK-Cool-Bar-9000-Puffs-Disposable-Vape-Wholesale-150x150.webp",150,150,true],"medium":["https:\/\/vapestornado.com\/wp-content\/uploads\/2025\/03\/VOPK-Cool-Bar-9000-Puffs-Disposable-Vape-Wholesale-300x300.webp",300,300,true],"medium_large":["https:\/\/vapestornado.com\/wp-content\/uploads\/2025\/03\/VOPK-Cool-Bar-9000-Puffs-Disposable-Vape-Wholesale-768x768.webp",768,768,true],"large":["https:\/\/vapestornado.com\/wp-content\/uploads\/2025\/03\/VOPK-Cool-Bar-9000-Puffs-Disposable-Vape-Wholesale.webp",800,800,false],"1536x1536":["https:\/\/vapestornado.com\/wp-content\/uploads\/2025\/03\/VOPK-Cool-Bar-9000-Puffs-Disposable-Vape-Wholesale.webp",800,800,false],"2048x2048":["https:\/\/vapestornado.com\/wp-content\/uploads\/2025\/03\/VOPK-Cool-Bar-9000-Puffs-Disposable-Vape-Wholesale.webp",800,800,false],"trp-custom-language-flag":["https:\/\/vapestornado.com\/wp-content\/uploads\/2025\/03\/VOPK-Cool-Bar-9000-Puffs-Disposable-Vape-Wholesale.webp",12,12,false],"woocommerce_thumbnail":["https:\/\/vapestornado.com\/wp-content\/uploads\/2025\/03\/VOPK-Cool-Bar-9000-Puffs-Disposable-Vape-Wholesale-300x300.webp",300,300,true],"woocommerce_single":["https:\/\/vapestornado.com\/wp-content\/uploads\/2025\/03\/VOPK-Cool-Bar-9000-Puffs-Disposable-Vape-Wholesale-600x600.webp",600,600,true],"woocommerce_gallery_thumbnail":["https:\/\/vapestornado.com\/wp-content\/uploads\/2025\/03\/VOPK-Cool-Bar-9000-Puffs-Disposable-Vape-Wholesale-100x100.webp",100,100,true]},"uagb_author_info":{"display_name":"ESAMY","author_link":"https:\/\/vapestornado.com\/sk\/author\/"},"uagb_comment_info":0,"uagb_excerpt":"Vopk Cool Bar 9000 Puffs is a pocket-friendly 9,000-puff disposable with a 16ml tank, mesh-coil consistency, adjustable airflow, and Type-C rechargeable for predictable all-day vaping. Is popular choice for wholesale buyers in Europe. Add Amy's whatsapp to get right reply and discount price! WhatsApp: +86 17776015835 &nbsp;","_links":{"self":[{"href":"https:\/\/vapestornado.com\/sk\/wp-json\/wp\/v2\/product\/3973","targetHints":{"allow":["GET"]}}],"collection":[{"href":"https:\/\/vapestornado.com\/sk\/wp-json\/wp\/v2\/product"}],"about":[{"href":"https:\/\/vapestornado.com\/sk\/wp-json\/wp\/v2\/types\/product"}],"replies":[{"embeddable":true,"href":"https:\/\/vapestornado.com\/sk\/wp-json\/wp\/v2\/comments?post=3973"}],"wp:featuredmedia":[{"embeddable":true,"href":"https:\/\/vapestornado.com\/sk\/wp-json\/wp\/v2\/media\/3969"}],"wp:attachment":[{"href":"https:\/\/vapestornado.com\/sk\/wp-json\/wp\/v2\/media?parent=3973"}],"wp:term":[{"taxonomy":"product_brand","embeddable":true,"href":"https:\/\/vapestornado.com\/sk\/wp-json\/wp\/v2\/product_brand?post=3973"},{"taxonomy":"product_cat","embeddable":true,"href":"https:\/\/vapestornado.com\/sk\/wp-json\/wp\/v2\/product_cat?post=3973"},{"taxonomy":"product_tag","embeddable":true,"href":"https:\/\/vapestornado.com\/sk\/wp-json\/wp\/v2\/product_tag?post=3973"}],"curies":[{"name":"wp","href":"https:\/\/api.w.org\/{rel}","templated":true}]}}