{"id":3952,"date":"2025-03-22T07:37:46","date_gmt":"2025-03-22T07:37:46","guid":{"rendered":"https:\/\/vapestornado.com\/?post_type=product&#038;p=3952"},"modified":"2025-08-23T12:36:01","modified_gmt":"2025-08-23T12:36:01","slug":"mesii-couple-50k-disposable-shisha-hookah-50000-puffs-vape-with-digital-display","status":"publish","type":"product","link":"https:\/\/vapestornado.com\/sk\/product\/mesii-couple-50k-disposable-shisha-hookah-50000-puffs-vape-with-digital-display\/","title":{"rendered":"Mesii Couple 50k Jednorazov\u00e1 vodn\u00e1 fajka Shisha 50000 \u0164ahov Vape s digit\u00e1lnym displejom"},"content":{"rendered":"<h1 data-pm-slice=\"1 1 []\">Mesii Couple 50k Jednorazov\u00e1 vodn\u00e1 fajka Shisha 50000 \u0164ahov Vape s digit\u00e1lnym displejom<\/h1>\n<p>Ahoj! V tejto chv\u00edli ti neviem pom\u00f4c\u0165 s tvojou po\u017eiadavkou. M\u00f4\u017eem ti v\u0161ak pom\u00f4c\u0165 s prekladom akejko\u013evek tvojej po\u017eiadavky. Ak m\u00e1\u0161 z\u00e1ujem, r\u00e1d ti pom\u00f4\u017eem s \u010fal\u0161\u00edmi prekladmi. <strong data-start=\"337\" data-end=\"387\">Mesii Couple 50k Jednorazov\u00e1 Shisha Hookah Vape<\/strong> je ur\u010den\u00fd pre vaperov, ktor\u00ed chc\u00fa rozmanitos\u0165 a v\u00fddr\u017e v jednom elegantnom zariaden\u00ed. Pon\u00faka a\u017e <strong data-start=\"480\" data-end=\"496\">50 000 po\u0165ahov<\/strong>, t\u00e1to shisha vape s vysokou kapacitou prich\u00e1dza s <strong data-start=\"542\" data-end=\"575\">40 ml predplnenou n\u00e1dr\u017ekou na e-liquid<\/strong> a silnou <strong data-start=\"589\" data-end=\"620\">800mAh nab\u00edjate\u013en\u00e1 bat\u00e9ria<\/strong> s nab\u00edjan\u00edm typu C pre spo\u013eahliv\u00e9 a dlhotrvaj\u00face sedenia.<\/p>\n<p>V\u010faka <strong data-start=\"700\" data-end=\"719\">digit\u00e1lny displej<\/strong>, pou\u017e\u00edvatelia m\u00f4\u017eu \u013eahko sledova\u0165 hladinu e-liquidu a v\u00fddr\u017e bat\u00e9rie, zatia\u013e \u010do pokro\u010dil\u00fd <strong data-start=\"797\" data-end=\"821\">Technol\u00f3gia sie\u0165ovej cievky<\/strong> poskytuje hladk\u00fa paru a konzistentne bohat\u00fa chu\u0165. S <strong data-start=\"879\" data-end=\"921\">mo\u017enos\u0165ami nikot\u00ednu 0%, 2%, 3% a 5%<\/strong>, vyhovuje v\u0161etk\u00fdm preferenci\u00e1m \u2013 od pr\u00edle\u017eitostn\u00fdch pou\u017e\u00edvate\u013eov a\u017e po siln\u00fdch vaperov.<\/p>\n<p>Vyberte si z <strong data-start=\"1003\" data-end=\"1043\">10 vzru\u0161uj\u00facich kombin\u00e1ci\u00ed dvoch pr\u00edchut\u00ed<\/strong>, ako napr\u00edklad Watermelon Ice<\/p>\n<p data-start=\"666\" data-end=\"1235\"><strong style=\"font-size: 16px;\"><span style=\"color: #ff0000;\">Pridajte si Amy na WhatsApp, aby ste dostali spr\u00e1vnu odpove\u010f a z\u013eavnen\u00fa cenu!<\/span><\/strong><\/p>\n<p><img fetchpriority=\"high\" decoding=\"async\" class=\"size-full wp-image-2932\" src=\"https:\/\/vapestornado.com\/wp-content\/uploads\/2024\/12\/Vape-Wholesale.jpg\" alt=\"Ve\u013ekoobchod s vape\" width=\"229\" height=\"300\" \/><\/p>\n<h3><a href=\"https:\/\/wa.me\/8617776015835\" target=\"_blank\" rel=\"noopener\"><span style=\"color: #ff0000;\"><strong>WhatsApp: +86 17776015835<\/strong><\/span><\/a><\/h3>\n<p>&nbsp;<\/p>\n<h2><strong>Mesii Couple 50k Jednorazov\u00e1 vodn\u00e1 fajka \u2013 k\u013e\u00fa\u010dov\u00e9 vlastnosti produktu<\/strong><\/h2>\n<p>Zna\u010dka: Mesii<br \/>\nPotiahnut\u00ed: 50 000 potiahnut\u00ed<br \/>\nNic Salt 0% 2% 3% 5%<br \/>\nKapacita: 40 ml<br \/>\nMesh cievka<br \/>\nBat\u00e9ria: 800 mAh nab\u00edjate\u013en\u00e1<br \/>\nDigit\u00e1lny displej<\/p>\n<p>&nbsp;<\/p>\n<figure id=\"attachment_3951\" aria-describedby=\"caption-attachment-3951\" style=\"width: 800px\" class=\"wp-caption alignnone\"><img decoding=\"async\" class=\"wp-image-3951 size-full\" src=\"https:\/\/vapestornado.com\/wp-content\/uploads\/2025\/03\/Original-Mesii-Shisha-Couple-50k-Disposable-Vape-50000-Puffs.webp\" alt=\"Origin\u00e1lna jednorazov\u00e1 vape Mesii Shisha Couple 50k s 50 000 potiahnutiami\" width=\"800\" height=\"800\" srcset=\"https:\/\/vapestornado.com\/wp-content\/uploads\/2025\/03\/Original-Mesii-Shisha-Couple-50k-Disposable-Vape-50000-Puffs.webp 800w, https:\/\/vapestornado.com\/wp-content\/uploads\/2025\/03\/Original-Mesii-Shisha-Couple-50k-Disposable-Vape-50000-Puffs-300x300.webp 300w, https:\/\/vapestornado.com\/wp-content\/uploads\/2025\/03\/Original-Mesii-Shisha-Couple-50k-Disposable-Vape-50000-Puffs-150x150.webp 150w, https:\/\/vapestornado.com\/wp-content\/uploads\/2025\/03\/Original-Mesii-Shisha-Couple-50k-Disposable-Vape-50000-Puffs-768x768.webp 768w, https:\/\/vapestornado.com\/wp-content\/uploads\/2025\/03\/Original-Mesii-Shisha-Couple-50k-Disposable-Vape-50000-Puffs-600x600.webp 600w, https:\/\/vapestornado.com\/wp-content\/uploads\/2025\/03\/Original-Mesii-Shisha-Couple-50k-Disposable-Vape-50000-Puffs-100x100.webp 100w\" sizes=\"(max-width: 800px) 100vw, 800px\" \/><figcaption id=\"caption-attachment-3951\" class=\"wp-caption-text\">Origin\u00e1lna jednorazov\u00e1 vape Mesii Shisha Couple 50k s 50 000 potiahnutiami<\/figcaption><\/figure>\n<h2 class=\"product-title\"><strong>Zoznam pr\u00edchut\u00ed pre Mesii Couple 50k Disposable Shisha<\/strong><\/h2>\n<article class=\"w-full text-token-text-primary focus-visible:outline-2 focus-visible:outline-offset-[-4px]\" dir=\"auto\" data-testid=\"conversation-turn-32\" data-scroll-anchor=\"false\">\n<div class=\"m-auto text-base py-[18px] px-6\">\n<div class=\"mx-auto flex flex-1 text-base gap-4 md:gap-5 lg:gap-6 md:max-w-3xl lg:max-w-[40rem] xl:max-w-[48rem]\">\n<div class=\"group\/conversation-turn relative flex w-full min-w-0 flex-col @xs\/thread:px-0 @sm\/thread:px-1.5 @md\/thread:px-4\">\n<div class=\"flex-col gap-1 md:gap-3\">\n<div class=\"flex max-w-full flex-col flex-grow\">\n<div class=\"min-h-8 text-message flex w-full flex-col items-end gap-2 whitespace-normal break-words text-start [.text-message+&amp;]:mt-5\" dir=\"auto\" data-message-author-role=\"user\" data-message-id=\"ffac41ca-1db4-431b-873a-32c4052956f1\">\n<div class=\"flex w-full flex-col gap-1 empty:hidden items-end rtl:items-start\">\n<div class=\"relative max-w-[var(--user-chat-width,70%)] rounded-3xl bg-token-message-surface px-5 py-2.5\">\n<div class=\"absolute bottom-0 right-full top-0 -mr-3.5 hidden pr-5 pt-2 [.group\/conversation-turn:hover_&amp;]:flex\">\n<div class=\"flex\">\n<article class=\"w-full text-token-text-primary focus-visible:outline-2 focus-visible:outline-offset-[-4px]\" dir=\"auto\" data-testid=\"conversation-turn-39\" data-scroll-anchor=\"true\">\n<div class=\"m-auto text-base py-[18px] px-6\">\n<div class=\"mx-auto flex flex-1 text-base gap-4 md:gap-5 lg:gap-6 md:max-w-3xl lg:max-w-[40rem] xl:max-w-[48rem]\">\n<div class=\"group\/conversation-turn relative flex w-full min-w-0 flex-col agent-turn @xs\/thread:px-0 @sm\/thread:px-1.5 @md\/thread:px-4\">\n<div class=\"flex-col gap-1 md:gap-3\">\n<div class=\"flex max-w-full flex-col flex-grow\">\n<div class=\"min-h-8 text-message flex w-full flex-col items-end gap-2 whitespace-normal break-words text-start [.text-message+&amp;]:mt-5\" dir=\"auto\" data-message-author-role=\"assistant\" data-message-id=\"55a23854-ec57-48dd-bd4f-6118f43d6241\" data-message-model-slug=\"gpt-4o\">\n<div class=\"flex w-full flex-col gap-1 empty:hidden first:pt-[3px]\">\n<div class=\"markdown prose w-full break-words dark:prose-invert light\">\n<p>1. Mel\u00f3nov\u00fd \u013ead<br \/>\n2. Limetkov\u00e1 m\u00e4ta<br \/>\n3. \u010cu\u010doriedkov\u00fd \u013ead<br \/>\n4. \u0160\u0165avnat\u00e1 brosky\u0148a<br \/>\n5. Red Bull<br \/>\n6. Modr\u00fd malinov\u00fd \u013ead<br \/>\n7. \u010cere\u0161\u0148ov\u00fd \u013ead<br \/>\n8. Dvojit\u00e9 jablko s \u013eadom<br \/>\n9. Hrozno s \u013eadom<br \/>\n10. Zmie\u0161an\u00e9 bobule<\/p>\n<\/div>\n<\/div>\n<\/div>\n<\/div>\n<\/div>\n<\/div>\n<\/div>\n<\/div>\n<\/article>\n<\/div>\n<\/div>\n<\/div>\n<\/div>\n<\/div>\n<\/div>\n<\/div>\n<\/div>\n<\/div>\n<\/div>\n<\/article>\n<h2>Pre\u010do si vybra\u0165 Vapestornado pre hromadn\u00fd n\u00e1kup jednorazovej vodnej fajky Mesii Couple 50000?<\/h2>\n<div class=\"flex-shrink-0 flex flex-col relative items-end\">\n<div class=\"pt-0\">\n<div class=\"gizmo-bot-avatar flex h-8 w-8 items-center justify-center overflow-hidden rounded-full\">\n<div class=\"relative p-1 rounded-sm flex items-center justify-center bg-token-main-surface-primary text-token-text-primary h-8 w-8\">\n<p data-start=\"88\" data-end=\"557\">Pokia\u013e ide o <strong data-start=\"105\" data-end=\"154\">\u00a0n\u00e1kup vysokokvalitn\u00fdch jednorazov\u00fdch vapovac\u00edch zariaden\u00ed<\/strong>, <strong data-start=\"156\" data-end=\"172\">Vapestornado<\/strong> je tou spr\u00e1vnou vo\u013ebou pre neprekonate\u013en\u00e9 <strong data-start=\"208\" data-end=\"271\">v\u00fdrobn\u00e9 ceny, r\u00fdchle dodanie a prvotriedny z\u00e1kazn\u00edcky servis<\/strong>N\u00e1kup jednorazovej vodnej fajky Mesii Couple 50k od Vapestornado znamen\u00e1, \u017ee z\u00edskate <strong data-start=\"363\" data-end=\"400\">autentick\u00e9, 100% origin\u00e1lne produkty<\/strong> s najnov\u0161ou <strong data-start=\"417\" data-end=\"515\">technol\u00f3giou digit\u00e1lneho displeja, nab\u00edjan\u00edm cez Type-C a obrovskou kapacitou 45000 \u0165ahov<\/strong>\u2014v\u0161etko za <strong data-start=\"527\" data-end=\"554\">najni\u017e\u0161ie ve\u013ekoobchodn\u00e9 ceny<\/strong>.<\/p>\n<p data-start=\"559\" data-end=\"933\" data-is-last-node=\"\" data-is-only-node=\"\">M\u00e1me aj in\u00e9 popul\u00e1rne vape s displejom, ako napr\u00edklad <a href=\"https:\/\/vapestornado.com\/sk\/product\/bang-leader-50000-puffs-50k-2-in-1-double-flavor-digital-disposable-vape-bulk-price\/\">BANG L\u00edder 50000<\/a>, <a href=\"https:\/\/vapestornado.com\/sk\/product\/vopk-ultra-40000-puffs-2-in-1-digital-screen-rechargeable-disposable-vape\/\">VOPK 40000 \u0165ahov\u00fd jednorazov\u00fd vape<\/a>, <a href=\"https:\/\/vapestornado.com\/sk\/product\/vozol-gear-shisha-25k-25000-puffs-best-dtl-disposable-vape-hookah-cheap-price\/\">Vozol Gear Shisha 25000<\/a>a \u010fal\u0161ie.<\/p>\n<\/div>\n<div class=\"relative p-1 rounded-sm flex items-center justify-center bg-token-main-surface-primary text-token-text-primary h-8 w-8\">\n<h2>\u010cast\u00e9 ot\u00e1zky<\/h2>\n<p><strong>1. Ako dlho vydr\u017e\u00ed Mesii Couple 50K?<\/strong><br \/>\nS\u00a0<strong>50000 \u0165ahmi<\/strong>\u00a0a\u00a0<strong>40ml kapacita e-liquidu<\/strong>, Mesii Couple m\u00f4\u017ee vydr\u017ea\u0165 t\u00fd\u017edne, v z\u00e1vislosti od v\u00e1\u0161ho pou\u017e\u00edvania. The\u00a0<strong>800mAh nab\u00edjate\u013en\u00e1 bat\u00e9ria<\/strong>\u00a0zais\u0165uje, \u017ee zo v\u0161etk\u00fdch seden\u00ed vy\u0165a\u017e\u00edte maximum.<\/p>\n<p><strong>2. M\u00f4\u017eem si nastavi\u0165 silu nikot\u00ednu?<\/strong><br \/>\n\u00c1no! Mesii Couple pon\u00faka\u00a0<strong>Ice<\/strong>, \u010do v\u00e1m umo\u017e\u0148uje vybra\u0165 si z \u00farovn\u00ed nikot\u00ednu 0 %, 2 %, 3 % alebo 5 %, aby vyhovovali va\u0161im preferenci\u00e1m.<\/p>\n<p><strong>3. Je Mesii Couple jednoduch\u00fd na pou\u017e\u00edvanie?<\/strong><br \/>\nAbsol\u00fatne! Mesii Couple je navrhnut\u00fd pre jednoduchos\u0165. Sta\u010d\u00ed vybali\u0165, potiahnu\u0165 a u\u017ei\u0165 si. The\u00a0<strong>digit\u00e1lny displej<\/strong>\u00a0u\u013eah\u010duje sledovanie stavu bat\u00e9rie a hladiny e-liquidu, tak\u017ee v\u017edy budete vedie\u0165, kedy je \u010das dobi\u0165 alebo vymeni\u0165.<\/p>\n<p><strong>4. M\u00f4\u017eem dobi\u0165 Mesii Couple?<\/strong><br \/>\n\u00c1no, Mesii Couple m\u00e1\u00a0<strong>800mAh nab\u00edjate\u013en\u00e1 bat\u00e9ria<\/strong>, tak\u017ee si m\u00f4\u017eete vychutna\u0165 ka\u017ed\u00fd posledn\u00fd potiahnutie bez toho, aby ste premrhali kvapku e-liquidu.<\/p>\n<\/div>\n<\/div>\n<\/div>\n<\/div>","protected":false},"excerpt":{"rendered":"<p>Mesii Couple 50k 50000 \u0164ahov Jednorazov\u00e1 Vape s Displejom Ve\u013ekoobchodn\u00e1 Cena<br \/>\nMesii Couple 50k Jednorazov\u00e1 Shisha Vape Najlep\u0161ia Ponuka v Holandsku<br \/>\nMesii Couple 50000 \u0164ahov Jednorazov\u00e1 Shisha N\u00edzka Cena K\u00fapi\u0165 online<\/p>\n<p><strong>Pridajte si Amy na whatsapp, aby ste dostali spr\u00e1vnu odpove\u010f a z\u013eavnen\u00fa cenu!<\/strong><\/p>\n<p><img fetchpriority=\"high\" decoding=\"async\" class=\"size-full wp-image-2932\" src=\"https:\/\/vapestornado.com\/wp-content\/uploads\/2024\/12\/Vape-Wholesale.jpg\" alt=\"Ve\u013ekoobchod s vape\" width=\"229\" height=\"300\" \/><\/p>\n<h3><a href=\"https:\/\/wa.me\/8617776015835\"><span style=\"color: #ff0000;\"><strong>WhatsApp: +86 17776015835<\/strong><\/span><\/a><\/h3>\n<p>&nbsp;<\/p>","protected":false},"featured_media":3949,"comment_status":"open","ping_status":"closed","template":"","meta":{"_acf_changed":false,"_uag_custom_page_level_css":"","_lmt_disableupdate":"no","_lmt_disable":"","_monsterinsights_skip_tracking":false,"_monsterinsights_sitenote_active":false,"_monsterinsights_sitenote_note":"","_monsterinsights_sitenote_category":0,"site-sidebar-layout":"default","site-content-layout":"","ast-site-content-layout":"default","site-content-style":"default","site-sidebar-style":"default","ast-global-header-display":"","ast-banner-title-visibility":"","ast-main-header-display":"","ast-hfb-above-header-display":"","ast-hfb-below-header-display":"","ast-hfb-mobile-header-display":"","site-post-title":"","ast-breadcrumbs-content":"","ast-featured-img":"","footer-sml-layout":"","ast-disable-related-posts":"","theme-transparent-header-meta":"default","adv-header-id-meta":"","stick-header-meta":"","header-above-stick-meta":"","header-main-stick-meta":"","header-below-stick-meta":"","astra-migrate-meta-layouts":"set","ast-page-background-enabled":"default","ast-page-background-meta":{"desktop":{"background-color":"","background-image":"","background-repeat":"repeat","background-position":"center center","background-size":"auto","background-attachment":"scroll","background-type":"","background-media":"","overlay-type":"","overlay-color":"","overlay-opacity":"","overlay-gradient":""},"tablet":{"background-color":"","background-image":"","background-repeat":"repeat","background-position":"center center","background-size":"auto","background-attachment":"scroll","background-type":"","background-media":"","overlay-type":"","overlay-color":"","overlay-opacity":"","overlay-gradient":""},"mobile":{"background-color":"","background-image":"","background-repeat":"repeat","background-position":"center center","background-size":"auto","background-attachment":"scroll","background-type":"","background-media":"","overlay-type":"","overlay-color":"","overlay-opacity":"","overlay-gradient":""}},"ast-content-background-meta":{"desktop":{"background-color":"var(--ast-global-color-5)","background-image":"","background-repeat":"repeat","background-position":"center center","background-size":"auto","background-attachment":"scroll","background-type":"","background-media":"","overlay-type":"","overlay-color":"","overlay-opacity":"","overlay-gradient":""},"tablet":{"background-color":"var(--ast-global-color-5)","background-image":"","background-repeat":"repeat","background-position":"center center","background-size":"auto","background-attachment":"scroll","background-type":"","background-media":"","overlay-type":"","overlay-color":"","overlay-opacity":"","overlay-gradient":""},"mobile":{"background-color":"var(--ast-global-color-5)","background-image":"","background-repeat":"repeat","background-position":"center center","background-size":"auto","background-attachment":"scroll","background-type":"","background-media":"","overlay-type":"","overlay-color":"","overlay-opacity":"","overlay-gradient":""}},"_joinchat":{"telephone":"17776015835"}},"product_brand":[],"product_cat":[192,151,157,142,277],"product_tag":[105,285,284,94,269],"class_list":{"0":"post-3952","1":"product","2":"type-product","3":"status-publish","4":"has-post-thumbnail","6":"product_cat-50000-puff","7":"product_cat-buy-disposable-vapes-in-france","8":"product_cat-buy-disposable-vapes-in-portugal","9":"product_cat-digital-box-disposable-vapes","10":"product_cat-mesii-vape","11":"product_tag-digital-disposable-vape","12":"product_tag-display-shisha-hookah","13":"product_tag-disposable-shisha","14":"product_tag-rechargeable-disposable-vape","15":"product_tag-vape-with-screen","16":"desktop-align-left","17":"tablet-align-left","18":"mobile-align-left","20":"first","21":"instock","22":"sale","23":"shipping-taxable","24":"purchasable","25":"product-type-simple"},"acf":[],"uagb_featured_image_src":{"full":["https:\/\/vapestornado.com\/wp-content\/uploads\/2025\/03\/Mesii-Shisha-Couple-50000-Puff-Disposable-Vape.webp",800,800,false],"thumbnail":["https:\/\/vapestornado.com\/wp-content\/uploads\/2025\/03\/Mesii-Shisha-Couple-50000-Puff-Disposable-Vape-150x150.webp",150,150,true],"medium":["https:\/\/vapestornado.com\/wp-content\/uploads\/2025\/03\/Mesii-Shisha-Couple-50000-Puff-Disposable-Vape-300x300.webp",300,300,true],"medium_large":["https:\/\/vapestornado.com\/wp-content\/uploads\/2025\/03\/Mesii-Shisha-Couple-50000-Puff-Disposable-Vape-768x768.webp",768,768,true],"large":["https:\/\/vapestornado.com\/wp-content\/uploads\/2025\/03\/Mesii-Shisha-Couple-50000-Puff-Disposable-Vape.webp",800,800,false],"1536x1536":["https:\/\/vapestornado.com\/wp-content\/uploads\/2025\/03\/Mesii-Shisha-Couple-50000-Puff-Disposable-Vape.webp",800,800,false],"2048x2048":["https:\/\/vapestornado.com\/wp-content\/uploads\/2025\/03\/Mesii-Shisha-Couple-50000-Puff-Disposable-Vape.webp",800,800,false],"trp-custom-language-flag":["https:\/\/vapestornado.com\/wp-content\/uploads\/2025\/03\/Mesii-Shisha-Couple-50000-Puff-Disposable-Vape.webp",12,12,false],"woocommerce_thumbnail":["https:\/\/vapestornado.com\/wp-content\/uploads\/2025\/03\/Mesii-Shisha-Couple-50000-Puff-Disposable-Vape-300x300.webp",300,300,true],"woocommerce_single":["https:\/\/vapestornado.com\/wp-content\/uploads\/2025\/03\/Mesii-Shisha-Couple-50000-Puff-Disposable-Vape-600x600.webp",600,600,true],"woocommerce_gallery_thumbnail":["https:\/\/vapestornado.com\/wp-content\/uploads\/2025\/03\/Mesii-Shisha-Couple-50000-Puff-Disposable-Vape-100x100.webp",100,100,true]},"uagb_author_info":{"display_name":"ESAMY","author_link":"https:\/\/vapestornado.com\/sk\/author\/"},"uagb_comment_info":0,"uagb_excerpt":"Mesii Couple 50k 50000 Puffs Disposable Screen Vape Wholesale Price Mesii Couple 50k Disposable Shisha Vape Best Deal in Netherlands Mesii Couple 50000 Puff\u00a0 Disposable Shisha Low\u00a0Price Buy online Add Amy's whatsapp to get right reply and discount price! WhatsApp: +86 17776015835 &nbsp;","_links":{"self":[{"href":"https:\/\/vapestornado.com\/sk\/wp-json\/wp\/v2\/product\/3952","targetHints":{"allow":["GET"]}}],"collection":[{"href":"https:\/\/vapestornado.com\/sk\/wp-json\/wp\/v2\/product"}],"about":[{"href":"https:\/\/vapestornado.com\/sk\/wp-json\/wp\/v2\/types\/product"}],"replies":[{"embeddable":true,"href":"https:\/\/vapestornado.com\/sk\/wp-json\/wp\/v2\/comments?post=3952"}],"wp:featuredmedia":[{"embeddable":true,"href":"https:\/\/vapestornado.com\/sk\/wp-json\/wp\/v2\/media\/3949"}],"wp:attachment":[{"href":"https:\/\/vapestornado.com\/sk\/wp-json\/wp\/v2\/media?parent=3952"}],"wp:term":[{"taxonomy":"product_brand","embeddable":true,"href":"https:\/\/vapestornado.com\/sk\/wp-json\/wp\/v2\/product_brand?post=3952"},{"taxonomy":"product_cat","embeddable":true,"href":"https:\/\/vapestornado.com\/sk\/wp-json\/wp\/v2\/product_cat?post=3952"},{"taxonomy":"product_tag","embeddable":true,"href":"https:\/\/vapestornado.com\/sk\/wp-json\/wp\/v2\/product_tag?post=3952"}],"curies":[{"name":"wp","href":"https:\/\/api.w.org\/{rel}","templated":true}]}}