{"id":3939,"date":"2025-03-21T03:03:23","date_gmt":"2025-03-21T03:03:23","guid":{"rendered":"https:\/\/vapestornado.com\/?post_type=product&#038;p=3939"},"modified":"2025-12-04T07:55:19","modified_gmt":"2025-12-04T07:55:19","slug":"wholesale-vape-zooy-firzen-35000-puffs-fast-shipping-eu-warehouse","status":"publish","type":"product","link":"https:\/\/vapestornado.com\/sk\/product\/wholesale-vape-zooy-firzen-35000-puffs-fast-shipping-eu-warehouse\/","title":{"rendered":"Ve\u013ekoobchodn\u00fd Vape ZOOY Firzen 35000 \u0164ahov R\u00fdchle Doru\u010denie EU Sklad"},"content":{"rendered":"<h1 data-pm-slice=\"1 1 []\">Ve\u013ekoobchodn\u00fd Vape ZOOY Firzen 35000 \u0164ahov R\u00fdchle Doru\u010denie EU Sklad<\/h1>\n<p>Ak chcete jednorazov\u00e9 zariadenie s vysokou kapacitou, ktor\u00e9 m\u00e1 dlh\u00fa \u017eivotnos\u0165, umo\u017e\u0148uje v\u00e1m nastavi\u0165 silu \u013eadu a nikot\u00ednu a je r\u00fdchlo odoslan\u00e9 zo skladu v E\u00da, ZOOY Firzen 35000 poskytuje a\u017e 35 000 potiahnut\u00ed s du\u00e1lnymi mesh cievkami, 3-\u00farov\u0148ovou kontrolou \u013eadu a nikot\u00ednu a nab\u00edjan\u00edm typu C.<\/p>\n<p><strong>Pre\u010do si pou\u017e\u00edvatelia vyberaj\u00fa vape ZOOY Firzen 35000 Puffs s nastavite\u013en\u00fdm nikot\u00ednom a \u013eadom?<\/strong><\/p>\n<ul>\n<li data-start=\"772\" data-end=\"970\">\n<p data-start=\"774\" data-end=\"970\"><strong data-start=\"774\" data-end=\"820\">Mas\u00edvna \u017eivotnos\u0165 bez neust\u00e1lych opakovan\u00fdch n\u00e1kupov:<\/strong> Toto <strong data-start=\"826\" data-end=\"857\">35 000 potiahnut\u00ed jednorazovej vape<\/strong> je skon\u0161truovan\u00e1 pre dlhodob\u00e9 pou\u017e\u00edvanie s <strong data-start=\"891\" data-end=\"915\">30 ml predplnenej n\u00e1dr\u017eke<\/strong>, tak\u017ee ju vymie\u0148ate ove\u013ea menej \u010dasto ako zariadenia s 10 000 \u2013 20 000 potiahnutiami.<\/p>\n<\/li>\n<li data-start=\"971\" data-end=\"1150\">\n<p data-start=\"973\" data-end=\"1150\"><strong data-start=\"973\" data-end=\"1022\">Nastavite\u013en\u00e1 kontrola \u013eadu a nikot\u00ednu (3 \u00farovne):<\/strong> Nala\u010fte si jemn\u00fd chlad alebo hlbok\u00fd \u013eadov\u00fd z\u00e1sah a vyberte si intenzitu nikot\u00ednu \u2013 skvel\u00e9 pre pou\u017e\u00edvate\u013eov, ktor\u00ed chc\u00fa ma\u0165 kontrolu v jednorazovom zariaden\u00ed.<\/p>\n<\/li>\n<li data-start=\"1151\" data-end=\"1281\">\n<p data-start=\"1153\" data-end=\"1281\"><strong data-start=\"1153\" data-end=\"1181\">Chu\u0165 zost\u00e1va konzistentn\u00e1:<\/strong> <strong data-start=\"1182\" data-end=\"1206\">Du\u00e1lne 1,0\u03a9 mesh cievky<\/strong> sa zahrievaj\u00fa rovnomerne pre hladk\u00fd pr\u00fad vzduchu a stabiln\u00fa chu\u0165 od prv\u00e9ho do posledn\u00e9ho potiahnutia.<\/p>\n<\/li>\n<li data-start=\"1282\" data-end=\"1434\">\n<p data-start=\"1284\" data-end=\"1434\"><strong data-start=\"1284\" data-end=\"1316\">Nab\u00edjate\u013en\u00e9 pre pln\u00fa hodnotu:<\/strong> A <strong data-start=\"1319\" data-end=\"1360\">650mAh Type-C nab\u00edjate\u013en\u00e1 jednorazov\u00e1<\/strong> bat\u00e9ria v\u00e1m pom\u00f4\u017ee spotrebova\u0165 ka\u017ed\u00fa kvapku e-liquidu namiesto toho, aby sa vybila pred\u010dasne.<\/p>\n<\/li>\n<li data-start=\"1435\" data-end=\"1568\">\n<p data-start=\"1437\" data-end=\"1568\"><strong data-start=\"1437\" data-end=\"1468\">R\u00fdchle doru\u010denie zo skladu v E\u00da:<\/strong> Z\u00e1soby prich\u00e1dzaj\u00fa r\u00fdchlo pre maloobchodn\u00edkov a predajcov, ktor\u00ed potrebuj\u00fa spo\u013eahliv\u00e9 <strong data-start=\"1537\" data-end=\"1567\">ve\u013ekoobchodn\u00e9 dod\u00e1vky vape E\u00da<\/strong>.<\/p>\n<\/li>\n<\/ul>\n<p>M\u00e1me aj in\u00e9 popul\u00e1rne vape s displejom, ako napr\u00edklad <a href=\"https:\/\/vapestornado.com\/sk\/product\/bang-leader-50000-puffs-50k-2-in-1-double-flavor-digital-disposable-vape-bulk-price\/\">BANG Leader 50k<\/a>, <a href=\"https:\/\/vapestornado.com\/sk\/product\/vopk-ultra-40000-puffs-2-in-1-digital-screen-rechargeable-disposable-vape\/\">VOPK 40k Puff Jednorazov\u00e1 Vape<\/a>, <a href=\"https:\/\/vapestornado.com\/sk\/product\/vozol-gear-shisha-25k-25000-puffs-best-dtl-disposable-vape-hookah-cheap-price\/\">Vozol Gear Shisha 25000<\/a>a \u010fal\u0161ie.<\/p>\n<p data-start=\"666\" data-end=\"1235\"><strong style=\"font-size: 16px;\"><span style=\"color: #ff0000;\">Pridajte si Amy na WhatsApp, aby ste dostali spr\u00e1vnu odpove\u010f a z\u013eavnen\u00fa cenu!<\/span><\/strong><\/p>\n<p><img fetchpriority=\"high\" decoding=\"async\" class=\"size-full wp-image-2932\" src=\"https:\/\/vapestornado.com\/wp-content\/uploads\/2024\/12\/Vape-Wholesale.jpg\" alt=\"Ve\u013ekoobchod s vape\" width=\"229\" height=\"300\" \/><\/p>\n<h3><a href=\"https:\/\/wa.me\/8617776015835\" target=\"_blank\" rel=\"noopener\"><span style=\"color: #ff0000;\"><strong>WhatsApp: +86 17776015835<\/strong><\/span><\/a><\/h3>\n<p>&nbsp;<\/p>\n<h2><strong>ZOOY Firzen 35000 K\u013e\u00fa\u010dov\u00e9 vlastnosti produktu<\/strong><\/h2>\n<table>\n<thead>\n<tr>\n<th>Parameter<\/th>\n<th align=\"right\">\u0160pecifik\u00e1cia<\/th>\n<th>\u013dudsk\u00e9 vysvetlenie<\/th>\n<\/tr>\n<\/thead>\n<tbody>\n<tr>\n<td>Zna\u010dka<\/td>\n<td align=\"right\">ZOOY<\/td>\n<td>Rozpoznate\u013en\u00e1 l\u00ednia pre opakovan\u00e9 n\u00e1kupy.<\/td>\n<\/tr>\n<tr>\n<td>Kapacita \u0165ahov<\/td>\n<td align=\"right\">A\u017e 35 000 potiahnut\u00ed<\/td>\n<td>Vysokokapacitn\u00fd jednorazov\u00fd vape, ktor\u00fd vydr\u017e\u00ed ove\u013ea dlh\u0161ie ako \u0161tandardn\u00e9 modely.<\/td>\n<\/tr>\n<tr>\n<td>Objem E-Liquidu<\/td>\n<td align=\"right\">30 ml predplnen\u00e9<\/td>\n<td>Ve\u013ek\u00e1 n\u00e1dr\u017e podporuje dlh\u00fa \u017eivotnos\u0165 bez dop\u013a\u0148ania.<\/td>\n<\/tr>\n<tr>\n<td>Typ \u0160pir\u00e1lky<\/td>\n<td align=\"right\">Du\u00e1lne 1,0\u03a9 mesh cievky<\/td>\n<td>Rovnomern\u00e9 ohrievanie = hlad\u0161\u00ed prietok vzduchu, bohat\u0161ia chu\u0165, menej vyblednutia.<\/td>\n<\/tr>\n<tr>\n<td>Bat\u00e9ria<\/td>\n<td align=\"right\">650mAh nab\u00edjate\u013en\u00e1<\/td>\n<td>Nab\u00edjajte, aby ste spotrebovali v\u0161etku tekutinu namiesto plytvania n\u00e1dychmi.<\/td>\n<\/tr>\n<tr>\n<td>Nab\u00edjanie<\/td>\n<td align=\"right\">USB Type-C<\/td>\n<td>Modern\u00fd, r\u00fdchly, \u0161iroko kompatibiln\u00fd \u0161tandard nab\u00edjania.<\/td>\n<\/tr>\n<tr>\n<td>Ovl\u00e1danie \u013eadu a nikot\u00ednu<\/td>\n<td align=\"right\">3 nastavite\u013en\u00e9 \u00farovne<\/td>\n<td>Vyberte si \u013eahk\u00e9 ochladenie alebo siln\u00fd \u013ead a dola\u010fte intenzitu nikot\u00ednu.<\/td>\n<\/tr>\n<tr>\n<td>Osvetlenie<\/td>\n<td align=\"right\">RGB sveteln\u00fd dizajn (3 farby)<\/td>\n<td>\u0160t\u00fdlov\u00fd vizu\u00e1lny efekt, ktor\u00fd vynik\u00e1 v ruke aj na poli\u010dk\u00e1ch.<\/td>\n<\/tr>\n<tr>\n<td>Hmotnos\u0165 tela<\/td>\n<td align=\"right\">90 g<\/td>\n<td>Dostato\u010dne \u013eahk\u00fd na ka\u017edodenn\u00e9 nosenie.<\/td>\n<\/tr>\n<tr>\n<td>Ve\u013ekos\u0165<\/td>\n<td align=\"right\">103,5 \u00d7 45 \u00d7 21 mm<\/td>\n<td>Kompaktn\u00fd, do vrecka priate\u013esk\u00fd tvar.<\/td>\n<\/tr>\n<tr>\n<td>Mo\u017enosti chuti<\/td>\n<td align=\"right\">10 pr\u00edchut\u00ed<\/td>\n<td>R\u00f4znorodos\u0165 pre r\u00f4zne preferencie z\u00e1kazn\u00edkov.<\/td>\n<\/tr>\n<tr>\n<td>Doru\u010denie<\/td>\n<td align=\"right\">R\u00fdchle doru\u010denie zo skladu v E\u00da<\/td>\n<td>R\u00fdchlej\u0161ie dodanie a spo\u013eahlivej\u0161ie ve\u013ekoobchodn\u00e9 dop\u013a\u0148anie na Slovensku.<\/td>\n<\/tr>\n<\/tbody>\n<\/table>\n<h2 class=\"product-title\"><strong>ZOOY Firzen 35000 Zoznam pr\u00edchut\u00ed<\/strong><\/h2>\n<article class=\"w-full text-token-text-primary focus-visible:outline-2 focus-visible:outline-offset-[-4px]\" dir=\"auto\" data-testid=\"conversation-turn-32\" data-scroll-anchor=\"false\">\n<div class=\"m-auto text-base py-[18px] px-6\">\n<div class=\"mx-auto flex flex-1 text-base gap-4 md:gap-5 lg:gap-6 md:max-w-3xl lg:max-w-[40rem] xl:max-w-[48rem]\">\n<div class=\"group\/conversation-turn relative flex w-full min-w-0 flex-col @xs\/thread:px-0 @sm\/thread:px-1.5 @md\/thread:px-4\">\n<div class=\"flex-col gap-1 md:gap-3\">\n<div class=\"flex max-w-full flex-col flex-grow\">\n<div class=\"min-h-8 text-message flex w-full flex-col items-end gap-2 whitespace-normal break-words text-start [.text-message+&amp;]:mt-5\" dir=\"auto\" data-message-author-role=\"user\" data-message-id=\"ffac41ca-1db4-431b-873a-32c4052956f1\">\n<div class=\"flex w-full flex-col gap-1 empty:hidden items-end rtl:items-start\">\n<div class=\"relative max-w-[var(--user-chat-width,70%)] rounded-3xl bg-token-message-surface px-5 py-2.5\">\n<div class=\"absolute bottom-0 right-full top-0 -mr-3.5 hidden pr-5 pt-2 [.group\/conversation-turn:hover_&amp;]:flex\">\n<div class=\"flex\">\n<article class=\"w-full text-token-text-primary focus-visible:outline-2 focus-visible:outline-offset-[-4px]\" dir=\"auto\" data-testid=\"conversation-turn-39\" data-scroll-anchor=\"true\">\n<div class=\"m-auto text-base py-[18px] px-6\">\n<div class=\"mx-auto flex flex-1 text-base gap-4 md:gap-5 lg:gap-6 md:max-w-3xl lg:max-w-[40rem] xl:max-w-[48rem]\">\n<div class=\"group\/conversation-turn relative flex w-full min-w-0 flex-col agent-turn @xs\/thread:px-0 @sm\/thread:px-1.5 @md\/thread:px-4\">\n<div class=\"flex-col gap-1 md:gap-3\">\n<div class=\"flex max-w-full flex-col flex-grow\">\n<div class=\"min-h-8 text-message flex w-full flex-col items-end gap-2 whitespace-normal break-words text-start [.text-message+&amp;]:mt-5\" dir=\"auto\" data-message-author-role=\"assistant\" data-message-id=\"55a23854-ec57-48dd-bd4f-6118f43d6241\" data-message-model-slug=\"gpt-4o\">\n<div class=\"flex w-full flex-col gap-1 empty:hidden first:pt-[3px]\">\n<div class=\"markdown prose w-full break-words dark:prose-invert light\">\n<p>1. Mel\u00f3nov\u00fd \u013ead<br \/>\n2. Aloe hrozno<br \/>\n3. Jahodov\u00fd ban\u00e1n<br \/>\n4. Jahoda Malina kiwi<br \/>\n5. \u010cu\u010doriedka Malina Limon\u00e1da<br \/>\n6. Anan\u00e1s kokos<br \/>\n7. Mentol<br \/>\n8. Jahoda Mel\u00f3n<br \/>\n9. Zmie\u0161an\u00e9 bobule<br \/>\n10. \u010cernica Brusnica<\/p>\n<\/div>\n<\/div>\n<\/div>\n<\/div>\n<\/div>\n<\/div>\n<\/div>\n<\/div>\n<\/article>\n<\/div>\n<\/div>\n<\/div>\n<\/div>\n<\/div>\n<\/div>\n<\/div>\n<\/div>\n<\/div>\n<\/div>\n<\/article>\n<div class=\"flex-shrink-0 flex flex-col relative items-end\">\n<div class=\"pt-0\">\n<div class=\"gizmo-bot-avatar flex h-8 w-8 items-center justify-center overflow-hidden rounded-full\">\n<div class=\"relative p-1 rounded-sm flex items-center justify-center bg-token-main-surface-primary text-token-text-primary h-8 w-8\">\n<figure id=\"attachment_3936\" aria-describedby=\"caption-attachment-3936\" style=\"width: 800px\" class=\"wp-caption alignnone\"><img decoding=\"async\" class=\"wp-image-3936 size-full\" src=\"https:\/\/vapestornado.com\/wp-content\/uploads\/2025\/03\/Zooy-Firzen-35000-Puffs-Vape-Pen-Low-Pirce.webp\" alt=\"Zooy Firzen 35000 \u0164ahov Vape Pen N\u00edzka Cena\" width=\"800\" height=\"800\" srcset=\"https:\/\/vapestornado.com\/wp-content\/uploads\/2025\/03\/Zooy-Firzen-35000-Puffs-Vape-Pen-Low-Pirce.webp 800w, https:\/\/vapestornado.com\/wp-content\/uploads\/2025\/03\/Zooy-Firzen-35000-Puffs-Vape-Pen-Low-Pirce-300x300.webp 300w, https:\/\/vapestornado.com\/wp-content\/uploads\/2025\/03\/Zooy-Firzen-35000-Puffs-Vape-Pen-Low-Pirce-150x150.webp 150w, https:\/\/vapestornado.com\/wp-content\/uploads\/2025\/03\/Zooy-Firzen-35000-Puffs-Vape-Pen-Low-Pirce-768x768.webp 768w, https:\/\/vapestornado.com\/wp-content\/uploads\/2025\/03\/Zooy-Firzen-35000-Puffs-Vape-Pen-Low-Pirce-600x600.webp 600w, https:\/\/vapestornado.com\/wp-content\/uploads\/2025\/03\/Zooy-Firzen-35000-Puffs-Vape-Pen-Low-Pirce-100x100.webp 100w\" sizes=\"(max-width: 800px) 100vw, 800px\" \/><figcaption id=\"caption-attachment-3936\" class=\"wp-caption-text\">Zooy Firzen 35000 \u0164ahov Vape Pen N\u00edzka Cena<\/figcaption><\/figure>\n<\/div>\n<div class=\"relative p-1 rounded-sm flex items-center justify-center bg-token-main-surface-primary text-token-text-primary h-8 w-8\">\n<h3>\u010cast\u00e9 ot\u00e1zky<\/h3>\n<p data-start=\"1639\" data-end=\"1956\"><strong data-start=\"1639\" data-end=\"1734\">Q: \u201eSom unaven\u00fd z jednorazoviek, ktor\u00e9 sa r\u00fdchlo min\u00fa. Bude ZOOY Firzen 35000 naozaj vydr\u017ea\u0165?\u201c<\/strong><br data-start=\"1734\" data-end=\"1737\" \/><strong data-start=\"1737\" data-end=\"1743\">A:<\/strong> \u00c1no. The <strong data-start=\"1753\" data-end=\"1796\">ZOOY Firzen 35000 Pufov Jednorazov\u00fd Vaporiz\u00e9r<\/strong> je navrhnut\u00fd pre dlh\u00e9 sedenia s <strong data-start=\"1834\" data-end=\"1856\">a\u017e 35 000 pufmi<\/strong> a <strong data-start=\"1863\" data-end=\"1900\">30 ml predplnen\u00e9ho objemu e-liquidu<\/strong>. Pre v\u00e4\u010d\u0161inu pou\u017e\u00edvate\u013eov to znamen\u00e1 <strong data-start=\"1929\" data-end=\"1945\">t\u00fd\u017edne pou\u017e\u00edvania<\/strong>, nie dni.<\/p>\n<p data-start=\"1958\" data-end=\"2202\"><strong data-start=\"1958\" data-end=\"2020\">Q: \u201eStr\u00e1caj\u00fa vysokopufov\u00e9 jednorazovky chu\u0165 v polovici?\u201c<\/strong><br data-start=\"2020\" data-end=\"2023\" \/><strong data-start=\"2023\" data-end=\"2029\">A:<\/strong> Mnoh\u00e9 \u00e1no, ale Firzen je navrhnut\u00fd tak, aby tomu zabr\u00e1nil. Syst\u00e9m <strong data-start=\"2081\" data-end=\"2111\">dvojit\u00e9ho 1.0\u03a9 sie\u0165ov\u00e9ho ohrevu<\/strong> rovnomerne zahrieva e-liquid, udr\u017eiavaj\u00faci hust\u00fd p\u00e1r a hladk\u00fa chu\u0165 po cel\u00fa dobu plnenia tanku.<\/p>\n<p data-start=\"2204\" data-end=\"2546\"><strong data-start=\"2204\" data-end=\"2289\">Q: \u201eChcem ma\u0165 kontrolu nad chladiv\u00fdm pocitom a n\u00e1razom nikot\u00ednu. M\u00f4\u017ee to jednorazovka zvl\u00e1dnu\u0165?\u201c<\/strong><br data-start=\"2289\" data-end=\"2292\" \/><strong data-start=\"2292\" data-end=\"2298\">A:<\/strong> Presne na to je Firzen ur\u010den\u00fd. Jeho <strong data-start=\"2338\" data-end=\"2364\">Ice &amp; Nicotine Control<\/strong> umo\u017e\u0148uje <strong data-start=\"2371\" data-end=\"2398\">tri nastavite\u013en\u00e9 \u00farovne<\/strong>, \u010do v\u00e1m umo\u017e\u0148uje vybra\u0165 si jemn\u00fd chladiv\u00fd pocit alebo siln\u00fd \u013eadov\u00fd n\u00e1raz, a prisp\u00f4sobi\u0165 pocit nikot\u00ednu pod\u013ea va\u0161ich preferenci\u00ed. Je to zriedkav\u00e1 funkcia v tejto kapacitnej triede.<\/p>\n<p data-start=\"2548\" data-end=\"2800\"><strong data-start=\"2548\" data-end=\"2605\">Q: \u201eBude bat\u00e9ria dostato\u010dne dlho vydr\u017ea\u0165 na 35 000 pufov?\u201c<\/strong><br data-start=\"2605\" data-end=\"2608\" \/><strong data-start=\"2608\" data-end=\"2614\">A:<\/strong> Zariadenie pou\u017e\u00edva <strong data-start=\"2633\" data-end=\"2664\">650mAh nab\u00edjate\u013enou bat\u00e9riou<\/strong>, tak\u017ee m\u00f4\u017eete nab\u00edja\u0165 kedyko\u013evek je potrebn\u00e9 a pokra\u010dova\u0165 v vapovan\u00ed, k\u00fdm sa tank nevypr\u00e1zdni. S <strong data-start=\"2751\" data-end=\"2779\">r\u00fdchlym nab\u00edjan\u00edm cez USB typu C<\/strong>, doba ne\u010dinnosti zost\u00e1va n\u00edzka.<\/p>\n<p data-start=\"2802\" data-end=\"3024\"><strong data-start=\"2802\" data-end=\"2856\">Ot\u00e1zka: \u201eJe prenosn\u00fd, alebo pr\u00edli\u0161 objemn\u00fd na ka\u017edodenn\u00e9 nosenie?\u201c<\/strong><br data-start=\"2856\" data-end=\"2859\" \/><strong data-start=\"2859\" data-end=\"2865\">A:<\/strong> Je navrhnut\u00fd tak, aby zostal praktick\u00fd. Pri <strong data-start=\"2898\" data-end=\"2905\">90 g<\/strong> a kompaktnom <strong data-start=\"2920\" data-end=\"2941\">103,5 \u00d7 45 \u00d7 21 mm<\/strong> tele, je \u013eahk\u00fd a vhodn\u00fd do vrecka na doch\u00e1dzanie, cestovanie a celodenn\u00e9 pou\u017e\u00edvanie.<\/p>\n<p data-start=\"3026\" data-end=\"3299\"><strong data-start=\"3026\" data-end=\"3083\">Ot\u00e1zka: \u201eAk\u00e9 pr\u00edchute s\u00fa dostupn\u00e9 a skuto\u010dne popul\u00e1rne?\u201c<\/strong><br data-start=\"3083\" data-end=\"3086\" \/><strong data-start=\"3086\" data-end=\"3092\">A:<\/strong> Firzen prich\u00e1dza v <strong data-start=\"3109\" data-end=\"3139\">10 ob\u013e\u00faben\u00fdch profiloch medzi davom<\/strong>, vr\u00e1tane <strong data-start=\"3151\" data-end=\"3204\">Watermelon Ice, Aloe Grape a Strawberry Banana<\/strong>. Tieto s\u00fa desi<\/p>\n<\/div>\n<\/div>\n<\/div>\n<\/div>","protected":false},"excerpt":{"rendered":"<p>ZOOY Firzen 35000 Puffs Jednorazov\u00fd vaporiz\u00e9r na dlh\u00e9 rel\u00e1cie<br \/>\nZOOY Firzen 35000 s \u013eadom a kontrolou nikot\u00ednu (3 \u00farovne) a dvojit\u00fdmi mrie\u017ekov\u00fdmi cievkami<br \/>\nZOOY Firzen 35000 typu-C dob\u00edjate\u013en\u00fd jednorazov\u00fd vaporiz\u00e9r s r\u00fdchlym doru\u010den\u00edm z eur\u00f3pskeho skladu<\/p>\n<p><strong>Pridajte si Amy na whatsapp, aby ste dostali spr\u00e1vnu odpove\u010f a z\u013eavnen\u00fa cenu!<\/strong><\/p>\n<p><img fetchpriority=\"high\" decoding=\"async\" class=\"size-full wp-image-2932\" src=\"https:\/\/vapestornado.com\/wp-content\/uploads\/2024\/12\/Vape-Wholesale.jpg\" alt=\"Ve\u013ekoobchod s vape\" width=\"229\" height=\"300\" \/><\/p>\n<h3><a href=\"https:\/\/wa.me\/8617776015835\"><span style=\"color: #ff0000;\"><strong>WhatsApp: +86 17776015835<\/strong><\/span><\/a><\/h3>\n<p>&nbsp;<\/p>","protected":false},"featured_media":3935,"comment_status":"open","ping_status":"closed","template":"","meta":{"_acf_changed":false,"_uag_custom_page_level_css":"","_lmt_disableupdate":"no","_lmt_disable":"","_monsterinsights_skip_tracking":false,"_monsterinsights_sitenote_active":false,"_monsterinsights_sitenote_note":"","_monsterinsights_sitenote_category":0,"site-sidebar-layout":"default","site-content-layout":"","ast-site-content-layout":"default","site-content-style":"default","site-sidebar-style":"default","ast-global-header-display":"","ast-banner-title-visibility":"","ast-main-header-display":"","ast-hfb-above-header-display":"","ast-hfb-below-header-display":"","ast-hfb-mobile-header-display":"","site-post-title":"","ast-breadcrumbs-content":"","ast-featured-img":"","footer-sml-layout":"","ast-disable-related-posts":"","theme-transparent-header-meta":"default","adv-header-id-meta":"","stick-header-meta":"","header-above-stick-meta":"","header-main-stick-meta":"","header-below-stick-meta":"","astra-migrate-meta-layouts":"set","ast-page-background-enabled":"default","ast-page-background-meta":{"desktop":{"background-color":"","background-image":"","background-repeat":"repeat","background-position":"center center","background-size":"auto","background-attachment":"scroll","background-type":"","background-media":"","overlay-type":"","overlay-color":"","overlay-opacity":"","overlay-gradient":""},"tablet":{"background-color":"","background-image":"","background-repeat":"repeat","background-position":"center center","background-size":"auto","background-attachment":"scroll","background-type":"","background-media":"","overlay-type":"","overlay-color":"","overlay-opacity":"","overlay-gradient":""},"mobile":{"background-color":"","background-image":"","background-repeat":"repeat","background-position":"center center","background-size":"auto","background-attachment":"scroll","background-type":"","background-media":"","overlay-type":"","overlay-color":"","overlay-opacity":"","overlay-gradient":""}},"ast-content-background-meta":{"desktop":{"background-color":"var(--ast-global-color-5)","background-image":"","background-repeat":"repeat","background-position":"center center","background-size":"auto","background-attachment":"scroll","background-type":"","background-media":"","overlay-type":"","overlay-color":"","overlay-opacity":"","overlay-gradient":""},"tablet":{"background-color":"var(--ast-global-color-5)","background-image":"","background-repeat":"repeat","background-position":"center center","background-size":"auto","background-attachment":"scroll","background-type":"","background-media":"","overlay-type":"","overlay-color":"","overlay-opacity":"","overlay-gradient":""},"mobile":{"background-color":"var(--ast-global-color-5)","background-image":"","background-repeat":"repeat","background-position":"center center","background-size":"auto","background-attachment":"scroll","background-type":"","background-media":"","overlay-type":"","overlay-color":"","overlay-opacity":"","overlay-gradient":""}},"_joinchat":{"telephone":"17776015835"}},"product_brand":[],"product_cat":[19,175,140,152,153,143,144,283],"product_tag":[471,282,281,94,93,280],"class_list":{"0":"post-3939","1":"product","2":"type-product","3":"status-publish","4":"has-post-thumbnail","6":"product_cat-vapes","7":"product_cat-35000-puff","8":"product_cat-big-puffs-disposable-vapes","9":"product_cat-buy-disposable-vapes-in-cermany","10":"product_cat-buy-disposable-vapes-in-italy","11":"product_cat-dual-mesh-disposable-vapes","12":"product_cat-low-nicotine-disposable-vapes","13":"product_cat-zooy-vape","14":"product_tag-35k-puff-vape","15":"product_tag-ice-adjustable","16":"product_tag-nicotine-adjustable","17":"product_tag-rechargeable-disposable-vape","18":"product_tag-vape-wholesale","19":"product_tag-zooy-firzen-35000","20":"desktop-align-left","21":"tablet-align-left","22":"mobile-align-left","24":"first","25":"instock","26":"sale","27":"shipping-taxable","28":"purchasable","29":"product-type-simple"},"acf":[],"uagb_featured_image_src":{"full":["https:\/\/vapestornado.com\/wp-content\/uploads\/2025\/03\/Zooy-Firzen-35000-Puffs-Vape-Near-Me.webp",800,800,false],"thumbnail":["https:\/\/vapestornado.com\/wp-content\/uploads\/2025\/03\/Zooy-Firzen-35000-Puffs-Vape-Near-Me-150x150.webp",150,150,true],"medium":["https:\/\/vapestornado.com\/wp-content\/uploads\/2025\/03\/Zooy-Firzen-35000-Puffs-Vape-Near-Me-300x300.webp",300,300,true],"medium_large":["https:\/\/vapestornado.com\/wp-content\/uploads\/2025\/03\/Zooy-Firzen-35000-Puffs-Vape-Near-Me-768x768.webp",768,768,true],"large":["https:\/\/vapestornado.com\/wp-content\/uploads\/2025\/03\/Zooy-Firzen-35000-Puffs-Vape-Near-Me.webp",800,800,false],"1536x1536":["https:\/\/vapestornado.com\/wp-content\/uploads\/2025\/03\/Zooy-Firzen-35000-Puffs-Vape-Near-Me.webp",800,800,false],"2048x2048":["https:\/\/vapestornado.com\/wp-content\/uploads\/2025\/03\/Zooy-Firzen-35000-Puffs-Vape-Near-Me.webp",800,800,false],"trp-custom-language-flag":["https:\/\/vapestornado.com\/wp-content\/uploads\/2025\/03\/Zooy-Firzen-35000-Puffs-Vape-Near-Me.webp",12,12,false],"woocommerce_thumbnail":["https:\/\/vapestornado.com\/wp-content\/uploads\/2025\/03\/Zooy-Firzen-35000-Puffs-Vape-Near-Me-300x300.webp",300,300,true],"woocommerce_single":["https:\/\/vapestornado.com\/wp-content\/uploads\/2025\/03\/Zooy-Firzen-35000-Puffs-Vape-Near-Me-600x600.webp",600,600,true],"woocommerce_gallery_thumbnail":["https:\/\/vapestornado.com\/wp-content\/uploads\/2025\/03\/Zooy-Firzen-35000-Puffs-Vape-Near-Me-100x100.webp",100,100,true]},"uagb_author_info":{"display_name":"ESAMY","author_link":"https:\/\/vapestornado.com\/sk\/author\/"},"uagb_comment_info":0,"uagb_excerpt":"ZOOY Firzen 35000 Puffs Disposable Vape for Long-Lasting Sessions ZOOY Firzen 35000 with Ice &amp; Nicotine Control (3 Levels) and Dual Mesh Coils ZOOY Firzen 35000 Type-C Rechargeable Disposable with Fast EU Warehouse Shipping Add Amy's whatsapp to get right reply and discount price! WhatsApp: +86 17776015835 &nbsp;","_links":{"self":[{"href":"https:\/\/vapestornado.com\/sk\/wp-json\/wp\/v2\/product\/3939","targetHints":{"allow":["GET"]}}],"collection":[{"href":"https:\/\/vapestornado.com\/sk\/wp-json\/wp\/v2\/product"}],"about":[{"href":"https:\/\/vapestornado.com\/sk\/wp-json\/wp\/v2\/types\/product"}],"replies":[{"embeddable":true,"href":"https:\/\/vapestornado.com\/sk\/wp-json\/wp\/v2\/comments?post=3939"}],"wp:featuredmedia":[{"embeddable":true,"href":"https:\/\/vapestornado.com\/sk\/wp-json\/wp\/v2\/media\/3935"}],"wp:attachment":[{"href":"https:\/\/vapestornado.com\/sk\/wp-json\/wp\/v2\/media?parent=3939"}],"wp:term":[{"taxonomy":"product_brand","embeddable":true,"href":"https:\/\/vapestornado.com\/sk\/wp-json\/wp\/v2\/product_brand?post=3939"},{"taxonomy":"product_cat","embeddable":true,"href":"https:\/\/vapestornado.com\/sk\/wp-json\/wp\/v2\/product_cat?post=3939"},{"taxonomy":"product_tag","embeddable":true,"href":"https:\/\/vapestornado.com\/sk\/wp-json\/wp\/v2\/product_tag?post=3939"}],"curies":[{"name":"wp","href":"https:\/\/api.w.org\/{rel}","templated":true}]}}