{"id":3931,"date":"2025-03-21T07:19:47","date_gmt":"2025-03-21T07:19:47","guid":{"rendered":"https:\/\/vapestornado.com\/?post_type=product&#038;p=3931"},"modified":"2025-08-23T10:52:54","modified_gmt":"2025-08-23T10:52:54","slug":"best-mesii-shisha-heavy-hitter-50000-puff-longest-lasting-disposable-vape","status":"publish","type":"product","link":"https:\/\/vapestornado.com\/sk\/product\/best-mesii-shisha-heavy-hitter-50000-puff-longest-lasting-disposable-vape\/","title":{"rendered":"Najlep\u0161ia vodn\u00e1 fajka Mesii Shisha Heavy Hitter 50000 Puff Najdlh\u0161ie trvaj\u00faci jednorazov\u00fd vape"},"content":{"rendered":"<h1 data-pm-slice=\"1 1 []\">Najlep\u0161ia vodn\u00e1 fajka Mesii Shisha Heavy Hitter 50000 Puff Najdlh\u0161ie trvaj\u00faci jednorazov\u00fd vape<\/h1>\n<p data-start=\"221\" data-end=\"580\">Ahoj! V tejto chv\u00edli ti neviem pom\u00f4c\u0165 s tvojou po\u017eiadavkou. M\u00f4\u017eem ti v\u0161ak pom\u00f4c\u0165 s prekladom akejko\u013evek tvojej po\u017eiadavky. Ak m\u00e1\u0161 z\u00e1ujem, r\u00e1d ti pom\u00f4\u017eem s \u010fal\u0161\u00edmi prekladmi. <strong data-start=\"225\" data-end=\"282\">Mesii Shisha Heavy Hitter 50000 \u0165ahov Jednorazov\u00fd Vape<\/strong> je vyroben\u00fd pre pou\u017e\u00edvate\u013eov, ktor\u00ed chc\u00fa maxim\u00e1lnu v\u00fddr\u017e a v\u00fdrazn\u00e9 podanie chuti v jednom v\u00fdkonnom zariaden\u00ed. S <strong data-start=\"386\" data-end=\"422\">extra ve\u013ekou kapacitou 50 000 potiahnut\u00ed<\/strong>, toto zariadenie patr\u00ed medzi najdlh\u0161ie trvaj\u00face jednorazov\u00e9 zariadenia na trhu, \u010do ho rob\u00ed ve\u013emi atrakt\u00edvnym pre ve\u013ekoobchodn\u00edkov a maloobchodn\u00edkov, ktor\u00ed h\u013eadaj\u00fa spo\u013eahliv\u00e9 z\u00e1soby.<\/p>\n<p data-start=\"582\" data-end=\"908\">Obsahuje <strong data-start=\"592\" data-end=\"613\">du\u00e1lne re\u017eimy vapovania<\/strong>, pou\u017e\u00edvatelia m\u00f4\u017eu prep\u00edna\u0165 medzi dvoma nastaveniami v\u00fdkonu pre prisp\u00f4soben\u00fd z\u00e1\u017eitok \u2013 hladk\u00fd pre ka\u017edodenn\u00e9 pou\u017eitie alebo intenz\u00edvny pre lovcov oblakov. Jeho <strong data-start=\"745\" data-end=\"774\">nastavite\u013en\u00e9ho pr\u00fadenia vzduchu<\/strong> \u010falej prisp\u00f4sobuje ka\u017ed\u00e9 potiahnutie, zatia\u013e \u010do viacero <strong data-start=\"817\" data-end=\"856\">s\u00edl nikot\u00ednu (0%, 2%, 3%, 5%)<\/strong> ho rob\u00ed vhodn\u00fdm pre \u0161irok\u00fa \u0161k\u00e1lu preferenci\u00ed.<\/p>\n<p data-start=\"910\" data-end=\"1257\">Vybaven\u00e9 <strong data-start=\"926\" data-end=\"957\">650mAh nab\u00edjate\u013enou bat\u00e9riou<\/strong> a <strong data-start=\"962\" data-end=\"986\">r\u00fdchleho nab\u00edjania typu C<\/strong>, Mesii Heavy Hitter udr\u017euje prestoje na minime. The <strong data-start=\"1039\" data-end=\"1063\">digit\u00e1lna inteligentn\u00e1 obrazovka<\/strong> zobrazuje stav bat\u00e9rie a hladinu e-liquidu v re\u00e1lnom \u010dase, \u010d\u00edm zais\u0165uje konzistentn\u00fd v\u00fdkon. Vn\u00fatri <strong data-start=\"1157\" data-end=\"1186\">technol\u00f3gie du\u00e1lnej mesh \u0161pir\u00e1lky<\/strong> zvy\u0161uje hustotu pary a chu\u0165, \u010d\u00edm d\u00e1va ka\u017ed\u00e9mu potiahnutiu pr\u00e9miov\u00fd n\u00e1dych.<\/p>\n<p data-start=\"1259\" data-end=\"1420\">Pre ve\u013ekoobchodn\u00edkov, <strong data-start=\"1280\" data-end=\"1305\">Mesii Shisha 50K Vape<\/strong> kombinuje <strong data-start=\"1315\" data-end=\"1368\">kapacita, v\u0161estrannos\u0165 a siln\u00e1 pr\u00ed\u0165a\u017elivos\u0165 pre spotrebite\u013eov<\/strong>\u2014 ziskov\u00e1 vo\u013eba pre eur\u00f3psky trh s vape<\/p>\n<p data-start=\"666\" data-end=\"1235\"><strong style=\"font-size: 16px;\"><span style=\"color: #ff0000;\">Pridajte si Amy na WhatsApp, aby ste dostali spr\u00e1vnu odpove\u010f a z\u013eavnen\u00fa cenu!<\/span><\/strong><\/p>\n<p><img fetchpriority=\"high\" decoding=\"async\" class=\"size-full wp-image-2932\" src=\"https:\/\/vapestornado.com\/wp-content\/uploads\/2024\/12\/Vape-Wholesale.jpg\" alt=\"Ve\u013ekoobchod s vape\" width=\"229\" height=\"300\" \/><\/p>\n<h3><a href=\"https:\/\/wa.me\/8617776015835\" target=\"_blank\" rel=\"noopener\"><span style=\"color: #ff0000;\"><strong>WhatsApp: +86 17776015835<\/strong><\/span><\/a><\/h3>\n<p>&nbsp;<\/p>\n<h2><strong>Najlep\u0161ie Mesii Shisha Heavy Hitter 50000 Vape K\u013e\u00fa\u010dov\u00e9 vlastnosti produktu<\/strong><\/h2>\n<p>Zna\u010dka: Mesii<br \/>\nModel: Mesii Shisha Heavy Hitter 50000<br \/>\nNikot\u00edn: 0% 2% 5%<br \/>\nKapacita bat\u00e9rie: 800 mAh<br \/>\n\u0160luky: 50000<br \/>\nOlej: 45ml<br \/>\nDigit\u00e1lny displej<br \/>\nDTL<br \/>\nDu\u00e1lna sie\u0165ovan\u00e1 \u0161pir\u00e1lka<\/p>\n<h2 class=\"product-title\"><strong>Zoznam ob\u013e\u00faben\u00fdch pr\u00edchut\u00ed pre Mesii Shisha Hookah 50000 Vape<\/strong><\/h2>\n<article class=\"w-full text-token-text-primary focus-visible:outline-2 focus-visible:outline-offset-[-4px]\" dir=\"auto\" data-testid=\"conversation-turn-32\" data-scroll-anchor=\"false\">\n<div class=\"m-auto text-base py-[18px] px-6\">\n<div class=\"mx-auto flex flex-1 text-base gap-4 md:gap-5 lg:gap-6 md:max-w-3xl lg:max-w-[40rem] xl:max-w-[48rem]\">\n<div class=\"group\/conversation-turn relative flex w-full min-w-0 flex-col @xs\/thread:px-0 @sm\/thread:px-1.5 @md\/thread:px-4\">\n<div class=\"flex-col gap-1 md:gap-3\">\n<div class=\"flex max-w-full flex-col flex-grow\">\n<div class=\"min-h-8 text-message flex w-full flex-col items-end gap-2 whitespace-normal break-words text-start [.text-message+&amp;]:mt-5\" dir=\"auto\" data-message-author-role=\"user\" data-message-id=\"ffac41ca-1db4-431b-873a-32c4052956f1\">\n<div class=\"flex w-full flex-col gap-1 empty:hidden items-end rtl:items-start\">\n<div class=\"relative max-w-[var(--user-chat-width,70%)] rounded-3xl bg-token-message-surface px-5 py-2.5\">\n<div class=\"absolute bottom-0 right-full top-0 -mr-3.5 hidden pr-5 pt-2 [.group\/conversation-turn:hover_&amp;]:flex\">\n<div class=\"flex\">\n<article class=\"w-full text-token-text-primary focus-visible:outline-2 focus-visible:outline-offset-[-4px]\" dir=\"auto\" data-testid=\"conversation-turn-39\" data-scroll-anchor=\"true\">\n<div class=\"m-auto text-base py-[18px] px-6\">\n<div class=\"mx-auto flex flex-1 text-base gap-4 md:gap-5 lg:gap-6 md:max-w-3xl lg:max-w-[40rem] xl:max-w-[48rem]\">\n<div class=\"group\/conversation-turn relative flex w-full min-w-0 flex-col agent-turn @xs\/thread:px-0 @sm\/thread:px-1.5 @md\/thread:px-4\">\n<div class=\"flex-col gap-1 md:gap-3\">\n<div class=\"flex max-w-full flex-col flex-grow\">\n<div class=\"min-h-8 text-message flex w-full flex-col items-end gap-2 whitespace-normal break-words text-start [.text-message+&amp;]:mt-5\" dir=\"auto\" data-message-author-role=\"assistant\" data-message-id=\"55a23854-ec57-48dd-bd4f-6118f43d6241\" data-message-model-slug=\"gpt-4o\">\n<div class=\"flex w-full flex-col gap-1 empty:hidden first:pt-[3px]\">\n<div class=\"markdown prose w-full break-words dark:prose-invert light\">\n<p>1. Jahodov\u00e1 Margarita Ice (Shisha)<br \/>\n2. Love 777 Ice (Shisha)<br \/>\n3. Hrozno M\u00e4ta Ice (Shisha)<br \/>\n4. Dve Jablk\u00e1 Ice (Shisha)<br \/>\n5. Lady Killa Ice (Shisha)<br \/>\n6. Brosky\u0148a Ice Ice<br \/>\n7. Modr\u00fd Razz Ice<br \/>\n8. Mel\u00f3n Ice<br \/>\n9. Bobu\u013eov\u00e9 Ice<br \/>\n10. \u010cernice Ice<br \/>\n11. Jahodovo-vi\u0161\u0148ov\u00e9 Ice<br \/>\n12. \u010cu\u010doriedka-mel\u00f3n Ice<br \/>\n13. Citr\u00f3n-limetka Ice<br \/>\n14. Kysl\u00e9 Mango Anan\u00e1s Ice<br \/>\n15. Hrozno Ice<\/p>\n<figure id=\"attachment_3914\" aria-describedby=\"caption-attachment-3914\" style=\"width: 800px\" class=\"wp-caption alignnone\"><img decoding=\"async\" class=\"wp-image-3914 size-full\" src=\"https:\/\/vapestornado.com\/wp-content\/uploads\/2025\/03\/Mesii-Shisha-Hoohakh-50k-50000-Vape-Price.webp\" alt=\"Cena Mesii Shisha Hoohakh 50k 50000 Vape\" width=\"800\" height=\"800\" srcset=\"https:\/\/vapestornado.com\/wp-content\/uploads\/2025\/03\/Mesii-Shisha-Hoohakh-50k-50000-Vape-Price.webp 800w, https:\/\/vapestornado.com\/wp-content\/uploads\/2025\/03\/Mesii-Shisha-Hoohakh-50k-50000-Vape-Price-300x300.webp 300w, https:\/\/vapestornado.com\/wp-content\/uploads\/2025\/03\/Mesii-Shisha-Hoohakh-50k-50000-Vape-Price-150x150.webp 150w, https:\/\/vapestornado.com\/wp-content\/uploads\/2025\/03\/Mesii-Shisha-Hoohakh-50k-50000-Vape-Price-768x768.webp 768w, https:\/\/vapestornado.com\/wp-content\/uploads\/2025\/03\/Mesii-Shisha-Hoohakh-50k-50000-Vape-Price-600x600.webp 600w, https:\/\/vapestornado.com\/wp-content\/uploads\/2025\/03\/Mesii-Shisha-Hoohakh-50k-50000-Vape-Price-100x100.webp 100w\" sizes=\"(max-width: 800px) 100vw, 800px\" \/><figcaption id=\"caption-attachment-3914\" class=\"wp-caption-text\">Cena Mesii Shisha Hoohakh 50k 50000 Vape<\/figcaption><\/figure>\n<\/div>\n<\/div>\n<\/div>\n<\/div>\n<\/div>\n<\/div>\n<\/div>\n<\/div>\n<\/article>\n<\/div>\n<\/div>\n<\/div>\n<\/div>\n<\/div>\n<\/div>\n<\/div>\n<\/div>\n<\/div>\n<\/div>\n<\/article>\n<h2>Pre\u010do si vybra\u0165 Vapestornado pre hromadn\u00fd n\u00e1kup Mesii Shisha Heavy Hitter 50K Vape?<\/h2>\n<div class=\"flex-shrink-0 flex flex-col relative items-end\">\n<div class=\"pt-0\">\n<div class=\"gizmo-bot-avatar flex h-8 w-8 items-center justify-center overflow-hidden rounded-full\">\n<div class=\"relative p-1 rounded-sm flex items-center justify-center bg-token-main-surface-primary text-token-text-primary h-8 w-8\">\n<p data-start=\"88\" data-end=\"557\">Pokia\u013e ide o <strong data-start=\"105\" data-end=\"154\">\u00a0n\u00e1kup vysokokvalitn\u00fdch jednorazov\u00fdch vapovac\u00edch zariaden\u00ed<\/strong>, <strong data-start=\"156\" data-end=\"172\">Vapestornado<\/strong> je tou spr\u00e1vnou vo\u013ebou pre neprekonate\u013en\u00e9 <strong data-start=\"208\" data-end=\"271\">v\u00fdrobn\u00e9 ceny, r\u00fdchle dodanie a prvotriedny z\u00e1kazn\u00edcky servis<\/strong>N\u00e1kup najlep\u0161ej Mesii Shisha Heavy Hitter 50000 od Vapestornado znamen\u00e1, \u017ee z\u00edskate <strong data-start=\"363\" data-end=\"400\">autentick\u00e9, 100% origin\u00e1lne produkty<\/strong> s najnov\u0161ou <strong data-start=\"417\" data-end=\"515\">technol\u00f3giou digit\u00e1lneho displeja, nab\u00edjan\u00edm cez Type-C a obrovskou kapacitou 45000 \u0165ahov<\/strong>\u2014v\u0161etko za <strong data-start=\"527\" data-end=\"554\">najni\u017e\u0161ie ve\u013ekoobchodn\u00e9 ceny<\/strong>.<\/p>\n<p data-start=\"559\" data-end=\"933\" data-is-last-node=\"\" data-is-only-node=\"\">M\u00e1me aj in\u00e9 popul\u00e1rne vape s displejom, ako napr\u00edklad <a href=\"https:\/\/vapestornado.com\/sk\/product\/bang-leader-50000-puffs-50k-2-in-1-double-flavor-digital-disposable-vape-bulk-price\/\">BANG L\u00edder 50000<\/a>, <a href=\"https:\/\/vapestornado.com\/sk\/product\/vopk-ultra-40000-puffs-2-in-1-digital-screen-rechargeable-disposable-vape\/\">VOPK 40000 \u0165ahov\u00fd jednorazov\u00fd vape<\/a>, <a href=\"https:\/\/vapestornado.com\/sk\/product\/vozol-gear-shisha-25k-25000-puffs-best-dtl-disposable-vape-hookah-cheap-price\/\">Vozol Gear Shisha 25000<\/a>a \u010fal\u0161ie.<\/p>\n<\/div>\n<div class=\"relative p-1 rounded-sm flex items-center justify-center bg-token-main-surface-primary text-token-text-primary h-8 w-8\">\n<h2>\u010cast\u00e9 ot\u00e1zky<\/h2>\n<ol data-start=\"1216\" data-end=\"2192\">\n<li data-start=\"1216\" data-end=\"1431\">\n<p data-start=\"1219\" data-end=\"1431\"><strong data-start=\"1219\" data-end=\"1261\">Ako spr\u00e1vne pou\u017e\u00edva\u0165 jednorazov\u00fa vapku?<\/strong><br data-start=\"1261\" data-end=\"1264\" \/>Jednoducho sa nad\u00fdchnite cez n\u00e1ustok a aktivujete zariadenie. Zariadenie <strong data-start=\"1332\" data-end=\"1367\">Mesii Shisha Heavy Hitter 50000<\/strong> sa aktivuje potiahnut\u00edm, \u010do znamen\u00e1, \u017ee nie s\u00fa potrebn\u00e9 \u017eiadne tla\u010didl\u00e1 ani nastavenia.<\/p>\n<\/li>\n<li data-start=\"1433\" data-end=\"1663\">\n<p data-start=\"1436\" data-end=\"1663\"><strong data-start=\"1436\" data-end=\"1488\">Existuje sp\u00f4sob, ako nabi\u0165 vybit\u00fa jednorazov\u00fa vapku?<\/strong><br data-start=\"1488\" data-end=\"1491\" \/>Ak sa bat\u00e9ria vybije sk\u00f4r, ako sa minie e-liquid, m\u00f4\u017eete ju <strong data-start=\"1555\" data-end=\"1593\">nabi\u0165 pomocou nab\u00edja\u010dky typu C<\/strong>. Akon\u00e1hle je v\u0161ak vapka \u00faplne pr\u00e1zdna, ned\u00e1 sa znovu naplni\u0165.<\/p>\n<\/li>\n<li data-start=\"1665\" data-end=\"1902\">\n<p data-start=\"1668\" data-end=\"1902\"><strong data-start=\"1668\" data-end=\"1707\">M\u00f4\u017eu jednorazov\u00e9 vapky \u00eds\u0165 do bato\u017einy?<\/strong><br data-start=\"1707\" data-end=\"1710\" \/>\u00c1no, jednorazov\u00e9 vapky m\u00f4\u017eete nosi\u0165 vo svojej <strong data-start=\"1758\" data-end=\"1778\">pr\u00edru\u010dnej bato\u017eine<\/strong>, ale kv\u00f4li predpisom leteck\u00fdch spolo\u010dnost\u00ed nie s\u00fa povolen\u00e9 v podanej bato\u017eine. Pred cestou si v\u017edy skontrolujte inform\u00e1cie u va\u0161ej leteckej spolo\u010dnosti.<\/p>\n<\/li>\n<li data-start=\"1904\" data-end=\"2192\">\n<p data-start=\"1907\" data-end=\"2192\"><strong data-start=\"1907\" data-end=\"1946\">Ako zist\u00edm, kedy je m\u00f4j vape hotov\u00fd?<\/strong><br data-start=\"1946\" data-end=\"1949\" \/>Ahoj! V tejto chv\u00edli ti neviem pom\u00f4c\u0165 s tvojou po\u017eiadavkou. M\u00f4\u017eem ti v\u0161ak pom\u00f4c\u0165 s prekladom akejko\u013evek tvojej po\u017eiadavky. Ak m\u00e1\u0161 z\u00e1ujem, r\u00e1d ti pom\u00f4\u017eem s \u010fal\u0161\u00edmi prekladmi. <strong data-start=\"1956\" data-end=\"1980\">inteligentn\u00fdm displejom<\/strong> na <strong data-start=\"1988\" data-end=\"2023\">Mesii Shisha Heavy Hitter 50000<\/strong> umo\u017e\u0148uje sledova\u0165 <strong data-start=\"2041\" data-end=\"2072\">\u00farove\u0148 bat\u00e9rie a e-liquidu<\/strong>. Ak sa chu\u0165 oslab\u00ed, produkcia pary sa zn\u00ed\u017ei, alebo obrazovka ukazuje pr\u00e1zdnu n\u00e1dr\u017eku, je \u010das na nov\u00e9 zariadenie.<\/p>\n<\/li>\n<\/ol>\n<\/div>\n<\/div>\n<\/div>\n<\/div>","protected":false},"excerpt":{"rendered":"<p data-start=\"1460\" data-end=\"1646\">Ahoj! V tejto chv\u00edli ti neviem pom\u00f4c\u0165 s tvojou po\u017eiadavkou. M\u00f4\u017eem ti v\u0161ak pom\u00f4c\u0165 s prekladom akejko\u013evek tvojej po\u017eiadavky. Ak m\u00e1\u0161 z\u00e1ujem, r\u00e1d ti pom\u00f4\u017eem s \u010fal\u0161\u00edmi prekladmi. <strong data-start=\"1464\" data-end=\"1499\">Mesii Shisha Heavy Hitter 50000<\/strong> pon\u00faka du\u00e1lne re\u017eimy, inteligentn\u00fa obrazovku a 50 000 potiahnut\u00ed. Najdlh\u0161ie trvaj\u00faci <strong data-start=\"1566\" data-end=\"1585\">jednorazov\u00e1 vape<\/strong> vyroben\u00fd pre <strong data-start=\"1596\" data-end=\"1643\">ve\u013ekoobchodn\u00fdch kupcov a distrib\u00fatorov v Eur\u00f3pe<\/strong>.<\/p>\n<p><strong>Pridajte si Amy na whatsapp, aby ste dostali spr\u00e1vnu odpove\u010f a z\u013eavnen\u00fa cenu!<\/strong><\/p>\n<p><img fetchpriority=\"high\" decoding=\"async\" class=\"size-full wp-image-2932\" src=\"https:\/\/vapestornado.com\/wp-content\/uploads\/2024\/12\/Vape-Wholesale.jpg\" alt=\"Ve\u013ekoobchod s vape\" width=\"229\" height=\"300\" \/><\/p>\n<h3><a href=\"https:\/\/wa.me\/8617776015835\"><span style=\"color: #ff0000;\"><strong>WhatsApp: +86 17776015835<\/strong><\/span><\/a><\/h3>\n<p>&nbsp;<\/p>","protected":false},"featured_media":3910,"comment_status":"open","ping_status":"closed","template":"","meta":{"_acf_changed":false,"_uag_custom_page_level_css":"","_lmt_disableupdate":"no","_lmt_disable":"","_monsterinsights_skip_tracking":false,"_monsterinsights_sitenote_active":false,"_monsterinsights_sitenote_note":"","_monsterinsights_sitenote_category":0,"site-sidebar-layout":"default","site-content-layout":"","ast-site-content-layout":"default","site-content-style":"default","site-sidebar-style":"default","ast-global-header-display":"","ast-banner-title-visibility":"","ast-main-header-display":"","ast-hfb-above-header-display":"","ast-hfb-below-header-display":"","ast-hfb-mobile-header-display":"","site-post-title":"","ast-breadcrumbs-content":"","ast-featured-img":"","footer-sml-layout":"","ast-disable-related-posts":"","theme-transparent-header-meta":"default","adv-header-id-meta":"","stick-header-meta":"","header-above-stick-meta":"","header-main-stick-meta":"","header-below-stick-meta":"","astra-migrate-meta-layouts":"set","ast-page-background-enabled":"default","ast-page-background-meta":{"desktop":{"background-color":"","background-image":"","background-repeat":"repeat","background-position":"center center","background-size":"auto","background-attachment":"scroll","background-type":"","background-media":"","overlay-type":"","overlay-color":"","overlay-opacity":"","overlay-gradient":""},"tablet":{"background-color":"","background-image":"","background-repeat":"repeat","background-position":"center center","background-size":"auto","background-attachment":"scroll","background-type":"","background-media":"","overlay-type":"","overlay-color":"","overlay-opacity":"","overlay-gradient":""},"mobile":{"background-color":"","background-image":"","background-repeat":"repeat","background-position":"center center","background-size":"auto","background-attachment":"scroll","background-type":"","background-media":"","overlay-type":"","overlay-color":"","overlay-opacity":"","overlay-gradient":""}},"ast-content-background-meta":{"desktop":{"background-color":"var(--ast-global-color-5)","background-image":"","background-repeat":"repeat","background-position":"center center","background-size":"auto","background-attachment":"scroll","background-type":"","background-media":"","overlay-type":"","overlay-color":"","overlay-opacity":"","overlay-gradient":""},"tablet":{"background-color":"var(--ast-global-color-5)","background-image":"","background-repeat":"repeat","background-position":"center center","background-size":"auto","background-attachment":"scroll","background-type":"","background-media":"","overlay-type":"","overlay-color":"","overlay-opacity":"","overlay-gradient":""},"mobile":{"background-color":"var(--ast-global-color-5)","background-image":"","background-repeat":"repeat","background-position":"center center","background-size":"auto","background-attachment":"scroll","background-type":"","background-media":"","overlay-type":"","overlay-color":"","overlay-opacity":"","overlay-gradient":""}},"_joinchat":{"telephone":"17776015835"}},"product_brand":[],"product_cat":[19,192,152,156,160,141,142,277,146,147],"product_tag":[274,275,94,276,93,269],"class_list":{"0":"post-3931","1":"product","2":"type-product","3":"status-publish","4":"has-post-thumbnail","6":"product_cat-vapes","7":"product_cat-50000-puff","8":"product_cat-buy-disposable-vapes-in-cermany","9":"product_cat-buy-disposable-vapes-in-poland","10":"product_cat-buy-disposable-vapes-in-switzerland","11":"product_cat-crystal-disposable-vapes","12":"product_cat-digital-box-disposable-vapes","13":"product_cat-mesii-vape","14":"product_cat-rechargeable-disposable-vapes","15":"product_cat-shisha-hookah-disposable-vapes","16":"product_tag-longest-lasting-disposable-vape","17":"product_tag-mesii-shisha-heavy-hitter-50000","18":"product_tag-rechargeable-disposable-vape","19":"product_tag-shisha-disposable-vape","20":"product_tag-vape-wholesale","21":"product_tag-vape-with-screen","22":"desktop-align-left","23":"tablet-align-left","24":"mobile-align-left","26":"first","27":"instock","28":"sale","29":"shipping-taxable","30":"purchasable","31":"product-type-simple"},"acf":[],"uagb_featured_image_src":{"full":["https:\/\/vapestornado.com\/wp-content\/uploads\/2025\/03\/Best-Disposable-Vape-Germany-50k-Puff.webp",800,800,false],"thumbnail":["https:\/\/vapestornado.com\/wp-content\/uploads\/2025\/03\/Best-Disposable-Vape-Germany-50k-Puff-150x150.webp",150,150,true],"medium":["https:\/\/vapestornado.com\/wp-content\/uploads\/2025\/03\/Best-Disposable-Vape-Germany-50k-Puff-300x300.webp",300,300,true],"medium_large":["https:\/\/vapestornado.com\/wp-content\/uploads\/2025\/03\/Best-Disposable-Vape-Germany-50k-Puff-768x768.webp",768,768,true],"large":["https:\/\/vapestornado.com\/wp-content\/uploads\/2025\/03\/Best-Disposable-Vape-Germany-50k-Puff.webp",800,800,false],"1536x1536":["https:\/\/vapestornado.com\/wp-content\/uploads\/2025\/03\/Best-Disposable-Vape-Germany-50k-Puff.webp",800,800,false],"2048x2048":["https:\/\/vapestornado.com\/wp-content\/uploads\/2025\/03\/Best-Disposable-Vape-Germany-50k-Puff.webp",800,800,false],"trp-custom-language-flag":["https:\/\/vapestornado.com\/wp-content\/uploads\/2025\/03\/Best-Disposable-Vape-Germany-50k-Puff.webp",12,12,false],"woocommerce_thumbnail":["https:\/\/vapestornado.com\/wp-content\/uploads\/2025\/03\/Best-Disposable-Vape-Germany-50k-Puff-300x300.webp",300,300,true],"woocommerce_single":["https:\/\/vapestornado.com\/wp-content\/uploads\/2025\/03\/Best-Disposable-Vape-Germany-50k-Puff-600x600.webp",600,600,true],"woocommerce_gallery_thumbnail":["https:\/\/vapestornado.com\/wp-content\/uploads\/2025\/03\/Best-Disposable-Vape-Germany-50k-Puff-100x100.webp",100,100,true]},"uagb_author_info":{"display_name":"ESAMY","author_link":"https:\/\/vapestornado.com\/sk\/author\/"},"uagb_comment_info":0,"uagb_excerpt":"The Mesii Shisha Heavy Hitter 50000 offers dual modes, smart screen, and 50K puffs. A longest lasting disposable vape built for wholesale buyers and distributors in Europe. Add Amy's whatsapp to get right reply and discount price! WhatsApp: +86 17776015835 &nbsp;","_links":{"self":[{"href":"https:\/\/vapestornado.com\/sk\/wp-json\/wp\/v2\/product\/3931","targetHints":{"allow":["GET"]}}],"collection":[{"href":"https:\/\/vapestornado.com\/sk\/wp-json\/wp\/v2\/product"}],"about":[{"href":"https:\/\/vapestornado.com\/sk\/wp-json\/wp\/v2\/types\/product"}],"replies":[{"embeddable":true,"href":"https:\/\/vapestornado.com\/sk\/wp-json\/wp\/v2\/comments?post=3931"}],"wp:featuredmedia":[{"embeddable":true,"href":"https:\/\/vapestornado.com\/sk\/wp-json\/wp\/v2\/media\/3910"}],"wp:attachment":[{"href":"https:\/\/vapestornado.com\/sk\/wp-json\/wp\/v2\/media?parent=3931"}],"wp:term":[{"taxonomy":"product_brand","embeddable":true,"href":"https:\/\/vapestornado.com\/sk\/wp-json\/wp\/v2\/product_brand?post=3931"},{"taxonomy":"product_cat","embeddable":true,"href":"https:\/\/vapestornado.com\/sk\/wp-json\/wp\/v2\/product_cat?post=3931"},{"taxonomy":"product_tag","embeddable":true,"href":"https:\/\/vapestornado.com\/sk\/wp-json\/wp\/v2\/product_tag?post=3931"}],"curies":[{"name":"wp","href":"https:\/\/api.w.org\/{rel}","templated":true}]}}