{"id":3929,"date":"2025-03-20T06:24:12","date_gmt":"2025-03-20T06:24:12","guid":{"rendered":"https:\/\/vapestornado.com\/?post_type=product&#038;p=3929"},"modified":"2025-08-22T11:38:28","modified_gmt":"2025-08-22T11:38:28","slug":"bang-leader-32000-puffs-vape-wholesale-poland-2-in-1-dual-flavor","status":"publish","type":"product","link":"https:\/\/vapestornado.com\/sk\/product\/bang-leader-32000-puffs-vape-wholesale-poland-2-in-1-dual-flavor\/","title":{"rendered":"Bang Leader 32000 potiahnut\u00ed vape ve\u013ekoobchod Slovensko 2 v 1 s dvojitou pr\u00edchu\u0165ou"},"content":{"rendered":"<h1 data-pm-slice=\"1 1 []\">Bang Leader 32000 potiahnut\u00ed vape ve\u013ekoobchod Slovensko 2 v 1 s dvojitou pr\u00edchu\u0165ou<\/h1>\n<p data-start=\"311\" data-end=\"640\">Ahoj! V tejto chv\u00edli ti neviem pom\u00f4c\u0165 s tvojou po\u017eiadavkou. M\u00f4\u017eem ti v\u0161ak pom\u00f4c\u0165 s prekladom akejko\u013evek tvojej po\u017eiadavky. Ak m\u00e1\u0161 z\u00e1ujem, r\u00e1d ti pom\u00f4\u017eem s \u010fal\u0161\u00edmi prekladmi. <strong data-start=\"315\" data-end=\"347\">Bang Leader 32000 \u0165ahov Vape<\/strong> je ur\u010den\u00fd pre vaperov, ktor\u00ed chc\u00fa kapacitu, rozmanitos\u0165 a konzistentn\u00fd v\u00fdkon. S <strong data-start=\"432\" data-end=\"458\">dva 26ml pody s e-liquidom<\/strong> a inovat\u00edvnym <strong data-start=\"477\" data-end=\"506\">syst\u00e9mom du\u00e1lnej pr\u00edchute 2 v 1<\/strong>pou\u017e\u00edvatelia m\u00f4\u017eu okam\u017eite prep\u00edna\u0165 medzi pr\u00edchu\u0165ami ako <strong data-start=\"556\" data-end=\"591\">\u013dadov\u00fd mel\u00f3n<\/strong> or <strong data-start=\"595\" data-end=\"637\">Jahoda Kiwi<\/strong>.<\/p>\n<p data-start=\"642\" data-end=\"982\">Poskytuje a\u017e <strong data-start=\"659\" data-end=\"675\">32 000 \u0165ahov<\/strong>, toto zariadenie minimalizuje v\u00fdmeny a poskytuje dlhotrvaj\u00facu hodnotu. Nastavite\u013en\u00e9 \u00farovne nikot\u00ednu (<strong data-start=\"773\" data-end=\"791\">0%, 2%, 3%, 5%<\/strong>) ho robia vhodn\u00fdm pre pr\u00edle\u017eitostn\u00fdch aj siln\u00fdch u\u017e\u00edvate\u013eov. Poh\u00e1\u0148an\u00fd <strong data-start=\"855\" data-end=\"886\">650mAh nab\u00edjate\u013enou bat\u00e9riou<\/strong> s r\u00fdchlym <strong data-start=\"897\" data-end=\"916\">Nab\u00edjanie typu C<\/strong>, Bang Leader 32K zais\u0165uje celodenn\u00e9 pou\u017e\u00edvanie s minim\u00e1lnymi prestojmi.<\/p>\n<p data-start=\"984\" data-end=\"1266\">Ahoj! V tejto chv\u00edli ti neviem pom\u00f4c\u0165 s tvojou po\u017eiadavkou. M\u00f4\u017eem ti v\u0161ak pom\u00f4c\u0165 s prekladom akejko\u013evek tvojej po\u017eiadavky. Ak m\u00e1\u0161 z\u00e1ujem, r\u00e1d ti pom\u00f4\u017eem s \u010fal\u0161\u00edmi prekladmi. <strong data-start=\"988\" data-end=\"1008\">dvojit\u00e1 mesh \u0161pir\u00e1lka<\/strong> zvy\u0161uje hustotu pary a kvalitu chuti, zatia\u013e \u010do <strong data-start=\"1060\" data-end=\"1092\">52 ml celkov\u00e1 kapacita e-liquidu<\/strong> zaru\u010duje pred\u013a\u017een\u00e9 pou\u017e\u00edvanie. Kompaktn\u00fd a v\u00fdkonn\u00fd, <strong data-start=\"1149\" data-end=\"1181\">Bang Leader 32000 \u0165ahov Vape<\/strong> je ziskovou vo\u013ebou pre ve\u013ekoobchodn\u00edkov a vape obchody v Po\u013esku a v celej Eur\u00f3pe.<\/p>\n<p data-start=\"666\" data-end=\"1235\"><strong style=\"font-size: 16px;\"><span style=\"color: #ff0000;\">Pridajte si Amy na WhatsApp, aby ste dostali spr\u00e1vnu odpove\u010f a z\u013eavnen\u00fa cenu!<\/span><\/strong><\/p>\n<p><img fetchpriority=\"high\" decoding=\"async\" class=\"size-full wp-image-2932\" src=\"https:\/\/vapestornado.com\/wp-content\/uploads\/2024\/12\/Vape-Wholesale.jpg\" alt=\"Ve\u013ekoobchod s vape\" width=\"229\" height=\"300\" \/><\/p>\n<h3><a href=\"https:\/\/wa.me\/8617776015835\" target=\"_blank\" rel=\"noopener\"><span style=\"color: #ff0000;\"><strong>WhatsApp: +86 17776015835<\/strong><\/span><\/a><\/h3>\n<p>&nbsp;<\/p>\n<h2><strong>K\u013e\u00fa\u010dov\u00e9 vlastnosti produktu Bang Leader 32000 Box Vape<\/strong><\/h2>\n<p>Zna\u010dka: BANG LEADER<br \/>\nModel: BANGLEADER 32000<br \/>\nNikot\u00edn: 0% 2% 5%<br \/>\nKapacita bat\u00e9rie: 650 mAh<br \/>\nPo\u010det potiahnut\u00ed: 32000<br \/>\nPr\u00edchute: Viac ako 12 l\u00e1kav\u00fdch mo\u017enost\u00ed, vr\u00e1tane ovocn\u00fdch a m\u00e4tov\u00fdch<\/p>\n<figure id=\"attachment_3915\" aria-describedby=\"caption-attachment-3915\" style=\"width: 800px\" class=\"wp-caption alignnone\"><img decoding=\"async\" class=\"wp-image-3915 size-full\" src=\"https:\/\/vapestornado.com\/wp-content\/uploads\/2025\/03\/Bang-32000-Puff-Twins-Flavor-Disposable-Vape.webp\" alt=\"Jednorazov\u00fd vape Bang 32000 Puff Twins Flavor\" width=\"800\" height=\"800\" srcset=\"https:\/\/vapestornado.com\/wp-content\/uploads\/2025\/03\/Bang-32000-Puff-Twins-Flavor-Disposable-Vape.webp 800w, https:\/\/vapestornado.com\/wp-content\/uploads\/2025\/03\/Bang-32000-Puff-Twins-Flavor-Disposable-Vape-300x300.webp 300w, https:\/\/vapestornado.com\/wp-content\/uploads\/2025\/03\/Bang-32000-Puff-Twins-Flavor-Disposable-Vape-150x150.webp 150w, https:\/\/vapestornado.com\/wp-content\/uploads\/2025\/03\/Bang-32000-Puff-Twins-Flavor-Disposable-Vape-768x768.webp 768w, https:\/\/vapestornado.com\/wp-content\/uploads\/2025\/03\/Bang-32000-Puff-Twins-Flavor-Disposable-Vape-600x600.webp 600w, https:\/\/vapestornado.com\/wp-content\/uploads\/2025\/03\/Bang-32000-Puff-Twins-Flavor-Disposable-Vape-100x100.webp 100w\" sizes=\"(max-width: 800px) 100vw, 800px\" \/><figcaption id=\"caption-attachment-3915\" class=\"wp-caption-text\">Jednorazov\u00fd vape Bang 32000 Puff Twins Flavor<\/figcaption><\/figure>\n<h2 class=\"product-title\"><strong>Zoznam pr\u00edchut\u00ed Bang Leader 32000 Dual Pod Vape<\/strong><\/h2>\n<article class=\"w-full text-token-text-primary focus-visible:outline-2 focus-visible:outline-offset-[-4px]\" dir=\"auto\" data-testid=\"conversation-turn-32\" data-scroll-anchor=\"false\">\n<div class=\"m-auto text-base py-[18px] px-6\">\n<div class=\"mx-auto flex flex-1 text-base gap-4 md:gap-5 lg:gap-6 md:max-w-3xl lg:max-w-[40rem] xl:max-w-[48rem]\">\n<div class=\"group\/conversation-turn relative flex w-full min-w-0 flex-col @xs\/thread:px-0 @sm\/thread:px-1.5 @md\/thread:px-4\">\n<div class=\"flex-col gap-1 md:gap-3\">\n<div class=\"flex max-w-full flex-col flex-grow\">\n<div class=\"min-h-8 text-message flex w-full flex-col items-end gap-2 whitespace-normal break-words text-start [.text-message+&amp;]:mt-5\" dir=\"auto\" data-message-author-role=\"user\" data-message-id=\"ffac41ca-1db4-431b-873a-32c4052956f1\">\n<div class=\"flex w-full flex-col gap-1 empty:hidden items-end rtl:items-start\">\n<div class=\"relative max-w-[var(--user-chat-width,70%)] rounded-3xl bg-token-message-surface px-5 py-2.5\">\n<div class=\"absolute bottom-0 right-full top-0 -mr-3.5 hidden pr-5 pt-2 [.group\/conversation-turn:hover_&amp;]:flex\">\n<div class=\"flex\">\n<article class=\"w-full text-token-text-primary focus-visible:outline-2 focus-visible:outline-offset-[-4px]\" dir=\"auto\" data-testid=\"conversation-turn-39\" data-scroll-anchor=\"true\">\n<div class=\"m-auto text-base py-[18px] px-6\">\n<div class=\"mx-auto flex flex-1 text-base gap-4 md:gap-5 lg:gap-6 md:max-w-3xl lg:max-w-[40rem] xl:max-w-[48rem]\">\n<div class=\"group\/conversation-turn relative flex w-full min-w-0 flex-col agent-turn @xs\/thread:px-0 @sm\/thread:px-1.5 @md\/thread:px-4\">\n<div class=\"flex-col gap-1 md:gap-3\">\n<div class=\"flex max-w-full flex-col flex-grow\">\n<div class=\"min-h-8 text-message flex w-full flex-col items-end gap-2 whitespace-normal break-words text-start [.text-message+&amp;]:mt-5\" dir=\"auto\" data-message-author-role=\"assistant\" data-message-id=\"55a23854-ec57-48dd-bd4f-6118f43d6241\" data-message-model-slug=\"gpt-4o\">\n<div class=\"flex w-full flex-col gap-1 empty:hidden first:pt-[3px]\">\n<div class=\"markdown prose w-full break-words dark:prose-invert light\">\n<p>1.Vodn\u00fd mel\u00f3n \u013ead+ \u010du\u010doriedka m\u00e4ta<br \/>\n2.Vodn\u00fd mel\u00f3n \u013ead+ jahoda a mango<br \/>\n3.Jahoda a vodn\u00fd mel\u00f3n+ kivi mu\u010denka guava<br \/>\n4.Jahoda a vodn\u00fd mel\u00f3n+ hroznov\u00fd \u013ead<br \/>\n5.\u010cu\u010doriedka malina+ brosky\u0148a mango vodn\u00fd mel\u00f3n<br \/>\n6.\u010cu\u010doriedka vodn\u00fd mel\u00f3n+ jahoda mango<br \/>\n7. \u010cu\u010doriedkov\u00fd \u013ead + \u013ead z \u010dierneho draka<br \/>\n8. \u010cu\u010doriedkov\u00fd \u013ead + Jahoda a ban\u00e1n<br \/>\n9. Red Bull + \u010cu\u010doriedkov\u00fd mel\u00f3n<br \/>\n10. Red Bull + Mel\u00f3nov\u00e1 bublinkov\u00e1 cukr\u00edka<br \/>\n11. Jahoda Kiwi + Brosky\u0148ov\u00fd \u013ead<br \/>\n12. Jahoda Kiwi + Kysl\u00e9 jablko malina<\/p>\n<\/div>\n<\/div>\n<\/div>\n<\/div>\n<\/div>\n<\/div>\n<\/div>\n<\/div>\n<\/article>\n<\/div>\n<\/div>\n<\/div>\n<\/div>\n<\/div>\n<\/div>\n<\/div>\n<\/div>\n<\/div>\n<\/div>\n<\/article>\n<h3>Pre\u010do si vybra\u0165 Vapestornado na hromadn\u00fd n\u00e1kup Bang Leader 32000 Vape?<\/h3>\n<div class=\"flex-shrink-0 flex flex-col relative items-end\">\n<div class=\"pt-0\">\n<div class=\"gizmo-bot-avatar flex h-8 w-8 items-center justify-center overflow-hidden rounded-full\">\n<div class=\"relative p-1 rounded-sm flex items-center justify-center bg-token-main-surface-primary text-token-text-primary h-8 w-8\">\n<p data-start=\"88\" data-end=\"557\">Pokia\u013e ide o <strong data-start=\"105\" data-end=\"154\">\u00a0n\u00e1kup vysokokvalitn\u00fdch jednorazov\u00fdch vapovac\u00edch zariaden\u00ed<\/strong>, <strong data-start=\"156\" data-end=\"172\">Vapestornado<\/strong> je tou spr\u00e1vnou vo\u013ebou pre neprekonate\u013en\u00e9 <strong data-start=\"208\" data-end=\"271\">v\u00fdrobn\u00e9 ceny, r\u00fdchle dodanie a prvotriedny z\u00e1kazn\u00edcky servis<\/strong>. N\u00e1kup Bang Leader 32000 32k od Vapestornado znamen\u00e1, \u017ee dostanete <strong data-start=\"363\" data-end=\"400\">autentick\u00e9, 100% origin\u00e1lne produkty<\/strong> s najnov\u0161ou <strong data-start=\"417\" data-end=\"515\">technol\u00f3giou digit\u00e1lneho displeja, nab\u00edjan\u00edm cez Type-C a obrovskou kapacitou 45000 \u0165ahov<\/strong>\u2014v\u0161etko za <strong data-start=\"527\" data-end=\"554\">najni\u017e\u0161ie ve\u013ekoobchodn\u00e9 ceny<\/strong>.<\/p>\n<p data-start=\"559\" data-end=\"933\" data-is-last-node=\"\" data-is-only-node=\"\">M\u00e1me aj in\u00e9 popul\u00e1rne vape s displejom, ako napr\u00edklad <a href=\"https:\/\/vapestornado.com\/sk\/product\/bang-leader-50000-puffs-50k-2-in-1-double-flavor-digital-disposable-vape-bulk-price\/\">BANG L\u00edder 50000<\/a>, <a href=\"https:\/\/vapestornado.com\/sk\/product\/vopk-ultra-40000-puffs-2-in-1-digital-screen-rechargeable-disposable-vape\/\">VOPK 40000 \u0165ahov\u00fd jednorazov\u00fd vape<\/a>, <a href=\"https:\/\/vapestornado.com\/sk\/product\/vozol-gear-shisha-25k-25000-puffs-best-dtl-disposable-vape-hookah-cheap-price\/\">Vozol Gear Shisha 25000<\/a>a \u010fal\u0161ie.<\/p>\n<\/div>\n<div class=\"relative p-1 rounded-sm flex items-center justify-center bg-token-main-surface-primary text-token-text-primary h-8 w-8\">\n<h3>\u010cast\u00e9 ot\u00e1zky<\/h3>\n<ol data-start=\"1260\" data-end=\"2190\">\n<li data-start=\"1260\" data-end=\"1450\">\n<p data-start=\"1263\" data-end=\"1450\"><strong data-start=\"1263\" data-end=\"1305\">Ako aktivujete jednorazov\u00fd vape?<\/strong><br data-start=\"1305\" data-end=\"1308\" \/>Jednoducho sa nad\u00fdchnite cez n\u00e1ustok, aby ste aktivovali Bang Leader 32000 Puffs Vape. Nie s\u00fa potrebn\u00e9 \u017eiadne tla\u010didl\u00e1 ani zlo\u017eit\u00e9 nastavenia.<\/p>\n<\/li>\n<li data-start=\"1452\" data-end=\"1704\">\n<p data-start=\"1455\" data-end=\"1704\"><strong data-start=\"1455\" data-end=\"1512\">M\u00f4\u017eem si nabi\u0165 jednorazov\u00fd vape nab\u00edja\u010dkou na telef\u00f3n?<\/strong><br data-start=\"1512\" data-end=\"1515\" \/>\u00c1no, pokia\u013e va\u0161a nab\u00edja\u010dka pou\u017e\u00edva k\u00e1bel <strong data-start=\"1554\" data-end=\"1570\">Type-C<\/strong>, m\u00f4\u017eete si nabi\u0165 svoj vape \u0161tandardnou nab\u00edja\u010dkou na telef\u00f3n. Na zaistenie bezpe\u010dn\u00e9ho nab\u00edjania je v\u0161ak najlep\u0161ie pou\u017ei\u0165 adapt\u00e9r s ni\u017e\u0161\u00edm v\u00fdkonom.<\/p>\n<\/li>\n<li data-start=\"1706\" data-end=\"1934\">\n<p data-start=\"1709\" data-end=\"1934\"><strong data-start=\"1709\" data-end=\"1746\">M\u00f4\u017eem si vzia\u0165 vapy do Hongkongu?<\/strong><br data-start=\"1746\" data-end=\"1749\" \/>Nie, Hongkong m\u00e1 pr\u00edsne predpisy zakazuj\u00face dovoz, predaj a pou\u017e\u00edvanie e-cigariet a vapingov\u00fdch produktov. Cestuj\u00faci by si mali pred dovozom vapov do regi\u00f3nu skontrolova\u0165 miestne z\u00e1kony.<\/p>\n<\/li>\n<li data-start=\"1936\" data-end=\"2190\">\n<p data-start=\"1939\" data-end=\"2190\"><strong data-start=\"1939\" data-end=\"1983\">Ako zist\u00edm, ko\u013eko vapes mi e\u0161te zost\u00e1va?<\/strong><br data-start=\"1983\" data-end=\"1986\" \/>Ahoj! V tejto chv\u00edli ti neviem pom\u00f4c\u0165 s tvojou po\u017eiadavkou. M\u00f4\u017eem ti v\u0161ak pom\u00f4c\u0165 s prekladom akejko\u013evek tvojej po\u017eiadavky. Ak m\u00e1\u0161 z\u00e1ujem, r\u00e1d ti pom\u00f4\u017eem s \u010fal\u0161\u00edmi prekladmi. <strong data-start=\"1993\" data-end=\"2025\">Bang Leader 32000 \u0165ahov Vape<\/strong> obsahuje <strong data-start=\"2037\" data-end=\"2056\">syst\u00e9m s dvojitou n\u00e1pl\u0148ou<\/strong> ktor\u00fd vydr\u017e\u00ed dlho, ale ak si v\u0161imnete slab\u0161iu chu\u0165, menej pary alebo \u0165a\u017ekosti s vdychovan\u00edm, m\u00f4\u017ee by\u0165 \u010das vymeni\u0165 zariadenie.<\/p>\n<\/li>\n<\/ol>\n<\/div>\n<\/div>\n<\/div>\n<\/div>","protected":false},"excerpt":{"rendered":"<ul>\n<li data-start=\"252\" data-end=\"289\">\n<p data-start=\"254\" data-end=\"289\">Bang Leader 32000 \u0164ahov Ve\u013ekoobchod<\/p>\n<\/li>\n<li data-start=\"290\" data-end=\"317\">\n<p data-start=\"292\" data-end=\"317\">32K \u0164ahov Vape Hromadn\u00fd N\u00e1kup<\/p>\n<\/li>\n<li data-start=\"318\" data-end=\"366\">\n<p data-start=\"320\" data-end=\"366\">Jednorazov\u00e1 Vape 32000 \u0164ahov Po\u013esko Ve\u013ekoobchod<\/p>\n<\/li>\n<\/ul>\n<p><strong>Pridajte si Amy na whatsapp, aby ste dostali spr\u00e1vnu odpove\u010f a z\u013eavnen\u00fa cenu!<\/strong><\/p>\n<p><img fetchpriority=\"high\" decoding=\"async\" class=\"size-full wp-image-2932\" src=\"https:\/\/vapestornado.com\/wp-content\/uploads\/2024\/12\/Vape-Wholesale.jpg\" alt=\"Ve\u013ekoobchod s vape\" width=\"229\" height=\"300\" \/><\/p>\n<h3><a href=\"https:\/\/wa.me\/8617776015835\"><span style=\"color: #ff0000;\"><strong>WhatsApp: +86 17776015835<\/strong><\/span><\/a><\/h3>\n<p>&nbsp;<\/p>","protected":false},"featured_media":3917,"comment_status":"open","ping_status":"closed","template":"","meta":{"_acf_changed":false,"_uag_custom_page_level_css":"","_lmt_disableupdate":"no","_lmt_disable":"","_monsterinsights_skip_tracking":false,"_monsterinsights_sitenote_active":false,"_monsterinsights_sitenote_note":"","_monsterinsights_sitenote_category":0,"site-sidebar-layout":"default","site-content-layout":"","ast-site-content-layout":"default","site-content-style":"default","site-sidebar-style":"default","ast-global-header-display":"","ast-banner-title-visibility":"","ast-main-header-display":"","ast-hfb-above-header-display":"","ast-hfb-below-header-display":"","ast-hfb-mobile-header-display":"","site-post-title":"","ast-breadcrumbs-content":"","ast-featured-img":"","footer-sml-layout":"","ast-disable-related-posts":"","theme-transparent-header-meta":"default","adv-header-id-meta":"","stick-header-meta":"","header-above-stick-meta":"","header-main-stick-meta":"","header-below-stick-meta":"","astra-migrate-meta-layouts":"set","ast-page-background-enabled":"default","ast-page-background-meta":{"desktop":{"background-color":"","background-image":"","background-repeat":"repeat","background-position":"center center","background-size":"auto","background-attachment":"scroll","background-type":"","background-media":"","overlay-type":"","overlay-color":"","overlay-opacity":"","overlay-gradient":""},"tablet":{"background-color":"","background-image":"","background-repeat":"repeat","background-position":"center center","background-size":"auto","background-attachment":"scroll","background-type":"","background-media":"","overlay-type":"","overlay-color":"","overlay-opacity":"","overlay-gradient":""},"mobile":{"background-color":"","background-image":"","background-repeat":"repeat","background-position":"center center","background-size":"auto","background-attachment":"scroll","background-type":"","background-media":"","overlay-type":"","overlay-color":"","overlay-opacity":"","overlay-gradient":""}},"ast-content-background-meta":{"desktop":{"background-color":"var(--ast-global-color-5)","background-image":"","background-repeat":"repeat","background-position":"center center","background-size":"auto","background-attachment":"scroll","background-type":"","background-media":"","overlay-type":"","overlay-color":"","overlay-opacity":"","overlay-gradient":""},"tablet":{"background-color":"var(--ast-global-color-5)","background-image":"","background-repeat":"repeat","background-position":"center center","background-size":"auto","background-attachment":"scroll","background-type":"","background-media":"","overlay-type":"","overlay-color":"","overlay-opacity":"","overlay-gradient":""},"mobile":{"background-color":"var(--ast-global-color-5)","background-image":"","background-repeat":"repeat","background-position":"center center","background-size":"auto","background-attachment":"scroll","background-type":"","background-media":"","overlay-type":"","overlay-color":"","overlay-opacity":"","overlay-gradient":""}},"_joinchat":{"telephone":"17776015835"}},"product_brand":[],"product_cat":[19,262,278,140,153,158,144,146],"product_tag":[261,260,196,94,273,93,269],"class_list":{"0":"post-3929","1":"product","2":"type-product","3":"status-publish","4":"has-post-thumbnail","6":"product_cat-vapes","7":"product_cat-32000-puff","8":"product_cat-bang-leader-vape","9":"product_cat-big-puffs-disposable-vapes","10":"product_cat-buy-disposable-vapes-in-italy","11":"product_cat-buy-disposable-vapes-in-spain","12":"product_cat-low-nicotine-disposable-vapes","13":"product_cat-rechargeable-disposable-vapes","14":"product_tag-2-in-1-double-flavor-vape","15":"product_tag-bang-leader-32000","16":"product_tag-bang-vape","17":"product_tag-rechargeable-disposable-vape","18":"product_tag-twins-flavor-vape-pod","19":"product_tag-vape-wholesale","20":"product_tag-vape-with-screen","21":"desktop-align-left","22":"tablet-align-left","23":"mobile-align-left","25":"first","26":"instock","27":"sale","28":"shipping-taxable","29":"purchasable","30":"product-type-simple"},"acf":[],"uagb_featured_image_src":{"full":["https:\/\/vapestornado.com\/wp-content\/uploads\/2025\/03\/Bang-Kingdoms-Rex-32000-E-Cigarette-Disposable-Vape.webp",800,800,false],"thumbnail":["https:\/\/vapestornado.com\/wp-content\/uploads\/2025\/03\/Bang-Kingdoms-Rex-32000-E-Cigarette-Disposable-Vape-150x150.webp",150,150,true],"medium":["https:\/\/vapestornado.com\/wp-content\/uploads\/2025\/03\/Bang-Kingdoms-Rex-32000-E-Cigarette-Disposable-Vape-300x300.webp",300,300,true],"medium_large":["https:\/\/vapestornado.com\/wp-content\/uploads\/2025\/03\/Bang-Kingdoms-Rex-32000-E-Cigarette-Disposable-Vape-768x768.webp",768,768,true],"large":["https:\/\/vapestornado.com\/wp-content\/uploads\/2025\/03\/Bang-Kingdoms-Rex-32000-E-Cigarette-Disposable-Vape.webp",800,800,false],"1536x1536":["https:\/\/vapestornado.com\/wp-content\/uploads\/2025\/03\/Bang-Kingdoms-Rex-32000-E-Cigarette-Disposable-Vape.webp",800,800,false],"2048x2048":["https:\/\/vapestornado.com\/wp-content\/uploads\/2025\/03\/Bang-Kingdoms-Rex-32000-E-Cigarette-Disposable-Vape.webp",800,800,false],"trp-custom-language-flag":["https:\/\/vapestornado.com\/wp-content\/uploads\/2025\/03\/Bang-Kingdoms-Rex-32000-E-Cigarette-Disposable-Vape.webp",12,12,false],"woocommerce_thumbnail":["https:\/\/vapestornado.com\/wp-content\/uploads\/2025\/03\/Bang-Kingdoms-Rex-32000-E-Cigarette-Disposable-Vape-300x300.webp",300,300,true],"woocommerce_single":["https:\/\/vapestornado.com\/wp-content\/uploads\/2025\/03\/Bang-Kingdoms-Rex-32000-E-Cigarette-Disposable-Vape-600x600.webp",600,600,true],"woocommerce_gallery_thumbnail":["https:\/\/vapestornado.com\/wp-content\/uploads\/2025\/03\/Bang-Kingdoms-Rex-32000-E-Cigarette-Disposable-Vape-100x100.webp",100,100,true]},"uagb_author_info":{"display_name":"ESAMY","author_link":"https:\/\/vapestornado.com\/sk\/author\/"},"uagb_comment_info":0,"uagb_excerpt":"Bang Leader 32000 Puffs Wholesale 32K Puffs Vape Bulk Buy Disposable Vape 32000 Puffs Poland Wholesale Add Amy's whatsapp to get right reply and discount price! WhatsApp: +86 17776015835 &nbsp;","_links":{"self":[{"href":"https:\/\/vapestornado.com\/sk\/wp-json\/wp\/v2\/product\/3929","targetHints":{"allow":["GET"]}}],"collection":[{"href":"https:\/\/vapestornado.com\/sk\/wp-json\/wp\/v2\/product"}],"about":[{"href":"https:\/\/vapestornado.com\/sk\/wp-json\/wp\/v2\/types\/product"}],"replies":[{"embeddable":true,"href":"https:\/\/vapestornado.com\/sk\/wp-json\/wp\/v2\/comments?post=3929"}],"wp:featuredmedia":[{"embeddable":true,"href":"https:\/\/vapestornado.com\/sk\/wp-json\/wp\/v2\/media\/3917"}],"wp:attachment":[{"href":"https:\/\/vapestornado.com\/sk\/wp-json\/wp\/v2\/media?parent=3929"}],"wp:term":[{"taxonomy":"product_brand","embeddable":true,"href":"https:\/\/vapestornado.com\/sk\/wp-json\/wp\/v2\/product_brand?post=3929"},{"taxonomy":"product_cat","embeddable":true,"href":"https:\/\/vapestornado.com\/sk\/wp-json\/wp\/v2\/product_cat?post=3929"},{"taxonomy":"product_tag","embeddable":true,"href":"https:\/\/vapestornado.com\/sk\/wp-json\/wp\/v2\/product_tag?post=3929"}],"curies":[{"name":"wp","href":"https:\/\/api.w.org\/{rel}","templated":true}]}}