{"id":3928,"date":"2025-03-20T03:43:34","date_gmt":"2025-03-20T03:43:34","guid":{"rendered":"https:\/\/vapestornado.com\/?post_type=product&#038;p=3928"},"modified":"2025-08-23T11:38:54","modified_gmt":"2025-08-23T11:38:54","slug":"vozol-gear-shisha-25k-25000-puffs-best-dtl-disposable-vape-hookah-cheap-price","status":"publish","type":"product","link":"https:\/\/vapestornado.com\/sk\/product\/vozol-gear-shisha-25k-25000-puffs-best-dtl-disposable-vape-hookah-cheap-price\/","title":{"rendered":"Vozol Gear Shisha 25k 25000 \u0164ahov Najlep\u0161\u00ed DTL Jednorazov\u00fd Vape Hookah Lacn\u00e1 Cena"},"content":{"rendered":"<h1 data-pm-slice=\"1 1 []\">Vozol Gear Shisha 25k 25000 \u0164ahov Najlep\u0161\u00ed DTL Jednorazov\u00fd Vape Hookah Lacn\u00e1 Cena<\/h1>\n<p data-start=\"187\" data-end=\"478\">Ahoj! V tejto chv\u00edli ti neviem pom\u00f4c\u0165 s tvojou po\u017eiadavkou. M\u00f4\u017eem ti v\u0161ak pom\u00f4c\u0165 s prekladom akejko\u013evek tvojej po\u017eiadavky. Ak m\u00e1\u0161 z\u00e1ujem, r\u00e1d ti pom\u00f4\u017eem s \u010fal\u0161\u00edmi prekladmi. <strong data-start=\"191\" data-end=\"232\">Vozol Gear Shisha 25K Jednorazov\u00e1 Vape<\/strong> redefinuje z\u00e1\u017eitok z vapovania v \u0161t\u00fdle DTL vodnej fajky, v\u010faka \u010domu je nevyhnutnos\u0165ou pre <strong data-start=\"309\" data-end=\"338\">ve\u013ekoobchodn\u00edkov a maloobchodn\u00edkov<\/strong> zameran\u00fdch na eur\u00f3psky trh. S kapacitou a\u017e <strong data-start=\"383\" data-end=\"399\">25 000 \u0165ahov<\/strong>toto zariadenie s vysokou kapacitou zais\u0165uje dlh\u00e9 sedenia a siln\u00fa pr\u00ed\u0165a\u017elivos\u0165 pre spotrebite\u013eov.<\/p>\n<p data-start=\"480\" data-end=\"863\">Jeho <strong data-start=\"484\" data-end=\"516\">1000mAh dob\u00edjacia bat\u00e9ria<\/strong> s <strong data-start=\"522\" data-end=\"546\">r\u00fdchleho nab\u00edjania typu C<\/strong> minimalizuje prestoje, zatia\u013e \u010do <strong data-start=\"577\" data-end=\"603\">2,1-palcov\u00fd farebn\u00fd displej<\/strong> poskytuje sledovanie po\u010dtu potiahnut\u00ed, stavu bat\u00e9rie a re\u017eimu vapovania v re\u00e1lnom \u010dase. Pou\u017e\u00edvatelia m\u00f4\u017eu prep\u00edna\u0165 medzi <strong data-start=\"705\" data-end=\"717\">Eco re\u017eim<\/strong> (maxim\u00e1lna v\u00fddr\u017e, a\u017e 25 tis\u00edc potiahnut\u00ed) a <strong data-start=\"759\" data-end=\"773\">V re\u017eime v\u00fdkonu<\/strong> (vy\u0161\u0161ia intenzita, a\u017e 18 tis\u00edc potiahnut\u00ed), \u010do poskytuje flexibilitu pre r\u00f4zne preferencie vapovania.<\/p>\n<p data-start=\"865\" data-end=\"1153\">An <strong data-start=\"868\" data-end=\"897\">nastavite\u013en\u00e9ho pr\u00fadenia vzduchu<\/strong> v kombin\u00e1cii s <strong data-start=\"910\" data-end=\"929\">dvojit\u00fdmi mesh \u0161pir\u00e1lkami<\/strong> zais\u0165uje hladk\u00e9 pod\u00e1vanie pary, hust\u00e9 oblaky a konzistentn\u00fd chu\u0165ov\u00fd v\u00fdkon. S <strong data-start=\"1016\" data-end=\"1040\">5 % silou nikot\u00ednu<\/strong> a katal\u00f3gom <strong data-start=\"1060\" data-end=\"1076\">40+ pr\u00edchut\u00ed<\/strong>, Vozol Gear Shisha uspokoj\u00ed n\u00e1ro\u010dn\u00fdch pou\u017e\u00edvate\u013eov aj nad\u0161encov pr\u00edchut\u00ed.<\/p>\n<p data-start=\"1155\" data-end=\"1393\">Pre hromadn\u00fdch kupuj\u00facich je <strong data-start=\"1176\" data-end=\"1201\">Vozol Gear Shisha 25K<\/strong> je viac ne\u017e len jednorazov\u00e1 vape \u2013 je to pr\u00e9miov\u00e1 mo\u017enos\u0165 s pokro\u010dil\u00fdmi funkciami, ktor\u00e9 pom\u00e1haj\u00fa maloobchodn\u00edkom vynikn\u00fa\u0165 na preplnenom trhu a z\u00e1rove\u0148 \u0165a\u017ei\u0165 z <strong data-start=\"1357\" data-end=\"1390\">konkuren\u010dn\u00e9 ve\u013ekoobchodn\u00e9 ceny<\/strong>.<\/p>\n<p data-start=\"666\" data-end=\"1235\"><strong style=\"font-size: 16px;\"><span style=\"color: #ff0000;\">Pridajte si Amy na WhatsApp, aby ste dostali spr\u00e1vnu odpove\u010f a z\u013eavnen\u00fa cenu!<\/span><\/strong><\/p>\n<p><img fetchpriority=\"high\" decoding=\"async\" class=\"size-full wp-image-2932\" src=\"https:\/\/vapestornado.com\/wp-content\/uploads\/2024\/12\/Vape-Wholesale.jpg\" alt=\"Ve\u013ekoobchod s vape\" width=\"229\" height=\"300\" \/><\/p>\n<h3><a href=\"https:\/\/wa.me\/8617776015835\" target=\"_blank\" rel=\"noopener\"><span style=\"color: #ff0000;\"><strong>WhatsApp: +86 17776015835<\/strong><\/span><\/a><\/h3>\n<p>&nbsp;<\/p>\n<h2><strong>K\u013e\u00fa\u010dov\u00e9 vlastnosti produktu Vozol Gear Shisha 25k Vape<\/strong><\/h2>\n<p>Zna\u010dka: Vozol Vape<br \/>\nModel: Gear Shisha DTL Jednorazov\u00e9<br \/>\nNikot\u00edn: 5%<br \/>\nKapacita bat\u00e9rie: 1000mAh<br \/>\nRe\u017eimy po\u0165ahov: Re\u017eim Eco (25 000 po\u0165ahov), Re\u017eim Power (18 000 po\u0165ahov)<br \/>\n\u0160peci\u00e1lne funkcie: Audio-interakt\u00edvne, Inteligentn\u00fd \u010dip, Du\u00e1lne mesh \u0161pir\u00e1lky<br \/>\nDisplej: 2,1-palcov\u00fd farebn\u00fd displej pre jednoduch\u00e9 monitorovanie<br \/>\nDizajn: UI v \u0161t\u00fdle Bl\u00edzkeho v\u00fdchodu<br \/>\nNastavite\u013en\u00fd prietok vzduchu<br \/>\nPr\u00edchute: Viac ako 12 l\u00e1kav\u00fdch mo\u017enost\u00ed, vr\u00e1tane ovocn\u00fdch a m\u00e4tov\u00fdch<\/p>\n<p>&nbsp;<\/p>\n<figure id=\"attachment_3922\" aria-describedby=\"caption-attachment-3922\" style=\"width: 800px\" class=\"wp-caption alignnone\"><img decoding=\"async\" class=\"wp-image-3922 size-full\" src=\"https:\/\/vapestornado.com\/wp-content\/uploads\/2025\/03\/Vazol-Gear-Shisha-25000-Puff-25k-Wholesale-Price.webp\" alt=\"Vazol Gear Shisha 25000 Po\u0165ahov 25k Ve\u013ekoobchodn\u00e1 cena\" width=\"800\" height=\"800\" srcset=\"https:\/\/vapestornado.com\/wp-content\/uploads\/2025\/03\/Vazol-Gear-Shisha-25000-Puff-25k-Wholesale-Price.webp 800w, https:\/\/vapestornado.com\/wp-content\/uploads\/2025\/03\/Vazol-Gear-Shisha-25000-Puff-25k-Wholesale-Price-300x300.webp 300w, https:\/\/vapestornado.com\/wp-content\/uploads\/2025\/03\/Vazol-Gear-Shisha-25000-Puff-25k-Wholesale-Price-150x150.webp 150w, https:\/\/vapestornado.com\/wp-content\/uploads\/2025\/03\/Vazol-Gear-Shisha-25000-Puff-25k-Wholesale-Price-768x768.webp 768w, https:\/\/vapestornado.com\/wp-content\/uploads\/2025\/03\/Vazol-Gear-Shisha-25000-Puff-25k-Wholesale-Price-600x600.webp 600w, https:\/\/vapestornado.com\/wp-content\/uploads\/2025\/03\/Vazol-Gear-Shisha-25000-Puff-25k-Wholesale-Price-100x100.webp 100w\" sizes=\"(max-width: 800px) 100vw, 800px\" \/><figcaption id=\"caption-attachment-3922\" class=\"wp-caption-text\">Vazol Gear Shisha 25000 Po\u0165ahov 25k Ve\u013ekoobchodn\u00e1 cena<\/figcaption><\/figure>\n<h2 class=\"product-title\"><strong>Zoznam pr\u00edchut\u00ed Vozol Gear 25000 Shisha Hookah Vape<\/strong><\/h2>\n<article class=\"w-full text-token-text-primary focus-visible:outline-2 focus-visible:outline-offset-[-4px]\" dir=\"auto\" data-testid=\"conversation-turn-32\" data-scroll-anchor=\"false\">\n<div class=\"m-auto text-base py-[18px] px-6\">\n<div class=\"mx-auto flex flex-1 text-base gap-4 md:gap-5 lg:gap-6 md:max-w-3xl lg:max-w-[40rem] xl:max-w-[48rem]\">\n<div class=\"group\/conversation-turn relative flex w-full min-w-0 flex-col @xs\/thread:px-0 @sm\/thread:px-1.5 @md\/thread:px-4\">\n<div class=\"flex-col gap-1 md:gap-3\">\n<div class=\"flex max-w-full flex-col flex-grow\">\n<div class=\"min-h-8 text-message flex w-full flex-col items-end gap-2 whitespace-normal break-words text-start [.text-message+&amp;]:mt-5\" dir=\"auto\" data-message-author-role=\"user\" data-message-id=\"ffac41ca-1db4-431b-873a-32c4052956f1\">\n<div class=\"flex w-full flex-col gap-1 empty:hidden items-end rtl:items-start\">\n<div class=\"relative max-w-[var(--user-chat-width,70%)] rounded-3xl bg-token-message-surface px-5 py-2.5\">\n<div class=\"absolute bottom-0 right-full top-0 -mr-3.5 hidden pr-5 pt-2 [.group\/conversation-turn:hover_&amp;]:flex\">\n<div class=\"flex\">\n<article class=\"w-full text-token-text-primary focus-visible:outline-2 focus-visible:outline-offset-[-4px]\" dir=\"auto\" data-testid=\"conversation-turn-39\" data-scroll-anchor=\"true\">\n<div class=\"m-auto text-base py-[18px] px-6\">\n<div class=\"mx-auto flex flex-1 text-base gap-4 md:gap-5 lg:gap-6 md:max-w-3xl lg:max-w-[40rem] xl:max-w-[48rem]\">\n<div class=\"group\/conversation-turn relative flex w-full min-w-0 flex-col agent-turn @xs\/thread:px-0 @sm\/thread:px-1.5 @md\/thread:px-4\">\n<div class=\"flex-col gap-1 md:gap-3\">\n<div class=\"flex max-w-full flex-col flex-grow\">\n<div class=\"min-h-8 text-message flex w-full flex-col items-end gap-2 whitespace-normal break-words text-start [.text-message+&amp;]:mt-5\" dir=\"auto\" data-message-author-role=\"assistant\" data-message-id=\"55a23854-ec57-48dd-bd4f-6118f43d6241\" data-message-model-slug=\"gpt-4o\">\n<div class=\"flex w-full flex-col gap-1 empty:hidden first:pt-[3px]\">\n<div class=\"markdown prose w-full break-words dark:prose-invert light\">\n<p>1.Dve jablk\u00e1<\/p>\n<p>2.Mel\u00f3nov\u00fd \u013ead<\/p>\n<p>3.Mango brosky\u0148a<\/p>\n<p>4.\u010cu\u010doriedkov\u00fd \u013ead<\/p>\n<p>5. Blue Razz Ice<\/p>\n<p>6. Hroznov\u00fd \u013ead<\/p>\n<p>7. Jahoda Kiwi<\/p>\n<p>8. \u010cu\u010doriedkov\u00fd mel\u00f3n<\/p>\n<p>9.\u010cere\u0161\u0148ov\u00e1 Cola<\/p>\n<p>10.L\u00e1ska 777<\/p>\n<p>11.\u010cere\u0161\u0148ov\u00fd \u013dad<\/p>\n<p>12. Brosky\u0148ov\u00fd \u013ead<\/p>\n<p>13.Bobu\u013eov\u00fd \u013dad<\/p>\n<p>14.Sladk\u00e9 Mu\u010denky<\/p>\n<p>15.Mrazen\u00e1 Jahoda Kivi<\/p>\n<p>16.Dra\u010die Ovocie Ban\u00e1n \u010cere\u0161\u0148a<\/p>\n<\/div>\n<\/div>\n<\/div>\n<\/div>\n<\/div>\n<\/div>\n<\/div>\n<\/div>\n<\/article>\n<\/div>\n<\/div>\n<\/div>\n<\/div>\n<\/div>\n<\/div>\n<\/div>\n<\/div>\n<\/div>\n<\/div>\n<\/article>\n<h2>Pre\u010do si vybra\u0165 Vapestornado pre hromadn\u00fd n\u00e1kup Vapestornado Vozol Gear Shisha 25k Puffs Screen Vape?<\/h2>\n<div class=\"flex-shrink-0 flex flex-col relative items-end\">\n<div class=\"pt-0\">\n<div class=\"gizmo-bot-avatar flex h-8 w-8 items-center justify-center overflow-hidden rounded-full\">\n<div class=\"relative p-1 rounded-sm flex items-center justify-center bg-token-main-surface-primary text-token-text-primary h-8 w-8\">\n<p data-start=\"88\" data-end=\"557\">Pokia\u013e ide o <strong data-start=\"105\" data-end=\"154\">\u00a0n\u00e1kup vysokokvalitn\u00fdch jednorazov\u00fdch vapovac\u00edch zariaden\u00ed<\/strong>, <strong data-start=\"156\" data-end=\"172\">Vapestornado<\/strong> je tou spr\u00e1vnou vo\u013ebou pre neprekonate\u013en\u00e9 <strong data-start=\"208\" data-end=\"271\">v\u00fdrobn\u00e9 ceny, r\u00fdchle dodanie a prvotriedny z\u00e1kazn\u00edcky servis<\/strong>. N\u00e1kup Vozol Gear Shisha 25k 25000 <strong data-start=\"284\" data-end=\"322\">Vape<\/strong>\u00a0od Vapestornado znamen\u00e1, \u017ee dostanete <strong data-start=\"363\" data-end=\"400\">autentick\u00e9, 100% origin\u00e1lne produkty<\/strong> s najnov\u0161ou <strong data-start=\"417\" data-end=\"515\">technol\u00f3giou digit\u00e1lneho displeja, nab\u00edjan\u00edm cez Type-C a obrovskou kapacitou 45000 \u0165ahov<\/strong>\u2014v\u0161etko za <strong data-start=\"527\" data-end=\"554\">najni\u017e\u0161ie ve\u013ekoobchodn\u00e9 ceny<\/strong>.<\/p>\n<p data-start=\"559\" data-end=\"933\" data-is-last-node=\"\" data-is-only-node=\"\">M\u00e1me aj in\u00e9 hor\u00face predaje vapes s obrazovkou ako <a href=\"https:\/\/vapestornado.com\/sk\/product\/waspe-fihp-30000-puffs-smart-screen-vape-2-5-nicotine-wholesal\/\">WASPE 30K Du\u00e1lny re\u017eim vapovania<\/a>, <a href=\"https:\/\/vapestornado.com\/sk\/product\/vopk-ultra-40000-puffs-2-in-1-digital-screen-rechargeable-disposable-vape\/\">VOPK 40000 \u0165ahov\u00fd jednorazov\u00fd vape<\/a>, <a href=\"https:\/\/vapestornado.com\/sk\/product\/vapsolo-galaxy-30000-vapers-30k-puff-disposable-vape-e-cigarette-with-smart-screen\/\">Vapsolo Galaxy 30000<\/a>a \u010fal\u0161ie.<\/p>\n<\/div>\n<div class=\"relative p-1 rounded-sm flex items-center justify-center bg-token-main-surface-primary text-token-text-primary h-8 w-8\">\n<h2>\u010cast\u00e9 ot\u00e1zky pre jednorazov\u00fd vape<\/h2>\n<ol data-start=\"1162\" data-end=\"2206\">\n<li data-start=\"1162\" data-end=\"1425\">\n<p data-start=\"1165\" data-end=\"1425\"><strong data-start=\"1165\" data-end=\"1221\">Ako pou\u017eijete jednorazov\u00fd vape po prv\u00fdkr\u00e1t?<\/strong> Ak chcete pou\u017ei\u0165 jednorazov\u00fd vape Vozol Gear Shisha 25K, jednoducho ho vyberte z obalu, uistite sa, \u017ee je nabit\u00fd a vd\u00fdchnite cez n\u00e1ustok. Zariadenie sa aktivuje po potiahnut\u00ed, tak\u017ee nie s\u00fa potrebn\u00e9 \u017eiadne tla\u010didl\u00e1.<\/p>\n<\/li>\n<li data-start=\"1427\" data-end=\"1706\">\n<p data-start=\"1430\" data-end=\"1706\"><strong data-start=\"1430\" data-end=\"1473\">Ako m\u00f4\u017eem nabi\u0165 jednorazov\u00e9 vape pero?<\/strong> Toto zariadenie m\u00e1 1000mAh nab\u00edjate\u013en\u00fa bat\u00e9riu. Na pripojenie k zdroju nap\u00e1jania pou\u017eite prilo\u017een\u00fd nab\u00edjac\u00ed k\u00e1bel typu C. 2,1-palcov\u00e1 farebn\u00e1 obrazovka zobraz\u00ed stav nab\u00edjania, tak\u017ee budete informovan\u00ed po\u010das cel\u00e9ho procesu.<\/p>\n<\/li>\n<li data-start=\"1708\" data-end=\"1956\">\n<p data-start=\"1711\" data-end=\"1956\"><strong data-start=\"1711\" data-end=\"1765\">M\u00f4\u017eem necha\u0165 svoj jednorazov\u00fd vape v pr\u00edru\u010dnej bato\u017eine?<\/strong> \u00c1no, svoj jednorazov\u00fd vape m\u00f4\u017eete nosi\u0165 v pr\u00edru\u010dnej bato\u017eine pri cestovan\u00ed lietadlom. Pred cestou si v\u0161ak v\u017edy skontrolujte predpisy leteckej spolo\u010dnosti a miestne z\u00e1kony t\u00fdkaj\u00face sa vapovac\u00edch zariaden\u00ed.<\/p>\n<\/li>\n<li data-start=\"1958\" data-end=\"2206\">\n<p data-start=\"1961\" data-end=\"2206\"><strong data-start=\"1961\" data-end=\"1997\">Ako viete, \u017ee je vape pr\u00e1zdny?<\/strong> Vozol Gear Shisha 25K m\u00e1 2,1-palcov\u00fa farebn\u00fa obrazovku, ktor\u00e1 zobrazuje hladiny e-liquidu. Ke\u010f je e-liquid na n\u00edzkej \u00farovni alebo vy\u010derpan\u00fd, obrazovka v\u00e1s upozorn\u00ed, \u010do nazna\u010duje, \u017ee je \u010das na v\u00fdmenu alebo doplnenie.<\/p>\n<\/li>\n<\/ol>\n<\/div>\n<\/div>\n<\/div>\n<\/div>","protected":false},"excerpt":{"rendered":"<p>Ahoj! V tejto chv\u00edli ti neviem pom\u00f4c\u0165 s tvojou po\u017eiadavkou. M\u00f4\u017eem ti v\u0161ak pom\u00f4c\u0165 s prekladom akejko\u013evek tvojej po\u017eiadavky. Ak m\u00e1\u0161 z\u00e1ujem, r\u00e1d ti pom\u00f4\u017eem s \u010fal\u0161\u00edmi prekladmi. <strong data-start=\"1437\" data-end=\"1462\">Vozol Gear Shisha 25K<\/strong> poskytuje a\u017e 25 tis\u00edc potiahnut\u00ed, du\u00e1lne re\u017eimy a 2,1\u201d farebn\u00fd displej. Pr\u00e9miov\u00e1 DTL jednorazov\u00e1 vape ide\u00e1lna pre <strong data-start=\"1566\" data-end=\"1601\">ve\u013ekoobchodn\u00e9 hromadn\u00e9 objedn\u00e1vky v Eur\u00f3pe<\/strong>.<\/p>\n<p><strong>Pridajte si Amy na whatsapp, aby ste dostali spr\u00e1vnu odpove\u010f a z\u013eavnen\u00fa cenu!<\/strong><\/p>\n<p><img fetchpriority=\"high\" decoding=\"async\" class=\"size-full wp-image-2932\" src=\"https:\/\/vapestornado.com\/wp-content\/uploads\/2024\/12\/Vape-Wholesale.jpg\" alt=\"Ve\u013ekoobchod s vape\" width=\"229\" height=\"300\" \/><\/p>\n<h3><a href=\"https:\/\/wa.me\/8617776015835\"><span style=\"color: #ff0000;\"><strong>WhatsApp: +86 17776015835<\/strong><\/span><\/a><\/h3>\n<p>&nbsp;<\/p>","protected":false},"featured_media":3921,"comment_status":"open","ping_status":"closed","template":"","meta":{"_acf_changed":false,"_uag_custom_page_level_css":"","_lmt_disableupdate":"no","_lmt_disable":"","_monsterinsights_skip_tracking":false,"_monsterinsights_sitenote_active":false,"_monsterinsights_sitenote_note":"","_monsterinsights_sitenote_category":0,"site-sidebar-layout":"default","site-content-layout":"","ast-site-content-layout":"default","site-content-style":"default","site-sidebar-style":"default","ast-global-header-display":"","ast-banner-title-visibility":"","ast-main-header-display":"","ast-hfb-above-header-display":"","ast-hfb-below-header-display":"","ast-hfb-mobile-header-display":"","site-post-title":"","ast-breadcrumbs-content":"","ast-featured-img":"","footer-sml-layout":"","ast-disable-related-posts":"","theme-transparent-header-meta":"default","adv-header-id-meta":"","stick-header-meta":"","header-above-stick-meta":"","header-main-stick-meta":"","header-below-stick-meta":"","astra-migrate-meta-layouts":"set","ast-page-background-enabled":"default","ast-page-background-meta":{"desktop":{"background-color":"","background-image":"","background-repeat":"repeat","background-position":"center center","background-size":"auto","background-attachment":"scroll","background-type":"","background-media":"","overlay-type":"","overlay-color":"","overlay-opacity":"","overlay-gradient":""},"tablet":{"background-color":"","background-image":"","background-repeat":"repeat","background-position":"center center","background-size":"auto","background-attachment":"scroll","background-type":"","background-media":"","overlay-type":"","overlay-color":"","overlay-opacity":"","overlay-gradient":""},"mobile":{"background-color":"","background-image":"","background-repeat":"repeat","background-position":"center center","background-size":"auto","background-attachment":"scroll","background-type":"","background-media":"","overlay-type":"","overlay-color":"","overlay-opacity":"","overlay-gradient":""}},"ast-content-background-meta":{"desktop":{"background-color":"var(--ast-global-color-5)","background-image":"","background-repeat":"repeat","background-position":"center center","background-size":"auto","background-attachment":"scroll","background-type":"","background-media":"","overlay-type":"","overlay-color":"","overlay-opacity":"","overlay-gradient":""},"tablet":{"background-color":"var(--ast-global-color-5)","background-image":"","background-repeat":"repeat","background-position":"center center","background-size":"auto","background-attachment":"scroll","background-type":"","background-media":"","overlay-type":"","overlay-color":"","overlay-opacity":"","overlay-gradient":""},"mobile":{"background-color":"var(--ast-global-color-5)","background-image":"","background-repeat":"repeat","background-position":"center center","background-size":"auto","background-attachment":"scroll","background-type":"","background-media":"","overlay-type":"","overlay-color":"","overlay-opacity":"","overlay-gradient":""}},"_joinchat":{"telephone":"17776015835"}},"product_brand":[],"product_cat":[19,68,160,142,147,57],"product_tag":[271,94,93,269,272,270],"class_list":{"0":"post-3928","1":"product","2":"type-product","3":"status-publish","4":"has-post-thumbnail","6":"product_cat-vapes","7":"product_cat-25000-puff","8":"product_cat-buy-disposable-vapes-in-switzerland","9":"product_cat-digital-box-disposable-vapes","10":"product_cat-shisha-hookah-disposable-vapes","11":"product_cat-vozol-vape","12":"product_tag-best-dtl-disposable-vape","13":"product_tag-rechargeable-disposable-vape","14":"product_tag-vape-wholesale","15":"product_tag-vape-with-screen","16":"product_tag-vozol-gear-shisha-25000","17":"product_tag-vozol-gear-shisha-25k","18":"desktop-align-left","19":"tablet-align-left","20":"mobile-align-left","22":"first","23":"instock","24":"sale","25":"shipping-taxable","26":"purchasable","27":"product-type-simple"},"acf":[],"uagb_featured_image_src":{"full":["https:\/\/vapestornado.com\/wp-content\/uploads\/2025\/03\/Vazol-Gear-Shisha-25000-Puff-25k-Cheap-Price.webp",800,800,false],"thumbnail":["https:\/\/vapestornado.com\/wp-content\/uploads\/2025\/03\/Vazol-Gear-Shisha-25000-Puff-25k-Cheap-Price-150x150.webp",150,150,true],"medium":["https:\/\/vapestornado.com\/wp-content\/uploads\/2025\/03\/Vazol-Gear-Shisha-25000-Puff-25k-Cheap-Price-300x300.webp",300,300,true],"medium_large":["https:\/\/vapestornado.com\/wp-content\/uploads\/2025\/03\/Vazol-Gear-Shisha-25000-Puff-25k-Cheap-Price-768x768.webp",768,768,true],"large":["https:\/\/vapestornado.com\/wp-content\/uploads\/2025\/03\/Vazol-Gear-Shisha-25000-Puff-25k-Cheap-Price.webp",800,800,false],"1536x1536":["https:\/\/vapestornado.com\/wp-content\/uploads\/2025\/03\/Vazol-Gear-Shisha-25000-Puff-25k-Cheap-Price.webp",800,800,false],"2048x2048":["https:\/\/vapestornado.com\/wp-content\/uploads\/2025\/03\/Vazol-Gear-Shisha-25000-Puff-25k-Cheap-Price.webp",800,800,false],"trp-custom-language-flag":["https:\/\/vapestornado.com\/wp-content\/uploads\/2025\/03\/Vazol-Gear-Shisha-25000-Puff-25k-Cheap-Price.webp",12,12,false],"woocommerce_thumbnail":["https:\/\/vapestornado.com\/wp-content\/uploads\/2025\/03\/Vazol-Gear-Shisha-25000-Puff-25k-Cheap-Price-300x300.webp",300,300,true],"woocommerce_single":["https:\/\/vapestornado.com\/wp-content\/uploads\/2025\/03\/Vazol-Gear-Shisha-25000-Puff-25k-Cheap-Price-600x600.webp",600,600,true],"woocommerce_gallery_thumbnail":["https:\/\/vapestornado.com\/wp-content\/uploads\/2025\/03\/Vazol-Gear-Shisha-25000-Puff-25k-Cheap-Price-100x100.webp",100,100,true]},"uagb_author_info":{"display_name":"ESAMY","author_link":"https:\/\/vapestornado.com\/sk\/author\/"},"uagb_comment_info":0,"uagb_excerpt":"The Vozol Gear Shisha 25K delivers up to 25K puffs, dual modes, and a 2.1\u201d color screen. A premium DTL disposable vape ideal for wholesale bulk orders in Europe. Add Amy's whatsapp to get right reply and discount price! WhatsApp: +86 17776015835 &nbsp;","_links":{"self":[{"href":"https:\/\/vapestornado.com\/sk\/wp-json\/wp\/v2\/product\/3928","targetHints":{"allow":["GET"]}}],"collection":[{"href":"https:\/\/vapestornado.com\/sk\/wp-json\/wp\/v2\/product"}],"about":[{"href":"https:\/\/vapestornado.com\/sk\/wp-json\/wp\/v2\/types\/product"}],"replies":[{"embeddable":true,"href":"https:\/\/vapestornado.com\/sk\/wp-json\/wp\/v2\/comments?post=3928"}],"wp:featuredmedia":[{"embeddable":true,"href":"https:\/\/vapestornado.com\/sk\/wp-json\/wp\/v2\/media\/3921"}],"wp:attachment":[{"href":"https:\/\/vapestornado.com\/sk\/wp-json\/wp\/v2\/media?parent=3928"}],"wp:term":[{"taxonomy":"product_brand","embeddable":true,"href":"https:\/\/vapestornado.com\/sk\/wp-json\/wp\/v2\/product_brand?post=3928"},{"taxonomy":"product_cat","embeddable":true,"href":"https:\/\/vapestornado.com\/sk\/wp-json\/wp\/v2\/product_cat?post=3928"},{"taxonomy":"product_tag","embeddable":true,"href":"https:\/\/vapestornado.com\/sk\/wp-json\/wp\/v2\/product_tag?post=3928"}],"curies":[{"name":"wp","href":"https:\/\/api.w.org\/{rel}","templated":true}]}}