{"id":3898,"date":"2025-03-19T07:31:04","date_gmt":"2025-03-19T07:31:04","guid":{"rendered":"https:\/\/vapestornado.com\/?post_type=product&#038;p=3898"},"modified":"2025-08-23T11:44:33","modified_gmt":"2025-08-23T11:44:33","slug":"zooy-zero-45000-45k-puff-touch-screen-disposable-vape-wholesale","status":"publish","type":"product","link":"https:\/\/vapestornado.com\/sk\/product\/zooy-zero-45000-45k-puff-touch-screen-disposable-vape-wholesale\/","title":{"rendered":"ZOOY Zero 45000 45K Potiahnut\u00ed Jednorazov\u00e1 e-cigareta s dotykovou obrazovkou Ve\u013ekoobchod"},"content":{"rendered":"<h1 data-pm-slice=\"1 1 []\">ZOOY Zero 45000 45K Potiahnut\u00ed Jednorazov\u00e1 e-cigareta s dotykovou obrazovkou Ve\u013ekoobchod<\/h1>\n<p data-start=\"184\" data-end=\"550\">Ahoj! V tejto chv\u00edli ti neviem pom\u00f4c\u0165 s tvojou po\u017eiadavkou. M\u00f4\u017eem ti v\u0161ak pom\u00f4c\u0165 s prekladom akejko\u013evek tvojej po\u017eiadavky. Ak m\u00e1\u0161 z\u00e1ujem, r\u00e1d ti pom\u00f4\u017eem s \u010fal\u0161\u00edmi prekladmi. <strong data-start=\"188\" data-end=\"242\">Jednorazov\u00fd vape ZOOY Zero 45000 Puffs s dotykov\u00fdm displejom<\/strong> sp\u00e1ja \u0161pi\u010dkov\u00fa technol\u00f3giu a dlhotrvaj\u00faci v\u00fdkon, \u010do z neho rob\u00ed siln\u00fa vo\u013ebu pre <strong data-start=\"343\" data-end=\"383\">ve\u013ekoobchodn\u00fdch distrib\u00fatorov a maloobchodn\u00edkov<\/strong>. S p\u00f4sobivou <strong data-start=\"404\" data-end=\"428\">kapacitou 45 000 potiahnut\u00ed<\/strong> a ve\u013ek\u00fdm <strong data-start=\"441\" data-end=\"468\">35 ml z\u00e1sobn\u00edkom e-liquidu<\/strong>poskytuje v\u00fdnimo\u010dn\u00fa hodnotu pre z\u00e1kazn\u00edkov, ktor\u00ed h\u013eadaj\u00fa v\u00fddr\u017e a spo\u013eahlivos\u0165.<\/p>\n<p data-start=\"552\" data-end=\"880\">Vstavan\u00fd <strong data-start=\"563\" data-end=\"585\">Inteligentn\u00e1 dotykov\u00e1 obrazovka<\/strong> odli\u0161uje toto zariadenie a poskytuje pou\u017e\u00edvate\u013eom preh\u013ead o po\u010dte potiahnut\u00ed, \u00farovni bat\u00e9rie a zost\u00e1vaj\u00facej e-kvapaline v re\u00e1lnom \u010dase. Poh\u00e1\u0148an\u00fd odolnou <strong data-start=\"719\" data-end=\"743\">nab\u00edjate\u013enou bat\u00e9riou<\/strong> s <strong data-start=\"749\" data-end=\"773\">r\u00fdchleho nab\u00edjania typu C<\/strong>, ZOOY Zero minimalizuje prestoje a zais\u0165uje konzistentn\u00fd z\u00e1\u017eitok pre n\u00e1ru\u017eiv\u00fdch aj pr\u00edle\u017eitostn\u00fdch vaperov.<\/p>\n<p data-start=\"882\" data-end=\"1248\">S <strong data-start=\"887\" data-end=\"930\">mo\u017enosti nikot\u00ednovej soli 2%, 3% a 5%<\/strong>, ZOOY Zero sa prisp\u00f4sobuje r\u00f4znym preferenci\u00e1m. <strong data-start=\"983\" data-end=\"1012\">nastavite\u013en\u00e9ho pr\u00fadenia vzduchu<\/strong> umo\u017e\u0148uje pou\u017e\u00edvate\u013eom prep\u00edna\u0165 medzi hladk\u00fdmi \u0165ahmi a hust\u00fdmi oblakmi, \u010d\u00edm uspokojuje \u0161t\u00fdly vapovania MTL aj DTL. \u0160t\u00fdlov\u00fd, kompaktn\u00fd a prenosn\u00fd, kombinuje praktickos\u0165 s pr\u00e9miovou estetikou \u2013 ide\u00e1lny pre obchody zameran\u00e9 na eur\u00f3psky trh.<\/p>\n<p data-start=\"1250\" data-end=\"1445\">Pre ve\u013ekoobchodn\u00edkov, <strong data-start=\"1271\" data-end=\"1306\">ZOOY Zero 45K dotykov\u00fd displej Vape<\/strong> pon\u00faka presved\u010div\u00fa kombin\u00e1ciu <strong data-start=\"1334\" data-end=\"1392\">inov\u00e1cie, cenovo v\u00fdhodn\u00e9 ceny pre ve\u013ekoobchod a pr\u00ed\u0165a\u017elivos\u0165 pre spotrebite\u013eov<\/strong>, \u010do z neho rob\u00ed ziskov\u00fd doplnok do ka\u017ed\u00e9ho invent\u00e1ra.<\/p>\n<p data-start=\"666\" data-end=\"1235\"><strong style=\"font-size: 16px;\"><span style=\"color: #ff0000;\">Pridajte si Amy na WhatsApp, aby ste dostali spr\u00e1vnu odpove\u010f a z\u013eavnen\u00fa cenu!<\/span><\/strong><\/p>\n<p><img fetchpriority=\"high\" decoding=\"async\" class=\"size-full wp-image-2932\" src=\"https:\/\/vapestornado.com\/wp-content\/uploads\/2024\/12\/Vape-Wholesale.jpg\" alt=\"Ve\u013ekoobchod s vape\" width=\"229\" height=\"300\" \/><\/p>\n<h3><a href=\"https:\/\/wa.me\/8617776015835\" target=\"_blank\" rel=\"noopener\"><span style=\"color: #ff0000;\"><strong>WhatsApp: +86 17776015835<\/strong><\/span><\/a><\/h3>\n<p>&nbsp;<\/p>\n<h2><strong>ZOOY Zero 45000 potiahnut\u00ed kri\u0161t\u00e1\u013eov\u00fd Vape K\u013e\u00fa\u010dov\u00e9 vlastnosti produktu<\/strong><\/h2>\n<p>Zna\u010dka: ZOOY Vape<br \/>\nKapacita potiahnut\u00ed: A\u017e 45000 potiahnut\u00ed<br \/>\nE-Liquid: 35mL<br \/>\nSila nikot\u00ednu: 0%, 2%, 3%, 5%<br \/>\nBat\u00e9ria: 1000mAh nab\u00edjate\u013en\u00e1 bat\u00e9ria<br \/>\nNab\u00edjanie: R\u00fdchle nab\u00edjanie typu C<br \/>\nTyp cievky: Dvojit\u00e1 mesh cievka pre vylep\u0161en\u00fa produkciu pary a chuti<br \/>\nDisplej: Digit\u00e1lny displej pre stav bat\u00e9rie a hladinu e-liquidu<\/p>\n<h2 class=\"product-title\"><strong>Zoznam pr\u00edchut\u00ed ZOOY Zero 45k potiahnut\u00ed Box Vape<\/strong><\/h2>\n<article class=\"w-full text-token-text-primary focus-visible:outline-2 focus-visible:outline-offset-[-4px]\" dir=\"auto\" data-testid=\"conversation-turn-32\" data-scroll-anchor=\"false\">\n<div class=\"m-auto text-base py-[18px] px-6\">\n<div class=\"mx-auto flex flex-1 text-base gap-4 md:gap-5 lg:gap-6 md:max-w-3xl lg:max-w-[40rem] xl:max-w-[48rem]\">\n<div class=\"group\/conversation-turn relative flex w-full min-w-0 flex-col @xs\/thread:px-0 @sm\/thread:px-1.5 @md\/thread:px-4\">\n<div class=\"flex-col gap-1 md:gap-3\">\n<div class=\"flex max-w-full flex-col flex-grow\">\n<div class=\"min-h-8 text-message flex w-full flex-col items-end gap-2 whitespace-normal break-words text-start [.text-message+&amp;]:mt-5\" dir=\"auto\" data-message-author-role=\"user\" data-message-id=\"ffac41ca-1db4-431b-873a-32c4052956f1\">\n<div class=\"flex w-full flex-col gap-1 empty:hidden items-end rtl:items-start\">\n<div class=\"relative max-w-[var(--user-chat-width,70%)] rounded-3xl bg-token-message-surface px-5 py-2.5\">\n<div class=\"absolute bottom-0 right-full top-0 -mr-3.5 hidden pr-5 pt-2 [.group\/conversation-turn:hover_&amp;]:flex\">\n<div class=\"flex\">\n<article class=\"w-full text-token-text-primary focus-visible:outline-2 focus-visible:outline-offset-[-4px]\" dir=\"auto\" data-testid=\"conversation-turn-39\" data-scroll-anchor=\"true\">\n<div class=\"m-auto text-base py-[18px] px-6\">\n<div class=\"mx-auto flex flex-1 text-base gap-4 md:gap-5 lg:gap-6 md:max-w-3xl lg:max-w-[40rem] xl:max-w-[48rem]\">\n<div class=\"group\/conversation-turn relative flex w-full min-w-0 flex-col agent-turn @xs\/thread:px-0 @sm\/thread:px-1.5 @md\/thread:px-4\">\n<div class=\"flex-col gap-1 md:gap-3\">\n<div class=\"flex max-w-full flex-col flex-grow\">\n<div class=\"min-h-8 text-message flex w-full flex-col items-end gap-2 whitespace-normal break-words text-start [.text-message+&amp;]:mt-5\" dir=\"auto\" data-message-author-role=\"assistant\" data-message-id=\"55a23854-ec57-48dd-bd4f-6118f43d6241\" data-message-model-slug=\"gpt-4o\">\n<div class=\"flex w-full flex-col gap-1 empty:hidden first:pt-[3px]\">\n<div class=\"markdown prose w-full break-words dark:prose-invert light\">\n<p>1.Vodn\u00fd mel\u00f3n \u013ead<br \/>\n2.\u010cu\u010doriedkov\u00fd \u013ead <strong><span style=\"color: #ff0000;\">&gt;&gt;&gt;&gt; Hor\u00face!<\/span><\/strong><br \/>\n3.Jahoda Vodn\u00fd mel\u00f3n<br \/>\n4.Citr\u00f3nov\u00e1 Cola<br \/>\n5.Jahoda Kivi <strong><span style=\"color: #ff0000;\">&gt;&gt;&gt;&gt; Hor\u00face!<\/span><\/strong><br \/>\n6.Hrozno Jablko<br \/>\n7.Jahoda Pomaran\u010d Pop<br \/>\n8.Modr\u00e1 Razz \u013ead <strong><span style=\"color: #ff0000;\">&gt;&gt;&gt;&gt; Hor\u00face!<\/span><\/strong><br \/>\n9.\u010cu\u010doriedka Vodn\u00fd mel\u00f3n <strong><span style=\"color: #ff0000;\">&gt;&gt;&gt;&gt; Najlep\u0161ie!<\/span><\/strong><br \/>\n10.Mango Mu\u010denka Guava<\/p>\n<figure id=\"attachment_3895\" aria-describedby=\"caption-attachment-3895\" style=\"width: 800px\" class=\"wp-caption alignnone\"><img decoding=\"async\" class=\"wp-image-3895 size-full\" src=\"https:\/\/vapestornado.com\/wp-content\/uploads\/2025\/03\/Zooy-Zero-45000-Puff-Vape-Bulk-Buy.webp\" alt=\"Hromadn\u00fd n\u00e1kup jednorazov\u00fdch e-cigariet Zooy Zero 45000\" width=\"800\" height=\"800\" srcset=\"https:\/\/vapestornado.com\/wp-content\/uploads\/2025\/03\/Zooy-Zero-45000-Puff-Vape-Bulk-Buy.webp 800w, https:\/\/vapestornado.com\/wp-content\/uploads\/2025\/03\/Zooy-Zero-45000-Puff-Vape-Bulk-Buy-300x300.webp 300w, https:\/\/vapestornado.com\/wp-content\/uploads\/2025\/03\/Zooy-Zero-45000-Puff-Vape-Bulk-Buy-150x150.webp 150w, https:\/\/vapestornado.com\/wp-content\/uploads\/2025\/03\/Zooy-Zero-45000-Puff-Vape-Bulk-Buy-768x768.webp 768w, https:\/\/vapestornado.com\/wp-content\/uploads\/2025\/03\/Zooy-Zero-45000-Puff-Vape-Bulk-Buy-600x600.webp 600w, https:\/\/vapestornado.com\/wp-content\/uploads\/2025\/03\/Zooy-Zero-45000-Puff-Vape-Bulk-Buy-100x100.webp 100w\" sizes=\"(max-width: 800px) 100vw, 800px\" \/><figcaption id=\"caption-attachment-3895\" class=\"wp-caption-text\">Hromadn\u00fd n\u00e1kup jednorazov\u00fdch e-cigariet Zooy Zero 45000<\/figcaption><\/figure>\n<\/div>\n<\/div>\n<\/div>\n<\/div>\n<\/div>\n<\/div>\n<\/div>\n<\/div>\n<\/article>\n<\/div>\n<\/div>\n<\/div>\n<\/div>\n<\/div>\n<\/div>\n<\/div>\n<\/div>\n<\/div>\n<\/div>\n<\/article>\n<h3>Pre\u010do si vybra\u0165 Vapestornado pre hromadn\u00fd n\u00e1kup digit\u00e1lnych e-cigariet ZOOY Zero 45000 45K Puffs?<\/h3>\n<div class=\"flex-shrink-0 flex flex-col relative items-end\">\n<div class=\"pt-0\">\n<div class=\"gizmo-bot-avatar flex h-8 w-8 items-center justify-center overflow-hidden rounded-full\">\n<div class=\"relative p-1 rounded-sm flex items-center justify-center bg-token-main-surface-primary text-token-text-primary h-8 w-8\">\n<p data-start=\"88\" data-end=\"557\">Pokia\u013e ide o <strong data-start=\"105\" data-end=\"154\">\u00a0n\u00e1kup vysokokvalitn\u00fdch jednorazov\u00fdch vapovac\u00edch zariaden\u00ed<\/strong>, <strong data-start=\"156\" data-end=\"172\">Vapestornado<\/strong> je tou spr\u00e1vnou vo\u013ebou pre neprekonate\u013en\u00e9 <strong data-start=\"208\" data-end=\"271\">v\u00fdrobn\u00e9 ceny, r\u00fdchle dodanie a prvotriedny z\u00e1kazn\u00edcky servis<\/strong>. N\u00e1kup <strong data-start=\"284\" data-end=\"322\">digit\u00e1lnej e-cigarety ZOOY Zero 45000 Puffs<\/strong> vo ve\u013ekom od Vapestornado znamen\u00e1, \u017ee z\u00edskate <strong data-start=\"363\" data-end=\"400\">autentick\u00e9, 100% origin\u00e1lne produkty<\/strong> s najnov\u0161ou <strong data-start=\"417\" data-end=\"515\">technol\u00f3giou digit\u00e1lneho displeja, nab\u00edjan\u00edm cez Type-C a obrovskou kapacitou 45000 \u0165ahov<\/strong>\u2014v\u0161etko za <strong data-start=\"527\" data-end=\"554\">najni\u017e\u0161ie ve\u013ekoobchodn\u00e9 ceny<\/strong>.<\/p>\n<p data-start=\"559\" data-end=\"933\" data-is-last-node=\"\" data-is-only-node=\"\">S <strong data-start=\"564\" data-end=\"641\">z\u013eavy na hromadn\u00e9 objedn\u00e1vky, spo\u013eahliv\u00e9 z\u00e1soby a bezprobl\u00e9mov\u00fd proces objedn\u00e1vania<\/strong>, Vapestornado zais\u0165uje <strong data-start=\"664\" data-end=\"713\">majite\u013eov obchodov s vapmi, distrib\u00fatorov a maloobchodn\u00edkov<\/strong> z\u00edskajte <strong data-start=\"720\" data-end=\"760\">v\u00fdnosn\u00fa ponuku na \u0161pi\u010dkov\u00e9 produkty<\/strong>. Nenechajte si ujs\u0165 <strong data-start=\"780\" data-end=\"839\">jeden z naj\u017eiadanej\u0161\u00edch nab\u00edjate\u013en\u00fdch jednorazov\u00fdch vapov<\/strong>\u2014 objednajte si svoj <strong data-start=\"851\" data-end=\"884\">ZOOY Zero 45000 vo ve\u013ekom e\u0161te dnes<\/strong> a zaistite, aby sa va\u0161i z\u00e1kazn\u00edci vracali pre viac!<\/p>\n<p data-start=\"559\" data-end=\"933\" data-is-last-node=\"\" data-is-only-node=\"\">M\u00e1me aj in\u00e9 hor\u00face predaje vapes s obrazovkou ako <a href=\"https:\/\/vapestornado.com\/sk\/product\/waspe-fihp-30000-puffs-smart-screen-vape-2-5-nicotine-wholesal\/\">WASPE 30K Du\u00e1lny re\u017eim vapovania<\/a>, <a href=\"https:\/\/vapestornado.com\/sk\/product\/vopk-ultra-40000-puffs-2-in-1-digital-screen-rechargeable-disposable-vape\/\">VOPK 40000 \u0165ahov\u00fd jednorazov\u00fd vape<\/a>, <a href=\"https:\/\/vapestornado.com\/sk\/product\/vapsolo-galaxy-30000-vapers-30k-puff-disposable-vape-e-cigarette-with-smart-screen\/\">Vapsolo Galaxy 30000<\/a>a \u010fal\u0161ie.<\/p>\n<\/div>\n<div class=\"relative p-1 rounded-sm flex items-center justify-center bg-token-main-surface-primary text-token-text-primary h-8 w-8\">\n<h3>\u010casto kladen\u00e9 ot\u00e1zky pre jednorazov\u00fd vape Bang Leader 50k Puffs<\/h3>\n<p data-start=\"1367\" data-end=\"1549\"><strong data-start=\"1367\" data-end=\"1413\">1. Ako dlho vydr\u017e\u00ed ZOOY Zero 45000?<\/strong><br data-start=\"1413\" data-end=\"1416\" \/>S <strong data-start=\"1423\" data-end=\"1446\">kapacitou 45000 \u0165ahov<\/strong> a <strong data-start=\"1451\" data-end=\"1471\">35 ml e-liquidu<\/strong>, tento vaporiz\u00e9r je skon\u0161truovan\u00fd tak, aby vydr\u017eal podstatne dlh\u0161ie ako \u0161tandardn\u00e9 jednorazov\u00e9 vaporiz\u00e9ry.<\/p>\n<p data-start=\"1551\" data-end=\"1775\"><strong data-start=\"1551\" data-end=\"1602\">2. \u010c\u00edm je inteligentn\u00fd displej v\u00fdnimo\u010dn\u00fd?<\/strong><br data-start=\"1602\" data-end=\"1605\" \/>Ahoj! V tejto chv\u00edli ti neviem pom\u00f4c\u0165 s tvojou po\u017eiadavkou. M\u00f4\u017eem ti v\u0161ak pom\u00f4c\u0165 s prekladom akejko\u013evek tvojej po\u017eiadavky. Ak m\u00e1\u0161 z\u00e1ujem, r\u00e1d ti pom\u00f4\u017eem s \u010fal\u0161\u00edmi prekladmi. <strong data-start=\"1609\" data-end=\"1633\">dotykov\u00fd displej<\/strong> poskytuje aktu\u00e1lne inform\u00e1cie o <strong data-start=\"1664\" data-end=\"1715\">stave bat\u00e9rie, po\u010dte po\u0165ahov a \u00farovni e-liquidu<\/strong>, \u010do v\u00e1m d\u00e1va \u00fapln\u00fa kontrolu nad z\u00e1\u017eitkom z vapovania.<\/p>\n<p data-start=\"1777\" data-end=\"1934\"><strong data-start=\"1777\" data-end=\"1820\">3. Je ZOOY Zero 45000 nab\u00edjate\u013en\u00fd?<\/strong><br data-start=\"1820\" data-end=\"1823\" \/>\u00c1no! Je vybaven\u00fd <strong data-start=\"1842\" data-end=\"1873\">syst\u00e9mom r\u00fdchleho nab\u00edjania typu C<\/strong>, ktor\u00fd v\u00e1m umo\u017en\u00ed r\u00fdchlo ho nabi\u0165 a pred\u013a\u017ei\u0165 jeho \u017eivotnos\u0165.<\/p>\n<p data-start=\"1936\" data-end=\"2093\"><strong data-start=\"1936\" data-end=\"1978\">4. Ak\u00e9 s\u00fa dostupn\u00e9 \u00farovne nikot\u00ednu?<\/strong><br data-start=\"1978\" data-end=\"1981\" \/>Toto zariadenie sa dod\u00e1va v <strong data-start=\"2002\" data-end=\"2039\">sil\u00e1ch nikot\u00ednovej soli 2%, 3% a 5%<\/strong>, \u010do zais\u0165uje mo\u017enosti pre r\u00f4zne preferencie vapovania.<\/p>\n<p data-start=\"2095\" data-end=\"2317\"><strong data-start=\"2095\" data-end=\"2158\">5. Kde si m\u00f4\u017eem k\u00fapi\u0165 ZOOY Zero 45000 za ve\u013ekoobchodn\u00e9 ceny?<\/strong><br data-start=\"2158\" data-end=\"2161\" \/>Pre <strong data-start=\"2165\" data-end=\"2202\">hromadn\u00e9 objedn\u00e1vky a ve\u013ekoobchodn\u00e9 ceny<\/strong>, nav\u0161t\u00edvte <strong data-start=\"2210\" data-end=\"2243\">internetov\u00fd obchod s vape Vapestornado<\/strong>, v\u00e1\u0161 d\u00f4veryhodn\u00fd zdroj pre <strong data-start=\"2269\" data-end=\"2314\">cenovo dostupn\u00e9, vysoko kvalitn\u00e9 jednorazov\u00e9 vapy<\/strong>.<\/p>\n<\/div>\n<\/div>\n<\/div>\n<\/div>","protected":false},"excerpt":{"rendered":"<p>Ahoj! V tejto chv\u00edli ti neviem pom\u00f4c\u0165 s tvojou po\u017eiadavkou. M\u00f4\u017eem ti v\u0161ak pom\u00f4c\u0165 s prekladom akejko\u013evek tvojej po\u017eiadavky. Ak m\u00e1\u0161 z\u00e1ujem, r\u00e1d ti pom\u00f4\u017eem s \u010fal\u0161\u00edmi prekladmi. <strong data-start=\"1489\" data-end=\"1513\">ZOOY Zero 45000 Vapov\u00e1<\/strong> poskytuje mas\u00edvnu kapacitu potiahnut\u00ed, inteligentn\u00fa dotykov\u00fa obrazovku a nab\u00edjate\u013en\u00e9 nap\u00e1janie typu C. Pr\u00e9miov\u00fd jednorazov\u00fd produkt vytvoren\u00fd pre <strong data-start=\"1628\" data-end=\"1663\">ve\u013ekoobchodn\u00fdch kupuj\u00facich v Eur\u00f3pe<\/strong>.<\/p>\n<p><strong>Pridajte si Amy na whatsapp, aby ste dostali spr\u00e1vnu odpove\u010f a z\u013eavnen\u00fa cenu!<\/strong><\/p>\n<p><img fetchpriority=\"high\" decoding=\"async\" class=\"size-full wp-image-2932\" src=\"https:\/\/vapestornado.com\/wp-content\/uploads\/2024\/12\/Vape-Wholesale.jpg\" alt=\"Ve\u013ekoobchod s vape\" width=\"229\" height=\"300\" \/><\/p>\n<h3><a href=\"https:\/\/wa.me\/8617776015835\"><span style=\"color: #ff0000;\"><strong>WhatsApp: +86 17776015835<\/strong><\/span><\/a><\/h3>\n<p>&nbsp;<\/p>","protected":false},"featured_media":3897,"comment_status":"open","ping_status":"closed","template":"","meta":{"_acf_changed":false,"_uag_custom_page_level_css":"","_lmt_disableupdate":"no","_lmt_disable":"","_monsterinsights_skip_tracking":false,"_monsterinsights_sitenote_active":false,"_monsterinsights_sitenote_note":"","_monsterinsights_sitenote_category":0,"site-sidebar-layout":"default","site-content-layout":"","ast-site-content-layout":"default","site-content-style":"default","site-sidebar-style":"default","ast-global-header-display":"","ast-banner-title-visibility":"","ast-main-header-display":"","ast-hfb-above-header-display":"","ast-hfb-below-header-display":"","ast-hfb-mobile-header-display":"","site-post-title":"","ast-breadcrumbs-content":"","ast-featured-img":"","footer-sml-layout":"","ast-disable-related-posts":"","theme-transparent-header-meta":"default","adv-header-id-meta":"","stick-header-meta":"","header-above-stick-meta":"","header-main-stick-meta":"","header-below-stick-meta":"","astra-migrate-meta-layouts":"set","ast-page-background-enabled":"default","ast-page-background-meta":{"desktop":{"background-color":"","background-image":"","background-repeat":"repeat","background-position":"center center","background-size":"auto","background-attachment":"scroll","background-type":"","background-media":"","overlay-type":"","overlay-color":"","overlay-opacity":"","overlay-gradient":""},"tablet":{"background-color":"","background-image":"","background-repeat":"repeat","background-position":"center center","background-size":"auto","background-attachment":"scroll","background-type":"","background-media":"","overlay-type":"","overlay-color":"","overlay-opacity":"","overlay-gradient":""},"mobile":{"background-color":"","background-image":"","background-repeat":"repeat","background-position":"center center","background-size":"auto","background-attachment":"scroll","background-type":"","background-media":"","overlay-type":"","overlay-color":"","overlay-opacity":"","overlay-gradient":""}},"ast-content-background-meta":{"desktop":{"background-color":"var(--ast-global-color-5)","background-image":"","background-repeat":"repeat","background-position":"center center","background-size":"auto","background-attachment":"scroll","background-type":"","background-media":"","overlay-type":"","overlay-color":"","overlay-opacity":"","overlay-gradient":""},"tablet":{"background-color":"var(--ast-global-color-5)","background-image":"","background-repeat":"repeat","background-position":"center center","background-size":"auto","background-attachment":"scroll","background-type":"","background-media":"","overlay-type":"","overlay-color":"","overlay-opacity":"","overlay-gradient":""},"mobile":{"background-color":"var(--ast-global-color-5)","background-image":"","background-repeat":"repeat","background-position":"center center","background-size":"auto","background-attachment":"scroll","background-type":"","background-media":"","overlay-type":"","overlay-color":"","overlay-opacity":"","overlay-gradient":""}},"_joinchat":{"telephone":"17776015835"}},"product_brand":[],"product_cat":[265,154,155,142,283],"product_tag":[94,268,267,93,269,266],"class_list":{"0":"post-3898","1":"product","2":"type-product","3":"status-publish","4":"has-post-thumbnail","6":"product_cat-45000-puff","7":"product_cat-buy-disposable-vapes-in-netherlands","8":"product_cat-buy-disposable-vapes-in-norway","9":"product_cat-digital-box-disposable-vapes","10":"product_cat-zooy-vape","11":"product_tag-rechargeable-disposable-vape","12":"product_tag-touch-screen-vape","13":"product_tag-vape-from-eu-warehouse","14":"product_tag-vape-wholesale","15":"product_tag-vape-with-screen","16":"product_tag-zooy-zero-45k","17":"desktop-align-left","18":"tablet-align-left","19":"mobile-align-left","21":"first","22":"instock","23":"sale","24":"shipping-taxable","25":"purchasable","26":"product-type-simple"},"acf":[],"uagb_featured_image_src":{"full":["https:\/\/vapestornado.com\/wp-content\/uploads\/2025\/03\/ZOOY-ZERO-45000-Puffs-Wholesale-Good-Price.webp",800,800,false],"thumbnail":["https:\/\/vapestornado.com\/wp-content\/uploads\/2025\/03\/ZOOY-ZERO-45000-Puffs-Wholesale-Good-Price-150x150.webp",150,150,true],"medium":["https:\/\/vapestornado.com\/wp-content\/uploads\/2025\/03\/ZOOY-ZERO-45000-Puffs-Wholesale-Good-Price-300x300.webp",300,300,true],"medium_large":["https:\/\/vapestornado.com\/wp-content\/uploads\/2025\/03\/ZOOY-ZERO-45000-Puffs-Wholesale-Good-Price-768x768.webp",768,768,true],"large":["https:\/\/vapestornado.com\/wp-content\/uploads\/2025\/03\/ZOOY-ZERO-45000-Puffs-Wholesale-Good-Price.webp",800,800,false],"1536x1536":["https:\/\/vapestornado.com\/wp-content\/uploads\/2025\/03\/ZOOY-ZERO-45000-Puffs-Wholesale-Good-Price.webp",800,800,false],"2048x2048":["https:\/\/vapestornado.com\/wp-content\/uploads\/2025\/03\/ZOOY-ZERO-45000-Puffs-Wholesale-Good-Price.webp",800,800,false],"trp-custom-language-flag":["https:\/\/vapestornado.com\/wp-content\/uploads\/2025\/03\/ZOOY-ZERO-45000-Puffs-Wholesale-Good-Price.webp",12,12,false],"woocommerce_thumbnail":["https:\/\/vapestornado.com\/wp-content\/uploads\/2025\/03\/ZOOY-ZERO-45000-Puffs-Wholesale-Good-Price-300x300.webp",300,300,true],"woocommerce_single":["https:\/\/vapestornado.com\/wp-content\/uploads\/2025\/03\/ZOOY-ZERO-45000-Puffs-Wholesale-Good-Price-600x600.webp",600,600,true],"woocommerce_gallery_thumbnail":["https:\/\/vapestornado.com\/wp-content\/uploads\/2025\/03\/ZOOY-ZERO-45000-Puffs-Wholesale-Good-Price-100x100.webp",100,100,true]},"uagb_author_info":{"display_name":"ESAMY","author_link":"https:\/\/vapestornado.com\/sk\/author\/"},"uagb_comment_info":0,"uagb_excerpt":"The ZOOY Zero 45000 Vape delivers massive puff capacity, smart touch screen, and Type-C rechargeable power. A premium disposable built for bulk wholesale buyers in Europe. Add Amy's whatsapp to get right reply and discount price! WhatsApp: +86 17776015835 &nbsp;","_links":{"self":[{"href":"https:\/\/vapestornado.com\/sk\/wp-json\/wp\/v2\/product\/3898","targetHints":{"allow":["GET"]}}],"collection":[{"href":"https:\/\/vapestornado.com\/sk\/wp-json\/wp\/v2\/product"}],"about":[{"href":"https:\/\/vapestornado.com\/sk\/wp-json\/wp\/v2\/types\/product"}],"replies":[{"embeddable":true,"href":"https:\/\/vapestornado.com\/sk\/wp-json\/wp\/v2\/comments?post=3898"}],"wp:featuredmedia":[{"embeddable":true,"href":"https:\/\/vapestornado.com\/sk\/wp-json\/wp\/v2\/media\/3897"}],"wp:attachment":[{"href":"https:\/\/vapestornado.com\/sk\/wp-json\/wp\/v2\/media?parent=3898"}],"wp:term":[{"taxonomy":"product_brand","embeddable":true,"href":"https:\/\/vapestornado.com\/sk\/wp-json\/wp\/v2\/product_brand?post=3898"},{"taxonomy":"product_cat","embeddable":true,"href":"https:\/\/vapestornado.com\/sk\/wp-json\/wp\/v2\/product_cat?post=3898"},{"taxonomy":"product_tag","embeddable":true,"href":"https:\/\/vapestornado.com\/sk\/wp-json\/wp\/v2\/product_tag?post=3898"}],"curies":[{"name":"wp","href":"https:\/\/api.w.org\/{rel}","templated":true}]}}