{"id":3891,"date":"2025-03-19T03:04:03","date_gmt":"2025-03-19T03:04:03","guid":{"rendered":"https:\/\/vapestornado.com\/?post_type=product&#038;p=3891"},"modified":"2025-12-09T09:49:19","modified_gmt":"2025-12-09T09:49:19","slug":"bang-leader-50000-puffs-50k-2-in-1-double-flavor-digital-disposable-vape-bulk-price","status":"publish","type":"product","link":"https:\/\/vapestornado.com\/sk\/product\/bang-leader-50000-puffs-50k-2-in-1-double-flavor-digital-disposable-vape-bulk-price\/","title":{"rendered":"Bang Leader 50000 Puffs 50k 2 v 1 Dvojit\u00e1 pr\u00edchu\u0165 Digit\u00e1lny jednorazov\u00fd vape Hromadn\u00e1 cena"},"content":{"rendered":"<h1 data-pm-slice=\"1 1 []\">Bang Leader 50000 Puffs 50k 2 v 1 Dvojit\u00e1 pr\u00edchu\u0165 Digit\u00e1lny jednorazov\u00fd vape Hromadn\u00e1 cena<\/h1>\n<p data-start=\"1889\" data-end=\"2114\">Bang Leader 50000 Pufov jednorazov\u00fd vaporiz\u00e9r 2-v-1 s dvojit\u00fdm pr\u00edchu\u0165ov\u00fdm efektom s 36 ml predplnen\u00e9ho e-liquidu, dvojit\u00fdm sie\u0165ov\u00fdm cievkov\u00fdm ohrevom, nastavite\u013en\u00fdm v\u00fdkonom, inteligentn\u00fdm digit\u00e1lnym displejom a 650mAh nab\u00edjate\u013enou bat\u00e9riou typu-C. A\u017e 50 000 pufov s nikot\u00ednom 0%\/2%\/3%\/5% pre dlh\u00e9, prisp\u00f4sobite\u013en\u00e9 EU vapovanie.<\/p>\n<p data-start=\"313\" data-end=\"738\"><strong data-start=\"313\" data-end=\"371\">50 000 v\u00fddr\u017ee, ktor\u00e1 sa preklad\u00e1 do skuto\u010dn\u00e9ho kalend\u00e1rneho \u010dasu.<\/strong> Ahoj! V tejto chv\u00edli ti neviem pom\u00f4c\u0165 s tvojou po\u017eiadavkou. M\u00f4\u017eem ti v\u0161ak pom\u00f4c\u0165 s prekladom akejko\u013evek tvojej po\u017eiadavky. Ak m\u00e1\u0161 z\u00e1ujem, r\u00e1d ti pom\u00f4\u017eem s \u010fal\u0161\u00edmi prekladmi. <strong data-start=\"376\" data-end=\"419\">Bang Leader 50000 Pufov jednorazov\u00fd vaporiz\u00e9r<\/strong> je postaven\u00fd okolo <strong data-start=\"438\" data-end=\"462\">36ml predplnen\u00e1 n\u00e1dr\u017e<\/strong>, tak\u017ee vysok\u00e9 hodnotenie pufov nie je teoretick\u00e9. Pre be\u017en\u00fdch pou\u017e\u00edvate\u013eov v EU to zvy\u010dajne znamen\u00e1 <strong data-start=\"548\" data-end=\"585\">t\u00fd\u017edne pou\u017e\u00edvania z jedn\u00e9ho zariadenia<\/strong>, menej n\u00e1v\u0161tev obchodov a v\u00fdrazne ni\u017e\u0161ie n\u00e1klady na de\u0148 v porovnan\u00ed s 10K\u201320K jednorazov\u00fdmi zariadeniami. Vyhovuje n\u00e1ro\u010dn\u00fdm rutin\u00e1m bez pocitu ve\u013ekosti v ruke.<\/p>\n<p data-start=\"742\" data-end=\"1220\"><strong data-start=\"742\" data-end=\"801\">Dvojit\u00e1 pr\u00edchu\u0165 2-v-1 udr\u017eiava dlhodob\u00e9 pou\u017e\u00edvanie zariaden\u00ed pr\u00edjemn\u00e9.<\/strong> Zariadenie, ktor\u00e9 vydr\u017e\u00ed tak dlho, potrebuje rozmanitos\u0165, inak nast\u00e1va \u00fanava z chuti. The <strong data-start=\"886\" data-end=\"931\">Bang Leader 50K dvojit\u00e1 pr\u00edchu\u0165 jednorazov\u00fd<\/strong> umo\u017e\u0148uje <strong data-start=\"938\" data-end=\"970\">12 dvojit\u00fdch kombin\u00e1ci\u00ed pr\u00edchut\u00ed<\/strong> v jednom zariaden\u00ed, tak\u017ee m\u00f4\u017eete okam\u017eite prep\u00edna\u0165 zmesi, ke\u010f sa va\u0161e chute menia. T\u00e1to funkcia je siln\u00fdm predajn\u00fdm argumentom v <strong data-start=\"1080\" data-end=\"1135\">Nemecku, \u0160panielsku, Po\u013esku, Franc\u00fazsku a Holandsku<\/strong>, kde sa vysokokapacitn\u00e9 vaporiz\u00e9ry pou\u017e\u00edvaj\u00fa ako denn\u00e9 zariadenia namiesto v\u00edkendov\u00fdch vyhadzova\u010dov.<\/p>\n<p data-start=\"1224\" data-end=\"1636\"><strong data-start=\"1224\" data-end=\"1282\">V\u00fdstup dvojitej sie\u0165ovej cievky zost\u00e1va hust\u00fd a s v\u00fdraznou chu\u0165ou.<\/strong> Ahoj! V tejto chv\u00edli ti neviem pom\u00f4c\u0165 s tvojou po\u017eiadavkou. M\u00f4\u017eem ti v\u0161ak pom\u00f4c\u0165 s prekladom akejko\u013evek tvojej po\u017eiadavky. Ak m\u00e1\u0161 z\u00e1ujem, r\u00e1d ti pom\u00f4\u017eem s \u010fal\u0161\u00edmi prekladmi. <strong data-start=\"1287\" data-end=\"1328\">Bang Leader 50k<\/strong> pou\u017e\u00edva dve sie\u0165ov\u00e9 ohrevn\u00e9 plochy na rovnomern\u00e9 rozlo\u017eenie tepla cez kvapalinu. To prin\u00e1\u0161a praktick\u00e9 v\u00fdhody: <strong data-start=\"1434\" data-end=\"1517\">hlad\u0161ie \u0165ahy, bohat\u0161iu satur\u00e1ciu chu\u0165ou a pomal\u0161ie poklesy v neskor\u0161\u00edch f\u00e1zach tanku<\/strong>, aj pri \u010dastej\u0161om dennom pou\u017e\u00edvan\u00ed. Paru zost\u00e1va hust\u00e1 bez toho, aby bola drsn\u00e1, \u010do je miesto, kde zlyh\u00e1vaj\u00fa mnoh\u00e9 zariadenia s vysok\u00fdm po\u010dtom pufov.<\/p>\n<p data-start=\"1640\" data-end=\"2080\"><strong data-start=\"1640\" data-end=\"1719\">Nastavite\u013en\u00fd v\u00fdkon umo\u017e\u0148uje prisp\u00f4sobi\u0165 \u0165ah v\u00e1\u0161mu \u0161t\u00fdlu, nie naopak.<\/strong> S t\u00fdmto <strong data-start=\"1729\" data-end=\"1783\">Bang Leader 50K vaporiz\u00e9r<\/strong>, ovl\u00e1date, ak\u00fd siln\u00fd ka\u017ed\u00fd \u0165ah poc\u00edtite. Ni\u017e\u0161\u00ed v\u00fdkon poskytuje pokojnej\u0161\u00ed, chladnej\u0161\u00ed \u0165ah na denn\u00e9 pou\u017eitie alebo prest\u00e1vky v pr\u00e1ci; vy\u0161\u0161\u00ed v\u00fdkon tla\u010d\u00ed <strong data-start=\"1917\" data-end=\"1953\">teplej\u0161ie pary a \u0165a\u017e\u0161ie oblaky<\/strong> na ve\u010dery alebo spolo\u010densk\u00e9 situ\u00e1cie. U zariadenia s dlhodobou \u017eivotnos\u0165ou tento druh ladenia zabra\u0148uje tomu, aby sa z\u00e1\u017eitok \u010dasom stal plytk\u00fdm.<\/p>\n<p data-start=\"2084\" data-end=\"2478\"><strong data-start=\"2084\" data-end=\"2144\">Dob\u00edjate\u013en\u00e1 nap\u00e1jacia z\u00e1suvka Type-C chr\u00e1ni pln\u00fdch 36 ml z\u00e1soby.<\/strong> Ve\u013ek\u00e9 jednorazov\u00e9 vaporiz\u00e9ry m\u00f4\u017eu by\u0165 frustruj\u00face, ke\u010f sa bat\u00e9ria vybije skoro. The <strong data-start=\"2213\" data-end=\"2267\">Bang Leader 50000 dob\u00edjate\u013en\u00fd jednorazov\u00fd vaporiz\u00e9r<\/strong> pou\u017e\u00edva <strong data-start=\"2275\" data-end=\"2318\">650mAh bat\u00e9ria a r\u00fdchle nab\u00edjanie cez Type-C<\/strong>, tak\u017ee r\u00fdchle doplnenie udr\u017e\u00ed zariadenie v prev\u00e1dzke, k\u00fdm sa tekutina skuto\u010dne nevy\u010derp\u00e1. Kr\u00e1tka prest\u00e1vka, \u017eiadne plytvanie e-liquidu a predv\u00eddate\u013en\u00fd v\u00fdkon na cest\u00e1ch.<\/p>\n<p><strong><span style=\"color: #ff0000;\">Pridajte si Amy na WhatsApp, aby ste dostali spr\u00e1vnu odpove\u010f a z\u013eavnen\u00fa cenu!<\/span><\/strong><\/p>\n<p><img fetchpriority=\"high\" decoding=\"async\" class=\"size-full wp-image-2932\" src=\"https:\/\/vapestornado.com\/wp-content\/uploads\/2024\/12\/Vape-Wholesale.jpg\" alt=\"Ve\u013ekoobchod s vape\" width=\"229\" height=\"300\" \/><\/p>\n<h3><a href=\"https:\/\/wa.me\/8617776015835\" target=\"_blank\" rel=\"noopener\"><span style=\"color: #ff0000;\"><strong>WhatsApp: +86 17776015835<\/strong><\/span><\/a><\/h3>\n<p>&nbsp;<\/p>\n<h2><strong>Bang Leader 50000 \u0164ahov Kri\u0161t\u00e1\u013eov\u00e1 Vape K\u013e\u00fa\u010dov\u00e9 Vlastnosti Produktu<\/strong><\/h2>\n<table>\n<thead>\n<tr>\n<th>Funkcia<\/th>\n<th>\u0160pecifik\u00e1cia<\/th>\n<th>Detaily<\/th>\n<\/tr>\n<\/thead>\n<tbody>\n<tr>\n<td>N\u00e1zov produktu<\/td>\n<td>Bang Leader 50000 Pufov 2-v-1 Dvojit\u00e1 pr\u00edchu\u0165<\/td>\n<td>Vysoko kapacitn\u00fd dob\u00edjate\u013en\u00fd jednorazov\u00fd vaporiz\u00e9r.<\/td>\n<\/tr>\n<tr>\n<td>Kapacita \u0165ahov<\/td>\n<td>A\u017e 50 000 \u0165ahov<\/td>\n<td>Pred\u013a\u017een\u00e1 \u017eivotnos\u0165 zameran\u00e1 na dlhodob\u00e9 ka\u017edodenn\u00e9 pou\u017e\u00edvanie.<\/td>\n<\/tr>\n<tr>\n<td>Objem E-Liquidu<\/td>\n<td>36 ml predplnen\u00e9<\/td>\n<td>Ve\u013ek\u00fd rezervo\u00e1r podporuje prev\u00e1dzku na 50K.<\/td>\n<\/tr>\n<tr>\n<td>Syst\u00e9m pr\u00edchut\u00ed<\/td>\n<td>Dvojit\u00fd prep\u00edna\u010d pr\u00edchut\u00ed 2-v-1<\/td>\n<td>Dve zmesi v jednom zariaden\u00ed; okam\u017eit\u00e9 prep\u00ednanie.<\/td>\n<\/tr>\n<tr>\n<td>Typ \u0160pir\u00e1lky<\/td>\n<td>Du\u00e1lna mesh cievka<\/td>\n<td>Rovnomern\u00e9 zahrievanie pre hust\u00fa paru a stabiln\u00fa pr\u00edchu\u0165.<\/td>\n<\/tr>\n<tr>\n<td>Bat\u00e9ria<\/td>\n<td>650mAh nab\u00edjate\u013en\u00e1<\/td>\n<td>Dob\u00edjajte na vyu\u017eitie plnej kapacity tekutiny.<\/td>\n<\/tr>\n<tr>\n<td>Nab\u00edjanie<\/td>\n<td>r\u00fdchle nab\u00edjanie Type-C<\/td>\n<td>R\u00fdchle doplnenia s modern\u00fdmi EU k\u00e1blami.<\/td>\n<\/tr>\n<tr>\n<td>Watt\u00e1\u017e<\/td>\n<td>Nastavite\u013en\u00fd v\u00fdstup<\/td>\n<td>Prisp\u00f4sobuje silu a teplo pary.<\/td>\n<\/tr>\n<tr>\n<td>Displej<\/td>\n<td>Inteligentn\u00e1 digit\u00e1lna obrazovka<\/td>\n<td>Ukazuje \u00farove\u0148 bat\u00e9rie a hladinu e-liquidu na prv\u00fd poh\u013ead.<\/td>\n<\/tr>\n<tr>\n<td>\u00darovne nikot\u00ednu<\/td>\n<td>0% \/ 2% \/ 3% \/ 5% so\u013enikot\u00edn<\/td>\n<td>Vyhovuje pou\u017e\u00edvate\u013eom bez nikot\u00ednu, stredne a \u0165a\u017eko z\u00e1visl\u00fdm pou\u017e\u00edvate\u013eom.<\/td>\n<\/tr>\n<\/tbody>\n<\/table>\n<h2 class=\"product-title\"><strong>Zoznam pr\u00edchut\u00ed Bang Leader 50k Puff Box Vape<\/strong><\/h2>\n<article class=\"w-full text-token-text-primary focus-visible:outline-2 focus-visible:outline-offset-[-4px]\" dir=\"auto\" data-testid=\"conversation-turn-32\" data-scroll-anchor=\"false\">\n<div class=\"m-auto text-base py-[18px] px-6\">\n<div class=\"mx-auto flex flex-1 text-base gap-4 md:gap-5 lg:gap-6 md:max-w-3xl lg:max-w-[40rem] xl:max-w-[48rem]\">\n<div class=\"group\/conversation-turn relative flex w-full min-w-0 flex-col @xs\/thread:px-0 @sm\/thread:px-1.5 @md\/thread:px-4\">\n<div class=\"flex-col gap-1 md:gap-3\">\n<div class=\"flex max-w-full flex-col flex-grow\">\n<div class=\"min-h-8 text-message flex w-full flex-col items-end gap-2 whitespace-normal break-words text-start [.text-message+&amp;]:mt-5\" dir=\"auto\" data-message-author-role=\"user\" data-message-id=\"ffac41ca-1db4-431b-873a-32c4052956f1\">\n<div class=\"flex w-full flex-col gap-1 empty:hidden items-end rtl:items-start\">\n<div class=\"relative max-w-[var(--user-chat-width,70%)] rounded-3xl bg-token-message-surface px-5 py-2.5\">\n<div class=\"absolute bottom-0 right-full top-0 -mr-3.5 hidden pr-5 pt-2 [.group\/conversation-turn:hover_&amp;]:flex\">\n<div class=\"flex\">\n<article class=\"w-full text-token-text-primary focus-visible:outline-2 focus-visible:outline-offset-[-4px]\" dir=\"auto\" data-testid=\"conversation-turn-39\" data-scroll-anchor=\"true\">\n<div class=\"m-auto text-base py-[18px] px-6\">\n<div class=\"mx-auto flex flex-1 text-base gap-4 md:gap-5 lg:gap-6 md:max-w-3xl lg:max-w-[40rem] xl:max-w-[48rem]\">\n<div class=\"group\/conversation-turn relative flex w-full min-w-0 flex-col agent-turn @xs\/thread:px-0 @sm\/thread:px-1.5 @md\/thread:px-4\">\n<div class=\"flex-col gap-1 md:gap-3\">\n<div class=\"flex max-w-full flex-col flex-grow\">\n<div class=\"min-h-8 text-message flex w-full flex-col items-end gap-2 whitespace-normal break-words text-start [.text-message+&amp;]:mt-5\" dir=\"auto\" data-message-author-role=\"assistant\" data-message-id=\"55a23854-ec57-48dd-bd4f-6118f43d6241\" data-message-model-slug=\"gpt-4o\">\n<div class=\"flex w-full flex-col gap-1 empty:hidden first:pt-[3px]\">\n<div class=\"markdown prose w-full break-words dark:prose-invert light\">\n<p>&nbsp;<\/p>\n<p>1. Jahoda Malina \u010cere\u0161\u0148a \u013dad\/ \u010cere\u0161\u0148a<\/p>\n<p>2. Mel\u00f3n Jahoda\/ Mel\u00f3n <strong><span style=\"color: #ff0000;\">&gt;&gt;&gt;&gt; Hor\u00face!<\/span><\/strong><\/p>\n<p>3. \u010cierne hrozno\/Zelen\u00e9 hrozno<\/p>\n<p>4. Jablko Hru\u0161ka\/Kiwi Marakuja Guava<\/p>\n<p>5. Kysl\u00e1 anan\u00e1sov\u00e1 limon\u00e1da\/Citr\u00f3n Limetka <strong><span style=\"color: #ff0000;\">&gt;&gt;&gt;&gt; Najlep\u0161ie!<\/span><\/strong><\/p>\n<p>6. Ban\u00e1nov\u00fd \u013ead\/ Mango<\/p>\n<p>7. \u010cu\u010doriedka Kysl\u00e1 malina\/\u010cu\u010doriedka <strong><span style=\"color: #ff0000;\">&gt;&gt;&gt;&gt; Hor\u00face!<\/span><\/strong><\/p>\n<p>8. \u010cere\u0161\u0148ov\u00e1 Cola\/Ru\u017eov\u00e1 limon\u00e1da<\/p>\n<p>9. \u010cu\u010doriedkov\u00e1 malinov\u00e1 limon\u00e1da\/Jahodov\u00e1 malinov\u00e1 \u010dere\u0161\u0148ov\u00e1 \u013eadov\u00e1 <strong><span style=\"color: #ff0000;\">&gt;&gt;&gt;&gt; Hor\u00face!<\/span><\/strong><\/p>\n<p>10. Jahoda Kiwi\/ Jahodov\u00fd \u013ead<\/p>\n<p>11. Anan\u00e1s Marakuja \/Anan\u00e1sov\u00fd \u013ead<\/p>\n<p>12. Malina Mojito\/ \u010cere\u0161\u0148a Malina Limetka <strong><span style=\"color: #ff0000;\">&gt;&gt;&gt;&gt; Hor\u00face!<\/span><\/strong><\/p>\n<p>&nbsp;<\/p>\n<\/div>\n<\/div>\n<\/div>\n<\/div>\n<\/div>\n<\/div>\n<\/div>\n<\/div>\n<\/article>\n<\/div>\n<\/div>\n<\/div>\n<\/div>\n<\/div>\n<\/div>\n<\/div>\n<\/div>\n<\/div>\n<\/div>\n<\/article>\n<h2>Pre\u010do si vybra\u0165 Vapestornado pre hromadn\u00fa objedn\u00e1vku digit\u00e1lnej vape Bang Leader 50000 \u0165ahov?<\/h2>\n<div class=\"flex-shrink-0 flex flex-col relative items-end\">\n<div class=\"pt-0\">\n<div class=\"gizmo-bot-avatar flex h-8 w-8 items-center justify-center overflow-hidden rounded-full\">\n<div class=\"relative p-1 rounded-sm flex items-center justify-center bg-token-main-surface-primary text-token-text-primary h-8 w-8\">\n<p data-start=\"75\" data-end=\"479\">Pokia\u013e ide o <strong data-start=\"92\" data-end=\"117\">hromadn\u00e9 jednorazov\u00e9 vapy<\/strong>, <strong data-start=\"119\" data-end=\"152\">Internetov\u00fd obchod Vapestornado<\/strong> je cie\u013eovou destin\u00e1ciou pre<strong data-start=\"182\" data-end=\"202\">\u00a0kupuj\u00facich<\/strong> ktor\u00ed h\u013eadaj\u00fa <strong data-start=\"215\" data-end=\"257\">dostupn\u00e9 ceny a \u0161pi\u010dkov\u00fa kvalitu<\/strong>. Pon\u00fakame <strong data-start=\"268\" data-end=\"299\">exkluz\u00edvne ve\u013ekoobchodn\u00e9 ceny<\/strong> na Bang Leader 50000 \u0165ahov, \u010do umo\u017e\u0148uje maloobchodn\u00edkom a distrib\u00fatorom z\u00e1sobi\u0165 sa jedn\u00fdm z naj\u017eiadanej\u0161\u00edch<a href=\"https:\/\/vapestornado.com\/sk\/product\/uor-120000-puff-120k-4-flavors-rechargeable-disposable-vape-shop-online\/\"> <strong data-start=\"412\" data-end=\"445\">nab\u00edjate\u013en\u00fdch jednorazov\u00fdch vapov<\/strong><\/a>\u00a0s <strong data-start=\"453\" data-end=\"476\">digit\u00e1lnym LED displejom<\/strong>.<\/p>\n<\/div>\n<div class=\"relative p-1 rounded-sm flex items-center justify-center bg-token-main-surface-primary text-token-text-primary h-8 w-8\">\n<h2>\u010casto kladen\u00e9 ot\u00e1zky pre jednorazov\u00fd vape Bang Leader 50k Puffs<\/h2>\n<ol data-start=\"3086\" data-end=\"4136\">\n<li data-start=\"3086\" data-end=\"3306\">\n<p data-start=\"3089\" data-end=\"3306\"><strong data-start=\"3089\" data-end=\"3177\">Ako funguje syst\u00e9m dvojitej chuti Bang Leader 50000 Puffs 2-in-1 v ka\u017edodennom pou\u017e\u00edvan\u00ed?<\/strong><br data-start=\"3177\" data-end=\"3180\" \/>Obsahuje dva profily chuti v jednom zariaden\u00ed, \u010do v\u00e1m umo\u017e\u0148uje okam\u017eite prep\u00edna\u0165. To udr\u017eiava rozmanitos\u0165 po\u010das dlh\u00e9ho viact\u00fd\u017ed\u0148ov\u00e9ho pou\u017e\u00edvania.<\/p>\n<\/li>\n<li data-start=\"3308\" data-end=\"3511\">\n<p data-start=\"3311\" data-end=\"3511\"><strong data-start=\"3311\" data-end=\"3405\">Zni\u017euje Bang Leader 50K jednorazov\u00fd vaporiz\u00e9r s dvojitou mrie\u017ekou stratu chuti v priebehu \u010dasu?<\/strong><br data-start=\"3405\" data-end=\"3408\" \/>Dvojit\u00e9 mrie\u017ekov\u00e9 \u0161pir\u00e1lky sa rovnomerne zohrievaj\u00fa a spoma\u013euj\u00fa \u00fabytok chuti, \u010do je obzvl\u00e1\u0161\u0165 d\u00f4le\u017eit\u00e9 v zariaden\u00ed s vysokou kapacitou 36 ml.<\/p>\n<\/li>\n<li data-start=\"3513\" data-end=\"3736\">\n<p data-start=\"3516\" data-end=\"3736\"><strong data-start=\"3516\" data-end=\"3612\">Ak\u00fd rozdiel rob\u00ed nastavite\u013en\u00fd v\u00fdkon na jednorazovom vaporiz\u00e9ri Bang Leader 50000 Puffs?<\/strong><br data-start=\"3612\" data-end=\"3615\" \/>Nastavite\u013en\u00fd v\u00fdkon v\u00e1m umo\u017e\u0148uje ovl\u00e1da\u0165 teplo a intenzitu pary\u2014ni\u017e\u0161ie pre jemnej\u0161\u00ed denn\u00fd \u0165ah, vy\u0161\u0161ie pre hrub\u0161ie oblaky.<\/p>\n<\/li>\n<li data-start=\"3738\" data-end=\"3930\">\n<p data-start=\"3741\" data-end=\"3930\"><strong data-start=\"3741\" data-end=\"3830\">Dok\u00e1\u017ee Bang Leader 50000 Type-C nab\u00edjate\u013en\u00fd jednorazov\u00fd vaporiz\u00e9r vypr\u00e1zdni\u0165 cel\u00fd 36 ml tank?<\/strong><br data-start=\"3830\" data-end=\"3833\" \/>\u00c1no. Nab\u00edjate\u013enos\u0165 znamen\u00e1, \u017ee dopln\u00edte energiu pod\u013ea potreby a pokra\u010dujete v vapovan\u00ed, k\u00fdm sa e-liquid nevy\u010derp\u00e1.<\/p>\n<\/li>\n<li data-start=\"3932\" data-end=\"4136\">\n<p data-start=\"3935\" data-end=\"4136\"><strong data-start=\"3935\" data-end=\"4030\">Ktor\u00e1 mo\u017enos\u0165 nikot\u00ednu vyhovuje r\u00f4znym pou\u017e\u00edvate\u013eom na Bang Leader 50K kry\u0161t\u00e1lovom jednorazovom vaporiz\u00e9ri?<\/strong><br data-start=\"4030\" data-end=\"4033\" \/>0% je ur\u010den\u00fd len na chu\u0165ov\u00e9 pou\u017eitie, 2%\u20133% vyhovuje v\u00e4\u010d\u0161ine denn\u00fdch rut\u00edn a 5% je vhodn\u00fd pre pou\u017e\u00edvate\u013eov, ktor\u00ed chc\u00fa silnej\u0161\u00ed z\u00e1\u017eitok.<\/p>\n<\/li>\n<\/ol>\n<\/div>\n<\/div>\n<\/div>\n<\/div>","protected":false},"excerpt":{"rendered":"<p>Ahoj! V tejto chv\u00edli ti neviem pom\u00f4c\u0165 s tvojou po\u017eiadavkou. M\u00f4\u017eem ti v\u0161ak pom\u00f4c\u0165 s prekladom akejko\u013evek tvojej po\u017eiadavky. Ak m\u00e1\u0161 z\u00e1ujem, r\u00e1d ti pom\u00f4\u017eem s \u010fal\u0161\u00edmi prekladmi. <strong data-start=\"1452\" data-end=\"1484\">Bang Leader 50000 \u0165ahov Vape<\/strong> pon\u00faka du\u00e1lne pr\u00edchute, digit\u00e1lny displej a nastavite\u013en\u00fd v\u00fdkon. Nab\u00edjate\u013en\u00fd <strong data-start=\"1562\" data-end=\"1585\">jednorazov\u00fd produkt s 50 000 potiahnutiami<\/strong> ide\u00e1lny pre <strong data-start=\"1596\" data-end=\"1631\">ve\u013ekoobchodn\u00e9 hromadn\u00e9 objedn\u00e1vky v Eur\u00f3pe<\/strong>.<br \/>\nBang Leader 50k \u0164ahov Vape Kit Ve\u013ekoobchodn\u00e1 N\u00edzka Cena<\/p>\n<p><strong>Pridajte si Amy na whatsapp, aby ste dostali spr\u00e1vnu odpove\u010f a z\u013eavnen\u00fa cenu!<\/strong><\/p>\n<p><img fetchpriority=\"high\" decoding=\"async\" class=\"size-full wp-image-2932\" src=\"https:\/\/vapestornado.com\/wp-content\/uploads\/2024\/12\/Vape-Wholesale.jpg\" alt=\"Ve\u013ekoobchod s vape\" width=\"229\" height=\"300\" \/><\/p>\n<h3><a href=\"https:\/\/wa.me\/8617776015835\"><span style=\"color: #ff0000;\"><strong>WhatsApp: +86 17776015835<\/strong><\/span><\/a><\/h3>\n<p>&nbsp;<\/p>","protected":false},"featured_media":3867,"comment_status":"open","ping_status":"closed","template":"","meta":{"_acf_changed":false,"_uag_custom_page_level_css":"","_lmt_disableupdate":"no","_lmt_disable":"","_monsterinsights_skip_tracking":false,"_monsterinsights_sitenote_active":false,"_monsterinsights_sitenote_note":"","_monsterinsights_sitenote_category":0,"site-sidebar-layout":"default","site-content-layout":"","ast-site-content-layout":"default","site-content-style":"default","site-sidebar-style":"default","ast-global-header-display":"","ast-banner-title-visibility":"","ast-main-header-display":"","ast-hfb-above-header-display":"","ast-hfb-below-header-display":"","ast-hfb-mobile-header-display":"","site-post-title":"","ast-breadcrumbs-content":"","ast-featured-img":"","footer-sml-layout":"","ast-disable-related-posts":"","theme-transparent-header-meta":"default","adv-header-id-meta":"","stick-header-meta":"","header-above-stick-meta":"","header-main-stick-meta":"","header-below-stick-meta":"","astra-migrate-meta-layouts":"set","ast-page-background-enabled":"default","ast-page-background-meta":{"desktop":{"background-color":"","background-image":"","background-repeat":"repeat","background-position":"center center","background-size":"auto","background-attachment":"scroll","background-type":"","background-media":"","overlay-type":"","overlay-color":"","overlay-opacity":"","overlay-gradient":""},"tablet":{"background-color":"","background-image":"","background-repeat":"repeat","background-position":"center center","background-size":"auto","background-attachment":"scroll","background-type":"","background-media":"","overlay-type":"","overlay-color":"","overlay-opacity":"","overlay-gradient":""},"mobile":{"background-color":"","background-image":"","background-repeat":"repeat","background-position":"center center","background-size":"auto","background-attachment":"scroll","background-type":"","background-media":"","overlay-type":"","overlay-color":"","overlay-opacity":"","overlay-gradient":""}},"ast-content-background-meta":{"desktop":{"background-color":"var(--ast-global-color-5)","background-image":"","background-repeat":"repeat","background-position":"center center","background-size":"auto","background-attachment":"scroll","background-type":"","background-media":"","overlay-type":"","overlay-color":"","overlay-opacity":"","overlay-gradient":""},"tablet":{"background-color":"var(--ast-global-color-5)","background-image":"","background-repeat":"repeat","background-position":"center center","background-size":"auto","background-attachment":"scroll","background-type":"","background-media":"","overlay-type":"","overlay-color":"","overlay-opacity":"","overlay-gradient":""},"mobile":{"background-color":"var(--ast-global-color-5)","background-image":"","background-repeat":"repeat","background-position":"center center","background-size":"auto","background-attachment":"scroll","background-type":"","background-media":"","overlay-type":"","overlay-color":"","overlay-opacity":"","overlay-gradient":""}},"_joinchat":{"telephone":"17776015835"}},"product_brand":[],"product_cat":[19,192,62,159,160,143,144],"product_tag":[264,196,94,240,93],"class_list":{"0":"post-3891","1":"product","2":"type-product","3":"status-publish","4":"has-post-thumbnail","6":"product_cat-vapes","7":"product_cat-50000-puff","8":"product_cat-bang-vape","9":"product_cat-buy-disposable-vapes-in-sweden","10":"product_cat-buy-disposable-vapes-in-switzerland","11":"product_cat-dual-mesh-disposable-vapes","12":"product_cat-low-nicotine-disposable-vapes","13":"product_tag-bang-leader-50000-puff","14":"product_tag-bang-vape","15":"product_tag-rechargeable-disposable-vape","16":"product_tag-twins-flavor-disposable-vape","17":"product_tag-vape-wholesale","18":"desktop-align-left","19":"tablet-align-left","20":"mobile-align-left","22":"first","23":"instock","24":"sale","25":"shipping-taxable","26":"purchasable","27":"product-type-simple"},"acf":[],"uagb_featured_image_src":{"full":["https:\/\/vapestornado.com\/wp-content\/uploads\/2025\/03\/Bang-Leader-50000-50K-Puffs.webp",800,800,false],"thumbnail":["https:\/\/vapestornado.com\/wp-content\/uploads\/2025\/03\/Bang-Leader-50000-50K-Puffs-150x150.webp",150,150,true],"medium":["https:\/\/vapestornado.com\/wp-content\/uploads\/2025\/03\/Bang-Leader-50000-50K-Puffs-300x300.webp",300,300,true],"medium_large":["https:\/\/vapestornado.com\/wp-content\/uploads\/2025\/03\/Bang-Leader-50000-50K-Puffs-768x768.webp",768,768,true],"large":["https:\/\/vapestornado.com\/wp-content\/uploads\/2025\/03\/Bang-Leader-50000-50K-Puffs.webp",800,800,false],"1536x1536":["https:\/\/vapestornado.com\/wp-content\/uploads\/2025\/03\/Bang-Leader-50000-50K-Puffs.webp",800,800,false],"2048x2048":["https:\/\/vapestornado.com\/wp-content\/uploads\/2025\/03\/Bang-Leader-50000-50K-Puffs.webp",800,800,false],"trp-custom-language-flag":["https:\/\/vapestornado.com\/wp-content\/uploads\/2025\/03\/Bang-Leader-50000-50K-Puffs.webp",12,12,false],"woocommerce_thumbnail":["https:\/\/vapestornado.com\/wp-content\/uploads\/2025\/03\/Bang-Leader-50000-50K-Puffs-300x300.webp",300,300,true],"woocommerce_single":["https:\/\/vapestornado.com\/wp-content\/uploads\/2025\/03\/Bang-Leader-50000-50K-Puffs-600x600.webp",600,600,true],"woocommerce_gallery_thumbnail":["https:\/\/vapestornado.com\/wp-content\/uploads\/2025\/03\/Bang-Leader-50000-50K-Puffs-100x100.webp",100,100,true]},"uagb_author_info":{"display_name":"ESAMY","author_link":"https:\/\/vapestornado.com\/sk\/author\/"},"uagb_comment_info":0,"uagb_excerpt":"The Bang Leader 50000 Puffs Vape offers dual flavors, digital display, and adjustable wattage. A rechargeable 50K puff disposable ideal for wholesale bulk orders in Europe. Bang Leader 50k Puff Vape Kit Wholesale Cheap Price Add Amy's whatsapp to get right reply and discount price! WhatsApp: +86 17776015835 &nbsp;","_links":{"self":[{"href":"https:\/\/vapestornado.com\/sk\/wp-json\/wp\/v2\/product\/3891","targetHints":{"allow":["GET"]}}],"collection":[{"href":"https:\/\/vapestornado.com\/sk\/wp-json\/wp\/v2\/product"}],"about":[{"href":"https:\/\/vapestornado.com\/sk\/wp-json\/wp\/v2\/types\/product"}],"replies":[{"embeddable":true,"href":"https:\/\/vapestornado.com\/sk\/wp-json\/wp\/v2\/comments?post=3891"}],"wp:featuredmedia":[{"embeddable":true,"href":"https:\/\/vapestornado.com\/sk\/wp-json\/wp\/v2\/media\/3867"}],"wp:attachment":[{"href":"https:\/\/vapestornado.com\/sk\/wp-json\/wp\/v2\/media?parent=3891"}],"wp:term":[{"taxonomy":"product_brand","embeddable":true,"href":"https:\/\/vapestornado.com\/sk\/wp-json\/wp\/v2\/product_brand?post=3891"},{"taxonomy":"product_cat","embeddable":true,"href":"https:\/\/vapestornado.com\/sk\/wp-json\/wp\/v2\/product_cat?post=3891"},{"taxonomy":"product_tag","embeddable":true,"href":"https:\/\/vapestornado.com\/sk\/wp-json\/wp\/v2\/product_tag?post=3891"}],"curies":[{"name":"wp","href":"https:\/\/api.w.org\/{rel}","templated":true}]}}