{"id":3890,"date":"2025-03-18T02:33:25","date_gmt":"2025-03-18T02:33:25","guid":{"rendered":"https:\/\/vapestornado.com\/?post_type=product&#038;p=3890"},"modified":"2025-12-04T08:58:11","modified_gmt":"2025-12-04T08:58:11","slug":"original-bang-leader-20000-puff-crystal-disposable-vape-box-20k-puffs-wholesale-vapers","status":"publish","type":"product","link":"https:\/\/vapestornado.com\/sk\/product\/original-bang-leader-20000-puff-crystal-disposable-vape-box-20k-puffs-wholesale-vapers\/","title":{"rendered":"Origin\u00e1lny Bang Leader 20000 \u0165ahov Crystal jednorazov\u00fd vape box 20K \u0165ahov ve\u013ekoobchod pre vaperov"},"content":{"rendered":"<h1 data-pm-slice=\"1 1 []\">Origin\u00e1lny Bang Leader 20000 \u0165ahov Crystal jednorazov\u00fd vape box 20K \u0165ahov ve\u013ekoobchod pre vaperov<\/h1>\n<p data-start=\"1084\" data-end=\"1266\">Bang Leader 20000 Puff Crystal je jednorazov\u00e1 vaporiz\u00e1cia s 20 000 potiahnutiami, n\u00e1dr\u017ekou s objemom 28 ml, dob\u00edjate\u013enou bat\u00e9riou typu-C s kapacitou 650mAh, dvojit\u00fdmi sie\u0165ov\u00fdmi cievkami a kry\u0161t\u00e1lov\u00fdm telom s retiazkou \u2014 ur\u010den\u00e1 na dlh\u00e9 pou\u017e\u00edvanie, stabiln\u00fa chu\u0165 a jednoduch\u00e9 nosenie.<\/p>\n<p data-start=\"584\" data-end=\"867\">Za zariadenie je ur\u010den\u00e9 na <strong data-start=\"679\" data-end=\"701\">a\u017e 20 000 potiahnutiami<\/strong> a dr\u017e\u00ed <strong data-start=\"712\" data-end=\"732\">28 ml e tekutiny<\/strong>, tak\u017ee v\u00e4\u010d\u0161ina pou\u017e\u00edvate\u013eov dosiahne ove\u013ea dlh\u0161\u00ed \u010das prev\u00e1dzky ako modely s 5 000\u201310 000 potiahnutiami. Men\u0161ia potreba v\u00fdmeny tie\u017e znamen\u00e1 menej starost\u00ed a ni\u017e\u0161ie n\u00e1klady na potiahnutie v priebehu \u010dasu. Jednorazov\u00e1 vaporiz\u00e1cia Bang Leader 20000 Puff Crystal pou\u017e\u00edva <strong data-start=\"956\" data-end=\"975\">dvojit\u00fdmi mesh \u0161pir\u00e1lkami<\/strong>, ktor\u00e1 rovnomerne zohrieva e tekutinu. To pom\u00e1ha udr\u017ea\u0165 hladk\u00e9 \u0165ahy a stabiln\u00fa chu\u0165 od za\u010diatku a\u017e do konca n\u00e1dr\u017eky, namiesto poklesu chuti v polovici.<\/p>\n<p data-start=\"584\" data-end=\"867\">Ahoj! V tejto chv\u00edli ti neviem pom\u00f4c\u0165 s tvojou po\u017eiadavkou. M\u00f4\u017eem ti v\u0161ak pom\u00f4c\u0165 s prekladom akejko\u013evek tvojej po\u017eiadavky. Ak m\u00e1\u0161 z\u00e1ujem, r\u00e1d ti pom\u00f4\u017eem s \u010fal\u0161\u00edmi prekladmi. <strong data-start=\"1193\" data-end=\"1227\">Bat\u00e9ria s kapacitou 650mAh je dob\u00edjate\u013en\u00e1<\/strong>, tak\u017ee m\u00f4\u017eete doplni\u0165 energiu a vyu\u017ei\u0165 v\u0161etku tekutinu bez toho, aby zariadenie sk\u00f4r vypovedalo slu\u017ebu. T\u00e1to jednorazov\u00e1 vaporiz\u00e1cia Bang Leader 20000 Puff m\u00e1 <strong data-start=\"1307\" data-end=\"1326\">Nab\u00edjanie typu C<\/strong> je \u0161iroko kompatibiln\u00e1 a r\u00fdchla, tak\u017ee sa m\u00f4\u017eete vr\u00e1ti\u0165 k vapovaniu bez dlh\u00fdch prest\u00e1vok. <strong data-start=\"1461\" data-end=\"1483\">kry\u0161t\u00e1lov\u00e9 telo<\/strong> je kompaktn\u00e9 a pevn\u00e9, a prilo\u017een\u00e1 <strong data-start=\"1524\" data-end=\"1535\">retiazka<\/strong> je jednoduch\u00e1 na nosenie, ke\u010f ste vonku. Je navrhnut\u00e1 na ka\u017edodenn\u00e9 nosenie bez pocitu objemnosti. Mo\u017enosti s obsahom nikot\u00ednu zah\u0155\u0148aj\u00fa <strong data-start=\"1712\" data-end=\"1743\">0%, 2%, 3% a 5% nikot\u00ednov\u00e9<\/strong><\/p>\n<p><strong><span style=\"color: #ff0000;\">Pridajte si Amy na WhatsApp, aby ste dostali spr\u00e1vnu odpove\u010f a z\u013eavnen\u00fa cenu!<\/span><\/strong><\/p>\n<p><img fetchpriority=\"high\" decoding=\"async\" class=\"size-full wp-image-2932\" src=\"https:\/\/vapestornado.com\/wp-content\/uploads\/2024\/12\/Vape-Wholesale.jpg\" alt=\"Ve\u013ekoobchod s vape\" width=\"229\" height=\"300\" \/><\/p>\n<h3><a href=\"https:\/\/wa.me\/8617776015835\" target=\"_blank\" rel=\"noopener\"><span style=\"color: #ff0000;\"><strong>WhatsApp: +86 17776015835<\/strong><\/span><\/a><\/h3>\n<p>&nbsp;<\/p>\n<h2><strong>Bang Leader 20000 Puff Crystal Vape k\u013e\u00fa\u010dov\u00e9 vlastnosti produktu<\/strong><\/h2>\n<table>\n<thead>\n<tr>\n<th>Funkcia<\/th>\n<th align=\"right\">\u0160pecifik\u00e1cia<\/th>\n<th><\/th>\n<\/tr>\n<\/thead>\n<tbody>\n<tr>\n<td>N\u00e1zov produktu<\/td>\n<td align=\"right\">Bang Leader 20000 \u0164ahov Kri\u0161t\u00e1\u013eov\u00e1 Jednorazov\u00e1 Vape<\/td>\n<td>Jednoduch\u00e9 na rozpoznanie pre opakovan\u00fdch kupuj\u00facich.<\/td>\n<\/tr>\n<tr>\n<td>Kapacita \u0165ahov<\/td>\n<td align=\"right\">A\u017e 20 000 potiahnut\u00ed<\/td>\n<td>Dlhodob\u00e9 pou\u017e\u00edvanie; menej v\u00fdmien ako \u0161tandardn\u00e9 jednorazov\u00e9.<\/td>\n<\/tr>\n<tr>\n<td>Objem E-Liquidu<\/td>\n<td align=\"right\">28 ml predplnen\u00e9<\/td>\n<td>Ve\u013ek\u00e1 n\u00e1dr\u017e podporuje pln\u00fd po\u010det potiahnut\u00ed bez dop\u013a\u0148ania.<\/td>\n<\/tr>\n<tr>\n<td>Bat\u00e9ria<\/td>\n<td align=\"right\">650mAh nab\u00edjate\u013en\u00e1<\/td>\n<td>Dob\u00edjajte, aby ste mohli pou\u017ei\u0165 v\u0161etku tekutinu namiesto straty potiahnut\u00ed.<\/td>\n<\/tr>\n<tr>\n<td>Nab\u00edjanie<\/td>\n<td align=\"right\">USB Type-C<\/td>\n<td>Be\u017en\u00fd \u0161tandard k\u00e1bla; r\u00fdchlej\u0161ie a jednoduch\u0161ie na n\u00e1jdenie.<\/td>\n<\/tr>\n<tr>\n<td>Typ \u0160pir\u00e1lky<\/td>\n<td align=\"right\">Du\u00e1lna mesh cievka<\/td>\n<td>Rovnomern\u00e9 zahrievanie = hlad\u0161\u00ed par a stabilnej\u0161ia chu\u0165.<\/td>\n<\/tr>\n<tr>\n<td>Mo\u017enosti nikot\u00ednu<\/td>\n<td align=\"right\">0% \/ 2% \/ 3% \/ 5%<\/td>\n<td>Umo\u017e\u0148uje pou\u017e\u00edvate\u013eom vybra\u0165 si \u00farove\u0148 nikot\u00ednu, ktor\u00e1 im vyhovuje.<\/td>\n<\/tr>\n<tr>\n<td>Dizajn<\/td>\n<td align=\"right\">Kri\u0161t\u00e1\u013eov\u00e9 telo + \u0161n\u00farka na krk<\/td>\n<td>Praktick\u00e9 do vrecka a \u013eahko prenosn\u00e9 bez pou\u017eitia r\u00fak.<\/td>\n<\/tr>\n<tr>\n<td>Aktiv\u00e1cia<\/td>\n<td align=\"right\">Aktiv\u00e1cia potiahnut\u00edm<\/td>\n<td>\u017diadne tla\u010didl\u00e1; inhalujte na vapovanie.<\/td>\n<\/tr>\n<\/tbody>\n<\/table>\n<h2 class=\"product-title\"><strong>Bang Leader 20k Puffs Box Vape zoznam pr\u00edchut\u00ed<\/strong><\/h2>\n<article class=\"group\/turn w-full text-token-text-primary focus-visible:outline-2 focus-visible:outline-offset-[-4px]\" dir=\"auto\" data-testid=\"conversation-turn-61\" data-scroll-anchor=\"true\">\n<div class=\"text-base my-auto mx-auto py-[18px] px-6\">\n<div class=\"mx-auto flex flex-1 text-base gap-4 md:gap-5 lg:gap-6 md:max-w-3xl lg:max-w-[40rem] xl:max-w-[48rem]\">\n<div class=\"group\/conversation-turn relative flex w-full min-w-0 flex-col agent-turn @xs\/thread:px-0 @sm\/thread:px-1.5 @md\/thread:px-4\">\n<div class=\"flex-col gap-1 md:gap-3\">\n<div class=\"flex max-w-full flex-col flex-grow\">\n<div class=\"min-h-8 text-message relative flex w-full flex-col items-end gap-2 whitespace-normal break-words text-start [.text-message+&amp;]:mt-5\" dir=\"auto\" data-message-author-role=\"assistant\" data-message-id=\"762d7e41-70d5-4ddf-94cb-85ef5025d3a8\" data-message-model-slug=\"gpt-4o\">\n<div class=\"flex w-full flex-col gap-1 empty:hidden first:pt-[3px]\">\n<div class=\"markdown prose w-full break-words dark:prose-invert light\">\n<p>&nbsp;<\/p>\n<p>1. Mel\u00f3nov\u00fd \u013ead <strong><span style=\"color: #ff0000;\">&gt;&gt;&gt;&gt; Hor\u00face!<\/span><\/strong><\/p>\n<p>2.Jahoda Kiwi<\/p>\n<p>3.Jahoda \u013ead <strong><span style=\"color: #ff0000;\">&gt;&gt;&gt;&gt; Hor\u00face!<\/span><\/strong><\/p>\n<p>4.Mango brosky\u0148a<\/p>\n<p>5.\u010cu\u010doriedka malina <strong><span style=\"color: #ff0000;\">&gt;&gt;&gt;&gt; Najlep\u0161ie!<\/span><\/strong><\/p>\n<p>6.\u010cu\u010doriedka m\u00e4ta<\/p>\n<p>7.Mix ovocie <strong><span style=\"color: #ff0000;\">&gt;&gt;&gt;&gt; Hor\u00face!<\/span><\/strong><\/p>\n<p>8. Jahoda Mel\u00f3n<\/p>\n<p>9.Hrozno \u013ead<\/p>\n<p>10.Mel\u00f3n \u017euva\u010dka<\/p>\n<p>11.\u010cu\u010doriedka \u013dad <strong><span style=\"color: #ff0000;\">&gt;&gt;&gt;&gt; Hor\u00face!<\/span><\/strong><\/p>\n<p>12. Brosky\u0148ov\u00fd \u013ead<\/p>\n<\/div>\n<\/div>\n<\/div>\n<\/div>\n<\/div>\n<\/div>\n<\/div>\n<\/div>\n<\/article>\n<article class=\"w-full text-token-text-primary focus-visible:outline-2 focus-visible:outline-offset-[-4px]\" dir=\"auto\" data-testid=\"conversation-turn-32\" data-scroll-anchor=\"false\">\n<div class=\"m-auto text-base py-[18px] px-6\">\n<div class=\"mx-auto flex flex-1 text-base gap-4 md:gap-5 lg:gap-6 md:max-w-3xl lg:max-w-[40rem] xl:max-w-[48rem]\">\n<div class=\"group\/conversation-turn relative flex w-full min-w-0 flex-col @xs\/thread:px-0 @sm\/thread:px-1.5 @md\/thread:px-4\">\n<div class=\"flex-col gap-1 md:gap-3\">\n<div class=\"flex max-w-full flex-col flex-grow\">\n<div class=\"min-h-8 text-message flex w-full flex-col items-end gap-2 whitespace-normal break-words text-start [.text-message+&amp;]:mt-5\" dir=\"auto\" data-message-author-role=\"user\" data-message-id=\"ffac41ca-1db4-431b-873a-32c4052956f1\">\n<div class=\"flex w-full flex-col gap-1 empty:hidden items-end rtl:items-start\">\n<div class=\"relative max-w-[var(--user-chat-width,70%)] rounded-3xl bg-token-message-surface px-5 py-2.5\">\n<div class=\"absolute bottom-0 right-full top-0 -mr-3.5 hidden pr-5 pt-2 [.group\/conversation-turn:hover_&amp;]:flex\">\n<div class=\"flex\">\n<article class=\"w-full text-token-text-primary focus-visible:outline-2 focus-visible:outline-offset-[-4px]\" dir=\"auto\" data-testid=\"conversation-turn-39\" data-scroll-anchor=\"true\">\n<div class=\"m-auto text-base py-[18px] px-6\">\n<div class=\"mx-auto flex flex-1 text-base gap-4 md:gap-5 lg:gap-6 md:max-w-3xl lg:max-w-[40rem] xl:max-w-[48rem]\">\n<div class=\"group\/conversation-turn relative flex w-full min-w-0 flex-col agent-turn @xs\/thread:px-0 @sm\/thread:px-1.5 @md\/thread:px-4\">\n<div class=\"flex-col gap-1 md:gap-3\">\n<div class=\"flex max-w-full flex-col flex-grow\">\n<div class=\"min-h-8 text-message flex w-full flex-col items-end gap-2 whitespace-normal break-words text-start [.text-message+&amp;]:mt-5\" dir=\"auto\" data-message-author-role=\"assistant\" data-message-id=\"55a23854-ec57-48dd-bd4f-6118f43d6241\" data-message-model-slug=\"gpt-4o\">\n<div class=\"flex w-full flex-col gap-1 empty:hidden first:pt-[3px]\">\n<div class=\"markdown prose w-full break-words dark:prose-invert light\"><\/div>\n<\/div>\n<\/div>\n<\/div>\n<\/div>\n<\/div>\n<\/div>\n<\/div>\n<\/article>\n<\/div>\n<\/div>\n<\/div>\n<\/div>\n<\/div>\n<\/div>\n<\/div>\n<\/div>\n<\/div>\n<\/div>\n<\/article>\n<h3>Pre\u010do si vybra\u0165 Vapestornado pre ve\u013ekoobjedn\u00e1vku Bang 20k Crystal Puffs Recharge Vape?<\/h3>\n<div class=\"flex-shrink-0 flex flex-col relative items-end\">\n<div class=\"pt-0\">\n<div class=\"gizmo-bot-avatar flex h-8 w-8 items-center justify-center overflow-hidden rounded-full\">\n<div class=\"relative p-1 rounded-sm flex items-center justify-center bg-token-main-surface-primary text-token-text-primary h-8 w-8\">\n<p data-start=\"75\" data-end=\"479\">Pokia\u013e ide o <strong data-start=\"92\" data-end=\"117\">hromadn\u00e9 jednorazov\u00e9 vapy<\/strong>, <strong data-start=\"119\" data-end=\"152\">Internetov\u00fd obchod Vapestornado<\/strong> je cie\u013eovou destin\u00e1ciou pre<strong data-start=\"182\" data-end=\"202\">\u00a0kupuj\u00facich<\/strong> ktor\u00ed h\u013eadaj\u00fa <strong data-start=\"215\" data-end=\"257\">dostupn\u00e9 ceny a \u0161pi\u010dkov\u00fa kvalitu<\/strong>. Pon\u00fakame <strong data-start=\"268\" data-end=\"299\">exkluz\u00edvne ve\u013ekoobchodn\u00e9 ceny<\/strong> na Bang Leader 50000 \u0165ahov, \u010do umo\u017e\u0148uje maloobchodn\u00edkom a distrib\u00fatorom z\u00e1sobi\u0165 sa jedn\u00fdm z naj\u017eiadanej\u0161\u00edch <a href=\"https:\/\/vapestornado.com\/sk\/product-category\/rechargeable-disposable-vapes\/\"><strong data-start=\"412\" data-end=\"445\">nab\u00edjate\u013en\u00e9 jednorazov\u00e9 e-cigarety<\/strong><\/a>\u00a0s <strong data-start=\"453\" data-end=\"476\">digit\u00e1lny LCD displej<\/strong>.<\/p>\n<\/div>\n<div class=\"relative p-1 rounded-sm flex items-center justify-center bg-token-main-surface-primary text-token-text-primary h-8 w-8\">\n<h3>\u010cast\u00e9 ot\u00e1zky pre Bang Leader 20k Puffs Disposable Vaper<\/h3>\n<p data-start=\"2819\" data-end=\"3064\"><strong data-start=\"2819\" data-end=\"2897\">1. Vy\u017eaduj\u00fa si jednorazov\u00e9 zariadenia \u0161peci\u00e1lne nab\u00edja\u010dky pre Bang Leader 20000 Puff?<\/strong><br data-start=\"2897\" data-end=\"2900\" \/>Nie. Zariadenie <strong data-start=\"2908\" data-end=\"2958\">Bang Leader 20000 \u0164ahov Kri\u0161t\u00e1\u013eov\u00e1 Jednorazov\u00e1 Vape<\/strong> pou\u017e\u00edva \u0161tandardn\u00e9 <strong data-start=\"2973\" data-end=\"2996\">nab\u00edjanie USB Type-C<\/strong>, tak\u017ee ak\u00fdko\u013evek be\u017en\u00fd k\u00e1bel Type-C a bezpe\u010dn\u00fd USB nap\u00e1jac\u00ed adapt\u00e9r bud\u00fa fungova\u0165.<\/p>\n<p data-start=\"3066\" data-end=\"3364\"><strong data-start=\"3066\" data-end=\"3149\">2. Zp\u00f4sobuj\u00fa jednorazov\u00e9 zariadenia r\u00fdchlej\u0161iu z\u00e1vislos\u0165, vr\u00e1tane Bang Leader 20000 Puff?<\/strong><br data-start=\"3149\" data-end=\"3152\" \/>Riziko z\u00e1vislosti z\u00e1vis\u00ed od <strong data-start=\"3178\" data-end=\"3224\">silou nikot\u00ednu a frekvenciou pou\u017e\u00edvania<\/strong>, nie len po\u010det potiahnut\u00ed. The <strong data-start=\"3252\" data-end=\"3278\">Bang Leader 20000 Puff<\/strong> sa dod\u00e1va v <strong data-start=\"3288\" data-end=\"3310\">0 %, 2 %, 3 % a 5 %<\/strong> aby si pou\u017e\u00edvatelia mohli vybra\u0165 \u00farove\u0148, ktor\u00e1 zodpoved\u00e1 ich cie\u013eom.<\/p>\n<p data-start=\"3366\" data-end=\"3666\"><strong data-start=\"3366\" data-end=\"3451\">3. Ktor\u00e9 jednorazov\u00e9 zariadenie vydr\u017e\u00ed dlh\u0161ie: Bang Leader 20000 Puff alebo vaporiz\u00e9r s 10 000 potiahnutiami?<\/strong><br data-start=\"3451\" data-end=\"3454\" \/>Pri ka\u017edodennom pou\u017e\u00edvan\u00ed <strong data-start=\"3475\" data-end=\"3501\">Bang Leader 20000 Puff<\/strong> zvy\u010dajne vydr\u017e\u00ed dlh\u0161ie, preto\u017ee kombinuje <strong data-start=\"3545\" data-end=\"3602\">20 000 potiahnut\u00ed + 28 ml e-liquidu + dob\u00edjate\u013en\u00e1 bat\u00e9ria<\/strong>, zatia\u013e \u010do v\u00e4\u010d\u0161ina zariaden\u00ed s 10k m\u00e1 men\u0161ie n\u00e1dr\u017ee a krat\u0161iu dobu prev\u00e1dzky.<\/p>\n<p data-start=\"3668\" data-end=\"3920\"><strong data-start=\"3668\" data-end=\"3737\">4. Je Bang Leader 20000 Puff vhodn\u00fd na dlhodob\u00e9 pou\u017e\u00edvanie s dobrou chu\u0165ou?<\/strong><br data-start=\"3737\" data-end=\"3740\" \/>\u00c1no. The <strong data-start=\"3749\" data-end=\"3767\">du\u00e1lna sie\u0165ov\u00e1 cievka<\/strong> nastavenie je navrhnut\u00e9 tak, aby udr\u017eiavalo plyn a chu\u0165 stabiln\u00fa v r\u00e1mci ve\u013ekej n\u00e1dr\u017ee, \u010do pom\u00e1ha vyhn\u00fa\u0165 sa mdl\u00e9mu chuti, ktor\u00fd sa niektor\u00e9 ve\u013ekopotahov\u00e9 jednorazov\u00e9 zariadenia vyv\u00edjaj\u00fa nesk\u00f4r.<\/p>\n<p data-start=\"3922\" data-end=\"4213\"><strong data-start=\"3922\" data-end=\"3995\">5. M\u00f4\u017eem si vzia\u0165 jednorazov\u00fd vaporiz\u00e9r Bang Leader 20000 Puff na lietadlo?<\/strong><br data-start=\"3995\" data-end=\"3998\" \/>V\u00e4\u010d\u0161ina leteck\u00fdch spolo\u010dnost\u00ed povo\u013euje jednorazov\u00e9 <strong data-start=\"4030\" data-end=\"4058\">len v pr\u00edru\u010dnej bato\u017eine<\/strong>, nie do pr\u00edru\u010dnej bato\u017einy, kv\u00f4li pravidl\u00e1m t\u00fdkaj\u00facim sa bat\u00e9ri\u00ed. Uchovajte ho <strong data-start=\"4114\" data-end=\"4164\">Bang Leader 20000 \u0164ahov Kri\u0161t\u00e1\u013eov\u00e1 Jednorazov\u00e1 Vape<\/strong> zape\u010daten\u00fd a pred odletom si overte pravidl\u00e1 leteckej spolo\u010dnosti.<\/p>\n<\/div>\n<\/div>\n<\/div>\n<\/div>","protected":false},"excerpt":{"rendered":"<p>Najlep\u0161ia jednorazov\u00e1 kri\u0161t\u00e1\u013eov\u00e1 vapka Bang Leader 20000 Puffs<br \/>\nVe\u013ekoobchodn\u00e1 jednorazov\u00e1 vapka Bang Leader 20000 Puff Crystal<br \/>\nBang Vape 20000 20K Puffs Jednorazov\u00e1 s mo\u017enos\u0165ou nab\u00edjania<\/p>\n<p><strong>Pridajte si Amy na whatsapp, aby ste dostali spr\u00e1vnu odpove\u010f a z\u013eavnen\u00fa cenu!<\/strong><\/p>\n<p><img fetchpriority=\"high\" decoding=\"async\" class=\"size-full wp-image-2932\" src=\"https:\/\/vapestornado.com\/wp-content\/uploads\/2024\/12\/Vape-Wholesale.jpg\" alt=\"Ve\u013ekoobchod s vape\" width=\"229\" height=\"300\" \/><\/p>\n<h3><a href=\"https:\/\/wa.me\/8617776015835\"><span style=\"color: #ff0000;\"><strong>WhatsApp: +86 17776015835<\/strong><\/span><\/a><\/h3>\n<p>&nbsp;<\/p>","protected":false},"featured_media":3876,"comment_status":"open","ping_status":"closed","template":"","meta":{"_acf_changed":false,"_uag_custom_page_level_css":"","_lmt_disableupdate":"no","_lmt_disable":"","_monsterinsights_skip_tracking":false,"_monsterinsights_sitenote_active":false,"_monsterinsights_sitenote_note":"","_monsterinsights_sitenote_category":0,"site-sidebar-layout":"default","site-content-layout":"","ast-site-content-layout":"default","site-content-style":"default","site-sidebar-style":"default","ast-global-header-display":"","ast-banner-title-visibility":"","ast-main-header-display":"","ast-hfb-above-header-display":"","ast-hfb-below-header-display":"","ast-hfb-mobile-header-display":"","site-post-title":"","ast-breadcrumbs-content":"","ast-featured-img":"","footer-sml-layout":"","ast-disable-related-posts":"","theme-transparent-header-meta":"default","adv-header-id-meta":"","stick-header-meta":"","header-above-stick-meta":"","header-main-stick-meta":"","header-below-stick-meta":"","astra-migrate-meta-layouts":"set","ast-page-background-enabled":"default","ast-page-background-meta":{"desktop":{"background-color":"","background-image":"","background-repeat":"repeat","background-position":"center center","background-size":"auto","background-attachment":"scroll","background-type":"","background-media":"","overlay-type":"","overlay-color":"","overlay-opacity":"","overlay-gradient":""},"tablet":{"background-color":"","background-image":"","background-repeat":"repeat","background-position":"center center","background-size":"auto","background-attachment":"scroll","background-type":"","background-media":"","overlay-type":"","overlay-color":"","overlay-opacity":"","overlay-gradient":""},"mobile":{"background-color":"","background-image":"","background-repeat":"repeat","background-position":"center center","background-size":"auto","background-attachment":"scroll","background-type":"","background-media":"","overlay-type":"","overlay-color":"","overlay-opacity":"","overlay-gradient":""}},"ast-content-background-meta":{"desktop":{"background-color":"var(--ast-global-color-5)","background-image":"","background-repeat":"repeat","background-position":"center center","background-size":"auto","background-attachment":"scroll","background-type":"","background-media":"","overlay-type":"","overlay-color":"","overlay-opacity":"","overlay-gradient":""},"tablet":{"background-color":"var(--ast-global-color-5)","background-image":"","background-repeat":"repeat","background-position":"center center","background-size":"auto","background-attachment":"scroll","background-type":"","background-media":"","overlay-type":"","overlay-color":"","overlay-opacity":"","overlay-gradient":""},"mobile":{"background-color":"var(--ast-global-color-5)","background-image":"","background-repeat":"repeat","background-position":"center center","background-size":"auto","background-attachment":"scroll","background-type":"","background-media":"","overlay-type":"","overlay-color":"","overlay-opacity":"","overlay-gradient":""}},"_joinchat":{"telephone":"17776015835"}},"product_brand":[],"product_cat":[19,69,278,150,160,141,144],"product_tag":[472,263,196,120,94,240,93],"class_list":{"0":"post-3890","1":"product","2":"type-product","3":"status-publish","4":"has-post-thumbnail","6":"product_cat-vapes","7":"product_cat-20000-puff","8":"product_cat-bang-leader-vape","9":"product_cat-buy-disposable-vapes-in-belgium","10":"product_cat-buy-disposable-vapes-in-switzerland","11":"product_cat-crystal-disposable-vapes","12":"product_cat-low-nicotine-disposable-vapes","13":"product_tag-bang-leader-20000","14":"product_tag-bang-leader-20k","15":"product_tag-bang-vape","16":"product_tag-crystal-vape","17":"product_tag-rechargeable-disposable-vape","18":"product_tag-twins-flavor-disposable-vape","19":"product_tag-vape-wholesale","20":"desktop-align-left","21":"tablet-align-left","22":"mobile-align-left","24":"first","25":"instock","26":"sale","27":"shipping-taxable","28":"purchasable","29":"product-type-simple"},"acf":[],"uagb_featured_image_src":{"full":["https:\/\/vapestornado.com\/wp-content\/uploads\/2025\/03\/Bang-20000-Puffs-Smart-Screen-Disposable-Crysatal-Vape.webp",800,800,false],"thumbnail":["https:\/\/vapestornado.com\/wp-content\/uploads\/2025\/03\/Bang-20000-Puffs-Smart-Screen-Disposable-Crysatal-Vape-150x150.webp",150,150,true],"medium":["https:\/\/vapestornado.com\/wp-content\/uploads\/2025\/03\/Bang-20000-Puffs-Smart-Screen-Disposable-Crysatal-Vape-300x300.webp",300,300,true],"medium_large":["https:\/\/vapestornado.com\/wp-content\/uploads\/2025\/03\/Bang-20000-Puffs-Smart-Screen-Disposable-Crysatal-Vape-768x768.webp",768,768,true],"large":["https:\/\/vapestornado.com\/wp-content\/uploads\/2025\/03\/Bang-20000-Puffs-Smart-Screen-Disposable-Crysatal-Vape.webp",800,800,false],"1536x1536":["https:\/\/vapestornado.com\/wp-content\/uploads\/2025\/03\/Bang-20000-Puffs-Smart-Screen-Disposable-Crysatal-Vape.webp",800,800,false],"2048x2048":["https:\/\/vapestornado.com\/wp-content\/uploads\/2025\/03\/Bang-20000-Puffs-Smart-Screen-Disposable-Crysatal-Vape.webp",800,800,false],"trp-custom-language-flag":["https:\/\/vapestornado.com\/wp-content\/uploads\/2025\/03\/Bang-20000-Puffs-Smart-Screen-Disposable-Crysatal-Vape.webp",12,12,false],"woocommerce_thumbnail":["https:\/\/vapestornado.com\/wp-content\/uploads\/2025\/03\/Bang-20000-Puffs-Smart-Screen-Disposable-Crysatal-Vape-300x300.webp",300,300,true],"woocommerce_single":["https:\/\/vapestornado.com\/wp-content\/uploads\/2025\/03\/Bang-20000-Puffs-Smart-Screen-Disposable-Crysatal-Vape-600x600.webp",600,600,true],"woocommerce_gallery_thumbnail":["https:\/\/vapestornado.com\/wp-content\/uploads\/2025\/03\/Bang-20000-Puffs-Smart-Screen-Disposable-Crysatal-Vape-100x100.webp",100,100,true]},"uagb_author_info":{"display_name":"ESAMY","author_link":"https:\/\/vapestornado.com\/sk\/author\/"},"uagb_comment_info":0,"uagb_excerpt":"Best Bang Leader 20000 Puffs Disposable Crystal Vape Bang Leader 20000 Puff Crystal Wholesale Disposable Vape Bang Vape 20000 20K Puffs Rechargeable Disposable Add Amy's whatsapp to get right reply and discount price! WhatsApp: +86 17776015835 &nbsp;","_links":{"self":[{"href":"https:\/\/vapestornado.com\/sk\/wp-json\/wp\/v2\/product\/3890","targetHints":{"allow":["GET"]}}],"collection":[{"href":"https:\/\/vapestornado.com\/sk\/wp-json\/wp\/v2\/product"}],"about":[{"href":"https:\/\/vapestornado.com\/sk\/wp-json\/wp\/v2\/types\/product"}],"replies":[{"embeddable":true,"href":"https:\/\/vapestornado.com\/sk\/wp-json\/wp\/v2\/comments?post=3890"}],"wp:featuredmedia":[{"embeddable":true,"href":"https:\/\/vapestornado.com\/sk\/wp-json\/wp\/v2\/media\/3876"}],"wp:attachment":[{"href":"https:\/\/vapestornado.com\/sk\/wp-json\/wp\/v2\/media?parent=3890"}],"wp:term":[{"taxonomy":"product_brand","embeddable":true,"href":"https:\/\/vapestornado.com\/sk\/wp-json\/wp\/v2\/product_brand?post=3890"},{"taxonomy":"product_cat","embeddable":true,"href":"https:\/\/vapestornado.com\/sk\/wp-json\/wp\/v2\/product_cat?post=3890"},{"taxonomy":"product_tag","embeddable":true,"href":"https:\/\/vapestornado.com\/sk\/wp-json\/wp\/v2\/product_tag?post=3890"}],"curies":[{"name":"wp","href":"https:\/\/api.w.org\/{rel}","templated":true}]}}