{"id":3888,"date":"2025-03-18T02:01:58","date_gmt":"2025-03-18T02:01:58","guid":{"rendered":"https:\/\/vapestornado.com\/?post_type=product&#038;p=3888"},"modified":"2025-12-04T09:17:42","modified_gmt":"2025-12-04T09:17:42","slug":"bang-leader-32k-32000-puffs-dual-pods-double-flavors-disposable-vape","status":"publish","type":"product","link":"https:\/\/vapestornado.com\/sk\/product\/bang-leader-32k-32000-puffs-dual-pods-double-flavors-disposable-vape\/","title":{"rendered":"Bang Leader 32k 32000 \u0165ahov du\u00e1lne pody dvojit\u00e9 pr\u00edchute jednorazov\u00e1 e-cigareta"},"content":{"rendered":"<h1 data-pm-slice=\"1 1 []\">Bang Leader 32k 32000 \u0165ahov du\u00e1lne pody dvojit\u00e9 pr\u00edchute jednorazov\u00e1 e-cigareta<\/h1>\n<p data-start=\"286\" data-end=\"655\">Ahoj! V tejto chv\u00edli ti neviem pom\u00f4c\u0165 s tvojou po\u017eiadavkou. M\u00f4\u017eem ti v\u0161ak pom\u00f4c\u0165 s prekladom akejko\u013evek tvojej po\u017eiadavky. Ak m\u00e1\u0161 z\u00e1ujem, r\u00e1d ti pom\u00f4\u017eem s \u010fal\u0161\u00edmi prekladmi. <strong data-start=\"290\" data-end=\"335\">Bang Leader 32K Jednor\u00e1zov\u00e9 vape s dvojit\u00fdmi podmi<\/strong> je navrhnut\u00fd pre pou\u017e\u00edvate\u013eov, ktor\u00ed chc\u00fa vysok\u00fa kapacitu a rozmanitos\u0165 pr\u00edchut\u00ed v jednom zariaden\u00ed. Kombinuje <strong data-start=\"426\" data-end=\"448\">dvojpodov\u00fa \u0161trukt\u00faru<\/strong> s <b>2 v 1 dvojit\u00e1 pr\u00edchu\u0165<\/b>\u00a0s celkov\u00fdm objemom <strong data-start=\"510\" data-end=\"518\">56 ml<\/strong> a podporou a\u017e <strong data-start=\"540\" data-end=\"556\">32 000 \u0165ahov<\/strong>. Tento dizajn zni\u017euje po\u010det v\u00fdmen zariaden\u00ed a poskytuje dlhodob\u00e9 denn\u00e9 pou\u017e\u00edvanie bez \u010dast\u00fdch v\u00fdmen.<\/p>\n<p data-start=\"657\" data-end=\"960\">Hlavnou funkciou je <strong data-start=\"678\" data-end=\"711\">2-v-1 syst\u00e9m dvojit\u00fdch podov s pr\u00edchu\u0165ami<\/strong>. Ka\u017ed\u00fd jednor\u00e1zov\u00fd pod obsahuje vlastn\u00fa pr\u00edchu\u0165, \u010do umo\u017e\u0148uje r\u00fdchle prep\u00ednanie medzi dvoma profilmi v rovnakom zariaden\u00ed. S <strong data-start=\"813\" data-end=\"845\">12 dostupn\u00fdmi kombin\u00e1ciami pr\u00edchut\u00ed<\/strong>, m\u00f4\u017eu pou\u017e\u00edvatelia strieda\u0165 chute po\u010das d\u0148a bez nosenia \u010fal\u0161\u00edch jednor\u00e1zov\u00fdch alebo mie\u0161ania tekut\u00edn v jednom tanku.<\/p>\n<p data-start=\"962\" data-end=\"1282\">Pre konzistenciu pary zariadenie vyu\u017e\u00edva <strong data-start=\"1003\" data-end=\"1021\">1.0\u03a9 mesh \u0161pir\u00e1lka<\/strong>. Mesh ohrev rovnomerne rozprestiera teplo po celej ploche cievky, \u010do pom\u00e1ha udr\u017ea\u0165 stabiln\u00fd v\u00fdstup pary a jasnos\u0165 pr\u00edchute po\u010das dlh\u00fdch rel\u00e1ci\u00ed. T\u00e1to konfigur\u00e1cia cievky je ur\u010den\u00e1 na zabr\u00e1nenie be\u017en\u00e9ho poklesu chuti, ktor\u00fd sa m\u00f4\u017ee vyskytn\u00fa\u0165 pri ve\u013ekokapacitn\u00fdch jednor\u00e1zov\u00fdch zariadeniach.<\/p>\n<p data-start=\"1284\" data-end=\"1620\">Nap\u00e1janie zabezpe\u010duje <strong data-start=\"1307\" data-end=\"1338\">650mAh nab\u00edjate\u013enou bat\u00e9riou<\/strong> s <strong data-start=\"1344\" data-end=\"1372\">r\u00fdchlym nab\u00edjan\u00edm cez USB typu C<\/strong>. Nab\u00edjanie umo\u017e\u0148uje pou\u017e\u00edvate\u013eom dokon\u010di\u0165 pln\u00fa kapacitu tekutiny namiesto skor\u00e9ho vyhodenia zariadenia kv\u00f4li n\u00edzkej bat\u00e9rii. Nab\u00edjanie cez Type-C tie\u017e zachov\u00e1va jednoduch\u00fa kompatibilitu, ke\u010f\u017ee rovnak\u00e9 k\u00e1ble m\u00f4\u017eu by\u0165 pou\u017eit\u00e9 ako pre mnoho modern\u00fdch telef\u00f3nov a pr\u00edslu\u0161enstva.<\/p>\n<p data-start=\"1622\" data-end=\"1861\">Napriek vysokej kapacite a dvojit\u00fdm n\u00e1dr\u017eiam zost\u00e1va Bang Leader 32K jedn\u00fdm, prenosn\u00fdm zariaden\u00edm. Form\u00e1t dvojpodu je praktickej\u0161\u00ed ne\u017e nosi\u0165 dva samostatn\u00e9 jednor\u00e1zov\u00e9, najm\u00e4 na doch\u00e1dzanie, cestovanie a dlh\u00e9 dni mimo nab\u00edja\u010dky.<\/p>\n<p><strong><span style=\"color: #ff0000;\">Pridajte si Amy na WhatsApp, aby ste dostali spr\u00e1vnu odpove\u010f a z\u013eavnen\u00fa cenu!<\/span><\/strong><\/p>\n<p><img fetchpriority=\"high\" decoding=\"async\" class=\"size-full wp-image-2932\" src=\"https:\/\/vapestornado.com\/wp-content\/uploads\/2024\/12\/Vape-Wholesale.jpg\" alt=\"Ve\u013ekoobchod s vape\" width=\"229\" height=\"300\" \/><\/p>\n<h3><a href=\"https:\/\/wa.me\/8617776015835\" target=\"_blank\" rel=\"noopener\"><span style=\"color: #ff0000;\"><strong>WhatsApp: +86 17776015835<\/strong><\/span><\/a><\/h3>\n<p>&nbsp;<\/p>\n<h2><strong>Bang Leader 32000 \u0164ahov K\u013e\u00fa\u010dov\u00e9 vlastnosti produktu<\/strong><\/h2>\n<table>\n<thead>\n<tr>\n<th>Funkcia<\/th>\n<th align=\"right\">\u0160pecifik\u00e1cia<\/th>\n<th><\/th>\n<\/tr>\n<\/thead>\n<tbody>\n<tr>\n<td>N\u00e1zov produktu<\/td>\n<td align=\"right\">Bang Leader 32K Jednor\u00e1zov\u00e9 vape s dvojit\u00fdmi podmi<\/td>\n<td>Jasn\u00e9 ozna\u010denie pre opakovan\u00e9 objedn\u00e1vky a vyh\u013ead\u00e1vanie.<\/td>\n<\/tr>\n<tr>\n<td>Kapacita \u0165ahov<\/td>\n<td align=\"right\">A\u017e 32 000 potiahnut\u00ed<\/td>\n<td>Jednorazov\u00e9 zariadenie s vysokou v\u00fddr\u017eou; menej v\u00fdmen.<\/td>\n<\/tr>\n<tr>\n<td>Pod syst\u00e9m<\/td>\n<td align=\"right\">Dvojit\u00e9 n\u00e1dr\u017eky (2 tanky)<\/td>\n<td>Dva chute v jednom zariaden\u00ed; prep\u00ednajte kedyko\u013evek.<\/td>\n<\/tr>\n<tr>\n<td>Objem E-Liquidu<\/td>\n<td align=\"right\">Celkov\u00fd objem 56 ml (28 ml + 28 ml)<\/td>\n<td>Ve\u013ek\u00e1 z\u00e1soba tekutiny na podporu 32 000 potiahnut\u00ed.<\/td>\n<\/tr>\n<tr>\n<td>Kombin\u00e1cie pr\u00edchut\u00ed<\/td>\n<td align=\"right\">12 kombin\u00e1ci\u00ed<\/td>\n<td>Rozmanitos\u0165 bez zmeny zariaden\u00ed.<\/td>\n<\/tr>\n<tr>\n<td>Typ \u0160pir\u00e1lky<\/td>\n<td align=\"right\">1.0\u03a9 mesh \u0161pir\u00e1lka<\/td>\n<td>Rovnomern\u00e9 zahrievanie pre hlad\u0161ie \u0165ahy a stabiln\u00fa chu\u0165.<\/td>\n<\/tr>\n<tr>\n<td>Bat\u00e9ria<\/td>\n<td align=\"right\">650mAh nab\u00edjate\u013en\u00e1<\/td>\n<td>Dob\u00edjajte na \u00fapln\u00e9 vyu\u017eitie oboch n\u00e1dr\u017eiek.<\/td>\n<\/tr>\n<tr>\n<td>Nab\u00edjanie<\/td>\n<td align=\"right\">USB Type-C<\/td>\n<td>Be\u017en\u00fd \u0161tandard r\u00fdchleho nab\u00edjania.<\/td>\n<\/tr>\n<tr>\n<td>\u0160t\u00fdl pou\u017eitia<\/td>\n<td align=\"right\">Aktiv\u00e1cia potiahnut\u00edm<\/td>\n<td>\u017diadne tla\u010didl\u00e1; inhalujte na vapovanie.<\/td>\n<\/tr>\n<\/tbody>\n<\/table>\n<figure id=\"attachment_3883\" aria-describedby=\"caption-attachment-3883\" style=\"width: 800px\" class=\"wp-caption alignnone\"><img decoding=\"async\" class=\"wp-image-3883 size-full\" src=\"https:\/\/vapestornado.com\/wp-content\/uploads\/2025\/03\/Bang-leader-32k-Puff-Best-Flavor.webp\" alt=\"Bang leader 32k Puff Najlep\u0161ia pr\u00edchu\u0165\" width=\"800\" height=\"800\" srcset=\"https:\/\/vapestornado.com\/wp-content\/uploads\/2025\/03\/Bang-leader-32k-Puff-Best-Flavor.webp 800w, https:\/\/vapestornado.com\/wp-content\/uploads\/2025\/03\/Bang-leader-32k-Puff-Best-Flavor-300x300.webp 300w, https:\/\/vapestornado.com\/wp-content\/uploads\/2025\/03\/Bang-leader-32k-Puff-Best-Flavor-150x150.webp 150w, https:\/\/vapestornado.com\/wp-content\/uploads\/2025\/03\/Bang-leader-32k-Puff-Best-Flavor-768x768.webp 768w, https:\/\/vapestornado.com\/wp-content\/uploads\/2025\/03\/Bang-leader-32k-Puff-Best-Flavor-600x600.webp 600w, https:\/\/vapestornado.com\/wp-content\/uploads\/2025\/03\/Bang-leader-32k-Puff-Best-Flavor-100x100.webp 100w\" sizes=\"(max-width: 800px) 100vw, 800px\" \/><figcaption id=\"caption-attachment-3883\" class=\"wp-caption-text\">Bang leader 32k Puff Najlep\u0161ia pr\u00edchu\u0165<\/figcaption><\/figure>\n<h2 class=\"product-title\"><strong>Bang Leader 32000 Puffs Box Zoznam pr\u00edchut\u00ed Vape<\/strong><\/h2>\n<article class=\"group\/turn w-full text-token-text-primary focus-visible:outline-2 focus-visible:outline-offset-[-4px]\" dir=\"auto\" data-testid=\"conversation-turn-61\" data-scroll-anchor=\"true\">\n<div class=\"text-base my-auto mx-auto py-[18px] px-6\">\n<div class=\"mx-auto flex flex-1 text-base gap-4 md:gap-5 lg:gap-6 md:max-w-3xl lg:max-w-[40rem] xl:max-w-[48rem]\">\n<div class=\"group\/conversation-turn relative flex w-full min-w-0 flex-col agent-turn @xs\/thread:px-0 @sm\/thread:px-1.5 @md\/thread:px-4\">\n<div class=\"flex-col gap-1 md:gap-3\">\n<div class=\"flex max-w-full flex-col flex-grow\">\n<div class=\"min-h-8 text-message relative flex w-full flex-col items-end gap-2 whitespace-normal break-words text-start [.text-message+&amp;]:mt-5\" dir=\"auto\" data-message-author-role=\"assistant\" data-message-id=\"762d7e41-70d5-4ddf-94cb-85ef5025d3a8\" data-message-model-slug=\"gpt-4o\">\n<div class=\"flex w-full flex-col gap-1 empty:hidden first:pt-[3px]\">\n<div class=\"markdown prose w-full break-words dark:prose-invert light\">\n<p>1. Mel\u00f3nov\u00fd \u013ead <strong><span style=\"color: #ff0000;\">&gt;&gt;&gt;&gt; Hor\u00face!<\/span><\/strong><br \/>\n2. Mel\u00f3nov\u00fd \u013ead<br \/>\n3. Jahodov\u00fd mel\u00f3n <strong><span style=\"color: #ff0000;\">&gt;&gt;&gt;&gt; Hor\u00face!<\/span><\/strong><br \/>\n4. Jahodov\u00fd mel\u00f3n<br \/>\n5. \u010cu\u010doriedka Malina<br \/>\n6. \u010cu\u010doriedka Mel\u00f3n <strong><span style=\"color: #ff0000;\">&gt;&gt;&gt;&gt; Hor\u00face!<\/span><\/strong><br \/>\n7. \u010cu\u010doriedka \u013dad<br \/>\n8. \u010cu\u010doriedka \u013dad<br \/>\n9. Red Bull <strong><span style=\"color: #ff0000;\">&gt;&gt;&gt;&gt; Hor\u00face!<\/span><\/strong><br \/>\n10. Red Bull<br \/>\n11. Jahoda Kiwi<br \/>\n12. Jahoda Kiwi <strong><span style=\"color: #ff0000;\">&gt;&gt;&gt;&gt; Najlep\u0161ie!<\/span><\/strong><\/p>\n<\/div>\n<\/div>\n<\/div>\n<\/div>\n<\/div>\n<\/div>\n<\/div>\n<\/div>\n<\/article>\n<article class=\"w-full text-token-text-primary focus-visible:outline-2 focus-visible:outline-offset-[-4px]\" dir=\"auto\" data-testid=\"conversation-turn-32\" data-scroll-anchor=\"false\">\n<div class=\"m-auto text-base py-[18px] px-6\">\n<div class=\"mx-auto flex flex-1 text-base gap-4 md:gap-5 lg:gap-6 md:max-w-3xl lg:max-w-[40rem] xl:max-w-[48rem]\">\n<div class=\"group\/conversation-turn relative flex w-full min-w-0 flex-col @xs\/thread:px-0 @sm\/thread:px-1.5 @md\/thread:px-4\">\n<div class=\"flex-col gap-1 md:gap-3\">\n<div class=\"flex max-w-full flex-col flex-grow\">\n<div class=\"min-h-8 text-message flex w-full flex-col items-end gap-2 whitespace-normal break-words text-start [.text-message+&amp;]:mt-5\" dir=\"auto\" data-message-author-role=\"user\" data-message-id=\"ffac41ca-1db4-431b-873a-32c4052956f1\">\n<div class=\"flex w-full flex-col gap-1 empty:hidden items-end rtl:items-start\">\n<div class=\"relative max-w-[var(--user-chat-width,70%)] rounded-3xl bg-token-message-surface px-5 py-2.5\">\n<div class=\"absolute bottom-0 right-full top-0 -mr-3.5 hidden pr-5 pt-2 [.group\/conversation-turn:hover_&amp;]:flex\">\n<div class=\"flex\">\n<article class=\"w-full text-token-text-primary focus-visible:outline-2 focus-visible:outline-offset-[-4px]\" dir=\"auto\" data-testid=\"conversation-turn-39\" data-scroll-anchor=\"true\">\n<div class=\"m-auto text-base py-[18px] px-6\">\n<div class=\"mx-auto flex flex-1 text-base gap-4 md:gap-5 lg:gap-6 md:max-w-3xl lg:max-w-[40rem] xl:max-w-[48rem]\">\n<div class=\"group\/conversation-turn relative flex w-full min-w-0 flex-col agent-turn @xs\/thread:px-0 @sm\/thread:px-1.5 @md\/thread:px-4\">\n<div class=\"flex-col gap-1 md:gap-3\">\n<div class=\"flex max-w-full flex-col flex-grow\">\n<div class=\"min-h-8 text-message flex w-full flex-col items-end gap-2 whitespace-normal break-words text-start [.text-message+&amp;]:mt-5\" dir=\"auto\" data-message-author-role=\"assistant\" data-message-id=\"55a23854-ec57-48dd-bd4f-6118f43d6241\" data-message-model-slug=\"gpt-4o\">\n<div class=\"flex w-full flex-col gap-1 empty:hidden first:pt-[3px]\">\n<div class=\"markdown prose w-full break-words dark:prose-invert light\"><\/div>\n<\/div>\n<\/div>\n<\/div>\n<\/div>\n<\/div>\n<\/div>\n<\/div>\n<\/article>\n<\/div>\n<\/div>\n<\/div>\n<\/div>\n<\/div>\n<\/div>\n<\/div>\n<\/div>\n<\/div>\n<\/div>\n<\/article>\n<h3>Pre\u010do si vybra\u0165 Vapestornado pre hromadn\u00fa objedn\u00e1vku nab\u00edjate\u013en\u00e9ho vapu Bang Leader 32k 32000 Puffs?<\/h3>\n<div class=\"flex-shrink-0 flex flex-col relative items-end\">\n<div class=\"pt-0\">\n<div class=\"gizmo-bot-avatar flex h-8 w-8 items-center justify-center overflow-hidden rounded-full\">\n<div class=\"relative p-1 rounded-sm flex items-center justify-center bg-token-main-surface-primary text-token-text-primary h-8 w-8\">\n<p data-start=\"75\" data-end=\"479\">Ke\u010f ide o vysok\u00fa kvalitu<strong data-start=\"92\" data-end=\"117\">\u00a0jednorazov\u00e9 vapy<\/strong>, <strong data-start=\"119\" data-end=\"152\">internetov\u00fd obchod s vape Vapestornado<\/strong> je cie\u013eovou destin\u00e1ciou pre <strong data-start=\"182\" data-end=\"202\">ve\u013ekoobchodn\u00fdch kupuj\u00facich<\/strong> ktor\u00ed h\u013eadaj\u00fa <strong data-start=\"215\" data-end=\"257\">dostupn\u00e9 ceny a \u0161pi\u010dkov\u00e1 kvalita<\/strong>. Pon\u00fakame <strong data-start=\"268\" data-end=\"299\">exkluz\u00edvne ve\u013ekoobchodn\u00e9 ceny<\/strong> na Bang Leader 50000 \u0165ahov, \u010do umo\u017e\u0148uje maloobchodn\u00edkom a distrib\u00fatorom z\u00e1sobi\u0165 sa jedn\u00fdm z naj\u017eiadanej\u0161\u00edch <strong data-start=\"412\" data-end=\"445\">nab\u00edjate\u013en\u00fd <a href=\"https:\/\/vapestornado.com\/sk\/product-category\/digital-box-disposable-vapes\/\">jednorazov\u00e9 vapy<\/a><\/strong> s <strong data-start=\"453\" data-end=\"476\">digit\u00e1lny displej<\/strong>.<\/p>\n<\/div>\n<div class=\"relative p-1 rounded-sm flex items-center justify-center bg-token-main-surface-primary text-token-text-primary h-8 w-8\">\n<h3>\u010cast\u00e9 ot\u00e1zky o jednorazovej elektronickej cigarete Bang Leader 32k Puffs<\/h3>\n<p data-start=\"2331\" data-end=\"2555\"><strong data-start=\"2331\" data-end=\"2395\">1. Ako funguje Bang Leader 32000 Puffs Dual Pods Vape?<\/strong><br data-start=\"2395\" data-end=\"2398\" \/>Toto zariadenie obsahuje <strong data-start=\"2419\" data-end=\"2464\">dve samostatn\u00e9 n\u00e1dr\u017eky na e-liquid (28 ml + 28 ml)<\/strong> a <strong data-start=\"2471\" data-end=\"2495\">tla\u010didlo na prep\u00ednanie pr\u00edchut\u00ed<\/strong>, ktor\u00e9 v\u00e1m umo\u017en\u00ed okam\u017eite prep\u00edna\u0165 medzi dvoma pr\u00edchu\u0165ami.<\/p>\n<p data-start=\"2557\" data-end=\"2762\"><strong data-start=\"2557\" data-end=\"2613\">2. Je Bang Leader 32000 Puffs Vape nab\u00edjate\u013en\u00fd?<\/strong><br data-start=\"2613\" data-end=\"2616\" \/>\u00c1no! Dod\u00e1va sa s <strong data-start=\"2637\" data-end=\"2668\">650mAh nab\u00edjate\u013enou bat\u00e9riou<\/strong> a <strong data-start=\"2673\" data-end=\"2692\">Nab\u00edjanie typu C<\/strong>, \u010do zais\u0165uje, \u017ee m\u00f4\u017eete spotrebova\u0165 v\u0161etok e-liquid pred v\u00fdmenou zariadenia.<\/p>\n<p data-start=\"2764\" data-end=\"2911\"><strong data-start=\"2764\" data-end=\"2808\">3. \u010co zobrazuje digit\u00e1lna obrazovka?<\/strong><br data-start=\"2808\" data-end=\"2811\" \/>Ahoj! V tejto chv\u00edli ti neviem pom\u00f4c\u0165 s tvojou po\u017eiadavkou. M\u00f4\u017eem ti v\u0161ak pom\u00f4c\u0165 s prekladom akejko\u013evek tvojej po\u017eiadavky. Ak m\u00e1\u0161 z\u00e1ujem, r\u00e1d ti pom\u00f4\u017eem s \u010fal\u0161\u00edmi prekladmi. <strong data-start=\"2815\" data-end=\"2872\">digit\u00e1lna obrazovka zobrazuje v\u00fddr\u017e bat\u00e9rie a hladinu e-liquidu<\/strong>, \u010do u\u013eah\u010duje sledovanie v\u00e1\u0161ho pou\u017e\u00edvania.<\/p>\n<p data-start=\"2913\" data-end=\"3094\"><strong data-start=\"2913\" data-end=\"2947\">4. Ak\u00e9 pr\u00edchute s\u00fa k dispoz\u00edcii?<\/strong><br data-start=\"2947\" data-end=\"2950\" \/>Existuje <strong data-start=\"2960\" data-end=\"2998\">12 jedine\u010dn\u00fdch kombin\u00e1ci\u00ed dvoch pr\u00edchut\u00ed<\/strong>, vr\u00e1tane ovocn\u00fdch, \u013eadov\u00fdch a zmes\u00ed in\u0161pirovan\u00fdch energetick\u00fdmi n\u00e1pojmi, ktor\u00e9 vaperom poskytuj\u00fa rozmanit\u00fd z\u00e1\u017eitok.<\/p>\n<p data-start=\"3096\" data-end=\"3339\"><strong data-start=\"3096\" data-end=\"3173\">5. Kde m\u00f4\u017eem k\u00fapi\u0165 Bang Leader 32000 Puffs Vape za ve\u013ekoobchodn\u00fa cenu?<\/strong><br data-start=\"3173\" data-end=\"3176\" \/>Pre <strong data-start=\"3180\" data-end=\"3225\">hromadn\u00e9 objedn\u00e1vky a najlep\u0161ie ve\u013ekoobchodn\u00e9 ceny<\/strong>, nav\u0161t\u00edvte <strong data-start=\"3233\" data-end=\"3266\">internetov\u00fd obchod s vape Vapestornado<\/strong>, v\u00e1\u0161 d\u00f4veryhodn\u00fd zdroj pre <strong data-start=\"3292\" data-end=\"3336\">cenovo dostupn\u00e9 nab\u00edjate\u013en\u00e9 jednorazov\u00e9 vapy<\/strong>.<\/p>\n<\/div>\n<\/div>\n<\/div>\n<\/div>","protected":false},"excerpt":{"rendered":"<p>Bang Leader 32K Dual Flavors Box Vape cena z tov\u00e1rne<br \/>\nBang Leader 32000 potiahnut\u00ed Dual Pods Dvojit\u00e9 pr\u00edchute Z\u013eavnen\u00e1 cena<br \/>\nBang 32000 potiahnut\u00ed Nab\u00edjate\u013en\u00e1 E-cigareta Jednorazov\u00fd Vape Ve\u013ekoobchod<\/p>\n<p><strong>Pridajte si Amy na whatsapp, aby ste dostali spr\u00e1vnu odpove\u010f a z\u013eavnen\u00fa cenu!<\/strong><\/p>\n<p><img fetchpriority=\"high\" decoding=\"async\" class=\"size-full wp-image-2932\" src=\"https:\/\/vapestornado.com\/wp-content\/uploads\/2024\/12\/Vape-Wholesale.jpg\" alt=\"Ve\u013ekoobchod s vape\" width=\"229\" height=\"300\" \/><\/p>\n<h3><a href=\"https:\/\/wa.me\/8617776015835\"><span style=\"color: #ff0000;\"><strong>WhatsApp: +86 17776015835<\/strong><\/span><\/a><\/h3>\n<p>&nbsp;<\/p>","protected":false},"featured_media":3882,"comment_status":"open","ping_status":"closed","template":"","meta":{"_acf_changed":false,"_uag_custom_page_level_css":"","_lmt_disableupdate":"no","_lmt_disable":"","_monsterinsights_skip_tracking":false,"_monsterinsights_sitenote_active":false,"_monsterinsights_sitenote_note":"","_monsterinsights_sitenote_category":0,"site-sidebar-layout":"default","site-content-layout":"","ast-site-content-layout":"default","site-content-style":"default","site-sidebar-style":"default","ast-global-header-display":"","ast-banner-title-visibility":"","ast-main-header-display":"","ast-hfb-above-header-display":"","ast-hfb-below-header-display":"","ast-hfb-mobile-header-display":"","site-post-title":"","ast-breadcrumbs-content":"","ast-featured-img":"","footer-sml-layout":"","ast-disable-related-posts":"","theme-transparent-header-meta":"default","adv-header-id-meta":"","stick-header-meta":"","header-above-stick-meta":"","header-main-stick-meta":"","header-below-stick-meta":"","astra-migrate-meta-layouts":"set","ast-page-background-enabled":"default","ast-page-background-meta":{"desktop":{"background-color":"","background-image":"","background-repeat":"repeat","background-position":"center center","background-size":"auto","background-attachment":"scroll","background-type":"","background-media":"","overlay-type":"","overlay-color":"","overlay-opacity":"","overlay-gradient":""},"tablet":{"background-color":"","background-image":"","background-repeat":"repeat","background-position":"center center","background-size":"auto","background-attachment":"scroll","background-type":"","background-media":"","overlay-type":"","overlay-color":"","overlay-opacity":"","overlay-gradient":""},"mobile":{"background-color":"","background-image":"","background-repeat":"repeat","background-position":"center center","background-size":"auto","background-attachment":"scroll","background-type":"","background-media":"","overlay-type":"","overlay-color":"","overlay-opacity":"","overlay-gradient":""}},"ast-content-background-meta":{"desktop":{"background-color":"var(--ast-global-color-5)","background-image":"","background-repeat":"repeat","background-position":"center center","background-size":"auto","background-attachment":"scroll","background-type":"","background-media":"","overlay-type":"","overlay-color":"","overlay-opacity":"","overlay-gradient":""},"tablet":{"background-color":"var(--ast-global-color-5)","background-image":"","background-repeat":"repeat","background-position":"center center","background-size":"auto","background-attachment":"scroll","background-type":"","background-media":"","overlay-type":"","overlay-color":"","overlay-opacity":"","overlay-gradient":""},"mobile":{"background-color":"var(--ast-global-color-5)","background-image":"","background-repeat":"repeat","background-position":"center center","background-size":"auto","background-attachment":"scroll","background-type":"","background-media":"","overlay-type":"","overlay-color":"","overlay-opacity":"","overlay-gradient":""}},"_joinchat":{"telephone":"17776015835"}},"product_brand":[],"product_cat":[19,262,278,153,158,143,146],"product_tag":[261,260,473,196,94,240,93],"class_list":{"0":"post-3888","1":"product","2":"type-product","3":"status-publish","4":"has-post-thumbnail","6":"product_cat-vapes","7":"product_cat-32000-puff","8":"product_cat-bang-leader-vape","9":"product_cat-buy-disposable-vapes-in-italy","10":"product_cat-buy-disposable-vapes-in-spain","11":"product_cat-dual-mesh-disposable-vapes","12":"product_cat-rechargeable-disposable-vapes","13":"product_tag-2-in-1-double-flavor-vape","14":"product_tag-bang-leader-32000","15":"product_tag-bang-leader-32k","16":"product_tag-bang-vape","17":"product_tag-rechargeable-disposable-vape","18":"product_tag-twins-flavor-disposable-vape","19":"product_tag-vape-wholesale","20":"desktop-align-left","21":"tablet-align-left","22":"mobile-align-left","24":"first","25":"instock","26":"sale","27":"shipping-taxable","28":"purchasable","29":"product-type-simple"},"acf":[],"uagb_featured_image_src":{"full":["https:\/\/vapestornado.com\/wp-content\/uploads\/2025\/03\/Bang-Leader-32K-Dual-Flavors-Box-Vape.webp",800,800,false],"thumbnail":["https:\/\/vapestornado.com\/wp-content\/uploads\/2025\/03\/Bang-Leader-32K-Dual-Flavors-Box-Vape-150x150.webp",150,150,true],"medium":["https:\/\/vapestornado.com\/wp-content\/uploads\/2025\/03\/Bang-Leader-32K-Dual-Flavors-Box-Vape-300x300.webp",300,300,true],"medium_large":["https:\/\/vapestornado.com\/wp-content\/uploads\/2025\/03\/Bang-Leader-32K-Dual-Flavors-Box-Vape-768x768.webp",768,768,true],"large":["https:\/\/vapestornado.com\/wp-content\/uploads\/2025\/03\/Bang-Leader-32K-Dual-Flavors-Box-Vape.webp",800,800,false],"1536x1536":["https:\/\/vapestornado.com\/wp-content\/uploads\/2025\/03\/Bang-Leader-32K-Dual-Flavors-Box-Vape.webp",800,800,false],"2048x2048":["https:\/\/vapestornado.com\/wp-content\/uploads\/2025\/03\/Bang-Leader-32K-Dual-Flavors-Box-Vape.webp",800,800,false],"trp-custom-language-flag":["https:\/\/vapestornado.com\/wp-content\/uploads\/2025\/03\/Bang-Leader-32K-Dual-Flavors-Box-Vape.webp",12,12,false],"woocommerce_thumbnail":["https:\/\/vapestornado.com\/wp-content\/uploads\/2025\/03\/Bang-Leader-32K-Dual-Flavors-Box-Vape-300x300.webp",300,300,true],"woocommerce_single":["https:\/\/vapestornado.com\/wp-content\/uploads\/2025\/03\/Bang-Leader-32K-Dual-Flavors-Box-Vape-600x600.webp",600,600,true],"woocommerce_gallery_thumbnail":["https:\/\/vapestornado.com\/wp-content\/uploads\/2025\/03\/Bang-Leader-32K-Dual-Flavors-Box-Vape-100x100.webp",100,100,true]},"uagb_author_info":{"display_name":"ESAMY","author_link":"https:\/\/vapestornado.com\/sk\/author\/"},"uagb_comment_info":0,"uagb_excerpt":"Bang Leader 32K Dual Flavors Box Vape Factory Price Bang Leader 32000 Puffs Dual Pods Double Flavors Discount Price Bang 32000 Puffs Rechargeable E-Cigarette Disposable Vape Wholesale Add Amy's whatsapp to get right reply and discount price! WhatsApp: +86 17776015835 &nbsp;","_links":{"self":[{"href":"https:\/\/vapestornado.com\/sk\/wp-json\/wp\/v2\/product\/3888","targetHints":{"allow":["GET"]}}],"collection":[{"href":"https:\/\/vapestornado.com\/sk\/wp-json\/wp\/v2\/product"}],"about":[{"href":"https:\/\/vapestornado.com\/sk\/wp-json\/wp\/v2\/types\/product"}],"replies":[{"embeddable":true,"href":"https:\/\/vapestornado.com\/sk\/wp-json\/wp\/v2\/comments?post=3888"}],"wp:featuredmedia":[{"embeddable":true,"href":"https:\/\/vapestornado.com\/sk\/wp-json\/wp\/v2\/media\/3882"}],"wp:attachment":[{"href":"https:\/\/vapestornado.com\/sk\/wp-json\/wp\/v2\/media?parent=3888"}],"wp:term":[{"taxonomy":"product_brand","embeddable":true,"href":"https:\/\/vapestornado.com\/sk\/wp-json\/wp\/v2\/product_brand?post=3888"},{"taxonomy":"product_cat","embeddable":true,"href":"https:\/\/vapestornado.com\/sk\/wp-json\/wp\/v2\/product_cat?post=3888"},{"taxonomy":"product_tag","embeddable":true,"href":"https:\/\/vapestornado.com\/sk\/wp-json\/wp\/v2\/product_tag?post=3888"}],"curies":[{"name":"wp","href":"https:\/\/api.w.org\/{rel}","templated":true}]}}