{"id":3863,"date":"2025-03-17T02:44:11","date_gmt":"2025-03-17T02:44:11","guid":{"rendered":"https:\/\/vapestornado.com\/?post_type=product&#038;p=3863"},"modified":"2025-08-22T11:44:19","modified_gmt":"2025-08-22T11:44:19","slug":"factory-wholesale-waspe-tornado-15000-puff-15k-vape-pen-kit","status":"publish","type":"product","link":"https:\/\/vapestornado.com\/sk\/product\/factory-wholesale-waspe-tornado-15000-puff-15k-vape-pen-kit\/","title":{"rendered":"Ve\u013ekoobchodn\u00e9 tov\u00e1rensk\u00e9 balenie Waspe Tornado 15000 \u0164ahov 15K Vape Pen Kit"},"content":{"rendered":"<h1 data-pm-slice=\"1 1 []\">Ve\u013ekoobchodn\u00e9 tov\u00e1rensk\u00e9 balenie Waspe Tornado 15000 \u0164ahov 15K Vape Pen Kit<\/h1>\n<h3 data-start=\"0\" data-end=\"98\"><strong data-start=\"4\" data-end=\"96\">Ve\u013ekoobchod z Tov\u00e1rne Waspe Tornado Puff 15000 S\u00faprava Vape Pera \u2013 Nab\u00edjate\u013en\u00e1<\/strong><\/h3>\n<p data-start=\"100\" data-end=\"562\">Ahoj! V tejto chv\u00edli ti neviem pom\u00f4c\u0165 s tvojou po\u017eiadavkou. M\u00f4\u017eem ti v\u0161ak pom\u00f4c\u0165 s prekladom akejko\u013evek tvojej po\u017eiadavky. Ak m\u00e1\u0161 z\u00e1ujem, r\u00e1d ti pom\u00f4\u017eem s \u010fal\u0161\u00edmi prekladmi. <strong data-start=\"302\" data-end=\"343\">S\u00faprava Vape Pen Waspe Tornado 15000 Puff<\/strong> je navrhnut\u00e1 pre v\u00fdkon, pohodlie a ve\u013ekoobchodn\u00fa hodnotu. S <strong data-start=\"416\" data-end=\"442\">kapacitou 22 ml e-liquidu<\/strong> a a\u017e <strong data-start=\"453\" data-end=\"469\">15 000 potiahnut\u00ed<\/strong>zais\u0165uje pred\u013a\u017een\u00e9 pou\u017e\u00edvanie, \u010do z neho rob\u00ed siln\u00fa vo\u013ebu pre maloobchodn\u00edkov aj koncov\u00fdch pou\u017e\u00edvate\u013eov.<\/p>\n<h4 data-start=\"564\" data-end=\"618\"><strong data-start=\"569\" data-end=\"616\">15000 Potiahnut\u00ed \u2013 Pred\u013a\u017een\u00e1 Spokojnos\u0165 z Vapovania<\/strong><\/h4>\n<p data-start=\"619\" data-end=\"834\">S p\u00f4sobiv\u00fdm po\u010dtom <strong data-start=\"638\" data-end=\"665\">15,000 potiahnut\u00ed na jedno zariadenie<\/strong>, Waspe Tornado 15K zabezpe\u010duje <strong data-start=\"697\" data-end=\"717\">dlhotrvaj\u00face pou\u017e\u00edvanie<\/strong>, \u010do z neho rob\u00ed cenovo v\u00fdhodn\u00fa vo\u013ebu pre <strong data-start=\"762\" data-end=\"793\">be\u017en\u00fdch vaperov aj maloobchodn\u00edkov<\/strong> ktor\u00ed h\u013eadaj\u00fa <strong data-start=\"806\" data-end=\"831\">hromadn\u00e9 jednorazov\u00e9 vapy<\/strong>.<\/p>\n<h4 data-start=\"836\" data-end=\"895\"><strong data-start=\"841\" data-end=\"893\">Dob\u00edjacia bat\u00e9ria s kapacitou 850 mAh \u2013 \u017diadna zbyto\u010dn\u00e1 e-kvapalina<\/strong><\/h4>\n<p data-start=\"896\" data-end=\"1166\">Na rozdiel od tradi\u010dn\u00fdch jednorazov\u00fdch zariaden\u00ed, je tento <strong data-start=\"933\" data-end=\"961\">vape pen dob\u00edjac\u00ed<\/strong>, \u010do v\u00e1m umo\u017en\u00ed vychutna\u0165 si ka\u017ed\u00fa kvapku z <strong data-start=\"999\" data-end=\"1027\">22 ml predplnenej e-kvapaliny<\/strong>. <strong data-start=\"1033\" data-end=\"1051\">850mAh bat\u00e9riu<\/strong> poskytuje spo\u013eahliv\u00fd v\u00fdkon a v\u010faka <strong data-start=\"1086\" data-end=\"1110\">r\u00fdchleho nab\u00edjania typu C<\/strong>, str\u00e1vite menej \u010dasu \u010dakan\u00edm a viac \u010dasu vapovan\u00edm.<\/p>\n<h4 data-start=\"1168\" data-end=\"1216\"><strong data-start=\"1173\" data-end=\"1214\">Digit\u00e1lny LCD displej \u2013 Majte v\u0161etko pod kontrolou<\/strong><\/h4>\n<p data-start=\"1217\" data-end=\"1406\">Zabudnite na h\u00e1danie, kedy je \u010das nab\u00edja\u0165! Vstavan\u00fd <strong data-start=\"1274\" data-end=\"1288\">LCD displej<\/strong> v\u00e1m poskytuje aktu\u00e1lne inform\u00e1cie o va\u0161om <strong data-start=\"1325\" data-end=\"1361\">\u017eivotnosti bat\u00e9rie a hladin\u00e1ch e-liquidu<\/strong>, \u010d\u00edm zais\u0165uje bezprobl\u00e9mov\u00e9 vapovanie.<\/p>\n<h4 data-start=\"1408\" data-end=\"1475\"><strong data-start=\"1413\" data-end=\"1473\">Technol\u00f3gia sie\u0165ovanej cievky \u2013 Maxim\u00e1lna chu\u0165<\/strong><\/h4>\n<p data-start=\"1476\" data-end=\"1716\">Vybaven\u00e9 <strong data-start=\"1493\" data-end=\"1515\">pokro\u010dil\u00e1 sie\u0165ovan\u00e1 cievka<\/strong>, Waspe 15000 prin\u00e1\u0161a <strong data-start=\"1542\" data-end=\"1571\">bohat\u00e9, pln\u00e9 chute<\/strong> s ka\u017ed\u00fdm potiahnut\u00edm. \u010ci u\u017e ob\u013eubujete <strong data-start=\"1606\" data-end=\"1645\">ovocn\u00e9, \u013eadov\u00e9 alebo s\u00f3dov\u00e9 pr\u00edchute<\/strong>, <strong data-start=\"1651\" data-end=\"1674\">V\u00fdber z 12 pr\u00edchut\u00ed<\/strong> zaru\u010duje, \u017ee si ka\u017ed\u00fd n\u00e1jde nie\u010do pre seba.<\/p>\n<h4 data-start=\"1718\" data-end=\"1773\"><strong data-start=\"1723\" data-end=\"1771\">Mo\u017enosti sily nikot\u00ednu \u2013 0%, 2%, 3%<\/strong><\/h4>\n<p data-start=\"1774\" data-end=\"1901\">Pre v\u0161etk\u00fdch vaperov pon\u00faka Waspe Tornado 15000 <strong data-start=\"1829\" data-end=\"1867\">viacero mo\u017enost\u00ed sily nikot\u00ednu<\/strong> aby vyhovoval r\u00f4znym preferenci\u00e1m:<\/p>\n<ul data-start=\"1902\" data-end=\"2150\">\n<li data-start=\"1902\" data-end=\"1992\"><strong data-start=\"1904\" data-end=\"1926\">0% (Bez nikot\u00ednu)<\/strong> \u2013 Ide\u00e1lne pre milovn\u00edkov pr\u00edchut\u00ed, ktor\u00ed uprednost\u0148uj\u00fa \u010dist\u00fd, jemn\u00fd z\u00e1\u017eitok.<\/li>\n<li data-start=\"1993\" data-end=\"2059\"><strong data-start=\"1995\" data-end=\"2006\">2%<\/strong> \u2013 Vyv\u00e1\u017een\u00e1 sila nikot\u00ednu pre miernych vaperov.<\/li>\n<li data-start=\"2060\" data-end=\"2150\"><strong data-start=\"2062\" data-end=\"2075\">5% (50 mg)<\/strong> \u2013 Siln\u00fd nikot\u00ednov\u00fd \u00fader pre t\u00fdch, ktor\u00ed si u\u017e\u00edvaj\u00fa intenz\u00edvnej\u0161ie vapovanie.<\/li>\n<\/ul>\n<h4 data-start=\"2152\" data-end=\"2204\"><strong data-start=\"2157\" data-end=\"2202\">Ve\u013ekoobchodn\u00e9 ceny<\/strong><\/h4>\n<p data-start=\"2205\" data-end=\"2410\">Ide\u00e1lne pre majite\u013eov obchodov s vape, distrib\u00fatorov a ve\u013ekoodberate\u013eov, Waspe Tornado Puff 15000 je k dispoz\u00edcii v <strong data-start=\"2311\" data-end=\"2335\">ve\u013ekoobchodn\u00e9 ceny<\/strong>. Objednajte si vo ve\u013ekom a <strong data-start=\"2355\" data-end=\"2407\">z\u00edskajte pr\u00e9miov\u00e9 jednorazov\u00e9 vape za bezkonkuren\u010dn\u00e9 ceny<\/strong>.<\/p>\n<p><strong><span style=\"color: #ff0000;\">Pridajte si Amy na WhatsApp, aby ste dostali spr\u00e1vnu odpove\u010f a z\u013eavnen\u00fa cenu!<\/span><\/strong><\/p>\n<p><img fetchpriority=\"high\" decoding=\"async\" class=\"size-full wp-image-2932\" src=\"https:\/\/vapestornado.com\/wp-content\/uploads\/2024\/12\/Vape-Wholesale.jpg\" alt=\"Ve\u013ekoobchod s vape\" width=\"229\" height=\"300\" \/><\/p>\n<h3><a href=\"https:\/\/wa.me\/8617776015835\" target=\"_blank\" rel=\"noopener\"><span style=\"color: #ff0000;\"><strong>WhatsApp: +86 17776015835<\/strong><\/span><\/a><\/h3>\n<p>&nbsp;<\/p>\n<h2><strong>K\u013e\u00fa\u010dov\u00e9 vlastnosti produktu Waspe Tornado 15000 Puff<\/strong><\/h2>\n<p>Zna\u010dka: WASPE<br \/>\nPo\u010det \u0165ahov: 15000<br \/>\nBat\u00e9ria: 850mAh Nab\u00edjate\u013en\u00e1<br \/>\nDisplej: LED digit\u00e1lny displej<br \/>\nNikot\u00edn: 0% 2% 3% 5%<br \/>\nKapacita liquidu: 22ml<br \/>\n\u0160pir\u00e1lka: Mesh Coil<\/p>\n<figure id=\"attachment_3847\" aria-describedby=\"caption-attachment-3847\" style=\"width: 800px\" class=\"wp-caption alignnone\"><img decoding=\"async\" class=\"wp-image-3847 size-full\" src=\"https:\/\/vapestornado.com\/wp-content\/uploads\/2025\/03\/Tornado-15k-Puff-Waspe-Vape.webp\" alt=\"Vape Waspe Tornado 15k Puff\" width=\"800\" height=\"800\" srcset=\"https:\/\/vapestornado.com\/wp-content\/uploads\/2025\/03\/Tornado-15k-Puff-Waspe-Vape.webp 800w, https:\/\/vapestornado.com\/wp-content\/uploads\/2025\/03\/Tornado-15k-Puff-Waspe-Vape-300x300.webp 300w, https:\/\/vapestornado.com\/wp-content\/uploads\/2025\/03\/Tornado-15k-Puff-Waspe-Vape-150x150.webp 150w, https:\/\/vapestornado.com\/wp-content\/uploads\/2025\/03\/Tornado-15k-Puff-Waspe-Vape-768x768.webp 768w, https:\/\/vapestornado.com\/wp-content\/uploads\/2025\/03\/Tornado-15k-Puff-Waspe-Vape-600x600.webp 600w, https:\/\/vapestornado.com\/wp-content\/uploads\/2025\/03\/Tornado-15k-Puff-Waspe-Vape-100x100.webp 100w\" sizes=\"(max-width: 800px) 100vw, 800px\" \/><figcaption id=\"caption-attachment-3847\" class=\"wp-caption-text\">Vape Waspe Tornado 15k Puff<\/figcaption><\/figure>\n<h2 class=\"product-title\"><strong>Zoznam pr\u00edchut\u00ed smart vape Waspe Tornado 15k<\/strong><\/h2>\n<article class=\"group\/turn w-full text-token-text-primary focus-visible:outline-2 focus-visible:outline-offset-[-4px]\" dir=\"auto\" data-testid=\"conversation-turn-61\" data-scroll-anchor=\"true\">\n<div class=\"text-base my-auto mx-auto py-[18px] px-6\">\n<div class=\"mx-auto flex flex-1 text-base gap-4 md:gap-5 lg:gap-6 md:max-w-3xl lg:max-w-[40rem] xl:max-w-[48rem]\">\n<div class=\"group\/conversation-turn relative flex w-full min-w-0 flex-col agent-turn @xs\/thread:px-0 @sm\/thread:px-1.5 @md\/thread:px-4\">\n<div class=\"flex-col gap-1 md:gap-3\">\n<div class=\"flex max-w-full flex-col flex-grow\">\n<div class=\"min-h-8 text-message relative flex w-full flex-col items-end gap-2 whitespace-normal break-words text-start [.text-message+&amp;]:mt-5\" dir=\"auto\" data-message-author-role=\"assistant\" data-message-id=\"762d7e41-70d5-4ddf-94cb-85ef5025d3a8\" data-message-model-slug=\"gpt-4o\">\n<div class=\"flex w-full flex-col gap-1 empty:hidden first:pt-[3px]\">\n<div class=\"markdown prose w-full break-words dark:prose-invert light\">\n<p>1. Mel\u00f3nov\u00fd \u013ead <strong><span style=\"color: #ff0000;\">&gt;&gt;&gt;&gt; Hor\u00face!<\/span><\/strong><br \/>\n2. Jahoda Vodn\u00fd mel\u00f3n <strong><span style=\"color: #ff0000;\">&gt;&gt;&gt;&gt; Hor\u00face!<\/span><\/strong><br \/>\n3. Pomaran\u010dov\u00e1 s\u00f3da<br \/>\n4. Dvojit\u00e9 jablko<br \/>\n5. Jahoda kiwi <strong><span style=\"color: #ff0000;\">&gt;&gt;&gt;&gt; Hor\u00face!<\/span><\/strong><br \/>\n6. \u010cere\u0161\u0148ov\u00fd \u013ead<br \/>\n7. Aloe hrozno<br \/>\n8. Zmie\u0161an\u00e9 bobule <strong><span style=\"color: #ff0000;\">&gt;&gt;&gt;&gt; Najlep\u0161ie!<\/span><\/strong><br \/>\n9. \u010cu\u010doriedkov\u00fd \u013ead<br \/>\n10. Jahoda Mango <strong><span style=\"color: #ff0000;\">&gt;&gt;&gt;&gt; Hor\u00face!<\/span><\/strong><br \/>\n11. Modr\u00e1 malina citr\u00f3n<br \/>\n12. Brosky\u0148ov\u00fd \u013ead <strong><span style=\"color: #ff0000;\">&gt;&gt;&gt;&gt; Hor\u00face!<\/span><\/strong><\/p>\n<\/div>\n<\/div>\n<\/div>\n<\/div>\n<\/div>\n<\/div>\n<\/div>\n<\/div>\n<\/article>\n<article class=\"w-full text-token-text-primary focus-visible:outline-2 focus-visible:outline-offset-[-4px]\" dir=\"auto\" data-testid=\"conversation-turn-32\" data-scroll-anchor=\"false\">\n<div class=\"m-auto text-base py-[18px] px-6\">\n<div class=\"mx-auto flex flex-1 text-base gap-4 md:gap-5 lg:gap-6 md:max-w-3xl lg:max-w-[40rem] xl:max-w-[48rem]\">\n<div class=\"group\/conversation-turn relative flex w-full min-w-0 flex-col @xs\/thread:px-0 @sm\/thread:px-1.5 @md\/thread:px-4\">\n<div class=\"flex-col gap-1 md:gap-3\">\n<div class=\"flex max-w-full flex-col flex-grow\">\n<div class=\"min-h-8 text-message flex w-full flex-col items-end gap-2 whitespace-normal break-words text-start [.text-message+&amp;]:mt-5\" dir=\"auto\" data-message-author-role=\"user\" data-message-id=\"ffac41ca-1db4-431b-873a-32c4052956f1\">\n<div class=\"flex w-full flex-col gap-1 empty:hidden items-end rtl:items-start\">\n<div class=\"relative max-w-[var(--user-chat-width,70%)] rounded-3xl bg-token-message-surface px-5 py-2.5\">\n<div class=\"absolute bottom-0 right-full top-0 -mr-3.5 hidden pr-5 pt-2 [.group\/conversation-turn:hover_&amp;]:flex\">\n<div class=\"flex\">\n<article class=\"w-full text-token-text-primary focus-visible:outline-2 focus-visible:outline-offset-[-4px]\" dir=\"auto\" data-testid=\"conversation-turn-39\" data-scroll-anchor=\"true\">\n<div class=\"m-auto text-base py-[18px] px-6\">\n<div class=\"mx-auto flex flex-1 text-base gap-4 md:gap-5 lg:gap-6 md:max-w-3xl lg:max-w-[40rem] xl:max-w-[48rem]\">\n<div class=\"group\/conversation-turn relative flex w-full min-w-0 flex-col agent-turn @xs\/thread:px-0 @sm\/thread:px-1.5 @md\/thread:px-4\">\n<div class=\"flex-col gap-1 md:gap-3\">\n<div class=\"flex max-w-full flex-col flex-grow\">\n<div class=\"min-h-8 text-message flex w-full flex-col items-end gap-2 whitespace-normal break-words text-start [.text-message+&amp;]:mt-5\" dir=\"auto\" data-message-author-role=\"assistant\" data-message-id=\"55a23854-ec57-48dd-bd4f-6118f43d6241\" data-message-model-slug=\"gpt-4o\">\n<div class=\"flex w-full flex-col gap-1 empty:hidden first:pt-[3px]\">\n<div class=\"markdown prose w-full break-words dark:prose-invert light\"><\/div>\n<\/div>\n<\/div>\n<\/div>\n<\/div>\n<\/div>\n<\/div>\n<\/div>\n<\/article>\n<\/div>\n<\/div>\n<\/div>\n<\/div>\n<\/div>\n<\/div>\n<\/div>\n<\/div>\n<\/div>\n<\/div>\n<\/article>\n<h3>Pre\u010do si vybra\u0165 Vapestornado pre hromadn\u00fa objedn\u00e1vku digit\u00e1lnych vapiek Waspe Tornado 15k?<\/h3>\n<div class=\"flex-shrink-0 flex flex-col relative items-end\">\n<div class=\"pt-0\">\n<div class=\"gizmo-bot-avatar flex h-8 w-8 items-center justify-center overflow-hidden rounded-full\">\n<div class=\"relative p-1 rounded-sm flex items-center justify-center bg-token-main-surface-primary text-token-text-primary h-8 w-8\">\n<p data-start=\"75\" data-end=\"479\">Pokia\u013e ide o <strong data-start=\"92\" data-end=\"117\">hromadn\u00e9 jednorazov\u00e9 vapy<\/strong>, <strong data-start=\"119\" data-end=\"152\">internetov\u00fd obchod s vape Vapestornado<\/strong> je cie\u013eovou destin\u00e1ciou pre <strong data-start=\"182\" data-end=\"202\">ve\u013ekoobchodn\u00fdch kupuj\u00facich<\/strong> ktor\u00ed h\u013eadaj\u00fa <strong data-start=\"215\" data-end=\"257\">dostupn\u00e9 ceny a \u0161pi\u010dkov\u00e1 kvalita<\/strong>. Pon\u00fakame <strong data-start=\"268\" data-end=\"299\">exkluz\u00edvne ve\u013ekoobchodn\u00e9 ceny<\/strong> na <strong data-start=\"307\" data-end=\"333\">WASPE 15000 \u0165ahov vape<\/strong>, \u010do umo\u017e\u0148uje predajcom a distrib\u00fatorom z\u00e1sobi\u0165 sa jedn\u00fdm z naj\u017eiadanej\u0161\u00edch produktov <strong data-start=\"412\" data-end=\"445\">nab\u00edjate\u013en\u00fdch jednorazov\u00fdch vape<\/strong> s <strong data-start=\"453\" data-end=\"476\">digit\u00e1lny LCD displej<\/strong>.<\/p>\n<\/div>\n<div class=\"relative p-1 rounded-sm flex items-center justify-center bg-token-main-surface-primary text-token-text-primary h-8 w-8\">\n<h3>\u010cast\u00e9 ot\u00e1zky pre jednorazov\u00fa e-cigaretu Waspe Tornado 15k<\/h3>\n<p data-start=\"2462\" data-end=\"2654\"><strong data-start=\"2462\" data-end=\"2522\">1. Ako dlho vydr\u017e\u00ed vape Waspe Tornado Puff 15000?<\/strong><br data-start=\"2522\" data-end=\"2525\" \/>S <strong data-start=\"2530\" data-end=\"2557\">15,000 potiahnut\u00ed na jedno zariadenie<\/strong>, t\u00e1to e-cigareta je navrhnut\u00e1 pre dlhodob\u00e9 pou\u017e\u00edvanie. Skuto\u010dn\u00e1 \u017eivotnos\u0165 z\u00e1vis\u00ed od va\u0161ej frekvencie vapovania.<\/p>\n<p data-start=\"2656\" data-end=\"2835\"><strong data-start=\"2656\" data-end=\"2706\">2. Je Waspe 15000 \u0165ahov vape nab\u00edjate\u013en\u00e1?<\/strong><br data-start=\"2706\" data-end=\"2709\" \/>\u00c1no! M\u00e1 <strong data-start=\"2729\" data-end=\"2760\">850mAh dob\u00edjate\u013enou bat\u00e9riou<\/strong> s <strong data-start=\"2766\" data-end=\"2785\">Nab\u00edjanie typu C<\/strong>, \u010do zais\u0165uje maxim\u00e1lnu \u00fa\u010dinnos\u0165 a minim\u00e1lny odpad.<\/p>\n<p data-start=\"2837\" data-end=\"3005\"><strong data-start=\"2837\" data-end=\"2875\">3. \u010co zobrazuje LCD displej?<\/strong><br data-start=\"2875\" data-end=\"2878\" \/>Ahoj! V tejto chv\u00edli ti neviem pom\u00f4c\u0165 s tvojou po\u017eiadavkou. M\u00f4\u017eem ti v\u0161ak pom\u00f4c\u0165 s prekladom akejko\u013evek tvojej po\u017eiadavky. Ak m\u00e1\u0161 z\u00e1ujem, r\u00e1d ti pom\u00f4\u017eem s \u010fal\u0161\u00edmi prekladmi. <strong data-start=\"2882\" data-end=\"2896\">LCD displej<\/strong> poskytuje aktu\u00e1lne inform\u00e1cie o <strong data-start=\"2927\" data-end=\"2963\">\u017eivotnosti bat\u00e9rie a hladin\u00e1ch e-liquidu<\/strong>, \u010do u\u013eah\u010duje sledovanie v\u00e1\u0161ho zariadenia.<\/p>\n<p data-start=\"3007\" data-end=\"3175\"><strong data-start=\"3007\" data-end=\"3052\">4. Ak\u00e9 s\u00fa dostupn\u00e9 sily nikot\u00ednu?<\/strong><br data-start=\"3052\" data-end=\"3055\" \/>T\u00e1to vapka sa dod\u00e1va v <strong data-start=\"3074\" data-end=\"3115\">0%, 2%, 3% a 5% s obsahom nikot\u00ednu<\/strong>, \u010do pou\u017e\u00edvate\u013eom umo\u017e\u0148uje vybra\u0165 si preferovan\u00fa \u00farove\u0148 nikot\u00ednu.<\/p>\n<p data-start=\"3177\" data-end=\"3407\"><strong data-start=\"3177\" data-end=\"3244\">5. Kde m\u00f4\u017eem k\u00fapi\u0165 Waspe Tornado 15000 za ve\u013ekoobchodn\u00e9 ceny?<\/strong><br data-start=\"3244\" data-end=\"3247\" \/>Pre <strong data-start=\"3251\" data-end=\"3293\">hromadn\u00e9 n\u00e1kupy a ve\u013ekoobchodn\u00e9 z\u013eavy<\/strong>, nav\u0161t\u00edvte <strong data-start=\"3301\" data-end=\"3334\">internetov\u00fd obchod s vape Vapestornado<\/strong>, v\u00e1\u0161 d\u00f4veryhodn\u00fd zdroj pre <strong data-start=\"3360\" data-end=\"3404\">cenovo dostupn\u00e9 nab\u00edjate\u013en\u00e9 jednorazov\u00e9 vapy<\/strong>.<\/p>\n<\/div>\n<\/div>\n<\/div>\n<\/div>","protected":false},"excerpt":{"rendered":"<p>Ve\u013ekoobchod Waspe Tornado 15000 Puff Jednorazov\u00e1 Vapa s N\u00edzkym Obsahom Nikot\u00ednu<br \/>\nWaspe Tornado 15K Jednorazov\u00e1 Vapa Cena z Tov\u00e1rne<br \/>\nWASPE 15000 Jednorazov\u00fd Pod s Digit\u00e1lnou Obrazovkou Najlep\u0161ia Pr\u00edchu\u0165 v Predaji<\/p>\n<p><strong>Pridajte si Amy na whatsapp, aby ste dostali spr\u00e1vnu odpove\u010f a z\u013eavnen\u00fa cenu!<\/strong><\/p>\n<p><img fetchpriority=\"high\" decoding=\"async\" class=\"size-full wp-image-2932\" src=\"https:\/\/vapestornado.com\/wp-content\/uploads\/2024\/12\/Vape-Wholesale.jpg\" alt=\"Ve\u013ekoobchod s vape\" width=\"229\" height=\"300\" \/><\/p>\n<h3><a href=\"https:\/\/wa.me\/8617776015835\"><span style=\"color: #ff0000;\"><strong>WhatsApp: +86 17776015835<\/strong><\/span><\/a><\/h3>\n<p>&nbsp;<\/p>","protected":false},"featured_media":3846,"comment_status":"open","ping_status":"closed","template":"","meta":{"_acf_changed":false,"_uag_custom_page_level_css":"","_lmt_disableupdate":"no","_lmt_disable":"","_monsterinsights_skip_tracking":false,"_monsterinsights_sitenote_active":false,"_monsterinsights_sitenote_note":"","_monsterinsights_sitenote_category":0,"site-sidebar-layout":"default","site-content-layout":"","ast-site-content-layout":"default","site-content-style":"default","site-sidebar-style":"default","ast-global-header-display":"","ast-banner-title-visibility":"","ast-main-header-display":"","ast-hfb-above-header-display":"","ast-hfb-below-header-display":"","ast-hfb-mobile-header-display":"","site-post-title":"","ast-breadcrumbs-content":"","ast-featured-img":"","footer-sml-layout":"","ast-disable-related-posts":"","theme-transparent-header-meta":"default","adv-header-id-meta":"","stick-header-meta":"","header-above-stick-meta":"","header-main-stick-meta":"","header-below-stick-meta":"","astra-migrate-meta-layouts":"set","ast-page-background-enabled":"default","ast-page-background-meta":{"desktop":{"background-color":"","background-image":"","background-repeat":"repeat","background-position":"center center","background-size":"auto","background-attachment":"scroll","background-type":"","background-media":"","overlay-type":"","overlay-color":"","overlay-opacity":"","overlay-gradient":""},"tablet":{"background-color":"","background-image":"","background-repeat":"repeat","background-position":"center center","background-size":"auto","background-attachment":"scroll","background-type":"","background-media":"","overlay-type":"","overlay-color":"","overlay-opacity":"","overlay-gradient":""},"mobile":{"background-color":"","background-image":"","background-repeat":"repeat","background-position":"center center","background-size":"auto","background-attachment":"scroll","background-type":"","background-media":"","overlay-type":"","overlay-color":"","overlay-opacity":"","overlay-gradient":""}},"ast-content-background-meta":{"desktop":{"background-color":"var(--ast-global-color-5)","background-image":"","background-repeat":"repeat","background-position":"center center","background-size":"auto","background-attachment":"scroll","background-type":"","background-media":"","overlay-type":"","overlay-color":"","overlay-opacity":"","overlay-gradient":""},"tablet":{"background-color":"var(--ast-global-color-5)","background-image":"","background-repeat":"repeat","background-position":"center center","background-size":"auto","background-attachment":"scroll","background-type":"","background-media":"","overlay-type":"","overlay-color":"","overlay-opacity":"","overlay-gradient":""},"mobile":{"background-color":"var(--ast-global-color-5)","background-image":"","background-repeat":"repeat","background-position":"center center","background-size":"auto","background-attachment":"scroll","background-type":"","background-media":"","overlay-type":"","overlay-color":"","overlay-opacity":"","overlay-gradient":""}},"_joinchat":{"telephone":"17776015835"}},"product_brand":[],"product_cat":[19,71,152,154,142,148],"product_tag":[97,94,241,93,259,258],"class_list":{"0":"post-3863","1":"product","2":"type-product","3":"status-publish","4":"has-post-thumbnail","6":"product_cat-vapes","7":"product_cat-15000-puff","8":"product_cat-buy-disposable-vapes-in-cermany","9":"product_cat-buy-disposable-vapes-in-netherlands","10":"product_cat-digital-box-disposable-vapes","11":"product_cat-tornado-disposable-vapes","12":"product_tag-hot-sale-disposable-vape","13":"product_tag-rechargeable-disposable-vape","14":"product_tag-smart-screen-disposable-vape","15":"product_tag-vape-wholesale","16":"product_tag-waspe-tornado-15000","17":"product_tag-waspe-tornado-15k","18":"desktop-align-left","19":"tablet-align-left","20":"mobile-align-left","22":"first","23":"instock","24":"sale","25":"shipping-taxable","26":"purchasable","27":"product-type-simple"},"acf":[],"uagb_featured_image_src":{"full":["https:\/\/vapestornado.com\/wp-content\/uploads\/2025\/03\/Best-Selling-Disposable-Vape-Waspe-15000-Puffs.webp",800,800,false],"thumbnail":["https:\/\/vapestornado.com\/wp-content\/uploads\/2025\/03\/Best-Selling-Disposable-Vape-Waspe-15000-Puffs-150x150.webp",150,150,true],"medium":["https:\/\/vapestornado.com\/wp-content\/uploads\/2025\/03\/Best-Selling-Disposable-Vape-Waspe-15000-Puffs-300x300.webp",300,300,true],"medium_large":["https:\/\/vapestornado.com\/wp-content\/uploads\/2025\/03\/Best-Selling-Disposable-Vape-Waspe-15000-Puffs-768x768.webp",768,768,true],"large":["https:\/\/vapestornado.com\/wp-content\/uploads\/2025\/03\/Best-Selling-Disposable-Vape-Waspe-15000-Puffs.webp",800,800,false],"1536x1536":["https:\/\/vapestornado.com\/wp-content\/uploads\/2025\/03\/Best-Selling-Disposable-Vape-Waspe-15000-Puffs.webp",800,800,false],"2048x2048":["https:\/\/vapestornado.com\/wp-content\/uploads\/2025\/03\/Best-Selling-Disposable-Vape-Waspe-15000-Puffs.webp",800,800,false],"trp-custom-language-flag":["https:\/\/vapestornado.com\/wp-content\/uploads\/2025\/03\/Best-Selling-Disposable-Vape-Waspe-15000-Puffs.webp",12,12,false],"woocommerce_thumbnail":["https:\/\/vapestornado.com\/wp-content\/uploads\/2025\/03\/Best-Selling-Disposable-Vape-Waspe-15000-Puffs-300x300.webp",300,300,true],"woocommerce_single":["https:\/\/vapestornado.com\/wp-content\/uploads\/2025\/03\/Best-Selling-Disposable-Vape-Waspe-15000-Puffs-600x600.webp",600,600,true],"woocommerce_gallery_thumbnail":["https:\/\/vapestornado.com\/wp-content\/uploads\/2025\/03\/Best-Selling-Disposable-Vape-Waspe-15000-Puffs-100x100.webp",100,100,true]},"uagb_author_info":{"display_name":"ESAMY","author_link":"https:\/\/vapestornado.com\/sk\/author\/"},"uagb_comment_info":0,"uagb_excerpt":"Wholesale Waspe Tornado 15000 Puff Low Nicotine Disposable Vape Waspe Tornado 15K Disposable Vape Pen Kit\u00a0 Factory Price WASPE 15000 Digital Screen Disposable Pod Best Flavor on Sale Add Amy's whatsapp to get right reply and discount price! WhatsApp: +86 17776015835 &nbsp;","_links":{"self":[{"href":"https:\/\/vapestornado.com\/sk\/wp-json\/wp\/v2\/product\/3863","targetHints":{"allow":["GET"]}}],"collection":[{"href":"https:\/\/vapestornado.com\/sk\/wp-json\/wp\/v2\/product"}],"about":[{"href":"https:\/\/vapestornado.com\/sk\/wp-json\/wp\/v2\/types\/product"}],"replies":[{"embeddable":true,"href":"https:\/\/vapestornado.com\/sk\/wp-json\/wp\/v2\/comments?post=3863"}],"wp:featuredmedia":[{"embeddable":true,"href":"https:\/\/vapestornado.com\/sk\/wp-json\/wp\/v2\/media\/3846"}],"wp:attachment":[{"href":"https:\/\/vapestornado.com\/sk\/wp-json\/wp\/v2\/media?parent=3863"}],"wp:term":[{"taxonomy":"product_brand","embeddable":true,"href":"https:\/\/vapestornado.com\/sk\/wp-json\/wp\/v2\/product_brand?post=3863"},{"taxonomy":"product_cat","embeddable":true,"href":"https:\/\/vapestornado.com\/sk\/wp-json\/wp\/v2\/product_cat?post=3863"},{"taxonomy":"product_tag","embeddable":true,"href":"https:\/\/vapestornado.com\/sk\/wp-json\/wp\/v2\/product_tag?post=3863"}],"curies":[{"name":"wp","href":"https:\/\/api.w.org\/{rel}","templated":true}]}}