{"id":3862,"date":"2025-03-17T02:07:39","date_gmt":"2025-03-17T02:07:39","guid":{"rendered":"https:\/\/vapestornado.com\/?post_type=product&#038;p=3862"},"modified":"2025-08-23T09:08:02","modified_gmt":"2025-08-23T09:08:02","slug":"fihp-digital-box-12000-puffs-wholesale-disposable-vapes-2-5-low-nicotine-rechargeable-bulk-price","status":"publish","type":"product","link":"https:\/\/vapestornado.com\/sk\/product\/fihp-digital-box-12000-puffs-wholesale-disposable-vapes-2-5-low-nicotine-rechargeable-bulk-price\/","title":{"rendered":"FIHP Digital Box 12000 \u0164ahov Ve\u013ekoobchodn\u00e9 Jednorazov\u00e9 Vape 2% 5% N\u00edzky Obsah Nikot\u00ednu Nab\u00edjate\u013en\u00e9 Hromadn\u00e9 Ceny"},"content":{"rendered":"<h1 data-pm-slice=\"1 1 []\">FIHP Digital Box 12000 \u0164ahov Ve\u013ekoobchodn\u00e9 Jednorazov\u00e9 Vape 2% 5% N\u00edzky Obsah Nikot\u00ednu Nab\u00edjate\u013en\u00e9 Hromadn\u00e9 Ceny<\/h1>\n<h2 data-start=\"0\" data-end=\"86\"><strong data-start=\"4\" data-end=\"84\">FIHP Digital Box 12000 potiahnut\u00ed \u2013 Dob\u00edjac\u00ed jednorazov\u00fd vape s LED displejom<\/strong><\/h2>\n<p data-start=\"324\" data-end=\"581\">Ahoj! V tejto chv\u00edli ti neviem pom\u00f4c\u0165 s tvojou po\u017eiadavkou. M\u00f4\u017eem ti v\u0161ak pom\u00f4c\u0165 s prekladom akejko\u013evek tvojej po\u017eiadavky. Ak m\u00e1\u0161 z\u00e1ujem, r\u00e1d ti pom\u00f4\u017eem s \u010fal\u0161\u00edmi prekladmi. <strong data-start=\"328\" data-end=\"376\">FIHP Digital Box 12000 \u0164ahov Jednorazov\u00e1 Vape<\/strong> je ur\u010den\u00fd pre vaperov, ktor\u00ed chc\u00fa roz\u0161\u00edren\u00fd v\u00fdkon a pohodlie. S a\u017e <strong data-start=\"458\" data-end=\"474\">12 000 \u0165ahov<\/strong> a <strong data-start=\"481\" data-end=\"518\">20 ml vopred naplnen\u00e1 kapacita e-liquidu<\/strong>\u0165ahmi poskytuje dlhotrvaj\u00face pou\u017e\u00edvanie s konzistentn\u00fdm v\u00fdstupom chuti.<\/p>\n<p data-start=\"583\" data-end=\"835\">Poh\u00e1\u0148an\u00fd <strong data-start=\"596\" data-end=\"627\">650mAh nab\u00edjate\u013enou bat\u00e9riou<\/strong> a <strong data-start=\"632\" data-end=\"656\">r\u00fdchleho nab\u00edjania typu C<\/strong>toto zariadenie zais\u0165uje maxim\u00e1lnu \u00fa\u010dinnos\u0165 bez zbyto\u010dn\u00e9ho plytvania e-liquidom. Displej <strong data-start=\"726\" data-end=\"749\">LED digit\u00e1lny displej<\/strong> zobrazuje po\u010det \u0165ahov v re\u00e1lnom \u010dase a \u017eivotnos\u0165 bat\u00e9rie, v\u010faka \u010domu maj\u00fa pou\u017e\u00edvatelia neust\u00e1le kontrolu.<\/p>\n<p data-start=\"837\" data-end=\"1032\">Vybaven\u00e9 <strong data-start=\"853\" data-end=\"871\">1.0\u03a9 mesh \u0161pir\u00e1lka<\/strong>FIHP 12K poskytuje hladk\u00fa paru a bohat\u00fa chu\u0165 pri ka\u017edom \u0165ahu. Dostupn\u00e9 v <strong data-start=\"952\" data-end=\"984\">2% a 5% sil\u00e1ch nikot\u00ednu<\/strong>pr\u00edchutiach, je ur\u010den\u00fd pre miernych aj siln\u00fdch vaperov.<\/p>\n<p data-start=\"1034\" data-end=\"1225\">Pre ve\u013ekoobchodn\u00edkov a maloobchodn\u00edkov <strong data-start=\"1069\" data-end=\"1101\">FIHP Digital Box 12000 \u0164ahov<\/strong> pon\u00faka siln\u00fa pr\u00ed\u0165a\u017elivos\u0165 na trhu s hromadn\u00fdmi z\u013eavami a spo\u013eahliv\u00fdmi dod\u00e1vkami, \u010do z neho rob\u00ed ziskov\u00fa vo\u013ebu pre invent\u00e1r v roku 2025.<\/p>\n<h2 data-start=\"2173\" data-end=\"2228\"><strong data-start=\"2178\" data-end=\"2226\">Ve\u013ekoobchodn\u00e9 ceny<\/strong><\/h2>\n<p data-start=\"2229\" data-end=\"2480\">Perfektn\u00e9 pre maloobchodn\u00edkov, majite\u013eov obchodov s vape a ve\u013ekoodberate\u013eov, a to <strong data-start=\"2291\" data-end=\"2328\">FIHP Digit\u00e1lna Krabica 12000 Puffs Vape<\/strong> je k dispoz\u00edcii na <strong data-start=\"2345\" data-end=\"2369\">ve\u013ekoobchodn\u00e9 ceny<\/strong>. Ak h\u013ead\u00e1te <strong data-start=\"2399\" data-end=\"2429\">najlep\u0161ie jednorazov\u00e9 vapy vo ve\u013ekom<\/strong>, to je nevyhnutn\u00fd doplnok do v\u00e1\u0161ho invent\u00e1ra.<\/p>\n<p><strong><span style=\"color: #ff0000;\">Pridajte si Amy na WhatsApp, aby ste dostali spr\u00e1vnu odpove\u010f a z\u013eavnen\u00fa cenu!<\/span><\/strong><\/p>\n<p><img fetchpriority=\"high\" decoding=\"async\" class=\"size-full wp-image-2932\" src=\"https:\/\/vapestornado.com\/wp-content\/uploads\/2024\/12\/Vape-Wholesale.jpg\" alt=\"Ve\u013ekoobchod s vape\" width=\"229\" height=\"300\" \/><\/p>\n<h3><a href=\"https:\/\/wa.me\/8617776015835\" target=\"_blank\" rel=\"noopener\"><span style=\"color: #ff0000;\"><strong>WhatsApp: +86 17776015835<\/strong><\/span><\/a><\/h3>\n<p>&nbsp;<\/p>\n<h2><strong>FIHP Digital Box 12000 Puffs K\u013e\u00fa\u010dov\u00e9 vlastnosti produktu<\/strong><\/h2>\n<p>Zna\u010dka: FIHP<br \/>\nPotiahnutia: 12000 potiahnut\u00ed<br \/>\nJadro: Mesh coil 1.0ohm<br \/>\nE-liquid: 20ml kapacita<br \/>\nNikot\u00edn: 2% a 5%<br \/>\nBat\u00e9ria: 650mAh<br \/>\nNab\u00edjanie: Typ-C<br \/>\nDisplej: LED displej pre stav e-liquidu a bat\u00e9rie<\/p>\n<h2 class=\"product-title\"><strong>Zoznam pr\u00edchut\u00ed FIHP Digital Box 12k Smart Vape<\/strong><\/h2>\n<article class=\"group\/turn w-full text-token-text-primary focus-visible:outline-2 focus-visible:outline-offset-[-4px]\" dir=\"auto\" data-testid=\"conversation-turn-61\" data-scroll-anchor=\"true\">\n<div class=\"text-base my-auto mx-auto py-[18px] px-6\">\n<div class=\"mx-auto flex flex-1 text-base gap-4 md:gap-5 lg:gap-6 md:max-w-3xl lg:max-w-[40rem] xl:max-w-[48rem]\">\n<div class=\"group\/conversation-turn relative flex w-full min-w-0 flex-col agent-turn @xs\/thread:px-0 @sm\/thread:px-1.5 @md\/thread:px-4\">\n<div class=\"flex-col gap-1 md:gap-3\">\n<div class=\"flex max-w-full flex-col flex-grow\">\n<div class=\"min-h-8 text-message relative flex w-full flex-col items-end gap-2 whitespace-normal break-words text-start [.text-message+&amp;]:mt-5\" dir=\"auto\" data-message-author-role=\"assistant\" data-message-id=\"762d7e41-70d5-4ddf-94cb-85ef5025d3a8\" data-message-model-slug=\"gpt-4o\">\n<div class=\"flex w-full flex-col gap-1 empty:hidden first:pt-[3px]\">\n<div class=\"markdown prose w-full break-words dark:prose-invert light\">\n<p>01. Svie\u017ei \u013ead <strong><span style=\"color: #ff0000;\">&gt;&gt;&gt;&gt; Hor\u00face!<\/span><\/strong><br \/>\n02. Hroznov\u00fd \u013ead<br \/>\n03. \u010cere\u0161\u0148a<br \/>\n04. \u010cu\u010doriedka Malina <strong><span style=\"color: #ff0000;\">&gt;&gt;&gt;&gt; Hor\u00face!<\/span><\/strong><br \/>\n05. Jahoda Kivi<br \/>\n06. Zmie\u0161an\u00e9 bobule <strong><span style=\"color: #ff0000;\">&gt;&gt;&gt;&gt; Hor\u00face!<\/span><\/strong><br \/>\n07. Jahodov\u00fd vodn\u00fd mel\u00f3n<br \/>\n08. Vodn\u00fd mel\u00f3n \u017duva\u010dka<br \/>\n09. Brosky\u0148a Mango Anan\u00e1s<br \/>\n10. Kivi, marakuja, guava <strong><span style=\"color: #ff0000;\">&gt;&gt;&gt;&gt; Hor\u00face!<\/span><\/strong><\/p>\n<\/div>\n<\/div>\n<\/div>\n<\/div>\n<\/div>\n<\/div>\n<\/div>\n<\/div>\n<\/article>\n<article class=\"w-full text-token-text-primary focus-visible:outline-2 focus-visible:outline-offset-[-4px]\" dir=\"auto\" data-testid=\"conversation-turn-32\" data-scroll-anchor=\"false\">\n<div class=\"m-auto text-base py-[18px] px-6\">\n<div class=\"mx-auto flex flex-1 text-base gap-4 md:gap-5 lg:gap-6 md:max-w-3xl lg:max-w-[40rem] xl:max-w-[48rem]\">\n<div class=\"group\/conversation-turn relative flex w-full min-w-0 flex-col @xs\/thread:px-0 @sm\/thread:px-1.5 @md\/thread:px-4\">\n<div class=\"flex-col gap-1 md:gap-3\">\n<div class=\"flex max-w-full flex-col flex-grow\">\n<div class=\"min-h-8 text-message flex w-full flex-col items-end gap-2 whitespace-normal break-words text-start [.text-message+&amp;]:mt-5\" dir=\"auto\" data-message-author-role=\"user\" data-message-id=\"ffac41ca-1db4-431b-873a-32c4052956f1\">\n<div class=\"flex w-full flex-col gap-1 empty:hidden items-end rtl:items-start\">\n<div class=\"relative max-w-[var(--user-chat-width,70%)] rounded-3xl bg-token-message-surface px-5 py-2.5\">\n<div class=\"absolute bottom-0 right-full top-0 -mr-3.5 hidden pr-5 pt-2 [.group\/conversation-turn:hover_&amp;]:flex\">\n<div class=\"flex\">\n<article class=\"w-full text-token-text-primary focus-visible:outline-2 focus-visible:outline-offset-[-4px]\" dir=\"auto\" data-testid=\"conversation-turn-39\" data-scroll-anchor=\"true\">\n<div class=\"m-auto text-base py-[18px] px-6\">\n<div class=\"mx-auto flex flex-1 text-base gap-4 md:gap-5 lg:gap-6 md:max-w-3xl lg:max-w-[40rem] xl:max-w-[48rem]\">\n<div class=\"group\/conversation-turn relative flex w-full min-w-0 flex-col agent-turn @xs\/thread:px-0 @sm\/thread:px-1.5 @md\/thread:px-4\">\n<div class=\"flex-col gap-1 md:gap-3\">\n<div class=\"flex max-w-full flex-col flex-grow\">\n<div class=\"min-h-8 text-message flex w-full flex-col items-end gap-2 whitespace-normal break-words text-start [.text-message+&amp;]:mt-5\" dir=\"auto\" data-message-author-role=\"assistant\" data-message-id=\"55a23854-ec57-48dd-bd4f-6118f43d6241\" data-message-model-slug=\"gpt-4o\">\n<div class=\"flex w-full flex-col gap-1 empty:hidden first:pt-[3px]\">\n<div class=\"markdown prose w-full break-words dark:prose-invert light\">\n<figure id=\"attachment_3835\" aria-describedby=\"caption-attachment-3835\" style=\"width: 800px\" class=\"wp-caption alignnone\"><img decoding=\"async\" class=\"wp-image-3835 size-full\" src=\"https:\/\/vapestornado.com\/wp-content\/uploads\/2025\/03\/FIHP-12000-Puffs-2-5-Low-Nicotine-Disposable-Vape.webp\" alt=\"FIHP 12000 Puffs 2% 5% n\u00edzky obsah nikot\u00ednu jednorazov\u00e1 e-cigareta\" width=\"800\" height=\"800\" srcset=\"https:\/\/vapestornado.com\/wp-content\/uploads\/2025\/03\/FIHP-12000-Puffs-2-5-Low-Nicotine-Disposable-Vape.webp 800w, https:\/\/vapestornado.com\/wp-content\/uploads\/2025\/03\/FIHP-12000-Puffs-2-5-Low-Nicotine-Disposable-Vape-300x300.webp 300w, https:\/\/vapestornado.com\/wp-content\/uploads\/2025\/03\/FIHP-12000-Puffs-2-5-Low-Nicotine-Disposable-Vape-150x150.webp 150w, https:\/\/vapestornado.com\/wp-content\/uploads\/2025\/03\/FIHP-12000-Puffs-2-5-Low-Nicotine-Disposable-Vape-768x768.webp 768w, https:\/\/vapestornado.com\/wp-content\/uploads\/2025\/03\/FIHP-12000-Puffs-2-5-Low-Nicotine-Disposable-Vape-600x600.webp 600w, https:\/\/vapestornado.com\/wp-content\/uploads\/2025\/03\/FIHP-12000-Puffs-2-5-Low-Nicotine-Disposable-Vape-100x100.webp 100w\" sizes=\"(max-width: 800px) 100vw, 800px\" \/><figcaption id=\"caption-attachment-3835\" class=\"wp-caption-text\">FIHP 12000 Puffs 2% 5% n\u00edzky obsah nikot\u00ednu jednorazov\u00e1 e-cigareta<\/figcaption><\/figure>\n<\/div>\n<\/div>\n<\/div>\n<\/div>\n<\/div>\n<\/div>\n<\/div>\n<\/div>\n<\/article>\n<\/div>\n<\/div>\n<\/div>\n<\/div>\n<\/div>\n<\/div>\n<\/div>\n<\/div>\n<\/div>\n<\/div>\n<\/article>\n<h3>Pre\u010do si vybra\u0165 Vapestornado pre hromadn\u00fa objedn\u00e1vku FIHP Digital Box 12000 Puff Digital Vape?<\/h3>\n<div class=\"flex-shrink-0 flex flex-col relative items-end\">\n<div class=\"pt-0\">\n<div class=\"gizmo-bot-avatar flex h-8 w-8 items-center justify-center overflow-hidden rounded-full\">\n<div class=\"relative p-1 rounded-sm flex items-center justify-center bg-token-main-surface-primary text-token-text-primary h-8 w-8\">\n<p>Pokia\u013e ide o <strong data-start=\"97\" data-end=\"127\">ve\u013ekoobchodn\u00e9 jednorazov\u00e9 vapy<\/strong>, <strong data-start=\"129\" data-end=\"162\">internetov\u00fd obchod s vape Vapestornado<\/strong> je va\u0161a kone\u010dn\u00e1 destin\u00e1cia! Pon\u00fakame <strong data-start=\"202\" data-end=\"230\">konkuren\u010dn\u00e9 hromadn\u00e9 ceny<\/strong>, \u010do zais\u0165uje, \u017ee z\u00edskate najlep\u0161ie ponuky na FIHP Digital Box 12000 Puffs <strong data-start=\"271\" data-end=\"302\">Vape<\/strong> bez kompromisov v kvalite. S <strong data-start=\"338\" data-end=\"355\">r\u00fdchle doru\u010denie<\/strong>, <strong data-start=\"357\" data-end=\"380\">zabezpe\u010den\u00e9 transakcie<\/strong>a \u0161irok\u00fd v\u00fdber <strong data-start=\"406\" data-end=\"434\">popul\u00e1rnych jednorazov\u00fdch vapov<\/strong>, rob\u00edme hromadn\u00fd n\u00e1kup bezprobl\u00e9mov\u00fdm. Navy\u0161e, n\u00e1\u0161 <strong data-start=\"483\" data-end=\"508\">t\u00edm z\u00e1kazn\u00edckej podpory<\/strong> je v\u017edy pripraven\u00fd pom\u00f4c\u0165 s va\u0161imi ve\u013ekoobchodn\u00fdmi ot\u00e1zkami. \u010ci u\u017e ste maloobchodn\u00edk alebo distrib\u00fator, <strong data-start=\"608\" data-end=\"650\">Vapestornado poskytuje bezkonkuren\u010dn\u00fa hodnotu<\/strong> na vysoko kvalitn\u00e9 <strong data-start=\"667\" data-end=\"708\">nab\u00edjate\u013en\u00e9 vapy s inteligentn\u00fdmi obrazovkami<\/strong>. Objednajte si e\u0161te dnes a z\u00e1sobte sa najnov\u0161\u00edmi <strong data-start=\"749\" data-end=\"782\">dlhotrvaj\u00facimi jednorazov\u00fdmi vapy<\/strong> za najlep\u0161ie ceny!<\/p>\n<\/div>\n<h3><\/h3>\n<div class=\"relative p-1 rounded-sm flex items-center justify-center bg-token-main-surface-primary text-token-text-primary h-8 w-8\">\n<h3>\u010casto kladen\u00e9 ot\u00e1zky pre jednorazov\u00fa e-cigaretu FIHP 12k<\/h3>\n<p data-start=\"2534\" data-end=\"2730\"><strong data-start=\"2534\" data-end=\"2598\">1. Ako dlho vydr\u017e\u00ed FIHP Digital Box 12000 Puffs Vape?<\/strong><br data-start=\"2598\" data-end=\"2601\" \/>S <strong data-start=\"2606\" data-end=\"2633\">12 000 potiahnut\u00ed na jedno zariadenie<\/strong>, t\u00e1to e-cigareta je navrhnut\u00e1 pre dlhodob\u00e9 pou\u017e\u00edvanie. Skuto\u010dn\u00e1 \u017eivotnos\u0165 z\u00e1vis\u00ed od va\u0161ej frekvencie vapovania.<\/p>\n<p data-start=\"2732\" data-end=\"2928\"><strong data-start=\"2732\" data-end=\"2781\">2. Je FIHP 12000 Puffs Vape nab\u00edjate\u013en\u00fd?<\/strong><br data-start=\"2781\" data-end=\"2784\" \/>\u00c1no! Je vybaven\u00fd <strong data-start=\"2803\" data-end=\"2834\">650mAh nab\u00edjate\u013enou bat\u00e9riou<\/strong> a <strong data-start=\"2841\" data-end=\"2865\">nab\u00edjac\u00ed port Type-C<\/strong>, \u010do zais\u0165uje efekt\u00edvnu spr\u00e1vu energie a pred\u013a\u017een\u00fa pou\u017eite\u013enos\u0165.<\/p>\n<p data-start=\"2930\" data-end=\"3100\"><strong data-start=\"2930\" data-end=\"2976\">3. \u010co zobrazuje digit\u00e1lny LED displej?<\/strong><br data-start=\"2976\" data-end=\"2979\" \/>Ahoj! V tejto chv\u00edli ti neviem pom\u00f4c\u0165 s tvojou po\u017eiadavkou. M\u00f4\u017eem ti v\u0161ak pom\u00f4c\u0165 s prekladom akejko\u013evek tvojej po\u017eiadavky. Ak m\u00e1\u0161 z\u00e1ujem, r\u00e1d ti pom\u00f4\u017eem s \u010fal\u0161\u00edmi prekladmi. <strong data-start=\"2983\" data-end=\"2997\">LED displej<\/strong> zobrazuje <strong data-start=\"3007\" data-end=\"3038\">\u017eivotnos\u0165 bat\u00e9rie a po\u010det potiahnut\u00ed<\/strong>, \u010do v\u00e1m pom\u00f4\u017ee ma\u0165 neust\u00e1le preh\u013ead o stave v\u00e1\u0161ho vapa.<\/p>\n<p data-start=\"3102\" data-end=\"3272\"><strong data-start=\"3102\" data-end=\"3147\">4. Ak\u00e9 s\u00fa dostupn\u00e9 sily nikot\u00ednu?<\/strong><br data-start=\"3147\" data-end=\"3150\" \/>FIHP 12000 je dostupn\u00fd v <strong data-start=\"3181\" data-end=\"3227\">2% (n\u00edzky obsah nikot\u00ednu) a 5% (siln\u00fd obsah nikot\u00ednu)<\/strong>, \u010do uspokoj\u00ed r\u00f4zne preferencie pri vapovan\u00ed.<\/p>\n<p data-start=\"3274\" data-end=\"3531\"><strong data-start=\"3274\" data-end=\"3355\">5. Kde m\u00f4\u017eem k\u00fapi\u0165 FIHP Digital Box 12000 Puffs Vape za ve\u013ekoobchodn\u00e9 ceny?<\/strong><br data-start=\"3355\" data-end=\"3358\" \/>Pre <strong data-start=\"3362\" data-end=\"3397\">hromadn\u00e9 objedn\u00e1vky a ve\u013ekoobchodn\u00e9 ponuky<\/strong>, nav\u0161t\u00edvte <strong data-start=\"3405\" data-end=\"3438\">internetov\u00fd obchod s vape Vapestornado<\/strong>, najlep\u0161ie miesto na z\u00edskanie <strong data-start=\"3462\" data-end=\"3506\">cenovo dostupn\u00e9 nab\u00edjate\u013en\u00e9 jednorazov\u00e9 vapy<\/strong> s pr\u00e9miov\u00fdmi funkciami.<\/p>\n<\/div>\n<\/div>\n<\/div>\n<\/div>","protected":false},"excerpt":{"rendered":"<p>FIHP Digital Box 12k 12000 Puff Jednorazov\u00fd vape najlep\u0161ia cena<br \/>\nFIHP Digital Box 12000 Jednorazov\u00fd vape s obrazovkou ve\u013ekoobchod v Po\u013esku<br \/>\nFIHP 12000 Digit\u00e1lny jednorazov\u00fd vape box najlep\u0161ia pr\u00edchu\u0165 na predaj<\/p>\n<p><strong>Pridajte si Amy na whatsapp, aby ste dostali spr\u00e1vnu odpove\u010f a z\u013eavnen\u00fa cenu!<\/strong><\/p>\n<p><img fetchpriority=\"high\" decoding=\"async\" class=\"size-full wp-image-2932\" src=\"https:\/\/vapestornado.com\/wp-content\/uploads\/2024\/12\/Vape-Wholesale.jpg\" alt=\"Ve\u013ekoobchod s vape\" width=\"229\" height=\"300\" \/><\/p>\n<h3><a href=\"https:\/\/wa.me\/8617776015835\"><span style=\"color: #ff0000;\"><strong>WhatsApp: +86 17776015835<\/strong><\/span><\/a><\/h3>\n<p>&nbsp;<\/p>","protected":false},"featured_media":3837,"comment_status":"open","ping_status":"closed","template":"","meta":{"_acf_changed":false,"_uag_custom_page_level_css":"","_lmt_disableupdate":"no","_lmt_disable":"","_monsterinsights_skip_tracking":false,"_monsterinsights_sitenote_active":false,"_monsterinsights_sitenote_note":"","_monsterinsights_sitenote_category":0,"site-sidebar-layout":"default","site-content-layout":"","ast-site-content-layout":"default","site-content-style":"default","site-sidebar-style":"default","ast-global-header-display":"","ast-banner-title-visibility":"","ast-main-header-display":"","ast-hfb-above-header-display":"","ast-hfb-below-header-display":"","ast-hfb-mobile-header-display":"","site-post-title":"","ast-breadcrumbs-content":"","ast-featured-img":"","footer-sml-layout":"","ast-disable-related-posts":"","theme-transparent-header-meta":"default","adv-header-id-meta":"","stick-header-meta":"","header-above-stick-meta":"","header-main-stick-meta":"","header-below-stick-meta":"","astra-migrate-meta-layouts":"set","ast-page-background-enabled":"default","ast-page-background-meta":{"desktop":{"background-color":"","background-image":"","background-repeat":"repeat","background-position":"center center","background-size":"auto","background-attachment":"scroll","background-type":"","background-media":"","overlay-type":"","overlay-color":"","overlay-opacity":"","overlay-gradient":""},"tablet":{"background-color":"","background-image":"","background-repeat":"repeat","background-position":"center center","background-size":"auto","background-attachment":"scroll","background-type":"","background-media":"","overlay-type":"","overlay-color":"","overlay-opacity":"","overlay-gradient":""},"mobile":{"background-color":"","background-image":"","background-repeat":"repeat","background-position":"center center","background-size":"auto","background-attachment":"scroll","background-type":"","background-media":"","overlay-type":"","overlay-color":"","overlay-opacity":"","overlay-gradient":""}},"ast-content-background-meta":{"desktop":{"background-color":"var(--ast-global-color-5)","background-image":"","background-repeat":"repeat","background-position":"center center","background-size":"auto","background-attachment":"scroll","background-type":"","background-media":"","overlay-type":"","overlay-color":"","overlay-opacity":"","overlay-gradient":""},"tablet":{"background-color":"var(--ast-global-color-5)","background-image":"","background-repeat":"repeat","background-position":"center center","background-size":"auto","background-attachment":"scroll","background-type":"","background-media":"","overlay-type":"","overlay-color":"","overlay-opacity":"","overlay-gradient":""},"mobile":{"background-color":"var(--ast-global-color-5)","background-image":"","background-repeat":"repeat","background-position":"center center","background-size":"auto","background-attachment":"scroll","background-type":"","background-media":"","overlay-type":"","overlay-color":"","overlay-opacity":"","overlay-gradient":""}},"_joinchat":{"telephone":"17776015835"}},"product_brand":[],"product_cat":[19,72,153,154,158,144,146,60],"product_tag":[105,257,256,97,94,241,93],"class_list":{"0":"post-3862","1":"product","2":"type-product","3":"status-publish","4":"has-post-thumbnail","6":"product_cat-vapes","7":"product_cat-12000-puff","8":"product_cat-buy-disposable-vapes-in-italy","9":"product_cat-buy-disposable-vapes-in-netherlands","10":"product_cat-buy-disposable-vapes-in-spain","11":"product_cat-low-nicotine-disposable-vapes","12":"product_cat-rechargeable-disposable-vapes","13":"product_cat-waspe-fihp-vape","14":"product_tag-digital-disposable-vape","15":"product_tag-fihp-12000","16":"product_tag-fihp-digital-box-12k","17":"product_tag-hot-sale-disposable-vape","18":"product_tag-rechargeable-disposable-vape","19":"product_tag-smart-screen-disposable-vape","20":"product_tag-vape-wholesale","21":"desktop-align-left","22":"tablet-align-left","23":"mobile-align-left","25":"first","26":"instock","27":"sale","28":"shipping-taxable","29":"purchasable","30":"product-type-simple"},"acf":[],"uagb_featured_image_src":{"full":["https:\/\/vapestornado.com\/wp-content\/uploads\/2025\/03\/FIHP-Digital-Box-12000-Puff-Rechargeable-Vape.webp",800,800,false],"thumbnail":["https:\/\/vapestornado.com\/wp-content\/uploads\/2025\/03\/FIHP-Digital-Box-12000-Puff-Rechargeable-Vape-150x150.webp",150,150,true],"medium":["https:\/\/vapestornado.com\/wp-content\/uploads\/2025\/03\/FIHP-Digital-Box-12000-Puff-Rechargeable-Vape-300x300.webp",300,300,true],"medium_large":["https:\/\/vapestornado.com\/wp-content\/uploads\/2025\/03\/FIHP-Digital-Box-12000-Puff-Rechargeable-Vape-768x768.webp",768,768,true],"large":["https:\/\/vapestornado.com\/wp-content\/uploads\/2025\/03\/FIHP-Digital-Box-12000-Puff-Rechargeable-Vape.webp",800,800,false],"1536x1536":["https:\/\/vapestornado.com\/wp-content\/uploads\/2025\/03\/FIHP-Digital-Box-12000-Puff-Rechargeable-Vape.webp",800,800,false],"2048x2048":["https:\/\/vapestornado.com\/wp-content\/uploads\/2025\/03\/FIHP-Digital-Box-12000-Puff-Rechargeable-Vape.webp",800,800,false],"trp-custom-language-flag":["https:\/\/vapestornado.com\/wp-content\/uploads\/2025\/03\/FIHP-Digital-Box-12000-Puff-Rechargeable-Vape.webp",12,12,false],"woocommerce_thumbnail":["https:\/\/vapestornado.com\/wp-content\/uploads\/2025\/03\/FIHP-Digital-Box-12000-Puff-Rechargeable-Vape-300x300.webp",300,300,true],"woocommerce_single":["https:\/\/vapestornado.com\/wp-content\/uploads\/2025\/03\/FIHP-Digital-Box-12000-Puff-Rechargeable-Vape-600x600.webp",600,600,true],"woocommerce_gallery_thumbnail":["https:\/\/vapestornado.com\/wp-content\/uploads\/2025\/03\/FIHP-Digital-Box-12000-Puff-Rechargeable-Vape-100x100.webp",100,100,true]},"uagb_author_info":{"display_name":"ESAMY","author_link":"https:\/\/vapestornado.com\/sk\/author\/"},"uagb_comment_info":0,"uagb_excerpt":"FIHP Digital Box 12k 12000 Puff Disposable Vape Best Price FIHP Digital Box 12000 Screen Disposable Vape Wholelesale in Poland FIHP 12000 Digital Disposable Vape Box Best Flavor on Sale Add Amy's whatsapp to get right reply and discount price! WhatsApp: +86 17776015835 &nbsp;","_links":{"self":[{"href":"https:\/\/vapestornado.com\/sk\/wp-json\/wp\/v2\/product\/3862","targetHints":{"allow":["GET"]}}],"collection":[{"href":"https:\/\/vapestornado.com\/sk\/wp-json\/wp\/v2\/product"}],"about":[{"href":"https:\/\/vapestornado.com\/sk\/wp-json\/wp\/v2\/types\/product"}],"replies":[{"embeddable":true,"href":"https:\/\/vapestornado.com\/sk\/wp-json\/wp\/v2\/comments?post=3862"}],"wp:featuredmedia":[{"embeddable":true,"href":"https:\/\/vapestornado.com\/sk\/wp-json\/wp\/v2\/media\/3837"}],"wp:attachment":[{"href":"https:\/\/vapestornado.com\/sk\/wp-json\/wp\/v2\/media?parent=3862"}],"wp:term":[{"taxonomy":"product_brand","embeddable":true,"href":"https:\/\/vapestornado.com\/sk\/wp-json\/wp\/v2\/product_brand?post=3862"},{"taxonomy":"product_cat","embeddable":true,"href":"https:\/\/vapestornado.com\/sk\/wp-json\/wp\/v2\/product_cat?post=3862"},{"taxonomy":"product_tag","embeddable":true,"href":"https:\/\/vapestornado.com\/sk\/wp-json\/wp\/v2\/product_tag?post=3862"}],"curies":[{"name":"wp","href":"https:\/\/api.w.org\/{rel}","templated":true}]}}