{"id":3861,"date":"2025-03-16T09:21:11","date_gmt":"2025-03-16T09:21:11","guid":{"rendered":"https:\/\/vapestornado.com\/?post_type=product&#038;p=3861"},"modified":"2025-08-23T10:42:12","modified_gmt":"2025-08-23T10:42:12","slug":"waspe-fihp-30000-puffs-smart-screen-vape-2-5-nicotine-wholesal","status":"publish","type":"product","link":"https:\/\/vapestornado.com\/sk\/product\/waspe-fihp-30000-puffs-smart-screen-vape-2-5-nicotine-wholesal\/","title":{"rendered":"WASPE FIHP 30000 \u0165ahov Inteligentn\u00e1 e-cigareta 2 % 5 % Nikot\u00edn Ve\u013ekoobchod"},"content":{"rendered":"<h1 data-pm-slice=\"1 1 []\">WASPE FIHP 30000 \u0165ahov Inteligentn\u00e1 e-cigareta 2 % 5 % Nikot\u00edn Ve\u013ekoobchod<\/h1>\n<p data-start=\"293\" data-end=\"589\">Ahoj! V tejto chv\u00edli ti neviem pom\u00f4c\u0165 s tvojou po\u017eiadavkou. M\u00f4\u017eem ti v\u0161ak pom\u00f4c\u0165 s prekladom akejko\u013evek tvojej po\u017eiadavky. Ak m\u00e1\u0161 z\u00e1ujem, r\u00e1d ti pom\u00f4\u017eem s \u010fal\u0161\u00edmi prekladmi. <strong data-start=\"297\" data-end=\"341\">WASPE FIHP 30000 \u0164ahov Inteligentn\u00fd Vape s Obrazovkou<\/strong> je ur\u010den\u00fd pre eur\u00f3pskych ve\u013ekoobchodn\u00edkov a maloobchodn\u00edkov, ktor\u00ed h\u013eadaj\u00fa jednorazov\u00e9 zariadenie s mno\u017estvom funkci\u00ed a dlhou \u017eivotnos\u0165ou. S kapacitou a\u017e <strong data-start=\"453\" data-end=\"469\">30 000 \u0165ahov<\/strong>, a <strong data-start=\"473\" data-end=\"495\">28 ml n\u00e1dr\u017eky na e-liquid<\/strong>a <strong data-start=\"501\" data-end=\"530\">technol\u00f3gie du\u00e1lnej mesh \u0161pir\u00e1lky<\/strong>zais\u0165uje konzistentn\u00fa paru a hladk\u00e9 podanie chuti.<\/p>\n<p data-start=\"591\" data-end=\"734\">Poh\u00e1\u0148an\u00fd <strong data-start=\"605\" data-end=\"636\">850mAh dob\u00edjate\u013enou bat\u00e9riou<\/strong> s <strong data-start=\"642\" data-end=\"666\">r\u00fdchleho nab\u00edjania typu C<\/strong>, FIHP 30K minimalizuje prestoje. Pon\u00faka <strong data-start=\"711\" data-end=\"731\">dvoch re\u017eimov vapovania<\/strong>:<\/p>\n<ul data-start=\"735\" data-end=\"875\">\n<li data-start=\"735\" data-end=\"791\">\n<p data-start=\"737\" data-end=\"791\"><strong data-start=\"737\" data-end=\"753\">Norm\u00e1lny re\u017eim<\/strong> pre maxim\u00e1lny po\u010det \u0165ahov (a\u017e 30 000).<\/p>\n<\/li>\n<li data-start=\"792\" data-end=\"875\">\n<p data-start=\"794\" data-end=\"875\"><strong data-start=\"794\" data-end=\"808\">Pulzn\u00fd re\u017eim<\/strong> pre zv\u00fd\u0161en\u00fa hustotu pary a bohat\u0161iu chu\u0165 (pribli\u017ene 15 000 \u0165ahov).<\/p>\n<\/li>\n<\/ul>\n<p data-start=\"877\" data-end=\"1104\">Ahoj! V tejto chv\u00edli ti neviem pom\u00f4c\u0165 s tvojou po\u017eiadavkou. M\u00f4\u017eem ti v\u0161ak pom\u00f4c\u0165 s prekladom akejko\u013evek tvojej po\u017eiadavky. Ak m\u00e1\u0161 z\u00e1ujem, r\u00e1d ti pom\u00f4\u017eem s \u010fal\u0161\u00edmi prekladmi. <strong data-start=\"881\" data-end=\"902\">LED inteligentn\u00fd displej<\/strong> udr\u017eiava pou\u017e\u00edvate\u013eov informovan\u00fdch o v\u00fddr\u017ei bat\u00e9rie, hladin\u00e1ch e-liquidu a nastaveniach re\u017eimu. S <strong data-start=\"981\" data-end=\"1003\">nastavite\u013en\u00fd prietok vzduchu<\/strong>, vaperi si m\u00f4\u017eu vybra\u0165 medzi tesnej\u0161\u00edm \u0165ahom alebo otvorenej\u0161\u00edm vdychovan\u00edm, \u010do vyhovuje r\u00f4znym preferenci\u00e1m.<\/p>\n<p data-start=\"1106\" data-end=\"1387\">Dostupn\u00e9 v <strong data-start=\"1119\" data-end=\"1151\">2% a 5% sil\u00e1ch nikot\u00ednu<\/strong> a <strong data-start=\"1156\" data-end=\"1177\">16 mo\u017enost\u00ed pr\u00edchut\u00ed<\/strong>, <strong data-start=\"1183\" data-end=\"1206\">WASPE FIHP 30K Vape<\/strong> je vhodn\u00fd pre r\u00f4znorod\u00e9 potreby z\u00e1kazn\u00edkov. Pre distrib\u00fatorov, jeho kombin\u00e1cia <strong data-start=\"1284\" data-end=\"1347\">kapacity, inteligentn\u00fdch funkci\u00ed a konkurencieschopn\u00fdch ve\u013ekoobchodn\u00fdch cien<\/strong> z neho rob\u00ed ziskov\u00fa vo\u013ebu v roku 2025.<\/p>\n<p><strong><span style=\"color: #ff0000;\">Pridajte si Amy na WhatsApp, aby ste dostali spr\u00e1vnu odpove\u010f a z\u013eavnen\u00fa cenu!<\/span><\/strong><\/p>\n<p><img fetchpriority=\"high\" decoding=\"async\" class=\"size-full wp-image-2932\" src=\"https:\/\/vapestornado.com\/wp-content\/uploads\/2024\/12\/Vape-Wholesale.jpg\" alt=\"Ve\u013ekoobchod s vape\" width=\"229\" height=\"300\" \/><\/p>\n<h3><a href=\"https:\/\/wa.me\/8617776015835\" target=\"_blank\" rel=\"noopener\"><span style=\"color: #ff0000;\"><strong>WhatsApp: +86 17776015835<\/strong><\/span><\/a><\/h3>\n<p>&nbsp;<\/p>\n<h2><strong>K\u013e\u00fa\u010dov\u00e9 vlastnosti produktu WASPE FIHP 30000 Puffs<\/strong><\/h2>\n<p>\u2022 Vopred naplnen\u00fd 28 ml e-liquid<br \/>\n\u2022 Du\u00e1lny re\u017eim: Be\u017en\u00fd (30000 potiahnut\u00ed vape)<br \/>\n\u2022 Vstavan\u00e1 bat\u00e9ria s kapacitou 850 mAh (dob\u00edjate\u013en\u00e1 cez Type-C)<br \/>\n\u2022 Du\u00e1lne pletivov\u00e9 \u0161pir\u00e1lky (1ohm+1ohm)<br \/>\n\u2022 LED obrazovka pre zobrazenie bat\u00e9rie a e-liquidu<br \/>\n\u2022 Nastavite\u013en\u00fd prietok vzduchu<br \/>\n\u2022 K dispoz\u00edcii 16 pr\u00edchut\u00ed<\/p>\n<figure id=\"attachment_3844\" aria-describedby=\"caption-attachment-3844\" style=\"width: 800px\" class=\"wp-caption alignnone\"><img decoding=\"async\" class=\"wp-image-3844 size-full\" src=\"https:\/\/vapestornado.com\/wp-content\/uploads\/2025\/03\/WASPE-FIHP-30000-Puffs-Rechargeable-Disposable-Vape.jpg\" alt=\"WASPE FIHP 30000 potiahnut\u00ed dob\u00edjate\u013en\u00fd jednorazov\u00fd vape\" width=\"800\" height=\"800\" srcset=\"https:\/\/vapestornado.com\/wp-content\/uploads\/2025\/03\/WASPE-FIHP-30000-Puffs-Rechargeable-Disposable-Vape.jpg 800w, https:\/\/vapestornado.com\/wp-content\/uploads\/2025\/03\/WASPE-FIHP-30000-Puffs-Rechargeable-Disposable-Vape-300x300.jpg 300w, https:\/\/vapestornado.com\/wp-content\/uploads\/2025\/03\/WASPE-FIHP-30000-Puffs-Rechargeable-Disposable-Vape-150x150.jpg 150w, https:\/\/vapestornado.com\/wp-content\/uploads\/2025\/03\/WASPE-FIHP-30000-Puffs-Rechargeable-Disposable-Vape-768x768.jpg 768w, https:\/\/vapestornado.com\/wp-content\/uploads\/2025\/03\/WASPE-FIHP-30000-Puffs-Rechargeable-Disposable-Vape-600x600.jpg 600w, https:\/\/vapestornado.com\/wp-content\/uploads\/2025\/03\/WASPE-FIHP-30000-Puffs-Rechargeable-Disposable-Vape-100x100.jpg 100w\" sizes=\"(max-width: 800px) 100vw, 800px\" \/><figcaption id=\"caption-attachment-3844\" class=\"wp-caption-text\">WASPE FIHP 30000 potiahnut\u00ed dob\u00edjate\u013en\u00fd jednorazov\u00fd vape<\/figcaption><\/figure>\n<h2 class=\"product-title\"><strong>WASPE FIHP 30K potiahnut\u00ed zoznam pr\u00edchut\u00ed inteligentn\u00e9ho vape<\/strong><\/h2>\n<article class=\"group\/turn w-full text-token-text-primary focus-visible:outline-2 focus-visible:outline-offset-[-4px]\" dir=\"auto\" data-testid=\"conversation-turn-61\" data-scroll-anchor=\"true\">\n<div class=\"text-base my-auto mx-auto py-[18px] px-6\">\n<div class=\"mx-auto flex flex-1 text-base gap-4 md:gap-5 lg:gap-6 md:max-w-3xl lg:max-w-[40rem] xl:max-w-[48rem]\">\n<div class=\"group\/conversation-turn relative flex w-full min-w-0 flex-col agent-turn @xs\/thread:px-0 @sm\/thread:px-1.5 @md\/thread:px-4\">\n<div class=\"flex-col gap-1 md:gap-3\">\n<div class=\"flex max-w-full flex-col flex-grow\">\n<div class=\"min-h-8 text-message relative flex w-full flex-col items-end gap-2 whitespace-normal break-words text-start [.text-message+&amp;]:mt-5\" dir=\"auto\" data-message-author-role=\"assistant\" data-message-id=\"762d7e41-70d5-4ddf-94cb-85ef5025d3a8\" data-message-model-slug=\"gpt-4o\">\n<div class=\"flex w-full flex-col gap-1 empty:hidden first:pt-[3px]\">\n<div class=\"markdown prose w-full break-words dark:prose-invert light\">\n<p>1. Mel\u00f3nov\u00fd \u013ead <strong><span style=\"color: #ff0000;\">&gt;&gt;&gt;&gt; Hor\u00face!<\/span><\/strong><br \/>\n2.\u010cere\u0161\u0148ov\u00fd \u013ead<br \/>\n3.Hroznov\u00fd \u013ead<br \/>\n4.Brosky\u0148ov\u00e9 bobu\u013eov\u00e9 ovocie <strong><span style=\"color: #ff0000;\">&gt;&gt;&gt;&gt; Hor\u00face!<\/span><\/strong><br \/>\n5.Jahodov\u00e9 mango<br \/>\n6. Jahoda Kiwi<br \/>\n7.Zmie\u0161an\u00e9 bobu\u013eov\u00e9 ovocie<br \/>\n8. \u010cu\u010doriedkov\u00e1 malina <strong><span style=\"color: #ff0000;\">&gt;&gt;&gt;&gt; Hor\u00face!<\/span><\/strong><br \/>\n9.Jahodov\u00fd mel\u00f3n <strong><span style=\"color: #ff0000;\">&gt;&gt;&gt;&gt; Najlep\u0161ie!<\/span><\/strong><br \/>\n10.Kiwi Mu\u010denka Guava<br \/>\n11.Jahoda Red Bull<br \/>\n12.Vodn\u00fd mel\u00f3n Mango Brosky\u0148a <strong><span style=\"color: #ff0000;\">&gt;&gt;&gt;&gt; Hor\u00face!<\/span><\/strong><br \/>\n13.Dvojit\u00e9 Jablko \u013dad<br \/>\n14.Vodn\u00fd mel\u00f3n \u017duva\u010dka<br \/>\n15.Jahoda Malina \u010cere\u0161\u0148a <strong><span style=\"color: #ff0000;\">&gt;&gt;&gt;&gt; Hor\u00face!<\/span><\/strong><br \/>\n16.\u010cu\u010doriedkov\u00fd \u013dad<\/p>\n<\/div>\n<\/div>\n<\/div>\n<\/div>\n<\/div>\n<\/div>\n<\/div>\n<\/div>\n<\/article>\n<article class=\"w-full text-token-text-primary focus-visible:outline-2 focus-visible:outline-offset-[-4px]\" dir=\"auto\" data-testid=\"conversation-turn-32\" data-scroll-anchor=\"false\">\n<div class=\"m-auto text-base py-[18px] px-6\">\n<div class=\"mx-auto flex flex-1 text-base gap-4 md:gap-5 lg:gap-6 md:max-w-3xl lg:max-w-[40rem] xl:max-w-[48rem]\">\n<div class=\"group\/conversation-turn relative flex w-full min-w-0 flex-col @xs\/thread:px-0 @sm\/thread:px-1.5 @md\/thread:px-4\">\n<div class=\"flex-col gap-1 md:gap-3\">\n<div class=\"flex max-w-full flex-col flex-grow\">\n<div class=\"min-h-8 text-message flex w-full flex-col items-end gap-2 whitespace-normal break-words text-start [.text-message+&amp;]:mt-5\" dir=\"auto\" data-message-author-role=\"user\" data-message-id=\"ffac41ca-1db4-431b-873a-32c4052956f1\">\n<div class=\"flex w-full flex-col gap-1 empty:hidden items-end rtl:items-start\">\n<div class=\"relative max-w-[var(--user-chat-width,70%)] rounded-3xl bg-token-message-surface px-5 py-2.5\">\n<div class=\"absolute bottom-0 right-full top-0 -mr-3.5 hidden pr-5 pt-2 [.group\/conversation-turn:hover_&amp;]:flex\">\n<div class=\"flex\">\n<article class=\"w-full text-token-text-primary focus-visible:outline-2 focus-visible:outline-offset-[-4px]\" dir=\"auto\" data-testid=\"conversation-turn-39\" data-scroll-anchor=\"true\">\n<div class=\"m-auto text-base py-[18px] px-6\">\n<div class=\"mx-auto flex flex-1 text-base gap-4 md:gap-5 lg:gap-6 md:max-w-3xl lg:max-w-[40rem] xl:max-w-[48rem]\">\n<div class=\"group\/conversation-turn relative flex w-full min-w-0 flex-col agent-turn @xs\/thread:px-0 @sm\/thread:px-1.5 @md\/thread:px-4\">\n<div class=\"flex-col gap-1 md:gap-3\">\n<div class=\"flex max-w-full flex-col flex-grow\">\n<div class=\"min-h-8 text-message flex w-full flex-col items-end gap-2 whitespace-normal break-words text-start [.text-message+&amp;]:mt-5\" dir=\"auto\" data-message-author-role=\"assistant\" data-message-id=\"55a23854-ec57-48dd-bd4f-6118f43d6241\" data-message-model-slug=\"gpt-4o\">\n<div class=\"flex w-full flex-col gap-1 empty:hidden first:pt-[3px]\">\n<div class=\"markdown prose w-full break-words dark:prose-invert light\"><\/div>\n<\/div>\n<\/div>\n<\/div>\n<\/div>\n<\/div>\n<\/div>\n<\/div>\n<\/article>\n<\/div>\n<\/div>\n<\/div>\n<\/div>\n<\/div>\n<\/div>\n<\/div>\n<\/div>\n<\/div>\n<\/div>\n<\/article>\n<h2>Pre\u010do si vybra\u0165 vapestornado pre hromadn\u00fa objedn\u00e1vku FIHP 30000 Puffs Smart Vape?<\/h2>\n<div class=\"flex-shrink-0 flex flex-col relative items-end\">\n<div class=\"pt-0\">\n<div class=\"gizmo-bot-avatar flex h-8 w-8 items-center justify-center overflow-hidden rounded-full\">\n<div class=\"relative p-1 rounded-sm flex items-center justify-center bg-token-main-surface-primary text-token-text-primary h-8 w-8\">\n<p>Pokia\u013e ide o <strong data-start=\"97\" data-end=\"127\">ve\u013ekoobchodn\u00e9 jednorazov\u00e9 vapy<\/strong>, <strong data-start=\"129\" data-end=\"162\">internetov\u00fd obchod s vape Vapestornado<\/strong> je va\u0161a kone\u010dn\u00e1 destin\u00e1cia! Pon\u00fakame <strong data-start=\"202\" data-end=\"230\">konkuren\u010dn\u00e9 hromadn\u00e9 ceny<\/strong>, \u010do zaru\u010duje, \u017ee z\u00edskate najlep\u0161ie ponuky na <strong data-start=\"271\" data-end=\"302\">FIHP 30000 Pufov Smart Vape<\/strong> bez kompromisov v kvalite. S <strong data-start=\"338\" data-end=\"355\">r\u00fdchle doru\u010denie<\/strong>, <strong data-start=\"357\" data-end=\"380\">zabezpe\u010den\u00e9 transakcie<\/strong>a \u0161irok\u00fd v\u00fdber <strong data-start=\"406\" data-end=\"434\">popul\u00e1rnych jednorazov\u00fdch vapov<\/strong>, rob\u00edme hromadn\u00fd n\u00e1kup bezprobl\u00e9mov\u00fdm. Navy\u0161e, n\u00e1\u0161 <strong data-start=\"483\" data-end=\"508\">t\u00edm z\u00e1kazn\u00edckej podpory<\/strong> je v\u017edy pripraven\u00fd pom\u00f4c\u0165 s va\u0161imi ve\u013ekoobchodn\u00fdmi ot\u00e1zkami. \u010ci u\u017e ste maloobchodn\u00edk alebo distrib\u00fator, <strong data-start=\"608\" data-end=\"650\">Vapestornado poskytuje bezkonkuren\u010dn\u00fa hodnotu<\/strong> na vysoko kvalitn\u00e9 <strong data-start=\"667\" data-end=\"708\">nab\u00edjate\u013en\u00e9 vapy s inteligentn\u00fdmi obrazovkami<\/strong>. Objednajte si e\u0161te dnes a z\u00e1sobte sa najnov\u0161\u00edmi <strong data-start=\"749\" data-end=\"782\">dlhotrvaj\u00facimi jednorazov\u00fdmi vapy<\/strong> za najlep\u0161ie ceny!<\/p>\n<\/div>\n<h3><\/h3>\n<div class=\"relative p-1 rounded-sm flex items-center justify-center bg-token-main-surface-primary text-token-text-primary h-8 w-8\">\n<h2>\u010casto kladen\u00e9 ot\u00e1zky pre WASPE30000 Puffs Smart Jednorazov\u00fa E-cigaretu<\/h2>\n<p data-start=\"1945\" data-end=\"2182\"><strong data-start=\"1945\" data-end=\"2010\">1. Ako dlho vydr\u017e\u00ed FIHP 30000 Puffs Smart Screen Vape?<\/strong><br data-start=\"2010\" data-end=\"2013\" \/>\u017divotnos\u0165 z\u00e1vis\u00ed od v\u00e1\u0161ho \u0161t\u00fdlu vapovania. V <strong data-start=\"2059\" data-end=\"2075\">Norm\u00e1lny re\u017eim<\/strong>, z\u00edskate a\u017e <strong data-start=\"2091\" data-end=\"2107\">30 000 \u0165ahov<\/strong>, zatia\u013e \u010do <strong data-start=\"2115\" data-end=\"2129\">Pulzn\u00fd re\u017eim<\/strong> poskytuje <strong data-start=\"2139\" data-end=\"2155\">15 000 potiahnut\u00ed<\/strong> so zintenz\u00edvnenou chu\u0165ou.<\/p>\n<p data-start=\"2184\" data-end=\"2353\"><strong data-start=\"2184\" data-end=\"2221\">2. M\u00f4\u017eem nabi\u0165 FIHP 30000?<\/strong><br data-start=\"2221\" data-end=\"2224\" \/>\u00c1no! Tento vape m\u00e1 <strong data-start=\"2251\" data-end=\"2282\">850mAh dob\u00edjate\u013enou bat\u00e9riou<\/strong> a pou\u017e\u00edva <strong data-start=\"2294\" data-end=\"2318\">nab\u00edjac\u00ed port Type-C<\/strong> pre r\u00fdchle a efekt\u00edvne nab\u00edjanie.<\/p>\n<p data-start=\"2355\" data-end=\"2561\"><strong data-start=\"2355\" data-end=\"2402\">3. Ak\u00e1 je v\u00fdhoda inteligentnej obrazovky?<\/strong><br data-start=\"2402\" data-end=\"2405\" \/>Ahoj! V tejto chv\u00edli ti neviem pom\u00f4c\u0165 s tvojou po\u017eiadavkou. M\u00f4\u017eem ti v\u0161ak pom\u00f4c\u0165 s prekladom akejko\u013evek tvojej po\u017eiadavky. Ak m\u00e1\u0161 z\u00e1ujem, r\u00e1d ti pom\u00f4\u017eem s \u010fal\u0161\u00edmi prekladmi. <strong data-start=\"2409\" data-end=\"2430\">LED inteligentn\u00fd displej<\/strong> sleduje va\u0161u <strong data-start=\"2451\" data-end=\"2499\">\u017eivotnos\u0165 bat\u00e9rie, hladinu e-liquidu a po\u010det po\u0165ahov<\/strong>, poskytuj\u00fac \u00fadaje v re\u00e1lnom \u010dase pre bezprobl\u00e9mov\u00e9 vapovanie.<\/p>\n<p data-start=\"2563\" data-end=\"2758\"><strong data-start=\"2563\" data-end=\"2614\">4. M\u00e1 FIHP 30000 nastavite\u013en\u00fd prietok vzduchu?<\/strong><br data-start=\"2614\" data-end=\"2617\" \/>\u00c1no! M\u00f4\u017eete si upravi\u0165 <strong data-start=\"2641\" data-end=\"2660\">nastavenie prietoku vzduchu<\/strong> na dosiahnutie <strong data-start=\"2670\" data-end=\"2696\">pevnej\u0161ieho alebo vo\u013enej\u0161ieho \u0165ahu<\/strong>, \u010d\u00edm si vylep\u0161\u00edte z\u00e1\u017eitok z vapovania pod\u013ea svojich preferenci\u00ed.<\/p>\n<p data-start=\"2760\" data-end=\"2995\"><strong data-start=\"2760\" data-end=\"2818\">5. Kde m\u00f4\u017eem k\u00fapi\u0165 FIHP 30000 za ve\u013ekoobchodn\u00e9 ceny?<\/strong><br data-start=\"2818\" data-end=\"2821\" \/>Pre <strong data-start=\"2825\" data-end=\"2863\">hromadn\u00e9 n\u00e1kupy a ve\u013ekoobchodn\u00e9 ponuky<\/strong>, nav\u0161t\u00edvte <strong data-start=\"2871\" data-end=\"2904\">internetov\u00fd obchod s vape Vapestornado<\/strong> \u2013 v\u00e1\u0161 d\u00f4veryhodn\u00fd zdroj pre <strong data-start=\"2931\" data-end=\"2962\">dostupn\u00e9 jednorazov\u00e9 vapy<\/strong> s <strong data-start=\"2968\" data-end=\"2992\">\u0161pi\u010dkov\u00fd v\u00fdkon<\/strong>.<\/p>\n<\/div>\n<\/div>\n<\/div>\n<\/div>","protected":false},"excerpt":{"rendered":"<p>Ahoj! V tejto chv\u00edli ti neviem pom\u00f4c\u0165 s tvojou po\u017eiadavkou. M\u00f4\u017eem ti v\u0161ak pom\u00f4c\u0165 s prekladom akejko\u013evek tvojej po\u017eiadavky. Ak m\u00e1\u0161 z\u00e1ujem, r\u00e1d ti pom\u00f4\u017eem s \u010fal\u0161\u00edmi prekladmi. <strong data-start=\"1431\" data-end=\"1462\">WASPE FIHP 30000 \u0164ahov Vape<\/strong> pon\u00faka du\u00e1lne re\u017eimy vapovania, inteligentn\u00e9 monitorovanie obrazovky a 28 ml e-liquidu. V\u00fdkonn\u00e1 nab\u00edjate\u013en\u00e1 mo\u017enos\u0165 pre <strong data-start=\"1570\" data-end=\"1606\">ve\u013ekoobchodn\u00e9 trhy s vape v Eur\u00f3pe<\/strong>.<\/p>\n<p><strong>Pridajte si Amy na whatsapp, aby ste dostali spr\u00e1vnu odpove\u010f a z\u013eavnen\u00fa cenu!<\/strong><\/p>\n<p><img fetchpriority=\"high\" decoding=\"async\" class=\"size-full wp-image-2932\" src=\"https:\/\/vapestornado.com\/wp-content\/uploads\/2024\/12\/Vape-Wholesale.jpg\" alt=\"Ve\u013ekoobchod s vape\" width=\"229\" height=\"300\" \/><\/p>\n<h3><a href=\"https:\/\/wa.me\/8617776015835\"><span style=\"color: #ff0000;\"><strong>WhatsApp: +86 17776015835<\/strong><\/span><\/a><\/h3>\n<p>&nbsp;<\/p>","protected":false},"featured_media":3840,"comment_status":"open","ping_status":"closed","template":"","meta":{"_acf_changed":false,"_uag_custom_page_level_css":"","_lmt_disableupdate":"no","_lmt_disable":"","_monsterinsights_skip_tracking":false,"_monsterinsights_sitenote_active":false,"_monsterinsights_sitenote_note":"","_monsterinsights_sitenote_category":0,"site-sidebar-layout":"default","site-content-layout":"","ast-site-content-layout":"default","site-content-style":"default","site-sidebar-style":"default","ast-global-header-display":"","ast-banner-title-visibility":"","ast-main-header-display":"","ast-hfb-above-header-display":"","ast-hfb-below-header-display":"","ast-hfb-mobile-header-display":"","site-post-title":"","ast-breadcrumbs-content":"","ast-featured-img":"","footer-sml-layout":"","ast-disable-related-posts":"","theme-transparent-header-meta":"default","adv-header-id-meta":"","stick-header-meta":"","header-above-stick-meta":"","header-main-stick-meta":"","header-below-stick-meta":"","astra-migrate-meta-layouts":"set","ast-page-background-enabled":"default","ast-page-background-meta":{"desktop":{"background-color":"","background-image":"","background-repeat":"repeat","background-position":"center center","background-size":"auto","background-attachment":"scroll","background-type":"","background-media":"","overlay-type":"","overlay-color":"","overlay-opacity":"","overlay-gradient":""},"tablet":{"background-color":"","background-image":"","background-repeat":"repeat","background-position":"center center","background-size":"auto","background-attachment":"scroll","background-type":"","background-media":"","overlay-type":"","overlay-color":"","overlay-opacity":"","overlay-gradient":""},"mobile":{"background-color":"","background-image":"","background-repeat":"repeat","background-position":"center center","background-size":"auto","background-attachment":"scroll","background-type":"","background-media":"","overlay-type":"","overlay-color":"","overlay-opacity":"","overlay-gradient":""}},"ast-content-background-meta":{"desktop":{"background-color":"var(--ast-global-color-5)","background-image":"","background-repeat":"repeat","background-position":"center center","background-size":"auto","background-attachment":"scroll","background-type":"","background-media":"","overlay-type":"","overlay-color":"","overlay-opacity":"","overlay-gradient":""},"tablet":{"background-color":"var(--ast-global-color-5)","background-image":"","background-repeat":"repeat","background-position":"center center","background-size":"auto","background-attachment":"scroll","background-type":"","background-media":"","overlay-type":"","overlay-color":"","overlay-opacity":"","overlay-gradient":""},"mobile":{"background-color":"var(--ast-global-color-5)","background-image":"","background-repeat":"repeat","background-position":"center center","background-size":"auto","background-attachment":"scroll","background-type":"","background-media":"","overlay-type":"","overlay-color":"","overlay-opacity":"","overlay-gradient":""}},"_joinchat":{"telephone":"17776015835"}},"product_brand":[],"product_cat":[19,67,151,154,142,146,60],"product_tag":[105,97,250,94,241,93,101,255],"class_list":{"0":"post-3861","1":"product","2":"type-product","3":"status-publish","4":"has-post-thumbnail","6":"product_cat-vapes","7":"product_cat-30000-puff","8":"product_cat-buy-disposable-vapes-in-france","9":"product_cat-buy-disposable-vapes-in-netherlands","10":"product_cat-digital-box-disposable-vapes","11":"product_cat-rechargeable-disposable-vapes","12":"product_cat-waspe-fihp-vape","13":"product_tag-digital-disposable-vape","14":"product_tag-hot-sale-disposable-vape","15":"product_tag-puff-30k","16":"product_tag-rechargeable-disposable-vape","17":"product_tag-smart-screen-disposable-vape","18":"product_tag-vape-wholesale","19":"product_tag-waspe-30k","20":"product_tag-waspe-fihp-30000","21":"desktop-align-left","22":"tablet-align-left","23":"mobile-align-left","25":"first","26":"instock","27":"sale","28":"shipping-taxable","29":"purchasable","30":"product-type-simple"},"acf":[],"uagb_featured_image_src":{"full":["https:\/\/vapestornado.com\/wp-content\/uploads\/2025\/03\/Wasp-FIHP-30000-Puffs-Vape-30k-Popular-Flavours.jpg",800,800,false],"thumbnail":["https:\/\/vapestornado.com\/wp-content\/uploads\/2025\/03\/Wasp-FIHP-30000-Puffs-Vape-30k-Popular-Flavours-150x150.jpg",150,150,true],"medium":["https:\/\/vapestornado.com\/wp-content\/uploads\/2025\/03\/Wasp-FIHP-30000-Puffs-Vape-30k-Popular-Flavours-300x300.jpg",300,300,true],"medium_large":["https:\/\/vapestornado.com\/wp-content\/uploads\/2025\/03\/Wasp-FIHP-30000-Puffs-Vape-30k-Popular-Flavours-768x768.jpg",768,768,true],"large":["https:\/\/vapestornado.com\/wp-content\/uploads\/2025\/03\/Wasp-FIHP-30000-Puffs-Vape-30k-Popular-Flavours.jpg",800,800,false],"1536x1536":["https:\/\/vapestornado.com\/wp-content\/uploads\/2025\/03\/Wasp-FIHP-30000-Puffs-Vape-30k-Popular-Flavours.jpg",800,800,false],"2048x2048":["https:\/\/vapestornado.com\/wp-content\/uploads\/2025\/03\/Wasp-FIHP-30000-Puffs-Vape-30k-Popular-Flavours.jpg",800,800,false],"trp-custom-language-flag":["https:\/\/vapestornado.com\/wp-content\/uploads\/2025\/03\/Wasp-FIHP-30000-Puffs-Vape-30k-Popular-Flavours.jpg",12,12,false],"woocommerce_thumbnail":["https:\/\/vapestornado.com\/wp-content\/uploads\/2025\/03\/Wasp-FIHP-30000-Puffs-Vape-30k-Popular-Flavours-300x300.jpg",300,300,true],"woocommerce_single":["https:\/\/vapestornado.com\/wp-content\/uploads\/2025\/03\/Wasp-FIHP-30000-Puffs-Vape-30k-Popular-Flavours-600x600.jpg",600,600,true],"woocommerce_gallery_thumbnail":["https:\/\/vapestornado.com\/wp-content\/uploads\/2025\/03\/Wasp-FIHP-30000-Puffs-Vape-30k-Popular-Flavours-100x100.jpg",100,100,true]},"uagb_author_info":{"display_name":"ESAMY","author_link":"https:\/\/vapestornado.com\/sk\/author\/"},"uagb_comment_info":0,"uagb_excerpt":"The WASPE FIHP 30000 Puffs Vape features dual vaping modes, smart screen monitoring, and 28ml e-liquid. A powerful rechargeable option for wholesale vape markets in Europe. Add Amy's whatsapp to get right reply and discount price! WhatsApp: +86 17776015835 &nbsp;","_links":{"self":[{"href":"https:\/\/vapestornado.com\/sk\/wp-json\/wp\/v2\/product\/3861","targetHints":{"allow":["GET"]}}],"collection":[{"href":"https:\/\/vapestornado.com\/sk\/wp-json\/wp\/v2\/product"}],"about":[{"href":"https:\/\/vapestornado.com\/sk\/wp-json\/wp\/v2\/types\/product"}],"replies":[{"embeddable":true,"href":"https:\/\/vapestornado.com\/sk\/wp-json\/wp\/v2\/comments?post=3861"}],"wp:featuredmedia":[{"embeddable":true,"href":"https:\/\/vapestornado.com\/sk\/wp-json\/wp\/v2\/media\/3840"}],"wp:attachment":[{"href":"https:\/\/vapestornado.com\/sk\/wp-json\/wp\/v2\/media?parent=3861"}],"wp:term":[{"taxonomy":"product_brand","embeddable":true,"href":"https:\/\/vapestornado.com\/sk\/wp-json\/wp\/v2\/product_brand?post=3861"},{"taxonomy":"product_cat","embeddable":true,"href":"https:\/\/vapestornado.com\/sk\/wp-json\/wp\/v2\/product_cat?post=3861"},{"taxonomy":"product_tag","embeddable":true,"href":"https:\/\/vapestornado.com\/sk\/wp-json\/wp\/v2\/product_tag?post=3861"}],"curies":[{"name":"wp","href":"https:\/\/api.w.org\/{rel}","templated":true}]}}