{"id":3859,"date":"2025-03-14T08:36:08","date_gmt":"2025-03-14T08:36:08","guid":{"rendered":"https:\/\/vapestornado.com\/?post_type=product&#038;p=3859"},"modified":"2025-08-23T12:40:31","modified_gmt":"2025-08-23T12:40:31","slug":"vapsolo-galaxy-30000-vapers-30k-puff-disposable-vape-e-cigarette-with-smart-screen","status":"publish","type":"product","link":"https:\/\/vapestornado.com\/sk\/product\/vapsolo-galaxy-30000-vapers-30k-puff-disposable-vape-e-cigarette-with-smart-screen\/","title":{"rendered":"Vapsolo Galaxy 30000 Vapers 30K Jednorazov\u00e1 vape e-cigareta s inteligentnou obrazovkou"},"content":{"rendered":"<h1 data-pm-slice=\"1 1 []\">Vapsolo Galaxy 30000 Vapers 30K Jednorazov\u00e1 vape e-cigareta s inteligentnou obrazovkou<\/h1>\n<p>&nbsp;<\/p>\n<p>Ahoj! V tejto chv\u00edli ti neviem pom\u00f4c\u0165 s tvojou po\u017eiadavkou. M\u00f4\u017eem ti v\u0161ak pom\u00f4c\u0165 s prekladom akejko\u013evek tvojej po\u017eiadavky. Ak m\u00e1\u0161 z\u00e1ujem, r\u00e1d ti pom\u00f4\u017eem s \u010fal\u0161\u00edmi prekladmi. <strong data-start=\"343\" data-end=\"389\">Vapsolo Galaxy 30000 potiahnut\u00ed jednorazov\u00e1 vape<\/strong> nastavuje nov\u00fd \u0161tandard pre pr\u00e9miov\u00e9 e-cigarety, kombinuj\u00fac <strong data-start=\"447\" data-end=\"517\">dlhotrvaj\u00facu kapacitu, inteligentn\u00fa dotykov\u00fa obrazovku a nastavite\u013en\u00fd prietok vzduchu<\/strong> v jednom kompaktnom zariaden\u00ed. Pon\u00faka a\u017e <strong data-start=\"556\" data-end=\"572\">30 000 \u0165ahov<\/strong>, t\u00e1to vape je vyroben\u00e1 pre vaperov, ktor\u00ed chc\u00fa v\u00fddr\u017e aj rozmanitos\u0165 chut\u00ed.<\/p>\n<p>Jeho <strong data-start=\"663\" data-end=\"691\">plnofarebn\u00fd inteligentn\u00fd displej<\/strong> poskytuje preh\u013ead o stave bat\u00e9rie a hladine e-liquidu v re\u00e1lnom \u010dase, zatia\u013e \u010do <strong data-start=\"769\" data-end=\"806\">4-\u00farov\u0148ov\u00fd nastavite\u013en\u00fd syst\u00e9m pr\u00fadenia vzduchu<\/strong> umo\u017e\u0148uje prisp\u00f4soben\u00e9 \u0165ahy \u2013 od tesn\u00fdch MTL po hladk\u00e9 DTL oblaky. Poh\u00e1\u0148an\u00e9 <strong data-start=\"901\" data-end=\"932\">850mAh dob\u00edjate\u013enou bat\u00e9riou<\/strong> s r\u00fdchlym nab\u00edjan\u00edm typu C, Galaxy 30K zais\u0165uje minim\u00e1lne prestoje a maxim\u00e1lne pohodlie.<\/p>\n<p>Obsahuje <strong data-start=\"1044\" data-end=\"1077\">jedine\u010dn\u00e9 farebn\u00e9 prevedenia atramentov\u00e9ho um\u00fdvania<\/strong> pre ka\u017ed\u00fa pr\u00edchu\u0165, t\u00e1to vape nielen dobre funguje, ale aj \u00fa\u017easne vyzer\u00e1. Predplnen\u00e9 s <strong data-start=\"1172\" data-end=\"1192\">pr\u00e9miov\u00fd e-liquid<\/strong> a dostupn\u00e9 v r\u00f4znych sil\u00e1ch nikot\u00ednu, je ur\u010den\u00e9 pre pr\u00edle\u017eitostn\u00fdch pou\u017e\u00edvate\u013eov aj siln\u00fdch vaperov.<\/p>\n<p>Pre maloobchodn\u00edkov a distrib\u00fatorov pon\u00faka Galaxy 30K bezkonkuren\u010dn\u00fa hodnotu pri <strong data-start=\"1371\" data-end=\"1400\">ve\u013ekoobchodn\u00e9 ceny<\/strong>, \u010do z neho rob\u00ed nevyhnutnos\u0165 v ka\u017edom slovenskom vape invent\u00e1ri.<\/p>\n<p><strong><span style=\"color: #ff0000;\">Pridajte si Amy na whatsapp a z\u00edskajte spr\u00e1vnu odpove\u010f a kup\u00f3n na vapy!<\/span><\/strong><\/p>\n<p><img fetchpriority=\"high\" decoding=\"async\" class=\"size-full wp-image-2932\" src=\"https:\/\/vapestornado.com\/wp-content\/uploads\/2024\/12\/Vape-Wholesale.jpg\" alt=\"Ve\u013ekoobchod s vape\" width=\"229\" height=\"300\" \/><\/p>\n<h3><a href=\"https:\/\/wa.me\/8617776015835\" target=\"_blank\" rel=\"noopener\"><span style=\"color: #ff0000;\"><strong>WhatsApp: +86 17776015835<\/strong><\/span><\/a><\/h3>\n<p>&nbsp;<\/p>\n<h2><strong>Vlastnosti produktu Vapsolo Galaxy 30000 Digital Box<\/strong><\/h2>\n<p>Potiahnutia: 30000 potiahnut\u00ed<br \/>\nDu\u00e1lna Mesh \u0161pir\u00e1lka 1,0 ohm<br \/>\nBat\u00e9ria: 850 mAh<br \/>\nE-liquid: 40 ml<br \/>\nNikot\u00edn: 2%\/5% Nikot\u00edn<br \/>\nNab\u00edjanie cez Type-C<br \/>\nObrazovka zobrazuje stav oleja a bat\u00e9rie<\/p>\n<figure id=\"attachment_3854\" aria-describedby=\"caption-attachment-3854\" style=\"width: 800px\" class=\"wp-caption alignnone\"><img decoding=\"async\" class=\"wp-image-3854 size-full\" src=\"https:\/\/vapestornado.com\/wp-content\/uploads\/2025\/03\/Original-Vapsolo-30000-Puffs-Best-Flavor.webp\" alt=\"Origin\u00e1lna Vapsolo 30000 \u0164ahov Najlep\u0161ia Pr\u00edchu\u0165\" width=\"800\" height=\"800\" srcset=\"https:\/\/vapestornado.com\/wp-content\/uploads\/2025\/03\/Original-Vapsolo-30000-Puffs-Best-Flavor.webp 800w, https:\/\/vapestornado.com\/wp-content\/uploads\/2025\/03\/Original-Vapsolo-30000-Puffs-Best-Flavor-300x300.webp 300w, https:\/\/vapestornado.com\/wp-content\/uploads\/2025\/03\/Original-Vapsolo-30000-Puffs-Best-Flavor-150x150.webp 150w, https:\/\/vapestornado.com\/wp-content\/uploads\/2025\/03\/Original-Vapsolo-30000-Puffs-Best-Flavor-768x768.webp 768w, https:\/\/vapestornado.com\/wp-content\/uploads\/2025\/03\/Original-Vapsolo-30000-Puffs-Best-Flavor-600x600.webp 600w, https:\/\/vapestornado.com\/wp-content\/uploads\/2025\/03\/Original-Vapsolo-30000-Puffs-Best-Flavor-100x100.webp 100w\" sizes=\"(max-width: 800px) 100vw, 800px\" \/><figcaption id=\"caption-attachment-3854\" class=\"wp-caption-text\">Origin\u00e1lna Vapsolo 30000 \u0164ahov Najlep\u0161ia Pr\u00edchu\u0165<\/figcaption><\/figure>\n<h2 class=\"product-title\"><strong>Zoznam Pr\u00edchut\u00ed Vapsolo Galaxy 30k<\/strong><\/h2>\n<p>&nbsp;<\/p>\n<p>1.Malinov\u00fd Mel\u00f3n <strong><span style=\"color: #ff0000;\">&gt;&gt;&gt;&gt; Hor\u00face!<\/span><\/strong><\/p>\n<p>2.Modr\u00fd Razz <strong><span style=\"color: #ff0000;\">&gt;&gt;&gt;&gt; Najlep\u0161ie!<\/span><\/strong><\/p>\n<p>3.Anan\u00e1sov\u00fd Kokos<\/p>\n<p>4. Mel\u00f3nov\u00fd \u013ead<\/p>\n<p>5.Citr\u00f3nov\u00e1 Limetka<\/p>\n<p>6.\u010cierne \u013dadov\u00e9 Dra\u010die Ovocie<strong><span style=\"color: #ff0000;\">&gt;&gt;&gt;&gt; Hor\u00face!<\/span><\/strong><\/p>\n<p>7.Citr\u00f3nov\u00e1 Brosky\u0148a<\/p>\n<p>8.Jahodov\u00e1 Malina \u010cere\u0161\u0148ov\u00fd \u013dad <strong><span style=\"color: #ff0000;\">&gt;&gt;&gt;&gt; Hor\u00face!<\/span><\/strong><\/p>\n<p>9.Jahodov\u00e9 Kiwi<\/p>\n<p>10. Jahodov\u00fd Redbull <strong><span style=\"color: #ff0000;\">&gt;&gt;&gt;&gt; Hor\u00face!<\/span><\/strong><\/p>\n<p>11. Jahodov\u00fd ban\u00e1n<\/p>\n<p>12. Trojit\u00fd mel\u00f3n <strong><span style=\"color: #ff0000;\">&gt;&gt;&gt;&gt; Hor\u00face!<\/span><\/strong><\/p>\n<article class=\"w-full text-token-text-primary focus-visible:outline-2 focus-visible:outline-offset-[-4px]\" dir=\"auto\" data-testid=\"conversation-turn-32\" data-scroll-anchor=\"false\">\n<div class=\"m-auto text-base py-[18px] px-6\">\n<div class=\"mx-auto flex flex-1 text-base gap-4 md:gap-5 lg:gap-6 md:max-w-3xl lg:max-w-[40rem] xl:max-w-[48rem]\">\n<div class=\"group\/conversation-turn relative flex w-full min-w-0 flex-col @xs\/thread:px-0 @sm\/thread:px-1.5 @md\/thread:px-4\">\n<div class=\"flex-col gap-1 md:gap-3\">\n<div class=\"flex max-w-full flex-col flex-grow\">\n<div class=\"min-h-8 text-message flex w-full flex-col items-end gap-2 whitespace-normal break-words text-start [.text-message+&amp;]:mt-5\" dir=\"auto\" data-message-author-role=\"user\" data-message-id=\"ffac41ca-1db4-431b-873a-32c4052956f1\">\n<div class=\"flex w-full flex-col gap-1 empty:hidden items-end rtl:items-start\">\n<div class=\"relative max-w-[var(--user-chat-width,70%)] rounded-3xl bg-token-message-surface px-5 py-2.5\">\n<div class=\"absolute bottom-0 right-full top-0 -mr-3.5 hidden pr-5 pt-2 [.group\/conversation-turn:hover_&amp;]:flex\">\n<div class=\"flex\">\n<article class=\"w-full text-token-text-primary focus-visible:outline-2 focus-visible:outline-offset-[-4px]\" dir=\"auto\" data-testid=\"conversation-turn-39\" data-scroll-anchor=\"true\">\n<div class=\"m-auto text-base py-[18px] px-6\">\n<div class=\"mx-auto flex flex-1 text-base gap-4 md:gap-5 lg:gap-6 md:max-w-3xl lg:max-w-[40rem] xl:max-w-[48rem]\">\n<div class=\"group\/conversation-turn relative flex w-full min-w-0 flex-col agent-turn @xs\/thread:px-0 @sm\/thread:px-1.5 @md\/thread:px-4\">\n<div class=\"flex-col gap-1 md:gap-3\">\n<div class=\"flex max-w-full flex-col flex-grow\">\n<div class=\"min-h-8 text-message flex w-full flex-col items-end gap-2 whitespace-normal break-words text-start [.text-message+&amp;]:mt-5\" dir=\"auto\" data-message-author-role=\"assistant\" data-message-id=\"55a23854-ec57-48dd-bd4f-6118f43d6241\" data-message-model-slug=\"gpt-4o\">\n<div class=\"flex w-full flex-col gap-1 empty:hidden first:pt-[3px]\">\n<div class=\"markdown prose w-full break-words dark:prose-invert light\"><\/div>\n<\/div>\n<\/div>\n<\/div>\n<\/div>\n<\/div>\n<\/div>\n<\/div>\n<\/article>\n<\/div>\n<\/div>\n<\/div>\n<\/div>\n<\/div>\n<\/div>\n<\/div>\n<\/div>\n<\/div>\n<\/div>\n<\/article>\n<h2>Pre\u010do si vybra\u0165 vapestornado pre hromadn\u00fd n\u00e1kup Vapsolo Galaxy 30000 Vape?<\/h2>\n<div class=\"flex-shrink-0 flex flex-col relative items-end\">\n<div class=\"pt-0\">\n<div class=\"gizmo-bot-avatar flex h-8 w-8 items-center justify-center overflow-hidden rounded-full\">\n<div class=\"relative p-1 rounded-sm flex items-center justify-center bg-token-main-surface-primary text-token-text-primary h-8 w-8\">\n<p>Vitajte vo vapestornado, va\u0161om d\u00f4veryhodnom online obchode s vape pre pr\u00e9miov\u00e9 jednorazov\u00e9 vapy. S viac ako 5-ro\u010dn\u00fdmi sk\u00fasenos\u0165ami v\u00e1m prin\u00e1\u0161ame popul\u00e1rne zna\u010dky jednorazov\u00fdch vape ako Fumot RandM Vape, Vapme, Bang Vape, Waspe Vape a WGA Vape, at\u010f.<\/p>\n<p>N\u00e1\u0161 sortiment zah\u0155\u0148a hor\u00face predajn\u00e9 jednorazov\u00e9 vapy s dvojitou pr\u00edchu\u0165ou, ako napr\u00edklad <a href=\"https:\/\/vapestornado.com\/sk\/product\/waspe-fihp-36000-36k-puff-twins-flavor-rechargeable-disposable-vape-bulk-buy-at-wholesale-prices\/\">FIHP 36K Puff Twins Pr\u00edchu\u0165<\/a>, <a href=\"https:\/\/vapestornado.com\/sk\/product\/waspe-crystal-40000-puffs-40k-double-flavor-rechargeable-disposable-vapes-cheap-price\/\">WASPE Crystal 40k Dvojit\u00e1 Pr\u00edchu\u0165<\/a> a mo\u017enosti bohat\u00e9 na chu\u0165, ako napr\u00edklad <a href=\"https:\/\/vapestornado.com\/sk\/product\/razzbar-15000-puffs-rechargeable-disposable-vape-bulk-buy-at-cheap-prices\/\">RAZZBAR 15000 Potiahnut\u00ed<\/a>. Ka\u017ed\u00fd produkt je vybran\u00fd so zameran\u00edm na kvalitu, hodnotu a rozmanitos\u0165, \u010do zais\u0165uje, \u017ee n\u00e1jdete presne to, \u010do potrebujete. Objavte v\u00fdnimo\u010dn\u00e9 slu\u017eby a \u0161irok\u00fa \u0161k\u00e1lu \u0161pi\u010dkov\u00fdch produktov za ve\u013ekoobchodn\u00e9 ceny vo vapestornado.<\/p>\n<\/div>\n<h3><\/h3>\n<div class=\"relative p-1 rounded-sm flex items-center justify-center bg-token-main-surface-primary text-token-text-primary h-8 w-8\">\n<h2>\u010cast\u00e9 ot\u00e1zky pre jednorazov\u00fa elektronick\u00fa cigaretu Vapsolo Galaxy 30000<\/h2>\n<\/div>\n<\/div>\n<\/div>\n<\/div>\n<div class=\"flex-shrink-0 flex flex-col relative items-end\">\n<div class=\"pt-0\">\n<div class=\"gizmo-bot-avatar flex h-8 w-8 items-center justify-center overflow-hidden rounded-full\">\n<div class=\"relative p-1 rounded-sm flex items-center justify-center bg-token-main-surface-primary text-token-text-primary h-8 w-8\">\n<div class=\"mb-2 flex gap-3 empty:hidden -ml-2\">\n<ol data-start=\"1890\" data-end=\"2794\">\n<li data-start=\"1890\" data-end=\"2083\">\n<p data-start=\"1893\" data-end=\"1966\"><strong data-start=\"1893\" data-end=\"1964\">Kde m\u00f4\u017eem k\u00fapi\u0165 Vapsolo Galaxy 30000 \u0165ahov za ve\u013ekoobchodn\u00e9 ceny?<\/strong><\/p>\n<ul data-start=\"1970\" data-end=\"2083\">\n<li data-start=\"1970\" data-end=\"2083\">M\u00f4\u017eete z\u00edska\u0165 <strong data-start=\"1984\" data-end=\"2008\">exkluz\u00edvne hromadn\u00e9 ponuky<\/strong> na Vapestornado<strong data-start=\"2012\" data-end=\"2040\">\u00a0online vape shope<\/strong>, d\u00f4veryhodn\u00fd zdroj pre ve\u013ekoobchodn\u00e9 vape.<\/li>\n<\/ul>\n<\/li>\n<li data-start=\"2085\" data-end=\"2278\">\n<p data-start=\"2088\" data-end=\"2125\"><strong data-start=\"2088\" data-end=\"2123\">Ako funguje inteligentn\u00e1 obrazovka?<\/strong><\/p>\n<ul data-start=\"2129\" data-end=\"2278\">\n<li data-start=\"2129\" data-end=\"2278\">Ahoj! V tejto chv\u00edli ti neviem pom\u00f4c\u0165 s tvojou po\u017eiadavkou. M\u00f4\u017eem ti v\u0161ak pom\u00f4c\u0165 s prekladom akejko\u013evek tvojej po\u017eiadavky. Ak m\u00e1\u0161 z\u00e1ujem, r\u00e1d ti pom\u00f4\u017eem s \u010fal\u0161\u00edmi prekladmi. <strong data-start=\"2135\" data-end=\"2164\">inteligentn\u00fd dotykov\u00fd displej<\/strong> poskytuje <strong data-start=\"2174\" data-end=\"2231\">aktu\u00e1lne inform\u00e1cie o v\u00fddr\u017ei bat\u00e9rie a hladine e-liquidu<\/strong>, \u010do v\u00e1m d\u00e1va \u00fapln\u00fa kontrolu nad va\u0161\u00edm vapom.<\/li>\n<\/ul>\n<\/li>\n<li data-start=\"2280\" data-end=\"2442\">\n<p data-start=\"2283\" data-end=\"2324\"><strong data-start=\"2283\" data-end=\"2322\">Je Vapsolo Galaxy nab\u00edjate\u013en\u00fd?<\/strong><\/p>\n<ul data-start=\"2328\" data-end=\"2442\">\n<li data-start=\"2328\" data-end=\"2442\">\u00c1no! The <strong data-start=\"2339\" data-end=\"2357\">850mAh bat\u00e9riu<\/strong> is <strong data-start=\"2361\" data-end=\"2384\">nab\u00edjate\u013en\u00e9 cez Type-C<\/strong>, zais\u0165uje dlhotrvaj\u00faci v\u00fdkon s r\u00fdchlym nab\u00edjan\u00edm.<\/li>\n<\/ul>\n<\/li>\n<li data-start=\"2444\" data-end=\"2614\">\n<p data-start=\"2447\" data-end=\"2491\"><strong data-start=\"2447\" data-end=\"2489\">M\u00f4\u017eem si nastavi\u0165 pr\u00fadenie vzduchu na tomto vape?<\/strong><\/p>\n<ul data-start=\"2495\" data-end=\"2614\">\n<li data-start=\"2495\" data-end=\"2614\">Ur\u010dite! The <strong data-start=\"2513\" data-end=\"2543\">4-\u00farov\u0148ov\u00e9 nastavenie pr\u00fadenia vzduchu<\/strong> v\u00e1m umo\u017e\u0148uje prisp\u00f4sobi\u0165 si \u0165ah pre dokonal\u00fd z\u00e1\u017eitok z vapovania.<\/li>\n<\/ul>\n<\/li>\n<li data-start=\"2616\" data-end=\"2794\">\n<p data-start=\"2619\" data-end=\"2666\"><strong data-start=\"2619\" data-end=\"2664\">Je tento vape k dispoz\u00edcii na hromadn\u00fd n\u00e1kup?<\/strong><\/p>\n<ul data-start=\"2670\" data-end=\"2794\">\n<li data-start=\"2670\" data-end=\"2794\">\u00c1no! The <strong data-start=\"2681\" data-end=\"2711\">Vapsolo Galaxy 30000 \u0164ahov<\/strong> je ide\u00e1lny pre <strong data-start=\"2725\" data-end=\"2745\">ve\u013ekoobchodn\u00fdch kupuj\u00facich<\/strong>, pon\u00faka <strong data-start=\"2756\" data-end=\"2791\">\u0161pi\u010dkov\u00e9 funkcie za n\u00edzke ceny<\/strong>.<\/li>\n<\/ul>\n<\/li>\n<\/ol>\n<h4>Ako objedna\u0165?<\/h4>\n<p><strong>1. Ak\u00e9 sp\u00f4soby platby akceptujete?<\/strong><br \/>\nAkceptujeme prevod IBAN a <span style=\"font-size: 16px;\">Western Union<\/span>\u00a0pre bezpe\u010dn\u00e9 a pohodln\u00e9 transakcie.<\/p>\n<p><strong>2. Ako m\u00f4\u017eem sledova\u0165 svoju objedn\u00e1vku?<\/strong><br \/>\nPo odoslan\u00ed va\u0161ej objedn\u00e1vky <span class=\"selectable-text copyable-text false\">budeme priebe\u017ene aktualizova\u0165 sledovanie n\u00e1kladu, k\u00fdm ho nedostanete<\/span>.<\/p>\n<p><strong>3. Ak\u00fd je odhadovan\u00fd \u010das doru\u010denia?<\/strong><\/p>\n<ul>\n<li>Doru\u010denie z <strong>\u010c\u00ednskych skladov<\/strong> trv\u00e1 pribli\u017ene <strong>7-14 pracovn\u00fdch dn\u00ed<\/strong>.<\/li>\n<li>Doru\u010denie z <strong>Eur\u00f3pskych skladov<\/strong> zvy\u010dajne trv\u00e1 <strong>3-6 pracovn\u00fdch dn\u00ed<\/strong>.<\/li>\n<\/ul>\n<p><strong>4. Ako m\u00f4\u017eem z\u00edska\u0165 r\u00fdchlej\u0161ie doru\u010denie?<\/strong><br \/>\nPre r\u00fdchlej\u0161ie doru\u010denie odpor\u00fa\u010dame objedn\u00e1va\u0165 z n\u00e1\u0161ho <strong>Eur\u00f3pskeho skladu<\/strong>, ktor\u00fd pon\u00faka krat\u0161ie dodacie lehoty.<\/p>\n<p><strong>5. Ako vr\u00e1tim tovar?<\/strong><br \/>\nAk chcete vr\u00e1ti\u0165 tovar, kontaktujte n\u00e1\u0161 t\u00edm z\u00e1kazn\u00edckej podpory pre podrobn\u00e9 pokyny t\u00fdkaj\u00face sa procesu vr\u00e1tenia.<\/p>\n<p><strong>6. Pon\u00fakate medzin\u00e1rodn\u00fa prepravu?<\/strong><br \/>\n\u00c1no, posielame do v\u00e4\u010d\u0161iny kraj\u00edn a zabezpe\u010dujeme <strong>coln\u00e9 odbavenie<\/strong> pre bezprobl\u00e9mov\u00e9 doru\u010denie.<\/p>\n<p><strong>7. \u010co ak dostanem po\u0161koden\u00fd alebo chybn\u00fd produkt?<\/strong><br \/>\nAk je va\u0161a polo\u017eka po\u0161koden\u00e1 alebo chybn\u00e1, kontaktujte z\u00e1kazn\u00edcky servis pre <strong>v\u00fdmenu alebo vr\u00e1tenie pe\u0148az\u00ed<\/strong>.<\/p>\n<p><strong>8. Ako m\u00f4\u017eem kontaktova\u0165 z\u00e1kazn\u00edcky servis?<\/strong><br \/>\nM\u00f4\u017eete n\u00e1s kontaktova\u0165 prostredn\u00edctvom <strong>e-mailu, WhatsApp alebo live chatu<\/strong> na na\u0161ej webovej str\u00e1nke pre ak\u00fako\u013evek pomoc.<\/p>\n<\/div>\n<\/div>\n<\/div>\n<\/div>\n<\/div>","protected":false},"excerpt":{"rendered":"<p>Origin\u00e1lne Vapsolo 30000 \u0164ahov Najlep\u0161ie Vaporiz\u00e9ry s Obrazovkou<br \/>\nVe\u013ekoobchodn\u00e9 Vapsolo Galaxy Vaporiz\u00e9ry 30K \u0164ahov Jednorazov\u00e1 Vape<br \/>\nVapsolo Galaxy 30000 \u0164ahov Inteligentn\u00e9 Jednorazov\u00e9 Vape Ve\u013ekoobchodn\u00e1 Cena<\/p>\n<p><strong>Pridajte si Amy na whatsapp, aby ste dostali spr\u00e1vnu odpove\u010f a z\u013eavnen\u00fa cenu!<\/strong><\/p>\n<p><img fetchpriority=\"high\" decoding=\"async\" class=\"size-full wp-image-2932\" src=\"https:\/\/vapestornado.com\/wp-content\/uploads\/2024\/12\/Vape-Wholesale.jpg\" alt=\"Ve\u013ekoobchod s vape\" width=\"229\" height=\"300\" \/><\/p>\n<h3><a href=\"https:\/\/wa.me\/8617776015835\"><span style=\"color: #ff0000;\"><strong>WhatsApp: +86 17776015835<\/strong><\/span><\/a><\/h3>\n<p>&nbsp;<\/p>","protected":false},"featured_media":3855,"comment_status":"open","ping_status":"closed","template":"","meta":{"_acf_changed":false,"_uag_custom_page_level_css":"","_lmt_disableupdate":"no","_lmt_disable":"","_monsterinsights_skip_tracking":false,"_monsterinsights_sitenote_active":false,"_monsterinsights_sitenote_note":"","_monsterinsights_sitenote_category":0,"site-sidebar-layout":"default","site-content-layout":"","ast-site-content-layout":"default","site-content-style":"default","site-sidebar-style":"default","ast-global-header-display":"","ast-banner-title-visibility":"","ast-main-header-display":"","ast-hfb-above-header-display":"","ast-hfb-below-header-display":"","ast-hfb-mobile-header-display":"","site-post-title":"","ast-breadcrumbs-content":"","ast-featured-img":"","footer-sml-layout":"","ast-disable-related-posts":"","theme-transparent-header-meta":"default","adv-header-id-meta":"","stick-header-meta":"","header-above-stick-meta":"","header-main-stick-meta":"","header-below-stick-meta":"","astra-migrate-meta-layouts":"set","ast-page-background-enabled":"default","ast-page-background-meta":{"desktop":{"background-color":"","background-image":"","background-repeat":"repeat","background-position":"center center","background-size":"auto","background-attachment":"scroll","background-type":"","background-media":"","overlay-type":"","overlay-color":"","overlay-opacity":"","overlay-gradient":""},"tablet":{"background-color":"","background-image":"","background-repeat":"repeat","background-position":"center center","background-size":"auto","background-attachment":"scroll","background-type":"","background-media":"","overlay-type":"","overlay-color":"","overlay-opacity":"","overlay-gradient":""},"mobile":{"background-color":"","background-image":"","background-repeat":"repeat","background-position":"center center","background-size":"auto","background-attachment":"scroll","background-type":"","background-media":"","overlay-type":"","overlay-color":"","overlay-opacity":"","overlay-gradient":""}},"ast-content-background-meta":{"desktop":{"background-color":"var(--ast-global-color-5)","background-image":"","background-repeat":"repeat","background-position":"center center","background-size":"auto","background-attachment":"scroll","background-type":"","background-media":"","overlay-type":"","overlay-color":"","overlay-opacity":"","overlay-gradient":""},"tablet":{"background-color":"var(--ast-global-color-5)","background-image":"","background-repeat":"repeat","background-position":"center center","background-size":"auto","background-attachment":"scroll","background-type":"","background-media":"","overlay-type":"","overlay-color":"","overlay-opacity":"","overlay-gradient":""},"mobile":{"background-color":"var(--ast-global-color-5)","background-image":"","background-repeat":"repeat","background-position":"center center","background-size":"auto","background-attachment":"scroll","background-type":"","background-media":"","overlay-type":"","overlay-color":"","overlay-opacity":"","overlay-gradient":""}},"_joinchat":{"telephone":"17776015835"}},"product_brand":[],"product_cat":[19,67,149,158,143,146,171],"product_tag":[105,97,250,94,241,93,249],"class_list":{"0":"post-3859","1":"product","2":"type-product","3":"status-publish","4":"has-post-thumbnail","6":"product_cat-vapes","7":"product_cat-30000-puff","8":"product_cat-buy-disposable-vapes-in-austria","9":"product_cat-buy-disposable-vapes-in-spain","10":"product_cat-dual-mesh-disposable-vapes","11":"product_cat-rechargeable-disposable-vapes","12":"product_cat-vapsolo-disposable-vapes","13":"product_tag-digital-disposable-vape","14":"product_tag-hot-sale-disposable-vape","15":"product_tag-puff-30k","16":"product_tag-rechargeable-disposable-vape","17":"product_tag-smart-screen-disposable-vape","18":"product_tag-vape-wholesale","19":"product_tag-vapsolo-galaxy-30000","20":"desktop-align-left","21":"tablet-align-left","22":"mobile-align-left","24":"first","25":"instock","26":"sale","27":"shipping-taxable","28":"purchasable","29":"product-type-simple"},"acf":[],"uagb_featured_image_src":{"full":["https:\/\/vapestornado.com\/wp-content\/uploads\/2025\/03\/Vapsolo-Galaxy-30k-30000-Puffs-Disposable-Vape.webp",800,800,false],"thumbnail":["https:\/\/vapestornado.com\/wp-content\/uploads\/2025\/03\/Vapsolo-Galaxy-30k-30000-Puffs-Disposable-Vape-150x150.webp",150,150,true],"medium":["https:\/\/vapestornado.com\/wp-content\/uploads\/2025\/03\/Vapsolo-Galaxy-30k-30000-Puffs-Disposable-Vape-300x300.webp",300,300,true],"medium_large":["https:\/\/vapestornado.com\/wp-content\/uploads\/2025\/03\/Vapsolo-Galaxy-30k-30000-Puffs-Disposable-Vape-768x768.webp",768,768,true],"large":["https:\/\/vapestornado.com\/wp-content\/uploads\/2025\/03\/Vapsolo-Galaxy-30k-30000-Puffs-Disposable-Vape.webp",800,800,false],"1536x1536":["https:\/\/vapestornado.com\/wp-content\/uploads\/2025\/03\/Vapsolo-Galaxy-30k-30000-Puffs-Disposable-Vape.webp",800,800,false],"2048x2048":["https:\/\/vapestornado.com\/wp-content\/uploads\/2025\/03\/Vapsolo-Galaxy-30k-30000-Puffs-Disposable-Vape.webp",800,800,false],"trp-custom-language-flag":["https:\/\/vapestornado.com\/wp-content\/uploads\/2025\/03\/Vapsolo-Galaxy-30k-30000-Puffs-Disposable-Vape.webp",12,12,false],"woocommerce_thumbnail":["https:\/\/vapestornado.com\/wp-content\/uploads\/2025\/03\/Vapsolo-Galaxy-30k-30000-Puffs-Disposable-Vape-300x300.webp",300,300,true],"woocommerce_single":["https:\/\/vapestornado.com\/wp-content\/uploads\/2025\/03\/Vapsolo-Galaxy-30k-30000-Puffs-Disposable-Vape-600x600.webp",600,600,true],"woocommerce_gallery_thumbnail":["https:\/\/vapestornado.com\/wp-content\/uploads\/2025\/03\/Vapsolo-Galaxy-30k-30000-Puffs-Disposable-Vape-100x100.webp",100,100,true]},"uagb_author_info":{"display_name":"ESAMY","author_link":"https:\/\/vapestornado.com\/sk\/author\/"},"uagb_comment_info":0,"uagb_excerpt":"Original Vapsolo 30000 Puffs Best Screen Vaporizers Vape Factory Wholesale Vapsolo Galaxy Vapers 30K Puff Disposable Vape Vapsolo Galaxy 30000 Puff Smart Disposables Vape Bulk Price Add Amy's whatsapp to get right reply and discount price! WhatsApp: +86 17776015835 &nbsp;","_links":{"self":[{"href":"https:\/\/vapestornado.com\/sk\/wp-json\/wp\/v2\/product\/3859","targetHints":{"allow":["GET"]}}],"collection":[{"href":"https:\/\/vapestornado.com\/sk\/wp-json\/wp\/v2\/product"}],"about":[{"href":"https:\/\/vapestornado.com\/sk\/wp-json\/wp\/v2\/types\/product"}],"replies":[{"embeddable":true,"href":"https:\/\/vapestornado.com\/sk\/wp-json\/wp\/v2\/comments?post=3859"}],"wp:featuredmedia":[{"embeddable":true,"href":"https:\/\/vapestornado.com\/sk\/wp-json\/wp\/v2\/media\/3855"}],"wp:attachment":[{"href":"https:\/\/vapestornado.com\/sk\/wp-json\/wp\/v2\/media?parent=3859"}],"wp:term":[{"taxonomy":"product_brand","embeddable":true,"href":"https:\/\/vapestornado.com\/sk\/wp-json\/wp\/v2\/product_brand?post=3859"},{"taxonomy":"product_cat","embeddable":true,"href":"https:\/\/vapestornado.com\/sk\/wp-json\/wp\/v2\/product_cat?post=3859"},{"taxonomy":"product_tag","embeddable":true,"href":"https:\/\/vapestornado.com\/sk\/wp-json\/wp\/v2\/product_tag?post=3859"}],"curies":[{"name":"wp","href":"https:\/\/api.w.org\/{rel}","templated":true}]}}