{"id":3796,"date":"2025-02-19T07:21:03","date_gmt":"2025-02-19T07:21:03","guid":{"rendered":"https:\/\/vapestornado.com\/?post_type=product&#038;p=3796"},"modified":"2025-08-23T09:18:00","modified_gmt":"2025-08-23T09:18:00","slug":"waspe-12000-digital-box-12k-puff-vapes-disposable-wholesale-price","status":"publish","type":"product","link":"https:\/\/vapestornado.com\/sk\/product\/waspe-12000-digital-box-12k-puff-vapes-disposable-wholesale-price\/","title":{"rendered":"Waspe 12000 Digital Box 12k \u0164ahov Vape Jednorazov\u00e9 Ve\u013ekoobchodn\u00e9 Ceny"},"content":{"rendered":"<h1 data-pm-slice=\"1 1 []\">Waspe 12000 Digital Box 12k \u0164ahov Vape Jednorazov\u00e9 Ve\u013ekoobchodn\u00e9 Ceny<del><br \/>\n<\/del><\/h1>\n<p data-start=\"235\" data-end=\"489\">Ahoj! V tejto chv\u00edli ti neviem pom\u00f4c\u0165 s tvojou po\u017eiadavkou. M\u00f4\u017eem ti v\u0161ak pom\u00f4c\u0165 s prekladom akejko\u013evek tvojej po\u017eiadavky. Ak m\u00e1\u0161 z\u00e1ujem, r\u00e1d ti pom\u00f4\u017eem s \u010fal\u0161\u00edmi prekladmi. <strong data-start=\"239\" data-end=\"282\">Waspe 12000 Digital Box Jednorazov\u00e1 Vape<\/strong> kombinuje kapacitu, v\u00fdkon a pohodlie v jednom elegantnom zariaden\u00ed. S a\u017e <strong data-start=\"363\" data-end=\"379\">12 000 \u0165ahov<\/strong> a <strong data-start=\"386\" data-end=\"408\">25 ml e-liquidu v n\u00e1dr\u017eke<\/strong>\u0165ahmi poskytuje dlhotrvaj\u00face sedenia, ktor\u00e9 oslovia pr\u00edle\u017eitostn\u00fdch aj n\u00e1ro\u010dn\u00fdch pou\u017e\u00edvate\u013eov.<\/p>\n<p data-start=\"491\" data-end=\"721\">Vybaven\u00e9 <strong data-start=\"508\" data-end=\"538\">integrovan\u00e9mu digit\u00e1lnemu displeju<\/strong>pou\u017e\u00edvatelia m\u00f4\u017eu jednoducho sledova\u0165 po\u010det \u0165ahov a \u017eivotnos\u0165 bat\u00e9rie v re\u00e1lnom \u010dase. Funkcia <strong data-start=\"611\" data-end=\"642\">650mAh nab\u00edjate\u013enou bat\u00e9riou<\/strong> s <strong data-start=\"648\" data-end=\"672\">r\u00fdchleho nab\u00edjania typu C<\/strong> zais\u0165uje efekt\u00edvne vyu\u017eitie bez zbyto\u010dn\u00e9ho plytvania e-liquidom.<\/p>\n<p data-start=\"723\" data-end=\"948\">Pou\u017eit\u00edm <strong data-start=\"729\" data-end=\"758\">technol\u00f3gie du\u00e1lnej mesh \u0161pir\u00e1lky<\/strong>poskytuje Waspe 12K hladk\u00fa produkciu pary a bohat\u00fa chu\u0165 v \u0161irokom v\u00fdbere zmes\u00ed. Dostupn\u00e9 v \u00farovniach nikot\u00ednu <strong data-start=\"890\" data-end=\"908\">0%, 2% a 5%<\/strong>, uspokojuje v\u0161etky preferencie vapingu.<\/p>\n<p data-start=\"950\" data-end=\"1150\">Pre ve\u013ekoobchodn\u00edkov a maloobchodn\u00edkov <strong data-start=\"985\" data-end=\"1017\">Waspe 12000 Digit\u00e1lna krabica Vaporiz\u00e9r<\/strong> pon\u00faka siln\u00fd potenci\u00e1l \u010fal\u0161ieho predaja v\u010faka kombin\u00e1cii vysok\u00e9ho po\u010dtu \u0165ahov, pokro\u010dil\u00fdch funkci\u00ed a konkurencieschopn\u00fdch ve\u013ekoobchodn\u00fdch cien.<\/p>\n<p><strong><span style=\"color: #ff0000;\">Pridajte si Amy na whatsapp a z\u00edskajte spr\u00e1vnu odpove\u010f a kup\u00f3n na vapy!<\/span><\/strong><\/p>\n<p><img fetchpriority=\"high\" decoding=\"async\" class=\"size-full wp-image-2932\" src=\"https:\/\/vapestornado.com\/wp-content\/uploads\/2024\/12\/Vape-Wholesale.jpg\" alt=\"Ve\u013ekoobchod s vape\" width=\"229\" height=\"300\" \/><\/p>\n<h3><a href=\"https:\/\/wa.me\/8617776015835\" target=\"_blank\" rel=\"noopener\"><span style=\"color: #ff0000;\"><strong>WhatsApp: +86 17776015835<\/strong><\/span><\/a><\/h3>\n<p>&nbsp;<\/p>\n<h2><strong>Waspe 12000 Digital Box 12k Vlastnosti produktu<\/strong><\/h2>\n<p>Potiahnutie: 12 000 potiahnut\u00ed<br \/>\nDu\u00e1lna Mesh \u0161pir\u00e1lka 1,0 ohm<br \/>\nBat\u00e9ria: A650mAh<br \/>\nE-liquid: 20ml<br \/>\nNikot\u00edn: 2%\/5% Nikot\u00edn<br \/>\nNab\u00edjanie cez Type-C<br \/>\nObrazovka zobrazuje stav oleja a bat\u00e9rie<\/p>\n<h2 class=\"product-title\"><strong>Waspe Digital Box 12k Zoznam pr\u00edchut\u00ed<\/strong><\/h2>\n<p>1 Mel\u00f3nov\u00fd \u013ead<strong> <span style=\"color: #ff0000;\">&gt;&gt;&gt;&gt; Hor\u00face!<\/span><\/strong><br \/>\n2 Modr\u00fd malinov\u00fd \u013ead <strong><span style=\"color: #ff0000;\">&gt;&gt;&gt;&gt; Hor\u00face!<\/span><\/strong><br \/>\n3 Hroznov\u00fd \u013ead<br \/>\n4 Jahodov\u00fd mel\u00f3n <strong><span style=\"color: #ff0000;\">&gt;&gt;&gt;&gt; Hor\u00face!<\/span><\/strong><br \/>\n5 Zmie\u0161an\u00e9 bobule <strong><span style=\"color: #ff0000;\">&gt;&gt;&gt;&gt; Najlep\u0161ie!<\/span><\/strong><br \/>\n6 Jahodov\u00e9 \u0161i\u0161ky<br \/>\n7 \u010cu\u010doriedkov\u00e1 malina <strong><span style=\"color: #ff0000;\">&gt;&gt;&gt;&gt; Hor\u00face!<\/span><\/strong><br \/>\n8 Jahodov\u00e1 malina \u010dere\u0161\u0148a <strong><span style=\"color: #ff0000;\">&gt;&gt;&gt;&gt; Hor\u00face!<\/span><\/strong><br \/>\n9 Mel\u00f3nov\u00e9 mango brosky\u0148a<br \/>\n10 \u0160\u0165ava z hru\u0161iek s \u010derven\u00fdm v\u00ednom<\/p>\n<article class=\"w-full text-token-text-primary focus-visible:outline-2 focus-visible:outline-offset-[-4px]\" dir=\"auto\" data-testid=\"conversation-turn-32\" data-scroll-anchor=\"false\">\n<div class=\"m-auto text-base py-[18px] px-6\">\n<div class=\"mx-auto flex flex-1 text-base gap-4 md:gap-5 lg:gap-6 md:max-w-3xl lg:max-w-[40rem] xl:max-w-[48rem]\">\n<div class=\"group\/conversation-turn relative flex w-full min-w-0 flex-col @xs\/thread:px-0 @sm\/thread:px-1.5 @md\/thread:px-4\">\n<div class=\"flex-col gap-1 md:gap-3\">\n<div class=\"flex max-w-full flex-col flex-grow\">\n<div class=\"min-h-8 text-message flex w-full flex-col items-end gap-2 whitespace-normal break-words text-start [.text-message+&amp;]:mt-5\" dir=\"auto\" data-message-author-role=\"user\" data-message-id=\"ffac41ca-1db4-431b-873a-32c4052956f1\">\n<div class=\"flex w-full flex-col gap-1 empty:hidden items-end rtl:items-start\">\n<div class=\"relative max-w-[var(--user-chat-width,70%)] rounded-3xl bg-token-message-surface px-5 py-2.5\">\n<div class=\"absolute bottom-0 right-full top-0 -mr-3.5 hidden pr-5 pt-2 [.group\/conversation-turn:hover_&amp;]:flex\">\n<div class=\"flex\">\n<article class=\"w-full text-token-text-primary focus-visible:outline-2 focus-visible:outline-offset-[-4px]\" dir=\"auto\" data-testid=\"conversation-turn-39\" data-scroll-anchor=\"true\">\n<div class=\"m-auto text-base py-[18px] px-6\">\n<div class=\"mx-auto flex flex-1 text-base gap-4 md:gap-5 lg:gap-6 md:max-w-3xl lg:max-w-[40rem] xl:max-w-[48rem]\">\n<div class=\"group\/conversation-turn relative flex w-full min-w-0 flex-col agent-turn @xs\/thread:px-0 @sm\/thread:px-1.5 @md\/thread:px-4\">\n<div class=\"flex-col gap-1 md:gap-3\">\n<div class=\"flex max-w-full flex-col flex-grow\">\n<div class=\"min-h-8 text-message flex w-full flex-col items-end gap-2 whitespace-normal break-words text-start [.text-message+&amp;]:mt-5\" dir=\"auto\" data-message-author-role=\"assistant\" data-message-id=\"55a23854-ec57-48dd-bd4f-6118f43d6241\" data-message-model-slug=\"gpt-4o\">\n<div class=\"flex w-full flex-col gap-1 empty:hidden first:pt-[3px]\">\n<div class=\"markdown prose w-full break-words dark:prose-invert light\">\n<figure id=\"attachment_3816\" aria-describedby=\"caption-attachment-3816\" style=\"width: 800px\" class=\"wp-caption alignnone\"><img decoding=\"async\" class=\"wp-image-3816 size-full\" src=\"https:\/\/vapestornado.com\/wp-content\/uploads\/2025\/03\/Waspe-12k-Puffs-Digital-Box.webp\" alt=\"Digit\u00e1lna \u0161katu\u013eka Waspe 12k Puffs\" width=\"800\" height=\"800\" srcset=\"https:\/\/vapestornado.com\/wp-content\/uploads\/2025\/03\/Waspe-12k-Puffs-Digital-Box.webp 800w, https:\/\/vapestornado.com\/wp-content\/uploads\/2025\/03\/Waspe-12k-Puffs-Digital-Box-300x300.webp 300w, https:\/\/vapestornado.com\/wp-content\/uploads\/2025\/03\/Waspe-12k-Puffs-Digital-Box-150x150.webp 150w, https:\/\/vapestornado.com\/wp-content\/uploads\/2025\/03\/Waspe-12k-Puffs-Digital-Box-768x768.webp 768w, https:\/\/vapestornado.com\/wp-content\/uploads\/2025\/03\/Waspe-12k-Puffs-Digital-Box-600x600.webp 600w, https:\/\/vapestornado.com\/wp-content\/uploads\/2025\/03\/Waspe-12k-Puffs-Digital-Box-100x100.webp 100w\" sizes=\"(max-width: 800px) 100vw, 800px\" \/><figcaption id=\"caption-attachment-3816\" class=\"wp-caption-text\">Digit\u00e1lna \u0161katu\u013eka Waspe 12k Puffs<\/figcaption><\/figure>\n<\/div>\n<\/div>\n<\/div>\n<\/div>\n<\/div>\n<\/div>\n<\/div>\n<\/div>\n<\/article>\n<\/div>\n<\/div>\n<\/div>\n<\/div>\n<\/div>\n<\/div>\n<\/div>\n<\/div>\n<\/div>\n<\/div>\n<\/article>\n<h3>Pre\u010do si vybra\u0165 vapestornado pre ve\u013ekoobchod s jednorazov\u00fdmi vape Waspe Digital Box 12000 Puff?<\/h3>\n<div class=\"flex-shrink-0 flex flex-col relative items-end\">\n<div class=\"pt-0\">\n<div class=\"gizmo-bot-avatar flex h-8 w-8 items-center justify-center overflow-hidden rounded-full\">\n<div class=\"relative p-1 rounded-sm flex items-center justify-center bg-token-main-surface-primary text-token-text-primary h-8 w-8\">\n<p>Vitajte vo vapestornado, va\u0161om d\u00f4veryhodnom online obchode s vape pre pr\u00e9miov\u00e9 jednorazov\u00e9 vapy. S viac ako 5-ro\u010dn\u00fdmi sk\u00fasenos\u0165ami v\u00e1m prin\u00e1\u0161ame popul\u00e1rne zna\u010dky jednorazov\u00fdch vape ako Fumot RandM Vape, Vapme, Bang Vape, Waspe Vape a WGA Vape, at\u010f.<\/p>\n<p>N\u00e1\u0161 sortiment zah\u0155\u0148a hor\u00face predajn\u00e9 jednorazov\u00e9 vapy s dvojitou pr\u00edchu\u0165ou, ako napr\u00edklad <a href=\"https:\/\/vapestornado.com\/sk\/product\/waspe-fihp-36000-36k-puff-twins-flavor-rechargeable-disposable-vape-bulk-buy-at-wholesale-prices\/\">FIHP 36K Puff Twins Pr\u00edchu\u0165<\/a>, <a href=\"https:\/\/vapestornado.com\/sk\/product\/waspe-crystal-40000-puffs-40k-double-flavor-rechargeable-disposable-vapes-cheap-price\/\">WASPE Crystal 40k Dvojit\u00e1 Pr\u00edchu\u0165<\/a> a mo\u017enosti bohat\u00e9 na chu\u0165, ako napr\u00edklad <a href=\"https:\/\/vapestornado.com\/sk\/product\/razzbar-15000-puffs-rechargeable-disposable-vape-bulk-buy-at-cheap-prices\/\">RAZZBAR 15000 Potiahnut\u00ed<\/a>. Ka\u017ed\u00fd produkt je vybran\u00fd so zameran\u00edm na kvalitu, hodnotu a rozmanitos\u0165, \u010do zais\u0165uje, \u017ee n\u00e1jdete presne to, \u010do potrebujete. Objavte v\u00fdnimo\u010dn\u00e9 slu\u017eby a \u0161irok\u00fa \u0161k\u00e1lu \u0161pi\u010dkov\u00fdch produktov za ve\u013ekoobchodn\u00e9 ceny vo vapestornado.<\/p>\n<\/div>\n<h3><\/h3>\n<div class=\"relative p-1 rounded-sm flex items-center justify-center bg-token-main-surface-primary text-token-text-primary h-8 w-8\">\n<h3>\u010cast\u00e9 ot\u00e1zky o jednorazovej vape Waspe 12000 Puffs<\/h3>\n<\/div>\n<\/div>\n<\/div>\n<\/div>\n<div class=\"flex-shrink-0 flex flex-col relative items-end\">\n<div class=\"pt-0\">\n<div class=\"gizmo-bot-avatar flex h-8 w-8 items-center justify-center overflow-hidden rounded-full\">\n<div class=\"relative p-1 rounded-sm flex items-center justify-center bg-token-main-surface-primary text-token-text-primary h-8 w-8\">\n<div class=\"mb-2 flex gap-3 empty:hidden -ml-2\">\n<p data-pm-slice=\"1 1 []\"><strong>1. Ako dlho vydr\u017e\u00ed Waspe 12000?<\/strong><\/p>\n<p data-pm-slice=\"1 1 []\">Waspe 12000 poskytuje <strong>a\u017e 12 000 potiahnut\u00ed<\/strong>, v\u010faka \u010domu je jedn\u00fdm z najdlh\u0161ie trvaj\u00facich jednorazov\u00fdch vapov na trhu. S jeho <strong>nab\u00edjate\u013enou bat\u00e9riou<\/strong>si m\u00f4\u017eete vychutna\u0165 nepreru\u0161ovan\u00e9 vapovanie po dlh\u0161iu dobu.<\/p>\n<p><strong>2. M\u00e1 Waspe 12000 digit\u00e1lny displej?<\/strong><\/p>\n<p>\u00c1no! Vstavan\u00fd <strong>digit\u00e1lny displej<\/strong> v\u00e1m umo\u017e\u0148uje sledova\u0165 v\u00fddr\u017e bat\u00e9rie a po\u010det potiahnut\u00ed v re\u00e1lnom \u010dase, \u010do pon\u00faka bezprobl\u00e9mov\u00e9 vapovanie.<\/p>\n<p><strong>3. Ak\u00e9 pr\u00edchute s\u00fa k dispoz\u00edcii pre Waspe 12000?<\/strong><\/p>\n<p>T\u00e1to vape sa dod\u00e1va v <strong>\u0161irokej \u0161k\u00e1le pr\u00edchut\u00ed<\/strong>, vr\u00e1tane ovocn\u00fdch, mentolov\u00fdch a klasick\u00fdch tabakov\u00fdch mo\u017enost\u00ed. N\u00e1jdete tu nie\u010do pre ka\u017ed\u00fa chu\u0165!<\/p>\n<p><strong>4. Je Waspe 12000 nab\u00edjate\u013en\u00fd?<\/strong><\/p>\n<p>Absol\u00fatne! Waspe 12000 je vybaven\u00fd <strong>r\u00fdchleho nab\u00edjania typu C<\/strong> portom, tak\u017ee ho m\u00f4\u017eete r\u00fdchlo nabi\u0165 a pokra\u010dova\u0165 vo vapovan\u00ed bez dlh\u00e9ho \u010dakania.<\/p>\n<p><strong>5. Kde m\u00f4\u017eem k\u00fapi\u0165 Waspe 12000 za ve\u013ekoobchodn\u00e9 ceny?<\/strong><\/p>\n<p>Pre najlep\u0161ie <strong>ve\u013ekoobchodn\u00e9 ceny<\/strong>, pozrite si <strong>internetov\u00fd obchod s vape Vapestornado<\/strong>, v\u00e1\u0161 d\u00f4veryhodn\u00fd zdroj pre <strong>lacn\u00e9 jednorazov\u00e9 vapy<\/strong> a hromadn\u00e9 n\u00e1kupy.<\/p>\n<h4>Ako objedna\u0165?<\/h4>\n<p><strong>1. Ak\u00e9 sp\u00f4soby platby akceptujete?<\/strong><br \/>\nAkceptujeme prevod IBAN a <span style=\"font-size: 16px;\">Western Union<\/span>\u00a0pre bezpe\u010dn\u00e9 a pohodln\u00e9 transakcie.<\/p>\n<p><strong>2. Ako m\u00f4\u017eem sledova\u0165 svoju objedn\u00e1vku?<\/strong><br \/>\nPo odoslan\u00ed va\u0161ej objedn\u00e1vky <span class=\"selectable-text copyable-text false\">budeme priebe\u017ene aktualizova\u0165 sledovanie n\u00e1kladu, k\u00fdm ho nedostanete<\/span>.<\/p>\n<p><strong>3. Ak\u00fd je odhadovan\u00fd \u010das doru\u010denia?<\/strong><\/p>\n<ul>\n<li>Doru\u010denie z <strong>\u010c\u00ednskych skladov<\/strong> trv\u00e1 pribli\u017ene <strong>7-14 pracovn\u00fdch dn\u00ed<\/strong>.<\/li>\n<li>Doru\u010denie z <strong>Eur\u00f3pskych skladov<\/strong> zvy\u010dajne trv\u00e1 <strong>3-6 pracovn\u00fdch dn\u00ed<\/strong>.<\/li>\n<\/ul>\n<p><strong>4. Ako m\u00f4\u017eem z\u00edska\u0165 r\u00fdchlej\u0161ie doru\u010denie?<\/strong><br \/>\nPre r\u00fdchlej\u0161ie doru\u010denie odpor\u00fa\u010dame objedn\u00e1va\u0165 z n\u00e1\u0161ho <strong>Eur\u00f3pskeho skladu<\/strong>, ktor\u00fd pon\u00faka krat\u0161ie dodacie lehoty.<\/p>\n<p><strong>5. Ako vr\u00e1tim tovar?<\/strong><br \/>\nAk chcete vr\u00e1ti\u0165 tovar, kontaktujte n\u00e1\u0161 t\u00edm z\u00e1kazn\u00edckej podpory pre podrobn\u00e9 pokyny t\u00fdkaj\u00face sa procesu vr\u00e1tenia.<\/p>\n<p><strong>6. Pon\u00fakate medzin\u00e1rodn\u00fa prepravu?<\/strong><br \/>\n\u00c1no, posielame do v\u00e4\u010d\u0161iny kraj\u00edn a zabezpe\u010dujeme <strong>coln\u00e9 odbavenie<\/strong> pre bezprobl\u00e9mov\u00e9 doru\u010denie.<\/p>\n<p><strong>7. \u010co ak dostanem po\u0161koden\u00fd alebo chybn\u00fd produkt?<\/strong><br \/>\nAk je va\u0161a polo\u017eka po\u0161koden\u00e1 alebo chybn\u00e1, kontaktujte z\u00e1kazn\u00edcky servis pre <strong>v\u00fdmenu alebo vr\u00e1tenie pe\u0148az\u00ed<\/strong>.<\/p>\n<p><strong>8. Ako m\u00f4\u017eem kontaktova\u0165 z\u00e1kazn\u00edcky servis?<\/strong><br \/>\nM\u00f4\u017eete n\u00e1s kontaktova\u0165 prostredn\u00edctvom <strong>e-mailu, WhatsApp alebo live chatu<\/strong> na na\u0161ej webovej str\u00e1nke pre ak\u00fako\u013evek pomoc.<\/p>\n<\/div>\n<\/div>\n<\/div>\n<\/div>\n<\/div>","protected":false},"excerpt":{"rendered":"<p><strong>Mas\u00edvnych 12000 potiahnut\u00ed<\/strong> pre dlh\u0161ie pou\u017e\u00edvanie \u2714 <strong>Nab\u00edjate\u013en\u00fd<\/strong> s <strong>r\u00fdchlonab\u00edjac\u00ed port typu C<\/strong> \u2714 <strong>Digit\u00e1lny displej<\/strong> pre monitorovanie bat\u00e9rie v re\u00e1lnom \u010dase <strong>R\u00f4zne pr\u00edchute<\/strong> pre v\u0161etky chu\u0165ov\u00e9 preferencie \u2714 <strong>Vysokokvalitn\u00e1 du\u00e1lna mesh \u0161pir\u00e1lka<\/strong> pre zv\u00fd\u0161en\u00fa produkciu pary \u2714 <strong>N\u00edzke ve\u013ekoobchodn\u00e9 ceny<\/strong> pre hromadn\u00fdch kupuj\u00facich<\/p>\n<p>Z\u00edskajte najlep\u0161ie ponuky na <strong>Waspe 12000 Digit\u00e1lna krabica 12K Puff Vaporiz\u00e9ry<\/strong> pr\u00e1ve teraz! <strong>Ve\u013ekoobchodn\u00e9 jednorazov\u00e9 vapy<\/strong> nikdy neboli dostupnej\u0161ie!<\/p>\n<p><strong>Pridajte si Amy na whatsapp a z\u00edskajte spr\u00e1vnu odpove\u010f a kup\u00f3n na vapy!<\/strong><\/p>\n<p><img fetchpriority=\"high\" decoding=\"async\" class=\"size-full wp-image-2932\" src=\"https:\/\/vapestornado.com\/wp-content\/uploads\/2024\/12\/Vape-Wholesale.jpg\" alt=\"Ve\u013ekoobchod s vape\" width=\"229\" height=\"300\" \/><\/p>\n<h3><a href=\"https:\/\/wa.me\/8617776015835\"><span style=\"color: #ff0000;\"><strong>WhatsApp: +86 17776015835<\/strong><\/span><\/a><\/h3>\n<p>&nbsp;<\/p>","protected":false},"featured_media":3815,"comment_status":"open","ping_status":"closed","template":"","meta":{"_acf_changed":false,"_uag_custom_page_level_css":"","_lmt_disableupdate":"no","_lmt_disable":"","_monsterinsights_skip_tracking":false,"_monsterinsights_sitenote_active":false,"_monsterinsights_sitenote_note":"","_monsterinsights_sitenote_category":0,"site-sidebar-layout":"default","site-content-layout":"","ast-site-content-layout":"default","site-content-style":"default","site-sidebar-style":"default","ast-global-header-display":"","ast-banner-title-visibility":"","ast-main-header-display":"","ast-hfb-above-header-display":"","ast-hfb-below-header-display":"","ast-hfb-mobile-header-display":"","site-post-title":"","ast-breadcrumbs-content":"","ast-featured-img":"","footer-sml-layout":"","ast-disable-related-posts":"","theme-transparent-header-meta":"default","adv-header-id-meta":"","stick-header-meta":"","header-above-stick-meta":"","header-main-stick-meta":"","header-below-stick-meta":"","astra-migrate-meta-layouts":"set","ast-page-background-enabled":"default","ast-page-background-meta":{"desktop":{"background-color":"","background-image":"","background-repeat":"repeat","background-position":"center center","background-size":"auto","background-attachment":"scroll","background-type":"","background-media":"","overlay-type":"","overlay-color":"","overlay-opacity":"","overlay-gradient":""},"tablet":{"background-color":"","background-image":"","background-repeat":"repeat","background-position":"center center","background-size":"auto","background-attachment":"scroll","background-type":"","background-media":"","overlay-type":"","overlay-color":"","overlay-opacity":"","overlay-gradient":""},"mobile":{"background-color":"","background-image":"","background-repeat":"repeat","background-position":"center center","background-size":"auto","background-attachment":"scroll","background-type":"","background-media":"","overlay-type":"","overlay-color":"","overlay-opacity":"","overlay-gradient":""}},"ast-content-background-meta":{"desktop":{"background-color":"var(--ast-global-color-5)","background-image":"","background-repeat":"repeat","background-position":"center center","background-size":"auto","background-attachment":"scroll","background-type":"","background-media":"","overlay-type":"","overlay-color":"","overlay-opacity":"","overlay-gradient":""},"tablet":{"background-color":"var(--ast-global-color-5)","background-image":"","background-repeat":"repeat","background-position":"center center","background-size":"auto","background-attachment":"scroll","background-type":"","background-media":"","overlay-type":"","overlay-color":"","overlay-opacity":"","overlay-gradient":""},"mobile":{"background-color":"var(--ast-global-color-5)","background-image":"","background-repeat":"repeat","background-position":"center center","background-size":"auto","background-attachment":"scroll","background-type":"","background-media":"","overlay-type":"","overlay-color":"","overlay-opacity":"","overlay-gradient":""}},"_joinchat":{"telephone":"17776015835"}},"product_brand":[],"product_cat":[19,72,151,155,160,142,146,60],"product_tag":[247,105,97,94,241,93,248],"class_list":{"0":"post-3796","1":"product","2":"type-product","3":"status-publish","4":"has-post-thumbnail","6":"product_cat-vapes","7":"product_cat-12000-puff","8":"product_cat-buy-disposable-vapes-in-france","9":"product_cat-buy-disposable-vapes-in-norway","10":"product_cat-buy-disposable-vapes-in-switzerland","11":"product_cat-digital-box-disposable-vapes","12":"product_cat-rechargeable-disposable-vapes","13":"product_cat-waspe-fihp-vape","14":"product_tag-12k-puff","15":"product_tag-digital-disposable-vape","16":"product_tag-hot-sale-disposable-vape","17":"product_tag-rechargeable-disposable-vape","18":"product_tag-smart-screen-disposable-vape","19":"product_tag-vape-wholesale","20":"product_tag-waspe-12000-digital-box","21":"desktop-align-left","22":"tablet-align-left","23":"mobile-align-left","25":"first","26":"instock","27":"sale","28":"shipping-taxable","29":"purchasable","30":"product-type-simple"},"acf":[],"uagb_featured_image_src":{"full":["https:\/\/vapestornado.com\/wp-content\/uploads\/2025\/03\/WASPE-12k-Puff-Disposable-Vape-Bulk-Buy.webp",800,800,false],"thumbnail":["https:\/\/vapestornado.com\/wp-content\/uploads\/2025\/03\/WASPE-12k-Puff-Disposable-Vape-Bulk-Buy-150x150.webp",150,150,true],"medium":["https:\/\/vapestornado.com\/wp-content\/uploads\/2025\/03\/WASPE-12k-Puff-Disposable-Vape-Bulk-Buy-300x300.webp",300,300,true],"medium_large":["https:\/\/vapestornado.com\/wp-content\/uploads\/2025\/03\/WASPE-12k-Puff-Disposable-Vape-Bulk-Buy-768x768.webp",768,768,true],"large":["https:\/\/vapestornado.com\/wp-content\/uploads\/2025\/03\/WASPE-12k-Puff-Disposable-Vape-Bulk-Buy.webp",800,800,false],"1536x1536":["https:\/\/vapestornado.com\/wp-content\/uploads\/2025\/03\/WASPE-12k-Puff-Disposable-Vape-Bulk-Buy.webp",800,800,false],"2048x2048":["https:\/\/vapestornado.com\/wp-content\/uploads\/2025\/03\/WASPE-12k-Puff-Disposable-Vape-Bulk-Buy.webp",800,800,false],"trp-custom-language-flag":["https:\/\/vapestornado.com\/wp-content\/uploads\/2025\/03\/WASPE-12k-Puff-Disposable-Vape-Bulk-Buy.webp",12,12,false],"woocommerce_thumbnail":["https:\/\/vapestornado.com\/wp-content\/uploads\/2025\/03\/WASPE-12k-Puff-Disposable-Vape-Bulk-Buy-300x300.webp",300,300,true],"woocommerce_single":["https:\/\/vapestornado.com\/wp-content\/uploads\/2025\/03\/WASPE-12k-Puff-Disposable-Vape-Bulk-Buy-600x600.webp",600,600,true],"woocommerce_gallery_thumbnail":["https:\/\/vapestornado.com\/wp-content\/uploads\/2025\/03\/WASPE-12k-Puff-Disposable-Vape-Bulk-Buy-100x100.webp",100,100,true]},"uagb_author_info":{"display_name":"ESAMY","author_link":"https:\/\/vapestornado.com\/sk\/author\/"},"uagb_comment_info":0,"uagb_excerpt":"Massive 12000 puffs for extended usage \u2714 Rechargeable with fast-charging Type-C port \u2714 Digital display for real-time monitoring of battery &amp; puffs \u2714 Variety of flavors to suit all taste preferences \u2714 High-quality dual mesh coil for enhanced vapor production \u2714 Low wholesale prices for bulk buyers Get the best deals on Waspe 12000 Digital&hellip;","_links":{"self":[{"href":"https:\/\/vapestornado.com\/sk\/wp-json\/wp\/v2\/product\/3796","targetHints":{"allow":["GET"]}}],"collection":[{"href":"https:\/\/vapestornado.com\/sk\/wp-json\/wp\/v2\/product"}],"about":[{"href":"https:\/\/vapestornado.com\/sk\/wp-json\/wp\/v2\/types\/product"}],"replies":[{"embeddable":true,"href":"https:\/\/vapestornado.com\/sk\/wp-json\/wp\/v2\/comments?post=3796"}],"wp:featuredmedia":[{"embeddable":true,"href":"https:\/\/vapestornado.com\/sk\/wp-json\/wp\/v2\/media\/3815"}],"wp:attachment":[{"href":"https:\/\/vapestornado.com\/sk\/wp-json\/wp\/v2\/media?parent=3796"}],"wp:term":[{"taxonomy":"product_brand","embeddable":true,"href":"https:\/\/vapestornado.com\/sk\/wp-json\/wp\/v2\/product_brand?post=3796"},{"taxonomy":"product_cat","embeddable":true,"href":"https:\/\/vapestornado.com\/sk\/wp-json\/wp\/v2\/product_cat?post=3796"},{"taxonomy":"product_tag","embeddable":true,"href":"https:\/\/vapestornado.com\/sk\/wp-json\/wp\/v2\/product_tag?post=3796"}],"curies":[{"name":"wp","href":"https:\/\/api.w.org\/{rel}","templated":true}]}}