{"id":3788,"date":"2025-02-18T03:50:57","date_gmt":"2025-02-18T03:50:57","guid":{"rendered":"https:\/\/vapestornado.com\/?post_type=product&#038;p=3788"},"modified":"2025-08-23T09:28:52","modified_gmt":"2025-08-23T09:28:52","slug":"jnr-nicotine-pouches-25mg-15-flavours-shop-online-lower-price","status":"publish","type":"product","link":"https:\/\/vapestornado.com\/sk\/product\/jnr-nicotine-pouches-25mg-15-flavours-shop-online-lower-price\/","title":{"rendered":"JNR Nikot\u00ednov\u00e9 vrec\u00fa\u0161ka 25 mg 15+ pr\u00edchut\u00ed Nakupujte online Ni\u017e\u0161ia cena"},"content":{"rendered":"<h1 class=\"product-title\">JNR Nikot\u00ednov\u00e9 vrec\u00fa\u0161ka 25 mg 15+ pr\u00edchut\u00ed Nakupujte online Ni\u017e\u0161ia cena<\/h1>\n<p data-start=\"263\" data-end=\"535\">Ahoj! V tejto chv\u00edli ti neviem pom\u00f4c\u0165 s tvojou po\u017eiadavkou. M\u00f4\u017eem ti v\u0161ak pom\u00f4c\u0165 s prekladom akejko\u013evek tvojej po\u017eiadavky. Ak m\u00e1\u0161 z\u00e1ujem, r\u00e1d ti pom\u00f4\u017eem s \u010fal\u0161\u00edmi prekladmi. <strong data-start=\"267\" data-end=\"296\">JNR Nikot\u00ednov\u00e9 vrec\u00fa\u0161ka 25 mg<\/strong> s\u00fa ur\u010den\u00e9 pre pou\u017e\u00edvate\u013eov, ktor\u00ed chc\u00fa siln\u00fd a efekt\u00edvny nikot\u00ednov\u00fd z\u00e1\u017eitok bez faj\u010denia alebo vapovania. Ka\u017ed\u00e9 vrec\u00fa\u0161ko obsahuje <strong data-start=\"419\" data-end=\"439\">25 mg nikot\u00ednu<\/strong>, poskytuje r\u00fdchle a siln\u00e9 uvo\u013enenie, ide\u00e1lne pre sk\u00fasen\u00fdch pou\u017e\u00edvate\u013eov, ktor\u00ed h\u013eadaj\u00fa intenzitu a s\u00fastredenie.<\/p>\n<p data-start=\"537\" data-end=\"781\">Vyroben\u00e9 z <strong data-start=\"547\" data-end=\"583\">vl\u00e1kien na rastlinnej b\u00e1ze bez tabaku<\/strong>, tieto tenk\u00e9 vrec\u00fa\u0161ka pohodlne sedia pod hornou perou bez neporiadku, p\u013euvania a pretrv\u00e1vaj\u00faceho z\u00e1pachu. V\u010faka diskr\u00e9tnemu dizajnu sa \u013eahko pou\u017e\u00edvaj\u00fa kedyko\u013evek \u2013 v pr\u00e1ci, na cest\u00e1ch alebo v spolo\u010dnosti.<\/p>\n<p data-start=\"783\" data-end=\"1056\">Dostupn\u00e9 v <strong data-start=\"796\" data-end=\"811\">15+ pr\u00edchut\u00ed<\/strong> vr\u00e1tane m\u00e4ty, citrusov a bob\u00fa\u013e, <strong data-start=\"851\" data-end=\"880\">Nikot\u00ednov\u00e9 vrec\u00fa\u0161ka JNR 25 mg<\/strong> kombinuj\u00fa silu s osvie\u017euj\u00facou chu\u0165ou. Pon\u00fakaj\u00fa pohodln\u00fa alternat\u00edvu bez dymu pre ka\u017ed\u00e9ho, kto h\u013ead\u00e1 kvalitn\u00fa a siln\u00fa nikot\u00ednov\u00fa alternat\u00edvu za konkurencieschopn\u00fa cenu.<\/p>\n<p><strong>Pridajte si Amy na WhatsApp, aby ste dostali spr\u00e1vnu odpove\u010f a z\u013eavnen\u00fa cenu!<\/strong><\/p>\n<p><img fetchpriority=\"high\" decoding=\"async\" class=\"size-full wp-image-2932\" src=\"https:\/\/vapestornado.com\/wp-content\/uploads\/2024\/12\/Vape-Wholesale.jpg\" alt=\"Ve\u013ekoobchod s vape\" width=\"229\" height=\"300\" \/><\/p>\n<h3><a href=\"https:\/\/wa.me\/8617776015835\" target=\"_blank\" rel=\"noopener\"><span style=\"color: #ff0000;\"><strong>WhatsApp: +86 17776015835<\/strong><\/span><\/a><\/h3>\n<p>&nbsp;<\/p>\n<h2><strong>JNR Nikot\u00ednov\u00e9 vrec\u00fa\u0161ka 25 mg Vlastnosti produktu<\/strong><\/h2>\n<p>Zna\u010dka: JNR<br \/>\nSila nikot\u00ednu: 25 mg na vrec\u00fa\u0161ko<br \/>\nPo\u010det vrec\u00fa\u0161ok: 20 ks v plechovke<\/p>\n<figure id=\"attachment_3773\" aria-describedby=\"caption-attachment-3773\" style=\"width: 1000px\" class=\"wp-caption alignnone\"><img decoding=\"async\" class=\"wp-image-3773 size-full\" src=\"https:\/\/vapestornado.com\/wp-content\/uploads\/2025\/02\/Hot-Selling-JNR-Nicotine-Pouches-25mg.webp\" alt=\"Najpred\u00e1vanej\u0161ie JNR Nikot\u00ednov\u00e9 vrec\u00fa\u0161ka 25 mg\" width=\"1000\" height=\"1000\" srcset=\"https:\/\/vapestornado.com\/wp-content\/uploads\/2025\/02\/Hot-Selling-JNR-Nicotine-Pouches-25mg.webp 1000w, https:\/\/vapestornado.com\/wp-content\/uploads\/2025\/02\/Hot-Selling-JNR-Nicotine-Pouches-25mg-300x300.webp 300w, https:\/\/vapestornado.com\/wp-content\/uploads\/2025\/02\/Hot-Selling-JNR-Nicotine-Pouches-25mg-150x150.webp 150w, https:\/\/vapestornado.com\/wp-content\/uploads\/2025\/02\/Hot-Selling-JNR-Nicotine-Pouches-25mg-768x768.webp 768w, https:\/\/vapestornado.com\/wp-content\/uploads\/2025\/02\/Hot-Selling-JNR-Nicotine-Pouches-25mg-600x600.webp 600w, https:\/\/vapestornado.com\/wp-content\/uploads\/2025\/02\/Hot-Selling-JNR-Nicotine-Pouches-25mg-100x100.webp 100w\" sizes=\"(max-width: 1000px) 100vw, 1000px\" \/><figcaption id=\"caption-attachment-3773\" class=\"wp-caption-text\">Najpred\u00e1vanej\u0161ie JNR Nikot\u00ednov\u00e9 vrec\u00fa\u0161ka 25 mg<\/figcaption><\/figure>\n<h2 class=\"product-title\"><strong>Zoznam pr\u00edchut\u00ed JNR Nikot\u00ednov\u00fdch vrec\u00fa\u0161ok 25 mg<\/strong><\/h2>\n<ol data-start=\"59\" data-end=\"318\" data-is-last-node=\"\">\n<li data-start=\"59\" data-end=\"76\">\u010cierna \u010dere\u0161\u0148a<\/li>\n<li data-start=\"77\" data-end=\"95\">\u013dadov\u00e1 modr\u00e1 malina<\/li>\n<li data-start=\"96\" data-end=\"115\">\u010cu\u010doriedka a m\u00e4ta<\/li>\n<li data-start=\"116\" data-end=\"135\">Chladiv\u00fd citrus<\/li>\n<li data-start=\"136\" data-end=\"151\">\u0160umiv\u00e1 kola<\/li>\n<li data-start=\"152\" data-end=\"163\">Mraziv\u00fd<\/li>\n<li data-start=\"164\" data-end=\"177\">\u013dadovo chladiv\u00fd<\/li>\n<li data-start=\"178\" data-end=\"191\">\u013dadov\u00e1 M\u00e4ta<\/li>\n<li data-start=\"192\" data-end=\"210\">\u013dadov\u00e1 M\u00e4ta klasick\u00e1<\/li>\n<li data-start=\"211\" data-end=\"228\">Zmie\u0161an\u00e9 bobule<\/li>\n<li data-start=\"229\" data-end=\"246\">Jemn\u00e9 Toffee<\/li>\n<li data-start=\"247\" data-end=\"267\">Jahodov\u00fd \u013ead<\/li>\n<li data-start=\"268\" data-end=\"282\">Tropick\u00fd<\/li>\n<li data-start=\"283\" data-end=\"299\">Dvojit\u00e9 Jablko<\/li>\n<li data-start=\"300\" data-end=\"318\" data-is-last-node=\"\">\u013dadov\u00fd mel\u00f3n<\/li>\n<\/ol>\n<h3 class=\"product-title\">S\u00fa nikot\u00ednov\u00e9 vrec\u00fa\u0161ka prospe\u0161n\u00e9?<\/h3>\n<article class=\"w-full text-token-text-primary focus-visible:outline-2 focus-visible:outline-offset-[-4px]\" dir=\"auto\" data-testid=\"conversation-turn-32\" data-scroll-anchor=\"false\">\n<div class=\"m-auto text-base py-[18px] px-6\">\n<div class=\"mx-auto flex flex-1 text-base gap-4 md:gap-5 lg:gap-6 md:max-w-3xl lg:max-w-[40rem] xl:max-w-[48rem]\">\n<div class=\"group\/conversation-turn relative flex w-full min-w-0 flex-col @xs\/thread:px-0 @sm\/thread:px-1.5 @md\/thread:px-4\">\n<div class=\"flex-col gap-1 md:gap-3\">\n<div class=\"flex max-w-full flex-col flex-grow\">\n<div class=\"min-h-8 text-message flex w-full flex-col items-end gap-2 whitespace-normal break-words text-start [.text-message+&amp;]:mt-5\" dir=\"auto\" data-message-author-role=\"user\" data-message-id=\"ffac41ca-1db4-431b-873a-32c4052956f1\">\n<div class=\"flex w-full flex-col gap-1 empty:hidden items-end rtl:items-start\">\n<div class=\"relative max-w-[var(--user-chat-width,70%)] rounded-3xl bg-token-message-surface px-5 py-2.5\">\n<div class=\"absolute bottom-0 right-full top-0 -mr-3.5 hidden pr-5 pt-2 [.group\/conversation-turn:hover_&amp;]:flex\">\n<div class=\"flex\"><\/div>\n<\/div>\n<\/div>\n<\/div>\n<\/div>\n<\/div>\n<\/div>\n<\/div>\n<\/div>\n<\/div>\n<\/article>\n<article class=\"w-full text-token-text-primary focus-visible:outline-2 focus-visible:outline-offset-[-4px]\" dir=\"auto\" data-testid=\"conversation-turn-33\" data-scroll-anchor=\"true\">\n<div class=\"m-auto text-base py-[18px] px-6\">\n<div class=\"mx-auto flex flex-1 text-base gap-4 md:gap-5 lg:gap-6 md:max-w-3xl lg:max-w-[40rem] xl:max-w-[48rem]\">\n<div class=\"group\/conversation-turn relative flex w-full min-w-0 flex-col agent-turn @xs\/thread:px-0 @sm\/thread:px-1.5 @md\/thread:px-4\">\n<div class=\"flex-col gap-1 md:gap-3\">\n<div class=\"flex max-w-full flex-col flex-grow\">\n<div class=\"min-h-8 text-message flex w-full flex-col items-end gap-2 whitespace-normal break-words text-start [.text-message+&amp;]:mt-5\" dir=\"auto\" data-message-author-role=\"assistant\" data-message-id=\"e542e950-e3a5-4b1a-98f8-7584a2f9bc41\" data-message-model-slug=\"gpt-4o\">\n<div class=\"flex w-full flex-col gap-1 empty:hidden first:pt-[3px]\">\n<div class=\"markdown prose w-full break-words dark:prose-invert light\">\n<article class=\"w-full text-token-text-primary focus-visible:outline-2 focus-visible:outline-offset-[-4px]\" dir=\"auto\" data-testid=\"conversation-turn-35\" data-scroll-anchor=\"true\">\n<div class=\"m-auto text-base py-[18px] px-6\">\n<div class=\"mx-auto flex flex-1 text-base gap-4 md:gap-5 lg:gap-6 md:max-w-3xl lg:max-w-[40rem] xl:max-w-[48rem]\">\n<div class=\"group\/conversation-turn relative flex w-full min-w-0 flex-col agent-turn @xs\/thread:px-0 @sm\/thread:px-1.5 @md\/thread:px-4\">\n<div class=\"flex-col gap-1 md:gap-3\">\n<div class=\"flex max-w-full flex-col flex-grow\">\n<div class=\"min-h-8 text-message flex w-full flex-col items-end gap-2 whitespace-normal break-words text-start [.text-message+&amp;]:mt-5\" dir=\"auto\" data-message-author-role=\"assistant\" data-message-id=\"19ad7ab6-95d5-4367-834a-f160e402f0d6\" data-message-model-slug=\"gpt-4o\">\n<div class=\"flex w-full flex-col gap-1 empty:hidden first:pt-[3px]\">\n<div class=\"markdown prose w-full break-words dark:prose-invert light\">\n<p>Pre faj\u010diarov, ktor\u00ed sa sna\u017eia presta\u0165, s\u00fa nikot\u00ednov\u00e9 vrec\u00fa\u0161ka \u010distej\u0161ou alternat\u00edvou bez tabaku. Zatia\u013e \u010do samotn\u00fd nikot\u00edn m\u00f4\u017ee ma\u0165 zdravotn\u00e9 rizik\u00e1, vrec\u00fa\u0161ka eliminuj\u00fa \u0161kodliv\u00e9 \u00fa\u010dinky faj\u010denia, \u010do z nich rob\u00ed zdrav\u0161iu mo\u017enos\u0165 pre s\u00fa\u010dasn\u00fdch faj\u010diarov, ktor\u00ed chc\u00fa zn\u00ed\u017ei\u0165 \u0161kody. Faj\u010denie je pova\u017eovan\u00e9 za najnezdrav\u0161\u00ed sp\u00f4sob konzum\u00e1cie nikot\u00ednu, tak\u017ee prechod na nikot\u00ednov\u00e9 vrec\u00fa\u0161ka m\u00f4\u017ee by\u0165 pozit\u00edvnym krokom pre u\u017e\u00edvate\u013eov, ktor\u00fdm z\u00e1le\u017e\u00ed na zdrav\u00ed.<\/p>\n<\/div>\n<\/div>\n<\/div>\n<\/div>\n<\/div>\n<\/div>\n<\/div>\n<\/div>\n<\/article>\n<\/div>\n<\/div>\n<\/div>\n<\/div>\n<\/div>\n<\/div>\n<\/div>\n<\/div>\n<\/article>\n<h3>Pre\u010do si vybra\u0165 vapestornado pre ve\u013ekoobchod s nikot\u00ednov\u00fdmi vrec\u00fa\u0161kami JNR?<\/h3>\n<div class=\"flex-shrink-0 flex flex-col relative items-end\">\n<div class=\"pt-0\">\n<div class=\"gizmo-bot-avatar flex h-8 w-8 items-center justify-center overflow-hidden rounded-full\">\n<div class=\"relative p-1 rounded-sm flex items-center justify-center bg-token-main-surface-primary text-token-text-primary h-8 w-8\">\n<p>Vitajte vo vapestornado, va\u0161om d\u00f4veryhodnom online obchode s vape pre pr\u00e9miov\u00e9 jednorazov\u00e9 vapy. S viac ako 5-ro\u010dn\u00fdmi sk\u00fasenos\u0165ami v\u00e1m prin\u00e1\u0161ame popul\u00e1rne zna\u010dky jednorazov\u00fdch vape ako Fumot RandM Vape, Vapme, Bang Vape, Waspe Vape a WGA Vape, at\u010f.<\/p>\n<p>N\u00e1\u0161 sortiment zah\u0155\u0148a hor\u00face predajn\u00e9 jednorazov\u00e9 vapy s dvojitou pr\u00edchu\u0165ou, ako napr\u00edklad <a href=\"https:\/\/vapestornado.com\/sk\/product\/bang-king-35k-35000-puffs-2-in-1-dual-flavour-disposable-vape-wholesale-cheap-price\/\">Bang King 35k 35000 potiahnut\u00ed<\/a>, <a href=\"https:\/\/vapestornado.com\/sk\/product\/waspe-crystal-40000-puffs-40k-double-flavor-rechargeable-disposable-vapes-cheap-price\/\">WASPE Crystal 40k Dvojit\u00e1 Pr\u00edchu\u0165<\/a> a mo\u017enosti bohat\u00e9 na chu\u0165, ako napr\u00edklad <a href=\"https:\/\/vapestornado.com\/sk\/product\/razzbar-15000-puffs-rechargeable-disposable-vape-bulk-buy-at-cheap-prices\/\">RAZZBAR 15000 potiahnut\u00ed<\/a>. Ka\u017ed\u00fd produkt je vybran\u00fd so zameran\u00edm na kvalitu, hodnotu a rozmanitos\u0165, \u010do zais\u0165uje, \u017ee n\u00e1jdete presne to, \u010do potrebujete. Objavte v\u00fdnimo\u010dn\u00e9 slu\u017eby a \u0161irok\u00fa \u0161k\u00e1lu \u0161pi\u010dkov\u00fdch produktov za ve\u013ekoobchodn\u00e9 ceny vo vapestornado.<\/p>\n<\/div>\n<h3><\/h3>\n<div class=\"relative p-1 rounded-sm flex items-center justify-center bg-token-main-surface-primary text-token-text-primary h-8 w-8\">\n<h3>\u010cast\u00e9 ot\u00e1zky o nikot\u00ednov\u00fdch vrec\u00fa\u0161kach JNR<\/h3>\n<\/div>\n<\/div>\n<\/div>\n<\/div>\n<div class=\"flex-shrink-0 flex flex-col relative items-end\">\n<div class=\"pt-0\">\n<div class=\"gizmo-bot-avatar flex h-8 w-8 items-center justify-center overflow-hidden rounded-full\">\n<div class=\"relative p-1 rounded-sm flex items-center justify-center bg-token-main-surface-primary text-token-text-primary h-8 w-8\">\n<div class=\"mb-2 flex gap-3 empty:hidden -ml-2\">\n<p data-start=\"42\" data-end=\"510\"><strong data-start=\"42\" data-end=\"152\">1. Ak\u00e9 s\u00fa hlavn\u00e9 v\u00fdhody pou\u017e\u00edvania 25mg nikot\u00ednov\u00fdch vrec\u00fa\u0161ok JNR v porovnan\u00ed s tradi\u010dn\u00fdm faj\u010den\u00edm alebo vapovan\u00edm?<\/strong><br data-start=\"152\" data-end=\"155\" \/>25mg nikot\u00ednov\u00e9 vrec\u00fa\u0161ka JNR pon\u00fakaj\u00fa \u010distej\u0161\u00ed a diskr\u00e9tnej\u0161\u00ed z\u00e1\u017eitok s nikot\u00ednom bez potreby faj\u010di\u0165 alebo vapova\u0165. S\u00fa vyroben\u00e9 z pr\u00edsad bez tabaku, poskytuj\u00fa bezdymov\u00fa a bezvonn\u00fa mo\u017enos\u0165 konzum\u00e1cie nikot\u00ednu. Tenk\u00e9 a prenosn\u00e9 vrec\u00fa\u0161ka sa daj\u00fa pou\u017e\u00edva\u0165 kedyko\u013evek a kdeko\u013evek, \u010do z nich rob\u00ed pohodln\u00fa alternat\u00edvu k tradi\u010dn\u00fdm tabakov\u00fdm v\u00fdrobkom.<\/p>\n<p data-start=\"512\" data-end=\"893\"><strong data-start=\"512\" data-end=\"625\">2. Ako dlho trv\u00e1 brnenie pri pou\u017e\u00edvan\u00ed nikot\u00ednov\u00e9ho vrec\u00fa\u0161ka JNR a \u010do to znamen\u00e1?<\/strong><br data-start=\"625\" data-end=\"628\" \/>Ke\u010f si vlo\u017e\u00edte 25mg nikot\u00ednov\u00e9 vrec\u00fa\u0161ko JNR pod peru, poc\u00edtite brnenie, ktor\u00e9 zvy\u010dajne trv\u00e1 pribli\u017ene 15 min\u00fat. Tento pocit nazna\u010duje uvo\u013e\u0148ovanie nikot\u00ednu a je znakom toho, \u017ee vrec\u00fa\u0161ko funguje pod\u013ea o\u010dak\u00e1vania a dod\u00e1va siln\u00fa d\u00e1vku nikot\u00ednu.<\/p>\n<p data-start=\"895\" data-end=\"1290\"><strong data-start=\"895\" data-end=\"995\">3. M\u00f4\u017eu nikot\u00ednov\u00e9 vrec\u00fa\u0161ka JNR s 25mg pom\u00f4c\u0165 faj\u010diarom presta\u0165 a pre\u010do s\u00fa zdrav\u0161ou alternat\u00edvou?<\/strong><br data-start=\"995\" data-end=\"998\" \/>\u00c1no, nikot\u00ednov\u00e9 vrec\u00fa\u0161ka JNR m\u00f4\u017eu pom\u00f4c\u0165 faj\u010diarom presta\u0165, preto\u017ee poskytuj\u00fa beztabakov\u00fa a bezdymov\u00fa mo\u017enos\u0165 pr\u00edjmu nikot\u00ednu. Ke\u010f\u017ee neobsahuj\u00fa tabak, eliminuj\u00fa \u0161kodliv\u00e9 \u00fa\u010dinky faj\u010denia, \u010do z nich rob\u00ed zdrav\u0161iu alternat\u00edvu pre t\u00fdch, ktor\u00ed sa sna\u017eia zn\u00ed\u017ei\u0165 alebo ukon\u010di\u0165 u\u017e\u00edvanie tabaku.<\/p>\n<p data-start=\"1292\" data-end=\"1826\"><strong data-start=\"1292\" data-end=\"1409\">4. Ak\u00e9 pr\u00edchute s\u00fa k dispoz\u00edcii pre 25mg nikot\u00ednov\u00e9 vrec\u00fa\u0161ka JNR a ktor\u00e1 z nich pon\u00faka najosvie\u017euj\u00facej\u0161\u00ed z\u00e1\u017eitok?<\/strong><br data-start=\"1409\" data-end=\"1412\" \/>Nikot\u00ednov\u00e9 vrec\u00fa\u0161ka JNR s\u00fa dostupn\u00e9 v r\u00f4znych osvie\u017euj\u00facich pr\u00edchutiach, vr\u00e1tane \u010ciernej \u010cere\u0161ne, Modrej Maliny s \u013eadom, \u010cu\u010doriedkovej M\u00e4ty, Chladiv\u00fdch Citrusov, Zmesi Bob\u00fa\u013e, Jahody s \u013eadom a \u010fal\u0161\u00edch. Pre osvie\u017euj\u00faci z\u00e1\u017eitok si mnoh\u00ed u\u017e\u00edvatelia ob\u013e\u00fabili chladiv\u00fd pocit pr\u00edchut\u00ed ako \u013dadov\u00e1 M\u00e4ta, Modr\u00e1 Malina s \u013eadom a Jahoda s \u013eadom.<\/p>\n<p data-start=\"1828\" data-end=\"2274\" data-is-last-node=\"\"><strong data-start=\"1828\" data-end=\"1932\">5. Ako by som mal spr\u00e1vne umiestni\u0165 nikot\u00ednov\u00e9 vrec\u00fa\u0161ko JNR pre najpohodlnej\u0161ie a naj\u00fa\u010dinnej\u0161ie pou\u017eitie?<\/strong><br data-start=\"1932\" data-end=\"1935\" \/>Ak chcete pou\u017ei\u0165 nikot\u00ednov\u00e9 vrec\u00fa\u0161ko JNR, jednoducho si jedno vrec\u00fa\u0161ko vlo\u017ete pod horn\u00fa alebo doln\u00fa peru. \u00da\u010dinky za\u010dnete poci\u0165ova\u0165 v priebehu nieko\u013ek\u00fdch min\u00fat. Diskr\u00e9tny dizajn v\u00e1m umo\u017en\u00ed vychutna\u0165 si nikot\u00ednov\u00fd z\u00e1\u017eitok bez neporiadku alebo siln\u00e9ho z\u00e1pachu.<\/p>\n<h2>Ako objedna\u0165?<\/h2>\n<p><strong>1. Ak\u00e9 sp\u00f4soby platby akceptujete?<\/strong><br \/>\nAkceptujeme prevod IBAN a <span style=\"font-size: 16px;\">Western Union<\/span>\u00a0pre bezpe\u010dn\u00e9 a pohodln\u00e9 transakcie.<\/p>\n<p><strong>2. Ako m\u00f4\u017eem sledova\u0165 svoju objedn\u00e1vku?<\/strong><br \/>\nPo odoslan\u00ed va\u0161ej objedn\u00e1vky <span class=\"selectable-text copyable-text false\">budeme priebe\u017ene aktualizova\u0165 sledovanie n\u00e1kladu, k\u00fdm ho nedostanete<\/span>.<\/p>\n<p><strong>3. Ak\u00fd je odhadovan\u00fd \u010das doru\u010denia?<\/strong><\/p>\n<ul>\n<li>Doru\u010denie z <strong>\u010c\u00ednskych skladov<\/strong> trv\u00e1 pribli\u017ene <strong>7-14 pracovn\u00fdch dn\u00ed<\/strong>.<\/li>\n<li>Doru\u010denie z <strong>Eur\u00f3pskych skladov<\/strong> zvy\u010dajne trv\u00e1 <strong>3-6 pracovn\u00fdch dn\u00ed<\/strong>.<\/li>\n<\/ul>\n<p><strong>4. Ako m\u00f4\u017eem z\u00edska\u0165 r\u00fdchlej\u0161ie doru\u010denie?<\/strong><br \/>\nPre r\u00fdchlej\u0161ie doru\u010denie odpor\u00fa\u010dame objedn\u00e1va\u0165 z n\u00e1\u0161ho <strong>Eur\u00f3pskeho skladu<\/strong>, ktor\u00fd pon\u00faka krat\u0161ie dodacie lehoty.<\/p>\n<p><strong>5. Ako vr\u00e1tim tovar?<\/strong><br \/>\nAk chcete vr\u00e1ti\u0165 tovar, kontaktujte n\u00e1\u0161 t\u00edm z\u00e1kazn\u00edckej podpory pre podrobn\u00e9 pokyny t\u00fdkaj\u00face sa procesu vr\u00e1tenia.<\/p>\n<p><strong>6. Pon\u00fakate medzin\u00e1rodn\u00fa prepravu?<\/strong><br \/>\n\u00c1no, posielame do v\u00e4\u010d\u0161iny kraj\u00edn a zabezpe\u010dujeme <strong>coln\u00e9 odbavenie<\/strong> pre bezprobl\u00e9mov\u00e9 doru\u010denie.<\/p>\n<p><strong>7. \u010co ak dostanem po\u0161koden\u00fd alebo chybn\u00fd produkt?<\/strong><br \/>\nAk je va\u0161a polo\u017eka po\u0161koden\u00e1 alebo chybn\u00e1, kontaktujte z\u00e1kazn\u00edcky servis pre <strong>v\u00fdmenu alebo vr\u00e1tenie pe\u0148az\u00ed<\/strong>.<\/p>\n<p><strong>8. Ako m\u00f4\u017eem kontaktova\u0165 z\u00e1kazn\u00edcky servis?<\/strong><br \/>\nM\u00f4\u017eete n\u00e1s kontaktova\u0165 prostredn\u00edctvom <strong>e-mailu, WhatsApp alebo live chatu<\/strong> na na\u0161ej webovej str\u00e1nke pre ak\u00fako\u013evek pomoc.<\/p>\n<\/div>\n<\/div>\n<\/div>\n<\/div>\n<\/div>","protected":false},"excerpt":{"rendered":"<p>JNR Nikot\u00ednov\u00e9 vrec\u00fa\u0161ka 25 mg Ve\u013ekoobchod<br \/>\nNajpred\u00e1vanej\u0161ie JNR Nikot\u00ednov\u00e9 vrec\u00fa\u0161ka 25 mg Hromadn\u00fd n\u00e1kup<br \/>\nNajlep\u0161ie JNR Nikot\u00ednov\u00e9 vrec\u00fa\u0161ka 25 mg N\u00edzka cena<\/p>\n<p><strong>Pridajte si Amy na whatsapp a z\u00edskajte spr\u00e1vnu odpove\u010f a kup\u00f3n na vapy!<\/strong><\/p>\n<p><img fetchpriority=\"high\" decoding=\"async\" class=\"size-full wp-image-2932\" src=\"https:\/\/vapestornado.com\/wp-content\/uploads\/2024\/12\/Vape-Wholesale.jpg\" alt=\"Ve\u013ekoobchod s vape\" width=\"229\" height=\"300\" \/><\/p>\n<h3><a href=\"https:\/\/wa.me\/8617776015835\"><span style=\"color: #ff0000;\"><strong>WhatsApp: +86 17776015835<\/strong><\/span><\/a><\/h3>\n<p>&nbsp;<\/p>","protected":false},"featured_media":3777,"comment_status":"open","ping_status":"closed","template":"","meta":{"_acf_changed":false,"_uag_custom_page_level_css":"","_lmt_disableupdate":"no","_lmt_disable":"","_monsterinsights_skip_tracking":false,"_monsterinsights_sitenote_active":false,"_monsterinsights_sitenote_note":"","_monsterinsights_sitenote_category":0,"site-sidebar-layout":"default","site-content-layout":"","ast-site-content-layout":"default","site-content-style":"default","site-sidebar-style":"default","ast-global-header-display":"","ast-banner-title-visibility":"","ast-main-header-display":"","ast-hfb-above-header-display":"","ast-hfb-below-header-display":"","ast-hfb-mobile-header-display":"","site-post-title":"","ast-breadcrumbs-content":"","ast-featured-img":"","footer-sml-layout":"","ast-disable-related-posts":"","theme-transparent-header-meta":"default","adv-header-id-meta":"","stick-header-meta":"","header-above-stick-meta":"","header-main-stick-meta":"","header-below-stick-meta":"","astra-migrate-meta-layouts":"set","ast-page-background-enabled":"default","ast-page-background-meta":{"desktop":{"background-color":"","background-image":"","background-repeat":"repeat","background-position":"center center","background-size":"auto","background-attachment":"scroll","background-type":"","background-media":"","overlay-type":"","overlay-color":"","overlay-opacity":"","overlay-gradient":""},"tablet":{"background-color":"","background-image":"","background-repeat":"repeat","background-position":"center center","background-size":"auto","background-attachment":"scroll","background-type":"","background-media":"","overlay-type":"","overlay-color":"","overlay-opacity":"","overlay-gradient":""},"mobile":{"background-color":"","background-image":"","background-repeat":"repeat","background-position":"center center","background-size":"auto","background-attachment":"scroll","background-type":"","background-media":"","overlay-type":"","overlay-color":"","overlay-opacity":"","overlay-gradient":""}},"ast-content-background-meta":{"desktop":{"background-color":"var(--ast-global-color-5)","background-image":"","background-repeat":"repeat","background-position":"center center","background-size":"auto","background-attachment":"scroll","background-type":"","background-media":"","overlay-type":"","overlay-color":"","overlay-opacity":"","overlay-gradient":""},"tablet":{"background-color":"var(--ast-global-color-5)","background-image":"","background-repeat":"repeat","background-position":"center center","background-size":"auto","background-attachment":"scroll","background-type":"","background-media":"","overlay-type":"","overlay-color":"","overlay-opacity":"","overlay-gradient":""},"mobile":{"background-color":"var(--ast-global-color-5)","background-image":"","background-repeat":"repeat","background-position":"center center","background-size":"auto","background-attachment":"scroll","background-type":"","background-media":"","overlay-type":"","overlay-color":"","overlay-opacity":"","overlay-gradient":""}},"_joinchat":{"telephone":"17776015835"}},"product_brand":[],"product_cat":[19,140,149,150,152,157],"product_tag":[244,242,243],"class_list":{"0":"post-3788","1":"product","2":"type-product","3":"status-publish","4":"has-post-thumbnail","6":"product_cat-vapes","7":"product_cat-big-puffs-disposable-vapes","8":"product_cat-buy-disposable-vapes-in-austria","9":"product_cat-buy-disposable-vapes-in-belgium","10":"product_cat-buy-disposable-vapes-in-cermany","11":"product_cat-buy-disposable-vapes-in-portugal","12":"product_tag-jnr-nicotine-pouches","13":"product_tag-jnr-nicotine-pouches-25mg","14":"product_tag-nicotine-pouches","15":"desktop-align-left","16":"tablet-align-left","17":"mobile-align-left","19":"first","20":"instock","21":"sale","22":"shipping-taxable","23":"purchasable","24":"product-type-simple"},"acf":[],"uagb_featured_image_src":{"full":["https:\/\/vapestornado.com\/wp-content\/uploads\/2025\/02\/JNR-Nicotine-Pouches-Wholesale.webp",1000,1000,false],"thumbnail":["https:\/\/vapestornado.com\/wp-content\/uploads\/2025\/02\/JNR-Nicotine-Pouches-Wholesale-150x150.webp",150,150,true],"medium":["https:\/\/vapestornado.com\/wp-content\/uploads\/2025\/02\/JNR-Nicotine-Pouches-Wholesale-300x300.webp",300,300,true],"medium_large":["https:\/\/vapestornado.com\/wp-content\/uploads\/2025\/02\/JNR-Nicotine-Pouches-Wholesale-768x768.webp",768,768,true],"large":["https:\/\/vapestornado.com\/wp-content\/uploads\/2025\/02\/JNR-Nicotine-Pouches-Wholesale.webp",1000,1000,false],"1536x1536":["https:\/\/vapestornado.com\/wp-content\/uploads\/2025\/02\/JNR-Nicotine-Pouches-Wholesale.webp",1000,1000,false],"2048x2048":["https:\/\/vapestornado.com\/wp-content\/uploads\/2025\/02\/JNR-Nicotine-Pouches-Wholesale.webp",1000,1000,false],"trp-custom-language-flag":["https:\/\/vapestornado.com\/wp-content\/uploads\/2025\/02\/JNR-Nicotine-Pouches-Wholesale.webp",12,12,false],"woocommerce_thumbnail":["https:\/\/vapestornado.com\/wp-content\/uploads\/2025\/02\/JNR-Nicotine-Pouches-Wholesale-300x300.webp",300,300,true],"woocommerce_single":["https:\/\/vapestornado.com\/wp-content\/uploads\/2025\/02\/JNR-Nicotine-Pouches-Wholesale-600x600.webp",600,600,true],"woocommerce_gallery_thumbnail":["https:\/\/vapestornado.com\/wp-content\/uploads\/2025\/02\/JNR-Nicotine-Pouches-Wholesale-100x100.webp",100,100,true]},"uagb_author_info":{"display_name":"ESAMY","author_link":"https:\/\/vapestornado.com\/sk\/author\/"},"uagb_comment_info":0,"uagb_excerpt":"JNR Nicotine Pouches 25mg Wholesale Hot Selling JNR Nicotine Pouches 25mg Bulk Buy Best JNR Nicotine Pouches 25mg Cheap Price Add Amy's whatsapp get right reply and vape vape coupon! WhatsApp: +86 17776015835 &nbsp;","_links":{"self":[{"href":"https:\/\/vapestornado.com\/sk\/wp-json\/wp\/v2\/product\/3788","targetHints":{"allow":["GET"]}}],"collection":[{"href":"https:\/\/vapestornado.com\/sk\/wp-json\/wp\/v2\/product"}],"about":[{"href":"https:\/\/vapestornado.com\/sk\/wp-json\/wp\/v2\/types\/product"}],"replies":[{"embeddable":true,"href":"https:\/\/vapestornado.com\/sk\/wp-json\/wp\/v2\/comments?post=3788"}],"wp:featuredmedia":[{"embeddable":true,"href":"https:\/\/vapestornado.com\/sk\/wp-json\/wp\/v2\/media\/3777"}],"wp:attachment":[{"href":"https:\/\/vapestornado.com\/sk\/wp-json\/wp\/v2\/media?parent=3788"}],"wp:term":[{"taxonomy":"product_brand","embeddable":true,"href":"https:\/\/vapestornado.com\/sk\/wp-json\/wp\/v2\/product_brand?post=3788"},{"taxonomy":"product_cat","embeddable":true,"href":"https:\/\/vapestornado.com\/sk\/wp-json\/wp\/v2\/product_cat?post=3788"},{"taxonomy":"product_tag","embeddable":true,"href":"https:\/\/vapestornado.com\/sk\/wp-json\/wp\/v2\/product_tag?post=3788"}],"curies":[{"name":"wp","href":"https:\/\/api.w.org\/{rel}","templated":true}]}}