{"id":3753,"date":"2025-01-17T08:42:15","date_gmt":"2025-01-17T08:42:15","guid":{"rendered":"https:\/\/vapestornado.com\/?post_type=product&#038;p=3753"},"modified":"2025-08-23T09:30:14","modified_gmt":"2025-08-23T09:30:14","slug":"bang-tornado-40000-puffs-disposable-vape-big-smart-screen-vapor","status":"publish","type":"product","link":"https:\/\/vapestornado.com\/sk\/product\/bang-tornado-40000-puffs-disposable-vape-big-smart-screen-vapor\/","title":{"rendered":"Bang Tornado 40000 Puffs Jednorazov\u00e9 VAPE Big Smart Screen Vapor"},"content":{"rendered":"<h1>\u00a0Bang Tornado 40000 Puffs Jednorazov\u00e9 VAPE Big Smart Screen Vapor<\/h1>\n<p>&nbsp;<\/p>\n<div role=\"article\" data-tabster=\"{&quot;groupper&quot;:{&quot;tabbability&quot;:2},&quot;focusable&quot;:{}}\" data-content=\"ai-message\" aria-labelledby=\"64JRvXrTnY7mRmPkEQLLT-author 64JRvXrTnY7mRmPkEQLLT-content\">\n<div id=\"64JRvXrTnY7mRmPkEQLLT-content\">\n<p data-start=\"328\" data-end=\"622\">Ahoj! V tejto chv\u00edli ti neviem pom\u00f4c\u0165 s tvojou po\u017eiadavkou. M\u00f4\u017eem ti v\u0161ak pom\u00f4c\u0165 s prekladom akejko\u013evek tvojej po\u017eiadavky. Ak m\u00e1\u0161 z\u00e1ujem, r\u00e1d ti pom\u00f4\u017eem s \u010fal\u0161\u00edmi prekladmi. <strong data-start=\"332\" data-end=\"376\">Jednorazov\u00e1 elektronick\u00e1 cigareta Bang Tornado 40000 Puffs<\/strong> je skon\u0161truovan\u00e1 pre kapacitu a pokro\u010dil\u00fd v\u00fdkon, \u010do z nej rob\u00ed siln\u00fa vo\u013ebu pre ve\u013ekoobchodn\u00fdch kupcov a vape shopy. S <strong data-start=\"495\" data-end=\"528\">40 ml predplnenou n\u00e1dr\u017ekou na e-liquid<\/strong> a a\u017e <strong data-start=\"539\" data-end=\"555\">40 000 \u0165ahov<\/strong>zais\u0165uje dlhotrvaj\u00face sedenia bez \u010dastej v\u00fdmeny.<\/p>\n<p data-start=\"624\" data-end=\"892\">Poh\u00e1\u0148an\u00fd <strong data-start=\"638\" data-end=\"669\">850mAh dob\u00edjate\u013enou bat\u00e9riou<\/strong> s <strong data-start=\"675\" data-end=\"699\">r\u00fdchleho nab\u00edjania typu C<\/strong>Bang Tornado 40K poskytuje konzistentn\u00fd v\u00fdkon pre dlhodob\u00e9 pou\u017e\u00edvanie. Jeho <strong data-start=\"770\" data-end=\"795\">0,5\u03a9 trojit\u00e1 mesh \u0161pir\u00e1lka<\/strong> zvy\u0161uje hustotu pary a bohatos\u0165 chuti t\u00fdm, \u017ee poskytuje hladk\u00e9 a rovnomern\u00e9 zahrievanie pri ka\u017edom potiahnut\u00ed.<\/p>\n<p data-start=\"894\" data-end=\"1089\">T\u00e1to vapka, navrhnut\u00e1 s <strong data-start=\"910\" data-end=\"940\">ve\u013ek\u00fd inteligentn\u00fd displej<\/strong>pou\u017e\u00edvatelia m\u00f4\u017eu sledova\u0165 v\u00fdkon a pou\u017e\u00edvanie v re\u00e1lnom \u010dase. Ergonomick\u00e1 kon\u0161trukcia a elegantn\u00fd dizajn ho robia prenosn\u00fdm, spo\u013eahliv\u00fdm a pohodln\u00fdm na ka\u017edodenn\u00e9 pou\u017e\u00edvanie.<\/p>\n<p data-start=\"1091\" data-end=\"1294\">Pre ve\u013ekoobchodn\u00edkov a distrib\u00fatorov <strong data-start=\"1129\" data-end=\"1162\">Bang Tornado 40000 potiahnut\u00ed vape<\/strong> kombinuje vysok\u00fa kapacitu potiahnut\u00ed, nab\u00edjate\u013en\u00fa efektivitu a prvotriednu kvalitu kon\u0161trukcie, \u010do pon\u00faka siln\u00fa pr\u00ed\u0165a\u017elivos\u0165 pre trh a ziskovos\u0165.<\/p>\n<p><img fetchpriority=\"high\" decoding=\"async\" class=\"size-medium wp-image-2951\" src=\"https:\/\/vapestornado.com\/wp-content\/uploads\/2024\/12\/Wholesale-Disposable-Vape-265x300.jpg\" alt=\"Ve\u013ekoobchodn\u00fd Jednorazov\u00fd Vape\" width=\"265\" height=\"300\" srcset=\"https:\/\/vapestornado.com\/wp-content\/uploads\/2024\/12\/Wholesale-Disposable-Vape-265x300.jpg 265w, https:\/\/vapestornado.com\/wp-content\/uploads\/2024\/12\/Wholesale-Disposable-Vape-768x871.jpg 768w, https:\/\/vapestornado.com\/wp-content\/uploads\/2024\/12\/Wholesale-Disposable-Vape-600x680.jpg 600w, https:\/\/vapestornado.com\/wp-content\/uploads\/2024\/12\/Wholesale-Disposable-Vape.jpg 823w\" sizes=\"(max-width: 265px) 100vw, 265px\" \/><\/p>\n<h5>Pre z\u013eavnen\u00fa cenu kontaktujte Mandy na WhatsApp<a href=\"https:\/\/wa.me\/8618077105796\" target=\"_blank\" rel=\"noopener\">+8618077105796<\/a><\/h5>\n<p>&nbsp;<\/p>\n<\/div>\n<\/div>\n<div class=\"mb-2 flex gap-3 empty:hidden -ml-2\">\n<h2 class=\"sr-proMainInfo-baseInfoH1 J-baseInfo-name\">\u00a0K\u013e\u00fa\u010dov\u00e9 vlastnosti nab\u00edjate\u013en\u00fdch vapes Bang 40000 Puffs:<\/h2>\n<ul>\n<li><strong>40ml kapacita e-liquidu<\/strong> a\u017e pre <strong>40 000 \u0165ahov<\/strong><\/li>\n<li><strong>850mAh dob\u00edjate\u013enou bat\u00e9riou<\/strong> s <strong>nab\u00edjac\u00ed port Type-C<\/strong><\/li>\n<li><strong>0,5ohmov\u00e1 trojit\u00e1 sie\u0165ov\u00e1 cievka<\/strong> pre hladk\u00fa paru a vylep\u0161en\u00fa chu\u0165<\/li>\n<li><strong>Nastavite\u013en\u00fd v\u00fdkon<\/strong> pre prisp\u00f4soben\u00fd z\u00e1\u017eitok z vapovania<\/li>\n<li><strong>Dlhotrvaj\u00faci<\/strong> a pohodln\u00e9 pre dlhodob\u00e9 pou\u017e\u00edvanie<\/li>\n<li>Elegantn\u00fd, <strong>ergonomick\u00fd dizajn<\/strong> pre prenosnos\u0165<\/li>\n<li>Ide\u00e1lne pre pr\u00edle\u017eitostn\u00fdch aj sk\u00fasen\u00fdch vaperov<\/li>\n<\/ul>\n<\/div>\n<h2 class=\"sr-proMainInfo-baseInfoH1 J-baseInfo-name\">Bang Tornado 40000 \u0164ahov Ve\u013ekoobchodn\u00e9 Vapes Pr\u00edchu\u0165:<\/h2>\n<p>1. Jahodov\u00fd mel\u00f3n<br \/>\n2. Mel\u00f3n<br \/>\n3. L\u00c1SKA 66<br \/>\n4. Energetick\u00fd n\u00e1poj<br \/>\n5.Jahoda Kivi<br \/>\n6. \u010cu\u010doriedkov\u00fd citr\u00f3n<br \/>\n7. \u010cu\u010doriedkov\u00e9 hrozno<br \/>\n8. \u010cu\u010doriedkov\u00e1 malina<br \/>\n9. Mango brosky\u0148a<br \/>\n10. Trojit\u00e1 bobu\u013ea<br \/>\n11. Dvojit\u00e9 jablko<br \/>\n12. Brosky\u0148ov\u00fd \u013ead<\/p>\n<div role=\"article\" data-tabster=\"{&quot;groupper&quot;:{&quot;tabbability&quot;:2},&quot;focusable&quot;:{}}\" data-content=\"ai-message\" aria-labelledby=\"dARUyEWDoEYhnSPXFwx5A-author dARUyEWDoEYhnSPXFwx5A-content\">\n<div id=\"dARUyEWDoEYhnSPXFwx5A-content\">\n<h3><strong>Pre\u010do k\u00fapi\u0165 <\/strong>Bang Tornado 40k Puff vaporiz\u00e9r <strong>od vapestornado?<\/strong><\/h3>\n<div class=\"flex max-w-full flex-col flex-grow\">\n<div class=\"min-h-8 text-message flex w-full flex-col items-end gap-2 whitespace-normal break-words text-start [.text-message+&amp;]:mt-5\" dir=\"auto\" data-message-author-role=\"assistant\" data-message-id=\"8ec0866b-3616-4b38-8c41-2e75d00fce2d\" data-message-model-slug=\"gpt-4o-mini\">\n<div class=\"flex w-full flex-col gap-1 empty:hidden first:pt-[3px]\">\n<div class=\"markdown prose w-full break-words dark:prose-invert light\">\n<ul>\n<li><strong>Pr\u00e9miov\u00e1 kvalita<\/strong>: vapestornado pon\u00faka autentick\u00e9, vysokokvalitn\u00e9 Bang Tornado 40000 \u0164ahov, \u010d\u00edm zais\u0165uje \u0161pi\u010dkov\u00fd z\u00e1\u017eitok z vapovania s jemnou parou a bohatou chu\u0165ou.<\/li>\n<li><strong>Konkuren\u010dn\u00e9 ceny<\/strong>: Vyu\u017eite konkuren\u010dn\u00e9 ve\u013ekoobchodn\u00e9 ceny pre hromadn\u00e9 n\u00e1kupy, v\u010faka \u010domu je ide\u00e1lny pre individu\u00e1lnych pou\u017e\u00edvate\u013eov aj firmy.<\/li>\n<li><strong>R\u00fdchle doru\u010denie<\/strong>: vapestornado zais\u0165uje r\u00fdchle a spo\u013eahliv\u00e9 doru\u010denie, tak\u017ee si m\u00f4\u017eete za\u010da\u0165 u\u017e\u00edva\u0165 svoj produkt bez me\u0161kania.<\/li>\n<li><strong>Vynikaj\u00faci z\u00e1kazn\u00edcky servis<\/strong>: \u0160pecializovan\u00fd t\u00edm podpory je pripraven\u00fd pom\u00f4c\u0165 s ak\u00fdmiko\u013evek ot\u00e1zkami alebo obavami, \u010d\u00edm zais\u0165uje bezprobl\u00e9mov\u00fd z\u00e1\u017eitok z n\u00e1kupu.<\/li>\n<li><strong>\u0160irok\u00fd v\u00fdber<\/strong>: vapestornado pon\u00faka r\u00f4zne pr\u00edchute a mo\u017enosti, \u010do v\u00e1m umo\u017en\u00ed vybra\u0165 si perfektn\u00fa kombin\u00e1ciu pre va\u0161e preferencie.<\/li>\n<li><strong>Bezpe\u010dn\u00e9 nakupovanie<\/strong>: So z\u00e1v\u00e4zkom k bezpe\u010dnosti z\u00e1kazn\u00edkov, vapestornado zaru\u010duje bezpe\u010dn\u00e9 mo\u017enosti platby a transakcie.<\/li>\n<\/ul>\n<\/div>\n<\/div>\n<\/div>\n<\/div>\n<div class=\"mb-2 flex gap-3 empty:hidden -ml-2\">\n<div class=\"items-center justify-start rounded-xl p-1 flex\"><\/div>\n<\/div>\n<\/div>\n<\/div>\n<h3>\u010casto kladen\u00e9 ot\u00e1zky o jednorazov\u00fdch vape Bang Tornado puff 40000<\/h3>\n<ul>\n<li><strong>Ako dlho vydr\u017e\u00ed Bang tornado vape 40 000 Puffs?<\/strong><br \/>\nBang Tornado 40 000 Puffs vydr\u017e\u00ed a\u017e 40 000 potiahnut\u00ed, v z\u00e1vislosti od pou\u017e\u00edvania. S ve\u013ekou kapacitou 40 ml e-liquidu pon\u00faka pred\u013a\u017een\u00e9 vapovanie bez \u010dastej v\u00fdmeny.<\/li>\n<li><strong>Ako nabijem Bang Tornado 40 000 Puffvapes?<\/strong><br \/>\nZariadenie je vybaven\u00e9 <strong>850mAh dob\u00edjate\u013enou bat\u00e9riou<\/strong> a <strong>nab\u00edjac\u00ed port Type-C<\/strong>, \u010do umo\u017e\u0148uje r\u00fdchle a efekt\u00edvne dob\u00edjanie, ke\u010f je bat\u00e9ria takmer vybit\u00e1.<\/li>\n<li><strong>Ak\u00fd je odpor cievky v Bang vape Tornado 40 000 Puffs?<\/strong><br \/>\nZariadenie pou\u017e\u00edva <strong>0,5ohmov\u00e1 trojit\u00e1 sie\u0165ov\u00e1 cievka<\/strong> pre hlad\u0161iu produkciu pary a vylep\u0161en\u00fa chu\u0165, \u010do poskytuje prvotriedny z\u00e1\u017eitok z vapovania.<\/li>\n<li><strong>Ak\u00fa silu nikot\u00ednu m\u00e1 lacn\u00fd Bang Tornado 40 000 Puffs?<\/strong><br \/>\nBang Tornado 40 000 Puffs sa zvy\u010dajne dod\u00e1va v r\u00f4znych sil\u00e1ch nikot\u00ednu (zvy\u010dajne 2% alebo 5%) pre r\u00f4zne preferencie.<\/li>\n<\/ul>","protected":false},"excerpt":{"rendered":"<ul>\n<li><strong>\u0160pi\u010dkov\u00e1 jednorazov\u00e1 vape pero Bang Tornado 40K Puff<\/strong><\/li>\n<li><strong>Odoln\u00e9 nab\u00edjate\u013en\u00e9 vape zariadenie Bang Tornado 40K Puffs<\/strong><\/li>\n<li><strong>Bang Tornado 40K Puffs E-Cig s prisp\u00f4sobite\u013en\u00fdmi Ice Flavor Pods<\/strong><\/li>\n<\/ul>\n<figure id=\"attachment_2951\" aria-describedby=\"caption-attachment-2951\" style=\"width: 265px\" class=\"wp-caption alignnone\"><img fetchpriority=\"high\" decoding=\"async\" class=\"size-medium wp-image-2951\" src=\"https:\/\/vapestornado.com\/wp-content\/uploads\/2024\/12\/Wholesale-Disposable-Vape-265x300.jpg\" alt=\"Ve\u013ekoobchodn\u00fd Jednorazov\u00fd Vape\" width=\"265\" height=\"300\" srcset=\"https:\/\/vapestornado.com\/wp-content\/uploads\/2024\/12\/Wholesale-Disposable-Vape-265x300.jpg 265w, https:\/\/vapestornado.com\/wp-content\/uploads\/2024\/12\/Wholesale-Disposable-Vape-768x871.jpg 768w, https:\/\/vapestornado.com\/wp-content\/uploads\/2024\/12\/Wholesale-Disposable-Vape-600x680.jpg 600w, https:\/\/vapestornado.com\/wp-content\/uploads\/2024\/12\/Wholesale-Disposable-Vape.jpg 823w\" sizes=\"(max-width: 265px) 100vw, 265px\" \/><figcaption id=\"caption-attachment-2951\" class=\"wp-caption-text\">Pre z\u013eavnen\u00fa cenu kontaktujte Mandy na WhatsApp\u00a0 <a href=\"https:\/\/wa.me\/8618077105796\">+8618077105796<\/a><\/figcaption><\/figure>\n<p>&nbsp;<\/p>","protected":false},"featured_media":3746,"comment_status":"open","ping_status":"closed","template":"","meta":{"_acf_changed":false,"_uag_custom_page_level_css":"","_lmt_disableupdate":"no","_lmt_disable":"","_monsterinsights_skip_tracking":false,"_monsterinsights_sitenote_active":false,"_monsterinsights_sitenote_note":"","_monsterinsights_sitenote_category":0,"site-sidebar-layout":"default","site-content-layout":"","ast-site-content-layout":"default","site-content-style":"default","site-sidebar-style":"default","ast-global-header-display":"","ast-banner-title-visibility":"","ast-main-header-display":"","ast-hfb-above-header-display":"","ast-hfb-below-header-display":"","ast-hfb-mobile-header-display":"","site-post-title":"","ast-breadcrumbs-content":"","ast-featured-img":"","footer-sml-layout":"","ast-disable-related-posts":"","theme-transparent-header-meta":"default","adv-header-id-meta":"","stick-header-meta":"","header-above-stick-meta":"","header-main-stick-meta":"","header-below-stick-meta":"","astra-migrate-meta-layouts":"set","ast-page-background-enabled":"default","ast-page-background-meta":{"desktop":{"background-color":"","background-image":"","background-repeat":"repeat","background-position":"center center","background-size":"auto","background-attachment":"scroll","background-type":"","background-media":"","overlay-type":"","overlay-color":"","overlay-opacity":"","overlay-gradient":""},"tablet":{"background-color":"","background-image":"","background-repeat":"repeat","background-position":"center center","background-size":"auto","background-attachment":"scroll","background-type":"","background-media":"","overlay-type":"","overlay-color":"","overlay-opacity":"","overlay-gradient":""},"mobile":{"background-color":"","background-image":"","background-repeat":"repeat","background-position":"center center","background-size":"auto","background-attachment":"scroll","background-type":"","background-media":"","overlay-type":"","overlay-color":"","overlay-opacity":"","overlay-gradient":""}},"ast-content-background-meta":{"desktop":{"background-color":"var(--ast-global-color-5)","background-image":"","background-repeat":"repeat","background-position":"center center","background-size":"auto","background-attachment":"scroll","background-type":"","background-media":"","overlay-type":"","overlay-color":"","overlay-opacity":"","overlay-gradient":""},"tablet":{"background-color":"var(--ast-global-color-5)","background-image":"","background-repeat":"repeat","background-position":"center center","background-size":"auto","background-attachment":"scroll","background-type":"","background-media":"","overlay-type":"","overlay-color":"","overlay-opacity":"","overlay-gradient":""},"mobile":{"background-color":"var(--ast-global-color-5)","background-image":"","background-repeat":"repeat","background-position":"center center","background-size":"auto","background-attachment":"scroll","background-type":"","background-media":"","overlay-type":"","overlay-color":"","overlay-opacity":"","overlay-gradient":""}},"_joinchat":[]},"product_brand":[],"product_cat":[140,65,62,151,154,159,146,148],"product_tag":[212,97,98],"class_list":{"0":"post-3753","1":"product","2":"type-product","3":"status-publish","4":"has-post-thumbnail","6":"product_cat-big-puffs-disposable-vapes","7":"product_cat-40000-puff","8":"product_cat-bang-vape","9":"product_cat-buy-disposable-vapes-in-france","10":"product_cat-buy-disposable-vapes-in-netherlands","11":"product_cat-buy-disposable-vapes-in-sweden","12":"product_cat-rechargeable-disposable-vapes","13":"product_cat-tornado-disposable-vapes","14":"product_tag-bang-vape-40000","15":"product_tag-hot-sale-disposable-vape","16":"product_tag-wholesale-price-disposable-vape","17":"desktop-align-left","18":"tablet-align-left","19":"mobile-align-left","21":"first","22":"instock","23":"sale","24":"shipping-taxable","25":"purchasable","26":"product-type-simple"},"acf":[],"uagb_featured_image_src":{"full":["https:\/\/vapestornado.com\/wp-content\/uploads\/2025\/01\/Bang-Tornado-40K-Puff-Adjustable-Power-Disposable-Vape.webp",800,800,false],"thumbnail":["https:\/\/vapestornado.com\/wp-content\/uploads\/2025\/01\/Bang-Tornado-40K-Puff-Adjustable-Power-Disposable-Vape-150x150.webp",150,150,true],"medium":["https:\/\/vapestornado.com\/wp-content\/uploads\/2025\/01\/Bang-Tornado-40K-Puff-Adjustable-Power-Disposable-Vape-300x300.webp",300,300,true],"medium_large":["https:\/\/vapestornado.com\/wp-content\/uploads\/2025\/01\/Bang-Tornado-40K-Puff-Adjustable-Power-Disposable-Vape-768x768.webp",768,768,true],"large":["https:\/\/vapestornado.com\/wp-content\/uploads\/2025\/01\/Bang-Tornado-40K-Puff-Adjustable-Power-Disposable-Vape.webp",800,800,false],"1536x1536":["https:\/\/vapestornado.com\/wp-content\/uploads\/2025\/01\/Bang-Tornado-40K-Puff-Adjustable-Power-Disposable-Vape.webp",800,800,false],"2048x2048":["https:\/\/vapestornado.com\/wp-content\/uploads\/2025\/01\/Bang-Tornado-40K-Puff-Adjustable-Power-Disposable-Vape.webp",800,800,false],"trp-custom-language-flag":["https:\/\/vapestornado.com\/wp-content\/uploads\/2025\/01\/Bang-Tornado-40K-Puff-Adjustable-Power-Disposable-Vape.webp",12,12,false],"woocommerce_thumbnail":["https:\/\/vapestornado.com\/wp-content\/uploads\/2025\/01\/Bang-Tornado-40K-Puff-Adjustable-Power-Disposable-Vape-300x300.webp",300,300,true],"woocommerce_single":["https:\/\/vapestornado.com\/wp-content\/uploads\/2025\/01\/Bang-Tornado-40K-Puff-Adjustable-Power-Disposable-Vape-600x600.webp",600,600,true],"woocommerce_gallery_thumbnail":["https:\/\/vapestornado.com\/wp-content\/uploads\/2025\/01\/Bang-Tornado-40K-Puff-Adjustable-Power-Disposable-Vape-100x100.webp",100,100,true]},"uagb_author_info":{"display_name":"ESMANDY","author_link":"https:\/\/vapestornado.com\/sk\/author\/"},"uagb_comment_info":0,"uagb_excerpt":"High-End Bang Tornado 40K Puff Disposable Vape Pen Durable Bang Tornado 40K Puffs Rechargeable Vape Device Bang Tornado 40K Puffs E-Cig with Customizable Ice Flavor Pods [caption id=\"attachment_2951\" align=\"alignnone\" width=\"265\"] Pls Contact Mandy's WhatsApp For Discount Price\u00a0 +8618077105796[\/caption] &nbsp;","_links":{"self":[{"href":"https:\/\/vapestornado.com\/sk\/wp-json\/wp\/v2\/product\/3753","targetHints":{"allow":["GET"]}}],"collection":[{"href":"https:\/\/vapestornado.com\/sk\/wp-json\/wp\/v2\/product"}],"about":[{"href":"https:\/\/vapestornado.com\/sk\/wp-json\/wp\/v2\/types\/product"}],"replies":[{"embeddable":true,"href":"https:\/\/vapestornado.com\/sk\/wp-json\/wp\/v2\/comments?post=3753"}],"wp:featuredmedia":[{"embeddable":true,"href":"https:\/\/vapestornado.com\/sk\/wp-json\/wp\/v2\/media\/3746"}],"wp:attachment":[{"href":"https:\/\/vapestornado.com\/sk\/wp-json\/wp\/v2\/media?parent=3753"}],"wp:term":[{"taxonomy":"product_brand","embeddable":true,"href":"https:\/\/vapestornado.com\/sk\/wp-json\/wp\/v2\/product_brand?post=3753"},{"taxonomy":"product_cat","embeddable":true,"href":"https:\/\/vapestornado.com\/sk\/wp-json\/wp\/v2\/product_cat?post=3753"},{"taxonomy":"product_tag","embeddable":true,"href":"https:\/\/vapestornado.com\/sk\/wp-json\/wp\/v2\/product_tag?post=3753"}],"curies":[{"name":"wp","href":"https:\/\/api.w.org\/{rel}","templated":true}]}}