{"id":3745,"date":"2025-01-14T09:29:58","date_gmt":"2025-01-14T09:29:58","guid":{"rendered":"https:\/\/vapestornado.com\/?post_type=product&#038;p=3745"},"modified":"2025-08-23T09:30:57","modified_gmt":"2025-08-23T09:30:57","slug":"high-capacity-bang-28000-puffs-disposable-e-cigarette","status":"publish","type":"product","link":"https:\/\/vapestornado.com\/sk\/product\/high-capacity-bang-28000-puffs-disposable-e-cigarette\/","title":{"rendered":"Vysokokapacitn\u00e1 jednorazov\u00e1 elektronick\u00e1 cigareta Bang 28000 Puffs"},"content":{"rendered":"<h1>Vysokokapacitn\u00e1 jednorazov\u00e1 elektronick\u00e1 cigareta Bang 28000 Puffs<\/h1>\n<p>&nbsp;<\/p>\n<div role=\"article\" data-tabster=\"{&quot;groupper&quot;:{&quot;tabbability&quot;:2},&quot;focusable&quot;:{}}\" data-content=\"ai-message\" aria-labelledby=\"64JRvXrTnY7mRmPkEQLLT-author 64JRvXrTnY7mRmPkEQLLT-content\">\n<div id=\"64JRvXrTnY7mRmPkEQLLT-content\">\n<p data-start=\"313\" data-end=\"602\">Ahoj! V tejto chv\u00edli ti neviem pom\u00f4c\u0165 s tvojou po\u017eiadavkou. M\u00f4\u017eem ti v\u0161ak pom\u00f4c\u0165 s prekladom akejko\u013evek tvojej po\u017eiadavky. Ak m\u00e1\u0161 z\u00e1ujem, r\u00e1d ti pom\u00f4\u017eem s \u010fal\u0161\u00edmi prekladmi. <strong data-start=\"317\" data-end=\"353\">Jednorazov\u00fd vape Bang 28000 Puffs<\/strong> poskytuje roz\u0161\u00edren\u00fd v\u00fdkon a pohodlie s mas\u00edvnym <strong data-start=\"415\" data-end=\"439\">kapacitou 28 000 potiahnut\u00ed<\/strong> a <strong data-start=\"446\" data-end=\"479\">30ml predplnenou n\u00e1dr\u017ekou na e-liquid<\/strong>. Pou\u017eit\u00edm <strong data-start=\"487\" data-end=\"520\">pokro\u010dil\u00e1 technol\u00f3gia mesh coil<\/strong>, zais\u0165uje konzistentn\u00fa chu\u0165 a hladk\u00fa produkciu pary od za\u010diatku a\u017e do konca.<\/p>\n<p data-start=\"604\" data-end=\"814\">Dostupn\u00e9 v <strong data-start=\"617\" data-end=\"656\">0%, 2%, 3% a 5% nikot\u00ednov\u00e9 mo\u017enosti<\/strong>, Bang 28K uspokoj\u00ed v\u0161etky preferencie, zatia\u013e \u010do <strong data-start=\"708\" data-end=\"732\">nastavite\u013enej \u00farovne \u013eadu<\/strong> funkcia umo\u017e\u0148uje pou\u017e\u00edvate\u013eom prisp\u00f4sobi\u0165 intenzitu chladenia pre osvie\u017euj\u00faci mentolov\u00fd efekt.<\/p>\n<p data-start=\"816\" data-end=\"1116\">Poh\u00e1\u0148an\u00fd <strong data-start=\"829\" data-end=\"860\">650mAh nab\u00edjate\u013enou bat\u00e9riou<\/strong> s <strong data-start=\"866\" data-end=\"890\">r\u00fdchleho nab\u00edjania typu C<\/strong>, toto zariadenie minimalizuje prestoje a podporuje spo\u013eahliv\u00e9 celodenn\u00e9 pou\u017e\u00edvanie. Jeho <strong data-start=\"962\" data-end=\"1001\">dizajn pr\u00fadenia vzduchu Direct-to-Lung (DTL)<\/strong> produkuje hust\u00e9 oblaky pary a v\u00fdrazn\u00e9 chute, v\u010faka \u010domu je ide\u00e1lny pre vaperov, ktor\u00ed chc\u00fa kapacitu aj v\u00fdkon.<\/p>\n<p data-start=\"1118\" data-end=\"1279\">Pre ve\u013ekoobchodn\u00edkov a distrib\u00fatorov <strong data-start=\"1156\" data-end=\"1181\">Bang 28000 Pufov Vaporiz\u00e9r<\/strong> pon\u00faka siln\u00fa pr\u00ed\u0165a\u017elivos\u0165 s vysok\u00fdm po\u010dtom potiahnut\u00ed, mo\u017enos\u0165ami prisp\u00f4sobenia a spo\u013eahlivou kvalitou vyhotovenia.<\/p>\n<hr data-start=\"1281\" data-end=\"1284\" \/>\n<h3 data-start=\"1286\" data-end=\"1312\">SEO Meta Popis<\/h3>\n<\/div>\n<\/div>\n<div class=\"flex max-w-full flex-col flex-grow\">\n<div class=\"min-h-8 text-message flex w-full flex-col items-end gap-2 whitespace-normal break-words text-start [.text-message+&amp;]:mt-5\" dir=\"auto\" data-message-author-role=\"assistant\" data-message-id=\"cdb991c0-f594-4bff-b2d5-fbbdd7ce9e54\" data-message-model-slug=\"gpt-4o-mini\">\n<div class=\"flex w-full flex-col gap-1 empty:hidden first:pt-[3px]\">\n<div class=\"markdown prose w-full break-words dark:prose-invert light\"><\/div>\n<\/div>\n<\/div>\n<\/div>\n<div class=\"mb-2 flex gap-3 empty:hidden -ml-2\">\n<h2 class=\"sr-proMainInfo-baseInfoH1 J-baseInfo-name\">K\u013e\u00fa\u010dov\u00e9 vlastnosti jednorazov\u00fdch vapovac\u00edch zariaden\u00ed Top Sale 28000 Puffs Bang:<\/h2>\n<ul>\n<li><strong>Mas\u00edvny po\u010det \u0165ahov<\/strong>: Poskytuje a\u017e <strong>28 000 po\u0165ahov<\/strong>, \u010do zais\u0165uje dlh\u00e9 vapovanie bez potreby \u010dastej v\u00fdmeny.<\/li>\n<li><strong>Ve\u013ekorys\u00e1 kapacita e-liquidu<\/strong>: Vopred naplnen\u00e9 s <strong>30 ml vysoko kvalitn\u00e9ho e-liquidu<\/strong> pre konzistentn\u00fa chu\u0165 a jemn\u00fa produkciu pary.<\/li>\n<li><strong>Prisp\u00f4sobite\u013en\u00e9 sily nikot\u00ednu<\/strong>: Dostupn\u00e9 v <strong>0%, 2%, 3% alebo 5% nikot\u00ednom<\/strong>, ktor\u00e9 uspokoja r\u00f4zne preferencie a potreby pri vapovan\u00ed.<\/li>\n<li><strong>Pokro\u010dil\u00e1 sie\u0165ov\u00e1 \u0161pir\u00e1lka<\/strong>: Obsahuje <strong>1.0\u03a9 mesh \u0161pir\u00e1lka<\/strong> pre zv\u00fd\u0161en\u00fa hustotu pary, v\u00fdrazn\u00e9 chute a jemn\u00e9 po\u0165ahy.<\/li>\n<li><strong>Nastavite\u013en\u00e1 \u00farove\u0148 chladenia<\/strong>: Prisp\u00f4sobte si z\u00e1\u017eitok z vapovania v\u010faka <strong>nastavite\u013en\u00e9mu chladiacemu efektu<\/strong>, ktor\u00fd je ide\u00e1lny pre osvie\u017euj\u00faci mentolov\u00fd pocit.<\/li>\n<li><strong>Nab\u00edjate\u013en\u00e1 bat\u00e9ria<\/strong>: Poh\u00e1\u0148an\u00e9 <strong>650mAh nab\u00edjate\u013enou bat\u00e9riou<\/strong>, \u010d\u00edm sa zais\u0165uje spo\u013eahliv\u00fd v\u00fdkon po\u010das celej \u017eivotnosti zariadenia.<\/li>\n<li><strong>R\u00fdchle nab\u00edjanie typu C<\/strong>: Vybaven\u00e9 technol\u00f3giou <strong>r\u00fdchleho nab\u00edjania typu C<\/strong> pre minim\u00e1lne prestoje a efekt\u00edvne nab\u00edjanie.<\/li>\n<li><strong>Priamy prietok vzduchu do p\u013e\u00fac (DTL)<\/strong>: Navrhnut\u00e9 pre <strong>DTL vapovanie<\/strong>, poskytuj\u00face hust\u00e9 oblaky a intenz\u00edvne chute.<\/li>\n<li><strong>Prenosn\u00fd a \u0161t\u00fdlov\u00fd dizajn<\/strong>: Kompaktn\u00fd, \u013eahk\u00fd a elegantn\u00fd, v\u010faka \u010domu je ide\u00e1lny na cestovanie alebo ka\u017edodenn\u00e9 pou\u017eitie.<\/li>\n<li><strong>Ekologick\u00fd a jednorazov\u00fd<\/strong>: Navrhnut\u00e9 pre pohodlie a udr\u017eate\u013enos\u0165, pon\u00fakaj\u00fa bezprobl\u00e9mov\u00fa likvid\u00e1ciu po pou\u017eit\u00ed.<\/li>\n<\/ul>\n<\/div>\n<p><img fetchpriority=\"high\" decoding=\"async\" class=\"wp-image-2951\" src=\"https:\/\/vapestornado.com\/wp-content\/uploads\/2024\/12\/Wholesale-Disposable-Vape-265x300.jpg\" alt=\"Ve\u013ekoobchodn\u00fd Jednorazov\u00fd Vape\" width=\"313\" height=\"354\" srcset=\"https:\/\/vapestornado.com\/wp-content\/uploads\/2024\/12\/Wholesale-Disposable-Vape-265x300.jpg 265w, https:\/\/vapestornado.com\/wp-content\/uploads\/2024\/12\/Wholesale-Disposable-Vape-768x871.jpg 768w, https:\/\/vapestornado.com\/wp-content\/uploads\/2024\/12\/Wholesale-Disposable-Vape-600x680.jpg 600w, https:\/\/vapestornado.com\/wp-content\/uploads\/2024\/12\/Wholesale-Disposable-Vape.jpg 823w\" sizes=\"(max-width: 313px) 100vw, 313px\" \/><\/p>\n<h5>Pre z\u013eavnen\u00fa cenu kontaktujte Mandy na WhatsApp<a href=\"https:\/\/wa.me\/8618077105796\" target=\"_blank\" rel=\"noopener\">+8618077105796<\/a><\/h5>\n<p>&nbsp;<\/p>\n<h3 class=\"sr-proMainInfo-baseInfoH1 J-baseInfo-name\">bangvape 28k Puffs Ve\u013ekoobchodn\u00e9 vapy Pr\u00edchu\u0165:<\/h3>\n<p>1. Jahodov\u00fd mel\u00f3n<br \/>\n2. \u010cu\u010doriedkov\u00fd \u013ead<br \/>\n3.Krv a piesok<br \/>\n4.Anan\u00e1s Kokos<br \/>\n5.Jahodov\u00fd ban\u00e1n<br \/>\n6.Zmie\u0161an\u00e9 Ovocie<br \/>\n7.\u010cu\u010doriedky Maliny<br \/>\n8.Brosky\u0148ov\u00fd \u013ead<br \/>\n9. Mango brosky\u0148a<br \/>\n10.Mel\u00f3n<br \/>\n11.Hrozno \u013dad<br \/>\n12.Jahoda Kivi Ovocie<\/p>\n<div role=\"article\" data-tabster=\"{&quot;groupper&quot;:{&quot;tabbability&quot;:2},&quot;focusable&quot;:{}}\" data-content=\"ai-message\" aria-labelledby=\"dARUyEWDoEYhnSPXFwx5A-author dARUyEWDoEYhnSPXFwx5A-content\">\n<div id=\"dARUyEWDoEYhnSPXFwx5A-content\">\n<h3><strong>Pre\u010do K\u00fapi\u0165 HQ Bang 28000 Puffs <\/strong>\u00a0vaporiz\u00e9ry\u00a0<strong>od vapestornado?<\/strong><\/h3>\n<ul>\n<li><strong>Zaru\u010dene Origin\u00e1lne Produkty<\/strong><br \/>\nvapestornado zaru\u010duje, \u017ee dostanete origin\u00e1lne <strong>Bang 28000 Pufov Vaporiz\u00e9ry<\/strong>, \u010do zais\u0165uje prvotriednu kvalitu a spo\u013eahliv\u00fd v\u00fdkon s ka\u017ed\u00fdm n\u00e1kupom.<\/li>\n<li><strong>Bezkonkuren\u010dn\u00e9 Ceny<\/strong><br \/>\nVychutnajte si konkurencieschopn\u00e9 ceny a exkluz\u00edvne ponuky na vysokokapacitn\u00e9 jednorazov\u00e9 vapes, v\u010faka \u010domu je vapestornado cie\u013eovou destin\u00e1ciou pre hromadn\u00e9 alebo individu\u00e1lne objedn\u00e1vky.<\/li>\n<li><strong>R\u00fdchla Doprava po Celom Slovensku<\/strong><br \/>\nSo zameran\u00edm na pohodlie z\u00e1kazn\u00edka, vapestornado poskytuje <strong>r\u00fdchlu a spo\u013eahliv\u00fa dopravu<\/strong> do v\u0161etk\u00fdch k\u00fatov Slovenska, \u010do zais\u0165uje v\u010dasn\u00e9 doru\u010denie.<\/li>\n<li><strong>Z\u00e1kazn\u00edcky Orientovan\u00e1 Podpora<\/strong><br \/>\nVyu\u017eite <strong>\u0161pecializovan\u00fd z\u00e1kazn\u00edcky servis<\/strong> pom\u00f4c\u0165 s dopytmi, v\u010faka \u010domu bude va\u0161e nakupovanie plynul\u00e9 a bezprobl\u00e9mov\u00e9.<\/li>\n<li><strong>\u0160pi\u010dkov\u00fd z\u00e1\u017eitok z vapovania<\/strong><br \/>\nVapy Bang 28000 Puffs disponuj\u00fa pokro\u010dilou <strong>Technol\u00f3gia sie\u0165ovej cievky<\/strong>, <strong>nastavite\u013en\u00e9 \u00farovne chladenia<\/strong>a <strong>priame potiahnutie do p\u013e\u00fac (DTL)<\/strong>, zaru\u010duj\u00fac odv\u00e1\u017ene chute, hust\u00e9 oblaky a personalizovan\u00e9 chladiv\u00e9 pocity.<\/li>\n<li><strong>Ekologick\u00e9 a pohodln\u00e9<\/strong><br \/>\nvapestornado podporuje ekologicky zodpovedn\u00e9 vapovanie s pr\u00e9miov\u00fdmi jednorazov\u00fdmi vapmi navrhnut\u00fdmi pre bezprobl\u00e9mov\u00e9 pou\u017e\u00edvanie a jednoduch\u00fa likvid\u00e1ciu.<\/li>\n<\/ul>\n<\/div>\n<\/div>\n<h3>Naj\u010dastej\u0161ie ot\u00e1zky o New Vape Bang 28000 Puffs<\/h3>\n<p><strong>1. Ako m\u00f4\u017eem sledova\u0165 svoju objedn\u00e1vku na Bang 28000 Puffs?<\/strong><br \/>\nSledovanie va\u0161ej objedn\u00e1vky je jednoduch\u00e9. Po potvrden\u00ed va\u0161ej objedn\u00e1vky dostanete sledovacie \u010d\u00edslo cez WhatsApp. Toto \u010d\u00edslo pou\u017eite na webovej str\u00e1nke ur\u010den\u00e9ho prepravcu na sledovanie priebehu doru\u010denia v\u00e1\u0161ho bal\u00edka. Ak potrebujete \u010fal\u0161iu pomoc, nev\u00e1hajte kontaktova\u0165 n\u00e1\u0161 t\u00edm z\u00e1kazn\u00edckej podpory.<\/p>\n<p><strong>2. M\u00f4\u017eem ur\u010di\u0165 pr\u00edchute pre n\u00e1hodne vybran\u00e9 produkty?<\/strong><br \/>\n\u00c1no, m\u00f4\u017eete! Zatia\u013e \u010do niektor\u00e9 produktov\u00e9 bal\u00ed\u010dky prich\u00e1dzaj\u00fa s vopred vybran\u00fdmi pr\u00edchu\u0165ami, rob\u00edme v\u0161etko pre to, aby sme vyhoveli \u0161pecifick\u00fdm preferenci\u00e1m pr\u00edchut\u00ed. Jednoducho zanechajte pozn\u00e1mku po\u010das platby alebo kontaktujte na\u0161u z\u00e1kazn\u00edcku podporu s va\u0161ou po\u017eiadavkou. Zabezpe\u010d\u00edme, aby va\u0161e preferovan\u00e9 pr\u00edchute boli zahrnut\u00e9, ak s\u00fa na sklade.<\/p>\n<p><strong>3. \u010c\u00edm s\u00fa vapy Bang 28000 Puffs jedine\u010dn\u00e9?<\/strong><br \/>\nAhoj! V tejto chv\u00edli ti neviem pom\u00f4c\u0165 s tvojou po\u017eiadavkou. M\u00f4\u017eem ti v\u0161ak pom\u00f4c\u0165 s prekladom akejko\u013evek tvojej po\u017eiadavky. Ak m\u00e1\u0161 z\u00e1ujem, r\u00e1d ti pom\u00f4\u017eem s \u010fal\u0161\u00edmi prekladmi. <strong>Jednorazov\u00fd vape Bang 28000 Puffs<\/strong> pon\u00faka obrovsk\u00fd po\u010det po\u0165ahov, <strong>objem e-liquidu 30 ml<\/strong>, nastavite\u013en\u00e9 \u00farovne chladenia a pokro\u010dil\u00fa technol\u00f3giu mesh cievky. Je navrhnut\u00fd pre pohodlie, dlhotrvaj\u00face pou\u017e\u00edvanie a prisp\u00f4sobite\u013en\u00fd z\u00e1\u017eitok z vapovania.<\/p>","protected":false},"excerpt":{"rendered":"<ul>\n<li>Jednorazov\u00e9 vaporiza\u010dn\u00e9 pero Bang 28000 Puffs Premium<\/li>\n<li>Nab\u00edjac\u00ed vaporiz\u00e9r Bang 28000 Puffs s dlhou v\u00fddr\u017eou<\/li>\n<li>Elektronick\u00e1 cigareta Bang 28000 Puffs s nastavite\u013en\u00fdmi \u013eadov\u00fdmi kapsulami<\/li>\n<\/ul>\n<figure id=\"attachment_2951\" aria-describedby=\"caption-attachment-2951\" style=\"width: 265px\" class=\"wp-caption alignnone\"><img decoding=\"async\" class=\"size-medium wp-image-2951\" src=\"https:\/\/vapestornado.com\/wp-content\/uploads\/2024\/12\/Wholesale-Disposable-Vape-265x300.jpg\" alt=\"Ve\u013ekoobchodn\u00fd Jednorazov\u00fd Vape\" width=\"265\" height=\"300\" srcset=\"https:\/\/vapestornado.com\/wp-content\/uploads\/2024\/12\/Wholesale-Disposable-Vape-265x300.jpg 265w, https:\/\/vapestornado.com\/wp-content\/uploads\/2024\/12\/Wholesale-Disposable-Vape-768x871.jpg 768w, https:\/\/vapestornado.com\/wp-content\/uploads\/2024\/12\/Wholesale-Disposable-Vape-600x680.jpg 600w, https:\/\/vapestornado.com\/wp-content\/uploads\/2024\/12\/Wholesale-Disposable-Vape.jpg 823w\" sizes=\"(max-width: 265px) 100vw, 265px\" \/><figcaption id=\"caption-attachment-2951\" class=\"wp-caption-text\">Pre z\u013eavnen\u00fa cenu kontaktujte Mandy na WhatsApp\u00a0 <a href=\"https:\/\/wa.me\/8618077105796\">+8618077105796<\/a><\/figcaption><\/figure>\n<p>&nbsp;<\/p>","protected":false},"featured_media":3738,"comment_status":"open","ping_status":"closed","template":"","meta":{"_acf_changed":false,"_uag_custom_page_level_css":"","_lmt_disableupdate":"no","_lmt_disable":"","_monsterinsights_skip_tracking":false,"_monsterinsights_sitenote_active":false,"_monsterinsights_sitenote_note":"","_monsterinsights_sitenote_category":0,"site-sidebar-layout":"default","site-content-layout":"","ast-site-content-layout":"default","site-content-style":"default","site-sidebar-style":"default","ast-global-header-display":"","ast-banner-title-visibility":"","ast-main-header-display":"","ast-hfb-above-header-display":"","ast-hfb-below-header-display":"","ast-hfb-mobile-header-display":"","site-post-title":"","ast-breadcrumbs-content":"","ast-featured-img":"","footer-sml-layout":"","ast-disable-related-posts":"","theme-transparent-header-meta":"default","adv-header-id-meta":"","stick-header-meta":"","header-above-stick-meta":"","header-main-stick-meta":"","header-below-stick-meta":"","astra-migrate-meta-layouts":"set","ast-page-background-enabled":"default","ast-page-background-meta":{"desktop":{"background-color":"","background-image":"","background-repeat":"repeat","background-position":"center center","background-size":"auto","background-attachment":"scroll","background-type":"","background-media":"","overlay-type":"","overlay-color":"","overlay-opacity":"","overlay-gradient":""},"tablet":{"background-color":"","background-image":"","background-repeat":"repeat","background-position":"center center","background-size":"auto","background-attachment":"scroll","background-type":"","background-media":"","overlay-type":"","overlay-color":"","overlay-opacity":"","overlay-gradient":""},"mobile":{"background-color":"","background-image":"","background-repeat":"repeat","background-position":"center center","background-size":"auto","background-attachment":"scroll","background-type":"","background-media":"","overlay-type":"","overlay-color":"","overlay-opacity":"","overlay-gradient":""}},"ast-content-background-meta":{"desktop":{"background-color":"var(--ast-global-color-5)","background-image":"","background-repeat":"repeat","background-position":"center center","background-size":"auto","background-attachment":"scroll","background-type":"","background-media":"","overlay-type":"","overlay-color":"","overlay-opacity":"","overlay-gradient":""},"tablet":{"background-color":"var(--ast-global-color-5)","background-image":"","background-repeat":"repeat","background-position":"center center","background-size":"auto","background-attachment":"scroll","background-type":"","background-media":"","overlay-type":"","overlay-color":"","overlay-opacity":"","overlay-gradient":""},"mobile":{"background-color":"var(--ast-global-color-5)","background-image":"","background-repeat":"repeat","background-position":"center center","background-size":"auto","background-attachment":"scroll","background-type":"","background-media":"","overlay-type":"","overlay-color":"","overlay-opacity":"","overlay-gradient":""}},"_joinchat":{"telephone":"+8618077105796"}},"product_brand":[],"product_cat":[235,150,153,144],"product_tag":[236,97,98],"class_list":{"0":"post-3745","1":"product","2":"type-product","3":"status-publish","4":"has-post-thumbnail","6":"product_cat-28000-puff","7":"product_cat-buy-disposable-vapes-in-belgium","8":"product_cat-buy-disposable-vapes-in-italy","9":"product_cat-low-nicotine-disposable-vapes","10":"product_tag-bang-28000-puffs","11":"product_tag-hot-sale-disposable-vape","12":"product_tag-wholesale-price-disposable-vape","13":"desktop-align-left","14":"tablet-align-left","15":"mobile-align-left","17":"first","18":"instock","19":"sale","20":"shipping-taxable","21":"purchasable","22":"product-type-simple"},"acf":[],"uagb_featured_image_src":{"full":["https:\/\/vapestornado.com\/wp-content\/uploads\/2025\/01\/Bang-28000-Puffs-Ultimate-Long-Lasting-Vape.webp",800,800,false],"thumbnail":["https:\/\/vapestornado.com\/wp-content\/uploads\/2025\/01\/Bang-28000-Puffs-Ultimate-Long-Lasting-Vape-150x150.webp",150,150,true],"medium":["https:\/\/vapestornado.com\/wp-content\/uploads\/2025\/01\/Bang-28000-Puffs-Ultimate-Long-Lasting-Vape-300x300.webp",300,300,true],"medium_large":["https:\/\/vapestornado.com\/wp-content\/uploads\/2025\/01\/Bang-28000-Puffs-Ultimate-Long-Lasting-Vape-768x768.webp",768,768,true],"large":["https:\/\/vapestornado.com\/wp-content\/uploads\/2025\/01\/Bang-28000-Puffs-Ultimate-Long-Lasting-Vape.webp",800,800,false],"1536x1536":["https:\/\/vapestornado.com\/wp-content\/uploads\/2025\/01\/Bang-28000-Puffs-Ultimate-Long-Lasting-Vape.webp",800,800,false],"2048x2048":["https:\/\/vapestornado.com\/wp-content\/uploads\/2025\/01\/Bang-28000-Puffs-Ultimate-Long-Lasting-Vape.webp",800,800,false],"trp-custom-language-flag":["https:\/\/vapestornado.com\/wp-content\/uploads\/2025\/01\/Bang-28000-Puffs-Ultimate-Long-Lasting-Vape.webp",12,12,false],"woocommerce_thumbnail":["https:\/\/vapestornado.com\/wp-content\/uploads\/2025\/01\/Bang-28000-Puffs-Ultimate-Long-Lasting-Vape-300x300.webp",300,300,true],"woocommerce_single":["https:\/\/vapestornado.com\/wp-content\/uploads\/2025\/01\/Bang-28000-Puffs-Ultimate-Long-Lasting-Vape-600x600.webp",600,600,true],"woocommerce_gallery_thumbnail":["https:\/\/vapestornado.com\/wp-content\/uploads\/2025\/01\/Bang-28000-Puffs-Ultimate-Long-Lasting-Vape-100x100.webp",100,100,true]},"uagb_author_info":{"display_name":"ESMANDY","author_link":"https:\/\/vapestornado.com\/sk\/author\/"},"uagb_comment_info":0,"uagb_excerpt":"Premium Bang 28000 Puffs Disposable Vape Pen Long-Lasting Bang 28000 Puff Rechargeable Vape Bang 28000 Puffs E-Cigarette with Adjustable Ice Vape Pods [caption id=\"attachment_2951\" align=\"alignnone\" width=\"265\"] Pls Contact Mandy's WhatsApp For Discount Price\u00a0 +8618077105796[\/caption] &nbsp;","_links":{"self":[{"href":"https:\/\/vapestornado.com\/sk\/wp-json\/wp\/v2\/product\/3745","targetHints":{"allow":["GET"]}}],"collection":[{"href":"https:\/\/vapestornado.com\/sk\/wp-json\/wp\/v2\/product"}],"about":[{"href":"https:\/\/vapestornado.com\/sk\/wp-json\/wp\/v2\/types\/product"}],"replies":[{"embeddable":true,"href":"https:\/\/vapestornado.com\/sk\/wp-json\/wp\/v2\/comments?post=3745"}],"wp:featuredmedia":[{"embeddable":true,"href":"https:\/\/vapestornado.com\/sk\/wp-json\/wp\/v2\/media\/3738"}],"wp:attachment":[{"href":"https:\/\/vapestornado.com\/sk\/wp-json\/wp\/v2\/media?parent=3745"}],"wp:term":[{"taxonomy":"product_brand","embeddable":true,"href":"https:\/\/vapestornado.com\/sk\/wp-json\/wp\/v2\/product_brand?post=3745"},{"taxonomy":"product_cat","embeddable":true,"href":"https:\/\/vapestornado.com\/sk\/wp-json\/wp\/v2\/product_cat?post=3745"},{"taxonomy":"product_tag","embeddable":true,"href":"https:\/\/vapestornado.com\/sk\/wp-json\/wp\/v2\/product_tag?post=3745"}],"curies":[{"name":"wp","href":"https:\/\/api.w.org\/{rel}","templated":true}]}}