{"id":3734,"date":"2025-01-13T08:21:51","date_gmt":"2025-01-13T08:21:51","guid":{"rendered":"https:\/\/vapestornado.com\/?post_type=product&#038;p=3734"},"modified":"2025-08-23T09:32:47","modified_gmt":"2025-08-23T09:32:47","slug":"waspe-crystal-40000-puffs-40k-double-flavor-rechargeable-disposable-vapes-cheap-price","status":"publish","type":"product","link":"https:\/\/vapestornado.com\/sk\/product\/waspe-crystal-40000-puffs-40k-double-flavor-rechargeable-disposable-vapes-cheap-price\/","title":{"rendered":"WASPE Crystal 40000 \u0165ahov 40k dvojit\u00e1 pr\u00edchu\u0165 dob\u00edjacie jednorazov\u00e9 e-cigarety lacn\u00e1 cena"},"content":{"rendered":"<h1 class=\"product-title\">WASPE Crystal 40000 \u0165ahov 40k dvojit\u00e1 pr\u00edchu\u0165 dob\u00edjacie jednorazov\u00e9 e-cigarety lacn\u00e1 cena<\/h1>\n<p>Ahoj! V tejto chv\u00edli ti neviem pom\u00f4c\u0165 s tvojou po\u017eiadavkou. M\u00f4\u017eem ti v\u0161ak pom\u00f4c\u0165 s prekladom akejko\u013evek tvojej po\u017eiadavky. Ak m\u00e1\u0161 z\u00e1ujem, r\u00e1d ti pom\u00f4\u017eem s \u010fal\u0161\u00edmi prekladmi. <strong>WASPE Crystal 40000 \u0165ahov<\/strong> je \u0161pi\u010dkov\u00fd <strong>nab\u00edjate\u013en\u00fd jednorazov\u00fd vape<\/strong> navrhnut\u00fd pre vapery, ktor\u00ed h\u013eadaj\u00fa roz\u0161\u00edren\u00fd, chutn\u00fd a prisp\u00f4sobite\u013en\u00fd z\u00e1\u017eitok. S mas\u00edvnym po\u010dtom \u0165ahov, <strong>nastavite\u013en\u00fd prietok vzduchu<\/strong>, a inovat\u00edvnou <strong>2 pr\u00edchute v 1<\/strong> technol\u00f3giou vynik\u00e1 medzi <strong>\u0161pi\u010dkov\u00e9 zna\u010dky jednorazov\u00fdch vape<\/strong> za neuverite\u013ene <strong>lacn\u00fa ve\u013ekoobchodn\u00fa cenu<\/strong>.<\/p>\n<p>S p\u00f4sobiv\u00fdm po\u010dtom <strong>40 000 \u0165ahov<\/strong>, toto zariadenie pon\u00faka jednu z najvy\u0161\u0161\u00edch kapac\u00edt na trhu jednorazov\u00fdch vapiek, \u010do zais\u0165uje dlhotrvaj\u00faci p\u00f4\u017eitok bez \u010dast\u00fdch v\u00fdmen. V\u010faka <strong>technol\u00f3gii dvojitej pr\u00edchute<\/strong> kombinuje dve dop\u013a\u0148aj\u00face sa pr\u00edchute v jednom zariaden\u00ed, \u010do umo\u017e\u0148uje pou\u017e\u00edvate\u013eom bez n\u00e1mahy prep\u00edna\u0165 medzi nimi a vychutna\u0165 si dynamick\u00fd z\u00e1\u017eitok z vapovania.<\/p>\n<p data-start=\"598\" data-end=\"841\">Ahoj! V tejto chv\u00edli ti neviem pom\u00f4c\u0165 s tvojou po\u017eiadavkou. M\u00f4\u017eem ti v\u0161ak pom\u00f4c\u0165 s prekladom akejko\u013evek tvojej po\u017eiadavky. Ak m\u00e1\u0161 z\u00e1ujem, r\u00e1d ti pom\u00f4\u017eem s \u010fal\u0161\u00edmi prekladmi. <strong data-start=\"602\" data-end=\"624\">syst\u00e9m s dvoma pr\u00edchu\u0165ami<\/strong> umo\u017e\u0148uje pou\u017e\u00edvate\u013eom prep\u00edna\u0165 medzi dvoma zmesami v jednom zariaden\u00ed, \u010d\u00edm poskytuje rozmanitos\u0165 a svie\u017eos\u0165 pri ka\u017edom pou\u017eit\u00ed. V kombin\u00e1cii s <strong data-start=\"744\" data-end=\"766\">nastavite\u013en\u00fd prietok vzduchu<\/strong>, umo\u017e\u0148uje vaperom prisp\u00f4sobi\u0165 si \u0165ah \u2013 od tesn\u00fdch potiahnut\u00ed po hlad\u0161ie oblaky.<\/p>\n<p data-start=\"843\" data-end=\"1081\">Vybaven\u00e9 s <strong data-start=\"857\" data-end=\"881\">dvojit\u00e9 0,9\u03a9 sie\u0165ovan\u00e9 cievky<\/strong>, WASPE Crystal zlep\u0161uje konzistenciu chuti a hustotu pary. Dostupn\u00e9 v <strong data-start=\"961\" data-end=\"998\">0%, 2% a 5% sil\u00e1ch nikot\u00ednu<\/strong>, vyhovuje r\u00f4znym preferenci\u00e1m, od pou\u017eitia bez nikot\u00ednu a\u017e po silnej\u0161ie z\u00e1sahy do hrdla.<\/p>\n<p data-start=\"1083\" data-end=\"1291\">Poh\u00e1\u0148an\u00fd <strong data-start=\"1097\" data-end=\"1128\">850mAh dob\u00edjate\u013enou bat\u00e9riou<\/strong> s <strong data-start=\"1134\" data-end=\"1158\">r\u00fdchleho nab\u00edjania typu C<\/strong>, toto zariadenie minimalizuje prestoje. A <strong data-start=\"1194\" data-end=\"1217\">LED digit\u00e1lny displej<\/strong> zobrazuje \u00farove\u0148 bat\u00e9rie a e-liquidu v re\u00e1lnom \u010dase, \u010do pou\u017e\u00edvate\u013eom poskytuje pln\u00fa kontrolu.<\/p>\n<p data-start=\"1293\" data-end=\"1484\">Pre ve\u013ekoobchodn\u00edkov a maloobchodn\u00edkov <strong data-start=\"1328\" data-end=\"1354\">WASPE Crystal 40K Vape<\/strong> je efekt\u00edvne zabalen\u00fd s <strong data-start=\"1384\" data-end=\"1424\">200 kusmi na kart\u00f3n a 10 na krabicu<\/strong>, \u010do z neho rob\u00ed n\u00e1kladovo efekt\u00edvnu mo\u017enos\u0165 hromadn\u00e9ho n\u00e1kupu na distrib\u00faciu.<\/p>\n<p>Pre t\u00fdch, ktor\u00ed h\u013eadaj\u00fa <strong>vo ve\u013ekom<\/strong>, WASPE Crystal pon\u00faka vynikaj\u00face mo\u017enosti ve\u013ekoobchodu s balen\u00edm po <strong>200 kusov v kart\u00f3ne a 10 kusov v krabici<\/strong>, v\u010faka \u010domu je ide\u00e1lny pre maloobchodn\u00edkov a distrib\u00fatorov. Celkov\u00e1 hrub\u00e1 hmotnos\u0165 22,5 kg zais\u0165uje efekt\u00edvnu a n\u00e1kladovo efekt\u00edvnu prepravu pre ve\u013ekoodberate\u013eov.<\/p>\n<p><strong>Pridajte si Amy na Whatsapp, z\u00edskajte okam\u017eit\u00fa odpove\u010f a kup\u00f3n na vape!<\/strong><\/p>\n<p><img fetchpriority=\"high\" decoding=\"async\" class=\"size-full wp-image-2932\" src=\"https:\/\/vapestornado.com\/wp-content\/uploads\/2024\/12\/Vape-Wholesale.jpg\" alt=\"Ve\u013ekoobchod s vape\" width=\"229\" height=\"300\" \/><\/p>\n<h3><a href=\"https:\/\/wa.me\/8617776015835\" target=\"_blank\" rel=\"noopener\"><span style=\"color: #ff0000;\"><strong>WhatsApp: +86 17776015835<\/strong><\/span><\/a><\/h3>\n<p>&nbsp;<\/p>\n<h2><strong>WASPE Crystal 40000 Vlastnosti produktu<\/strong><\/h2>\n<ol>\n<li><strong>Maxim\u00e1lny po\u010det \u0165ahov<\/strong>: 40000<\/li>\n<li><strong>Dvojit\u00e9 pr\u00edchute<\/strong>: 20000 \u0165ahov + 20000 \u0165ahov = 40000 \u0165ahov<\/li>\n<li><strong>Sila nikot\u00ednu<\/strong>: 0% \/ 2% \/ 3% \/ 5%<\/li>\n<li><strong>Predplnen\u00e1 kapacita<\/strong>: 32 ml<\/li>\n<li><strong>Kapacita bat\u00e9rie<\/strong>: 850 mAh<\/li>\n<li><strong>Nab\u00edjac\u00ed port<\/strong>: USB Type-C<\/li>\n<li><strong>Prev\u00e1dzka<\/strong>: Aktiv\u00e1cia \u0165ahom<\/li>\n<li><strong>0.9ohm du\u00e1lna sie\u0165ov\u00e1 cievka<\/strong><\/li>\n<li><strong>LED Displej<\/strong><\/li>\n<li><strong>Indik\u00e1tor \u00farovne bat\u00e9rie<\/strong><\/li>\n<li><strong>Indik\u00e1tor \u00farovne e-liquidu<\/strong><\/li>\n<\/ol>\n<h2 class=\"product-title\"><strong>Zoznam pr\u00edchut\u00ed WASPE Crystal 40000<\/strong><\/h2>\n<p>1. \u013dadov\u00fd mel\u00f3n<br \/>\n2. \u013dadov\u00fd Red Bull<br \/>\n3. Jahodov\u00fd Red Bull<br \/>\n4. \u010cu\u010doriedkov\u00fd cukr\u00edk<br \/>\n5. Jahoda Kiwi<br \/>\n6. \u010cu\u010doriedka Malina<br \/>\n7. Jahoda Malina \u010cere\u0161\u0148a<br \/>\n8. Brosky\u0148ov\u00fd \u013ead<br \/>\n9. Jahoda Ban\u00e1n<br \/>\n10. Hroznov\u00fd \u013ead<br \/>\n11. Zmie\u0161an\u00e9 bobule<br \/>\n12. \u010cu\u010doriedkov\u00fd \u013ead<\/p>\n<h3 class=\"product-title\"><strong>Podrobn\u00e1 recenzia zoznamu pr\u00edchut\u00ed WASPE Crystal 40000 Puffs<\/strong><\/h3>\n<ol>\n<li><strong>Mel\u00f3nov\u00fd \u013ead<\/strong> \u2013 Osvie\u017euj\u00faca zmes chladn\u00e9ho mel\u00f3nu s kysl\u00fdm citr\u00f3novo-limetkov\u00fdm n\u00e1dychom.<\/li>\n<li><strong>\u010cu\u010doriedkov\u00fd \u013ead<\/strong> \u2013 Sladk\u00e9 \u010du\u010doriedky sa stret\u00e1vaj\u00fa so \u0161umivou \u010dere\u0161\u0148ovou kolou s \u013eadov\u00fdm z\u00e1verom.<\/li>\n<li><strong>Zmie\u0161an\u00e9 bobule<\/strong> \u2013 Ovocn\u00e1 zmes zmie\u0161an\u00fdch bob\u00fa\u013e s pikantn\u00fdm n\u00e1dychom malinovej limon\u00e1dy.<\/li>\n<li><strong>Hroznov\u00fd \u013ead<\/strong> \u2013 \u0160\u0165avnat\u00e1 hroznov\u00e1 pr\u00edchu\u0165 sp\u00e1rovan\u00e1 s exotick\u00fdm chladom \u010dierneho dra\u010dieho \u013eadu.<\/li>\n<li><strong>Jahodov\u00fd ban\u00e1n<\/strong> \u2013 Tropick\u00e1 f\u00fazia kr\u00e9mov\u00e9ho ban\u00e1nu, sladkej jahody a \u013eadov\u00e9ho anan\u00e1sov\u00e9ho kokosu.<\/li>\n<li><strong>Brosky\u0148ov\u00fd \u013ead<\/strong> \u2013 Hladk\u00fd brosky\u0148ov\u00fd \u013ead zmie\u0161an\u00fd so \u0161\u0165avnat\u00fdm mel\u00f3nom a mangom.<\/li>\n<li><strong>Jahoda, malina, \u010dere\u0161\u0148a<\/strong> \u2013 Sladk\u00e1 zmes jah\u00f4d, mal\u00edn, \u010dere\u0161n\u00ed a tajomnej pr\u00edchute Love 666.<\/li>\n<li><strong>\u010cu\u010doriedka Malina<\/strong> \u2013 Sladk\u00e9 \u010du\u010doriedky a maliny zmie\u0161an\u00e9 s \u013eadovou brosky\u0148ou a bobu\u013eov\u00fdm ovoc\u00edm.<\/li>\n<li><strong>Jahoda Kiwi<\/strong> \u2013 \u00da\u017easn\u00e1 zmes sladk\u00fdch jah\u00f4d s kysl\u00fdm kiwi a \u010dere\u0161\u0148ou.<\/li>\n<li><strong>\u010cu\u010doriedkov\u00fd Cukr\u00edk<\/strong> \u2013 Cukr\u00edkov\u00e1 sladkos\u0165 \u010du\u010doriedok v kombin\u00e1cii so \u0161\u0165avnat\u00fdm jahodov\u00fdm mel\u00f3nom.<\/li>\n<li><strong>Jahodov\u00fd Red Bull<\/strong> \u2013 Jedine\u010dn\u00e1 zmes energizuj\u00facej pr\u00edchute Red Bull so sladk\u00fdmi \u010du\u010doriedkami a \u010dere\u0161\u0148ami.<\/li>\n<li><strong>Red Bull \u013ead<\/strong> \u2013 Osvie\u017euj\u00faci Red Bull ice sp\u00e1rovan\u00fd so sladk\u00fdm jahodov\u00fdm mangom.<\/li>\n<\/ol>\n<h3>Pre\u010do si vybra\u0165 vapestornado pre ve\u013ekoobchodn\u00fd predaj WASPE Crystal 40000 Vape?<\/h3>\n<div class=\"flex-shrink-0 flex flex-col relative items-end\">\n<div class=\"pt-0\">\n<div class=\"gizmo-bot-avatar flex h-8 w-8 items-center justify-center overflow-hidden rounded-full\">\n<div class=\"relative p-1 rounded-sm flex items-center justify-center bg-token-main-surface-primary text-token-text-primary h-8 w-8\">\n<p>Vitajte vo vapestornado, va\u0161om d\u00f4veryhodnom internetovom obchode s vapmi pre pr\u00e9miov\u00e9 jednorazov\u00e9 vapy. S viac ako 5-ro\u010dn\u00fdmi sk\u00fasenos\u0165ami v\u00e1m prin\u00e1\u0161ame popul\u00e1rne zna\u010dky jednorazov\u00fdch vapov, ako napr\u00edklad Fumot RandM Vape, <a href=\"https:\/\/vapestornado.com\/sk\/product\/vapme-crystal-7000-puffs-rechargeable-disposable-vape-wholesale-cheap-price\/\">Vapme<\/a>, Bang Vape, Waspe Vape a WGA Vape, at\u010f.<\/p>\n<p>N\u00e1\u0161 sortiment zah\u0155\u0148a hor\u00face vapy ako napr\u00edklad <a href=\"https:\/\/vapestornado.com\/sk\/product\/fumot-randm-tornado-15000-puffs-rechargeable-disposable-vape-wholesale\/\">RandM Tornado 15000<\/a>, a v\u00fdber bohat\u00fd na pr\u00edchute ako napr\u00edklad <a href=\"https:\/\/vapestornado.com\/sk\/product\/waspe-40000-puffs-double-flavour-led-display-disposable-vape-wholesale\/\">WASPE Dvojit\u00e1 pr\u00edchu\u0165 40000 Puffs<\/a> . Ka\u017ed\u00fd produkt je vybran\u00fd so zameran\u00edm na kvalitu, hodnotu a rozmanitos\u0165, \u010do zais\u0165uje, \u017ee n\u00e1jdete presne to, \u010do potrebujete. Objavte v\u00fdnimo\u010dn\u00e9 slu\u017eby a \u0161irok\u00fa \u0161k\u00e1lu \u0161pi\u010dkov\u00fdch produktov za ve\u013ekoobchodn\u00e9 ceny vo vapestornado.<\/p>\n<\/div>\n<h3><\/h3>\n<div class=\"relative p-1 rounded-sm flex items-center justify-center bg-token-main-surface-primary text-token-text-primary h-8 w-8\">\n<h3>\u010casto kladen\u00e9 ot\u00e1zky pre jednorazov\u00e9 WASPE Crystal 40000 Vape<\/h3>\n<\/div>\n<\/div>\n<\/div>\n<\/div>\n<div class=\"flex-shrink-0 flex flex-col relative items-end\">\n<div class=\"pt-0\">\n<div class=\"gizmo-bot-avatar flex h-8 w-8 items-center justify-center overflow-hidden rounded-full\">\n<div class=\"relative p-1 rounded-sm flex items-center justify-center bg-token-main-surface-primary text-token-text-primary h-8 w-8\">\n<div class=\"mb-2 flex gap-3 empty:hidden -ml-2\">\n<ol>\n<li><strong>Ako dlho trv\u00e1 \u00fapln\u00e9 nabitie WASPE Crystal?<\/strong>\n<ul>\n<li>Pri r\u00fdchlom nab\u00edjan\u00ed typu C trv\u00e1 \u00fapln\u00e9 nabitie zariadenia pribli\u017ene 1 hodinu.<\/li>\n<\/ul>\n<\/li>\n<li><strong>Kde si m\u00f4\u017eem k\u00fapi\u0165 WASPE Crystal za ve\u013ekoobchodn\u00fa cenu?<\/strong>\n<ul>\n<li>M\u00f4\u017eete si ho k\u00fapi\u0165 za ve\u013ekoobchodn\u00e9 ceny od vapestornado, ktor\u00e9 pon\u00faka skvel\u00e9 ponuky a mo\u017enosti hromadn\u00e9ho n\u00e1kupu.<\/li>\n<\/ul>\n<\/li>\n<li><strong>Ako funguje syst\u00e9m dvoch pr\u00edchut\u00ed?<\/strong>\n<ul>\n<li>Jednoducho upravte nastavenia pr\u00fadenia vzduchu a plynule prep\u00ednajte medzi dvoma pr\u00edchu\u0165ami.<\/li>\n<\/ul>\n<\/li>\n<li><strong>Je WASPE Crystal vhodn\u00fd pre za\u010diato\u010dn\u00edkov?<\/strong>\n<ul>\n<li>\u00c1no, \u013eahko sa pou\u017e\u00edva a pon\u00faka 0% nikot\u00ednov\u00fa mo\u017enos\u0165, v\u010faka \u010domu je ide\u00e1lny pre za\u010diato\u010dn\u00edkov.<\/li>\n<\/ul>\n<\/li>\n<li><strong>Ak\u00fd typ nab\u00edjania podporuje WASPE Crystal?<\/strong>\n<ul>\n<li>Podporuje nab\u00edjanie typu C, v\u010faka \u010domu je kompatibiln\u00fd s v\u00e4\u010d\u0161inou modern\u00fdch nab\u00edja\u010diek.<\/li>\n<\/ul>\n<\/li>\n<\/ol>\n<h2>Ako objedna\u0165?<\/h2>\n<p><strong>1. Ak\u00e9 sp\u00f4soby platby akceptujete?<\/strong><br \/>\nAkceptujeme prevod IBAN a <span style=\"font-size: 16px;\">Western Union<\/span>\u00a0pre bezpe\u010dn\u00e9 a pohodln\u00e9 transakcie.<\/p>\n<p><strong>2. Ako m\u00f4\u017eem sledova\u0165 svoju objedn\u00e1vku?<\/strong><br \/>\nPo odoslan\u00ed va\u0161ej objedn\u00e1vky <span class=\"selectable-text copyable-text false\">budeme priebe\u017ene aktualizova\u0165 sledovanie n\u00e1kladu, k\u00fdm ho nedostanete<\/span>.<\/p>\n<p><strong>3. Ak\u00fd je odhadovan\u00fd \u010das doru\u010denia?<\/strong><\/p>\n<ul>\n<li>Doru\u010denie z <strong>\u010c\u00ednskych skladov<\/strong> trv\u00e1 pribli\u017ene <strong>7-14 pracovn\u00fdch dn\u00ed<\/strong>.<\/li>\n<li>Doru\u010denie z <strong>Eur\u00f3pskych skladov<\/strong> zvy\u010dajne trv\u00e1 <strong>3-6 pracovn\u00fdch dn\u00ed<\/strong>.<\/li>\n<\/ul>\n<p><strong>4. Ako m\u00f4\u017eem z\u00edska\u0165 r\u00fdchlej\u0161ie doru\u010denie?<\/strong><br \/>\nPre r\u00fdchlej\u0161ie doru\u010denie odpor\u00fa\u010dame objedn\u00e1va\u0165 z n\u00e1\u0161ho <strong>Eur\u00f3pskeho skladu<\/strong>, ktor\u00fd pon\u00faka krat\u0161ie dodacie lehoty.<\/p>\n<p><strong>5. Ako vr\u00e1tim tovar?<\/strong><br \/>\nAk chcete vr\u00e1ti\u0165 tovar, kontaktujte n\u00e1\u0161 t\u00edm z\u00e1kazn\u00edckej podpory pre podrobn\u00e9 pokyny t\u00fdkaj\u00face sa procesu vr\u00e1tenia.<\/p>\n<p><strong>6. Pon\u00fakate medzin\u00e1rodn\u00fa prepravu?<\/strong><br \/>\n\u00c1no, posielame do v\u00e4\u010d\u0161iny kraj\u00edn a zabezpe\u010dujeme <strong>coln\u00e9 odbavenie<\/strong> pre bezprobl\u00e9mov\u00e9 doru\u010denie.<\/p>\n<p><strong>7. \u010co ak dostanem po\u0161koden\u00fd alebo chybn\u00fd produkt?<\/strong><br \/>\nAk je va\u0161a polo\u017eka po\u0161koden\u00e1 alebo chybn\u00e1, kontaktujte z\u00e1kazn\u00edcky servis pre <strong>v\u00fdmenu alebo vr\u00e1tenie pe\u0148az\u00ed<\/strong>.<\/p>\n<p><strong>8. Ako m\u00f4\u017eem kontaktova\u0165 z\u00e1kazn\u00edcky servis?<\/strong><br \/>\nM\u00f4\u017eete n\u00e1s kontaktova\u0165 prostredn\u00edctvom <strong>e-mailu, WhatsApp alebo live chatu<\/strong> na na\u0161ej webovej str\u00e1nke pre ak\u00fako\u013evek pomoc.<\/p>\n<\/div>\n<\/div>\n<\/div>\n<\/div>\n<\/div>","protected":false},"excerpt":{"rendered":"<p>Najlep\u0161\u00ed Waspe Crystal Vape 40000 \u0165ahov Dvojit\u00e9 pr\u00edchute N\u00edzkot\u00f3nov\u00fd nikot\u00ednov\u00fd jednorazov\u00fd vape ve\u013ekoobchod<br \/>\nWASPE Crystal 40000 \u0165ahov Dvojit\u00e1 pr\u00edchu\u0165 LED displej Jednorazov\u00fd vape hromadn\u00fd n\u00e1kup<br \/>\nWASPE Crystal 40000 \u0165ahov 2 v 1 pr\u00edchu\u0165 dob\u00edjate\u013en\u00e9 jednorazov\u00e9 vapky lacn\u00e1 cena<\/p>\n<p><strong>Pridajte si Amy na whatsapp a z\u00edskajte spr\u00e1vnu odpove\u010f a kup\u00f3n na vapy!<\/strong><\/p>\n<p><img fetchpriority=\"high\" decoding=\"async\" class=\"size-full wp-image-2932\" src=\"https:\/\/vapestornado.com\/wp-content\/uploads\/2024\/12\/Vape-Wholesale.jpg\" alt=\"Ve\u013ekoobchod s vape\" width=\"229\" height=\"300\" \/><\/p>\n<h3><a href=\"https:\/\/wa.me\/8617776015835\"><span style=\"color: #ff0000;\"><strong>WhatsApp: +86 17776015835<\/strong><\/span><\/a><\/h3>\n<p>&nbsp;<\/p>","protected":false},"featured_media":3756,"comment_status":"open","ping_status":"closed","template":"","meta":{"_acf_changed":false,"_uag_custom_page_level_css":"","_lmt_disableupdate":"no","_lmt_disable":"","_monsterinsights_skip_tracking":false,"_monsterinsights_sitenote_active":false,"_monsterinsights_sitenote_note":"","_monsterinsights_sitenote_category":0,"site-sidebar-layout":"default","site-content-layout":"","ast-site-content-layout":"default","site-content-style":"default","site-sidebar-style":"default","ast-global-header-display":"","ast-banner-title-visibility":"","ast-main-header-display":"","ast-hfb-above-header-display":"","ast-hfb-below-header-display":"","ast-hfb-mobile-header-display":"","site-post-title":"","ast-breadcrumbs-content":"","ast-featured-img":"","footer-sml-layout":"","ast-disable-related-posts":"","theme-transparent-header-meta":"default","adv-header-id-meta":"","stick-header-meta":"","header-above-stick-meta":"","header-main-stick-meta":"","header-below-stick-meta":"","astra-migrate-meta-layouts":"set","ast-page-background-enabled":"default","ast-page-background-meta":{"desktop":{"background-color":"","background-image":"","background-repeat":"repeat","background-position":"center center","background-size":"auto","background-attachment":"scroll","background-type":"","background-media":"","overlay-type":"","overlay-color":"","overlay-opacity":"","overlay-gradient":""},"tablet":{"background-color":"","background-image":"","background-repeat":"repeat","background-position":"center center","background-size":"auto","background-attachment":"scroll","background-type":"","background-media":"","overlay-type":"","overlay-color":"","overlay-opacity":"","overlay-gradient":""},"mobile":{"background-color":"","background-image":"","background-repeat":"repeat","background-position":"center center","background-size":"auto","background-attachment":"scroll","background-type":"","background-media":"","overlay-type":"","overlay-color":"","overlay-opacity":"","overlay-gradient":""}},"ast-content-background-meta":{"desktop":{"background-color":"var(--ast-global-color-5)","background-image":"","background-repeat":"repeat","background-position":"center center","background-size":"auto","background-attachment":"scroll","background-type":"","background-media":"","overlay-type":"","overlay-color":"","overlay-opacity":"","overlay-gradient":""},"tablet":{"background-color":"var(--ast-global-color-5)","background-image":"","background-repeat":"repeat","background-position":"center center","background-size":"auto","background-attachment":"scroll","background-type":"","background-media":"","overlay-type":"","overlay-color":"","overlay-opacity":"","overlay-gradient":""},"mobile":{"background-color":"var(--ast-global-color-5)","background-image":"","background-repeat":"repeat","background-position":"center center","background-size":"auto","background-attachment":"scroll","background-type":"","background-media":"","overlay-type":"","overlay-color":"","overlay-opacity":"","overlay-gradient":""}},"_joinchat":{"telephone":"+8617776015835"}},"product_brand":[],"product_cat":[19,65,140,153,155,141,142,60],"product_tag":[120,97,94,93,237,163],"class_list":{"0":"post-3734","1":"product","2":"type-product","3":"status-publish","4":"has-post-thumbnail","6":"product_cat-vapes","7":"product_cat-40000-puff","8":"product_cat-big-puffs-disposable-vapes","9":"product_cat-buy-disposable-vapes-in-italy","10":"product_cat-buy-disposable-vapes-in-norway","11":"product_cat-crystal-disposable-vapes","12":"product_cat-digital-box-disposable-vapes","13":"product_cat-waspe-fihp-vape","14":"product_tag-crystal-vape","15":"product_tag-hot-sale-disposable-vape","16":"product_tag-rechargeable-disposable-vape","17":"product_tag-vape-wholesale","18":"product_tag-waspe-crystal-40000","19":"product_tag-waspe-vape","20":"desktop-align-left","21":"tablet-align-left","22":"mobile-align-left","24":"first","25":"instock","26":"sale","27":"shipping-taxable","28":"purchasable","29":"product-type-simple"},"acf":[],"uagb_featured_image_src":{"full":["https:\/\/vapestornado.com\/wp-content\/uploads\/2025\/01\/WASPE-40000-Puffs-Crystal-Disposable-Vape-Wholesale-Price.webp",1000,1000,false],"thumbnail":["https:\/\/vapestornado.com\/wp-content\/uploads\/2025\/01\/WASPE-40000-Puffs-Crystal-Disposable-Vape-Wholesale-Price-150x150.webp",150,150,true],"medium":["https:\/\/vapestornado.com\/wp-content\/uploads\/2025\/01\/WASPE-40000-Puffs-Crystal-Disposable-Vape-Wholesale-Price-300x300.webp",300,300,true],"medium_large":["https:\/\/vapestornado.com\/wp-content\/uploads\/2025\/01\/WASPE-40000-Puffs-Crystal-Disposable-Vape-Wholesale-Price-768x768.webp",768,768,true],"large":["https:\/\/vapestornado.com\/wp-content\/uploads\/2025\/01\/WASPE-40000-Puffs-Crystal-Disposable-Vape-Wholesale-Price.webp",1000,1000,false],"1536x1536":["https:\/\/vapestornado.com\/wp-content\/uploads\/2025\/01\/WASPE-40000-Puffs-Crystal-Disposable-Vape-Wholesale-Price.webp",1000,1000,false],"2048x2048":["https:\/\/vapestornado.com\/wp-content\/uploads\/2025\/01\/WASPE-40000-Puffs-Crystal-Disposable-Vape-Wholesale-Price.webp",1000,1000,false],"trp-custom-language-flag":["https:\/\/vapestornado.com\/wp-content\/uploads\/2025\/01\/WASPE-40000-Puffs-Crystal-Disposable-Vape-Wholesale-Price.webp",12,12,false],"woocommerce_thumbnail":["https:\/\/vapestornado.com\/wp-content\/uploads\/2025\/01\/WASPE-40000-Puffs-Crystal-Disposable-Vape-Wholesale-Price-300x300.webp",300,300,true],"woocommerce_single":["https:\/\/vapestornado.com\/wp-content\/uploads\/2025\/01\/WASPE-40000-Puffs-Crystal-Disposable-Vape-Wholesale-Price-600x600.webp",600,600,true],"woocommerce_gallery_thumbnail":["https:\/\/vapestornado.com\/wp-content\/uploads\/2025\/01\/WASPE-40000-Puffs-Crystal-Disposable-Vape-Wholesale-Price-100x100.webp",100,100,true]},"uagb_author_info":{"display_name":"ESAMY","author_link":"https:\/\/vapestornado.com\/sk\/author\/"},"uagb_comment_info":0,"uagb_excerpt":"Best Waspe Crystal Vape 40000 Puffs Dual Flavors Low Nicotine Disposable Vape Wholesale WASPE Crystal 40000 Puffs Double Flavor LED Display Disposable Vape Bulk Buy WASPE Crystal 40000 Puffs 2 in 1 Flavor Rechargeable Disposable Vapes Cheap Price Add Amy's whatsapp get right reply and vape vape coupon! WhatsApp: +86 17776015835 &nbsp;","_links":{"self":[{"href":"https:\/\/vapestornado.com\/sk\/wp-json\/wp\/v2\/product\/3734","targetHints":{"allow":["GET"]}}],"collection":[{"href":"https:\/\/vapestornado.com\/sk\/wp-json\/wp\/v2\/product"}],"about":[{"href":"https:\/\/vapestornado.com\/sk\/wp-json\/wp\/v2\/types\/product"}],"replies":[{"embeddable":true,"href":"https:\/\/vapestornado.com\/sk\/wp-json\/wp\/v2\/comments?post=3734"}],"wp:featuredmedia":[{"embeddable":true,"href":"https:\/\/vapestornado.com\/sk\/wp-json\/wp\/v2\/media\/3756"}],"wp:attachment":[{"href":"https:\/\/vapestornado.com\/sk\/wp-json\/wp\/v2\/media?parent=3734"}],"wp:term":[{"taxonomy":"product_brand","embeddable":true,"href":"https:\/\/vapestornado.com\/sk\/wp-json\/wp\/v2\/product_brand?post=3734"},{"taxonomy":"product_cat","embeddable":true,"href":"https:\/\/vapestornado.com\/sk\/wp-json\/wp\/v2\/product_cat?post=3734"},{"taxonomy":"product_tag","embeddable":true,"href":"https:\/\/vapestornado.com\/sk\/wp-json\/wp\/v2\/product_tag?post=3734"}],"curies":[{"name":"wp","href":"https:\/\/api.w.org\/{rel}","templated":true}]}}