{"id":3726,"date":"2025-01-13T07:22:44","date_gmt":"2025-01-13T07:22:44","guid":{"rendered":"https:\/\/vapestornado.com\/?post_type=product&#038;p=3726"},"modified":"2025-08-23T12:33:57","modified_gmt":"2025-08-23T12:33:57","slug":"bang-king-35k-35000-puffs-2-in-1-dual-flavour-disposable-vape-wholesale-cheap-price","status":"publish","type":"product","link":"https:\/\/vapestornado.com\/sk\/product\/bang-king-35k-35000-puffs-2-in-1-dual-flavour-disposable-vape-wholesale-cheap-price\/","title":{"rendered":"Bang King 35K 35000 \u0164ahov 2 v 1 Dvojit\u00e1 Pr\u00edchu\u0165 Jednorazov\u00e1 Vape Ve\u013ekoobchod Lacn\u00e1 Cena"},"content":{"rendered":"<h1 class=\"product-title\">Bang King 35K 35000 \u0164ahov 2 v 1 Dvojit\u00e1 Pr\u00edchu\u0165 Jednorazov\u00e1 Vape Ve\u013ekoobchod Lacn\u00e1 Cena<\/h1>\n<p>&nbsp;<\/p>\n<p>Pre\u010do je <strong>Bang King 35K 35000 \u0164ahov 2 v 1 Du\u00e1lna Pr\u00edchu\u0165 Jednorazov\u00e1 Vape<\/strong> z\u00edskava na popularite? Toto zariadenie kombinuje pohodlie, chu\u0165 a cenov\u00fa dostupnos\u0165. S elegantn\u00fdm digit\u00e1lnym displejom, p\u00f4sobiv\u00fdm po\u010dtom \u0165ahov a dvoma odli\u0161n\u00fdmi pr\u00edchu\u0165ami v jednom zariaden\u00ed, t\u00e1to vape nanovo definuje, \u010do m\u00f4\u017eu jednorazov\u00e9 vapy pon\u00faknu\u0165.<\/p>\n<p>Rozl\u00fa\u010dte sa s \u010dast\u00fdmi v\u00fdmenami! S \u00fa\u017easn\u00fdm po\u010dtom <strong>35 000 \u0165ahov<\/strong>, Bang King 35K zais\u0165uje dlhotrvaj\u00facu spokojnos\u0165, \u010do z neho rob\u00ed jeden z najviac <strong>popul\u00e1rnych jednorazov\u00fdch vapov<\/strong> na trhu. Pre\u010do sa uspokoji\u0165 s jednou pr\u00edchu\u0165ou, ke\u010f m\u00f4\u017eete ma\u0165 dve? U\u017eite si <strong>dizajn 2 v 1 s pr\u00edchu\u0165ou<\/strong>, ktor\u00fd v\u00e1m umo\u017en\u00ed prep\u00edna\u0165 medzi dvoma neuverite\u013en\u00fdmi pr\u00edchu\u0165ami v jednom zariaden\u00ed. Vychutnajte si dvojn\u00e1sobn\u00fa chu\u0165, v\u0161etko v jednom elegantnom balen\u00ed. Majte v\u0161etko pod kontrolou s <strong>LED dotykovou obrazovkou<\/strong>. Zobrazuje v\u00fddr\u017e bat\u00e9rie, hladinu e-liquidu a umo\u017e\u0148uje v\u00e1m upravi\u0165 nastavenia pr\u00fadenia vzduchu a v\u00fdkonu pre prisp\u00f4sobite\u013en\u00fd z\u00e1\u017eitok.<\/p>\n<p>S tromi re\u017eimami pr\u00fadenia vzduchu m\u00f4\u017eete \u013eahko vyladi\u0165 \u0165ah pod\u013ea svojich preferenci\u00ed. \u010ci u\u017e uprednost\u0148ujete jemn\u00e9 alebo robustn\u00e9 \u0165ahy, t\u00e1to vape sa v\u00e1m prisp\u00f4sob\u00ed. The <strong>700mAh nab\u00edjate\u013en\u00e1 bat\u00e9ria<\/strong> a <strong>Nab\u00edjanie typu C<\/strong> zais\u0165uje r\u00fdchle a efekt\u00edvne nab\u00edjanie, v\u010faka \u010domu je va\u0161e zariadenie nap\u00e1jan\u00e9 po cel\u00fd de\u0148. The <strong>35ML n\u00e1dr\u017eka na e-liquid<\/strong> zni\u017euje potrebu \u010dast\u00e9ho dop\u013a\u0148ania a pon\u00faka viac neru\u0161en\u00e9ho vapovania. Ide\u00e1lne pre hromadn\u00fdch kupuj\u00facich, the <strong>ve\u013ekoobchodn\u00fa cenu<\/strong> je ide\u00e1lny pre predajcov a nad\u0161encov vapingu, ktor\u00ed h\u013eadaj\u00fa najlep\u0161iu ponuku.<\/p>\n<p><span style=\"color: #ff0000;\"><strong>Pridajte si Amy na Whatsapp, z\u00edskajte okam\u017eit\u00fa odpove\u010f a kup\u00f3n na vape!<\/strong><\/span><\/p>\n<p><img fetchpriority=\"high\" decoding=\"async\" class=\"size-full wp-image-2932\" src=\"https:\/\/vapestornado.com\/wp-content\/uploads\/2024\/12\/Vape-Wholesale.jpg\" alt=\"Ve\u013ekoobchod s vape\" width=\"229\" height=\"300\" \/><\/p>\n<h3><a href=\"https:\/\/wa.me\/8617776015835\" target=\"_blank\" rel=\"noopener\"><span style=\"color: #ff0000;\"><strong>WhatsApp: +86 17776015835<\/strong><\/span><\/a><\/h3>\n<p>&nbsp;<\/p>\n<h2 class=\"product-title\"><strong>Vlastnosti produktu Bang King 35K<\/strong><\/h2>\n<div role=\"article\" data-tabster=\"{&quot;groupper&quot;:{&quot;tabbability&quot;:2},&quot;focusable&quot;:{}}\" data-content=\"ai-message\" aria-labelledby=\"juhNTJ6o7Gk1cgwZMJgv2-author juhNTJ6o7Gk1cgwZMJgv2-content\">\n<div id=\"juhNTJ6o7Gk1cgwZMJgv2-content\">\n<div role=\"article\" data-tabster=\"{&quot;groupper&quot;:{&quot;tabbability&quot;:2},&quot;focusable&quot;:{}}\" data-content=\"ai-message\" aria-labelledby=\"x4EZuCZWrTbh3weWUt7CU-author x4EZuCZWrTbh3weWUt7CU-content\">\n<div id=\"x4EZuCZWrTbh3weWUt7CU-content\">\n<div class=\"flex max-w-full flex-col flex-grow\">\n<div class=\"min-h-8 text-message flex w-full flex-col items-end gap-2 whitespace-normal break-words text-start [.text-message+&amp;]:mt-5\" dir=\"auto\" data-message-author-role=\"assistant\" data-message-id=\"52c6e00a-252f-4104-805d-2f1a84739c71\" data-message-model-slug=\"gpt-4o\">\n<div class=\"flex w-full flex-col gap-1 empty:hidden first:pt-[3px]\">\n<div class=\"markdown prose w-full break-words dark:prose-invert light\">\n<div class=\"flex max-w-full flex-col flex-grow\">\n<div class=\"min-h-8 text-message flex w-full flex-col items-end gap-2 whitespace-normal break-words text-start [.text-message+&amp;]:mt-5\" dir=\"auto\" data-message-author-role=\"assistant\" data-message-id=\"3c321776-aace-4a97-95f3-35c104de1c0a\" data-message-model-slug=\"gpt-4o\">\n<div class=\"flex w-full flex-col gap-1 empty:hidden first:pt-[3px]\">\n<div class=\"markdown prose w-full break-words dark:prose-invert light\">\n<h3><\/h3>\n<ul>\n<li><strong>Potiahnut\u00ed:<\/strong> A\u017e 35 000<\/li>\n<li><strong>Bat\u00e9ria:<\/strong> 700mAh nab\u00edjate\u013en\u00e1 s nab\u00edjan\u00edm typu C<\/li>\n<li><strong>Pr\u00edchute:<\/strong> Dvojit\u00e1 pr\u00edchu\u0165 v jednom zariaden\u00ed<\/li>\n<li><strong>Pr\u00fadenie vzduchu:<\/strong> Prisp\u00f4sobite\u013en\u00e9 s tromi re\u017eimami<\/li>\n<li><strong>Kapacita E-liquidu:<\/strong> 35ML<\/li>\n<li><strong>Digit\u00e1lny displej:<\/strong> LED dotykov\u00e1 obrazovka na monitorovanie a \u00fapravy<\/li>\n<li><strong>Prenosnos\u0165:<\/strong> \u013dahk\u00fd dizajn, ide\u00e1lny na cesty<\/li>\n<\/ul>\n<\/div>\n<\/div>\n<\/div>\n<\/div>\n<\/div>\n<\/div>\n<\/div>\n<\/div>\n<div class=\"mb-2 flex gap-3 empty:hidden -ml-2\">\n<figure id=\"attachment_3733\" aria-describedby=\"caption-attachment-3733\" style=\"width: 800px\" class=\"wp-caption alignnone\"><img decoding=\"async\" class=\"wp-image-3733 size-full\" src=\"https:\/\/vapestornado.com\/wp-content\/uploads\/2025\/01\/Bangking-Vape-36000-Disposable-Vape-Wholesale.webp\" alt=\"Ve\u013ekoobchod s jednorazov\u00fdmi vape Bangking Vape 35000\" width=\"800\" height=\"800\" srcset=\"https:\/\/vapestornado.com\/wp-content\/uploads\/2025\/01\/Bangking-Vape-36000-Disposable-Vape-Wholesale.webp 800w, https:\/\/vapestornado.com\/wp-content\/uploads\/2025\/01\/Bangking-Vape-36000-Disposable-Vape-Wholesale-300x300.webp 300w, https:\/\/vapestornado.com\/wp-content\/uploads\/2025\/01\/Bangking-Vape-36000-Disposable-Vape-Wholesale-150x150.webp 150w, https:\/\/vapestornado.com\/wp-content\/uploads\/2025\/01\/Bangking-Vape-36000-Disposable-Vape-Wholesale-768x768.webp 768w, https:\/\/vapestornado.com\/wp-content\/uploads\/2025\/01\/Bangking-Vape-36000-Disposable-Vape-Wholesale-600x600.webp 600w, https:\/\/vapestornado.com\/wp-content\/uploads\/2025\/01\/Bangking-Vape-36000-Disposable-Vape-Wholesale-100x100.webp 100w\" sizes=\"(max-width: 800px) 100vw, 800px\" \/><figcaption id=\"caption-attachment-3733\" class=\"wp-caption-text\">Ve\u013ekoobchod s jednorazov\u00fdmi vape Bangking Vape 35000<\/figcaption><\/figure>\n<\/div>\n<\/div>\n<\/div>\n<\/div>\n<\/div>\n<h2 class=\"product-title\"><strong>Popul\u00e1rna pr\u00edchu\u0165 pre Bang King 35K<\/strong><strong>\u00a0<\/strong><strong>Jednorazov\u00e9 e-cigarety<\/strong><\/h2>\n<p>\u010ci u\u017e uprednost\u0148ujete tropick\u00fd \u00fanik alebo mraziv\u00fa rozko\u0161, <strong>Jednorazov\u00e1 vape Bangking 35000 Puffs s dvojitou pr\u00edchu\u0165ou<\/strong> m\u00e1 dokonal\u00fa kombin\u00e1ciu na uspokojenie va\u0161ich chu\u0165ov\u00fdch poh\u00e1rikov! Ak\u00e1 je ob\u013e\u00faben\u00e1 pr\u00edchu\u0165 pre BANG KING 35000 Vape? Zistite, \u010do hovoria na\u0161i z\u00e1kazn\u00edci.<\/p>\n<p>1.Blue Razz Ice + Juicy Peach Ice<br \/>\n2.Strawberry Watermelon + Watermelon Ice <span style=\"color: #ff0000;\"><strong>&gt;&gt;&gt;&gt; Hor\u00face !<\/strong><\/span><br \/>\n3. Jahodovo-ban\u00e1n + Dvojit\u00e1 jablko<br \/>\n4. Trojzrnkov\u00e1 bobu\u013ea s \u013eadom + Tropick\u00e9 ovocie<br \/>\n5. \u010cere\u0161\u0148ov\u00fd v\u00fdbuch + Hroznov\u00e9 \u013eadov\u00e9 <span style=\"color: #ff0000;\"><strong>&gt;&gt;&gt;&gt; Hor\u00face !<\/strong><\/span><br \/>\n6. Brosky\u0148a mango + Jahodov\u00e9 mango<br \/>\n7. Mango limetka + Chladn\u00e1 m\u00e4ta<br \/>\n8. \u010cere\u0161\u0148ov\u00fd pop + P\u00e1n Modr\u00fd<br \/>\n9. \u010cierny drak \u013ead + Jahodovo-kiwi<br \/>\n10. Red Bull + Brosky\u0148a a bobu\u013eov\u00e9 ovocie <span style=\"color: #ff0000;\"><strong>&gt;&gt;&gt;&gt; Hor\u00face !<\/strong><\/span><br \/>\n11. Ru\u017eov\u00e1 limon\u00e1da + Mr. Blue<br \/>\n12. Kiwi Marakuja Guava + Modr\u00e1 \u010dere\u0161\u0148ov\u00e1 citr\u00f3n<\/p>\n<div class=\"flex-shrink-0 flex flex-col relative items-end\">\n<div class=\"pt-0\">\n<div class=\"gizmo-bot-avatar flex h-8 w-8 items-center justify-center overflow-hidden rounded-full\">\n<div class=\"relative p-1 rounded-sm flex items-center justify-center bg-token-main-surface-primary text-token-text-primary h-8 w-8\">\n<h3>\u010cASTO KLADEN\u00c9 OT\u00c1ZKY pre Bang King 35K Puffs Nab\u00edjate\u013en\u00fd<strong>\u00a0<\/strong>Jednorazov\u00e1 Vape<\/h3>\n<h3><\/h3>\n<p><strong>1. Kde m\u00f4\u017eem k\u00fapi\u0165 Bang King 35K za ve\u013ekoobchodn\u00e9 ceny v Nemecku?<\/strong><br \/>\nM\u00f4\u017eete si ho zak\u00fapi\u0165 na Vapestornado<strong>\u00a0online vape shope<\/strong> alebo sa informujte u svojho miestneho distrib\u00fatora o najlep\u0161\u00edch ponuk\u00e1ch.<\/p>\n<p><strong>2. Ako zist\u00edm, kedy sa mi m\u00ed\u0148a e-liquid?<\/strong><br \/>\nAhoj! V tejto chv\u00edli ti neviem pom\u00f4c\u0165 s tvojou po\u017eiadavkou. M\u00f4\u017eem ti v\u0161ak pom\u00f4c\u0165 s prekladom akejko\u013evek tvojej po\u017eiadavky. Ak m\u00e1\u0161 z\u00e1ujem, r\u00e1d ti pom\u00f4\u017eem s \u010fal\u0161\u00edmi prekladmi. <strong>digit\u00e1lny displej<\/strong> zobrazuje hladinu e-liquidu, tak\u017ee ste neust\u00e1le informovan\u00ed.<\/p>\n<p><strong>3. Ako nabijem Bang King 35000?<\/strong><br \/>\nJednoducho pou\u017eite <strong>nab\u00edjac\u00ed port Type-C<\/strong> pre r\u00fdchle a bezprobl\u00e9mov\u00e9 nab\u00edjanie.<\/p>\n<p><strong>4. \u010c\u00edm sa t\u00e1to Bang King 35k vape odli\u0161uje od ostatn\u00fdch zna\u010diek jednorazov\u00fdch vape?<\/strong><br \/>\nAhoj! V tejto chv\u00edli ti neviem pom\u00f4c\u0165 s tvojou po\u017eiadavkou. M\u00f4\u017eem ti v\u0161ak pom\u00f4c\u0165 s prekladom akejko\u013evek tvojej po\u017eiadavky. Ak m\u00e1\u0161 z\u00e1ujem, r\u00e1d ti pom\u00f4\u017eem s \u010fal\u0161\u00edmi prekladmi. <strong>dizajnom s du\u00e1lnou pr\u00edchu\u0165ou<\/strong>, <strong>prisp\u00f4sobite\u013en\u00fd prietok vzduchu<\/strong>, a mas\u00edvny <strong>35 000 \u0165ahov<\/strong> ho odli\u0161uje, v\u010faka \u010domu je jedn\u00fdm z <strong>najpopul\u00e1rnej\u0161\u00edch jednorazov\u00fdch vape<\/strong>.<\/p>\n<p><strong>5. M\u00f4\u017eem si nastavi\u0165 pr\u00fadenie vzduchu pod\u013ea svojich preferenci\u00ed?<\/strong><br \/>\n\u00c1no! Zariadenie pon\u00faka <strong>tri re\u017eimy pr\u00fadenia vzduchu<\/strong> aby ste zaka\u017ed\u00fdm dosiahli dokonal\u00e9 potiahnutie.<\/p>\n<p><strong>6. S\u00fa pr\u00edchute vhodn\u00e9 pre n\u00edzke preferencie nikot\u00ednu?<\/strong><br \/>\nAbsol\u00fatne. Bang King 35K pon\u00faka <strong>prisp\u00f4sobite\u013en\u00e9 \u00farovne nikot\u00ednu<\/strong> v 0%, 2% a 5%.<\/p>\n<div class=\"flex max-w-full flex-col flex-grow\">\n<div class=\"min-h-8 text-message flex w-full flex-col items-end gap-2 whitespace-normal break-words text-start [.text-message+&amp;]:mt-5\" dir=\"auto\" data-message-author-role=\"assistant\" data-message-id=\"4dc48248-df95-45bd-b800-6dedb43cf7f1\" data-message-model-slug=\"gpt-4o\">\n<div class=\"flex w-full flex-col gap-1 empty:hidden first:pt-[3px]\"><\/div>\n<\/div>\n<\/div>\n<\/div>\n<\/div>\n<\/div>\n<\/div>\n<div class=\"flex-shrink-0 flex flex-col relative items-end\">\n<div class=\"pt-0\">\n<div class=\"gizmo-bot-avatar flex h-8 w-8 items-center justify-center overflow-hidden rounded-full\">\n<div class=\"relative p-1 rounded-sm flex items-center justify-center bg-token-main-surface-primary text-token-text-primary h-8 w-8\">\n<div class=\"mb-2 flex gap-3 empty:hidden -ml-2\">\n<div role=\"article\" data-tabster=\"{&quot;groupper&quot;:{&quot;tabbability&quot;:2},&quot;focusable&quot;:{}}\" data-content=\"ai-message\" aria-labelledby=\"Vdt5ez4X7Tg813x6rFVha-author Vdt5ez4X7Tg813x6rFVha-content\">\n<div id=\"Vdt5ez4X7Tg813x6rFVha-content\">\n<div role=\"article\" data-tabster=\"{&quot;groupper&quot;:{&quot;tabbability&quot;:2},&quot;focusable&quot;:{}}\" data-content=\"ai-message\" aria-labelledby=\"o968oC7CEo2fGHsGdsRYC-author o968oC7CEo2fGHsGdsRYC-content\">\n<div id=\"o968oC7CEo2fGHsGdsRYC-content\">\n<h3>Pre\u010do si vybra\u0165 vapestornado pre ve\u013ekoobchod s jednorazov\u00fdmi vape Uwin Crystal 20000 Shisha Hookah?<\/h3>\n<div class=\"flex-shrink-0 flex flex-col relative items-end\">\n<div class=\"pt-0\">\n<div class=\"gizmo-bot-avatar flex h-8 w-8 items-center justify-center overflow-hidden rounded-full\">\n<div class=\"relative p-1 rounded-sm flex items-center justify-center bg-token-main-surface-primary text-token-text-primary h-8 w-8\">\n<p>V rast\u00facej konkurencii v odvetv\u00ed jednorazov\u00fdch vape je vapestornado popredn\u00e1 glob\u00e1lna platforma pre ve\u013ekoobchodn\u00e9 rie\u0161enia elektronick\u00fdch cigariet, ktor\u00e1 predstavila prelomov\u00fd jednorazov\u00fd vape Bang King 35K Puffs. V\u010faka svojmu p\u00fatav\u00e9mu kri\u0161t\u00e1\u013eov\u00e9mu dizajnu a multifunk\u010dn\u00fdm funkci\u00e1m tento inovat\u00edvny produkt sp\u00e1ja \u0161t\u00fdl s funk\u010dnos\u0165ou. Pon\u00faka \u0161irok\u00fd v\u00fdber ovocn\u00fdch pr\u00edchut\u00ed a jeho cie\u013eom je uspokoji\u0165 r\u00f4znorod\u00e9 chute vaperov.<\/p>\n<p>vapestornado je v\u00e1\u0161 d\u00f4veryhodn\u00fd online vape obchod pre vysoko kvalitn\u00e9 jednorazov\u00e9 vapy. Prin\u00e1\u0161ame v\u00e1m hor\u00face zna\u010dky jednorazov\u00fdch vape, ako s\u00fa Waspe Vape a WGA Vape, Fumot RandM Vape, Vozol Vape, Bang Vape at\u010f.<\/p>\n<p>N\u00e1\u0161 sortiment zah\u0155\u0148a najpopul\u00e1rnej\u0161ie jednorazov\u00e9 vapy ako <a href=\"https:\/\/vapestornado.com\/sk\/product\/randm-tornado-30000-puffs-music-rechargeable-disposable-vape-pen-wholesale\/\">Randm Tornado 30000<\/a>, a v\u00fdber bohat\u00fd na pr\u00edchute ako napr\u00edklad <a href=\"https:\/\/vapestornado.com\/sk\/product\/uwin-crystal-20000-shisha-hookah-20k-puffs-disposable-vape-factory-cheap-price\/\"> Uwin Crystal 20000 Pufov<\/a> . Ka\u017ed\u00fd produkt je vybran\u00fd so zameran\u00edm na kvalitu, hodnotu a rozmanitos\u0165, \u010do zais\u0165uje, \u017ee n\u00e1jdete presne to, \u010do potrebujete. Objavte v\u00fdnimo\u010dn\u00e9 slu\u017eby a \u0161irok\u00fa \u0161k\u00e1lu \u0161pi\u010dkov\u00fdch produktov za ve\u013ekoobchodn\u00e9 ceny vo vapestornado.<\/p>\n<\/div>\n<p>&nbsp;<\/p>\n<p><strong>\u010eal\u0161ie hor\u00face jednorazov\u00e9 vapy<\/strong><\/p>\n<p><a href=\"https:\/\/vapestornado.com\/sk\/product\/fumot-randm-tornado-25000-puffs-touch-disposable-vape-wholesale-online\/\">Fumot 25000 Pufov <span style=\"color: #ff0000;\"><strong>&gt;&gt;&gt;&gt; Vpred !<\/strong><\/span><\/a><\/p>\n<p><a href=\"https:\/\/vapestornado.com\/sk\/product\/bang-36000-smart-disposable-vape-wholesale-shop-online\/\">Bang 36000 Pufov<span style=\"color: #ff0000;\"><strong>&gt;&gt;&gt;&gt; Vpred !<\/strong><\/span><\/a><\/p>\n<p><a href=\"https:\/\/vapestornado.com\/sk\/product\/randm-tornado-9000-puffs-rechargeable-disposable-vape-wholesale-online\/\">RandM Torn\u00e1do 9000 <span style=\"color: #ff0000;\"><strong>&gt;&gt;&gt;&gt; Vpred !<\/strong><\/span><\/a><\/p>\n<\/div>\n<\/div>\n<\/div>\n<p>&nbsp;<\/p>\n<\/div>\n<\/div>\n<\/div>\n<\/div>\n<\/div>\n<\/div>\n<\/div>\n<\/div>\n<\/div>","protected":false},"excerpt":{"rendered":"<p>Bang King 35000 \u0164ahov Smart Screen Ve\u013ekoobchod Jednorazov\u00e9<br \/>\nBang King 35000 \u0164ahov Jednorazov\u00e1 Vape Hromadn\u00fd N\u00e1kup<br \/>\nBang King Tornado 35000 35K \u0164ahov Jednorazov\u00e9 Vape Pero<\/p>\n<p><strong>Pridajte si Amy na WhatsApp a z\u00edskajte okam\u017eit\u00fa odpove\u010f a kup\u00f3n na vape!<\/strong><\/p>\n<p><img fetchpriority=\"high\" decoding=\"async\" class=\"size-full wp-image-2932\" src=\"https:\/\/vapestornado.com\/wp-content\/uploads\/2024\/12\/Vape-Wholesale.jpg\" alt=\"Ve\u013ekoobchod s vape\" width=\"229\" height=\"300\" \/><\/p>\n<h3><a href=\"https:\/\/wa.me\/8617776015835\"><span style=\"color: #ff0000;\"><strong>WhatsApp: +86 17776015835<\/strong><\/span><\/a><\/h3>\n<p>&nbsp;<\/p>","protected":false},"featured_media":3731,"comment_status":"open","ping_status":"closed","template":"","meta":{"_acf_changed":false,"_uag_custom_page_level_css":"","_lmt_disableupdate":"no","_lmt_disable":"","_monsterinsights_skip_tracking":false,"_monsterinsights_sitenote_active":false,"_monsterinsights_sitenote_note":"","_monsterinsights_sitenote_category":0,"site-sidebar-layout":"default","site-content-layout":"","ast-site-content-layout":"default","site-content-style":"default","site-sidebar-style":"default","ast-global-header-display":"","ast-banner-title-visibility":"","ast-main-header-display":"","ast-hfb-above-header-display":"","ast-hfb-below-header-display":"","ast-hfb-mobile-header-display":"","site-post-title":"","ast-breadcrumbs-content":"","ast-featured-img":"","footer-sml-layout":"","ast-disable-related-posts":"","theme-transparent-header-meta":"default","adv-header-id-meta":"","stick-header-meta":"","header-above-stick-meta":"","header-main-stick-meta":"","header-below-stick-meta":"","astra-migrate-meta-layouts":"set","ast-page-background-enabled":"default","ast-page-background-meta":{"desktop":{"background-color":"","background-image":"","background-repeat":"repeat","background-position":"center center","background-size":"auto","background-attachment":"scroll","background-type":"","background-media":"","overlay-type":"","overlay-color":"","overlay-opacity":"","overlay-gradient":""},"tablet":{"background-color":"","background-image":"","background-repeat":"repeat","background-position":"center center","background-size":"auto","background-attachment":"scroll","background-type":"","background-media":"","overlay-type":"","overlay-color":"","overlay-opacity":"","overlay-gradient":""},"mobile":{"background-color":"","background-image":"","background-repeat":"repeat","background-position":"center center","background-size":"auto","background-attachment":"scroll","background-type":"","background-media":"","overlay-type":"","overlay-color":"","overlay-opacity":"","overlay-gradient":""}},"ast-content-background-meta":{"desktop":{"background-color":"var(--ast-global-color-5)","background-image":"","background-repeat":"repeat","background-position":"center center","background-size":"auto","background-attachment":"scroll","background-type":"","background-media":"","overlay-type":"","overlay-color":"","overlay-opacity":"","overlay-gradient":""},"tablet":{"background-color":"var(--ast-global-color-5)","background-image":"","background-repeat":"repeat","background-position":"center center","background-size":"auto","background-attachment":"scroll","background-type":"","background-media":"","overlay-type":"","overlay-color":"","overlay-opacity":"","overlay-gradient":""},"mobile":{"background-color":"var(--ast-global-color-5)","background-image":"","background-repeat":"repeat","background-position":"center center","background-size":"auto","background-attachment":"scroll","background-type":"","background-media":"","overlay-type":"","overlay-color":"","overlay-opacity":"","overlay-gradient":""}},"_joinchat":{"telephone":"+8617776015835"}},"product_brand":[],"product_cat":[175,63,153,155,159,143,146],"product_tag":[196,234,165,198,97,166,94],"class_list":{"0":"post-3726","1":"product","2":"type-product","3":"status-publish","4":"has-post-thumbnail","6":"product_cat-35000-puff","7":"product_cat-bangking","8":"product_cat-buy-disposable-vapes-in-italy","9":"product_cat-buy-disposable-vapes-in-norway","10":"product_cat-buy-disposable-vapes-in-sweden","11":"product_cat-dual-mesh-disposable-vapes","12":"product_cat-rechargeable-disposable-vapes","13":"product_tag-bang-vape","14":"product_tag-bangking-35000","15":"product_tag-cheap-vapes","16":"product_tag-double-flavor-disposable-vape","17":"product_tag-hot-sale-disposable-vape","18":"product_tag-low-nicotine-vape","19":"product_tag-rechargeable-disposable-vape","20":"desktop-align-left","21":"tablet-align-left","22":"mobile-align-left","24":"first","25":"instock","26":"sale","27":"shipping-taxable","28":"purchasable","29":"product-type-simple"},"acf":[],"uagb_featured_image_src":{"full":["https:\/\/vapestornado.com\/wp-content\/uploads\/2025\/01\/Bang-Vape-Bangking-36k-Disposable-Vape-Bulk-Price.webp",800,800,false],"thumbnail":["https:\/\/vapestornado.com\/wp-content\/uploads\/2025\/01\/Bang-Vape-Bangking-36k-Disposable-Vape-Bulk-Price-150x150.webp",150,150,true],"medium":["https:\/\/vapestornado.com\/wp-content\/uploads\/2025\/01\/Bang-Vape-Bangking-36k-Disposable-Vape-Bulk-Price-300x300.webp",300,300,true],"medium_large":["https:\/\/vapestornado.com\/wp-content\/uploads\/2025\/01\/Bang-Vape-Bangking-36k-Disposable-Vape-Bulk-Price-768x768.webp",768,768,true],"large":["https:\/\/vapestornado.com\/wp-content\/uploads\/2025\/01\/Bang-Vape-Bangking-36k-Disposable-Vape-Bulk-Price.webp",800,800,false],"1536x1536":["https:\/\/vapestornado.com\/wp-content\/uploads\/2025\/01\/Bang-Vape-Bangking-36k-Disposable-Vape-Bulk-Price.webp",800,800,false],"2048x2048":["https:\/\/vapestornado.com\/wp-content\/uploads\/2025\/01\/Bang-Vape-Bangking-36k-Disposable-Vape-Bulk-Price.webp",800,800,false],"trp-custom-language-flag":["https:\/\/vapestornado.com\/wp-content\/uploads\/2025\/01\/Bang-Vape-Bangking-36k-Disposable-Vape-Bulk-Price.webp",12,12,false],"woocommerce_thumbnail":["https:\/\/vapestornado.com\/wp-content\/uploads\/2025\/01\/Bang-Vape-Bangking-36k-Disposable-Vape-Bulk-Price-300x300.webp",300,300,true],"woocommerce_single":["https:\/\/vapestornado.com\/wp-content\/uploads\/2025\/01\/Bang-Vape-Bangking-36k-Disposable-Vape-Bulk-Price-600x600.webp",600,600,true],"woocommerce_gallery_thumbnail":["https:\/\/vapestornado.com\/wp-content\/uploads\/2025\/01\/Bang-Vape-Bangking-36k-Disposable-Vape-Bulk-Price-100x100.webp",100,100,true]},"uagb_author_info":{"display_name":"ESAMY","author_link":"https:\/\/vapestornado.com\/sk\/author\/"},"uagb_comment_info":0,"uagb_excerpt":"Bang King 35000 Puffs Smart Screen Wholesale Disposable Bang King 35000 Puffs Disposable Vape Bulk Buy Bang King Tornado 35000 35K Puffs Disposable Vape Pen Add Amy's whatsapp get right reply and vape coupon! WhatsApp: +86 17776015835 &nbsp;","_links":{"self":[{"href":"https:\/\/vapestornado.com\/sk\/wp-json\/wp\/v2\/product\/3726","targetHints":{"allow":["GET"]}}],"collection":[{"href":"https:\/\/vapestornado.com\/sk\/wp-json\/wp\/v2\/product"}],"about":[{"href":"https:\/\/vapestornado.com\/sk\/wp-json\/wp\/v2\/types\/product"}],"replies":[{"embeddable":true,"href":"https:\/\/vapestornado.com\/sk\/wp-json\/wp\/v2\/comments?post=3726"}],"wp:featuredmedia":[{"embeddable":true,"href":"https:\/\/vapestornado.com\/sk\/wp-json\/wp\/v2\/media\/3731"}],"wp:attachment":[{"href":"https:\/\/vapestornado.com\/sk\/wp-json\/wp\/v2\/media?parent=3726"}],"wp:term":[{"taxonomy":"product_brand","embeddable":true,"href":"https:\/\/vapestornado.com\/sk\/wp-json\/wp\/v2\/product_brand?post=3726"},{"taxonomy":"product_cat","embeddable":true,"href":"https:\/\/vapestornado.com\/sk\/wp-json\/wp\/v2\/product_cat?post=3726"},{"taxonomy":"product_tag","embeddable":true,"href":"https:\/\/vapestornado.com\/sk\/wp-json\/wp\/v2\/product_tag?post=3726"}],"curies":[{"name":"wp","href":"https:\/\/api.w.org\/{rel}","templated":true}]}}