{"id":3724,"date":"2025-01-11T02:00:22","date_gmt":"2025-01-11T02:00:22","guid":{"rendered":"https:\/\/vapestornado.com\/?post_type=product&#038;p=3724"},"modified":"2025-08-23T12:33:40","modified_gmt":"2025-08-23T12:33:40","slug":"uwin-crystal-20000-shisha-hookah-20k-puffs-disposable-vape-factory-cheap-price","status":"publish","type":"product","link":"https:\/\/vapestornado.com\/sk\/product\/uwin-crystal-20000-shisha-hookah-20k-puffs-disposable-vape-factory-cheap-price\/","title":{"rendered":"Uwin Crystal 20000 Shisha Hookah 20K \u0164ahov Jednorazov\u00e9 Vape Tov\u00e1rensk\u00e1 N\u00edzka Cena"},"content":{"rendered":"<h1 class=\"product-title\">Uwin Crystal 20000 Shisha Hookah 20K \u0164ahov Jednorazov\u00e9 Vape Tov\u00e1rensk\u00e1 N\u00edzka Cena<\/h1>\n<p>Ahoj! V tejto chv\u00edli ti neviem pom\u00f4c\u0165 s tvojou po\u017eiadavkou. M\u00f4\u017eem ti v\u0161ak pom\u00f4c\u0165 s prekladom akejko\u013evek tvojej po\u017eiadavky. Ak m\u00e1\u0161 z\u00e1ujem, r\u00e1d ti pom\u00f4\u017eem s \u010fal\u0161\u00edmi prekladmi. <strong>Uwin Crystal 20000<\/strong> Puffs je va\u0161e dokonal\u00e9 rie\u0161enie pre vapovanie, ktor\u00e9 pon\u00faka neuverite\u013en\u00fd v\u00fdkon, cenov\u00fa dostupnos\u0165 a rozmanitos\u0165. S elegantn\u00fdm <strong>kri\u0161t\u00e1\u013eovom dizajne<\/strong> a <strong>lacn\u00e1 cena priamo z tov\u00e1rne<\/strong>, tento <strong>jednorazov\u00e1 vape<\/strong> je ide\u00e1lny pre t\u00fdch, ktor\u00ed h\u013eadaj\u00fa prvotriednu kvalitu za n\u00edzke n\u00e1klady. Z\u00edskajte <strong>20 000 potiahnut\u00ed<\/strong> na jedno zariadenie, \u010do zais\u0165uje dlhodob\u00fa spokojnos\u0165 bez potreby \u010dast\u00fdch v\u00fdmen. Ide\u00e1lne pre pou\u017e\u00edvate\u013eov, ktor\u00ed chc\u00fa maxim\u00e1lnu hodnotu a minim\u00e1lne \u00fasilie.<\/p>\n<p>H\u013ead\u00e1te <strong>lacn\u00e9 vapy<\/strong> so \u0161pi\u010dkovou kvalitou? Uwin Shisha Hookah 20K je k dispoz\u00edcii za <strong>priame ceny z tov\u00e1rne<\/strong>, \u010do z neho rob\u00ed skvel\u00fa vo\u013ebu pre ve\u013ekoobchodn\u00edkov a individu\u00e1lnych kupuj\u00facich. Pokro\u010dil\u00e1 <strong>0,8\u03a9 mesh \u0161pir\u00e1lka<\/strong> zaru\u010duje chu\u0165ov\u00fd a hladk\u00fd z\u00e1\u017eitok z vapovania. V spojen\u00ed s 12 pr\u00edchu\u0165ami je ide\u00e1lna pre nad\u0161encov chut\u00ed.<\/p>\n<p>Vyberte si svoju ide\u00e1lnu silu nikot\u00ednu, Uwin Crystal 20000 prich\u00e1dza s mo\u017enos\u0165ami nikot\u00ednu v rozmedz\u00ed od <strong>0%, 2% a 5%<\/strong>, v\u010faka \u010domu je toto zariadenie v\u0161estrann\u00e9 pre ka\u017ed\u00e9ho vaperov. Jeho prenosn\u00e9 a ergonomick\u00e9 <strong>kri\u0161t\u00e1\u013eovom dizajne<\/strong> je ide\u00e1lne pre pou\u017e\u00edvate\u013eov, ktor\u00ed si cenia formu aj funkciu, \u010do z neho rob\u00ed jeden z <strong>najpopul\u00e1rnej\u0161\u00edch jednorazov\u00fdch vape<\/strong> dnes. Z\u00edskajte svoju <strong>Jednorazov\u00e1 e-cigareta Uwin Crystal 20000 Puffs Shisha Hookah <\/strong>\u00a0e\u0161te dnes a u\u017eite si dokonal\u00fa kombin\u00e1ciu \u0161t\u00fdlu, chuti a hodnoty!<\/p>\n<p><span style=\"color: #ff0000;\"><strong>Pridajte si Amy na Whatsapp, z\u00edskajte okam\u017eit\u00fa odpove\u010f a kup\u00f3n na vape!<\/strong><\/span><\/p>\n<p><img fetchpriority=\"high\" decoding=\"async\" class=\"size-full wp-image-2932\" src=\"https:\/\/vapestornado.com\/wp-content\/uploads\/2024\/12\/Vape-Wholesale.jpg\" alt=\"Ve\u013ekoobchod s vape\" width=\"229\" height=\"300\" \/><\/p>\n<h3><a href=\"https:\/\/wa.me\/8617776015835\" target=\"_blank\" rel=\"noopener\"><span style=\"color: #ff0000;\"><strong>WhatsApp: +86 17776015835<\/strong><\/span><\/a><\/h3>\n<p>&nbsp;<\/p>\n<h2 class=\"product-title\"><strong>Vlastnosti produktu Uwin Crystal 20000<\/strong><\/h2>\n<div role=\"article\" data-tabster=\"{&quot;groupper&quot;:{&quot;tabbability&quot;:2},&quot;focusable&quot;:{}}\" data-content=\"ai-message\" aria-labelledby=\"juhNTJ6o7Gk1cgwZMJgv2-author juhNTJ6o7Gk1cgwZMJgv2-content\">\n<div id=\"juhNTJ6o7Gk1cgwZMJgv2-content\">\n<div role=\"article\" data-tabster=\"{&quot;groupper&quot;:{&quot;tabbability&quot;:2},&quot;focusable&quot;:{}}\" data-content=\"ai-message\" aria-labelledby=\"x4EZuCZWrTbh3weWUt7CU-author x4EZuCZWrTbh3weWUt7CU-content\">\n<div id=\"x4EZuCZWrTbh3weWUt7CU-content\">\n<div class=\"flex max-w-full flex-col flex-grow\">\n<div class=\"min-h-8 text-message flex w-full flex-col items-end gap-2 whitespace-normal break-words text-start [.text-message+&amp;]:mt-5\" dir=\"auto\" data-message-author-role=\"assistant\" data-message-id=\"52c6e00a-252f-4104-805d-2f1a84739c71\" data-message-model-slug=\"gpt-4o\">\n<div class=\"flex w-full flex-col gap-1 empty:hidden first:pt-[3px]\">\n<div class=\"markdown prose w-full break-words dark:prose-invert light\">\n<div class=\"flex max-w-full flex-col flex-grow\">\n<div class=\"min-h-8 text-message flex w-full flex-col items-end gap-2 whitespace-normal break-words text-start [.text-message+&amp;]:mt-5\" dir=\"auto\" data-message-author-role=\"assistant\" data-message-id=\"3c321776-aace-4a97-95f3-35c104de1c0a\" data-message-model-slug=\"gpt-4o\">\n<div class=\"flex w-full flex-col gap-1 empty:hidden first:pt-[3px]\">\n<div class=\"markdown prose w-full break-words dark:prose-invert light\">\n<h3><\/h3>\n<ol>\n<li><strong>Vysok\u00fd po\u010det po\u0165ahov<\/strong>: Poskytuje a\u017e 20 000 po\u0165ahov pre dlhodob\u00e9 pou\u017e\u00edvanie.<\/li>\n<li><strong>Mo\u017enosti nikot\u00ednu<\/strong>: Dostupn\u00e9 v hladin\u00e1ch nikot\u00ednu 0%, 2%, 3% a 5%.<\/li>\n<li><strong>Kri\u0161t\u00e1\u013eov\u00fd dizajn<\/strong>: \u0160t\u00fdlov\u00e1, \u013eahk\u00e1 a prenosn\u00e1 ergonomick\u00e1 kon\u0161trukcia.<\/li>\n<li><strong>Technol\u00f3gia Mesh Coil<\/strong>: 0,8\u03a9 mesh cievka zais\u0165uje hladk\u00fa paru a bohat\u00fa chu\u0165.<\/li>\n<li><strong>Rozmanitos\u0165 pr\u00edchut\u00ed<\/strong>: Pon\u00faka 12 jedine\u010dn\u00fdch pr\u00edchut\u00ed, ktor\u00e9 uspokoja r\u00f4znorod\u00e9 chute.<\/li>\n<li><strong>Ve\u013ek\u00e1 kapacita e-liquidu<\/strong>: 22ml predplnen\u00e1 e-kvapalina zni\u017euje \u010dast\u00e9 dop\u013a\u0148anie.<\/li>\n<li><strong>Nab\u00edjate\u013en\u00e1 bat\u00e9ria<\/strong>: 650mAh kobaltov\u00e1 bat\u00e9ria s r\u00fdchlym nab\u00edjan\u00edm Type-C.<\/li>\n<li><strong>Dostupn\u00e9 ve\u013ekoobchodn\u00e9 ceny<\/strong>: Ide\u00e1lne pre hromadn\u00e9 n\u00e1kupy s ve\u013ekou hodnotou.<\/li>\n<\/ol>\n<\/div>\n<\/div>\n<\/div>\n<\/div>\n<div class=\"mb-2 flex gap-3 empty:hidden -ml-2\">\n<div class=\"items-center justify-start rounded-xl p-1 flex\"><\/div>\n<\/div>\n<\/div>\n<\/div>\n<\/div>\n<\/div>\n<div class=\"mb-2 flex gap-3 empty:hidden -ml-2\">\n<figure id=\"attachment_3719\" aria-describedby=\"caption-attachment-3719\" style=\"width: 800px\" class=\"wp-caption alignnone\"><img decoding=\"async\" class=\"wp-image-3719 size-full\" src=\"https:\/\/vapestornado.com\/wp-content\/uploads\/2025\/01\/Hookah-Shisha-20k-20000-Puffs-E-Disposable-Vape.webp\" alt=\"Vodn\u00e1 fajka Shisha 20k 20000 Puffs E jednorazov\u00e1 elektronick\u00e1 cigareta\" width=\"800\" height=\"800\" srcset=\"https:\/\/vapestornado.com\/wp-content\/uploads\/2025\/01\/Hookah-Shisha-20k-20000-Puffs-E-Disposable-Vape.webp 800w, https:\/\/vapestornado.com\/wp-content\/uploads\/2025\/01\/Hookah-Shisha-20k-20000-Puffs-E-Disposable-Vape-300x300.webp 300w, https:\/\/vapestornado.com\/wp-content\/uploads\/2025\/01\/Hookah-Shisha-20k-20000-Puffs-E-Disposable-Vape-150x150.webp 150w, https:\/\/vapestornado.com\/wp-content\/uploads\/2025\/01\/Hookah-Shisha-20k-20000-Puffs-E-Disposable-Vape-768x768.webp 768w, https:\/\/vapestornado.com\/wp-content\/uploads\/2025\/01\/Hookah-Shisha-20k-20000-Puffs-E-Disposable-Vape-600x600.webp 600w, https:\/\/vapestornado.com\/wp-content\/uploads\/2025\/01\/Hookah-Shisha-20k-20000-Puffs-E-Disposable-Vape-100x100.webp 100w\" sizes=\"(max-width: 800px) 100vw, 800px\" \/><figcaption id=\"caption-attachment-3719\" class=\"wp-caption-text\">Vodn\u00e1 fajka Shisha 20k 20000 Puffs E jednorazov\u00e1 elektronick\u00e1 cigareta<\/figcaption><\/figure>\n<\/div>\n<\/div>\n<\/div>\n<\/div>\n<\/div>\n<h2 class=\"product-title\"><strong>Ob\u013e\u00faben\u00e9 pr\u00edchute pre Uwin Crystal 20k<\/strong><strong>\u00a0<\/strong><strong>Jednorazov\u00e9 e-cigarety<\/strong><\/h2>\n<p>Uwin Crystal 20000 pon\u00faka p\u00f4sobiv\u00fd v\u00fdber 12 r\u00f4znych pr\u00edchut\u00ed, ktor\u00e9 uspokoja ka\u017ed\u00fa preferenciu chuti. Ak\u00e9 s\u00fa najob\u013e\u00fabenej\u0161ie pr\u00edchute pre Uwin Crystal 20k? Ka\u017ed\u00e1 pr\u00edchu\u0165 prin\u00e1\u0161a jedine\u010dn\u00fd z\u00e1\u017eitok z vapovania, ale Zmie\u0161an\u00e9 bobule a Citr\u00f3nov\u00e1 m\u00e4ta sa neust\u00e1le umiest\u0148uj\u00fa medzi najlep\u0161ie vo\u013eby pre ich \u017eiv\u00e9, dobre vyv\u00e1\u017een\u00e9 a uspokojuj\u00face profily. Tieto pr\u00edchute robia Uwin Crystal 20000 v\u00fdnimo\u010dn\u00fdm vo svete jednorazov\u00fdch elektronick\u00fdch cigariet. Presk\u00famajte v\u0161etk\u00fdch 12 pr\u00edchut\u00ed a n\u00e1jdite si svoju ob\u013e\u00faben\u00fa e\u0161te dnes!<\/p>\n<ol>\n<li>Vodn\u00fd mel\u00f3n<\/li>\n<li>\u013dadov\u00e9 mango<\/li>\n<li>\u010cu\u010doriedkov\u00e1 malina <span style=\"color: #ff0000;\"><strong>&gt;&gt;&gt;&gt; Hor\u00face !<\/strong><\/span><\/li>\n<li>Hroznov\u00e1 m\u00e4ta<\/li>\n<li>Mu\u010denka<\/li>\n<li>Jahoda Kivi<\/li>\n<li>Dvojit\u00e9 jablko<\/li>\n<li>\u013dadov\u00e1 Brosky\u0148a<\/li>\n<li>Anan\u00e1s s kokosom<\/li>\n<li>Zmie\u0161an\u00e9 bobule<span style=\"color: #ff0000;\"><strong>&gt;&gt;&gt;&gt; Najlep\u0161ie !<\/strong><\/span><\/li>\n<li>Citr\u00f3nov\u00e1 m\u00e4ta <span style=\"color: #ff0000;\"><strong>&gt;&gt;&gt;&gt; Hor\u00face !<\/strong><\/span><\/li>\n<li>Pomeran\u010dov\u00e1 dr\u0165<\/li>\n<\/ol>\n<div class=\"flex-shrink-0 flex flex-col relative items-end\">\n<div class=\"pt-0\">\n<div class=\"gizmo-bot-avatar flex h-8 w-8 items-center justify-center overflow-hidden rounded-full\">\n<div class=\"relative p-1 rounded-sm flex items-center justify-center bg-token-main-surface-primary text-token-text-primary h-8 w-8\">\n<h3>\u010casto kladen\u00e9 ot\u00e1zky pre Uwin Crystal 20000 Shisha Hookah Nab\u00edjate\u013en\u00e9<strong>\u00a0<\/strong>Jednorazov\u00e1 Vape<\/h3>\n<h3><\/h3>\n<h4><strong>1. Pre\u010do si vybra\u0165 Uwin Shisha Hookah 20K?<\/strong><\/h4>\n<p>S <strong>20 000 potiahnut\u00ed<\/strong>, prisp\u00f4sobite\u013en\u00e9 \u00farovne nikot\u00ednu a elegantn\u00fd kri\u0161t\u00e1\u013eov\u00fd dizajn, v\u010faka \u010domu je toto zariadenie praktick\u00e9 aj \u0161t\u00fdlov\u00e9.<\/p>\n<h4><strong>2. Je tento vape cenovo dostupn\u00fd?<\/strong><\/h4>\n<p>\u00c1no! Je k dispoz\u00edcii za <strong>lacn\u00e9 tov\u00e1rensk\u00e9 ceny<\/strong>, ide\u00e1lne pre t\u00fdch, ktor\u00ed h\u013eadaj\u00fa <strong>lacn\u00e9 vapy<\/strong> bez obetovania kvality.<\/p>\n<h4><strong>3. Ak\u00e9 pr\u00edchute s\u00fa k dispoz\u00edcii?<\/strong><\/h4>\n<p>Uwin Shisha Hookah 20K pon\u00faka 12 jedine\u010dn\u00fdch pr\u00edchut\u00ed, ako napr\u00edklad <strong>\u013dadov\u00e9 mango<\/strong>, <strong>\u013dadov\u00e1 Brosky\u0148a<\/strong>a <strong>Ru\u017eov\u00e1 limon\u00e1da<\/strong>.<\/p>\n<h4><strong>4. Pre koho je toto zariadenie ide\u00e1lne?<\/strong><\/h4>\n<p>V\u010faka vysok\u00e9mu po\u010dtu po\u0165ahov, \u0161irokej ponuke pr\u00edchut\u00ed a dostupnej cene je ide\u00e1lny pre v\u0161etk\u00fdch pou\u017e\u00edvate\u013eov, od pr\u00edle\u017eitostn\u00fdch vaperov a\u017e po sk\u00fasen\u00fdch nad\u0161encov.<\/p>\n<h4><strong>5. Kde k\u00fapi\u0165 jednorazov\u00e9 vapky ako t\u00fato?<\/strong><\/h4>\n<p>Nakupujte na <strong><a href=\"https:\/\/vapestornado.com\/sk\/\" target=\"_new\" rel=\"noopener\">vapestornado online vape obchod<\/a><\/strong>, jednej z <strong>najpopul\u00e1rnej\u0161\u00edch webov\u00fdch str\u00e1nok s jednorazov\u00fdmi vapkami<\/strong>, aby ste z\u00edskali najlep\u0161ie ponuky na Uwin Shisha Hookah 20K.<\/p>\n<div class=\"flex max-w-full flex-col flex-grow\">\n<div class=\"min-h-8 text-message flex w-full flex-col items-end gap-2 whitespace-normal break-words text-start [.text-message+&amp;]:mt-5\" dir=\"auto\" data-message-author-role=\"assistant\" data-message-id=\"4dc48248-df95-45bd-b800-6dedb43cf7f1\" data-message-model-slug=\"gpt-4o\">\n<div class=\"flex w-full flex-col gap-1 empty:hidden first:pt-[3px]\"><\/div>\n<\/div>\n<\/div>\n<\/div>\n<\/div>\n<\/div>\n<\/div>\n<div class=\"flex-shrink-0 flex flex-col relative items-end\">\n<div class=\"pt-0\">\n<div class=\"gizmo-bot-avatar flex h-8 w-8 items-center justify-center overflow-hidden rounded-full\">\n<div class=\"relative p-1 rounded-sm flex items-center justify-center bg-token-main-surface-primary text-token-text-primary h-8 w-8\">\n<div class=\"mb-2 flex gap-3 empty:hidden -ml-2\">\n<div role=\"article\" data-tabster=\"{&quot;groupper&quot;:{&quot;tabbability&quot;:2},&quot;focusable&quot;:{}}\" data-content=\"ai-message\" aria-labelledby=\"Vdt5ez4X7Tg813x6rFVha-author Vdt5ez4X7Tg813x6rFVha-content\">\n<div id=\"Vdt5ez4X7Tg813x6rFVha-content\">\n<div role=\"article\" data-tabster=\"{&quot;groupper&quot;:{&quot;tabbability&quot;:2},&quot;focusable&quot;:{}}\" data-content=\"ai-message\" aria-labelledby=\"o968oC7CEo2fGHsGdsRYC-author o968oC7CEo2fGHsGdsRYC-content\">\n<div id=\"o968oC7CEo2fGHsGdsRYC-content\">\n<h3>Pre\u010do si vybra\u0165 vapestornado pre ve\u013ekoobchod s jednorazov\u00fdmi vape Uwin Crystal 20000 Shisha Hookah?<\/h3>\n<div class=\"flex-shrink-0 flex flex-col relative items-end\">\n<div class=\"pt-0\">\n<div class=\"gizmo-bot-avatar flex h-8 w-8 items-center justify-center overflow-hidden rounded-full\">\n<div class=\"relative p-1 rounded-sm flex items-center justify-center bg-token-main-surface-primary text-token-text-primary h-8 w-8\">\n<p>V rast\u00facej konkurencii v odvetv\u00ed jednorazov\u00fdch v\u00e1pok vapestornado, popredn\u00e1 glob\u00e1lna platforma pre ve\u013ekoobchodn\u00e9 rie\u0161enia e-cigariet, predstavila prelomov\u00fa jednorazov\u00fa vapku Uwin Shisha Hookah Crystal 20000 Puffs. S p\u00fatav\u00fdm kri\u0161t\u00e1\u013eov\u00fdm dizajnom a multifunk\u010dn\u00fdmi vlastnos\u0165ami tento inovat\u00edvny produkt hladko sp\u00e1ja \u0161t\u00fdl s funk\u010dnos\u0165ou. S ponukou \u0161irok\u00e9ho v\u00fdberu ovocn\u00fdch pr\u00edchut\u00ed sa sna\u017e\u00ed uspokoji\u0165 r\u00f4znorod\u00e9 chute vaperov.<\/p>\n<p>vapestornado je v\u00e1\u0161 d\u00f4veryhodn\u00fd online obchod s vapkami pre vysoko kvalitn\u00e9 jednorazov\u00e9 vapky. S viac ako 5 ro\u010dn\u00fdmi sk\u00fasenos\u0165ami v\u00e1m prin\u00e1\u0161ame zna\u010dky hor\u00facich jednorazov\u00fdch v\u00e1pok ako Waspe Vape a WGA Vape, Fumot RandM Vape, Vozol Vape, Bang Vape at\u010f.<\/p>\n<p>N\u00e1\u0161 sortiment zah\u0155\u0148a najpopul\u00e1rnej\u0161ie jednorazov\u00e9 vapy ako <a href=\"https:\/\/vapestornado.com\/sk\/product\/vapsolo-viking-12000-puffs-2-5-low-nicotine-bulk-buy-rechargeable-disposable-vapes-pen-wholesale-price\/\">VapSolo Viking 12000<\/a>, a v\u00fdber bohat\u00fd na pr\u00edchute ako napr\u00edklad <a href=\"https:\/\/vapestornado.com\/sk\/product\/uwin-crystal-10000-puffs-wholesale-disposable-vape-puff-10k-low-nicotine-rechargeable-vapes-pen-bulk-buy-wholesalepuffs-disposable-vape-wholesale-price-copy\/\"> Uwin Crystal 10000 Pufov<\/a> . Ka\u017ed\u00fd produkt je vybran\u00fd so zameran\u00edm na kvalitu, hodnotu a rozmanitos\u0165, \u010do zais\u0165uje, \u017ee n\u00e1jdete presne to, \u010do potrebujete. Objavte v\u00fdnimo\u010dn\u00e9 slu\u017eby a \u0161irok\u00fa \u0161k\u00e1lu \u0161pi\u010dkov\u00fdch produktov za ve\u013ekoobchodn\u00e9 ceny vo vapestornado.<\/p>\n<\/div>\n<p>&nbsp;<\/p>\n<p><strong>\u010eal\u0161ie hor\u00face jednorazov\u00e9 vapy<\/strong><\/p>\n<p><a href=\"https:\/\/vapestornado.com\/sk\/product\/china-factory-vapsolo-super-15000-puffs-disposable-wholesale-price-disposable-vape-rechargeable-disposable-vapes-pen-bulk-buy-wholesale\/\">Vapsolo Super 15000 Pufov <span style=\"color: #ff0000;\"><strong>&gt;&gt;&gt;&gt; Vpred !<\/strong><\/span><\/a><\/p>\n<p><a href=\"https:\/\/vapestornado.com\/sk\/product\/jnr-falcon-x-18000-puffs-disposable-vape-wholesale-price\/\">JNR Falcon X 18000 Puffs<span style=\"color: #ff0000;\"><strong>&gt;&gt;&gt;&gt; Vpred !<\/strong><\/span><\/a><\/p>\n<p><a href=\"https:\/\/vapestornado.com\/sk\/product\/tornado-vape-uwin-35000-puff-35k-music-wholesale-price\/\">Tornado Vape Uwin 35000 <span style=\"color: #ff0000;\"><strong>&gt;&gt;&gt;&gt; Vpred !<\/strong><\/span><\/a><\/p>\n<\/div>\n<\/div>\n<\/div>\n<p>&nbsp;<\/p>\n<\/div>\n<\/div>\n<\/div>\n<\/div>\n<\/div>\n<\/div>\n<\/div>\n<\/div>\n<\/div>","protected":false},"excerpt":{"rendered":"<p>Najlep\u0161ia jednorazov\u00e1 e-cigareta Uwin Shisha Hookah Crystal 20000 Puffs<br \/>\nUwin Crystal 20k Puffs Jednorazov\u00e1 e-cigareta Shisha Hookah, cena za ve\u013ek\u00e9 mno\u017estvo<br \/>\nUwin Crystal 20000 Puffs, lacn\u00e1 cena, ve\u013ekoobchodn\u00fd dod\u00e1vate\u013e<\/p>\n<p><strong>Pridajte si Amy na WhatsApp a z\u00edskajte okam\u017eit\u00fa odpove\u010f a kup\u00f3n na vape!<\/strong><\/p>\n<p><img fetchpriority=\"high\" decoding=\"async\" class=\"size-full wp-image-2932\" src=\"https:\/\/vapestornado.com\/wp-content\/uploads\/2024\/12\/Vape-Wholesale.jpg\" alt=\"Ve\u013ekoobchod s vape\" width=\"229\" height=\"300\" \/><\/p>\n<h3><a href=\"https:\/\/wa.me\/8617776015835\"><span style=\"color: #ff0000;\"><strong>WhatsApp: +86 17776015835<\/strong><\/span><\/a><\/h3>\n<p>&nbsp;<\/p>","protected":false},"featured_media":3723,"comment_status":"open","ping_status":"closed","template":"","meta":{"_acf_changed":false,"_uag_custom_page_level_css":"","_lmt_disableupdate":"no","_lmt_disable":"","_monsterinsights_skip_tracking":false,"_monsterinsights_sitenote_active":false,"_monsterinsights_sitenote_note":"","_monsterinsights_sitenote_category":0,"site-sidebar-layout":"default","site-content-layout":"","ast-site-content-layout":"default","site-content-style":"default","site-sidebar-style":"default","ast-global-header-display":"","ast-banner-title-visibility":"","ast-main-header-display":"","ast-hfb-above-header-display":"","ast-hfb-below-header-display":"","ast-hfb-mobile-header-display":"","site-post-title":"","ast-breadcrumbs-content":"","ast-featured-img":"","footer-sml-layout":"","ast-disable-related-posts":"","theme-transparent-header-meta":"default","adv-header-id-meta":"","stick-header-meta":"","header-above-stick-meta":"","header-main-stick-meta":"","header-below-stick-meta":"","astra-migrate-meta-layouts":"set","ast-page-background-enabled":"default","ast-page-background-meta":{"desktop":{"background-color":"","background-image":"","background-repeat":"repeat","background-position":"center center","background-size":"auto","background-attachment":"scroll","background-type":"","background-media":"","overlay-type":"","overlay-color":"","overlay-opacity":"","overlay-gradient":""},"tablet":{"background-color":"","background-image":"","background-repeat":"repeat","background-position":"center center","background-size":"auto","background-attachment":"scroll","background-type":"","background-media":"","overlay-type":"","overlay-color":"","overlay-opacity":"","overlay-gradient":""},"mobile":{"background-color":"","background-image":"","background-repeat":"repeat","background-position":"center center","background-size":"auto","background-attachment":"scroll","background-type":"","background-media":"","overlay-type":"","overlay-color":"","overlay-opacity":"","overlay-gradient":""}},"ast-content-background-meta":{"desktop":{"background-color":"var(--ast-global-color-5)","background-image":"","background-repeat":"repeat","background-position":"center center","background-size":"auto","background-attachment":"scroll","background-type":"","background-media":"","overlay-type":"","overlay-color":"","overlay-opacity":"","overlay-gradient":""},"tablet":{"background-color":"var(--ast-global-color-5)","background-image":"","background-repeat":"repeat","background-position":"center center","background-size":"auto","background-attachment":"scroll","background-type":"","background-media":"","overlay-type":"","overlay-color":"","overlay-opacity":"","overlay-gradient":""},"mobile":{"background-color":"var(--ast-global-color-5)","background-image":"","background-repeat":"repeat","background-position":"center center","background-size":"auto","background-attachment":"scroll","background-type":"","background-media":"","overlay-type":"","overlay-color":"","overlay-opacity":"","overlay-gradient":""}},"_joinchat":{"telephone":"+8617776015835"}},"product_brand":[],"product_cat":[69,157,141,143,147,233],"product_tag":[165,120,97,166,94,232],"class_list":{"0":"post-3724","1":"product","2":"type-product","3":"status-publish","4":"has-post-thumbnail","6":"product_cat-20000-puff","7":"product_cat-buy-disposable-vapes-in-portugal","8":"product_cat-crystal-disposable-vapes","9":"product_cat-dual-mesh-disposable-vapes","10":"product_cat-shisha-hookah-disposable-vapes","11":"product_cat-uwin-vape","12":"product_tag-cheap-vapes","13":"product_tag-crystal-vape","14":"product_tag-hot-sale-disposable-vape","15":"product_tag-low-nicotine-vape","16":"product_tag-rechargeable-disposable-vape","17":"product_tag-uwin-crystal-20000","18":"desktop-align-left","19":"tablet-align-left","20":"mobile-align-left","22":"first","23":"instock","24":"sale","25":"shipping-taxable","26":"purchasable","27":"product-type-simple"},"acf":[],"uagb_featured_image_src":{"full":["https:\/\/vapestornado.com\/wp-content\/uploads\/2025\/01\/Uwin-Shisha-Hookah-Crystal-20000-Puffs-Disposable-Vape.webp",800,800,false],"thumbnail":["https:\/\/vapestornado.com\/wp-content\/uploads\/2025\/01\/Uwin-Shisha-Hookah-Crystal-20000-Puffs-Disposable-Vape-150x150.webp",150,150,true],"medium":["https:\/\/vapestornado.com\/wp-content\/uploads\/2025\/01\/Uwin-Shisha-Hookah-Crystal-20000-Puffs-Disposable-Vape-300x300.webp",300,300,true],"medium_large":["https:\/\/vapestornado.com\/wp-content\/uploads\/2025\/01\/Uwin-Shisha-Hookah-Crystal-20000-Puffs-Disposable-Vape-768x768.webp",768,768,true],"large":["https:\/\/vapestornado.com\/wp-content\/uploads\/2025\/01\/Uwin-Shisha-Hookah-Crystal-20000-Puffs-Disposable-Vape.webp",800,800,false],"1536x1536":["https:\/\/vapestornado.com\/wp-content\/uploads\/2025\/01\/Uwin-Shisha-Hookah-Crystal-20000-Puffs-Disposable-Vape.webp",800,800,false],"2048x2048":["https:\/\/vapestornado.com\/wp-content\/uploads\/2025\/01\/Uwin-Shisha-Hookah-Crystal-20000-Puffs-Disposable-Vape.webp",800,800,false],"trp-custom-language-flag":["https:\/\/vapestornado.com\/wp-content\/uploads\/2025\/01\/Uwin-Shisha-Hookah-Crystal-20000-Puffs-Disposable-Vape.webp",12,12,false],"woocommerce_thumbnail":["https:\/\/vapestornado.com\/wp-content\/uploads\/2025\/01\/Uwin-Shisha-Hookah-Crystal-20000-Puffs-Disposable-Vape-300x300.webp",300,300,true],"woocommerce_single":["https:\/\/vapestornado.com\/wp-content\/uploads\/2025\/01\/Uwin-Shisha-Hookah-Crystal-20000-Puffs-Disposable-Vape-600x600.webp",600,600,true],"woocommerce_gallery_thumbnail":["https:\/\/vapestornado.com\/wp-content\/uploads\/2025\/01\/Uwin-Shisha-Hookah-Crystal-20000-Puffs-Disposable-Vape-100x100.webp",100,100,true]},"uagb_author_info":{"display_name":"ESAMY","author_link":"https:\/\/vapestornado.com\/sk\/author\/"},"uagb_comment_info":0,"uagb_excerpt":"Best Uwin Shisha Hookah Crystal 20000 Puffs Disposable Vape Uwin Crystal 20k Puff Disoisable Shisha Hookah Bulk Price Uwin crystal 20000 Puffs Cheap Price Wholesale Supplier Add Amy's whatsapp get right reply and vape coupon! WhatsApp: +86 17776015835 &nbsp;","_links":{"self":[{"href":"https:\/\/vapestornado.com\/sk\/wp-json\/wp\/v2\/product\/3724","targetHints":{"allow":["GET"]}}],"collection":[{"href":"https:\/\/vapestornado.com\/sk\/wp-json\/wp\/v2\/product"}],"about":[{"href":"https:\/\/vapestornado.com\/sk\/wp-json\/wp\/v2\/types\/product"}],"replies":[{"embeddable":true,"href":"https:\/\/vapestornado.com\/sk\/wp-json\/wp\/v2\/comments?post=3724"}],"wp:featuredmedia":[{"embeddable":true,"href":"https:\/\/vapestornado.com\/sk\/wp-json\/wp\/v2\/media\/3723"}],"wp:attachment":[{"href":"https:\/\/vapestornado.com\/sk\/wp-json\/wp\/v2\/media?parent=3724"}],"wp:term":[{"taxonomy":"product_brand","embeddable":true,"href":"https:\/\/vapestornado.com\/sk\/wp-json\/wp\/v2\/product_brand?post=3724"},{"taxonomy":"product_cat","embeddable":true,"href":"https:\/\/vapestornado.com\/sk\/wp-json\/wp\/v2\/product_cat?post=3724"},{"taxonomy":"product_tag","embeddable":true,"href":"https:\/\/vapestornado.com\/sk\/wp-json\/wp\/v2\/product_tag?post=3724"}],"curies":[{"name":"wp","href":"https:\/\/api.w.org\/{rel}","templated":true}]}}