{"id":3700,"date":"2025-01-07T09:47:56","date_gmt":"2025-01-07T09:47:56","guid":{"rendered":"https:\/\/vapestornado.com\/?post_type=product&#038;p=3700"},"modified":"2025-08-23T09:34:23","modified_gmt":"2025-08-23T09:34:23","slug":"wholesale-price-bang-king-35000-puffs-tornado-vape","status":"publish","type":"product","link":"https:\/\/vapestornado.com\/sk\/product\/wholesale-price-bang-king-35000-puffs-tornado-vape\/","title":{"rendered":"Ve\u013ekoobchodn\u00e1 cena Bang King 35000 \u0165ahov Tornado Vape"},"content":{"rendered":"<h1>Ve\u013ekoobchodn\u00e1 cena Bang King 35000 \u0165ahov Tornado Vape<\/h1>\n<p>&nbsp;<\/p>\n<div role=\"article\" data-tabster=\"{&quot;groupper&quot;:{&quot;tabbability&quot;:2},&quot;focusable&quot;:{}}\" data-content=\"ai-message\" aria-labelledby=\"64JRvXrTnY7mRmPkEQLLT-author 64JRvXrTnY7mRmPkEQLLT-content\">\n<div id=\"64JRvXrTnY7mRmPkEQLLT-content\">\n<p data-start=\"302\" data-end=\"548\">Ahoj! V tejto chv\u00edli ti neviem pom\u00f4c\u0165 s tvojou po\u017eiadavkou. M\u00f4\u017eem ti v\u0161ak pom\u00f4c\u0165 s prekladom akejko\u013evek tvojej po\u017eiadavky. Ak m\u00e1\u0161 z\u00e1ujem, r\u00e1d ti pom\u00f4\u017eem s \u010fal\u0161\u00edmi prekladmi. <strong data-start=\"306\" data-end=\"347\">Jednorazov\u00fd vape Bang King 35000 Puffs<\/strong> poskytuje kapacitu, v\u00fdkon a hladk\u00fa chu\u0165 v jednom zariaden\u00ed. S a\u017e <strong data-start=\"424\" data-end=\"440\">35 000 \u0165ahov<\/strong> a <strong data-start=\"447\" data-end=\"480\">23 ml predplnenej e-liquidovej n\u00e1dr\u017ee<\/strong>, poskytuje dlhotrvaj\u00face pou\u017e\u00edvanie pri zachovan\u00ed konzistentnej chuti.<\/p>\n<p data-start=\"550\" data-end=\"829\">Vybaven\u00e9 <strong data-start=\"566\" data-end=\"584\">0,6\u03a9 mesh cievka<\/strong>, Bang King 35K zais\u0165uje bohat\u00fa paru a stabiln\u00e9 pr\u00fadenie vzduchu. A <strong data-start=\"645\" data-end=\"677\">1000mAh dob\u00edjacia bat\u00e9ria<\/strong> s <strong data-start=\"683\" data-end=\"707\">r\u00fdchleho nab\u00edjania typu C<\/strong> podporuje nepretr\u017eit\u00e9 sedenia, zatia\u013e \u010do <strong data-start=\"747\" data-end=\"775\">ochrany proti sp\u00e1leniu<\/strong> zabra\u0148uje such\u00fdm \u0165ahom pre spo\u013eahliv\u00fd z\u00e1\u017eitok z vapovania.<\/p>\n<p data-start=\"831\" data-end=\"1092\">Dostupn\u00e9 v <strong data-start=\"844\" data-end=\"885\">0%, 2%, 3% a 5% s obsahom nikot\u00ednu<\/strong>, je vhodn\u00fd pre pr\u00edle\u017eitostn\u00fdch aj n\u00e1ro\u010dn\u00fdch pou\u017e\u00edvate\u013eov. Balen\u00e9 <strong data-start=\"933\" data-end=\"972\">10 ks v krabi\u010dke a 200 ks v kart\u00f3ne<\/strong>, Bang King 35000 je ide\u00e1lny pre ve\u013ekoobchodn\u00fa distrib\u00faciu a hromadn\u00fdch kupuj\u00facich, ktor\u00ed h\u013eadaj\u00fa vysoko \u017eiadan\u00fd <strong data-start=\"1068\" data-end=\"1089\">Vape s 35 000 \u0165ahmi<\/strong><\/p>\n<p>Nakupujte teraz na <strong>Vapebulkp.com<\/strong> a za\u017eite neprekonate\u013en\u00fd v\u00fdkon a kvalitu Bang King 35 000 Puffs.<\/p>\n<\/div>\n<\/div>\n<p><img fetchpriority=\"high\" decoding=\"async\" class=\"alignleft wp-image-2951 size-medium\" src=\"https:\/\/vapestornado.com\/wp-content\/uploads\/2024\/12\/Wholesale-Disposable-Vape-265x300.jpg\" alt=\"Ve\u013ekoobchodn\u00fd Jednorazov\u00fd Vape\" width=\"265\" height=\"300\" srcset=\"https:\/\/vapestornado.com\/wp-content\/uploads\/2024\/12\/Wholesale-Disposable-Vape-265x300.jpg 265w, https:\/\/vapestornado.com\/wp-content\/uploads\/2024\/12\/Wholesale-Disposable-Vape-768x871.jpg 768w, https:\/\/vapestornado.com\/wp-content\/uploads\/2024\/12\/Wholesale-Disposable-Vape-600x680.jpg 600w, https:\/\/vapestornado.com\/wp-content\/uploads\/2024\/12\/Wholesale-Disposable-Vape.jpg 823w\" sizes=\"(max-width: 265px) 100vw, 265px\" \/><\/p>\n<h5>Pre z\u013eavnen\u00fa cenu kontaktujte Mandy na WhatsApp<a href=\"https:\/\/wa.me\/8618077105796\" target=\"_blank\" rel=\"noopener\">+8618077105796<\/a><\/h5>\n<div class=\"flex max-w-full flex-col flex-grow\">\n<div class=\"min-h-8 text-message flex w-full flex-col items-end gap-2 whitespace-normal break-words text-start [.text-message+&amp;]:mt-5\" dir=\"auto\" data-message-author-role=\"assistant\" data-message-id=\"cdb991c0-f594-4bff-b2d5-fbbdd7ce9e54\" data-message-model-slug=\"gpt-4o-mini\">\n<div class=\"flex w-full flex-col gap-1 empty:hidden first:pt-[3px]\">\n<div class=\"markdown prose w-full break-words dark:prose-invert light\"><\/div>\n<\/div>\n<\/div>\n<\/div>\n<div class=\"mb-2 flex gap-3 empty:hidden -ml-2\">\n<h2 class=\"sr-proMainInfo-baseInfoH1 J-baseInfo-name\">K\u013e\u00fa\u010dov\u00e9 vlastnosti ve\u013ekoobchodn\u00e9ho inteligentn\u00e9ho vape Bang King 35k Puffs:<\/h2>\n<ul>\n<li><strong>Neprekonate\u013en\u00e1 kapacita potiahnut\u00ed<\/strong>: U\u017eite si <strong>35 000 \u0165ahov<\/strong>, ide\u00e1lne na dlhodob\u00e9 pou\u017e\u00edvanie bez \u010dastej v\u00fdmeny.<\/li>\n<li><strong>Ve\u013ekorys\u00fd objem e-liquidu<\/strong>: Vopred naplnen\u00e9 s <strong>23 ml pr\u00e9miov\u00e9ho vape liquidu<\/strong> pre konzistentn\u00fa chu\u0165.<\/li>\n<li><strong>Nab\u00edjate\u013en\u00e1 bat\u00e9ria<\/strong>: Poh\u00e1\u0148an\u00e9 <strong>1000mAh bat\u00e9ria<\/strong> s <strong>r\u00fdchleho nab\u00edjania typu C<\/strong>.<\/li>\n<li><strong>Technol\u00f3gia Mesh Coil<\/strong>: Pokro\u010dil\u00e1 <strong>0,6\u03a9 mesh cievka<\/strong> zais\u0165uje bohat\u00fa, jemn\u00fa a hust\u00fa paru.<\/li>\n<li><strong>Prisp\u00f4sobite\u013en\u00e9 sily nikot\u00ednu<\/strong>: Dostupn\u00e9 v <strong>0%, 2%, 3% a 5% nikot\u00ednovej soli<\/strong> pre ka\u017ed\u00e9ho.<\/li>\n<li><strong>Ochrana proti such\u00e9mu spa\u013eovaniu<\/strong>: Zabra\u0148uje prehriatiu a such\u00fdm z\u00e1sahom pre bezpe\u010dnej\u0161\u00ed a hlad\u0161\u00ed z\u00e1\u017eitok z vapovania.<\/li>\n<li><strong>Ve\u013ekoobchodn\u00e9 balenie<\/strong>: Pohodlne zabalen\u00e9 ako <strong>10 ks v krabi\u010dke a 200 ks v kart\u00f3ne<\/strong>, ide\u00e1lne pre osobn\u00fdch aj hromadn\u00fdch kupuj\u00facich.<\/li>\n<\/ul>\n<\/div>\n<h2 class=\"sr-proMainInfo-baseInfoH1 J-baseInfo-name\">BANGKING 35000PUFF VAPOR Pr\u00edchu\u0165:<\/h2>\n<p>1.jahodov\u00e9 mango<br \/>\n2.love66<br \/>\n3.modr\u00e1 malina \u013ead<br \/>\n4.jahodov\u00fd vodn\u00fd mel\u00f3n<br \/>\n5.citr\u00f3n m\u00e4ta<br \/>\n6.dvojit\u00e9 jablko<br \/>\n7.energetick\u00fd n\u00e1poj<br \/>\n8.brosky\u0148a \u013ead<br \/>\n9.jahoda kivi<br \/>\n10.hrozno \u013ead<br \/>\n11.\u010du\u010doriedka \u013ead<br \/>\n12.vodn\u00fd mel\u00f3n<\/p>\n<div role=\"article\" data-tabster=\"{&quot;groupper&quot;:{&quot;tabbability&quot;:2},&quot;focusable&quot;:{}}\" data-content=\"ai-message\" aria-labelledby=\"dARUyEWDoEYhnSPXFwx5A-author dARUyEWDoEYhnSPXFwx5A-content\">\n<div id=\"dARUyEWDoEYhnSPXFwx5A-content\">\n<h2><strong>Pre\u010do k\u00fapi\u0165 Bang King 35000puff Vapes od vapestornado?<\/strong><\/h2>\n<ul>\n<li><strong>D\u00f4veryhodn\u00e1 kvalita<\/strong>: vapestornado je popredn\u00fd distrib\u00fator <strong>pr\u00e9miov\u00fdch jednorazov\u00fdch vapovac\u00edch pier<\/strong>, v\u010faka \u010domu dostanete autentick\u00e9 a vysokokvalitn\u00e9 produkty.<\/li>\n<li><strong>Konkuren\u010dn\u00e9 ceny<\/strong>: Z\u00edskajte najlep\u0161ie ve\u013ekoobchodn\u00e9 ponuky a hromadn\u00e9 ceny na Bang King 35 000 potiahnut\u00ed.<\/li>\n<li><strong>R\u00fdchle doru\u010denie<\/strong>: Zabezpe\u010dujeme r\u00fdchle doru\u010denie po celej Eur\u00f3pe, aby ste svoje produkty dostali v\u010das.<\/li>\n<li><strong>V\u00fdnimo\u010dn\u00e1 z\u00e1kazn\u00edcka podpora<\/strong>: N\u00e1\u0161 t\u00edm je k dispoz\u00edcii, aby v\u00e1m pomohol s ot\u00e1zkami a zaistil hladk\u00fd priebeh n\u00e1kupu.<\/li>\n<li><strong>Komplexn\u00fd v\u00fdber<\/strong>: Presk\u00famajte \u0161irok\u00fa ponuku <strong>\u0161pi\u010dkov\u00e9 jednorazov\u00e9 e-cigarety<\/strong> aby vyhovoval v\u0161etk\u00fdm preferenci\u00e1m vapovania.<\/li>\n<\/ul>\n<\/div>\n<\/div>\n<h2>\u010cast\u00e9 ot\u00e1zky o dlhotrvaj\u00facich jednorazov\u00fdch e-cigaret\u00e1ch Bang Vape 35000 Puffs<\/h2>\n<h4><strong>1. Ako dlho vydr\u017e\u00ed Bang Vape King 35 000 potiahnut\u00ed?<\/strong><\/h4>\n<p>Bang King je navrhnut\u00fd tak, aby poskytoval a\u017e do <strong>35 000 \u0165ahov<\/strong>, \u010do z neho rob\u00ed jedno z najodolnej\u0161\u00edch jednorazov\u00fdch vapovac\u00edch pier na trhu. \u010cas pou\u017e\u00edvania bude z\u00e1visie\u0165 od frekvencie a d\u013a\u017eky potiahnutia.<\/p>\n<h4><strong>2. M\u00f4\u017eem nabi\u0165 Hot Sale Vape Bang King 35 000 potiahnut\u00ed?<\/strong><\/h4>\n<p>\u00c1no, toto zariadenie m\u00e1 <strong>nab\u00edjac\u00ed port Type-C<\/strong> a <strong>1000mAh dob\u00edjacia bat\u00e9ria<\/strong>, \u010do zais\u0165uje, \u017ee si m\u00f4\u017eete vychutna\u0165 v\u0161etk\u00fdch 35 000 potiahnut\u00ed bez preru\u0161enia.<\/p>\n<h4><strong>3. \u010c\u00edm sa l\u00ed\u0161i Bang 35000 puffvape od in\u00fdch jednorazov\u00fdch vapovac\u00edch pier?<\/strong><\/h4>\n<p>Jeho kombin\u00e1cia <strong>Kapacita 35 000 potiahnut\u00ed<\/strong>, <strong>23 ml objemu e-liquidu<\/strong>, <strong>Technol\u00f3gia sie\u0165ovej cievky<\/strong>a <strong>ochrany proti sp\u00e1leniu<\/strong> ho odli\u0161uje ako \u0161pi\u010dkov\u00fa jednorazov\u00fa e-cigaretu.<\/p>","protected":false},"excerpt":{"rendered":"<p>Presk\u00famajte ve\u013ekoobchodn\u00e9 ceny pre Bang King 35000 Puffs Tornado Vape na Vapebulkp.com. Pon\u00faka 35 000 potiahnut\u00ed, 23 ml e-liquidu, 1000 mAh bat\u00e9riu, nab\u00edjanie cez Type-C a technol\u00f3giu proti sp\u00e1leniu. Ide\u00e1lne pre hromadn\u00e9 objedn\u00e1vky s prisp\u00f4sobite\u013en\u00fdmi mo\u017enos\u0165ami nikot\u00ednu (0 %, 2 %, 3 %, 5 %). Nakupujte pr\u00e9miov\u00e9 jednorazov\u00e9 vapy e\u0161te dnes!<\/p>\n<figure id=\"attachment_2951\" aria-describedby=\"caption-attachment-2951\" style=\"width: 265px\" class=\"wp-caption alignnone\"><img decoding=\"async\" class=\"size-medium wp-image-2951\" src=\"https:\/\/vapestornado.com\/wp-content\/uploads\/2024\/12\/Wholesale-Disposable-Vape-265x300.jpg\" alt=\"Ve\u013ekoobchodn\u00fd Jednorazov\u00fd Vape\" width=\"265\" height=\"300\" srcset=\"https:\/\/vapestornado.com\/wp-content\/uploads\/2024\/12\/Wholesale-Disposable-Vape-265x300.jpg 265w, https:\/\/vapestornado.com\/wp-content\/uploads\/2024\/12\/Wholesale-Disposable-Vape-768x871.jpg 768w, https:\/\/vapestornado.com\/wp-content\/uploads\/2024\/12\/Wholesale-Disposable-Vape-600x680.jpg 600w, https:\/\/vapestornado.com\/wp-content\/uploads\/2024\/12\/Wholesale-Disposable-Vape.jpg 823w\" sizes=\"(max-width: 265px) 100vw, 265px\" \/><figcaption id=\"caption-attachment-2951\" class=\"wp-caption-text\">Pre z\u013eavnen\u00fa cenu kontaktujte Mandy na WhatsApp\u00a0 <a href=\"https:\/\/wa.me\/8618077105796\">+8618077105796<\/a><\/figcaption><\/figure>\n<p>&nbsp;<\/p>","protected":false},"featured_media":3702,"comment_status":"open","ping_status":"closed","template":"","meta":{"_acf_changed":false,"_uag_custom_page_level_css":"","_lmt_disableupdate":"no","_lmt_disable":"","_monsterinsights_skip_tracking":false,"_monsterinsights_sitenote_active":false,"_monsterinsights_sitenote_note":"","_monsterinsights_sitenote_category":0,"site-sidebar-layout":"default","site-content-layout":"","ast-site-content-layout":"default","site-content-style":"default","site-sidebar-style":"default","ast-global-header-display":"","ast-banner-title-visibility":"","ast-main-header-display":"","ast-hfb-above-header-display":"","ast-hfb-below-header-display":"","ast-hfb-mobile-header-display":"","site-post-title":"","ast-breadcrumbs-content":"","ast-featured-img":"","footer-sml-layout":"","ast-disable-related-posts":"","theme-transparent-header-meta":"default","adv-header-id-meta":"","stick-header-meta":"","header-above-stick-meta":"","header-main-stick-meta":"","header-below-stick-meta":"","astra-migrate-meta-layouts":"set","ast-page-background-enabled":"default","ast-page-background-meta":{"desktop":{"background-color":"","background-image":"","background-repeat":"repeat","background-position":"center center","background-size":"auto","background-attachment":"scroll","background-type":"","background-media":"","overlay-type":"","overlay-color":"","overlay-opacity":"","overlay-gradient":""},"tablet":{"background-color":"","background-image":"","background-repeat":"repeat","background-position":"center center","background-size":"auto","background-attachment":"scroll","background-type":"","background-media":"","overlay-type":"","overlay-color":"","overlay-opacity":"","overlay-gradient":""},"mobile":{"background-color":"","background-image":"","background-repeat":"repeat","background-position":"center center","background-size":"auto","background-attachment":"scroll","background-type":"","background-media":"","overlay-type":"","overlay-color":"","overlay-opacity":"","overlay-gradient":""}},"ast-content-background-meta":{"desktop":{"background-color":"var(--ast-global-color-5)","background-image":"","background-repeat":"repeat","background-position":"center center","background-size":"auto","background-attachment":"scroll","background-type":"","background-media":"","overlay-type":"","overlay-color":"","overlay-opacity":"","overlay-gradient":""},"tablet":{"background-color":"var(--ast-global-color-5)","background-image":"","background-repeat":"repeat","background-position":"center center","background-size":"auto","background-attachment":"scroll","background-type":"","background-media":"","overlay-type":"","overlay-color":"","overlay-opacity":"","overlay-gradient":""},"mobile":{"background-color":"var(--ast-global-color-5)","background-image":"","background-repeat":"repeat","background-position":"center center","background-size":"auto","background-attachment":"scroll","background-type":"","background-media":"","overlay-type":"","overlay-color":"","overlay-opacity":"","overlay-gradient":""}},"_joinchat":{"telephone":"+8618077105796"}},"product_brand":[],"product_cat":[175,63,140,158,159],"product_tag":[223,97,98],"class_list":{"0":"post-3700","1":"product","2":"type-product","3":"status-publish","4":"has-post-thumbnail","6":"product_cat-35000-puff","7":"product_cat-bangking","8":"product_cat-big-puffs-disposable-vapes","9":"product_cat-buy-disposable-vapes-in-spain","10":"product_cat-buy-disposable-vapes-in-sweden","11":"product_tag-bang-king-vape-35000","12":"product_tag-hot-sale-disposable-vape","13":"product_tag-wholesale-price-disposable-vape","14":"desktop-align-left","15":"tablet-align-left","16":"mobile-align-left","18":"first","19":"instock","20":"sale","21":"shipping-taxable","22":"purchasable","23":"product-type-simple"},"acf":[],"uagb_featured_image_src":{"full":["https:\/\/vapestornado.com\/wp-content\/uploads\/2025\/01\/Bang-Vape-35000-Puffs-Disposable-Vape-Hot-Sale-In-Germany.webp",800,800,false],"thumbnail":["https:\/\/vapestornado.com\/wp-content\/uploads\/2025\/01\/Bang-Vape-35000-Puffs-Disposable-Vape-Hot-Sale-In-Germany-150x150.webp",150,150,true],"medium":["https:\/\/vapestornado.com\/wp-content\/uploads\/2025\/01\/Bang-Vape-35000-Puffs-Disposable-Vape-Hot-Sale-In-Germany-300x300.webp",300,300,true],"medium_large":["https:\/\/vapestornado.com\/wp-content\/uploads\/2025\/01\/Bang-Vape-35000-Puffs-Disposable-Vape-Hot-Sale-In-Germany-768x768.webp",768,768,true],"large":["https:\/\/vapestornado.com\/wp-content\/uploads\/2025\/01\/Bang-Vape-35000-Puffs-Disposable-Vape-Hot-Sale-In-Germany.webp",800,800,false],"1536x1536":["https:\/\/vapestornado.com\/wp-content\/uploads\/2025\/01\/Bang-Vape-35000-Puffs-Disposable-Vape-Hot-Sale-In-Germany.webp",800,800,false],"2048x2048":["https:\/\/vapestornado.com\/wp-content\/uploads\/2025\/01\/Bang-Vape-35000-Puffs-Disposable-Vape-Hot-Sale-In-Germany.webp",800,800,false],"trp-custom-language-flag":["https:\/\/vapestornado.com\/wp-content\/uploads\/2025\/01\/Bang-Vape-35000-Puffs-Disposable-Vape-Hot-Sale-In-Germany.webp",12,12,false],"woocommerce_thumbnail":["https:\/\/vapestornado.com\/wp-content\/uploads\/2025\/01\/Bang-Vape-35000-Puffs-Disposable-Vape-Hot-Sale-In-Germany-300x300.webp",300,300,true],"woocommerce_single":["https:\/\/vapestornado.com\/wp-content\/uploads\/2025\/01\/Bang-Vape-35000-Puffs-Disposable-Vape-Hot-Sale-In-Germany-600x600.webp",600,600,true],"woocommerce_gallery_thumbnail":["https:\/\/vapestornado.com\/wp-content\/uploads\/2025\/01\/Bang-Vape-35000-Puffs-Disposable-Vape-Hot-Sale-In-Germany-100x100.webp",100,100,true]},"uagb_author_info":{"display_name":"ESMANDY","author_link":"https:\/\/vapestornado.com\/sk\/author\/"},"uagb_comment_info":0,"uagb_excerpt":"Explore wholesale prices for Bang King 35000 Puffs Tornado Vape at Vapebulkp.com. Featuring 35,000 puffs, 23ml e-liquid, 1000mAh battery, Type-C charging, and anti-dry burn technology. Ideal for bulk orders with customizable nicotine options (0%, 2%, 3%, 5%). Shop premium disposable vapes today! [caption id=\"attachment_2951\" align=\"alignnone\" width=\"265\"] Pls Contact Mandy's WhatsApp For Discount Price\u00a0 +8618077105796[\/caption] &nbsp;","_links":{"self":[{"href":"https:\/\/vapestornado.com\/sk\/wp-json\/wp\/v2\/product\/3700","targetHints":{"allow":["GET"]}}],"collection":[{"href":"https:\/\/vapestornado.com\/sk\/wp-json\/wp\/v2\/product"}],"about":[{"href":"https:\/\/vapestornado.com\/sk\/wp-json\/wp\/v2\/types\/product"}],"replies":[{"embeddable":true,"href":"https:\/\/vapestornado.com\/sk\/wp-json\/wp\/v2\/comments?post=3700"}],"wp:featuredmedia":[{"embeddable":true,"href":"https:\/\/vapestornado.com\/sk\/wp-json\/wp\/v2\/media\/3702"}],"wp:attachment":[{"href":"https:\/\/vapestornado.com\/sk\/wp-json\/wp\/v2\/media?parent=3700"}],"wp:term":[{"taxonomy":"product_brand","embeddable":true,"href":"https:\/\/vapestornado.com\/sk\/wp-json\/wp\/v2\/product_brand?post=3700"},{"taxonomy":"product_cat","embeddable":true,"href":"https:\/\/vapestornado.com\/sk\/wp-json\/wp\/v2\/product_cat?post=3700"},{"taxonomy":"product_tag","embeddable":true,"href":"https:\/\/vapestornado.com\/sk\/wp-json\/wp\/v2\/product_tag?post=3700"}],"curies":[{"name":"wp","href":"https:\/\/api.w.org\/{rel}","templated":true}]}}