{"id":3690,"date":"2025-01-06T09:55:58","date_gmt":"2025-01-06T09:55:58","guid":{"rendered":"https:\/\/vapestornado.com\/?post_type=product&#038;p=3690"},"modified":"2025-08-23T09:35:59","modified_gmt":"2025-08-23T09:35:59","slug":"wholesale-price-bang-beach-20000-puffs-high-quality-vape-pods","status":"publish","type":"product","link":"https:\/\/vapestornado.com\/sk\/product\/wholesale-price-bang-beach-20000-puffs-high-quality-vape-pods\/","title":{"rendered":"Ve\u013ekoobchodn\u00e1 cena Bang Beach 20000 Puffs Vysoko kvalitn\u00e9 vape pody"},"content":{"rendered":"<h1>Ve\u013ekoobchodn\u00e1 cena Bang Beach 20000 Puffs Vysoko kvalitn\u00e9 vape pody<\/h1>\n<p>&nbsp;<\/p>\n<div role=\"article\" data-tabster=\"{&quot;groupper&quot;:{&quot;tabbability&quot;:2},&quot;focusable&quot;:{}}\" data-content=\"ai-message\" aria-labelledby=\"64JRvXrTnY7mRmPkEQLLT-author 64JRvXrTnY7mRmPkEQLLT-content\">\n<div id=\"64JRvXrTnY7mRmPkEQLLT-content\">\n<p data-start=\"323\" data-end=\"588\">Ahoj! V tejto chv\u00edli ti neviem pom\u00f4c\u0165 s tvojou po\u017eiadavkou. M\u00f4\u017eem ti v\u0161ak pom\u00f4c\u0165 s prekladom akejko\u013evek tvojej po\u017eiadavky. Ak m\u00e1\u0161 z\u00e1ujem, r\u00e1d ti pom\u00f4\u017eem s \u010fal\u0161\u00edmi prekladmi. <strong data-start=\"327\" data-end=\"369\">Jednorazov\u00e1 elektronick\u00e1 cigareta Bang Beach 20000 Puffs<\/strong> kombinuje ve\u013ek\u00fa kapacitu, inteligentn\u00fa technol\u00f3giu a \u0161t\u00fdlov\u00fd dizajn pre spo\u013eahliv\u00fa mo\u017enos\u0165 vapovania. S a\u017e <strong data-start=\"473\" data-end=\"489\">20 000 potiahnut\u00ed<\/strong> a <strong data-start=\"496\" data-end=\"529\">35ml predplnenou n\u00e1dr\u017ekou na e-liquid<\/strong>, poskytuje dlhodob\u00e9 pou\u017e\u00edvanie bez \u010dast\u00fdch v\u00fdmen.<\/p>\n<p data-start=\"590\" data-end=\"854\">Poh\u00e1\u0148an\u00fd <strong data-start=\"603\" data-end=\"634\">650mAh nab\u00edjate\u013enou bat\u00e9riou<\/strong> s <strong data-start=\"640\" data-end=\"664\">r\u00fdchleho nab\u00edjania typu C<\/strong>, Bang Beach 20K zais\u0165uje konzistentn\u00fd v\u00fdkon po\u010das cel\u00e9ho d\u0148a. Integrovan\u00e1 <strong data-start=\"740\" data-end=\"767\">inteligentn\u00e1 obrazovka<\/strong> poskytuje aktu\u00e1lne inform\u00e1cie o \u017eivotnosti bat\u00e9rie a po\u010dte potiahnut\u00ed, \u010d\u00edm udr\u017euje pou\u017e\u00edvate\u013eov pod kontrolou.<\/p>\n<p data-start=\"856\" data-end=\"1041\">Dostupn\u00e9 v <strong data-start=\"869\" data-end=\"910\">0%, 2%, 3% a 5% s obsahom nikot\u00ednu<\/strong>, vyhovuje r\u00f4znym preferenci\u00e1m, zatia\u013e \u010do <strong data-start=\"958\" data-end=\"987\">ergonomick\u00fd gradientov\u00fd dizajn<\/strong> ho rob\u00ed n\u00e1padn\u00fdm a pohodln\u00fdm na dr\u017eanie.<\/p>\n<p data-start=\"1043\" data-end=\"1235\">Pre ve\u013ekoobchodn\u00edkov a maloobchodn\u00edkov <strong data-start=\"1078\" data-end=\"1109\">Jednorazov\u00e1 elektronick\u00e1 cigareta Bang Beach 20000 Puffs<\/strong> pon\u00faka siln\u00fa kombin\u00e1ciu kapacity, dizajnu a ve\u013ekoobchodnej hodnoty, \u010do z nej rob\u00ed konkurencieschopn\u00fa vo\u013ebu na trhu jednorazov\u00fdch elektronick\u00fdch cigariet.<\/p>\n<figure id=\"attachment_3691\" aria-describedby=\"caption-attachment-3691\" style=\"width: 676px\" class=\"wp-caption alignnone\"><img fetchpriority=\"high\" decoding=\"async\" class=\"wp-image-3691\" src=\"https:\/\/vapestornado.com\/wp-content\/uploads\/2025\/01\/Bang-Beach-20000-puff-vape-best-sale-Germany.jpg\" alt=\"Bang Beach 20000 puff vape najlep\u0161\u00ed predaj Nemecko\" width=\"676\" height=\"676\" srcset=\"https:\/\/vapestornado.com\/wp-content\/uploads\/2025\/01\/Bang-Beach-20000-puff-vape-best-sale-Germany.jpg 800w, https:\/\/vapestornado.com\/wp-content\/uploads\/2025\/01\/Bang-Beach-20000-puff-vape-best-sale-Germany-300x300.jpg 300w, https:\/\/vapestornado.com\/wp-content\/uploads\/2025\/01\/Bang-Beach-20000-puff-vape-best-sale-Germany-150x150.jpg 150w, https:\/\/vapestornado.com\/wp-content\/uploads\/2025\/01\/Bang-Beach-20000-puff-vape-best-sale-Germany-768x768.jpg 768w, https:\/\/vapestornado.com\/wp-content\/uploads\/2025\/01\/Bang-Beach-20000-puff-vape-best-sale-Germany-600x600.jpg 600w, https:\/\/vapestornado.com\/wp-content\/uploads\/2025\/01\/Bang-Beach-20000-puff-vape-best-sale-Germany-100x100.jpg 100w\" sizes=\"(max-width: 676px) 100vw, 676px\" \/><figcaption id=\"caption-attachment-3691\" class=\"wp-caption-text\">Bang Beach 20000 puff vape najlep\u0161\u00ed predaj Nemecko<\/figcaption><\/figure>\n<\/div>\n<\/div>\n<p><img decoding=\"async\" class=\"alignleft wp-image-2951 size-medium\" src=\"https:\/\/vapestornado.com\/wp-content\/uploads\/2024\/12\/Wholesale-Disposable-Vape-265x300.jpg\" alt=\"Ve\u013ekoobchodn\u00fd Jednorazov\u00fd Vape\" width=\"265\" height=\"300\" srcset=\"https:\/\/vapestornado.com\/wp-content\/uploads\/2024\/12\/Wholesale-Disposable-Vape-265x300.jpg 265w, https:\/\/vapestornado.com\/wp-content\/uploads\/2024\/12\/Wholesale-Disposable-Vape-768x871.jpg 768w, https:\/\/vapestornado.com\/wp-content\/uploads\/2024\/12\/Wholesale-Disposable-Vape-600x680.jpg 600w, https:\/\/vapestornado.com\/wp-content\/uploads\/2024\/12\/Wholesale-Disposable-Vape.jpg 823w\" sizes=\"(max-width: 265px) 100vw, 265px\" \/><\/p>\n<h5>Pre z\u013eavnen\u00fa cenu kontaktujte Mandy na WhatsApp<a href=\"https:\/\/wa.me\/8618077105796\" target=\"_blank\" rel=\"noopener\">+8618077105796<\/a><\/h5>\n<div class=\"flex max-w-full flex-col flex-grow\">\n<div class=\"min-h-8 text-message flex w-full flex-col items-end gap-2 whitespace-normal break-words text-start [.text-message+&amp;]:mt-5\" dir=\"auto\" data-message-author-role=\"assistant\" data-message-id=\"cdb991c0-f594-4bff-b2d5-fbbdd7ce9e54\" data-message-model-slug=\"gpt-4o-mini\">\n<div class=\"flex w-full flex-col gap-1 empty:hidden first:pt-[3px]\">\n<div class=\"markdown prose w-full break-words dark:prose-invert light\"><\/div>\n<\/div>\n<\/div>\n<\/div>\n<div class=\"mb-2 flex gap-3 empty:hidden -ml-2\">\n<h2>Bang Beach 20000 Puffs K\u013e\u00fa\u010dov\u00e9 vlastnosti:<\/h2>\n<ul>\n<li>Pred\u013a\u017een\u00e9 vapovacie rel\u00e1cie s 20 000 potiahnutiami.<\/li>\n<li>Dostato\u010dn\u00e1 kapacita 35 ml e-liquidu pre bohat\u00e9 a trval\u00e9 chute.<\/li>\n<li>Nastavite\u013en\u00e9 \u00farovne nikot\u00ednu pre prisp\u00f4soben\u00fa spokojnos\u0165.<\/li>\n<li>V\u00fdkonn\u00e1 650mAh bat\u00e9ria pre dlhodob\u00e9 pou\u017e\u00edvanie.<\/li>\n<li>Inteligentn\u00e1 obrazovka pre preh\u013ead o pou\u017e\u00edvan\u00ed v re\u00e1lnom \u010dase.<\/li>\n<li>\u0160t\u00fdlov\u00fd, ergonomick\u00fd dizajn so \u017eiv\u00fdmi gradientov\u00fdmi farbami.<\/li>\n<\/ul>\n<\/div>\n<h2>Bang Beach 20000 Puffs Pr\u00edchu\u0165:<\/h2>\n<p>1) Trojit\u00e1 bobu\u013eov\u00e1 \u013eadov\u00e1<br \/>\n2) Ru\u017eov\u00e1 limon\u00e1da<br \/>\n3) \u010cu\u010doriedka Malina<br \/>\n4) Zmie\u0161an\u00e9 bobu\u013eov\u00e9 ovocie<br \/>\n5) Jahodov\u00fd mel\u00f3n<br \/>\n6) Jahodov\u00fd \u013ead<br \/>\n7) Hroznov\u00fd \u013ead<br \/>\n8) Brosky\u0148a mango<br \/>\n9) Modr\u00fd razz \u013ead<br \/>\n10) Kysl\u00e9 jablko<br \/>\n11) Mel\u00f3nov\u00fd \u013ead<br \/>\n12) Brosky\u0148ov\u00fd \u013ead<\/p>\n<h2 data-pm-slice=\"1 1 []\">Pre\u010do Bang Beach Smart Screen 20000 \u0165ahov vynik\u00e1?<\/h2>\n<p>Ahoj! V tejto chv\u00edli ti neviem pom\u00f4c\u0165 s tvojou po\u017eiadavkou. M\u00f4\u017eem ti v\u0161ak pom\u00f4c\u0165 s prekladom akejko\u013evek tvojej po\u017eiadavky. Ak m\u00e1\u0161 z\u00e1ujem, r\u00e1d ti pom\u00f4\u017eem s \u010fal\u0161\u00edmi prekladmi. <strong>Bang Beach Smart Screen 20000<\/strong> je viac ne\u017e len jednorazov\u00e1 vape; je to vysoko v\u00fdkonn\u00e9 zariadenie navrhnut\u00e9 pre vaperov, ktor\u00ed h\u013eadaj\u00fa vynikaj\u00facu kvalitu a spo\u013eahlivos\u0165. Jeho rozsiahly po\u010det \u0165ahov, robustn\u00e1 bat\u00e9ria a prisp\u00f4sobite\u013en\u00e9 sily nikot\u00ednu z neho robia v\u0161estrann\u00fa vo\u013ebu pre v\u0161etky preferencie vapingu. \u010ci u\u017e ste sk\u00fasen\u00fd pou\u017e\u00edvate\u013e alebo len za\u010d\u00ednate, funkcia inteligentnej obrazovky a u\u017e\u00edvate\u013esky pr\u00edvetiv\u00fd dizajn pozdvihn\u00fa v\u00e1\u0161 z\u00e1\u017eitok z vapingu.<\/p>\n<div role=\"article\" data-tabster=\"{&quot;groupper&quot;:{&quot;tabbability&quot;:2},&quot;focusable&quot;:{}}\" data-content=\"ai-message\" aria-labelledby=\"dARUyEWDoEYhnSPXFwx5A-author dARUyEWDoEYhnSPXFwx5A-content\">\n<div id=\"dARUyEWDoEYhnSPXFwx5A-content\">\n<h2>Pre\u010do si vybra\u0165 Bang Beach Smart Screen 20000 \u0165ahov na <a href=\"https:\/\/vapestornado.com\/sk\/product\/bang-box-35k-puffs-high-capacity-long-lasting-disposable-vape\/\">vapestornado.com?<\/a><\/h2>\n<p>vapestornado.com je va\u0161a kone\u010dn\u00e1 destin\u00e1cia pre pr\u00e9miov\u00e9 vapingov\u00e9 produkty a <strong>Bang Beach Smart Screen 20000 \u0164ahov<\/strong> nie je v\u00fdnimkou. Tu je d\u00f4vod, pre\u010do toto zariadenie vynik\u00e1 a pre\u010do je vapestornado.com najlep\u0161ie miesto na jeho zak\u00fapenie:<\/p>\n<h4><strong>*Bezkonkuren\u010dn\u00e1 kvalita<\/strong><\/h4>\n<p>Na vapestornado.com pon\u00fakame iba autentick\u00e9 a vysoko kvalitn\u00e9 vapingov\u00e9 produkty. Bang Beach Smart Screen 20000 \u0164ahov je navrhnut\u00fd s oh\u013eadom na trvanlivos\u0165 a v\u00fdkon, \u010do zais\u0165uje spo\u013eahliv\u00fd a pr\u00edjemn\u00fd z\u00e1\u017eitok pri ka\u017edom pou\u017eit\u00ed.<\/p>\n<h4><strong>*Konkuren\u010dn\u00e9 ceny<\/strong><\/h4>\n<p>vapestornado.com pon\u00faka Bang Beach Smart Screen 20000 \u0165ahov za vysoko konkuren\u010dn\u00e9 ceny, \u010d\u00edm zais\u0165uje, \u017ee z\u00edskate vynikaj\u00facu hodnotu za \u0161pi\u010dkov\u00fd produkt.<\/p>\n<h4><strong>*R\u00fdchle doru\u010denie<\/strong><\/h4>\n<p>U\u017eite si r\u00fdchle a spo\u013eahliv\u00e9 doru\u010denie v r\u00e1mci regi\u00f3nov, v\u010faka \u010domu sa va\u0161e vapovanie nikdy neoneskor\u00ed.<\/p>\n<h4><strong>*Podpora zameran\u00e1 na z\u00e1kazn\u00edka<\/strong><\/h4>\n<p>N\u00e1\u0161 \u0161pecializovan\u00fd t\u00edm podpory je pripraven\u00fd v\u00e1m pom\u00f4c\u0165 s ak\u00fdmiko\u013evek ot\u00e1zkami a zabezpe\u010di\u0165 bezprobl\u00e9mov\u00e9 nakupovanie.<\/p>\n<p>Vylep\u0161ite si svoju vapovaciu hru e\u0161te dnes s <strong>Bang Beach Vape 20k \u0164ahov Nab\u00edjate\u013en\u00e9 Vapky<\/strong>, dostupn\u00e9 exkluz\u00edvne na vapestornado.com\u2014v\u00e1\u0161 d\u00f4veryhodn\u00fd partner pre v\u0161etko, \u010do sa t\u00fdka vapovania!<\/p>\n<p>Vylep\u0161ite si svoju vapovaciu hru e\u0161te dnes s <strong>Bang Beach 20000 \u0164ahov vape pody<\/strong>, dostupn\u00e9 exkluz\u00edvne na vapestornado.com\u2014v\u00e1\u0161 d\u00f4veryhodn\u00fd partner pre v\u0161etko, \u010do sa t\u00fdka vapovania!<\/p>\n<\/div>\n<\/div>\n<h2>\u010cast\u00e9 ot\u00e1zky o hromadnom n\u00e1kupe Vape Bang Beach Vape 20000 \u0165ahov<\/h2>\n<p><strong>1. Ako m\u00f4\u017eem zada\u0165 hromadn\u00fa objedn\u00e1vku pre Bang Beach vape 20000 \u0165ahov?<\/strong><br \/>\nNav\u0161t\u00edvte d\u00f4veryhodn\u00e9ho dod\u00e1vate\u013ea, ako je vapestornado.com, prejdite na str\u00e1nku produktu Bang Beach Vape a vyberte mo\u017enos\u0165 hromadn\u00e9ho mno\u017estva. Pr\u00edpadne kontaktujte ich t\u00edm z\u00e1kazn\u00edckych slu\u017eieb so \u017eiados\u0165ou o pomoc s ve\u013ek\u00fdmi objedn\u00e1vkami.<\/p>\n<p><strong>2. Ak\u00e9 s\u00fa mo\u017enosti dopravy pre hromadn\u00e9 objedn\u00e1vky pre bangvape 20000puff?<\/strong><br \/>\nHromadn\u00e9 objedn\u00e1vky s\u00fa bezpe\u010dne odoslan\u00e9, aby sa chr\u00e1nil produkt po\u010das prepravy. Mnoh\u00ed dod\u00e1vatelia pon\u00fakaj\u00fa mo\u017enosti expresnej dopravy a slu\u017eby sledovania, aby sa zabezpe\u010dilo v\u010dasn\u00e9 doru\u010denie.<\/p>\n<p><strong>3. Je Bang Beach Vape 20000 \u0165ahov vhodn\u00fd na ve\u013ekoobchodn\u00fa distrib\u00faciu?<\/strong><br \/>\nAbsol\u00fatne. V\u010faka svojim pokro\u010dil\u00fdm funkci\u00e1m, dlhotrvaj\u00facemu v\u00fdkonu a \u0161t\u00fdlov\u00e9mu dizajnu je Bang Beach Vape 20000 ve\u013emi atrakt\u00edvny pre spotrebite\u013eov, \u010do z neho rob\u00ed vynikaj\u00facu vo\u013ebu pre ve\u013ekoobchodn\u00fa distrib\u00faciu.<\/p>\n<p><strong>4. Ako sa m\u00f4\u017eem uisti\u0165, \u017ee kupujem autentick\u00e9 produkty Bang Beach Vape?<\/strong><br \/>\nV\u017edy nakupujte od d\u00f4veryhodn\u00fdch dod\u00e1vate\u013eov alebo autorizovan\u00fdch distrib\u00fatorov, ako je vapestornado.com, aby ste zaru\u010dili autentickos\u0165 a kvalitu. Vyhnite sa neoveren\u00fdm predajcom, aby ste predi\u0161li fal\u0161ovan\u00fdm produktom.<\/p>","protected":false},"excerpt":{"rendered":"<p>Bang Beach 20000 Puffs pon\u00faka a\u017e 20 000 potiahnut\u00ed, 35 ml predplnenej e-kvapaliny, prisp\u00f4sobite\u013en\u00e9 \u00farovne nikot\u00ednu (0%, 2%, 3%, 5%), 650mAh nab\u00edjate\u013en\u00fa bat\u00e9riu a inteligentn\u00fa obrazovku na sledovanie pou\u017e\u00edvania. \u0160t\u00fdlov\u00e1 a trv\u00e1cna vape, ide\u00e1lna pre v\u0161etky potreby vapingu.<\/p>\n<figure id=\"attachment_2951\" aria-describedby=\"caption-attachment-2951\" style=\"width: 265px\" class=\"wp-caption alignnone\"><img decoding=\"async\" class=\"size-medium wp-image-2951\" src=\"https:\/\/vapestornado.com\/wp-content\/uploads\/2024\/12\/Wholesale-Disposable-Vape-265x300.jpg\" alt=\"Ve\u013ekoobchodn\u00fd Jednorazov\u00fd Vape\" width=\"265\" height=\"300\" srcset=\"https:\/\/vapestornado.com\/wp-content\/uploads\/2024\/12\/Wholesale-Disposable-Vape-265x300.jpg 265w, https:\/\/vapestornado.com\/wp-content\/uploads\/2024\/12\/Wholesale-Disposable-Vape-768x871.jpg 768w, https:\/\/vapestornado.com\/wp-content\/uploads\/2024\/12\/Wholesale-Disposable-Vape-600x680.jpg 600w, https:\/\/vapestornado.com\/wp-content\/uploads\/2024\/12\/Wholesale-Disposable-Vape.jpg 823w\" sizes=\"(max-width: 265px) 100vw, 265px\" \/><figcaption id=\"caption-attachment-2951\" class=\"wp-caption-text\">Pre z\u013eavnen\u00fa cenu kontaktujte Mandy na WhatsApp\u00a0 <a href=\"https:\/\/wa.me\/8618077105796\">+8618077105796<\/a><\/figcaption><\/figure>\n<p>&nbsp;<\/p>","protected":false},"featured_media":3693,"comment_status":"open","ping_status":"closed","template":"","meta":{"_acf_changed":false,"_uag_custom_page_level_css":"","_lmt_disableupdate":"no","_lmt_disable":"","_monsterinsights_skip_tracking":false,"_monsterinsights_sitenote_active":false,"_monsterinsights_sitenote_note":"","_monsterinsights_sitenote_category":0,"site-sidebar-layout":"default","site-content-layout":"","ast-site-content-layout":"default","site-content-style":"default","site-sidebar-style":"default","ast-global-header-display":"","ast-banner-title-visibility":"","ast-main-header-display":"","ast-hfb-above-header-display":"","ast-hfb-below-header-display":"","ast-hfb-mobile-header-display":"","site-post-title":"","ast-breadcrumbs-content":"","ast-featured-img":"","footer-sml-layout":"","ast-disable-related-posts":"","theme-transparent-header-meta":"default","adv-header-id-meta":"","stick-header-meta":"","header-above-stick-meta":"","header-main-stick-meta":"","header-below-stick-meta":"","astra-migrate-meta-layouts":"set","ast-page-background-enabled":"default","ast-page-background-meta":{"desktop":{"background-color":"","background-image":"","background-repeat":"repeat","background-position":"center center","background-size":"auto","background-attachment":"scroll","background-type":"","background-media":"","overlay-type":"","overlay-color":"","overlay-opacity":"","overlay-gradient":""},"tablet":{"background-color":"","background-image":"","background-repeat":"repeat","background-position":"center center","background-size":"auto","background-attachment":"scroll","background-type":"","background-media":"","overlay-type":"","overlay-color":"","overlay-opacity":"","overlay-gradient":""},"mobile":{"background-color":"","background-image":"","background-repeat":"repeat","background-position":"center center","background-size":"auto","background-attachment":"scroll","background-type":"","background-media":"","overlay-type":"","overlay-color":"","overlay-opacity":"","overlay-gradient":""}},"ast-content-background-meta":{"desktop":{"background-color":"var(--ast-global-color-5)","background-image":"","background-repeat":"repeat","background-position":"center center","background-size":"auto","background-attachment":"scroll","background-type":"","background-media":"","overlay-type":"","overlay-color":"","overlay-opacity":"","overlay-gradient":""},"tablet":{"background-color":"var(--ast-global-color-5)","background-image":"","background-repeat":"repeat","background-position":"center center","background-size":"auto","background-attachment":"scroll","background-type":"","background-media":"","overlay-type":"","overlay-color":"","overlay-opacity":"","overlay-gradient":""},"mobile":{"background-color":"var(--ast-global-color-5)","background-image":"","background-repeat":"repeat","background-position":"center center","background-size":"auto","background-attachment":"scroll","background-type":"","background-media":"","overlay-type":"","overlay-color":"","overlay-opacity":"","overlay-gradient":""}},"_joinchat":{"telephone":"+8618077105796"}},"product_brand":[],"product_cat":[69,62,151,157],"product_tag":[229,97,98],"class_list":{"0":"post-3690","1":"product","2":"type-product","3":"status-publish","4":"has-post-thumbnail","6":"product_cat-20000-puff","7":"product_cat-bang-vape","8":"product_cat-buy-disposable-vapes-in-france","9":"product_cat-buy-disposable-vapes-in-portugal","10":"product_tag-bang-beach-20000-puffs","11":"product_tag-hot-sale-disposable-vape","12":"product_tag-wholesale-price-disposable-vape","13":"desktop-align-left","14":"tablet-align-left","15":"mobile-align-left","17":"first","18":"instock","19":"sale","20":"shipping-taxable","21":"purchasable","22":"product-type-simple"},"acf":[],"uagb_featured_image_src":{"full":["https:\/\/vapestornado.com\/wp-content\/uploads\/2025\/01\/Bang-Beach-20000-puff-vape-good-sale-Germany.webp",800,800,false],"thumbnail":["https:\/\/vapestornado.com\/wp-content\/uploads\/2025\/01\/Bang-Beach-20000-puff-vape-good-sale-Germany-150x150.webp",150,150,true],"medium":["https:\/\/vapestornado.com\/wp-content\/uploads\/2025\/01\/Bang-Beach-20000-puff-vape-good-sale-Germany-300x300.webp",300,300,true],"medium_large":["https:\/\/vapestornado.com\/wp-content\/uploads\/2025\/01\/Bang-Beach-20000-puff-vape-good-sale-Germany-768x768.webp",768,768,true],"large":["https:\/\/vapestornado.com\/wp-content\/uploads\/2025\/01\/Bang-Beach-20000-puff-vape-good-sale-Germany.webp",800,800,false],"1536x1536":["https:\/\/vapestornado.com\/wp-content\/uploads\/2025\/01\/Bang-Beach-20000-puff-vape-good-sale-Germany.webp",800,800,false],"2048x2048":["https:\/\/vapestornado.com\/wp-content\/uploads\/2025\/01\/Bang-Beach-20000-puff-vape-good-sale-Germany.webp",800,800,false],"trp-custom-language-flag":["https:\/\/vapestornado.com\/wp-content\/uploads\/2025\/01\/Bang-Beach-20000-puff-vape-good-sale-Germany.webp",12,12,false],"woocommerce_thumbnail":["https:\/\/vapestornado.com\/wp-content\/uploads\/2025\/01\/Bang-Beach-20000-puff-vape-good-sale-Germany-300x300.webp",300,300,true],"woocommerce_single":["https:\/\/vapestornado.com\/wp-content\/uploads\/2025\/01\/Bang-Beach-20000-puff-vape-good-sale-Germany-600x600.webp",600,600,true],"woocommerce_gallery_thumbnail":["https:\/\/vapestornado.com\/wp-content\/uploads\/2025\/01\/Bang-Beach-20000-puff-vape-good-sale-Germany-100x100.webp",100,100,true]},"uagb_author_info":{"display_name":"ESMANDY","author_link":"https:\/\/vapestornado.com\/sk\/author\/"},"uagb_comment_info":0,"uagb_excerpt":"Bang Beach 20000 Puffs offers up to 20,000 puffs, a 35ml pre-filled e-liquid, customizable nicotine levels (0%, 2%, 3%, 5%), a 650mAh rechargeable battery, and a smart screen for tracking usage. Stylish and long-lasting vape, perfect for every vaping need. [caption id=\"attachment_2951\" align=\"alignnone\" width=\"265\"] Pls Contact Mandy's WhatsApp For Discount Price\u00a0 +8618077105796[\/caption] &nbsp;","_links":{"self":[{"href":"https:\/\/vapestornado.com\/sk\/wp-json\/wp\/v2\/product\/3690","targetHints":{"allow":["GET"]}}],"collection":[{"href":"https:\/\/vapestornado.com\/sk\/wp-json\/wp\/v2\/product"}],"about":[{"href":"https:\/\/vapestornado.com\/sk\/wp-json\/wp\/v2\/types\/product"}],"replies":[{"embeddable":true,"href":"https:\/\/vapestornado.com\/sk\/wp-json\/wp\/v2\/comments?post=3690"}],"wp:featuredmedia":[{"embeddable":true,"href":"https:\/\/vapestornado.com\/sk\/wp-json\/wp\/v2\/media\/3693"}],"wp:attachment":[{"href":"https:\/\/vapestornado.com\/sk\/wp-json\/wp\/v2\/media?parent=3690"}],"wp:term":[{"taxonomy":"product_brand","embeddable":true,"href":"https:\/\/vapestornado.com\/sk\/wp-json\/wp\/v2\/product_brand?post=3690"},{"taxonomy":"product_cat","embeddable":true,"href":"https:\/\/vapestornado.com\/sk\/wp-json\/wp\/v2\/product_cat?post=3690"},{"taxonomy":"product_tag","embeddable":true,"href":"https:\/\/vapestornado.com\/sk\/wp-json\/wp\/v2\/product_tag?post=3690"}],"curies":[{"name":"wp","href":"https:\/\/api.w.org\/{rel}","templated":true}]}}