{"id":3683,"date":"2025-01-06T07:58:56","date_gmt":"2025-01-06T07:58:56","guid":{"rendered":"https:\/\/vapestornado.com\/?post_type=product&#038;p=3683"},"modified":"2025-12-05T07:32:09","modified_gmt":"2025-12-05T07:32:09","slug":"uwin-crystal-10000-puffs-wholesale-disposable-vape-puff-10k-low-nicotine-rechargeable-vapes-pen-bulk-buy-wholesalepuffs-disposable-vape-wholesale-price-copy","status":"publish","type":"product","link":"https:\/\/vapestornado.com\/sk\/product\/uwin-crystal-10000-puffs-wholesale-disposable-vape-puff-10k-low-nicotine-rechargeable-vapes-pen-bulk-buy-wholesalepuffs-disposable-vape-wholesale-price-copy\/","title":{"rendered":"Uwin Crystal 10000 \u0165ahov Ve\u013ekoobchod Jednorazov\u00e1 e-cigareta 10k N\u00edzky obsah nikot\u00ednu Nab\u00edjate\u013en\u00e9 Vape pero Hromadn\u00fd n\u00e1kup Ve\u013ekoobchod"},"content":{"rendered":"<h1 class=\"product-title\">Uwin Crystal 10000 \u0165ahov Ve\u013ekoobchod Jednorazov\u00e1 e-cigareta 10k N\u00edzky obsah nikot\u00ednu Nab\u00edjate\u013en\u00e9 Vape pero Hromadn\u00fd n\u00e1kup Ve\u013ekoobchod<\/h1>\n<p data-start=\"1245\" data-end=\"1398\">Uwin Crystal 10000 Puffs je kompaktn\u00e1 dob\u00edjate\u013en\u00e1 jednorazov\u00e1 elektronick\u00e1 cigareta, ktor\u00e1 vydr\u017e\u00ed a\u017e 10 000 potiahnut\u00ed na zariadenie, pon\u00faka n\u00edzko-nikot\u00ednov\u00e9 mo\u017enosti od 0.2% do 3.5% a je dostupn\u00e1 v r\u00f4znych pr\u00edchutiach pre jednoduch\u00fa denn\u00fa v\u00fdmenu z cigariet.<\/p>\n<p data-start=\"603\" data-end=\"949\"><strong data-start=\"603\" data-end=\"643\">10 000 potiahnut\u00ed pre skuto\u010dn\u00fa denn\u00fa vzdialenos\u0165.<\/strong><br data-start=\"643\" data-end=\"646\" \/>S <strong data-start=\"653\" data-end=\"672\">Hodnotenie 10K potiahnut\u00ed<\/strong>, Uwin Crystal patr\u00ed do kateg\u00f3rie \u201epou\u017e\u00edvajte ho chv\u00ed\u013eu, nie na v\u00edkend\u201c. Vyhovuje \u013eu\u010fom, ktor\u00ed chc\u00fa zariadenie, ktor\u00e9 vydr\u017e\u00ed pracovn\u00e9 dni, doch\u00e1dzanie a ve\u010dery von bez neust\u00e1leho dop\u013a\u0148ania. V <strong data-start=\"870\" data-end=\"900\">jednorazov\u00e1 vape s 10 000 potiahnutiami<\/strong> je to podstata: menej v\u00fdmen, menej starost\u00ed.<\/p>\n<p data-start=\"951\" data-end=\"1264\"><strong data-start=\"951\" data-end=\"994\">N\u00edzko-nikot\u00ednov\u00e9 sily, ktor\u00e9 nepre\u0165a\u017euj\u00fa.<\/strong><br data-start=\"994\" data-end=\"997\" \/>Uwin Crystal pon\u00faka <strong data-start=\"1017\" data-end=\"1039\">0.2%\u20133.5% nikot\u00ednu<\/strong> \u00farovne, \u010do d\u00e1va faj\u010diarom priestor na v\u00fdber toho, \u010do im vyhovuje. Svetl\u00fd nikot\u00edn je vhodn\u00fd pre pr\u00edle\u017eitostn\u00fdch pou\u017e\u00edvate\u013eov alebo t\u00fdch, ktor\u00ed zni\u017euj\u00fa d\u00e1vky, zatia\u013e \u010do vy\u0161\u0161ie hodnoty vyhovuj\u00fa komuko\u013evek, kto chce st\u00e1le c\u00edti\u0165 v\u00fdrazn\u00fd z\u00e1\u017eitok bez prechodu na silnej\u0161ie soli.<\/p>\n<p data-start=\"1266\" data-end=\"1564\"><strong data-start=\"1266\" data-end=\"1329\">Dob\u00edjate\u013en\u00fd dizajn, ktor\u00fd chr\u00e1ni zariadenie pred skor\u00fdm vybit\u00edm.<\/strong><br data-start=\"1329\" data-end=\"1332\" \/>Toto je <strong data-start=\"1342\" data-end=\"1399\">Uwin Crystal 10000 Puffs dob\u00edjate\u013en\u00e1 jednorazov\u00e1 vape<\/strong>. Dob\u00edjanie znamen\u00e1, \u017ee nie ste n\u00faten\u00ed ho vyhodi\u0165 len preto, \u017ee sa vybije bat\u00e9ria sk\u00f4r, ne\u017e d\u00f4jde tekutina. Je to praktick\u00e9 rie\u0161enie pre zariadenia s vysok\u00fdm po\u010dtom potiahnut\u00ed.<\/p>\n<p data-start=\"1566\" data-end=\"1794\"><strong data-start=\"1566\" data-end=\"1599\">Vrecko-priate\u013esk\u00e9 kry\u0161t\u00e1lov\u00e9 telo.<\/strong><br data-start=\"1599\" data-end=\"1602\" \/>Kon\u0161trukcia je kompaktn\u00e1 a \u010dist\u00e9ho vzh\u013eadu, \u013eahko sa pren\u00e1\u0161a bez pocitu objemnosti. Je to tvar, ktor\u00fd sed\u00ed v vrecku bundy, v aute na odkladacom mieste alebo v z\u00e1suvke na stole a je pripraven\u00fd na r\u00fdchle prest\u00e1vky.<\/p>\n<p data-start=\"1796\" data-end=\"2073\"><strong data-start=\"1796\" data-end=\"1834\">Rozsah pr\u00edchut\u00ed, ktor\u00fd je jednoduch\u00fd.<\/strong><br data-start=\"1834\" data-end=\"1837\" \/>K dispoz\u00edcii je viacero mo\u017enost\u00ed pr\u00edchut\u00ed, tak\u017ee pou\u017e\u00edvatelia m\u00f4\u017eu zosta\u0165 pri tom, \u010do maj\u00fa radi \u2014 ovocn\u00e9, chladn\u00e9 zmesi alebo slad\u0161ie profily \u2014 bez nutnosti meni\u0165 zariadenia pre rozmanitos\u0165. Pre obchody to rob\u00ed Uwin Crystal 10K \u013eahko prisp\u00f4sobite\u013en\u00fdm miestnym trendom v chuti.<\/p>\n<h3><strong>Pre\u010do spolupracova\u0165 s vapestornado?<\/strong><\/h3>\n<p>vapestornado je v\u00e1\u0161 dod\u00e1vate\u013e pre najlep\u0161ie hromadn\u00e9 ponuky jednorazov\u00fdch vapovac\u00edch pier, ako je Uwin Crystal 10000 \u0165ahov. V\u010faka konkurencieschopn\u00fdm cen\u00e1m, v\u00fdnimo\u010dn\u00fdm prepravn\u00fdm slu\u017eb\u00e1m a z\u00e1v\u00e4zku ku kvalite zais\u0165ujeme bezprobl\u00e9mov\u00fd n\u00e1kup pre ve\u013ekoobchodn\u00fdch kupuj\u00facich v celej Eur\u00f3pe.<\/p>\n<p>&nbsp;<\/p>\n<p><span style=\"color: #ff0000;\"><strong>Pridajte si Amy na Whatsapp, z\u00edskajte okam\u017eit\u00fa odpove\u010f a kup\u00f3n na vape!<\/strong><\/span><\/p>\n<p><img fetchpriority=\"high\" decoding=\"async\" class=\"size-full wp-image-2932\" src=\"https:\/\/vapestornado.com\/wp-content\/uploads\/2024\/12\/Vape-Wholesale.jpg\" alt=\"Ve\u013ekoobchod s vape\" width=\"229\" height=\"300\" \/><\/p>\n<h3><a href=\"https:\/\/wa.me\/8617776015835\" target=\"_blank\" rel=\"noopener\"><span style=\"color: #ff0000;\"><strong>WhatsApp: +86 17776015835<\/strong><\/span><\/a><\/h3>\n<p>&nbsp;<\/p>\n<h2 class=\"product-title\"><strong>Vlastnosti produktu Uwin Crystal 10000<\/strong><\/h2>\n<div role=\"article\" data-tabster=\"{&quot;groupper&quot;:{&quot;tabbability&quot;:2},&quot;focusable&quot;:{}}\" data-content=\"ai-message\" aria-labelledby=\"juhNTJ6o7Gk1cgwZMJgv2-author juhNTJ6o7Gk1cgwZMJgv2-content\">\n<div id=\"juhNTJ6o7Gk1cgwZMJgv2-content\">\n<div role=\"article\" data-tabster=\"{&quot;groupper&quot;:{&quot;tabbability&quot;:2},&quot;focusable&quot;:{}}\" data-content=\"ai-message\" aria-labelledby=\"x4EZuCZWrTbh3weWUt7CU-author x4EZuCZWrTbh3weWUt7CU-content\">\n<div id=\"x4EZuCZWrTbh3weWUt7CU-content\">\n<div class=\"flex max-w-full flex-col flex-grow\">\n<div class=\"min-h-8 text-message flex w-full flex-col items-end gap-2 whitespace-normal break-words text-start [.text-message+&amp;]:mt-5\" dir=\"auto\" data-message-author-role=\"assistant\" data-message-id=\"52c6e00a-252f-4104-805d-2f1a84739c71\" data-message-model-slug=\"gpt-4o\">\n<div class=\"flex w-full flex-col gap-1 empty:hidden first:pt-[3px]\">\n<div class=\"markdown prose w-full break-words dark:prose-invert light\">\n<h3><\/h3>\n<table>\n<thead>\n<tr>\n<th>Funkcia \/ Parameter<\/th>\n<th align=\"right\">\u0160pecifik\u00e1cia<\/th>\n<th>Vysvetlenie<\/th>\n<\/tr>\n<\/thead>\n<tbody>\n<tr>\n<td>N\u00e1zov produktu<\/td>\n<td align=\"right\">Uwin Crystal 10000 Puffs Jednorazov\u00e1 Vape<\/td>\n<td>Jasn\u00e9 ozna\u010denie pre opakovan\u00e9 objedn\u00e1vky a vyh\u013ead\u00e1vanie.<\/td>\n<\/tr>\n<tr>\n<td>Kapacita \u0165ahov<\/td>\n<td align=\"right\">A\u017e 10 000 potiahnut\u00ed<\/td>\n<td>Dlh\u0161ie pou\u017e\u00edvanie ako \u0161tandardn\u00e9 jednorazov\u00e9; menej v\u00fdmen.<\/td>\n<\/tr>\n<tr>\n<td>\u00darovne nikot\u00ednu<\/td>\n<td align=\"right\">0.2% \u2013 3.5%<\/td>\n<td>N\u00edzko-nikot\u00ednov\u00e9 rozmedzie pre \u013eah\u0161ie denn\u00e9 pou\u017e\u00edvanie alebo postupn\u00e9 zni\u017eovanie.<\/td>\n<\/tr>\n<tr>\n<td>Bat\u00e9ria<\/td>\n<td align=\"right\">Nab\u00edjate\u013en\u00fd<\/td>\n<td>Pom\u00e1ha v\u00e1m dokon\u010di\u0165 tekutinu namiesto straty potiahnut\u00ed kv\u00f4li vybitej bat\u00e9rii.<\/td>\n<\/tr>\n<tr>\n<td>Dizajn<\/td>\n<td align=\"right\">Kompaktn\u00e9 telo v \u0161t\u00fdle kry\u0161t\u00e1lu<\/td>\n<td>Jednoduch\u00e9 pren\u00e1\u0161anie, \u010dist\u00fd vzh\u013ead, vhodn\u00e9 do ka\u017edodenn\u00fdch rut\u00edn.<\/td>\n<\/tr>\n<tr>\n<td>Mo\u017enosti chuti<\/td>\n<td align=\"right\">Viacer\u00e9 pr\u00edchute<\/td>\n<td>Umo\u017e\u0148uje pou\u017e\u00edvate\u013eom vybra\u0165 si ob\u013e\u00faben\u00fa chu\u0165 bez \u010fal\u0161\u00edch zariaden\u00ed.<\/td>\n<\/tr>\n<tr>\n<td>Pou\u017eitie<\/td>\n<td align=\"right\">Aktiv\u00e1cia potiahnut\u00edm<\/td>\n<td>\u017diadne tla\u010didl\u00e1; inhalujte na vapovanie.<\/td>\n<\/tr>\n<\/tbody>\n<\/table>\n<\/div>\n<\/div>\n<\/div>\n<\/div>\n<div class=\"mb-2 flex gap-3 empty:hidden -ml-2\">\n<figure id=\"attachment_3662\" aria-describedby=\"caption-attachment-3662\" style=\"width: 800px\" class=\"wp-caption alignnone\"><img decoding=\"async\" class=\"wp-image-3662 size-full\" src=\"https:\/\/vapestornado.com\/wp-content\/uploads\/2025\/01\/UWIN-Crystal-10000-Puff-Disposable-Vape-Wholesale-Cheap-Price.webp\" alt=\"UWIN Crystal 10000 P\u00fazdro na jednorazov\u00e9 vapy, ve\u013ekoobchodn\u00e1 n\u00edzka cena\" width=\"800\" height=\"880\" srcset=\"https:\/\/vapestornado.com\/wp-content\/uploads\/2025\/01\/UWIN-Crystal-10000-Puff-Disposable-Vape-Wholesale-Cheap-Price.webp 800w, https:\/\/vapestornado.com\/wp-content\/uploads\/2025\/01\/UWIN-Crystal-10000-Puff-Disposable-Vape-Wholesale-Cheap-Price-273x300.webp 273w, https:\/\/vapestornado.com\/wp-content\/uploads\/2025\/01\/UWIN-Crystal-10000-Puff-Disposable-Vape-Wholesale-Cheap-Price-768x845.webp 768w, https:\/\/vapestornado.com\/wp-content\/uploads\/2025\/01\/UWIN-Crystal-10000-Puff-Disposable-Vape-Wholesale-Cheap-Price-600x660.webp 600w\" sizes=\"(max-width: 800px) 100vw, 800px\" \/><figcaption id=\"caption-attachment-3662\" class=\"wp-caption-text\">UWIN Crystal 10000 P\u00fazdro na jednorazov\u00e9 vapy, ve\u013ekoobchodn\u00e1 n\u00edzka cena<\/figcaption><\/figure>\n<\/div>\n<\/div>\n<\/div>\n<\/div>\n<\/div>\n<h2 class=\"product-title\"><strong>Popul\u00e1rna pr\u00edchu\u0165 pre Uwin Crystal 10000<\/strong><strong>\u00a0<\/strong><strong>Jednorazov\u00e9 e-cigarety<\/strong><\/h2>\n<h2 class=\"product-title\"><\/h2>\n<p>Objavte svet chut\u00ed s Uwin Crystal 10000 Puffs. Od osvie\u017euj\u00facej m\u00e4ty a\u017e po ovocn\u00e9 lah\u00f4dky, \u0161irok\u00e1 \u0161k\u00e1la mo\u017enost\u00ed zais\u0165uje, \u017ee sa n\u00e1jde ide\u00e1lna pr\u00edchu\u0165 pre ka\u017ed\u00fa n\u00e1ladu a chu\u0165. N\u00e1jdite ob\u013e\u00faben\u00e9 pr\u00edchute pod\u013ea d\u00e1tumu n\u00e1\u0161ho predaja a sp\u00e4tnej v\u00e4zby od z\u00e1kazn\u00edkov.<\/p>\n<p>1. \u010cu\u010doriedkov\u00e1 malina <span style=\"color: #ff0000;\"><strong>&gt;&gt;&gt;&gt; Hor\u00face !<\/strong><\/span><br \/>\n2.Hrozno \u013ead<br \/>\n3.Jahoda Vodn\u00fd mel\u00f3n<br \/>\n4.\u010cu\u010doriedka \u013ead<br \/>\n5.Vodn\u00fd mel\u00f3n \u013ead <span style=\"color: #ff0000;\"><strong>&gt;&gt;&gt;&gt; Hor\u00face !<\/strong><\/span><br \/>\n6.\u010cere\u0161\u0148a \u013ead<br \/>\n7.Jahoda malina \u010dere\u0161\u0148a <span style=\"color: #ff0000;\"><strong>&gt;&gt;&gt;&gt; Hor\u00face !<\/strong><\/span><br \/>\n8.Kivi Mu\u010denka guava<br \/>\n9.Jahoda \u013ead<br \/>\n10.Brosky\u0148a \u013ead<br \/>\n11.Jahoda kivi<br \/>\n12.Brosky\u0148a bobu\u013eov\u00e9 ovocie<br \/>\n13.\u010cere\u0161\u0148ov\u00e1 kola <span style=\"color: #ff0000;\"><strong>&gt;&gt;&gt;&gt; Hor\u00face !<\/strong><\/span><br \/>\n14.Zmes bobu\u013eov\u00e9ho ovocia<br \/>\n15.P\u00e1n modr\u00fd<br \/>\n16. Brosky\u0148a mango anan\u00e1s<br \/>\n17. Dve jablk\u00e1<br \/>\n18. Jahodov\u00e1 brusnicov\u00e1 \u010dere\u0161\u0148a <span style=\"color: #ff0000;\"><strong>&gt;&gt;&gt;&gt; Najlep\u0161ie !<\/strong><\/span><br \/>\n19. Jahodov\u00fd ban\u00e1n<br \/>\n20. Lady Killa<br \/>\n21. Modr\u00e1 malinov\u00e1 limon\u00e1da<br \/>\n22. Red Bull <span style=\"color: #ff0000;\"><strong>&gt;&gt;&gt;&gt; Hor\u00face !<\/strong><\/span><br \/>\n23.Jahoda hrozno<br \/>\n24.\u010cere\u0161\u0148ov\u00e9 bobule<br \/>\n25.L\u00e1ska 66<br \/>\n26.\u013dadov\u00fd marakujov\u00fd ovocn\u00fd \u013ead<br \/>\n27.\u013dadov\u00e1 kola<br \/>\n28. Miami Mint <span style=\"color: #ff0000;\"><strong>&gt;&gt;&gt;&gt; Hor\u00face !<\/strong><\/span><br \/>\n29.Vanilkov\u00fd \u013ead<br \/>\n30.Citr\u00f3n limetka<\/p>\n<div class=\"flex-shrink-0 flex flex-col relative items-end\">\n<div class=\"pt-0\">\n<div class=\"gizmo-bot-avatar flex h-8 w-8 items-center justify-center overflow-hidden rounded-full\">\n<div class=\"relative p-1 rounded-sm flex items-center justify-center bg-token-main-surface-primary text-token-text-primary h-8 w-8\">\n<h3>\u010cast\u00e9 ot\u00e1zky pre Uwin Crystal 10000 nab\u00edjate\u013en\u00fd<strong>\u00a0<\/strong>Jednorazov\u00e1 Vape<\/h3>\n<h3><\/h3>\n<p data-start=\"2904\" data-end=\"3222\"><strong data-start=\"2904\" data-end=\"3008\">1. Je Uwin Crystal 10000 Puffs jednorazov\u00fd vaporiz\u00e9r vhodn\u00fd pre niekoho, kto prech\u00e1dza z cigariet?<\/strong><br data-start=\"3008\" data-end=\"3011\" \/>\u00c1no. The <strong data-start=\"3020\" data-end=\"3064\">Uwin Crystal 10000 Puffs jednorazov\u00fd vaporiz\u00e9r<\/strong> pon\u00faka dlh\u00fa v\u00fddr\u017e a nastavite\u013en\u00fd n\u00edzky nikot\u00ednov\u00fd rozsah, tak\u017ee faj\u010diari si m\u00f4\u017eu vybra\u0165 silu, ktor\u00e1 sa bl\u00ed\u017ei ich obvykl\u00e9mu zvyku, a vyhn\u00fa\u0165 sa neust\u00e1lej v\u00fdmene zariaden\u00ed.<\/p>\n<p data-start=\"3224\" data-end=\"3539\"><strong data-start=\"3224\" data-end=\"3311\">2. Ako dlho obvykle vydr\u017e\u00ed dob\u00edjate\u013en\u00fd jednorazov\u00fd Uwin Crystal 10000 Puffs?<\/strong><br data-start=\"3311\" data-end=\"3314\" \/>\u017divotnos\u0165 z\u00e1vis\u00ed od toho, ako \u010dasto vapujete, ale pri be\u017enom dennom pou\u017e\u00edvan\u00ed <strong data-start=\"3382\" data-end=\"3434\">Uwin Crystal 10000 Puffs dob\u00edjate\u013en\u00fd jednorazov\u00fd<\/strong> zvy\u010dajne vydr\u017e\u00ed ove\u013ea dlh\u0161ie ako modely s 3k\u20135k potiahnutiami v\u010faka vy\u0161\u0161iemu hodnoteniu potiahnut\u00ed a dob\u00edjate\u013enej bat\u00e9rii.<\/p>\n<p data-start=\"3541\" data-end=\"3817\"><strong data-start=\"3541\" data-end=\"3619\">3. Ak\u00fa \u00farove\u0148 nikot\u00ednu by som si mal vybra\u0165 pre Uwin Crystal 10000 Puffs?<\/strong><br data-start=\"3619\" data-end=\"3622\" \/>Ak faj\u010d\u00edte \u013eahko alebo chcete menej nikot\u00ednu, za\u010dnite pri <strong data-start=\"3677\" data-end=\"3688\">0.2%\u20131%<\/strong>. Ak ste boli \u0165a\u017e\u0161\u00edm faj\u010diarom, ale st\u00e1le chcete stredn\u00fa d\u00e1vku, <strong data-start=\"3750\" data-end=\"3761\">2%\u20133.5%<\/strong> je be\u017en\u00fd rozsah. Podstatou je kontrola, nie pre\u0165a\u017eenie.<\/p>\n<p data-start=\"3819\" data-end=\"4073\"><strong data-start=\"3819\" data-end=\"3892\">4. Udr\u017e\u00ed Uwin Crystal 10000 Puffs rovnak\u00fa chu\u0165 po\u010das \u010dasu?<\/strong><br data-start=\"3892\" data-end=\"3895\" \/>Vysoko-pufov\u00e9 zariadenia m\u00f4\u017eu vybledn\u00fa\u0165, ak cievka nedok\u00e1\u017ee zvl\u00e1dnu\u0165 z\u00e1\u0165a\u017e. Uwin Crystal je vyroben\u00fd na pravideln\u00e9 denn\u00e9 pou\u017e\u00edvanie a nab\u00edjanie pom\u00e1ha udr\u017ea\u0165 kon\u0161tantn\u00fd v\u00fdkon, k\u00fdm sa n\u00e1pl\u0148 nevy\u010derp\u00e1.<\/p>\n<p data-start=\"4075\" data-end=\"4309\"><strong data-start=\"4075\" data-end=\"4149\">5. Je Uwin Crystal 10000 Puffs \u013eahko prenosn\u00fd do pr\u00e1ce alebo na cestovanie?<\/strong><br data-start=\"4149\" data-end=\"4152\" \/>\u00c1no. Kompaktn\u00e9 telo je navrhnut\u00e9 na vreck\u00e1 a denn\u00e9 ta\u0161ky. Je jednoduch\u00fd pre \u013eud\u00ed, ktor\u00ed chc\u00fa po\u010das prest\u00e1vok nie\u010do jednoduch\u00e9 bez nosenia n\u00e1hradn\u00e9ho pr\u00edslu\u0161enstva.<\/p>\n<p data-start=\"4075\" data-end=\"4309\">\n<\/div>\n<\/div>\n<\/div>\n<\/div>\n<div class=\"flex-shrink-0 flex flex-col relative items-end\">\n<div class=\"pt-0\">\n<div class=\"gizmo-bot-avatar flex h-8 w-8 items-center justify-center overflow-hidden rounded-full\">\n<div class=\"relative p-1 rounded-sm flex items-center justify-center bg-token-main-surface-primary text-token-text-primary h-8 w-8\">\n<div class=\"mb-2 flex gap-3 empty:hidden -ml-2\">\n<div role=\"article\" data-tabster=\"{&quot;groupper&quot;:{&quot;tabbability&quot;:2},&quot;focusable&quot;:{}}\" data-content=\"ai-message\" aria-labelledby=\"Vdt5ez4X7Tg813x6rFVha-author Vdt5ez4X7Tg813x6rFVha-content\">\n<div id=\"Vdt5ez4X7Tg813x6rFVha-content\">\n<div role=\"article\" data-tabster=\"{&quot;groupper&quot;:{&quot;tabbability&quot;:2},&quot;focusable&quot;:{}}\" data-content=\"ai-message\" aria-labelledby=\"o968oC7CEo2fGHsGdsRYC-author o968oC7CEo2fGHsGdsRYC-content\">\n<div id=\"o968oC7CEo2fGHsGdsRYC-content\">\n<h3>Pre\u010do si vybra\u0165 vapestornado pre ve\u013ekoobchod s jednorazov\u00fdm vapom Uwin Crystal 10000 Puffs?<\/h3>\n<div class=\"flex-shrink-0 flex flex-col relative items-end\">\n<div class=\"pt-0\">\n<div class=\"gizmo-bot-avatar flex h-8 w-8 items-center justify-center overflow-hidden rounded-full\">\n<div class=\"relative p-1 rounded-sm flex items-center justify-center bg-token-main-surface-primary text-token-text-primary h-8 w-8\">\n<p>Vitajte vo vapestornado, va\u0161om d\u00f4veryhodnom online obchode s vape pre pr\u00e9miov\u00e9 jednorazov\u00e9 vapy. S viac ako 5-ro\u010dn\u00fdmi sk\u00fasenos\u0165ami v\u00e1m prin\u00e1\u0161ame popul\u00e1rne zna\u010dky jednorazov\u00fdch vape ako Fumot RandM Vape, Vapme, Bang Vape, Waspe Vape a WGA Vape, at\u010f.<\/p>\n<p>N\u00e1\u0161 sortiment zah\u0155\u0148a hor\u00face vapy ako napr\u00edklad <a href=\"https:\/\/vapestornado.com\/sk\/product\/randm-12000-puffs-fumot-digital-disposable-vape-wholesale-price\/\">RandM Torn\u00e1do 12000<\/a>, a v\u00fdber bohat\u00fd na pr\u00edchute ako napr\u00edklad <a href=\"https:\/\/vapestornado.com\/sk\/product\/wga-crystal-pro-max-extra-15000-puffs-rechargeable-disposable-vape-wholesale-bulk-buy\/\">\u00a0WGA Crystal 15k Pufov<\/a> . Ka\u017ed\u00fd produkt je vybran\u00fd so zameran\u00edm na kvalitu, hodnotu a rozmanitos\u0165, \u010do zais\u0165uje, \u017ee n\u00e1jdete presne to, \u010do potrebujete. Objavte v\u00fdnimo\u010dn\u00e9 slu\u017eby a \u0161irok\u00fa \u0161k\u00e1lu \u0161pi\u010dkov\u00fdch produktov za ve\u013ekoobchodn\u00e9 ceny vo vapestornado.<\/p>\n<\/div>\n<p>&nbsp;<\/p>\n<p><strong>\u010eal\u0161ie hor\u00face jednorazov\u00e9 vapy<\/strong><\/p>\n<p><a href=\"https:\/\/vapestornado.com\/sk\/product\/vapsolo-tornado-pro-12000-puffs-2-5-low-nicotine-bulk-buy-rechargeable-disposable-vapes-pen-wholesale-price\/\">VapSolo Tornado Pro 12000 Pufov <span style=\"color: #ff0000;\"><strong>&gt;&gt;&gt;&gt; Vpred !<\/strong><\/span><\/a><\/p>\n<p><a href=\"https:\/\/vapestornado.com\/sk\/product\/jnr-mega-shisha-hookah-100000-puffs-disposable-vape-wholesale-price\/\">JNR Mega Shisha Fajka 100 Pufov<span style=\"color: #ff0000;\"><strong>&gt;&gt;&gt;&gt; Vpred !<\/strong><\/span><\/a><\/p>\n<p><a href=\"https:\/\/vapestornado.com\/sk\/product\/tornado-vape-fihp-15000-puffs-2-low-nicotine-disposable-vape-wholesale\/\">Tornado Vape FIHP 15000 <span style=\"color: #ff0000;\"><strong>&gt;&gt;&gt;&gt; Vpred !<\/strong><\/span><\/a><\/p>\n<\/div>\n<\/div>\n<\/div>\n<p>&nbsp;<\/p>\n<\/div>\n<\/div>\n<\/div>\n<\/div>\n<\/div>\n<\/div>\n<\/div>\n<\/div>\n<\/div>","protected":false},"excerpt":{"rendered":"<p>Uwin Crystal 10000 Puffs Disposable Vape for Steady Daily Use<br \/>\nUwin Crystal 10K Rechargeable Disposable with Low-Nicitube Options<br \/>\nUwin Crystal 10000 Puff Bar Rich Flavors in a Compact Crystal Body<\/p>\n<p><strong>Pridajte si Amy na WhatsApp a z\u00edskajte okam\u017eit\u00fa odpove\u010f a kup\u00f3n na vape!<\/strong><\/p>\n<p><img fetchpriority=\"high\" decoding=\"async\" class=\"size-full wp-image-2932\" src=\"https:\/\/vapestornado.com\/wp-content\/uploads\/2024\/12\/Vape-Wholesale.jpg\" alt=\"Ve\u013ekoobchod s vape\" width=\"229\" height=\"300\" \/><\/p>\n<h3><a href=\"https:\/\/wa.me\/8617776015835\"><span style=\"color: #ff0000;\"><strong>WhatsApp: +86 17776015835<\/strong><\/span><\/a><\/h3>\n<p>&nbsp;<\/p>","protected":false},"featured_media":3664,"comment_status":"open","ping_status":"closed","template":"","meta":{"_acf_changed":false,"_uag_custom_page_level_css":"","_lmt_disableupdate":"no","_lmt_disable":"","_monsterinsights_skip_tracking":false,"_monsterinsights_sitenote_active":false,"_monsterinsights_sitenote_note":"","_monsterinsights_sitenote_category":0,"site-sidebar-layout":"default","site-content-layout":"","ast-site-content-layout":"default","site-content-style":"default","site-sidebar-style":"default","ast-global-header-display":"","ast-banner-title-visibility":"","ast-main-header-display":"","ast-hfb-above-header-display":"","ast-hfb-below-header-display":"","ast-hfb-mobile-header-display":"","site-post-title":"","ast-breadcrumbs-content":"","ast-featured-img":"","footer-sml-layout":"","ast-disable-related-posts":"","theme-transparent-header-meta":"default","adv-header-id-meta":"","stick-header-meta":"","header-above-stick-meta":"","header-main-stick-meta":"","header-below-stick-meta":"","astra-migrate-meta-layouts":"set","ast-page-background-enabled":"default","ast-page-background-meta":{"desktop":{"background-color":"","background-image":"","background-repeat":"repeat","background-position":"center center","background-size":"auto","background-attachment":"scroll","background-type":"","background-media":"","overlay-type":"","overlay-color":"","overlay-opacity":"","overlay-gradient":""},"tablet":{"background-color":"","background-image":"","background-repeat":"repeat","background-position":"center center","background-size":"auto","background-attachment":"scroll","background-type":"","background-media":"","overlay-type":"","overlay-color":"","overlay-opacity":"","overlay-gradient":""},"mobile":{"background-color":"","background-image":"","background-repeat":"repeat","background-position":"center center","background-size":"auto","background-attachment":"scroll","background-type":"","background-media":"","overlay-type":"","overlay-color":"","overlay-opacity":"","overlay-gradient":""}},"ast-content-background-meta":{"desktop":{"background-color":"var(--ast-global-color-5)","background-image":"","background-repeat":"repeat","background-position":"center center","background-size":"auto","background-attachment":"scroll","background-type":"","background-media":"","overlay-type":"","overlay-color":"","overlay-opacity":"","overlay-gradient":""},"tablet":{"background-color":"var(--ast-global-color-5)","background-image":"","background-repeat":"repeat","background-position":"center center","background-size":"auto","background-attachment":"scroll","background-type":"","background-media":"","overlay-type":"","overlay-color":"","overlay-opacity":"","overlay-gradient":""},"mobile":{"background-color":"var(--ast-global-color-5)","background-image":"","background-repeat":"repeat","background-position":"center center","background-size":"auto","background-attachment":"scroll","background-type":"","background-media":"","overlay-type":"","overlay-color":"","overlay-opacity":"","overlay-gradient":""}},"_joinchat":{"telephone":"+8617776015835"}},"product_brand":[],"product_cat":[106,153,160,143,146,233],"product_tag":[165,120,97,166,94,227,477],"class_list":{"0":"post-3683","1":"product","2":"type-product","3":"status-publish","4":"has-post-thumbnail","6":"product_cat-10000-puff","7":"product_cat-buy-disposable-vapes-in-italy","8":"product_cat-buy-disposable-vapes-in-switzerland","9":"product_cat-dual-mesh-disposable-vapes","10":"product_cat-rechargeable-disposable-vapes","11":"product_cat-uwin-vape","12":"product_tag-cheap-vapes","13":"product_tag-crystal-vape","14":"product_tag-hot-sale-disposable-vape","15":"product_tag-low-nicotine-vape","16":"product_tag-rechargeable-disposable-vape","17":"product_tag-uwin-crystal-10000","18":"product_tag-vape-with-rgb-light","19":"desktop-align-left","20":"tablet-align-left","21":"mobile-align-left","23":"first","24":"instock","25":"sale","26":"shipping-taxable","27":"purchasable","28":"product-type-simple"},"acf":[],"uagb_featured_image_src":{"full":["https:\/\/vapestornado.com\/wp-content\/uploads\/2025\/01\/UWIN-Crystal-10000-Puffs-Disposable-Vape-Wholesale.webp",800,870,false],"thumbnail":["https:\/\/vapestornado.com\/wp-content\/uploads\/2025\/01\/UWIN-Crystal-10000-Puffs-Disposable-Vape-Wholesale-150x150.webp",150,150,true],"medium":["https:\/\/vapestornado.com\/wp-content\/uploads\/2025\/01\/UWIN-Crystal-10000-Puffs-Disposable-Vape-Wholesale-276x300.webp",276,300,true],"medium_large":["https:\/\/vapestornado.com\/wp-content\/uploads\/2025\/01\/UWIN-Crystal-10000-Puffs-Disposable-Vape-Wholesale-768x835.webp",768,835,true],"large":["https:\/\/vapestornado.com\/wp-content\/uploads\/2025\/01\/UWIN-Crystal-10000-Puffs-Disposable-Vape-Wholesale.webp",800,870,false],"1536x1536":["https:\/\/vapestornado.com\/wp-content\/uploads\/2025\/01\/UWIN-Crystal-10000-Puffs-Disposable-Vape-Wholesale.webp",800,870,false],"2048x2048":["https:\/\/vapestornado.com\/wp-content\/uploads\/2025\/01\/UWIN-Crystal-10000-Puffs-Disposable-Vape-Wholesale.webp",800,870,false],"trp-custom-language-flag":["https:\/\/vapestornado.com\/wp-content\/uploads\/2025\/01\/UWIN-Crystal-10000-Puffs-Disposable-Vape-Wholesale.webp",11,12,false],"woocommerce_thumbnail":["https:\/\/vapestornado.com\/wp-content\/uploads\/2025\/01\/UWIN-Crystal-10000-Puffs-Disposable-Vape-Wholesale-300x300.webp",300,300,true],"woocommerce_single":["https:\/\/vapestornado.com\/wp-content\/uploads\/2025\/01\/UWIN-Crystal-10000-Puffs-Disposable-Vape-Wholesale-600x653.webp",600,653,true],"woocommerce_gallery_thumbnail":["https:\/\/vapestornado.com\/wp-content\/uploads\/2025\/01\/UWIN-Crystal-10000-Puffs-Disposable-Vape-Wholesale-100x100.webp",100,100,true]},"uagb_author_info":{"display_name":"ESAMY","author_link":"https:\/\/vapestornado.com\/sk\/author\/"},"uagb_comment_info":0,"uagb_excerpt":"Uwin Crystal 10000 Puffs Disposable Vape for Steady Daily Use Uwin Crystal 10K Rechargeable Disposable with Low-Nicitube Options Uwin Crystal 10000 Puff Bar Rich Flavors in a Compact Crystal Body Add Amy's whatsapp get right reply and vape coupon! WhatsApp: +86 17776015835 &nbsp;","_links":{"self":[{"href":"https:\/\/vapestornado.com\/sk\/wp-json\/wp\/v2\/product\/3683","targetHints":{"allow":["GET"]}}],"collection":[{"href":"https:\/\/vapestornado.com\/sk\/wp-json\/wp\/v2\/product"}],"about":[{"href":"https:\/\/vapestornado.com\/sk\/wp-json\/wp\/v2\/types\/product"}],"replies":[{"embeddable":true,"href":"https:\/\/vapestornado.com\/sk\/wp-json\/wp\/v2\/comments?post=3683"}],"wp:featuredmedia":[{"embeddable":true,"href":"https:\/\/vapestornado.com\/sk\/wp-json\/wp\/v2\/media\/3664"}],"wp:attachment":[{"href":"https:\/\/vapestornado.com\/sk\/wp-json\/wp\/v2\/media?parent=3683"}],"wp:term":[{"taxonomy":"product_brand","embeddable":true,"href":"https:\/\/vapestornado.com\/sk\/wp-json\/wp\/v2\/product_brand?post=3683"},{"taxonomy":"product_cat","embeddable":true,"href":"https:\/\/vapestornado.com\/sk\/wp-json\/wp\/v2\/product_cat?post=3683"},{"taxonomy":"product_tag","embeddable":true,"href":"https:\/\/vapestornado.com\/sk\/wp-json\/wp\/v2\/product_tag?post=3683"}],"curies":[{"name":"wp","href":"https:\/\/api.w.org\/{rel}","templated":true}]}}