{"id":3668,"date":"2025-01-03T09:09:38","date_gmt":"2025-01-03T09:09:38","guid":{"rendered":"https:\/\/vapestornado.com\/?post_type=product&#038;p=3668"},"modified":"2025-08-23T10:46:05","modified_gmt":"2025-08-23T10:46:05","slug":"wholesale-waspe-40000-puffs-dual-flavor-disposable-vape","status":"publish","type":"product","link":"https:\/\/vapestornado.com\/sk\/product\/wholesale-waspe-40000-puffs-dual-flavor-disposable-vape\/","title":{"rendered":"Ve\u013ekoobchod Waspe 40000 \u0165ahov jednorazov\u00e1 e-cigareta s dvojitou pr\u00edchu\u0165ou"},"content":{"rendered":"<h1>Ve\u013ekoobchod Waspe 40000 \u0165ahov jednorazov\u00e1 e-cigareta s dvojitou pr\u00edchu\u0165ou<\/h1>\n<p data-start=\"276\" data-end=\"565\">Ahoj! V tejto chv\u00edli ti neviem pom\u00f4c\u0165 s tvojou po\u017eiadavkou. M\u00f4\u017eem ti v\u0161ak pom\u00f4c\u0165 s prekladom akejko\u013evek tvojej po\u017eiadavky. Ak m\u00e1\u0161 z\u00e1ujem, r\u00e1d ti pom\u00f4\u017eem s \u010fal\u0161\u00edmi prekladmi. <strong data-start=\"280\" data-end=\"329\">Jednorazov\u00fd vape Waspe 40000 Puffs s du\u00e1lnou pr\u00edchu\u0165ou<\/strong> je vyroben\u00fd pre ve\u013ekoobchodn\u00edkov a maloobchodn\u00edkov, ktor\u00ed h\u013eadaj\u00fa zariadenie s vysokou kapacitou a jedine\u010dn\u00fdmi funkciami. Pon\u00faka a\u017e <strong data-start=\"437\" data-end=\"453\">40 000 \u0165ahov<\/strong> a <strong data-start=\"460\" data-end=\"482\">36 ml e-liquidovej n\u00e1dr\u017ee<\/strong>, tento vape poskytuje roz\u0161\u00edren\u00e9 pou\u017e\u00edvanie, \u010d\u00edm sa zni\u017euje potreba \u010dast\u00fdch v\u00fdmen.<\/p>\n<p data-start=\"567\" data-end=\"847\">Jeho <strong data-start=\"571\" data-end=\"593\">syst\u00e9m s dvoma pr\u00edchu\u0165ami<\/strong> umo\u017e\u0148uje pou\u017e\u00edvate\u013eom prep\u00edna\u0165 medzi dvoma profilmi pr\u00edchut\u00ed v jednom zariaden\u00ed, \u010d\u00edm sa zvy\u0161uje rozmanitos\u0165 a atraktivita pre z\u00e1kazn\u00edkov. Vybaven\u00fd <strong data-start=\"721\" data-end=\"752\">850mAh dob\u00edjate\u013enou bat\u00e9riou<\/strong> a <strong data-start=\"757\" data-end=\"781\">r\u00fdchleho nab\u00edjania typu C<\/strong>, Waspe 40K zais\u0165uje spo\u013eahliv\u00fd v\u00fdkon po\u010das cel\u00e9ho d\u0148a.<\/p>\n<p data-start=\"849\" data-end=\"1132\">Ahoj! V tejto chv\u00edli ti neviem pom\u00f4c\u0165 s tvojou po\u017eiadavkou. M\u00f4\u017eem ti v\u0161ak pom\u00f4c\u0165 s prekladom akejko\u013evek tvojej po\u017eiadavky. Ak m\u00e1\u0161 z\u00e1ujem, r\u00e1d ti pom\u00f4\u017eem s \u010fal\u0161\u00edmi prekladmi. <strong data-start=\"853\" data-end=\"874\">LED inteligentn\u00fd displej<\/strong> informuje pou\u017e\u00edvate\u013eov o stave bat\u00e9rie a hladine e-liquidu, zatia\u013e \u010do <strong data-start=\"946\" data-end=\"965\">0.9\u03a9 sie\u0165ovan\u00e9 cievky<\/strong> poskytuj\u00fa hladk\u00fa produkciu pary a v\u00fdrazn\u00fa chu\u0165. Dostupn\u00e9 v <strong data-start=\"1028\" data-end=\"1060\">2% a 5% sil\u00e1ch nikot\u00ednu<\/strong>, vyhovuje pou\u017e\u00edvate\u013eom, ktor\u00ed preferuj\u00fa \u013eah\u0161\u00ed po\u0165ah, aj t\u00fdm, ktor\u00ed uprednost\u0148uj\u00fa silnej\u0161\u00ed \u00fader.<\/p>\n<p data-start=\"1134\" data-end=\"1325\">Pre slovensk\u00fdch distrib\u00fatorov <strong data-start=\"1165\" data-end=\"1197\">Vape Waspe 40000 Dual Flavor<\/strong> kombinuje ve\u013ek\u00fa kapacitu, modern\u00fd dizajn a <strong data-start=\"1242\" data-end=\"1275\">konkuren\u010dn\u00e9 ve\u013ekoobchodn\u00e9 ceny<\/strong>\u010do z neho rob\u00ed ziskov\u00fa vo\u013ebu pre hromadn\u00e9 objedn\u00e1vky.<\/p>\n<p><img fetchpriority=\"high\" decoding=\"async\" class=\"alignnone size-medium wp-image-4246\" src=\"https:\/\/vapestornado.com\/wp-content\/uploads\/2024\/12\/Waspe-DOUBLE-FLAVOUR-40k-Vape-Discount-Price-300x234.jpg\" alt=\"Waspe DOUBLE FLAVOUR 40k Vape Z\u013eavnen\u00e1 cena\" width=\"300\" height=\"234\" srcset=\"https:\/\/vapestornado.com\/wp-content\/uploads\/2024\/12\/Waspe-DOUBLE-FLAVOUR-40k-Vape-Discount-Price-300x234.jpg 300w, https:\/\/vapestornado.com\/wp-content\/uploads\/2024\/12\/Waspe-DOUBLE-FLAVOUR-40k-Vape-Discount-Price-1024x799.jpg 1024w, https:\/\/vapestornado.com\/wp-content\/uploads\/2024\/12\/Waspe-DOUBLE-FLAVOUR-40k-Vape-Discount-Price-768x600.jpg 768w, https:\/\/vapestornado.com\/wp-content\/uploads\/2024\/12\/Waspe-DOUBLE-FLAVOUR-40k-Vape-Discount-Price-15x12.jpg 15w, https:\/\/vapestornado.com\/wp-content\/uploads\/2024\/12\/Waspe-DOUBLE-FLAVOUR-40k-Vape-Discount-Price-600x468.jpg 600w, https:\/\/vapestornado.com\/wp-content\/uploads\/2024\/12\/Waspe-DOUBLE-FLAVOUR-40k-Vape-Discount-Price.jpg 1500w\" sizes=\"(max-width: 300px) 100vw, 300px\" \/><\/p>\n<h3>Detaily produktu<\/h3>\n<p>\u0164ahy: 40000 \u0165ahov<br \/>\nDvojit\u00e1 pr\u00edchu\u0165<br \/>\nMesh cievka: 0.9ohm+0.9ohm<br \/>\nE-liquid: 36ml<br \/>\nNikot\u00edn: 0%\/2%\/5%<br \/>\nBat\u00e9ria: 850 mAh<br \/>\nNab\u00edjate\u013en\u00e9: Typ-C<br \/>\nLED displej<br \/>\nHmotnos\u0165 produktu: 120 g\/ks, Rozmery produktu: 61*31*115mm<br \/>\nMno\u017estvo: 160ks\/kart\u00f3n, 10ks\/\u0161katu\u013eka<br \/>\nHrub\u00e1 hmotnos\u0165: 20kg<\/p>\n<h3><strong>Waspe 40000 Puffs Dvojit\u00e1 pr\u00edchu\u0165<\/strong> Funkcie<\/h3>\n<ol>\n<li><strong>Syst\u00e9m s dvojitou pr\u00edchu\u0165ou:<\/strong> Vychutnajte si dve odli\u0161n\u00e9 pr\u00edchute v jednom zariaden\u00ed pre jedine\u010dn\u00fd z\u00e1\u017eitok z vapovania.<\/li>\n<li><strong>Mas\u00edvny po\u010det potiahnut\u00ed:<\/strong> Poskytuje a\u017e 40 000 \u0165ahov na jedno zariadenie pre dlhodob\u00e9 pou\u017e\u00edvanie.<\/li>\n<li><strong>Nab\u00edjate\u013en\u00e1 bat\u00e9ria:<\/strong> Kapacita 850 mAh s r\u00fdchlym nab\u00edjan\u00edm typu C.<\/li>\n<li><strong>Vysok\u00e1 kapacita e-liquidu:<\/strong> 36 ml e-liquidu zais\u0165uje nepreru\u0161ovan\u00e9 vapovanie.<\/li>\n<li><strong>Technol\u00f3gia Mesh Coil:<\/strong> 0,9-ohmov\u00e9 cievky pre lep\u0161iu chu\u0165 a jemn\u00fa produkciu pary.<\/li>\n<\/ol>\n<h3>Zoznam pr\u00edchut\u00ed<\/h3>\n<ol start=\"1\" data-spread=\"false\" data-pm-slice=\"3 3 []\">\n<li>Vodov\u00fd mel\u00f3n \u013ead \/ Citr\u00f3n-limetka<\/li>\n<li>\u0160umiv\u00e1 \u010dere\u0161\u0148a \u013ead \/ \u010cu\u010doriedkov\u00e1 cukrov\u00e1 vata<\/li>\n<li>Jahodov\u00fd mel\u00f3n \/ \u010cu\u010doriedka malina<\/li>\n<li>Red Bull \u013ead \/ Jahodov\u00e9 mango<\/li>\n<li>Brosky\u0148ov\u00fd \u013ead \/ Anan\u00e1sov\u00e9 mango brosky\u0148a<\/li>\n<li>Hroznov\u00fd \u013ead \/ Jahodov\u00e9 kiwi<\/li>\n<li>Mix bobu\u013eov\u00e9ho ovocia \/ Dvojit\u00e9 jablko \u013ead<\/li>\n<li>Modr\u00e1 malinov\u00e1 limon\u00e1da \/ Mel\u00f3nov\u00e1 \u017euva\u010dka<\/li>\n<li>Jahodov\u00e1 malina \u010dere\u0161\u0148a \/ L\u00e1ska 666<\/li>\n<li>Jahodov\u00fd ban\u00e1n \/ Anan\u00e1s kokos \u013ead<\/li>\n<li>Jahodovo-mel\u00f3nov\u00e1 \u017euva\u010dka \/ Mix ovocia<\/li>\n<li>\u010cere\u0161\u0148ov\u00e1 cola \u013ead \/ Jahodov\u00e1 malina cukr\u00edk<\/li>\n<li>Kysl\u00e9 jablko malina \/ Jahoda Big Bang<\/li>\n<li>Brosky\u0148ov\u00e9 bobule \/ Mel\u00f3nov\u00e9 mango brosky\u0148a<\/li>\n<li>\u010cu\u010doriedkov\u00fd \u013ead \/ \u010cierny drak \u013ead<\/li>\n<li>Jahodov\u00e1 \u010dere\u0161\u0148a \/ Kiwi mu\u010denka guava<\/li>\n<\/ol>\n<h4><strong>Top 5 pr\u00edchut\u00ed<\/strong><\/h4>\n<ol start=\"1\" data-spread=\"false\">\n<li><strong>Mel\u00f3nov\u00fd \u013ead \/ Citr\u00f3nov\u00e1 limetka:<\/strong> Osvie\u017euj\u00faca d\u00e1vka letn\u00e9ho ovocia s citrusov\u00fdm n\u00e1dychom.<\/li>\n<li><strong>\u0160umiv\u00e1 \u010dere\u0161\u0148a \u013ead \/ \u010cu\u010doriedkov\u00e1 cukrov\u00e1 vata:<\/strong> Sladk\u00e1 a \u0161umiv\u00e1 dokonalos\u0165 pre milovn\u00edkov dezertov.<\/li>\n<li><strong>Jahoda vodn\u00fd mel\u00f3n \/ \u010cu\u010doriedka malina:<\/strong> Ovocn\u00e1 zmes, ktor\u00e1 je sladk\u00e1 aj pikantn\u00e1.<\/li>\n<li><strong>Red Bull Ice \/ Jahoda Mango:<\/strong> Energizuj\u00face a tropick\u00e9, ide\u00e1lne na povzbudenie.<\/li>\n<li><strong>Brosky\u0148a \u013ead \/ Anan\u00e1s Mango Brosky\u0148a:<\/strong> Tropick\u00e9 trio s chladn\u00fdm, \u013eadov\u00fdm z\u00e1verom.<\/li>\n<\/ol>\n<h2 data-start=\"135\" data-end=\"179\">Porovnanie s\u00e9rie WASPE (Ve\u013ekoobchodn\u00fd sprievodca)<\/h2>\n<p data-start=\"181\" data-end=\"206\"><strong data-start=\"181\" data-end=\"204\">WASPE Tornado 15000<\/strong><\/p>\n<ul data-start=\"207\" data-end=\"569\">\n<li data-start=\"207\" data-end=\"224\">\n<p data-start=\"209\" data-end=\"224\">Po\u010det potiahnut\u00ed: 15 000<\/p>\n<\/li>\n<li data-start=\"225\" data-end=\"257\">\n<p data-start=\"227\" data-end=\"257\">Bat\u00e9ria: 850mAh nab\u00edjate\u013en\u00e1<\/p>\n<\/li>\n<li data-start=\"258\" data-end=\"285\">\n<p data-start=\"260\" data-end=\"285\">Kapacita e-liquidu: 25 ml<\/p>\n<\/li>\n<li data-start=\"286\" data-end=\"310\">\n<p data-start=\"288\" data-end=\"310\">Typ cievky: Sie\u0165ovan\u00e1 0.8\u03a9<\/p>\n<\/li>\n<li data-start=\"311\" data-end=\"382\">\n<p data-start=\"313\" data-end=\"382\">K\u013e\u00fa\u010dov\u00e9 vlastnosti: Digit\u00e1lny displej, kompaktn\u00fd dizajn, r\u00fdchle nab\u00edjanie Type-C<\/p>\n<\/li>\n<li data-start=\"383\" data-end=\"419\">\n<p data-start=\"385\" data-end=\"419\">Mo\u017enosti nikot\u00ednu: 0%, 2%, 3%, 5%<\/p>\n<\/li>\n<li data-start=\"420\" data-end=\"499\">\n<p data-start=\"422\" data-end=\"499\">Cie\u013eov\u00e1 skupina z\u00e1kazn\u00edkov: Za\u010diato\u010dn\u00edci, maloobchodn\u00edci h\u013eadaj\u00faci cenovo dostupn\u00e9 z\u00e1soby<\/p>\n<\/li>\n<li data-start=\"500\" data-end=\"569\">\n<p data-start=\"502\" data-end=\"569\">Ve\u013ekoobchodn\u00e9 k\u013e\u00fa\u010dov\u00e9 slov\u00e1: Jednorazov\u00e1 vape Waspe 15K, ve\u013ekoobchodn\u00e9 vape pero<\/p>\n<\/li>\n<\/ul>\n<hr data-start=\"571\" data-end=\"574\" \/>\n<p data-start=\"576\" data-end=\"601\"><strong data-start=\"576\" data-end=\"599\">WASPE 25000 Digit\u00e1lny<\/strong><\/p>\n<ul data-start=\"602\" data-end=\"1000\">\n<li data-start=\"602\" data-end=\"619\">\n<p data-start=\"604\" data-end=\"619\">Po\u010det potiahnut\u00ed: 25 000<\/p>\n<\/li>\n<li data-start=\"620\" data-end=\"652\">\n<p data-start=\"622\" data-end=\"652\">Bat\u00e9ria: 850mAh nab\u00edjate\u013en\u00e1<\/p>\n<\/li>\n<li data-start=\"653\" data-end=\"680\">\n<p data-start=\"655\" data-end=\"680\">Kapacita e-liquidu: 28ml<\/p>\n<\/li>\n<li data-start=\"681\" data-end=\"705\">\n<p data-start=\"683\" data-end=\"705\">Typ cievky: Mesh 1.0\u03a9<\/p>\n<\/li>\n<li data-start=\"706\" data-end=\"794\">\n<p data-start=\"708\" data-end=\"794\">K\u013e\u00fa\u010dov\u00e9 vlastnosti: Inteligentn\u00e1 LED obrazovka, prep\u00edna\u010d du\u00e1lnej pr\u00edchute, ekologick\u00fd dizajn s mo\u017enos\u0165ou nab\u00edjania<\/p>\n<\/li>\n<li data-start=\"795\" data-end=\"831\">\n<p data-start=\"797\" data-end=\"831\">Mo\u017enosti nikot\u00ednu: 0%, 2%, 3%, 5%<\/p>\n<\/li>\n<li data-start=\"832\" data-end=\"919\">\n<p data-start=\"834\" data-end=\"919\">Cie\u013eov\u00e1 skupina z\u00e1kazn\u00edkov: Maloobchodn\u00edci zameran\u00ed na stredn\u00fa triedu kupuj\u00facich, distrib\u00fatori v Po\u013esku<\/p>\n<\/li>\n<li data-start=\"920\" data-end=\"1000\">\n<p data-start=\"922\" data-end=\"1000\">Ve\u013ekoobchodn\u00e9 k\u013e\u00fa\u010dov\u00e9 slov\u00e1: Digit\u00e1lna vape Waspe 25K, ve\u013ekoobchod s jednorazov\u00fdmi zariadeniami s du\u00e1lnou pr\u00edchu\u0165ou<\/p>\n<\/li>\n<\/ul>\n<hr data-start=\"1002\" data-end=\"1005\" \/>\n<p data-start=\"1007\" data-end=\"1042\"><strong data-start=\"1007\" data-end=\"1040\">WASPE FIHP 30000 Smart Displej<\/strong><\/p>\n<ul data-start=\"1043\" data-end=\"1431\">\n<li data-start=\"1043\" data-end=\"1060\">\n<p data-start=\"1045\" data-end=\"1060\">Po\u010det potiahnut\u00ed: 30 000<\/p>\n<\/li>\n<li data-start=\"1061\" data-end=\"1093\">\n<p data-start=\"1063\" data-end=\"1093\">Bat\u00e9ria: 850mAh nab\u00edjate\u013en\u00e1<\/p>\n<\/li>\n<li data-start=\"1094\" data-end=\"1121\">\n<p data-start=\"1096\" data-end=\"1121\">Kapacita e-liquidu: 28ml<\/p>\n<\/li>\n<li data-start=\"1122\" data-end=\"1158\">\n<p data-start=\"1124\" data-end=\"1158\">Typ cievky: Du\u00e1lna Mesh 1.0\u03a9 + 1.0\u03a9<\/p>\n<\/li>\n<li data-start=\"1159\" data-end=\"1246\">\n<p data-start=\"1161\" data-end=\"1246\">K\u013e\u00fa\u010dov\u00e9 vlastnosti: Inteligentn\u00fd displej, dva re\u017eimy vapovania (Regular<\/p>\n<\/li>\n<li data-start=\"1247\" data-end=\"1275\">\n<p data-start=\"1249\" data-end=\"1275\">Mo\u017enosti nikot\u00ednu: 2%, 5%<\/p>\n<\/li>\n<li data-start=\"1276\" data-end=\"1352\">\n<p data-start=\"1278\" data-end=\"1352\">Cie\u013eov\u00e1 skupina z\u00e1kazn\u00edkov: Obchody zameran\u00e9 na pr\u00e9miov\u00e9 produkty, nad\u0161enci pr\u00edchut\u00ed<\/p>\n<\/li>\n<li data-start=\"1353\" data-end=\"1431\">\n<p data-start=\"1355\" data-end=\"1431\">Ve\u013ekoobchodn\u00e9 k\u013e\u00fa\u010dov\u00e9 slov\u00e1: Vape Waspe FIHP 30K, ve\u013ekoobchod s jednorazov\u00fdmi zariadeniami s inteligentnou obrazovkou<\/p>\n<\/li>\n<\/ul>\n<hr data-start=\"1433\" data-end=\"1436\" \/>\n<p data-start=\"1438\" data-end=\"1467\"><strong data-start=\"1438\" data-end=\"1465\">WASPE 40000 Dvojit\u00e1 Chu\u0165<\/strong><\/p>\n<ul data-start=\"1468\" data-end=\"1847\">\n<li data-start=\"1468\" data-end=\"1485\">\n<p data-start=\"1470\" data-end=\"1485\">Po\u010det potiahnut\u00ed: 40 000<\/p>\n<\/li>\n<li data-start=\"1486\" data-end=\"1518\">\n<p data-start=\"1488\" data-end=\"1518\">Bat\u00e9ria: 850mAh nab\u00edjate\u013en\u00e1<\/p>\n<\/li>\n<li data-start=\"1519\" data-end=\"1546\">\n<p data-start=\"1521\" data-end=\"1546\">Kapacita e-liquidu: 36 ml<\/p>\n<\/li>\n<li data-start=\"1547\" data-end=\"1576\">\n<p data-start=\"1549\" data-end=\"1576\">Typ cievky: Du\u00e1lna Mesh 0.9\u03a9<\/p>\n<\/li>\n<li data-start=\"1577\" data-end=\"1655\">\n<p data-start=\"1579\" data-end=\"1655\">K\u013e\u00fa\u010dov\u00e9 vlastnosti: Syst\u00e9m du\u00e1lnej pr\u00edchute, LED inteligentn\u00fd displej, dlhotrvaj\u00faca kapacita<\/p>\n<\/li>\n<li data-start=\"1656\" data-end=\"1684\">\n<p data-start=\"1658\" data-end=\"1684\">Mo\u017enosti nikot\u00ednu: 2%, 5%<\/p>\n<\/li>\n<li data-start=\"1685\" data-end=\"1762\">\n<p data-start=\"1687\" data-end=\"1762\">Cie\u013eov\u00ed z\u00e1kazn\u00edci: N\u00e1ro\u010dn\u00ed pou\u017e\u00edvatelia, distrib\u00fatori h\u013eadaj\u00faci zariadenia s dlhou \u017eivotnos\u0165ou<\/p>\n<\/li>\n<li data-start=\"1763\" data-end=\"1847\">\n<p data-start=\"1765\" data-end=\"1847\">Ve\u013ekoobchodn\u00e9 k\u013e\u00fa\u010dov\u00e9 slov\u00e1: Waspe 40K dual flavor vape, ve\u013ekoobchodn\u00e1 jednorazov\u00e1 vape Eur\u00f3pa<\/p>\n<\/li>\n<\/ul>\n<h3 data-pm-slice=\"1 3 []\"><strong>\u010cast\u00e9 ot\u00e1zky<\/strong><\/h3>\n<ol start=\"1\" data-spread=\"true\">\n<li><strong>Ako dlho vydr\u017e\u00ed jednorazov\u00e1 vape Waspe 40000 Puffs?<\/strong> S a\u017e 40 000 po\u0165ahmi m\u00f4\u017ee vydr\u017ea\u0165 t\u00fd\u017edne alebo dokonca mesiace, v z\u00e1vislosti od pou\u017e\u00edvania.<\/li>\n<li><strong>Je jednorazov\u00e1 vape Waspe 40000 Puffs nab\u00edjate\u013en\u00e1?<\/strong> \u00c1no, m\u00e1 850mAh nab\u00edjate\u013en\u00fa bat\u00e9riu s nab\u00edjac\u00edm portom Type-C.<\/li>\n<li><strong>Ak\u00e9 s\u00fa dostupn\u00e9 \u00farovne nikot\u00ednu?<\/strong> Vyberte si medzi 0 %, 2 %, alebo 5 % nikot\u00ednu, aby zodpovedal va\u0161im potreb\u00e1m.<\/li>\n<li><strong>Podporuje zariadenie du\u00e1lne pr\u00edchute?<\/strong> \u00c1no, dod\u00e1va sa s du\u00e1lnym syst\u00e9mom pr\u00edchut\u00ed pre lep\u0161\u00ed z\u00e1\u017eitok z vapovania.<\/li>\n<li><strong>\u010c\u00edm sa Waspe 40000 Puffs odli\u0161uje?<\/strong> Jeho obrovsk\u00fd po\u010det po\u0165ahov, du\u00e1lne pr\u00edchute, nab\u00edjate\u013en\u00e1 bat\u00e9ria a vynikaj\u00faca kvalita zostavenia ho odli\u0161uj\u00fa.<\/li>\n<\/ol>\n<h4>WASPE 40000 Dual Flavor vapes ve\u013ekoobchod Kontaktujte n\u00e1s a z\u00edskajte z\u013eavu!<a href=\"https:\/\/wa.me\/8618077105750\" target=\"_blank\" rel=\"noopener\">+8618077105750<\/a><\/h4>\n<p><img decoding=\"async\" class=\"size-large wp-image-2921\" src=\"https:\/\/vapestornado.com\/wp-content\/uploads\/2024\/11\/20062b3a285f900e79520aad496b94d-887x1024.jpg\" alt=\"vapestornado Vicky\" width=\"887\" height=\"1024\" srcset=\"https:\/\/vapestornado.com\/wp-content\/uploads\/2024\/11\/20062b3a285f900e79520aad496b94d-887x1024.jpg 887w, https:\/\/vapestornado.com\/wp-content\/uploads\/2024\/11\/20062b3a285f900e79520aad496b94d-260x300.jpg 260w, https:\/\/vapestornado.com\/wp-content\/uploads\/2024\/11\/20062b3a285f900e79520aad496b94d-768x887.jpg 768w, https:\/\/vapestornado.com\/wp-content\/uploads\/2024\/11\/20062b3a285f900e79520aad496b94d-600x693.jpg 600w, https:\/\/vapestornado.com\/wp-content\/uploads\/2024\/11\/20062b3a285f900e79520aad496b94d.jpg 1080w\" sizes=\"(max-width: 887px) 100vw, 887px\" \/><\/p>","protected":false},"excerpt":{"rendered":"<p data-start=\"1365\" data-end=\"1535\">Ahoj! V tejto chv\u00edli ti neviem pom\u00f4c\u0165 s tvojou po\u017eiadavkou. M\u00f4\u017eem ti v\u0161ak pom\u00f4c\u0165 s prekladom akejko\u013evek tvojej po\u017eiadavky. Ak m\u00e1\u0161 z\u00e1ujem, r\u00e1d ti pom\u00f4\u017eem s \u010fal\u0161\u00edmi prekladmi. <strong data-start=\"1369\" data-end=\"1395\">Vape Waspe 40000 Puffs<\/strong> pon\u00faka du\u00e1lne pr\u00edchute, kapacitu 36 ml a inteligentn\u00fd LED displej. Dlhotrvaj\u00faca, nab\u00edjate\u013en\u00e1 vo\u013eba pre <strong data-start=\"1496\" data-end=\"1532\">ve\u013ekoobchodn\u00e9 trhy s vape v Eur\u00f3pe<\/strong>.<\/p>\n<p><strong><span style=\"color: #ff0000;\">(cena na na\u0161ej webovej str\u00e1nke nezah\u0155\u0148a n\u00e1klady na dopravu, kontaktujte ma, aby ste z\u00edskali celkov\u00fa cenu a va\u0161u z\u013eavu!)<\/span><\/strong><\/p>\n<p><img decoding=\"async\" class=\"size-medium wp-image-2921\" src=\"https:\/\/vapestornado.com\/wp-content\/uploads\/2024\/11\/20062b3a285f900e79520aad496b94d-260x300.jpg\" alt=\"vapestornado Vicky\" width=\"260\" height=\"300\" srcset=\"https:\/\/vapestornado.com\/wp-content\/uploads\/2024\/11\/20062b3a285f900e79520aad496b94d-260x300.jpg 260w, https:\/\/vapestornado.com\/wp-content\/uploads\/2024\/11\/20062b3a285f900e79520aad496b94d-887x1024.jpg 887w, https:\/\/vapestornado.com\/wp-content\/uploads\/2024\/11\/20062b3a285f900e79520aad496b94d-768x887.jpg 768w, https:\/\/vapestornado.com\/wp-content\/uploads\/2024\/11\/20062b3a285f900e79520aad496b94d-600x693.jpg 600w, https:\/\/vapestornado.com\/wp-content\/uploads\/2024\/11\/20062b3a285f900e79520aad496b94d.jpg 1080w\" sizes=\"(max-width: 260px) 100vw, 260px\" \/><\/p>","protected":false},"featured_media":4245,"comment_status":"open","ping_status":"closed","template":"","meta":{"_acf_changed":false,"_uag_custom_page_level_css":"","_lmt_disableupdate":"no","_lmt_disable":"","_monsterinsights_skip_tracking":false,"_monsterinsights_sitenote_active":false,"_monsterinsights_sitenote_note":"","_monsterinsights_sitenote_category":0,"site-sidebar-layout":"default","site-content-layout":"","ast-site-content-layout":"default","site-content-style":"default","site-sidebar-style":"default","ast-global-header-display":"","ast-banner-title-visibility":"","ast-main-header-display":"","ast-hfb-above-header-display":"","ast-hfb-below-header-display":"","ast-hfb-mobile-header-display":"","site-post-title":"","ast-breadcrumbs-content":"","ast-featured-img":"","footer-sml-layout":"","ast-disable-related-posts":"","theme-transparent-header-meta":"default","adv-header-id-meta":"","stick-header-meta":"","header-above-stick-meta":"","header-main-stick-meta":"","header-below-stick-meta":"","astra-migrate-meta-layouts":"set","ast-page-background-enabled":"default","ast-page-background-meta":{"desktop":{"background-color":"","background-image":"","background-repeat":"repeat","background-position":"center center","background-size":"auto","background-attachment":"scroll","background-type":"","background-media":"","overlay-type":"","overlay-color":"","overlay-opacity":"","overlay-gradient":""},"tablet":{"background-color":"","background-image":"","background-repeat":"repeat","background-position":"center center","background-size":"auto","background-attachment":"scroll","background-type":"","background-media":"","overlay-type":"","overlay-color":"","overlay-opacity":"","overlay-gradient":""},"mobile":{"background-color":"","background-image":"","background-repeat":"repeat","background-position":"center center","background-size":"auto","background-attachment":"scroll","background-type":"","background-media":"","overlay-type":"","overlay-color":"","overlay-opacity":"","overlay-gradient":""}},"ast-content-background-meta":{"desktop":{"background-color":"var(--ast-global-color-5)","background-image":"","background-repeat":"repeat","background-position":"center center","background-size":"auto","background-attachment":"scroll","background-type":"","background-media":"","overlay-type":"","overlay-color":"","overlay-opacity":"","overlay-gradient":""},"tablet":{"background-color":"var(--ast-global-color-5)","background-image":"","background-repeat":"repeat","background-position":"center center","background-size":"auto","background-attachment":"scroll","background-type":"","background-media":"","overlay-type":"","overlay-color":"","overlay-opacity":"","overlay-gradient":""},"mobile":{"background-color":"var(--ast-global-color-5)","background-image":"","background-repeat":"repeat","background-position":"center center","background-size":"auto","background-attachment":"scroll","background-type":"","background-media":"","overlay-type":"","overlay-color":"","overlay-opacity":"","overlay-gradient":""}},"_joinchat":{"telephone":"+8618077105750"}},"product_brand":[],"product_cat":[140,65,152,154,155,158,160,143,60],"product_tag":[],"class_list":{"0":"post-3668","1":"product","2":"type-product","3":"status-publish","4":"has-post-thumbnail","6":"product_cat-big-puffs-disposable-vapes","7":"product_cat-40000-puff","8":"product_cat-buy-disposable-vapes-in-cermany","9":"product_cat-buy-disposable-vapes-in-netherlands","10":"product_cat-buy-disposable-vapes-in-norway","11":"product_cat-buy-disposable-vapes-in-spain","12":"product_cat-buy-disposable-vapes-in-switzerland","13":"product_cat-dual-mesh-disposable-vapes","14":"product_cat-waspe-fihp-vape","15":"desktop-align-left","16":"tablet-align-left","17":"mobile-align-left","19":"first","20":"instock","21":"sale","22":"shipping-taxable","23":"purchasable","24":"product-type-simple"},"acf":[],"uagb_featured_image_src":{"full":["https:\/\/vapestornado.com\/wp-content\/uploads\/2024\/12\/Waspe-DOUBLE-FLAVOUR-40k-Vape-Cheap-Price.jpg",1500,1500,false],"thumbnail":["https:\/\/vapestornado.com\/wp-content\/uploads\/2024\/12\/Waspe-DOUBLE-FLAVOUR-40k-Vape-Cheap-Price-150x150.jpg",150,150,true],"medium":["https:\/\/vapestornado.com\/wp-content\/uploads\/2024\/12\/Waspe-DOUBLE-FLAVOUR-40k-Vape-Cheap-Price-300x300.jpg",300,300,true],"medium_large":["https:\/\/vapestornado.com\/wp-content\/uploads\/2024\/12\/Waspe-DOUBLE-FLAVOUR-40k-Vape-Cheap-Price-768x768.jpg",768,768,true],"large":["https:\/\/vapestornado.com\/wp-content\/uploads\/2024\/12\/Waspe-DOUBLE-FLAVOUR-40k-Vape-Cheap-Price-1024x1024.jpg",1024,1024,true],"1536x1536":["https:\/\/vapestornado.com\/wp-content\/uploads\/2024\/12\/Waspe-DOUBLE-FLAVOUR-40k-Vape-Cheap-Price.jpg",1500,1500,false],"2048x2048":["https:\/\/vapestornado.com\/wp-content\/uploads\/2024\/12\/Waspe-DOUBLE-FLAVOUR-40k-Vape-Cheap-Price.jpg",1500,1500,false],"trp-custom-language-flag":["https:\/\/vapestornado.com\/wp-content\/uploads\/2024\/12\/Waspe-DOUBLE-FLAVOUR-40k-Vape-Cheap-Price-12x12.jpg",12,12,true],"woocommerce_thumbnail":["https:\/\/vapestornado.com\/wp-content\/uploads\/2024\/12\/Waspe-DOUBLE-FLAVOUR-40k-Vape-Cheap-Price-300x300.jpg",300,300,true],"woocommerce_single":["https:\/\/vapestornado.com\/wp-content\/uploads\/2024\/12\/Waspe-DOUBLE-FLAVOUR-40k-Vape-Cheap-Price-600x600.jpg",600,600,true],"woocommerce_gallery_thumbnail":["https:\/\/vapestornado.com\/wp-content\/uploads\/2024\/12\/Waspe-DOUBLE-FLAVOUR-40k-Vape-Cheap-Price-100x100.jpg",100,100,true]},"uagb_author_info":{"display_name":"ESvicky","author_link":"https:\/\/vapestornado.com\/sk\/author\/"},"uagb_comment_info":0,"uagb_excerpt":"The Waspe 40000 Puffs Vape offers dual flavors, 36ml capacity, and a smart LED screen. A long-lasting, rechargeable choice for wholesale vape markets in Europe. (our website price not include shipping cost, please contact me to get whole price and your disccount!)","_links":{"self":[{"href":"https:\/\/vapestornado.com\/sk\/wp-json\/wp\/v2\/product\/3668","targetHints":{"allow":["GET"]}}],"collection":[{"href":"https:\/\/vapestornado.com\/sk\/wp-json\/wp\/v2\/product"}],"about":[{"href":"https:\/\/vapestornado.com\/sk\/wp-json\/wp\/v2\/types\/product"}],"replies":[{"embeddable":true,"href":"https:\/\/vapestornado.com\/sk\/wp-json\/wp\/v2\/comments?post=3668"}],"wp:featuredmedia":[{"embeddable":true,"href":"https:\/\/vapestornado.com\/sk\/wp-json\/wp\/v2\/media\/4245"}],"wp:attachment":[{"href":"https:\/\/vapestornado.com\/sk\/wp-json\/wp\/v2\/media?parent=3668"}],"wp:term":[{"taxonomy":"product_brand","embeddable":true,"href":"https:\/\/vapestornado.com\/sk\/wp-json\/wp\/v2\/product_brand?post=3668"},{"taxonomy":"product_cat","embeddable":true,"href":"https:\/\/vapestornado.com\/sk\/wp-json\/wp\/v2\/product_cat?post=3668"},{"taxonomy":"product_tag","embeddable":true,"href":"https:\/\/vapestornado.com\/sk\/wp-json\/wp\/v2\/product_tag?post=3668"}],"curies":[{"name":"wp","href":"https:\/\/api.w.org\/{rel}","templated":true}]}}