{"id":3661,"date":"2025-01-03T08:52:12","date_gmt":"2025-01-03T08:52:12","guid":{"rendered":"https:\/\/vapestornado.com\/?post_type=product&#038;p=3661"},"modified":"2025-08-23T09:37:36","modified_gmt":"2025-08-23T09:37:36","slug":"cheap-price-razz-bar-25000-puffs-wholesale-vape","status":"publish","type":"product","link":"https:\/\/vapestornado.com\/sk\/product\/cheap-price-razz-bar-25000-puffs-wholesale-vape\/","title":{"rendered":"Lacn\u00e1 cena RAZZ BAR 25000 \u0164ahov Ve\u013ekoobchodn\u00fd Vape"},"content":{"rendered":"<h1>Lacn\u00e1 cena RAZZ BAR 25000 \u0164ahov Ve\u013ekoobchodn\u00fd Vape<\/h1>\n<div role=\"article\" data-tabster=\"{&quot;groupper&quot;:{&quot;tabbability&quot;:2},&quot;focusable&quot;:{}}\" data-content=\"ai-message\" aria-labelledby=\"64JRvXrTnY7mRmPkEQLLT-author 64JRvXrTnY7mRmPkEQLLT-content\">\n<div id=\"64JRvXrTnY7mRmPkEQLLT-content\">\n<div role=\"article\" data-tabster=\"{&quot;groupper&quot;:{&quot;tabbability&quot;:2},&quot;focusable&quot;:{}}\" data-content=\"ai-message\" aria-labelledby=\"64JRvXrTnY7mRmPkEQLLT-author 64JRvXrTnY7mRmPkEQLLT-content\">\n<div id=\"64JRvXrTnY7mRmPkEQLLT-content\">\n<p>Ahoj! V tejto chv\u00edli ti neviem pom\u00f4c\u0165 s tvojou po\u017eiadavkou. M\u00f4\u017eem ti v\u0161ak pom\u00f4c\u0165 s prekladom akejko\u013evek tvojej po\u017eiadavky. Ak m\u00e1\u0161 z\u00e1ujem, r\u00e1d ti pom\u00f4\u017eem s \u010fal\u0161\u00edmi prekladmi. <strong>Jednorazov\u00fd vape RAZZ BAR 25000 Puffs<\/strong> men\u00ed pravidl\u00e1 hry pre nad\u0161encov vapingu aj pre ve\u013ekoobchodn\u00edkov. Toto vysokokapacitn\u00e9 zariadenie, navrhnut\u00e9 s inov\u00e1ciou v jadre, pon\u00faka dokonal\u00fa kombin\u00e1ciu kvality, \u0161t\u00fdlu a cenovej dostupnosti. S p\u00f4sobiv\u00fdm <strong>po\u010dtom 25 000 po\u0165ahov<\/strong>, zaru\u010duje dlhodob\u00fd p\u00f4\u017eitok, v\u010faka \u010domu je ide\u00e1lny pre t\u00fdch, ktor\u00ed h\u013eadaj\u00fa dlhodob\u00fa hodnotu.<\/p>\n<p>Ka\u017ed\u00e1 jednotka obsahuje <strong>650mAh nab\u00edjate\u013enou bat\u00e9riou<\/strong>, doplnen\u00e9 o r\u00fdchle a spo\u013eahliv\u00e9 <strong>nab\u00edjanie Type-C<\/strong>, \u010do zais\u0165uje, \u017ee budete ma\u0165 energiu, nech ste kdeko\u013evek. Jeho <strong>Technol\u00f3gia sie\u0165ovej cievky<\/strong> zosil\u0148uje ka\u017ed\u00fa pr\u00edchu\u0165 a poskytuje hladk\u00e9, hust\u00e9 mraky, ktor\u00e9 zvy\u0161uj\u00fa va\u0161u spokojnos\u0165 s vapingom.<\/p>\n<p>Dostupn\u00e9 v <strong>16 neodolate\u013en\u00fdch pr\u00edchut\u00ed<\/strong> a naplnen\u00fd <strong>2% alebo 5% so\u013en\u00fdm nikot\u00ednom<\/strong>, RAZZ BAR uspokoj\u00ed r\u00f4zne preferencie chuti. Jeho \u013eahk\u00fd a prenosn\u00fd dizajn ho rob\u00ed ide\u00e1lnym pre pr\u00edle\u017eitostn\u00fdch pou\u017e\u00edvate\u013eov aj pre oddan\u00fdch vaperov.<\/p>\n<p>Pre firmy je RAZZ BAR ve\u013ekoobchodn\u00fd sen, balen\u00fd v <strong>200 kusov v kart\u00f3ne<\/strong> pre efekt\u00edvnu hromadn\u00fa distrib\u00faciu. V\u010faka svojej konkurencieschopnej cene a pr\u00e9miov\u00fdm funkci\u00e1m je tento produkt nevyhnutn\u00fd na roz\u0161\u00edrenie v\u00e1\u0161ho invent\u00e1ra.<\/p>\n<p>Pozdvihnite svoju hru s vapingom alebo z\u00e1sobte svoje reg\u00e1ly s <strong>RAZZ BAR 25000 Pufov<\/strong>, dokonalou rovnov\u00e1hou v\u00fdkonu a cenovej dostupnosti. Nenechajte si ujs\u0165 pr\u00edle\u017eitos\u0165 pon\u00faknu\u0165 produkt, ktor\u00fd nanovo definuje trh s jednorazov\u00fdmi vape!<\/p>\n<\/div>\n<\/div>\n<figure id=\"attachment_3686\" aria-describedby=\"caption-attachment-3686\" style=\"width: 531px\" class=\"wp-caption alignnone\"><img fetchpriority=\"high\" decoding=\"async\" class=\"wp-image-3686\" src=\"https:\/\/vapestornado.com\/wp-content\/uploads\/2025\/01\/RAZZ-BAR-25000-Puffs-Lemon-Lime.webp\" alt=\"RAZZ BAR 25000 Puffs Citr\u00f3n Limetka\" width=\"531\" height=\"531\" srcset=\"https:\/\/vapestornado.com\/wp-content\/uploads\/2025\/01\/RAZZ-BAR-25000-Puffs-Lemon-Lime.webp 800w, https:\/\/vapestornado.com\/wp-content\/uploads\/2025\/01\/RAZZ-BAR-25000-Puffs-Lemon-Lime-300x300.webp 300w, https:\/\/vapestornado.com\/wp-content\/uploads\/2025\/01\/RAZZ-BAR-25000-Puffs-Lemon-Lime-150x150.webp 150w, https:\/\/vapestornado.com\/wp-content\/uploads\/2025\/01\/RAZZ-BAR-25000-Puffs-Lemon-Lime-768x768.webp 768w, https:\/\/vapestornado.com\/wp-content\/uploads\/2025\/01\/RAZZ-BAR-25000-Puffs-Lemon-Lime-600x600.webp 600w, https:\/\/vapestornado.com\/wp-content\/uploads\/2025\/01\/RAZZ-BAR-25000-Puffs-Lemon-Lime-100x100.webp 100w\" sizes=\"(max-width: 531px) 100vw, 531px\" \/><figcaption id=\"caption-attachment-3686\" class=\"wp-caption-text\">RAZZ BAR 25000 Puffs Citr\u00f3n Limetka<\/figcaption><\/figure>\n<\/div>\n<\/div>\n<p><img decoding=\"async\" class=\"alignleft wp-image-2951 size-medium\" src=\"https:\/\/vapestornado.com\/wp-content\/uploads\/2024\/12\/Wholesale-Disposable-Vape-265x300.jpg\" alt=\"Ve\u013ekoobchodn\u00fd Jednorazov\u00fd Vape\" width=\"265\" height=\"300\" srcset=\"https:\/\/vapestornado.com\/wp-content\/uploads\/2024\/12\/Wholesale-Disposable-Vape-265x300.jpg 265w, https:\/\/vapestornado.com\/wp-content\/uploads\/2024\/12\/Wholesale-Disposable-Vape-768x871.jpg 768w, https:\/\/vapestornado.com\/wp-content\/uploads\/2024\/12\/Wholesale-Disposable-Vape-600x680.jpg 600w, https:\/\/vapestornado.com\/wp-content\/uploads\/2024\/12\/Wholesale-Disposable-Vape.jpg 823w\" sizes=\"(max-width: 265px) 100vw, 265px\" \/><\/p>\n<h5>Pre z\u013eavnen\u00fa cenu kontaktujte Mandy na WhatsApp<a href=\"https:\/\/wa.me\/8618077105796\" target=\"_blank\" rel=\"noopener\">+8618077105796<\/a><\/h5>\n<div class=\"flex max-w-full flex-col flex-grow\">\n<div class=\"min-h-8 text-message flex w-full flex-col items-end gap-2 whitespace-normal break-words text-start [.text-message+&amp;]:mt-5\" dir=\"auto\" data-message-author-role=\"assistant\" data-message-id=\"cdb991c0-f594-4bff-b2d5-fbbdd7ce9e54\" data-message-model-slug=\"gpt-4o-mini\">\n<div class=\"flex w-full flex-col gap-1 empty:hidden first:pt-[3px]\">\n<div class=\"markdown prose w-full break-words dark:prose-invert light\"><\/div>\n<\/div>\n<\/div>\n<\/div>\n<div class=\"mb-2 flex gap-3 empty:hidden -ml-2\">\n<h2>K\u013e\u00fa\u010dov\u00e9 vlastnosti Razz bar 25000puffs vapes:<\/h2>\n<ul>\n<li><strong>Sila nikot\u00ednu:<\/strong> Dostupn\u00e9 s 2% a 5% so\u013eou nikot\u00ednu pre prisp\u00f4soben\u00fd z\u00e1\u017eitok z vapovania.<\/li>\n<li><strong>Po\u010det potiahnut\u00ed:<\/strong> A\u017e do <strong>25 000 \u0165ahov<\/strong>, zais\u0165uj\u00face bezkonkuren\u010dn\u00fa dlh\u00fa \u017eivotnos\u0165.<\/li>\n<li><strong>Pr\u00edchute:<\/strong> Vyberte si z <strong>16 pr\u00e9miov\u00fdch pr\u00edchut\u00ed<\/strong>, ka\u017ed\u00e1 vytvoren\u00e1 pre maxim\u00e1lnu spokojnos\u0165.<\/li>\n<li><strong>Bat\u00e9ria:<\/strong> <strong>650mAh nab\u00edjate\u013enou bat\u00e9riou<\/strong> s efekt\u00edvnym <strong>r\u00fdchleho nab\u00edjania typu C<\/strong> pre nepretr\u017eit\u00e9 pou\u017e\u00edvanie.<\/li>\n<li><strong>Technol\u00f3gia:<\/strong> Integrovan\u00e1 <strong>Technol\u00f3gia sie\u0165ovej cievky<\/strong> poskytuje konzistentn\u00fa, jemn\u00fa paru a intenz\u00edvnej\u0161iu chu\u0165.<\/li>\n<li><strong>Balenie:<\/strong> Pohodlne balen\u00e9 s <strong>200 kusov v kart\u00f3ne<\/strong> pre hromadn\u00e9 objedn\u00e1vky.<\/li>\n<\/ul>\n<\/div>\n<h2>RAZZBAR 25000 Puffs Hot Sale Vape Pods Pr\u00edchu\u0165:<\/h2>\n<p>1. \u0161\u0165avnat\u00e1 brosky\u0148ov\u00e1 \u013eadov\u00e1<br \/>\n2. jahodov\u00fd ban\u00e1n<br \/>\n3. Red Bull hrozno<br \/>\n4. \u010du\u010doriedkov\u00e1 \u013eadov\u00e1<br \/>\n5.Vodov\u00fd mel\u00f3n \u013ead<br \/>\n6.Svie\u017ei \u013ead<br \/>\n7.Tropick\u00e9 ovocie<br \/>\n8.Jahoda kivi<br \/>\n9.Jahodov\u00fd \u013ead<br \/>\n10.Zmie\u0161an\u00e9 bobule<br \/>\n11.Jahodovo malinov\u00e1 \u010dere\u0161\u0148a \u013ead<br \/>\n12. L\u00e1ska 66<br \/>\n13.\u010cierny drak \u013ead<br \/>\n14. Citr\u00f3n Limetka<br \/>\n15.\u010cu\u010doriedka kysl\u00e1 malina<br \/>\n16.Jahodov\u00fd vodn\u00fd mel\u00f3n \u017euva\u010dka<\/p>\n<div role=\"article\" data-tabster=\"{&quot;groupper&quot;:{&quot;tabbability&quot;:2},&quot;focusable&quot;:{}}\" data-content=\"ai-message\" aria-labelledby=\"dARUyEWDoEYhnSPXFwx5A-author dARUyEWDoEYhnSPXFwx5A-content\">\n<div id=\"dARUyEWDoEYhnSPXFwx5A-content\">\n<h2>Pre\u010do si vybra\u0165 RAZZ BAR 25000 Puffs <strong>\u00a0<\/strong>at <a href=\"https:\/\/vapestornado.com\/sk\/product\/bang-box-35k-puffs-high-capacity-long-lasting-disposable-vape\/\">vapestornado.com?<\/a><\/h2>\n<h4><strong>*Bezkonkuren\u010dn\u00e1 \u017eivotnos\u0165<\/strong><\/h4>\n<p>Ahoj! V tejto chv\u00edli ti neviem pom\u00f4c\u0165 s tvojou po\u017eiadavkou. M\u00f4\u017eem ti v\u0161ak pom\u00f4c\u0165 s prekladom akejko\u013evek tvojej po\u017eiadavky. Ak m\u00e1\u0161 z\u00e1ujem, r\u00e1d ti pom\u00f4\u017eem s \u010fal\u0161\u00edmi prekladmi. <strong>RAZZ BAR 25000 Pufov<\/strong> je navrhnut\u00fd pre v\u00fddr\u017e a poskytuje a\u017e <strong>25 000 \u0165ahov<\/strong> na jedno zariadenie. V\u010faka tomu je ide\u00e1lnou vo\u013ebou pre vaperov, ktor\u00ed uprednost\u0148uj\u00fa dlhotrvaj\u00faci v\u00fdkon bez neust\u00e1lej v\u00fdmeny.<\/p>\n<h4><strong>*\u0160pi\u010dkov\u00e1 kvalita za konkurencieschopn\u00e9 ceny<\/strong><\/h4>\n<p>At <strong>vapestornado.sk<\/strong>, pon\u00fakame RAZZ BAR za bezkonkuren\u010dn\u00e9 ve\u013ekoobchodn\u00e9 ceny, \u010do z neho rob\u00ed cenovo v\u00fdhodn\u00fa mo\u017enos\u0165 pre maloobchodn\u00edkov aj jednotliv\u00fdch kupuj\u00facich. U\u017eite si pr\u00e9miov\u00fa technol\u00f3giu vapovania bez toho, aby ste zruinovali.<\/p>\n<h4><strong>*R\u00f4zne mo\u017enosti pr\u00edchut\u00ed<\/strong><\/h4>\n<p>S <strong>16 \u017eiariv\u00fdch pr\u00edchut\u00ed<\/strong> k dispoz\u00edcii, ka\u017ed\u00fd si n\u00e1jde nie\u010do pre seba. Od ovocn\u00fdch zmes\u00ed po osvie\u017euj\u00faci mentol, ka\u017ed\u00e1 pr\u00edchu\u0165 je vytvoren\u00e1 tak, aby poskytovala bohat\u00fd a uspokojiv\u00fd z\u00e1\u017eitok.<\/p>\n<h4><strong>*Pokro\u010dil\u00e9 funkcie<\/strong><\/h4>\n<p>Ahoj! V tejto chv\u00edli ti neviem pom\u00f4c\u0165 s tvojou po\u017eiadavkou. M\u00f4\u017eem ti v\u0161ak pom\u00f4c\u0165 s prekladom akejko\u013evek tvojej po\u017eiadavky. Ak m\u00e1\u0161 z\u00e1ujem, r\u00e1d ti pom\u00f4\u017eem s \u010fal\u0161\u00edmi prekladmi. <strong>650mAh nab\u00edjate\u013enou bat\u00e9riou<\/strong>, v kombin\u00e1cii s <strong>r\u00fdchleho nab\u00edjania typu C<\/strong> a <strong>Technol\u00f3gia sie\u0165ovej cievky<\/strong>, zais\u0165uje konzistentn\u00fd v\u00fdkon, hladk\u00fa produkciu pary a v\u00fdrazn\u00fa intenzitu chuti pri ka\u017edom \u0165ahu.<\/p>\n<h4><strong>*D\u00f4veryhodn\u00fd ve\u013ekoobchodn\u00fd partner<\/strong><\/h4>\n<p>vapestornado.com je d\u00f4veryhodn\u00fd dod\u00e1vate\u013e vo vapingovom priemysle, ktor\u00fd pon\u00faka <strong>zabezpe\u010den\u00e9 transakcie<\/strong>, <strong>r\u00fdchle doru\u010denie<\/strong>a \u0161pecializovan\u00fa z\u00e1kazn\u00edcku podporu. S hromadn\u00fdm balen\u00edm <strong>200 kusov v kart\u00f3ne<\/strong>, naskladnenie v\u00e1\u0161ho invent\u00e1ra nebolo nikdy jednoduch\u0161ie.<\/p>\n<h4><strong>*Ekologick\u00fd dizajn<\/strong><\/h4>\n<p>RAZZ BAR disponuje nab\u00edjate\u013enou technol\u00f3giou, ktor\u00e1 zni\u017euje mno\u017estvo odpadu a podporuje udr\u017eate\u013enej\u0161\u00ed \u017eivotn\u00fd \u0161t\u00fdl vapovania.<\/p>\n<p>Vyberte si <strong>RAZZ BAR 25000 Pufov<\/strong> at <strong>vapestornado.sk<\/strong> pre pr\u00e9miov\u00e9 rie\u0161enie vapovania, ktor\u00e9 prin\u00e1\u0161a v\u00fdnimo\u010dn\u00fa hodnotu, inov\u00e1ciu a chu\u0165 v ka\u017edom \u0165ahu!<\/p>\n<\/div>\n<\/div>\n<h2>\u010casto kladen\u00e9 ot\u00e1zky o RAZZ BAR VAPE 25000 Puffs<\/h2>\n<p><strong>1. Ako dlho vydr\u017e\u00ed RAZZ BAR 25000 Puffs?<\/strong><br \/>\nRAZZ BAR 25000 Puffs poskytuje a\u017e 25 000 po\u0165ahov, \u010do z neho rob\u00ed jeden z najodolnej\u0161\u00edch jednorazov\u00fdch vapovac\u00edch pr\u00edstrojov. Jeho \u017eivotnos\u0165 z\u00e1vis\u00ed od individu\u00e1lnych zvyklost\u00ed pou\u017e\u00edvania, ale pre miernych pou\u017e\u00edvate\u013eov zvy\u010dajne vydr\u017e\u00ed nieko\u013eko t\u00fd\u017ed\u0148ov, alebo dokonca mesiacov.<\/p>\n<p><strong>2. M\u00f4\u017eem viacn\u00e1sobne nabi\u0165 RAZZ BAR 25000?<\/strong><br \/>\n\u00c1no, RAZZ BAR je vybaven\u00fd nab\u00edjate\u013enou 650 mAh bat\u00e9riou, ktor\u00fa mo\u017eno opakovane nab\u00edja\u0165. Je navrhnut\u00fd tak, aby zabezpe\u010dil konzistentn\u00fd v\u00fdkon po cel\u00fa dobu svojej \u017eivotnosti, tak\u017ee ho m\u00f4\u017eete pou\u017e\u00edva\u0165, k\u00fdm sa e-liquid \u00faplne nespotrebuje.<\/p>\n<p><strong>3. Je s\u00fa\u010das\u0165ou balenia RAZZ BAR 25k port na nab\u00edjanie Type-C?<\/strong><br \/>\nRAZZ BAR sa dod\u00e1va s integrovan\u00fdm nab\u00edjac\u00edm portom Type-C, ktor\u00fd umo\u017e\u0148uje pohodln\u00e9 a r\u00fdchle nab\u00edjanie. Balenie v\u0161ak neobsahuje nab\u00edjac\u00ed k\u00e1bel, tak\u017ee na nab\u00edjanie budete musie\u0165 pou\u017ei\u0165 \u0161tandardn\u00fd k\u00e1bel Type-C.<\/p>\n<p><strong>4. Ak\u00fd je najlep\u0161\u00ed sp\u00f4sob, ako udr\u017ea\u0165 optim\u00e1lny v\u00fdkon 25000 Puffs Vape pre RAZZ BAR?<\/strong><br \/>\nAby ste udr\u017eali optim\u00e1lny v\u00fdkon RAZZ BAR, pravidelne ho nab\u00edjajte pomocou k\u00e1bla Type-C a vyh\u00fdbajte sa preb\u00edjaniu bat\u00e9rie. Zariadenie skladujte na chladnom a suchom mieste, mimo dosahu tepla alebo priameho slne\u010dn\u00e9ho svetla. Uistite sa, \u017ee nab\u00edjac\u00ed port zost\u00e1va \u010dist\u00fd a bez prachu. Okrem toho nechajte zariadenie odpo\u010d\u00edva\u0165 medzi dlh\u00fdmi vapovac\u00edmi sedeniami, aby ste zabr\u00e1nili prehriatiu.<\/p>","protected":false},"excerpt":{"rendered":"<p><strong>RAZZ BAR 25000 Puffs Ve\u013ekoobchodn\u00fd vape<\/strong> za bezkonkuren\u010dn\u00e9 ceny. Pon\u00faka 16 pr\u00e9miov\u00fdch pr\u00edchut\u00ed, 650mAh nab\u00edjate\u013en\u00fa bat\u00e9riu a 25 000 po\u0165ahov pre dlhotrvaj\u00face uspokojenie!<\/p>\n<figure id=\"attachment_2951\" aria-describedby=\"caption-attachment-2951\" style=\"width: 265px\" class=\"wp-caption alignnone\"><img decoding=\"async\" class=\"size-medium wp-image-2951\" src=\"https:\/\/vapestornado.com\/wp-content\/uploads\/2024\/12\/Wholesale-Disposable-Vape-265x300.jpg\" alt=\"Ve\u013ekoobchodn\u00fd Jednorazov\u00fd Vape\" width=\"265\" height=\"300\" srcset=\"https:\/\/vapestornado.com\/wp-content\/uploads\/2024\/12\/Wholesale-Disposable-Vape-265x300.jpg 265w, https:\/\/vapestornado.com\/wp-content\/uploads\/2024\/12\/Wholesale-Disposable-Vape-768x871.jpg 768w, https:\/\/vapestornado.com\/wp-content\/uploads\/2024\/12\/Wholesale-Disposable-Vape-600x680.jpg 600w, https:\/\/vapestornado.com\/wp-content\/uploads\/2024\/12\/Wholesale-Disposable-Vape.jpg 823w\" sizes=\"(max-width: 265px) 100vw, 265px\" \/><figcaption id=\"caption-attachment-2951\" class=\"wp-caption-text\">Pre z\u013eavnen\u00fa cenu kontaktujte Mandy na WhatsApp\u00a0 <a href=\"https:\/\/wa.me\/8618077105796\">+8618077105796<\/a><\/figcaption><\/figure>\n<p>&nbsp;<\/p>","protected":false},"featured_media":3687,"comment_status":"open","ping_status":"closed","template":"","meta":{"_acf_changed":false,"_uag_custom_page_level_css":"","_lmt_disableupdate":"no","_lmt_disable":"","_monsterinsights_skip_tracking":false,"_monsterinsights_sitenote_active":false,"_monsterinsights_sitenote_note":"","_monsterinsights_sitenote_category":0,"site-sidebar-layout":"default","site-content-layout":"","ast-site-content-layout":"default","site-content-style":"default","site-sidebar-style":"default","ast-global-header-display":"","ast-banner-title-visibility":"","ast-main-header-display":"","ast-hfb-above-header-display":"","ast-hfb-below-header-display":"","ast-hfb-mobile-header-display":"","site-post-title":"","ast-breadcrumbs-content":"","ast-featured-img":"","footer-sml-layout":"","ast-disable-related-posts":"","theme-transparent-header-meta":"default","adv-header-id-meta":"","stick-header-meta":"","header-above-stick-meta":"","header-main-stick-meta":"","header-below-stick-meta":"","astra-migrate-meta-layouts":"set","ast-page-background-enabled":"default","ast-page-background-meta":{"desktop":{"background-color":"","background-image":"","background-repeat":"repeat","background-position":"center center","background-size":"auto","background-attachment":"scroll","background-type":"","background-media":"","overlay-type":"","overlay-color":"","overlay-opacity":"","overlay-gradient":""},"tablet":{"background-color":"","background-image":"","background-repeat":"repeat","background-position":"center center","background-size":"auto","background-attachment":"scroll","background-type":"","background-media":"","overlay-type":"","overlay-color":"","overlay-opacity":"","overlay-gradient":""},"mobile":{"background-color":"","background-image":"","background-repeat":"repeat","background-position":"center center","background-size":"auto","background-attachment":"scroll","background-type":"","background-media":"","overlay-type":"","overlay-color":"","overlay-opacity":"","overlay-gradient":""}},"ast-content-background-meta":{"desktop":{"background-color":"var(--ast-global-color-5)","background-image":"","background-repeat":"repeat","background-position":"center center","background-size":"auto","background-attachment":"scroll","background-type":"","background-media":"","overlay-type":"","overlay-color":"","overlay-opacity":"","overlay-gradient":""},"tablet":{"background-color":"var(--ast-global-color-5)","background-image":"","background-repeat":"repeat","background-position":"center center","background-size":"auto","background-attachment":"scroll","background-type":"","background-media":"","overlay-type":"","overlay-color":"","overlay-opacity":"","overlay-gradient":""},"mobile":{"background-color":"var(--ast-global-color-5)","background-image":"","background-repeat":"repeat","background-position":"center center","background-size":"auto","background-attachment":"scroll","background-type":"","background-media":"","overlay-type":"","overlay-color":"","overlay-opacity":"","overlay-gradient":""}},"_joinchat":{"telephone":"+8618077105796"}},"product_brand":[],"product_cat":[68,149,153,158,146],"product_tag":[97,228],"class_list":{"0":"post-3661","1":"product","2":"type-product","3":"status-publish","4":"has-post-thumbnail","6":"product_cat-25000-puff","7":"product_cat-buy-disposable-vapes-in-austria","8":"product_cat-buy-disposable-vapes-in-italy","9":"product_cat-buy-disposable-vapes-in-spain","10":"product_cat-rechargeable-disposable-vapes","11":"product_tag-hot-sale-disposable-vape","12":"product_tag-razz-bar-25000-puffs","13":"desktop-align-left","14":"tablet-align-left","15":"mobile-align-left","17":"first","18":"instock","19":"sale","20":"shipping-taxable","21":"purchasable","22":"product-type-simple"},"acf":[],"uagb_featured_image_src":{"full":["https:\/\/vapestornado.com\/wp-content\/uploads\/2025\/01\/RAZZ-BAR-25000-Puffs-Black-Dragon-ice-GEEK-BAR.webp",800,800,false],"thumbnail":["https:\/\/vapestornado.com\/wp-content\/uploads\/2025\/01\/RAZZ-BAR-25000-Puffs-Black-Dragon-ice-GEEK-BAR-150x150.webp",150,150,true],"medium":["https:\/\/vapestornado.com\/wp-content\/uploads\/2025\/01\/RAZZ-BAR-25000-Puffs-Black-Dragon-ice-GEEK-BAR-300x300.webp",300,300,true],"medium_large":["https:\/\/vapestornado.com\/wp-content\/uploads\/2025\/01\/RAZZ-BAR-25000-Puffs-Black-Dragon-ice-GEEK-BAR-768x768.webp",768,768,true],"large":["https:\/\/vapestornado.com\/wp-content\/uploads\/2025\/01\/RAZZ-BAR-25000-Puffs-Black-Dragon-ice-GEEK-BAR.webp",800,800,false],"1536x1536":["https:\/\/vapestornado.com\/wp-content\/uploads\/2025\/01\/RAZZ-BAR-25000-Puffs-Black-Dragon-ice-GEEK-BAR.webp",800,800,false],"2048x2048":["https:\/\/vapestornado.com\/wp-content\/uploads\/2025\/01\/RAZZ-BAR-25000-Puffs-Black-Dragon-ice-GEEK-BAR.webp",800,800,false],"trp-custom-language-flag":["https:\/\/vapestornado.com\/wp-content\/uploads\/2025\/01\/RAZZ-BAR-25000-Puffs-Black-Dragon-ice-GEEK-BAR.webp",12,12,false],"woocommerce_thumbnail":["https:\/\/vapestornado.com\/wp-content\/uploads\/2025\/01\/RAZZ-BAR-25000-Puffs-Black-Dragon-ice-GEEK-BAR-300x300.webp",300,300,true],"woocommerce_single":["https:\/\/vapestornado.com\/wp-content\/uploads\/2025\/01\/RAZZ-BAR-25000-Puffs-Black-Dragon-ice-GEEK-BAR-600x600.webp",600,600,true],"woocommerce_gallery_thumbnail":["https:\/\/vapestornado.com\/wp-content\/uploads\/2025\/01\/RAZZ-BAR-25000-Puffs-Black-Dragon-ice-GEEK-BAR-100x100.webp",100,100,true]},"uagb_author_info":{"display_name":"ESMANDY","author_link":"https:\/\/vapestornado.com\/sk\/author\/"},"uagb_comment_info":0,"uagb_excerpt":"RAZZ BAR 25000 Puffs Wholesale Vape at unbeatable prices. Offering 16 premium flavors, 650mAh rechargeable battery, and 25,000 puffs for long-lasting satisfaction! [caption id=\"attachment_2951\" align=\"alignnone\" width=\"265\"] Pls Contact Mandy's WhatsApp For Discount Price\u00a0 +8618077105796[\/caption] &nbsp;","_links":{"self":[{"href":"https:\/\/vapestornado.com\/sk\/wp-json\/wp\/v2\/product\/3661","targetHints":{"allow":["GET"]}}],"collection":[{"href":"https:\/\/vapestornado.com\/sk\/wp-json\/wp\/v2\/product"}],"about":[{"href":"https:\/\/vapestornado.com\/sk\/wp-json\/wp\/v2\/types\/product"}],"replies":[{"embeddable":true,"href":"https:\/\/vapestornado.com\/sk\/wp-json\/wp\/v2\/comments?post=3661"}],"wp:featuredmedia":[{"embeddable":true,"href":"https:\/\/vapestornado.com\/sk\/wp-json\/wp\/v2\/media\/3687"}],"wp:attachment":[{"href":"https:\/\/vapestornado.com\/sk\/wp-json\/wp\/v2\/media?parent=3661"}],"wp:term":[{"taxonomy":"product_brand","embeddable":true,"href":"https:\/\/vapestornado.com\/sk\/wp-json\/wp\/v2\/product_brand?post=3661"},{"taxonomy":"product_cat","embeddable":true,"href":"https:\/\/vapestornado.com\/sk\/wp-json\/wp\/v2\/product_cat?post=3661"},{"taxonomy":"product_tag","embeddable":true,"href":"https:\/\/vapestornado.com\/sk\/wp-json\/wp\/v2\/product_tag?post=3661"}],"curies":[{"name":"wp","href":"https:\/\/api.w.org\/{rel}","templated":true}]}}