{"id":3639,"date":"2025-01-03T01:54:34","date_gmt":"2025-01-03T01:54:34","guid":{"rendered":"https:\/\/vapestornado.com\/?post_type=product&#038;p=3639"},"modified":"2025-08-28T07:39:36","modified_gmt":"2025-08-28T07:39:36","slug":"bang-king-vape-35000-puff-smart-digital-display-wholesale-disposable-electronic-cigarette-wholesale","status":"publish","type":"product","link":"https:\/\/vapestornado.com\/sk\/product\/bang-king-vape-35000-puff-smart-digital-display-wholesale-disposable-electronic-cigarette-wholesale\/","title":{"rendered":"Bang King Vape 35000 Puff Inteligentn\u00fd digit\u00e1lny displej Ve\u013ekoobchodn\u00e1 jednorazov\u00e1 elektronick\u00e1 cigareta"},"content":{"rendered":"<h1 class=\"product-title\">Bang King Vape 35000 Puff Inteligentn\u00fd digit\u00e1lny displej Ve\u013ekoobchodn\u00e1 jednorazov\u00e1 elektronick\u00e1 cigareta<\/h1>\n<p data-start=\"389\" data-end=\"758\">Ak h\u013ead\u00e1te jednorazov\u00fa vapku, ktor\u00e1 sp\u00e1ja dlhotrvaj\u00faci v\u00fdkon, modern\u00e9 funkcie a v\u00fdrazn\u00e9 pr\u00edchute, potom v\u00e1s <strong data-start=\"517\" data-end=\"546\">Bang King Vape 35000 Puffs<\/strong> ur\u010dite zaujme. Toto zariadenie, navrhnut\u00e9 s <strong data-start=\"584\" data-end=\"609\">inteligentn\u00fd digit\u00e1lny displej<\/strong> a poh\u00e1\u0148an\u00e9 <strong data-start=\"627\" data-end=\"659\">1000mAh dob\u00edjacia bat\u00e9ria<\/strong>, pos\u00fava pohodlie vapovania na vy\u0161\u0161iu \u00farove\u0148, pri\u010dom zost\u00e1va elegantn\u00e9 a \u013eahko prenosn\u00e9.<\/p>\n<h4 data-start=\"760\" data-end=\"797\">35 000 potiahnut\u00ed \u010dist\u00e9ho pote\u0161enia<\/h4>\n<p data-start=\"798\" data-end=\"1171\">S jeho <strong data-start=\"807\" data-end=\"829\">23 ml n\u00e1dr\u017eka na e-liquid<\/strong> a pokro\u010dil\u00fd <strong data-start=\"843\" data-end=\"863\">syst\u00e9mom mesh cievky<\/strong>, Bang King Vape zaru\u010duje konzistenciu od prv\u00e9ho a\u017e po posledn\u00fd po\u0165ah. Ka\u017ed\u00e9 potiahnutie poskytuje jemn\u00fa paru a bohat\u00fa chu\u0165 bez such\u00fdch z\u00e1sahov, ktor\u00fdmi trpia mnoh\u00e9 in\u00e9 jednorazov\u00e9 vapky. Pon\u00faka a\u017e <strong data-start=\"1060\" data-end=\"1076\">35 000 \u0165ahov<\/strong>, je to ide\u00e1lna vo\u013eba pre mu\u017eov, ktor\u00ed si cenia odolnos\u0165 a \u0161pi\u010dkov\u00fd v\u00fdkon v jednom zariaden\u00ed.<\/p>\n<h4 data-start=\"1173\" data-end=\"1204\">Flexibiln\u00e9 mo\u017enosti nikot\u00ednu<\/h4>\n<p data-start=\"1205\" data-end=\"1495\">T\u00e1to jednorazov\u00e1 vapka, ktor\u00e1 uspokoj\u00ed r\u00f4zne preferencie, prich\u00e1dza s <strong data-start=\"1272\" data-end=\"1312\">0%, 2%, 3% a 5% s obsahom nikot\u00ednu<\/strong>. \u010ci u\u017e postupne zni\u017eujete, alebo uprednost\u0148ujete silnej\u0161\u00ed po\u0165ah, Bang King Vape sa prisp\u00f4sob\u00ed va\u0161im potreb\u00e1m \u2013 \u010do z neho rob\u00ed vynikaj\u00facu ve\u013ekoobchodn\u00fa mo\u017enos\u0165 pre r\u00f4zne trhy na Slovensku.<\/p>\n<h4 data-start=\"1497\" data-end=\"1542\">Inteligentn\u00fd digit\u00e1lny displej pre pln\u00fa kontrolu<\/h4>\n<p data-start=\"1543\" data-end=\"1881\">U\u017e \u017eiadne h\u00e1danie. Vstavan\u00e1 obrazovka zobrazuje va\u0161u <strong data-start=\"1593\" data-end=\"1632\">\u00farove\u0148 nabitia bat\u00e9rie a kapacitu e-liquidu<\/strong> v re\u00e1lnom \u010dase, tak\u017ee v\u017edy viete, kedy je \u010das na nabitie alebo v\u00fdmenu. T\u00e1to funkcia ho odli\u0161uje od tradi\u010dn\u00fdch jednorazov\u00fdch vapiek a rad\u00ed ho do rovnakej pr\u00e9miovej triedy ako popul\u00e1rne modely ako <strong data-start=\"1830\" data-end=\"1878\">Elf Bar GH23000 Jednorazov\u00fd Nicotine Vape Pod<\/strong>.<\/p>\n<h4 data-start=\"1883\" data-end=\"1915\">R\u00fdchle nab\u00edjanie s Type-C<\/h4>\n<p data-start=\"1916\" data-end=\"2180\">Vybaven\u00e9 s <strong data-start=\"1930\" data-end=\"1953\">R\u00fdchle nab\u00edjanie cez USB-C<\/strong>, bat\u00e9ria s kapacitou 1000 mAh je pripraven\u00e1 na pou\u017eitie v kr\u00e1tkom \u010dase. To ho rob\u00ed obzvl\u00e1\u0161\u0165 atrakt\u00edvnym pre ve\u013ekoobchodn\u00fdch kupuj\u00facich, ktor\u00ed h\u013eadaj\u00fa jednorazov\u00fa vapku, ktor\u00e1 sp\u00e1ja pohodlie op\u00e4tovn\u00e9ho pou\u017eitia s jednoduchos\u0165ou vopred naplnen\u00fdch podov.<\/p>\n<p>&nbsp;<\/p>\n<p><span style=\"color: #ff0000;\"><strong>Pridajte si Amy na Whatsapp, z\u00edskajte okam\u017eit\u00fa odpove\u010f a kup\u00f3n na vape!<\/strong><\/span><\/p>\n<p><img fetchpriority=\"high\" decoding=\"async\" class=\"size-full wp-image-2932\" src=\"https:\/\/vapestornado.com\/wp-content\/uploads\/2024\/12\/Vape-Wholesale.jpg\" alt=\"Ve\u013ekoobchod s vape\" width=\"229\" height=\"300\" \/><\/p>\n<h3><a href=\"https:\/\/wa.me\/8617776015835\" target=\"_blank\" rel=\"noopener\"><span style=\"color: #ff0000;\"><strong>WhatsApp: +86 17776015835<\/strong><\/span><\/a><\/h3>\n<p>&nbsp;<\/p>\n<h2 class=\"product-title\"><strong>Vlastnosti produktu Bang King Vape 35000<\/strong><\/h2>\n<div role=\"article\" data-tabster=\"{&quot;groupper&quot;:{&quot;tabbability&quot;:2},&quot;focusable&quot;:{}}\" data-content=\"ai-message\" aria-labelledby=\"juhNTJ6o7Gk1cgwZMJgv2-author juhNTJ6o7Gk1cgwZMJgv2-content\">\n<div id=\"juhNTJ6o7Gk1cgwZMJgv2-content\">\n<div role=\"article\" data-tabster=\"{&quot;groupper&quot;:{&quot;tabbability&quot;:2},&quot;focusable&quot;:{}}\" data-content=\"ai-message\" aria-labelledby=\"x4EZuCZWrTbh3weWUt7CU-author x4EZuCZWrTbh3weWUt7CU-content\">\n<div id=\"x4EZuCZWrTbh3weWUt7CU-content\">\n<div class=\"flex max-w-full flex-col flex-grow\">\n<div class=\"min-h-8 text-message flex w-full flex-col items-end gap-2 whitespace-normal break-words text-start [.text-message+&amp;]:mt-5\" dir=\"auto\" data-message-author-role=\"assistant\" data-message-id=\"52c6e00a-252f-4104-805d-2f1a84739c71\" data-message-model-slug=\"gpt-4o\">\n<div class=\"flex w-full flex-col gap-1 empty:hidden first:pt-[3px]\">\n<div class=\"markdown prose w-full break-words dark:prose-invert light\">\n<ol>\n<li><strong>35 000 \u0165ahov<\/strong>: V\u00fdnimo\u010dn\u00fd po\u010det \u0165ahov pre dlhotrvaj\u00face uspokojenie.<\/li>\n<li><strong>Inteligentn\u00fd digit\u00e1lny displej<\/strong>: Zobrazuje \u00farove\u0148 bat\u00e9rie a e-liquidu pre jednoduch\u00e9 pou\u017eitie.<\/li>\n<li><strong>Kapacita e-liquidu 23 ml<\/strong>: Ve\u013ekorys\u00e1 kapacita pre dlh\u00e9 vapovacie sedenia.<\/li>\n<li><strong>Technol\u00f3gia Mesh Coil<\/strong>: Zlep\u0161uje chu\u0165 a zais\u0165uje konzistentn\u00fd v\u00fdkon.<\/li>\n<li><strong>1000mAh Nab\u00edjate\u013en\u00e1 Bat\u00e9ria<\/strong>: Spo\u013eahliv\u00e1 energia s r\u00fdchlym nab\u00edjan\u00edm cez USB-C.<\/li>\n<li><strong>Ochrana proti such\u00e9mu spa\u013eovaniu<\/strong>: Zaru\u010duje hladk\u00e9 a uspokojiv\u00e9 po\u0165ahy.<\/li>\n<\/ol>\n<\/div>\n<\/div>\n<\/div>\n<\/div>\n<div class=\"mb-2 flex gap-3 empty:hidden -ml-2\"><img decoding=\"async\" class=\"wp-image-3635 size-full\" src=\"https:\/\/vapestornado.com\/wp-content\/uploads\/2025\/01\/Bang-King-35000-Puffs-Disposable-Vapes-Wholesale.jpg\" alt=\"Bang King 35000 Puffs Jednorazov\u00e9 Vapes Ve\u013ekoobchod\" width=\"800\" height=\"800\" srcset=\"https:\/\/vapestornado.com\/wp-content\/uploads\/2025\/01\/Bang-King-35000-Puffs-Disposable-Vapes-Wholesale.jpg 800w, https:\/\/vapestornado.com\/wp-content\/uploads\/2025\/01\/Bang-King-35000-Puffs-Disposable-Vapes-Wholesale-300x300.jpg 300w, https:\/\/vapestornado.com\/wp-content\/uploads\/2025\/01\/Bang-King-35000-Puffs-Disposable-Vapes-Wholesale-150x150.jpg 150w, https:\/\/vapestornado.com\/wp-content\/uploads\/2025\/01\/Bang-King-35000-Puffs-Disposable-Vapes-Wholesale-768x768.jpg 768w, https:\/\/vapestornado.com\/wp-content\/uploads\/2025\/01\/Bang-King-35000-Puffs-Disposable-Vapes-Wholesale-600x600.jpg 600w, https:\/\/vapestornado.com\/wp-content\/uploads\/2025\/01\/Bang-King-35000-Puffs-Disposable-Vapes-Wholesale-100x100.jpg 100w\" sizes=\"(max-width: 800px) 100vw, 800px\" \/><\/div>\n<\/div>\n<\/div>\n<\/div>\n<\/div>\n<h2 class=\"product-title\"><strong>Ob\u013e\u00faben\u00e1 pr\u00edchu\u0165 pre Bang King Vape 35000<\/strong><strong>\u00a0<\/strong><strong>Jednorazov\u00e9 e-cigarety<\/strong><\/h2>\n<p>Bang King Vape 35000 pon\u00faka rozmanit\u00fd a vzru\u0161uj\u00faci v\u00fdber mo\u017enost\u00ed pre v\u00e1\u0161 produktov\u00fd rad, ktor\u00fd uspokoj\u00ed r\u00f4zne chu\u0165ov\u00e9 preferencie! Ni\u017e\u0161ie n\u00e1jdete ob\u013e\u00faben\u00fa pr\u00edchu\u0165 na z\u00e1klade na\u0161ich \u00fadajov o predaji a sp\u00e4tnej v\u00e4zby od z\u00e1kazn\u00edkov.<\/p>\n<p>1.Jahoda Mango <strong><span style=\"color: #ff0000;\">&gt;&gt;&gt; Hor\u00face !<\/span><\/strong><br \/>\n2.Love66<br \/>\n3. Modr\u00fd Razz Ice <strong><span style=\"color: #ff0000;\">&gt;&gt;&gt; Hor\u00face !<\/span><\/strong><br \/>\n4.Jahoda Mel\u00f3n<br \/>\n5.Citr\u00f3nov\u00e1 m\u00e4ta<br \/>\n6.Dvojit\u00e9 jablko<br \/>\n7.Energetick\u00fd n\u00e1poj<br \/>\n8.Brosky\u0148ov\u00fd \u013ead<br \/>\n9.Jahodov\u00e9 Kiwi <strong><span style=\"color: #ff0000;\">&gt;&gt;&gt; Najlep\u0161ie!<\/span><\/strong><br \/>\n10.Hroznov\u00e1 \u013eadov\u00e1<br \/>\n11.\u010cu\u010doriedka \u013dad <strong><span style=\"color: #ff0000;\">&gt;&gt;&gt; Hor\u00face !<\/span><\/strong><br \/>\n12.Vodn\u00fd mel\u00f3n<\/p>\n<div class=\"flex-shrink-0 flex flex-col relative items-end\">\n<div class=\"pt-0\">\n<div class=\"gizmo-bot-avatar flex h-8 w-8 items-center justify-center overflow-hidden rounded-full\">\n<div class=\"relative p-1 rounded-sm flex items-center justify-center bg-token-main-surface-primary text-token-text-primary h-8 w-8\">\n<h2>\u010casto kladen\u00e9 ot\u00e1zky k BangKing Vape 35000 Smart<strong>\u00a0<\/strong>Jednorazov\u00e1 Vape<\/h2>\n<h3><\/h3>\n<ol>\n<li><strong>Ko\u013eko potiahnut\u00ed pon\u00faka Bang King 35000?<\/strong><br \/>\nAhoj! V tejto chv\u00edli ti neviem pom\u00f4c\u0165 s tvojou po\u017eiadavkou. M\u00f4\u017eem ti v\u0161ak pom\u00f4c\u0165 s prekladom akejko\u013evek tvojej po\u017eiadavky. Ak m\u00e1\u0161 z\u00e1ujem, r\u00e1d ti pom\u00f4\u017eem s \u010fal\u0161\u00edmi prekladmi. <strong>Bang King 35000<\/strong> pon\u00faka \u00fa\u017easn\u00fdch <strong>35 000 \u0165ahov<\/strong>, \u010do z neho rob\u00ed jeden z najdlh\u0161ie trvaj\u00facich jednorazov\u00fdch vapov na trhu.<\/li>\n<li><strong>Ak\u00e1 je kapacita e-liquidu Bang King 35000 Vape?<\/strong><br \/>\nObsahuje <strong>kapacitu 23 ml e-liquidu<\/strong>, \u010do zaru\u010duje dlh\u0161ie pou\u017e\u00edvanie bez \u010dast\u00e9ho dop\u013a\u0148ania.<\/li>\n<li><strong>M\u00e1 BangKing 35000 nab\u00edjate\u013en\u00fa bat\u00e9riu?<\/strong><br \/>\n\u00c1no, obsahuje <strong>1000mAh dob\u00edjacia bat\u00e9ria<\/strong> s <strong>Nab\u00edjanie cez USB-C<\/strong>, \u010do pon\u00faka udr\u017eate\u013en\u00e9 a pohodln\u00e9 pou\u017e\u00edvanie.<\/li>\n<li><strong>\u010c\u00edm je inteligentn\u00fd digit\u00e1lny displej jedine\u010dn\u00fd?<\/strong><br \/>\nAhoj! V tejto chv\u00edli ti neviem pom\u00f4c\u0165 s tvojou po\u017eiadavkou. M\u00f4\u017eem ti v\u0161ak pom\u00f4c\u0165 s prekladom akejko\u013evek tvojej po\u017eiadavky. Ak m\u00e1\u0161 z\u00e1ujem, r\u00e1d ti pom\u00f4\u017eem s \u010fal\u0161\u00edmi prekladmi. <strong>digit\u00e1lny displej<\/strong> zobrazuje d\u00f4le\u017eit\u00e9 detaily ako napr\u00edklad <strong>percenta bat\u00e9rie<\/strong> a <strong>\u00farovne e-liquidu<\/strong>, \u010do u\u013eah\u010duje sledovanie v\u00e1\u0161ho pou\u017e\u00edvania.<\/li>\n<li><strong>Kde si m\u00f4\u017eem k\u00fapi\u0165 Bang King Vape 35000 Puff za ve\u013ekoobchodn\u00e9 ceny?<\/strong><br \/>\nPre najlep\u0161ie <strong>ve\u013ekoobchodn\u00e9 ceny<\/strong>, nav\u0161t\u00edvte <strong>vapestornado Online Obchod s Vape<\/strong>, ktor\u00e9 pon\u00faka vynikaj\u00face ponuky a \u0161irok\u00fd sortiment produktov.<\/li>\n<\/ol>\n<div class=\"flex max-w-full flex-col flex-grow\">\n<div class=\"min-h-8 text-message flex w-full flex-col items-end gap-2 whitespace-normal break-words text-start [.text-message+&amp;]:mt-5\" dir=\"auto\" data-message-author-role=\"assistant\" data-message-id=\"4dc48248-df95-45bd-b800-6dedb43cf7f1\" data-message-model-slug=\"gpt-4o\">\n<div class=\"flex w-full flex-col gap-1 empty:hidden first:pt-[3px]\"><\/div>\n<\/div>\n<\/div>\n<\/div>\n<\/div>\n<\/div>\n<\/div>\n<div class=\"flex-shrink-0 flex flex-col relative items-end\">\n<div class=\"pt-0\">\n<div class=\"gizmo-bot-avatar flex h-8 w-8 items-center justify-center overflow-hidden rounded-full\">\n<div class=\"relative p-1 rounded-sm flex items-center justify-center bg-token-main-surface-primary text-token-text-primary h-8 w-8\">\n<div class=\"mb-2 flex gap-3 empty:hidden -ml-2\">\n<div role=\"article\" data-tabster=\"{&quot;groupper&quot;:{&quot;tabbability&quot;:2},&quot;focusable&quot;:{}}\" data-content=\"ai-message\" aria-labelledby=\"Vdt5ez4X7Tg813x6rFVha-author Vdt5ez4X7Tg813x6rFVha-content\">\n<div id=\"Vdt5ez4X7Tg813x6rFVha-content\">\n<div role=\"article\" data-tabster=\"{&quot;groupper&quot;:{&quot;tabbability&quot;:2},&quot;focusable&quot;:{}}\" data-content=\"ai-message\" aria-labelledby=\"o968oC7CEo2fGHsGdsRYC-author o968oC7CEo2fGHsGdsRYC-content\">\n<div id=\"o968oC7CEo2fGHsGdsRYC-content\">\n<h2>Pre\u010do si vybra\u0165 vapestornado pre ve\u013ekoobchodn\u00fd predaj Bang King Vape 35k Puff Vape?<\/h2>\n<div class=\"flex-shrink-0 flex flex-col relative items-end\">\n<div class=\"pt-0\">\n<div class=\"gizmo-bot-avatar flex h-8 w-8 items-center justify-center overflow-hidden rounded-full\">\n<div class=\"relative p-1 rounded-sm flex items-center justify-center bg-token-main-surface-primary text-token-text-primary h-8 w-8\">\n<p>Vitajte vo vapestornado, va\u0161om d\u00f4veryhodnom internetovom obchode s vapmi pre pr\u00e9miov\u00e9 jednorazov\u00e9 vapy. S viac ako 5-ro\u010dn\u00fdmi sk\u00fasenos\u0165ami v\u00e1m prin\u00e1\u0161ame popul\u00e1rne zna\u010dky jednorazov\u00fdch vapov, ako napr\u00edklad Fumot RandM Vape, <a href=\"https:\/\/vapestornado.com\/sk\/product-category\/vapme-shisha\/\">Vapme<\/a>, Bang Vape, Waspe Vape a WGA Vape, at\u010f.<\/p>\n<p>N\u00e1\u0161 sortiment zah\u0155\u0148a hor\u00face vapy ako napr\u00edklad <a href=\"https:\/\/vapestornado.com\/sk\/product\/randm-12000-puffs-fumot-digital-disposable-vape-wholesale-price\/\">RandM Torn\u00e1do 12000<\/a>, a v\u00fdber bohat\u00fd na pr\u00edchute ako napr\u00edklad <a href=\"https:\/\/vapestornado.com\/sk\/product\/wga-crystal-pro-max-extra-15000-puffs-rechargeable-disposable-vape-wholesale-bulk-buy\/\">\u00a0WGA Crystal 15k Pufov<\/a> . Ka\u017ed\u00fd produkt je vybran\u00fd so zameran\u00edm na kvalitu, hodnotu a rozmanitos\u0165, \u010do zais\u0165uje, \u017ee n\u00e1jdete presne to, \u010do potrebujete. Objavte v\u00fdnimo\u010dn\u00e9 slu\u017eby a \u0161irok\u00fa \u0161k\u00e1lu \u0161pi\u010dkov\u00fdch produktov za ve\u013ekoobchodn\u00e9 ceny vo vapestornado.<\/p>\n<\/div>\n<p>&nbsp;<\/p>\n<p><strong>\u010eal\u0161ie hor\u00face jednorazov\u00e9 vapy<\/strong><\/p>\n<p><a href=\"https:\/\/vapestornado.com\/sk\/product\/vozol-star-20000-puffs-disposable-vape-2-low-nicotine-bulk-buy-wholesale-cheap-price\/\">VOZOL Star 20000 potiahnut\u00ed <span style=\"color: #ff0000;\"><strong>&gt;&gt;&gt;&gt; Vpred !<\/strong><\/span><\/a><\/p>\n<p><a href=\"https:\/\/vapestornado.com\/sk\/product\/refillable-disposable-vape-bang-40000-puffs-with-smart-screen-display-wholesale\/\">Bang 40000 Pufov<span style=\"color: #ff0000;\"><strong>&gt;&gt;&gt;&gt; Vpred !<\/strong><\/span><\/a><\/p>\n<p><a href=\"https:\/\/vapestornado.com\/sk\/product\/puff-25k-bang-king-25000-puffs-rechargeable-disposable-vape-wholesale-bulk-buy\/\">Bang King 25000 <span style=\"color: #ff0000;\"><strong>&gt;&gt;&gt;&gt; Vpred !<\/strong><\/span><\/a><\/p>\n<\/div>\n<\/div>\n<\/div>\n<p>&nbsp;<\/p>\n<\/div>\n<\/div>\n<\/div>\n<\/div>\n<\/div>\n<\/div>\n<\/div>\n<\/div>\n<\/div>","protected":false},"excerpt":{"rendered":"<p>BangKing Vape 35000 \u0165ahov 2% Nikot\u00ednov\u00e1 jednorazov\u00e1 elektronick\u00e1 cigareta ve\u013ekoobchod<br \/>\nBang King 35000 \u0165ahov s digit\u00e1lnym displejom jednorazov\u00e1 elektronick\u00e1 cigareta hromadn\u00fd n\u00e1kup<br \/>\nBang King Vape 35k Dob\u00edjacia jednorazov\u00e1 elektronick\u00e1 cigareta n\u00edzka cena<\/p>\n<p><strong>Pridajte si Amy na WhatsApp a z\u00edskajte okam\u017eit\u00fa odpove\u010f a kup\u00f3n na vape!<\/strong><\/p>\n<p><img fetchpriority=\"high\" decoding=\"async\" class=\"size-full wp-image-2932\" src=\"https:\/\/vapestornado.com\/wp-content\/uploads\/2024\/12\/Vape-Wholesale.jpg\" alt=\"Ve\u013ekoobchod s vape\" width=\"229\" height=\"300\" \/><\/p>\n<h3><a href=\"https:\/\/wa.me\/8617776015835\"><span style=\"color: #ff0000;\"><strong>WhatsApp: +86 17776015835<\/strong><\/span><\/a><\/h3>\n<p>&nbsp;<\/p>","protected":false},"featured_media":3636,"comment_status":"open","ping_status":"closed","template":"","meta":{"_acf_changed":false,"_uag_custom_page_level_css":"","_lmt_disableupdate":"no","_lmt_disable":"","_monsterinsights_skip_tracking":false,"_monsterinsights_sitenote_active":false,"_monsterinsights_sitenote_note":"","_monsterinsights_sitenote_category":0,"site-sidebar-layout":"default","site-content-layout":"","ast-site-content-layout":"default","site-content-style":"default","site-sidebar-style":"default","ast-global-header-display":"","ast-banner-title-visibility":"","ast-main-header-display":"","ast-hfb-above-header-display":"","ast-hfb-below-header-display":"","ast-hfb-mobile-header-display":"","site-post-title":"","ast-breadcrumbs-content":"","ast-featured-img":"","footer-sml-layout":"","ast-disable-related-posts":"","theme-transparent-header-meta":"default","adv-header-id-meta":"","stick-header-meta":"","header-above-stick-meta":"","header-main-stick-meta":"","header-below-stick-meta":"","astra-migrate-meta-layouts":"set","ast-page-background-enabled":"default","ast-page-background-meta":{"desktop":{"background-color":"","background-image":"","background-repeat":"repeat","background-position":"center center","background-size":"auto","background-attachment":"scroll","background-type":"","background-media":"","overlay-type":"","overlay-color":"","overlay-opacity":"","overlay-gradient":""},"tablet":{"background-color":"","background-image":"","background-repeat":"repeat","background-position":"center center","background-size":"auto","background-attachment":"scroll","background-type":"","background-media":"","overlay-type":"","overlay-color":"","overlay-opacity":"","overlay-gradient":""},"mobile":{"background-color":"","background-image":"","background-repeat":"repeat","background-position":"center center","background-size":"auto","background-attachment":"scroll","background-type":"","background-media":"","overlay-type":"","overlay-color":"","overlay-opacity":"","overlay-gradient":""}},"ast-content-background-meta":{"desktop":{"background-color":"var(--ast-global-color-5)","background-image":"","background-repeat":"repeat","background-position":"center center","background-size":"auto","background-attachment":"scroll","background-type":"","background-media":"","overlay-type":"","overlay-color":"","overlay-opacity":"","overlay-gradient":""},"tablet":{"background-color":"var(--ast-global-color-5)","background-image":"","background-repeat":"repeat","background-position":"center center","background-size":"auto","background-attachment":"scroll","background-type":"","background-media":"","overlay-type":"","overlay-color":"","overlay-opacity":"","overlay-gradient":""},"mobile":{"background-color":"var(--ast-global-color-5)","background-image":"","background-repeat":"repeat","background-position":"center center","background-size":"auto","background-attachment":"scroll","background-type":"","background-media":"","overlay-type":"","overlay-color":"","overlay-opacity":"","overlay-gradient":""}},"_joinchat":{"telephone":"+8617776015835"}},"product_brand":[],"product_cat":[175,63,152,157,160,143,144],"product_tag":[224,223,165,105,97,166,94],"class_list":{"0":"post-3639","1":"product","2":"type-product","3":"status-publish","4":"has-post-thumbnail","6":"product_cat-35000-puff","7":"product_cat-bangking","8":"product_cat-buy-disposable-vapes-in-cermany","9":"product_cat-buy-disposable-vapes-in-portugal","10":"product_cat-buy-disposable-vapes-in-switzerland","11":"product_cat-dual-mesh-disposable-vapes","12":"product_cat-low-nicotine-disposable-vapes","13":"product_tag-bang-king-35000","14":"product_tag-bang-king-vape-35000","15":"product_tag-cheap-vapes","16":"product_tag-digital-disposable-vape","17":"product_tag-hot-sale-disposable-vape","18":"product_tag-low-nicotine-vape","19":"product_tag-rechargeable-disposable-vape","20":"desktop-align-left","21":"tablet-align-left","22":"mobile-align-left","24":"first","25":"instock","26":"sale","27":"shipping-taxable","28":"purchasable","29":"product-type-simple"},"acf":[],"uagb_featured_image_src":{"full":["https:\/\/vapestornado.com\/wp-content\/uploads\/2025\/01\/Bang-King-Vape-35000-Puffs-Wholesale.webp",800,800,false],"thumbnail":["https:\/\/vapestornado.com\/wp-content\/uploads\/2025\/01\/Bang-King-Vape-35000-Puffs-Wholesale-150x150.webp",150,150,true],"medium":["https:\/\/vapestornado.com\/wp-content\/uploads\/2025\/01\/Bang-King-Vape-35000-Puffs-Wholesale-300x300.webp",300,300,true],"medium_large":["https:\/\/vapestornado.com\/wp-content\/uploads\/2025\/01\/Bang-King-Vape-35000-Puffs-Wholesale-768x768.webp",768,768,true],"large":["https:\/\/vapestornado.com\/wp-content\/uploads\/2025\/01\/Bang-King-Vape-35000-Puffs-Wholesale.webp",800,800,false],"1536x1536":["https:\/\/vapestornado.com\/wp-content\/uploads\/2025\/01\/Bang-King-Vape-35000-Puffs-Wholesale.webp",800,800,false],"2048x2048":["https:\/\/vapestornado.com\/wp-content\/uploads\/2025\/01\/Bang-King-Vape-35000-Puffs-Wholesale.webp",800,800,false],"trp-custom-language-flag":["https:\/\/vapestornado.com\/wp-content\/uploads\/2025\/01\/Bang-King-Vape-35000-Puffs-Wholesale.webp",12,12,false],"woocommerce_thumbnail":["https:\/\/vapestornado.com\/wp-content\/uploads\/2025\/01\/Bang-King-Vape-35000-Puffs-Wholesale-300x300.webp",300,300,true],"woocommerce_single":["https:\/\/vapestornado.com\/wp-content\/uploads\/2025\/01\/Bang-King-Vape-35000-Puffs-Wholesale-600x600.webp",600,600,true],"woocommerce_gallery_thumbnail":["https:\/\/vapestornado.com\/wp-content\/uploads\/2025\/01\/Bang-King-Vape-35000-Puffs-Wholesale-100x100.webp",100,100,true]},"uagb_author_info":{"display_name":"ESAMY","author_link":"https:\/\/vapestornado.com\/sk\/author\/"},"uagb_comment_info":0,"uagb_excerpt":"BangKing Vape 35000 Puffs 2% Low Nicotine Disposable Vape Wholesale Bang King 35000 Puff \u00a0Digital Display Disposable Vape Bulk Buy Bang King Vape 35k Rechargeable Disposable Vape Cheap Price Add Amy's whatsapp get right reply and vape coupon! WhatsApp: +86 17776015835 &nbsp;","_links":{"self":[{"href":"https:\/\/vapestornado.com\/sk\/wp-json\/wp\/v2\/product\/3639","targetHints":{"allow":["GET"]}}],"collection":[{"href":"https:\/\/vapestornado.com\/sk\/wp-json\/wp\/v2\/product"}],"about":[{"href":"https:\/\/vapestornado.com\/sk\/wp-json\/wp\/v2\/types\/product"}],"replies":[{"embeddable":true,"href":"https:\/\/vapestornado.com\/sk\/wp-json\/wp\/v2\/comments?post=3639"}],"wp:featuredmedia":[{"embeddable":true,"href":"https:\/\/vapestornado.com\/sk\/wp-json\/wp\/v2\/media\/3636"}],"wp:attachment":[{"href":"https:\/\/vapestornado.com\/sk\/wp-json\/wp\/v2\/media?parent=3639"}],"wp:term":[{"taxonomy":"product_brand","embeddable":true,"href":"https:\/\/vapestornado.com\/sk\/wp-json\/wp\/v2\/product_brand?post=3639"},{"taxonomy":"product_cat","embeddable":true,"href":"https:\/\/vapestornado.com\/sk\/wp-json\/wp\/v2\/product_cat?post=3639"},{"taxonomy":"product_tag","embeddable":true,"href":"https:\/\/vapestornado.com\/sk\/wp-json\/wp\/v2\/product_tag?post=3639"}],"curies":[{"name":"wp","href":"https:\/\/api.w.org\/{rel}","templated":true}]}}