{"id":3631,"date":"2025-01-02T09:26:09","date_gmt":"2025-01-02T09:26:09","guid":{"rendered":"https:\/\/vapestornado.com\/?post_type=product&#038;p=3631"},"modified":"2025-08-23T09:38:46","modified_gmt":"2025-08-23T09:38:46","slug":"uwin-tornado-vape-music-35000-puffs-wholesale-price","status":"publish","type":"product","link":"https:\/\/vapestornado.com\/sk\/product\/uwin-tornado-vape-music-35000-puffs-wholesale-price\/","title":{"rendered":"UWIN Tornado Vape Music 35000 \u0165ahov ve\u013ekoobchodn\u00e1 cena"},"content":{"rendered":"<h1>UWIN Tornado Vape Music 35000 \u0165ahov ve\u013ekoobchodn\u00e1 cena<\/h1>\n<p>&nbsp;<\/p>\n<div role=\"article\" data-tabster=\"{&quot;groupper&quot;:{&quot;tabbability&quot;:2},&quot;focusable&quot;:{}}\" data-content=\"ai-message\" aria-labelledby=\"64JRvXrTnY7mRmPkEQLLT-author 64JRvXrTnY7mRmPkEQLLT-content\">\n<div id=\"64JRvXrTnY7mRmPkEQLLT-content\">\n<p data-start=\"318\" data-end=\"611\">Ahoj! V tejto chv\u00edli ti neviem pom\u00f4c\u0165 s tvojou po\u017eiadavkou. M\u00f4\u017eem ti v\u0161ak pom\u00f4c\u0165 s prekladom akejko\u013evek tvojej po\u017eiadavky. Ak m\u00e1\u0161 z\u00e1ujem, r\u00e1d ti pom\u00f4\u017eem s \u010fal\u0161\u00edmi prekladmi. <strong data-start=\"322\" data-end=\"377\">UWIN Tornado Vape Music 35000 \u0164ahov Jednorazov\u00e1 Vape<\/strong> kombinuje vysok\u00fa kapacitu, v\u00fdkon a jedine\u010dn\u00fd dizajn pre individu\u00e1lnych pou\u017e\u00edvate\u013eov aj ve\u013ekoobchodn\u00fdch odberate\u013eov. S a\u017e <strong data-start=\"492\" data-end=\"508\">35 000 \u0165ahov<\/strong> a <strong data-start=\"513\" data-end=\"535\">16 pr\u00e9miov\u00fdch pr\u00edchut\u00ed<\/strong>\u0165ahmi poskytuje dlhotrvaj\u00face pou\u017e\u00edvanie a rozmanitos\u0165, ktor\u00e1 vyhovuje r\u00f4znym preferenci\u00e1m.<\/p>\n<p data-start=\"613\" data-end=\"882\">Dostupn\u00e9 v <strong data-start=\"626\" data-end=\"667\">0%, 2%, 3% a 5% s obsahom nikot\u00ednu<\/strong>t\u00e1to vape vyhovuje \u0161irok\u00e9mu publiku. The <strong data-start=\"710\" data-end=\"728\">1.0\u03a9 mesh \u0161pir\u00e1lka<\/strong> zais\u0165uje hladk\u00fa produkciu pary, zatia\u013e \u010do <strong data-start=\"772\" data-end=\"803\">650mAh nab\u00edjate\u013enou bat\u00e9riou<\/strong> s <strong data-start=\"809\" data-end=\"833\">r\u00fdchleho nab\u00edjania typu C<\/strong> poskytuje spo\u013eahliv\u00fd v\u00fdkon pre dlh\u0161ie pou\u017e\u00edvanie.<\/p>\n<p data-start=\"884\" data-end=\"1179\">Jeho v\u00fdnimo\u010dn\u00fd <strong data-start=\"897\" data-end=\"920\">RGB syst\u00e9m osvetlenia<\/strong> sa synchronizuje s rytmom hudby a pon\u00faka interakt\u00edvny z\u00e1\u017eitok spolu s konzistentnou chu\u0165ou a v\u00fdkonom. Balen\u00e9 v <strong data-start=\"1037\" data-end=\"1058\">kart\u00f3noch po 160 kusov<\/strong> (21 kg na kart\u00f3n), <strong data-start=\"1082\" data-end=\"1102\">UWIN Tornado 35K<\/strong> je navrhnut\u00fd pre efekt\u00edvnu ve\u013ekoobchodn\u00fa distrib\u00faciu a siln\u00fd maloobchodn\u00fd dopyt.<\/p>\n<figure id=\"attachment_3652\" aria-describedby=\"caption-attachment-3652\" style=\"width: 669px\" class=\"wp-caption alignnone\"><img fetchpriority=\"high\" decoding=\"async\" class=\"wp-image-3652\" src=\"https:\/\/vapestornado.com\/wp-content\/uploads\/2025\/01\/Cheap-Price-Uwin-Tornado-35k-Puffs-Vape.jpg\" alt=\"N\u00edzka cena Uwin Tornado 35k Puffs Vape\" width=\"669\" height=\"669\" srcset=\"https:\/\/vapestornado.com\/wp-content\/uploads\/2025\/01\/Cheap-Price-Uwin-Tornado-35k-Puffs-Vape.jpg 800w, https:\/\/vapestornado.com\/wp-content\/uploads\/2025\/01\/Cheap-Price-Uwin-Tornado-35k-Puffs-Vape-300x300.jpg 300w, https:\/\/vapestornado.com\/wp-content\/uploads\/2025\/01\/Cheap-Price-Uwin-Tornado-35k-Puffs-Vape-150x150.jpg 150w, https:\/\/vapestornado.com\/wp-content\/uploads\/2025\/01\/Cheap-Price-Uwin-Tornado-35k-Puffs-Vape-768x768.jpg 768w, https:\/\/vapestornado.com\/wp-content\/uploads\/2025\/01\/Cheap-Price-Uwin-Tornado-35k-Puffs-Vape-600x600.jpg 600w, https:\/\/vapestornado.com\/wp-content\/uploads\/2025\/01\/Cheap-Price-Uwin-Tornado-35k-Puffs-Vape-100x100.jpg 100w\" sizes=\"(max-width: 669px) 100vw, 669px\" \/><figcaption id=\"caption-attachment-3652\" class=\"wp-caption-text\">N\u00edzka cena Uwin Tornado 35k Puffs Vape<\/figcaption><\/figure>\n<\/div>\n<\/div>\n<p><img decoding=\"async\" class=\"alignleft wp-image-2951 size-medium\" src=\"https:\/\/vapestornado.com\/wp-content\/uploads\/2024\/12\/Wholesale-Disposable-Vape-265x300.jpg\" alt=\"Ve\u013ekoobchodn\u00fd Jednorazov\u00fd Vape\" width=\"265\" height=\"300\" srcset=\"https:\/\/vapestornado.com\/wp-content\/uploads\/2024\/12\/Wholesale-Disposable-Vape-265x300.jpg 265w, https:\/\/vapestornado.com\/wp-content\/uploads\/2024\/12\/Wholesale-Disposable-Vape-768x871.jpg 768w, https:\/\/vapestornado.com\/wp-content\/uploads\/2024\/12\/Wholesale-Disposable-Vape-600x680.jpg 600w, https:\/\/vapestornado.com\/wp-content\/uploads\/2024\/12\/Wholesale-Disposable-Vape.jpg 823w\" sizes=\"(max-width: 265px) 100vw, 265px\" \/><\/p>\n<h5>Pre z\u013eavnen\u00fa cenu kontaktujte Mandy na WhatsApp<a href=\"https:\/\/wa.me\/8618077105796\" target=\"_blank\" rel=\"noopener\">+8618077105796<\/a><\/h5>\n<div class=\"flex max-w-full flex-col flex-grow\">\n<div class=\"min-h-8 text-message flex w-full flex-col items-end gap-2 whitespace-normal break-words text-start [.text-message+&amp;]:mt-5\" dir=\"auto\" data-message-author-role=\"assistant\" data-message-id=\"cdb991c0-f594-4bff-b2d5-fbbdd7ce9e54\" data-message-model-slug=\"gpt-4o-mini\">\n<div class=\"flex w-full flex-col gap-1 empty:hidden first:pt-[3px]\">\n<div class=\"markdown prose w-full break-words dark:prose-invert light\"><\/div>\n<\/div>\n<\/div>\n<\/div>\n<div class=\"mb-2 flex gap-3 empty:hidden -ml-2\">\n<h2>UWIN Tornado Vape Music 35000 Puffs K\u013e\u00fa\u010dov\u00e9 vlastnosti:<\/h2>\n<ul>\n<li><strong>Mo\u017enosti nikot\u00ednu<\/strong>: 0%, 2%, 3%, 5% \u2013 Prisp\u00f4soben\u00e9 tak, aby vyhovovali r\u00f4znym preferenci\u00e1m.<\/li>\n<li><strong>Potiahnut\u00ed<\/strong>: 35 000 \u2013 V\u00fdnimo\u010dn\u00e1 \u017eivotnos\u0165 pre nepretr\u017eit\u00fd z\u00e1\u017eitok z vapovania.<\/li>\n<li><strong>Mno\u017estvo v kart\u00f3ne<\/strong>: 160 ks \u2013 Ide\u00e1lne pre ve\u013ekoobchod a distrib\u00faciu vo ve\u013ekom rozsahu.<\/li>\n<li><strong>Pr\u00edchute<\/strong>: 16 \u2013 \u0160irok\u00fd v\u00fdber, ktor\u00fd vyhovuje ka\u017ed\u00e9mu chu\u0165ov\u00e9mu profilu.<\/li>\n<li><strong>Bat\u00e9ria<\/strong>: 650mAh nab\u00edjate\u013en\u00e1 bat\u00e9ria s portom typu C \u2013 Spo\u013eahliv\u00e1 energia s r\u00fdchlym nab\u00edjan\u00edm.<\/li>\n<li><strong>\u017dhaviaca hlava<\/strong>: 1,0-ohmov\u00e1 sie\u0165ovan\u00e1 cievka \u2013 Zabezpe\u010duje hladk\u00fa a konzistentn\u00fa produkciu pary.<\/li>\n<li><strong>Hmotnos\u0165 kart\u00f3nu<\/strong>: 21 kg \u2013 Pevn\u00e9 balenie pre \u013eahk\u00fa manipul\u00e1ciu.<\/li>\n<li><strong>Rozmery kart\u00f3nu<\/strong>: Kompaktn\u00e9 a optimalizovan\u00e9 pre efekt\u00edvne skladovanie a prepravu.<\/li>\n<li><strong>RGB svetl\u00e1<\/strong>: \u017div\u00e9 osvetlenie pre modern\u00fa estetiku.<\/li>\n<li><strong>Dynamick\u00e9 osvetlenie<\/strong>: Svetl\u00e1 sa synchronizuj\u00fa s hudbou a vytv\u00e1raj\u00fa pohlcuj\u00faci z\u00e1\u017eitok z vapovania.<\/li>\n<\/ul>\n<\/div>\n<h2>Pr\u00edchute jednorazov\u00fdch vapov UWIN Tornado Music 35000 Puffs:<\/h2>\n<p>1. \u010cu\u010doriedkov\u00e1 malina<br \/>\n2. Hroznov\u00fd \u013ead<br \/>\n3.Jahoda Vodn\u00fd mel\u00f3n<br \/>\n4. \u010cu\u010doriedka s \u013eadom<br \/>\n5. Mel\u00f3n s \u013eadom<br \/>\n6. \u010cere\u0161\u0148a s \u013eadom<br \/>\n7. Jahoda, malina, \u010dere\u0161\u0148a s \u013eadom<br \/>\n8. Kiwi, mu\u010denka, guava<br \/>\n9. Jahoda s \u013eadom<br \/>\n10. Brosky\u0148a, mango, anan\u00e1s<br \/>\n11. \u010cu\u010doriedka, \u010dere\u0161\u0148a, brusnica<br \/>\n12.Brosky\u0148a Bobule<br \/>\n13. \u010cere\u0161\u0148ov\u00e1 kola<br \/>\n14. Zmie\u0161an\u00e9 bobule<br \/>\n15. P\u00e1n Modr\u00fd<br \/>\n16. Letn\u00e1 brosky\u0148ov\u00e1 \u013eadov\u00e1 trie\u0161\u0165<\/p>\n<div role=\"article\" data-tabster=\"{&quot;groupper&quot;:{&quot;tabbability&quot;:2},&quot;focusable&quot;:{}}\" data-content=\"ai-message\" aria-labelledby=\"dARUyEWDoEYhnSPXFwx5A-author dARUyEWDoEYhnSPXFwx5A-content\">\n<div id=\"dARUyEWDoEYhnSPXFwx5A-content\">\n<h2>Pre\u010do si vybra\u0165 vapy UWIN Tornado Music 35000 Puff <strong>\u00a0<\/strong>at <a href=\"https:\/\/vapestornado.com\/sk\/product\/bang-box-35k-puffs-high-capacity-long-lasting-disposable-vape\/\">vapestornado.com?<\/a><\/h2>\n<ul>\n<li><strong>Bezkonkuren\u010dn\u00e1 kapacita potiahnut\u00ed<\/strong>: 35 000 po\u0165ahov na zariadenie zaru\u010duje v\u00fdnimo\u010dn\u00fa hodnotu a dlh\u00fa \u017eivotnos\u0165, \u010do pri\u0165ahuje viac z\u00e1kazn\u00edkov.<\/li>\n<li><strong>Inovat\u00edvny dizajn<\/strong>: Vybaven\u00e9 RGB svetlami, ktor\u00e9 sa synchronizuj\u00fa s hudbou, poskytuj\u00fac jedine\u010dn\u00fd a pohlcuj\u00faci z\u00e1\u017eitok z vapovania, ktor\u00fd vynik\u00e1 na trhu.<\/li>\n<li><strong>Vysokokvalitn\u00e9 komponenty<\/strong>: Obsahuje 650mAh nab\u00edjate\u013en\u00fa bat\u00e9riu, port Type-C a 1,0-ohmov\u00fa sie\u0165ov\u00fa cievku pre konzistentn\u00fd a spo\u013eahliv\u00fd v\u00fdkon.<\/li>\n<li><strong>R\u00f4znorodos\u0165 pr\u00edchut\u00ed<\/strong>: So 16 r\u00f4znymi pr\u00edchu\u0165ami m\u00f4\u017eu z\u00e1kazn\u00edci objavova\u0165 \u0161irok\u00fa \u0161k\u00e1lu chut\u00ed, \u010do zais\u0165uje opakovan\u00fd n\u00e1kup.<\/li>\n<li><strong>Balenie vhodn\u00e9 pre ve\u013ekoobchod<\/strong>: Ka\u017ed\u00fd kart\u00f3n obsahuje 160 kusov, \u010do je ide\u00e1lne pre ve\u013ekoobchodn\u00e9 a maloobchodn\u00e9 prev\u00e1dzky.<\/li>\n<li><strong>Konkuren\u010dn\u00e9 ceny<\/strong>: vapestornado.com pon\u00faka \u0161pi\u010dkov\u00e9 ve\u013ekoobchodn\u00e9 ceny na maximaliz\u00e1ciu va\u0161ich ziskov\u00fdch mar\u017e\u00ed.<\/li>\n<li><strong>D\u00f4veryhodn\u00fd dod\u00e1vate\u013e<\/strong>: So z\u00e1v\u00e4zkom ku kvalite a spo\u013eahliv\u00fdm dod\u00e1vkam je vapestornado.com partner, ktor\u00e9mu m\u00f4\u017eete d\u00f4verova\u0165 pri raste v\u00e1\u0161ho podnikania.<\/li>\n<\/ul>\n<\/div>\n<\/div>\n<h2>\u010casto kladen\u00e9 ot\u00e1zky o UWIN Tornado Vape Music 35000 Puffs Vape Pods<\/h2>\n<ul>\n<li><strong>\u010c\u00edm je UWIN 35k puffs Tornado Vape Music jedine\u010dn\u00fd?<\/strong><br \/>\nUWIN Tornado vynik\u00e1 svojimi <strong>Kapacita 35 000 potiahnut\u00ed<\/strong>, RGB svetlami, ktor\u00e9 sa synchronizuj\u00fa s hudbou, a \u0161irokou \u0161k\u00e1lou <strong>16 pr\u00e9miov\u00fdch pr\u00edchut\u00ed<\/strong>, ktor\u00e9 pon\u00fakaj\u00fa \u0161t\u00fdlov\u00fd a pohlcuj\u00faci z\u00e1\u017eitok z vapovania.<\/li>\n<li><strong>Ak\u00fd typ \u017ehaviacej hlavy pou\u017e\u00edva UWIN Tornado Vape Music 35k puff?<\/strong><br \/>\nUWIN Tornado obsahuje <strong>1,0-ohmov\u00e1 sie\u0165ov\u00e1 cievka<\/strong>, \u010do zais\u0165uje hladk\u00fa, pln\u00fa chu\u0165 a konzistentn\u00fa produkciu pary pri ka\u017edom po\u0165ahu.<\/li>\n<li><strong>Ako funguj\u00fa RGB svetl\u00e1?<\/strong><br \/>\nRGB svetl\u00e1 zariadenia s\u00fa dynamick\u00e9 a bij\u00fa do rytmu hudby, \u010d\u00edm vytv\u00e1raj\u00fa vizu\u00e1lne p\u00fatav\u00fd z\u00e1\u017eitok, ktor\u00fd dop\u013a\u0148a jeho modern\u00fd dizajn.<\/li>\n<li><strong>Pre\u010do by som si mal vybra\u0165 UWIN Tornado Vapes 35000 Puffs namiesto in\u00fdch jednorazov\u00fdch vapov?<\/strong><br \/>\nUWIN Tornado kombinuje pr\u00e9miov\u00fa kvalitu, inovat\u00edvne funkcie a bezkonkuren\u010dn\u00fa kapacitu po\u0165ahov, \u010do z neho rob\u00ed \u0161pi\u010dkov\u00fa vo\u013ebu na trhu s luxusn\u00fdmi vapmi.<\/li>\n<\/ul>","protected":false},"excerpt":{"rendered":"<p><strong>UWIN Tornado Vape Music 35000 \u0165ahov<\/strong>, ktor\u00fd men\u00ed pravidl\u00e1 vo svete jednorazov\u00fdch elektronick\u00fdch cigariet. V\u010faka dynamick\u00fdm LED svetl\u00e1m synchronizovan\u00fdm s hudbou, obrovskej kapacite 35 000 \u0165ahov a nab\u00edjate\u013en\u00e9mu dizajnu typu C tento vape sp\u00e1ja inov\u00e1ciu so \u0161t\u00fdlom. Ide\u00e1lny pre ve\u013ekoobchodn\u00edkov, ktor\u00ed h\u013eadaj\u00fa pr\u00e9miov\u00e9, vysokov\u00fdkonn\u00e9 zariadenia za konkurencieschopn\u00e9 ceny.<\/p>\n<figure id=\"attachment_2951\" aria-describedby=\"caption-attachment-2951\" style=\"width: 265px\" class=\"wp-caption alignnone\"><img decoding=\"async\" class=\"size-medium wp-image-2951\" src=\"https:\/\/vapestornado.com\/wp-content\/uploads\/2024\/12\/Wholesale-Disposable-Vape-265x300.jpg\" alt=\"Ve\u013ekoobchodn\u00fd Jednorazov\u00fd Vape\" width=\"265\" height=\"300\" srcset=\"https:\/\/vapestornado.com\/wp-content\/uploads\/2024\/12\/Wholesale-Disposable-Vape-265x300.jpg 265w, https:\/\/vapestornado.com\/wp-content\/uploads\/2024\/12\/Wholesale-Disposable-Vape-768x871.jpg 768w, https:\/\/vapestornado.com\/wp-content\/uploads\/2024\/12\/Wholesale-Disposable-Vape-600x680.jpg 600w, https:\/\/vapestornado.com\/wp-content\/uploads\/2024\/12\/Wholesale-Disposable-Vape.jpg 823w\" sizes=\"(max-width: 265px) 100vw, 265px\" \/><figcaption id=\"caption-attachment-2951\" class=\"wp-caption-text\">Pre z\u013eavnen\u00fa cenu kontaktujte Mandy na WhatsApp\u00a0 <a href=\"https:\/\/wa.me\/8618077105796\">+8618077105796<\/a><\/figcaption><\/figure>\n<p>&nbsp;<\/p>","protected":false},"featured_media":3654,"comment_status":"open","ping_status":"closed","template":"","meta":{"_acf_changed":false,"_uag_custom_page_level_css":"","_lmt_disableupdate":"no","_lmt_disable":"","_monsterinsights_skip_tracking":false,"_monsterinsights_sitenote_active":false,"_monsterinsights_sitenote_note":"","_monsterinsights_sitenote_category":0,"site-sidebar-layout":"default","site-content-layout":"","ast-site-content-layout":"default","site-content-style":"default","site-sidebar-style":"default","ast-global-header-display":"","ast-banner-title-visibility":"","ast-main-header-display":"","ast-hfb-above-header-display":"","ast-hfb-below-header-display":"","ast-hfb-mobile-header-display":"","site-post-title":"","ast-breadcrumbs-content":"","ast-featured-img":"","footer-sml-layout":"","ast-disable-related-posts":"","theme-transparent-header-meta":"default","adv-header-id-meta":"","stick-header-meta":"","header-above-stick-meta":"","header-main-stick-meta":"","header-below-stick-meta":"","astra-migrate-meta-layouts":"set","ast-page-background-enabled":"default","ast-page-background-meta":{"desktop":{"background-color":"","background-image":"","background-repeat":"repeat","background-position":"center center","background-size":"auto","background-attachment":"scroll","background-type":"","background-media":"","overlay-type":"","overlay-color":"","overlay-opacity":"","overlay-gradient":""},"tablet":{"background-color":"","background-image":"","background-repeat":"repeat","background-position":"center center","background-size":"auto","background-attachment":"scroll","background-type":"","background-media":"","overlay-type":"","overlay-color":"","overlay-opacity":"","overlay-gradient":""},"mobile":{"background-color":"","background-image":"","background-repeat":"repeat","background-position":"center center","background-size":"auto","background-attachment":"scroll","background-type":"","background-media":"","overlay-type":"","overlay-color":"","overlay-opacity":"","overlay-gradient":""}},"ast-content-background-meta":{"desktop":{"background-color":"var(--ast-global-color-5)","background-image":"","background-repeat":"repeat","background-position":"center center","background-size":"auto","background-attachment":"scroll","background-type":"","background-media":"","overlay-type":"","overlay-color":"","overlay-opacity":"","overlay-gradient":""},"tablet":{"background-color":"var(--ast-global-color-5)","background-image":"","background-repeat":"repeat","background-position":"center center","background-size":"auto","background-attachment":"scroll","background-type":"","background-media":"","overlay-type":"","overlay-color":"","overlay-opacity":"","overlay-gradient":""},"mobile":{"background-color":"var(--ast-global-color-5)","background-image":"","background-repeat":"repeat","background-position":"center center","background-size":"auto","background-attachment":"scroll","background-type":"","background-media":"","overlay-type":"","overlay-color":"","overlay-opacity":"","overlay-gradient":""}},"_joinchat":{"telephone":"+8618077105796"}},"product_brand":[],"product_cat":[175,140,150,157,233],"product_tag":[97,133],"class_list":{"0":"post-3631","1":"product","2":"type-product","3":"status-publish","4":"has-post-thumbnail","6":"product_cat-35000-puff","7":"product_cat-big-puffs-disposable-vapes","8":"product_cat-buy-disposable-vapes-in-belgium","9":"product_cat-buy-disposable-vapes-in-portugal","10":"product_cat-uwin-vape","11":"product_tag-hot-sale-disposable-vape","12":"product_tag-uwin-tornado-35000","13":"desktop-align-left","14":"tablet-align-left","15":"mobile-align-left","17":"first","18":"instock","19":"sale","20":"shipping-taxable","21":"purchasable","22":"product-type-simple"},"acf":[],"uagb_featured_image_src":{"full":["https:\/\/vapestornado.com\/wp-content\/uploads\/2025\/01\/Good-Sale-Uwin-Tornado-35k-Puffs-Disposable-Vape.jpg",800,800,false],"thumbnail":["https:\/\/vapestornado.com\/wp-content\/uploads\/2025\/01\/Good-Sale-Uwin-Tornado-35k-Puffs-Disposable-Vape-150x150.jpg",150,150,true],"medium":["https:\/\/vapestornado.com\/wp-content\/uploads\/2025\/01\/Good-Sale-Uwin-Tornado-35k-Puffs-Disposable-Vape-300x300.jpg",300,300,true],"medium_large":["https:\/\/vapestornado.com\/wp-content\/uploads\/2025\/01\/Good-Sale-Uwin-Tornado-35k-Puffs-Disposable-Vape-768x768.jpg",768,768,true],"large":["https:\/\/vapestornado.com\/wp-content\/uploads\/2025\/01\/Good-Sale-Uwin-Tornado-35k-Puffs-Disposable-Vape.jpg",800,800,false],"1536x1536":["https:\/\/vapestornado.com\/wp-content\/uploads\/2025\/01\/Good-Sale-Uwin-Tornado-35k-Puffs-Disposable-Vape.jpg",800,800,false],"2048x2048":["https:\/\/vapestornado.com\/wp-content\/uploads\/2025\/01\/Good-Sale-Uwin-Tornado-35k-Puffs-Disposable-Vape.jpg",800,800,false],"trp-custom-language-flag":["https:\/\/vapestornado.com\/wp-content\/uploads\/2025\/01\/Good-Sale-Uwin-Tornado-35k-Puffs-Disposable-Vape.jpg",12,12,false],"woocommerce_thumbnail":["https:\/\/vapestornado.com\/wp-content\/uploads\/2025\/01\/Good-Sale-Uwin-Tornado-35k-Puffs-Disposable-Vape-300x300.jpg",300,300,true],"woocommerce_single":["https:\/\/vapestornado.com\/wp-content\/uploads\/2025\/01\/Good-Sale-Uwin-Tornado-35k-Puffs-Disposable-Vape-600x600.jpg",600,600,true],"woocommerce_gallery_thumbnail":["https:\/\/vapestornado.com\/wp-content\/uploads\/2025\/01\/Good-Sale-Uwin-Tornado-35k-Puffs-Disposable-Vape-100x100.jpg",100,100,true]},"uagb_author_info":{"display_name":"ESMANDY","author_link":"https:\/\/vapestornado.com\/sk\/author\/"},"uagb_comment_info":0,"uagb_excerpt":"UWIN Tornado Vape Music 35000 Puffs, a game-changer in disposable vaping. With its dynamic music-synced LED lights, massive 35,000 puffs capacity, and rechargeable Type-C design, this vape blends innovation with style. Perfect for wholesalers seeking premium, high-performance devices at competitive prices. [caption id=\"attachment_2951\" align=\"alignnone\" width=\"265\"] Pls Contact Mandy's WhatsApp For Discount Price\u00a0 +8618077105796[\/caption] &nbsp;","_links":{"self":[{"href":"https:\/\/vapestornado.com\/sk\/wp-json\/wp\/v2\/product\/3631","targetHints":{"allow":["GET"]}}],"collection":[{"href":"https:\/\/vapestornado.com\/sk\/wp-json\/wp\/v2\/product"}],"about":[{"href":"https:\/\/vapestornado.com\/sk\/wp-json\/wp\/v2\/types\/product"}],"replies":[{"embeddable":true,"href":"https:\/\/vapestornado.com\/sk\/wp-json\/wp\/v2\/comments?post=3631"}],"wp:featuredmedia":[{"embeddable":true,"href":"https:\/\/vapestornado.com\/sk\/wp-json\/wp\/v2\/media\/3654"}],"wp:attachment":[{"href":"https:\/\/vapestornado.com\/sk\/wp-json\/wp\/v2\/media?parent=3631"}],"wp:term":[{"taxonomy":"product_brand","embeddable":true,"href":"https:\/\/vapestornado.com\/sk\/wp-json\/wp\/v2\/product_brand?post=3631"},{"taxonomy":"product_cat","embeddable":true,"href":"https:\/\/vapestornado.com\/sk\/wp-json\/wp\/v2\/product_cat?post=3631"},{"taxonomy":"product_tag","embeddable":true,"href":"https:\/\/vapestornado.com\/sk\/wp-json\/wp\/v2\/product_tag?post=3631"}],"curies":[{"name":"wp","href":"https:\/\/api.w.org\/{rel}","templated":true}]}}