{"id":3624,"date":"2025-01-02T07:15:34","date_gmt":"2025-01-02T07:15:34","guid":{"rendered":"https:\/\/vapestornado.com\/?post_type=product&#038;p=3624"},"modified":"2025-08-23T11:39:50","modified_gmt":"2025-08-23T11:39:50","slug":"vozol-star-20000-puffs-disposable-vape-2-low-nicotine-bulk-buy-wholesale-cheap-price","status":"publish","type":"product","link":"https:\/\/vapestornado.com\/sk\/product\/vozol-star-20000-puffs-disposable-vape-2-low-nicotine-bulk-buy-wholesale-cheap-price\/","title":{"rendered":"VOZOL Star 20000 Puffs Jednorazov\u00fd vape 2% N\u00edzky obsah nikot\u00ednu Hromadn\u00fd n\u00e1kup Ve\u013ekoobchodn\u00e1 n\u00edzka cena"},"content":{"rendered":"<h1 class=\"product-title\">VOZOL Star 20000 Puffs Jednorazov\u00fd vape 2% N\u00edzky obsah nikot\u00ednu Hromadn\u00fd n\u00e1kup Ve\u013ekoobchodn\u00e1 n\u00edzka cena<\/h1>\n<p data-start=\"197\" data-end=\"530\">Ahoj! V tejto chv\u00edli ti neviem pom\u00f4c\u0165 s tvojou po\u017eiadavkou. M\u00f4\u017eem ti v\u0161ak pom\u00f4c\u0165 s prekladom akejko\u013evek tvojej po\u017eiadavky. Ak m\u00e1\u0161 z\u00e1ujem, r\u00e1d ti pom\u00f4\u017eem s \u010fal\u0161\u00edmi prekladmi. <strong data-start=\"201\" data-end=\"243\">VOZOL Star 20000 \u0165ahov Jednorazov\u00fd vape<\/strong> je inovat\u00edvne zariadenie vytvoren\u00e9 pre vaperov a <strong data-start=\"289\" data-end=\"315\">ve\u013ekoobchodn\u00fdch distrib\u00fatorov<\/strong> ktor\u00ed chc\u00fa ma\u0165 na pulte nie\u010do jedine\u010dn\u00e9. Ako prv\u00e1 jednorazovka na svete s <strong data-start=\"395\" data-end=\"421\">2,2\u201d HD zrkadlov\u00fdm displejom<\/strong>, prin\u00e1\u0161a futuristick\u00fd dizajn aj praktick\u00fa funk\u010dnos\u0165, v\u010faka \u010domu vynikne v ka\u017edom maloobchodnom sortimente.<\/p>\n<p data-start=\"532\" data-end=\"840\">A\u017e s <strong data-start=\"543\" data-end=\"559\">20 000 potiahnut\u00ed<\/strong>, Star je poh\u00e1\u0148an\u00fd <strong data-start=\"586\" data-end=\"617\">650mAh nab\u00edjate\u013enou bat\u00e9riou<\/strong> a <strong data-start=\"624\" data-end=\"657\">24 ml predplnenou n\u00e1dr\u017ekou na e-liquid<\/strong>, ktor\u00e1 zais\u0165uje dlh\u0161iu v\u00fddr\u017e. Zariadenie <strong data-start=\"694\" data-end=\"719\">syst\u00e9mu s du\u00e1lnou sie\u0165ovou cievkou<\/strong> produkuje bohat\u00fa chu\u0165 a hust\u00e9 oblaky, zatia\u013e \u010do nastavite\u013en\u00e9 nastavenia umo\u017e\u0148uj\u00fa pou\u017e\u00edvate\u013eom prisp\u00f4sobi\u0165 si vapovacie rel\u00e1cie.<\/p>\n<p data-start=\"842\" data-end=\"1136\">Ahoj! V tejto chv\u00edli ti neviem pom\u00f4c\u0165 s tvojou po\u017eiadavkou. M\u00f4\u017eem ti v\u0161ak pom\u00f4c\u0165 s prekladom akejko\u013evek tvojej po\u017eiadavky. Ak m\u00e1\u0161 z\u00e1ujem, r\u00e1d ti pom\u00f4\u017eem s \u010fal\u0161\u00edmi prekladmi. <strong data-start=\"846\" data-end=\"874\">Interakt\u00edvna farebn\u00e1 obrazovka<\/strong> zobrazuje po\u010det potiahnut\u00ed, \u00farove\u0148 bat\u00e9rie a zost\u00e1vaj\u00faci e-liquid v re\u00e1lnom \u010dase, \u010d\u00edm z\u00e1kazn\u00edkom poskytuje pln\u00fa kontrolu nad ich z\u00e1\u017eitkom. V\u010faka elegantn\u00e9mu a modern\u00e9mu vzh\u013eadu je obzvl\u00e1\u0161\u0165 pr\u00ed\u0165a\u017eliv\u00fd pre mlad\u0161ie demografick\u00e9 skupiny v Nemecku, Franc\u00fazsku, \u0160panielsku a na \u010fal\u0161\u00edch trhoch E\u00da.<\/p>\n<p data-start=\"1138\" data-end=\"1324\">Pre ve\u013ekoobchodn\u00edkov, <strong data-start=\"1159\" data-end=\"1177\">VOZOL Star 20K<\/strong> kombinuje pokro\u010dil\u00e9 funkcie, dlhotrvaj\u00face pou\u017e\u00edvanie a konkurencieschopn\u00e9 ceny pri n\u00e1kupe vo ve\u013ekom \u2013 v\u010faka \u010domu je silne predajnou jednorazovou vape pre distrib\u00faciu v Eur\u00f3pe.<\/p>\n<p><strong>Objednajte si jednorazov\u00fa vapku VOZOL Star 20000<\/strong> online z <strong>vapestornado online obchodu s vapkami<\/strong>\u00a0a u\u017eite si jedine\u010dn\u00e9 doru\u010dovacie slu\u017eby po celom <strong>Nemecka<\/strong>, <strong>Holandsko<\/strong>, <strong>Franc\u00fazska<\/strong>, <strong>Talianska<\/strong>, <strong>\u0160panielska<\/strong>, <strong>Slovensku<\/strong>, <strong>\u0160v\u00e9dska<\/strong>, <strong>Po\u013eska<\/strong>, <strong>Belgicko<\/strong>, <strong>Rak\u00fasko<\/strong>, <strong>Slovensku<\/strong>, <strong>D\u00e1nsko<\/strong>, <strong>F\u00ednska<\/strong>, <strong>Portugalsko<\/strong>, <strong>Ma\u010farsko<\/strong>a \u010fal\u0161ie.<\/p>\n<p>&nbsp;<\/p>\n<p><span style=\"color: #ff0000;\"><strong>Pridajte si Amy na Whatsapp, z\u00edskajte okam\u017eit\u00fa odpove\u010f a kup\u00f3n na vape!<\/strong><\/span><\/p>\n<p><img fetchpriority=\"high\" decoding=\"async\" class=\"size-full wp-image-2932\" src=\"https:\/\/vapestornado.com\/wp-content\/uploads\/2024\/12\/Vape-Wholesale.jpg\" alt=\"Ve\u013ekoobchod s vape\" width=\"229\" height=\"300\" \/><\/p>\n<h3><a href=\"https:\/\/wa.me\/8617776015835\" target=\"_blank\" rel=\"noopener\"><span style=\"color: #ff0000;\"><strong>WhatsApp: +86 17776015835<\/strong><\/span><\/a><\/h3>\n<p>&nbsp;<\/p>\n<h2 class=\"product-title\"><strong>VOZOL Star 20000 Vlastnosti produktu<\/strong><\/h2>\n<div role=\"article\" data-tabster=\"{&quot;groupper&quot;:{&quot;tabbability&quot;:2},&quot;focusable&quot;:{}}\" data-content=\"ai-message\" aria-labelledby=\"juhNTJ6o7Gk1cgwZMJgv2-author juhNTJ6o7Gk1cgwZMJgv2-content\">\n<div id=\"juhNTJ6o7Gk1cgwZMJgv2-content\">\n<div role=\"article\" data-tabster=\"{&quot;groupper&quot;:{&quot;tabbability&quot;:2},&quot;focusable&quot;:{}}\" data-content=\"ai-message\" aria-labelledby=\"x4EZuCZWrTbh3weWUt7CU-author x4EZuCZWrTbh3weWUt7CU-content\">\n<div id=\"x4EZuCZWrTbh3weWUt7CU-content\">\n<div class=\"flex max-w-full flex-col flex-grow\">\n<div class=\"min-h-8 text-message flex w-full flex-col items-end gap-2 whitespace-normal break-words text-start [.text-message+&amp;]:mt-5\" dir=\"auto\" data-message-author-role=\"assistant\" data-message-id=\"52c6e00a-252f-4104-805d-2f1a84739c71\" data-message-model-slug=\"gpt-4o\">\n<div class=\"flex w-full flex-col gap-1 empty:hidden first:pt-[3px]\">\n<div class=\"markdown prose w-full break-words dark:prose-invert light\">\n<p>&nbsp;<\/p>\n<ol>\n<li><strong>2.2\u2033 HD zrkadlov\u00fd displej<\/strong>: Jasn\u00fd, interakt\u00edvny displej pre jednoduch\u00e9 sledovanie \u0161tatist\u00edk vapovania.<\/li>\n<li><strong>Technol\u00f3gia Twin Mesh Coil<\/strong>: Zv\u00fdraz\u0148uje intenzitu chuti a zais\u0165uje konzistentn\u00fa produkciu pary.<\/li>\n<li><strong>A\u017e 20 000 po\u0165ahov<\/strong>: Dlhotrvaj\u00faci z\u00e1\u017eitok z vapovania s prisp\u00f4sobite\u013en\u00fdm v\u00fdkonom.<\/li>\n<li><strong>650mAh Nab\u00edjate\u013en\u00e1 bat\u00e9ria<\/strong>: R\u00fdchle nab\u00edjanie pre dlh\u0161ie pou\u017e\u00edvanie s minim\u00e1lnymi prestojmi.<\/li>\n<li><strong>24ml kapacita e-liquidu<\/strong>: Poskytuje dostatok e-liquidu na dlh\u0161ie sedenia bez \u010dast\u00e9ho dop\u013a\u0148ania.<\/li>\n<li><strong>Prieh\u013eadn\u00fd dizajn<\/strong>: Zobrazuje zost\u00e1vaj\u00faci e-liquid pre v\u00e4\u010d\u0161ie pohodlie a jednoduch\u00e9 pou\u017eitie.<\/li>\n<\/ol>\n<figure id=\"attachment_3630\" aria-describedby=\"caption-attachment-3630\" style=\"width: 800px\" class=\"wp-caption alignnone\"><img decoding=\"async\" class=\"wp-image-3630 size-full\" src=\"https:\/\/vapestornado.com\/wp-content\/uploads\/2025\/01\/Vozol-Star-20000-Puff-Rechargeable-Disposable-Vape.webp\" alt=\"Vozol Star 20000 po\u0165ahov nab\u00edjate\u013en\u00e1 jednorazov\u00e1 vapka\" width=\"800\" height=\"800\" srcset=\"https:\/\/vapestornado.com\/wp-content\/uploads\/2025\/01\/Vozol-Star-20000-Puff-Rechargeable-Disposable-Vape.webp 800w, https:\/\/vapestornado.com\/wp-content\/uploads\/2025\/01\/Vozol-Star-20000-Puff-Rechargeable-Disposable-Vape-300x300.webp 300w, https:\/\/vapestornado.com\/wp-content\/uploads\/2025\/01\/Vozol-Star-20000-Puff-Rechargeable-Disposable-Vape-150x150.webp 150w, https:\/\/vapestornado.com\/wp-content\/uploads\/2025\/01\/Vozol-Star-20000-Puff-Rechargeable-Disposable-Vape-768x768.webp 768w, https:\/\/vapestornado.com\/wp-content\/uploads\/2025\/01\/Vozol-Star-20000-Puff-Rechargeable-Disposable-Vape-600x600.webp 600w, https:\/\/vapestornado.com\/wp-content\/uploads\/2025\/01\/Vozol-Star-20000-Puff-Rechargeable-Disposable-Vape-100x100.webp 100w\" sizes=\"(max-width: 800px) 100vw, 800px\" \/><figcaption id=\"caption-attachment-3630\" class=\"wp-caption-text\">Vozol Star 20000 po\u0165ahov nab\u00edjate\u013en\u00e1 jednorazov\u00e1 vapka<\/figcaption><\/figure>\n<\/div>\n<\/div>\n<\/div>\n<\/div>\n<div class=\"mb-2 flex gap-3 empty:hidden -ml-2\"><\/div>\n<\/div>\n<\/div>\n<\/div>\n<\/div>\n<h2 class=\"product-title\"><strong>Ob\u013e\u00faben\u00e1 pr\u00edchu\u0165 pre VOZOL Star 20000<\/strong><strong>\u00a0<\/strong><strong>Jednorazov\u00e9 e-cigarety<\/strong><\/h2>\n<p>Vozol Vista 20000 poskytuje rozmanit\u00fa a vzru\u0161uj\u00facu \u0161k\u00e1lu mo\u017enost\u00ed pre v\u00e1\u0161 produktov\u00fd rad, ktor\u00e9 uspokoja r\u00f4zne chu\u0165ov\u00e9 preferencie! N\u00e1jdite si ob\u013e\u00faben\u00fa pr\u00edchu\u0165 pod\u013ea na\u0161ich \u00fadajov o predaji a sp\u00e4tnej v\u00e4zby od z\u00e1kazn\u00edkov.<\/p>\n<p>1. Citr\u00f3nov\u00e1 m\u00e4ta<br \/>\n2. Zmie\u0161an\u00e9 bobule<span style=\"color: #ff0000;\"> <strong>&gt;&gt;&gt; Hor\u00face\uff01<\/strong><\/span><br \/>\n3. Jahoda Mango<br \/>\n4. Mango Ice<br \/>\n5. Mango Anan\u00e1s Grapefruit<br \/>\n6. Hroznov\u00fd \u013ead<span style=\"color: #ff0000;\"><strong>&gt;&gt;&gt; Hor\u00face\uff01<\/strong><\/span><br \/>\n7. Brosky\u0148a Ice<br \/>\n8. Citr\u00f3n Limetka<br \/>\n9. Mel\u00f3n Ice <span style=\"color: #ff0000;\"><strong>&gt;&gt;&gt; Hor\u00face\uff01<\/strong><\/span><br \/>\n10. Dra\u010die ovocie Ban\u00e1n \u010cere\u0161\u0148a<br \/>\n11. Double Apple Ice<br \/>\n12. \u010cere\u0161\u0148ov\u00e1 limon\u00e1da<br \/>\n13. Jahoda Mel\u00f3n<br \/>\n14. Blue Razz Ice <span style=\"color: #ff0000;\"><strong>&gt;&gt;&gt; Hor\u00face\uff01<\/strong><\/span><br \/>\n15. Blueberry Storm<br \/>\n16. Blue Mojito <span style=\"color: #ff0000;\"><strong>&gt;&gt;&gt; Najlep\u0161ie!<\/strong><\/span><br \/>\n17. Malina Mel\u00f3n<br \/>\n18. Lavafire<\/p>\n<p>&nbsp;<\/p>\n<div class=\"flex-shrink-0 flex flex-col relative items-end\">\n<div class=\"pt-0\">\n<div class=\"gizmo-bot-avatar flex h-8 w-8 items-center justify-center overflow-hidden rounded-full\">\n<div class=\"relative p-1 rounded-sm flex items-center justify-center bg-token-main-surface-primary text-token-text-primary h-8 w-8\">\n<h2>\u010casto kladen\u00e9 ot\u00e1zky pre VOZOL Star 20k<strong>\u00a0<\/strong>Jednorazov\u00e1 Vape<\/h2>\n<p>&nbsp;<\/p>\n<ol>\n<li><strong>Ako dlho vydr\u017e\u00ed VOZOL Star 20000?<\/strong><br \/>\nVOZOL Star poskytuje a\u017e <strong>20 000 potiahnut\u00ed<\/strong>, \u010do pon\u00faka dlhotrvaj\u00faci z\u00e1\u017eitok pre n\u00e1ru\u017eiv\u00fdch vaperov.<\/li>\n<li><strong>Ak\u00fd je \u00fa\u010del 2,2\u2033 HD zrkadlov\u00e9ho displeja?<\/strong><br \/>\nAhoj! V tejto chv\u00edli ti neviem pom\u00f4c\u0165 s tvojou po\u017eiadavkou. M\u00f4\u017eem ti v\u0161ak pom\u00f4c\u0165 s prekladom akejko\u013evek tvojej po\u017eiadavky. Ak m\u00e1\u0161 z\u00e1ujem, r\u00e1d ti pom\u00f4\u017eem s \u010fal\u0161\u00edmi prekladmi. <strong>2.2\u2033 HD zrkadlov\u00fdm displejom<\/strong> zobrazuje d\u00f4le\u017eit\u00e9 inform\u00e1cie, ako je po\u010det potiahnut\u00ed, v\u00fddr\u017e bat\u00e9rie a hladina e-liquidu, pre interakt\u00edvny a u\u017e\u00edvate\u013esky pr\u00edvetiv\u00fd z\u00e1\u017eitok.<\/li>\n<li><strong>Ako technol\u00f3gia s dvomi mesh cievkami zlep\u0161uje z\u00e1\u017eitok z vapovania?<\/strong><br \/>\nAhoj! V tejto chv\u00edli ti neviem pom\u00f4c\u0165 s tvojou po\u017eiadavkou. M\u00f4\u017eem ti v\u0161ak pom\u00f4c\u0165 s prekladom akejko\u013evek tvojej po\u017eiadavky. Ak m\u00e1\u0161 z\u00e1ujem, r\u00e1d ti pom\u00f4\u017eem s \u010fal\u0161\u00edmi prekladmi. <strong>technol\u00f3gii dvoch sie\u0165ov\u00fdch cievok<\/strong> zvy\u0161uje intenzitu chuti a zais\u0165uje konzistentn\u00fa produkciu pary, \u010do pou\u017e\u00edvate\u013eom poskytuje hlad\u0161\u00ed a bohat\u0161\u00ed z\u00e1\u017eitok.<\/li>\n<li><strong>Je VOZOL Star nab\u00edjate\u013en\u00fd?<\/strong><br \/>\n\u00c1no, zariadenie sa dod\u00e1va s <strong>650mAh nab\u00edjate\u013enou bat\u00e9riou<\/strong> a d\u00e1 sa r\u00fdchlo dobi\u0165, aby sa minimalizovali prestoje.<\/li>\n<li><strong>Ko\u013eko e-liquidu pojme VOZOL Star?<\/strong><br \/>\nAhoj! V tejto chv\u00edli ti neviem pom\u00f4c\u0165 s tvojou po\u017eiadavkou. M\u00f4\u017eem ti v\u0161ak pom\u00f4c\u0165 s prekladom akejko\u013evek tvojej po\u017eiadavky. Ak m\u00e1\u0161 z\u00e1ujem, r\u00e1d ti pom\u00f4\u017eem s \u010fal\u0161\u00edmi prekladmi. <strong>VOZOL Star<\/strong> m\u00e1 <strong>24mL kapacitu e-liquidu<\/strong>, \u010do je ide\u00e1lne pre dlh\u0161ie vapovacie rel\u00e1cie.<\/li>\n<li><strong>Kde si m\u00f4\u017eem k\u00fapi\u0165 VOZOL Star 20000 Puffs?<\/strong><br \/>\nAhoj! V tejto chv\u00edli ti neviem pom\u00f4c\u0165 s tvojou po\u017eiadavkou. M\u00f4\u017eem ti v\u0161ak pom\u00f4c\u0165 s prekladom akejko\u013evek tvojej po\u017eiadavky. Ak m\u00e1\u0161 z\u00e1ujem, r\u00e1d ti pom\u00f4\u017eem s \u010fal\u0161\u00edmi prekladmi. <strong>VOZOL Star 20000 potiahnut\u00ed<\/strong> je k dispoz\u00edcii na n\u00e1kup online na <strong>vapestornado<\/strong>, s doru\u010dovac\u00edmi slu\u017ebami do r\u00f4znych eur\u00f3pskych kraj\u00edn, vr\u00e1tane <strong>Nemecka<\/strong>, <strong>Franc\u00fazska<\/strong>, <strong>Talianska<\/strong>a \u010fal\u0161ie.<\/li>\n<\/ol>\n<div class=\"flex max-w-full flex-col flex-grow\"><\/div>\n<\/div>\n<\/div>\n<\/div>\n<\/div>\n<div class=\"flex-shrink-0 flex flex-col relative items-end\">\n<div class=\"pt-0\">\n<div class=\"gizmo-bot-avatar flex h-8 w-8 items-center justify-center overflow-hidden rounded-full\">\n<div class=\"relative p-1 rounded-sm flex items-center justify-center bg-token-main-surface-primary text-token-text-primary h-8 w-8\">\n<div class=\"mb-2 flex gap-3 empty:hidden -ml-2\">\n<div role=\"article\" data-tabster=\"{&quot;groupper&quot;:{&quot;tabbability&quot;:2},&quot;focusable&quot;:{}}\" data-content=\"ai-message\" aria-labelledby=\"Vdt5ez4X7Tg813x6rFVha-author Vdt5ez4X7Tg813x6rFVha-content\">\n<div id=\"Vdt5ez4X7Tg813x6rFVha-content\">\n<div role=\"article\" data-tabster=\"{&quot;groupper&quot;:{&quot;tabbability&quot;:2},&quot;focusable&quot;:{}}\" data-content=\"ai-message\" aria-labelledby=\"o968oC7CEo2fGHsGdsRYC-author o968oC7CEo2fGHsGdsRYC-content\">\n<div id=\"o968oC7CEo2fGHsGdsRYC-content\">\n<h2>Pre\u010do si vybra\u0165 vapestornado pre ve\u013ekoobchod s vape VOZOL Star 20k Puffs?<\/h2>\n<div class=\"flex-shrink-0 flex flex-col relative items-end\">\n<div class=\"pt-0\">\n<div class=\"gizmo-bot-avatar flex h-8 w-8 items-center justify-center overflow-hidden rounded-full\">\n<div class=\"relative p-1 rounded-sm flex items-center justify-center bg-token-main-surface-primary text-token-text-primary h-8 w-8\">\n<p>Vitajte vo vapestornado, va\u0161om d\u00f4veryhodnom internetovom obchode s vapmi pre pr\u00e9miov\u00e9 jednorazov\u00e9 vapy. S viac ako 5-ro\u010dn\u00fdmi sk\u00fasenos\u0165ami v\u00e1m prin\u00e1\u0161ame popul\u00e1rne zna\u010dky jednorazov\u00fdch vapov, ako napr\u00edklad Fumot RandM Vape, <a href=\"https:\/\/vapestornado.com\/sk\/product-category\/vapme-shisha\/\">Vapme<\/a>, Bang Vape, Waspe Vape a WGA Vape, at\u010f.<\/p>\n<p>N\u00e1\u0161 sortiment zah\u0155\u0148a hor\u00face vapy ako napr\u00edklad <a href=\"https:\/\/vapestornado.com\/sk\/product\/randm-12000-puffs-fumot-digital-disposable-vape-wholesale-price\/\">RandM Torn\u00e1do 12000<\/a>, a v\u00fdber bohat\u00fd na pr\u00edchute ako napr\u00edklad <a href=\"https:\/\/vapestornado.com\/sk\/product\/wga-crystal-pro-max-extra-15000-puffs-rechargeable-disposable-vape-wholesale-bulk-buy\/\">\u00a0WGA Crystal 15k Pufov<\/a> . Ka\u017ed\u00fd produkt je vybran\u00fd so zameran\u00edm na kvalitu, hodnotu a rozmanitos\u0165, \u010do zais\u0165uje, \u017ee n\u00e1jdete presne to, \u010do potrebujete. Objavte v\u00fdnimo\u010dn\u00e9 slu\u017eby a \u0161irok\u00fa \u0161k\u00e1lu \u0161pi\u010dkov\u00fdch produktov za ve\u013ekoobchodn\u00e9 ceny vo vapestornado.<\/p>\n<\/div>\n<p>&nbsp;<\/p>\n<p><strong>\u010eal\u0161ie hor\u00face jednorazov\u00e9 vapy<\/strong><\/p>\n<p><a href=\"https:\/\/vapestornado.com\/sk\/product\/vozol-vista-20000-vape-rechargeable-disposable-vape-wholesale-cheap-price\/\">VOZOL VISTA 20000 \u0164ahov <span style=\"color: #ff0000;\"><strong>&gt;&gt;&gt;&gt; Vpred !<\/strong><\/span><\/a><\/p>\n<p><a href=\"https:\/\/vapestornado.com\/sk\/product\/vozol-gear-power-20k-20000-puffs-vape-rechargeable-disposable-box-bulk-buy-cheap-price\/\">VOZOL Star 20000<span style=\"color: #ff0000;\"><strong>&gt;&gt;&gt;&gt; Vpred !<\/strong><\/span><\/a><\/p>\n<p><a href=\"https:\/\/vapestornado.com\/sk\/product\/puff-25k-bang-king-25000-puffs-rechargeable-disposable-vape-wholesale-bulk-buy\/\">Bang King 25000 <span style=\"color: #ff0000;\"><strong>&gt;&gt;&gt;&gt; Vpred !<\/strong><\/span><\/a><\/p>\n<\/div>\n<\/div>\n<\/div>\n<p>&nbsp;<\/p>\n<\/div>\n<\/div>\n<\/div>\n<\/div>\n<\/div>\n<\/div>\n<\/div>\n<\/div>\n<\/div>","protected":false},"excerpt":{"rendered":"<p>VOZOL Star 20000 \u0165ahov 2.3 % N\u00edzkym obsahom nikot\u00ednu Jednorazov\u00fd vape Ve\u013ekoobchod<br \/>\nVOZOL Star 20000 \u0165ahov Digit\u00e1lny displej Jednorazov\u00fd vape Hromadn\u00fd n\u00e1kup<br \/>\nVOZOL Star 20k Nab\u00edjate\u013en\u00fd jednorazov\u00fd vape N\u00edzka cena<\/p>\n<p><strong>Pridajte si Amy na WhatsApp a z\u00edskajte okam\u017eit\u00fa odpove\u010f a kup\u00f3n na vape!<\/strong><\/p>\n<p><img fetchpriority=\"high\" decoding=\"async\" class=\"size-full wp-image-2932\" src=\"https:\/\/vapestornado.com\/wp-content\/uploads\/2024\/12\/Vape-Wholesale.jpg\" alt=\"Ve\u013ekoobchod s vape\" width=\"229\" height=\"300\" \/><\/p>\n<h3><a href=\"https:\/\/wa.me\/8617776015835\"><span style=\"color: #ff0000;\"><strong>WhatsApp: +86 17776015835<\/strong><\/span><\/a><\/h3>\n<p>&nbsp;<\/p>","protected":false},"featured_media":3625,"comment_status":"open","ping_status":"closed","template":"","meta":{"_acf_changed":false,"_uag_custom_page_level_css":"","_lmt_disableupdate":"no","_lmt_disable":"","_monsterinsights_skip_tracking":false,"_monsterinsights_sitenote_active":false,"_monsterinsights_sitenote_note":"","_monsterinsights_sitenote_category":0,"site-sidebar-layout":"default","site-content-layout":"","ast-site-content-layout":"default","site-content-style":"default","site-sidebar-style":"default","ast-global-header-display":"","ast-banner-title-visibility":"","ast-main-header-display":"","ast-hfb-above-header-display":"","ast-hfb-below-header-display":"","ast-hfb-mobile-header-display":"","site-post-title":"","ast-breadcrumbs-content":"","ast-featured-img":"","footer-sml-layout":"","ast-disable-related-posts":"","theme-transparent-header-meta":"default","adv-header-id-meta":"","stick-header-meta":"","header-above-stick-meta":"","header-main-stick-meta":"","header-below-stick-meta":"","astra-migrate-meta-layouts":"set","ast-page-background-enabled":"default","ast-page-background-meta":{"desktop":{"background-color":"","background-image":"","background-repeat":"repeat","background-position":"center center","background-size":"auto","background-attachment":"scroll","background-type":"","background-media":"","overlay-type":"","overlay-color":"","overlay-opacity":"","overlay-gradient":""},"tablet":{"background-color":"","background-image":"","background-repeat":"repeat","background-position":"center center","background-size":"auto","background-attachment":"scroll","background-type":"","background-media":"","overlay-type":"","overlay-color":"","overlay-opacity":"","overlay-gradient":""},"mobile":{"background-color":"","background-image":"","background-repeat":"repeat","background-position":"center center","background-size":"auto","background-attachment":"scroll","background-type":"","background-media":"","overlay-type":"","overlay-color":"","overlay-opacity":"","overlay-gradient":""}},"ast-content-background-meta":{"desktop":{"background-color":"var(--ast-global-color-5)","background-image":"","background-repeat":"repeat","background-position":"center center","background-size":"auto","background-attachment":"scroll","background-type":"","background-media":"","overlay-type":"","overlay-color":"","overlay-opacity":"","overlay-gradient":""},"tablet":{"background-color":"var(--ast-global-color-5)","background-image":"","background-repeat":"repeat","background-position":"center center","background-size":"auto","background-attachment":"scroll","background-type":"","background-media":"","overlay-type":"","overlay-color":"","overlay-opacity":"","overlay-gradient":""},"mobile":{"background-color":"var(--ast-global-color-5)","background-image":"","background-repeat":"repeat","background-position":"center center","background-size":"auto","background-attachment":"scroll","background-type":"","background-media":"","overlay-type":"","overlay-color":"","overlay-opacity":"","overlay-gradient":""}},"_joinchat":{"telephone":"+8617776015835"}},"product_brand":[],"product_cat":[69,154,155,157,160,142,146,57],"product_tag":[165,105,97,166,94,222,221,220],"class_list":{"0":"post-3624","1":"product","2":"type-product","3":"status-publish","4":"has-post-thumbnail","6":"product_cat-20000-puff","7":"product_cat-buy-disposable-vapes-in-netherlands","8":"product_cat-buy-disposable-vapes-in-norway","9":"product_cat-buy-disposable-vapes-in-portugal","10":"product_cat-buy-disposable-vapes-in-switzerland","11":"product_cat-digital-box-disposable-vapes","12":"product_cat-rechargeable-disposable-vapes","13":"product_cat-vozol-vape","14":"product_tag-cheap-vapes","15":"product_tag-digital-disposable-vape","16":"product_tag-hot-sale-disposable-vape","17":"product_tag-low-nicotine-vape","18":"product_tag-rechargeable-disposable-vape","19":"product_tag-vozol-gear-power-20000","20":"product_tag-vozol-gear-power-20k","21":"product_tag-vozol-vape","22":"desktop-align-left","23":"tablet-align-left","24":"mobile-align-left","26":"first","27":"instock","28":"sale","29":"shipping-taxable","30":"purchasable","31":"product-type-simple"},"acf":[],"uagb_featured_image_src":{"full":["https:\/\/vapestornado.com\/wp-content\/uploads\/2025\/01\/Vozol-Star-20000-Puff-Disposable-Vape-Love-777-Flavor.webp",800,800,false],"thumbnail":["https:\/\/vapestornado.com\/wp-content\/uploads\/2025\/01\/Vozol-Star-20000-Puff-Disposable-Vape-Love-777-Flavor-150x150.webp",150,150,true],"medium":["https:\/\/vapestornado.com\/wp-content\/uploads\/2025\/01\/Vozol-Star-20000-Puff-Disposable-Vape-Love-777-Flavor-300x300.webp",300,300,true],"medium_large":["https:\/\/vapestornado.com\/wp-content\/uploads\/2025\/01\/Vozol-Star-20000-Puff-Disposable-Vape-Love-777-Flavor-768x768.webp",768,768,true],"large":["https:\/\/vapestornado.com\/wp-content\/uploads\/2025\/01\/Vozol-Star-20000-Puff-Disposable-Vape-Love-777-Flavor.webp",800,800,false],"1536x1536":["https:\/\/vapestornado.com\/wp-content\/uploads\/2025\/01\/Vozol-Star-20000-Puff-Disposable-Vape-Love-777-Flavor.webp",800,800,false],"2048x2048":["https:\/\/vapestornado.com\/wp-content\/uploads\/2025\/01\/Vozol-Star-20000-Puff-Disposable-Vape-Love-777-Flavor.webp",800,800,false],"trp-custom-language-flag":["https:\/\/vapestornado.com\/wp-content\/uploads\/2025\/01\/Vozol-Star-20000-Puff-Disposable-Vape-Love-777-Flavor.webp",12,12,false],"woocommerce_thumbnail":["https:\/\/vapestornado.com\/wp-content\/uploads\/2025\/01\/Vozol-Star-20000-Puff-Disposable-Vape-Love-777-Flavor-300x300.webp",300,300,true],"woocommerce_single":["https:\/\/vapestornado.com\/wp-content\/uploads\/2025\/01\/Vozol-Star-20000-Puff-Disposable-Vape-Love-777-Flavor-600x600.webp",600,600,true],"woocommerce_gallery_thumbnail":["https:\/\/vapestornado.com\/wp-content\/uploads\/2025\/01\/Vozol-Star-20000-Puff-Disposable-Vape-Love-777-Flavor-100x100.webp",100,100,true]},"uagb_author_info":{"display_name":"ESAMY","author_link":"https:\/\/vapestornado.com\/sk\/author\/"},"uagb_comment_info":0,"uagb_excerpt":"VOZOL Star 20000 Puffs 2% Low Nicotine Disposable Vape Wholesale VOZOL Star 20000 Puff \u00a0Digital Display Disposable Vape Bulk Buy VOZOL Star 20k Rechargeable Disposable Vape Cheap Price Add Amy's whatsapp get right reply and vape coupon! WhatsApp: +86 17776015835 &nbsp;","_links":{"self":[{"href":"https:\/\/vapestornado.com\/sk\/wp-json\/wp\/v2\/product\/3624","targetHints":{"allow":["GET"]}}],"collection":[{"href":"https:\/\/vapestornado.com\/sk\/wp-json\/wp\/v2\/product"}],"about":[{"href":"https:\/\/vapestornado.com\/sk\/wp-json\/wp\/v2\/types\/product"}],"replies":[{"embeddable":true,"href":"https:\/\/vapestornado.com\/sk\/wp-json\/wp\/v2\/comments?post=3624"}],"wp:featuredmedia":[{"embeddable":true,"href":"https:\/\/vapestornado.com\/sk\/wp-json\/wp\/v2\/media\/3625"}],"wp:attachment":[{"href":"https:\/\/vapestornado.com\/sk\/wp-json\/wp\/v2\/media?parent=3624"}],"wp:term":[{"taxonomy":"product_brand","embeddable":true,"href":"https:\/\/vapestornado.com\/sk\/wp-json\/wp\/v2\/product_brand?post=3624"},{"taxonomy":"product_cat","embeddable":true,"href":"https:\/\/vapestornado.com\/sk\/wp-json\/wp\/v2\/product_cat?post=3624"},{"taxonomy":"product_tag","embeddable":true,"href":"https:\/\/vapestornado.com\/sk\/wp-json\/wp\/v2\/product_tag?post=3624"}],"curies":[{"name":"wp","href":"https:\/\/api.w.org\/{rel}","templated":true}]}}