{"id":3614,"date":"2025-01-02T03:10:17","date_gmt":"2025-01-02T03:10:17","guid":{"rendered":"https:\/\/vapestornado.com\/?post_type=product&#038;p=3614"},"modified":"2025-08-23T12:23:25","modified_gmt":"2025-08-23T12:23:25","slug":"vozol-gear-power-20k-20000-puffs-vape-rechargeable-disposable-box-bulk-buy-cheap-price","status":"publish","type":"product","link":"https:\/\/vapestornado.com\/sk\/product\/vozol-gear-power-20k-20000-puffs-vape-rechargeable-disposable-box-bulk-buy-cheap-price\/","title":{"rendered":"VOZOL Gear Power 20K 20000 \u0164ahov Vape Nab\u00edjate\u013en\u00fd Jednorazov\u00fd Box Ve\u013ekoobchodn\u00fd N\u00e1kup Lacn\u00e1 Cena"},"content":{"rendered":"<h1 class=\"product-title\">VOZOL Gear Power 20K 20000 \u0164ahov Vape Nab\u00edjate\u013en\u00fd Jednorazov\u00fd Box Ve\u013ekoobchodn\u00fd N\u00e1kup Lacn\u00e1 Cena<\/h1>\n<p>VOZOL GEAR POWER 20k je predplnen\u00fd p\u00f4sobiv\u00fdm mno\u017estvom <strong>20 ml e-liquidu<\/strong>, v\u010faka \u010domu je ide\u00e1lny aj pre najn\u00e1ro\u010dnej\u0161\u00edch pou\u017e\u00edvate\u013eov a vydr\u017e\u00ed viac ako t\u00fd\u017ede\u0148. Pon\u00faka <strong>tri mo\u017enosti sily nikot\u00ednu<\/strong>\u20140 mg, 20 mg a 50 mg\u2014a je k dispoz\u00edcii v <strong>20 jedine\u010dn\u00fdch pr\u00edchutiach<\/strong>, ktor\u00e9 vyhovuj\u00fa \u0161irok\u00e9mu spektru preferenci\u00ed.<\/p>\n<p>Zariadenie obsahuje <strong>650 mAh nab\u00edjate\u013en\u00e1 bat\u00e9ria<\/strong>, ktor\u00e1 zais\u0165uje konzistentn\u00fd v\u00fdkon. R\u00fdchlo sa nab\u00edja cez USB-C a obsahuje <strong>sie\u0165ov\u00e9 du\u00e1lne cievky s technol\u00f3giou S.i.L.C (hladk\u00e1, identick\u00e1, dlhotrvaj\u00faca, \u010dist\u00e1)<\/strong>, ktor\u00e9 poskytuj\u00fa hladk\u00fd a konzistentn\u00fd z\u00e1\u017eitok z vapovania s vylep\u0161enou chu\u0165ou a produkciou pary.<\/p>\n<p>GEAR POWER, navrhnut\u00fd pre v\u0161estrannos\u0165, pon\u00faka dva re\u017eimy nap\u00e1jania. <strong>ECO re\u017eim<\/strong> poskytuje a\u017e <strong>20 000 potiahnut\u00ed<\/strong>, ide\u00e1lny pre dlhodob\u00e9 pou\u017e\u00edvanie, zatia\u013e \u010do <strong>POWER re\u017eim<\/strong> uprednost\u0148uje bohat\u0161iu chu\u0165 a hustej\u0161iu paru a poskytuje pribli\u017ene <strong>12 000 \u0165ahov<\/strong>.<\/p>\n<p>U\u017e\u00edvate\u013esky pr\u00edvetiv\u00fd <strong>LED displej<\/strong> zobrazuje aktu\u00e1lny re\u017eim, zost\u00e1vaj\u00face percento bat\u00e9rie a hladinu e-liquidu, \u010do u\u013eah\u010duje sledovanie pou\u017e\u00edvania. Pre zv\u00fd\u0161en\u00fa hygienu je zariadenie dod\u00e1van\u00e9 so <strong>silik\u00f3nov\u00fdm uz\u00e1verom<\/strong> na ochranu n\u00e1ustku, ke\u010f sa nepou\u017e\u00edva.<\/p>\n<p>Kombin\u00e1cia v\u00fdnimo\u010dn\u00e9ho v\u00fdkonu, pohodlia a \u0161t\u00fdlov\u00e9ho dizajnu rob\u00ed z VOZOL GEAR POWER ide\u00e1lnu vo\u013ebu pre vaperov, ktor\u00ed h\u013eadaj\u00fa spo\u013eahliv\u00e9 a vysokokvalitn\u00e9 jednorazov\u00e9 zariadenie.<\/p>\n<p>&nbsp;<\/p>\n<p><span style=\"color: #ff0000;\"><strong>Pridajte si Amy na Whatsapp, z\u00edskajte okam\u017eit\u00fa odpove\u010f a kup\u00f3n na vape!<\/strong><\/span><\/p>\n<p><img fetchpriority=\"high\" decoding=\"async\" class=\"size-full wp-image-2932\" src=\"https:\/\/vapestornado.com\/wp-content\/uploads\/2024\/12\/Vape-Wholesale.jpg\" alt=\"Ve\u013ekoobchod s vape\" width=\"229\" height=\"300\" \/><\/p>\n<h3><a href=\"https:\/\/wa.me\/8617776015835\" target=\"_blank\" rel=\"noopener\"><span style=\"color: #ff0000;\"><strong>WhatsApp: +86 17776015835<\/strong><\/span><\/a><\/h3>\n<p>&nbsp;<\/p>\n<h2 class=\"product-title\"><strong>VOZOL Gear Power 20K Vlastnosti produktu<\/strong><\/h2>\n<div role=\"article\" data-tabster=\"{&quot;groupper&quot;:{&quot;tabbability&quot;:2},&quot;focusable&quot;:{}}\" data-content=\"ai-message\" aria-labelledby=\"juhNTJ6o7Gk1cgwZMJgv2-author juhNTJ6o7Gk1cgwZMJgv2-content\">\n<div id=\"juhNTJ6o7Gk1cgwZMJgv2-content\">\n<div role=\"article\" data-tabster=\"{&quot;groupper&quot;:{&quot;tabbability&quot;:2},&quot;focusable&quot;:{}}\" data-content=\"ai-message\" aria-labelledby=\"x4EZuCZWrTbh3weWUt7CU-author x4EZuCZWrTbh3weWUt7CU-content\">\n<div id=\"x4EZuCZWrTbh3weWUt7CU-content\">\n<div class=\"flex max-w-full flex-col flex-grow\">\n<div class=\"min-h-8 text-message flex w-full flex-col items-end gap-2 whitespace-normal break-words text-start [.text-message+&amp;]:mt-5\" dir=\"auto\" data-message-author-role=\"assistant\" data-message-id=\"52c6e00a-252f-4104-805d-2f1a84739c71\" data-message-model-slug=\"gpt-4o\">\n<div class=\"flex w-full flex-col gap-1 empty:hidden first:pt-[3px]\">\n<div class=\"markdown prose w-full break-words dark:prose-invert light\">\n<p>&nbsp;<\/p>\n<ul>\n<li><strong>Mas\u00edvna kapacita E-liquidu<\/strong>: Predplnen\u00e9 20 ml e-liquidu, vydr\u017e\u00ed viac ako t\u00fd\u017ede\u0148, dokonca aj pre n\u00e1ro\u010dn\u00fdch pou\u017e\u00edvate\u013eov.<\/li>\n<li><strong>Mo\u017enosti nikot\u00ednu<\/strong>: Dostupn\u00e9 v <strong>0, 20 a 50 mg<\/strong> sile v 20 jedine\u010dn\u00fdch pr\u00edchutiach.<\/li>\n<li><strong>Nab\u00edjate\u013en\u00e1 bat\u00e9ria<\/strong>: Obsahuje 650 mAh bat\u00e9riu, nab\u00edjate\u013en\u00fa cez USB-C.<\/li>\n<li><strong>Pokro\u010dil\u00e9 cievky<\/strong>: Sie\u0165ov\u00e9 du\u00e1lne cievky s <strong>technol\u00f3giou S.i.L.C<\/strong> zais\u0165uj\u00fa hladk\u00e9 a konzistentn\u00e9 potiahnutia.<\/li>\n<\/ul>\n<p><strong>Du\u00e1lne re\u017eimy nap\u00e1jania pre v\u0161estrannos\u0165<\/strong><\/p>\n<ul>\n<li><strong>ECO re\u017eim<\/strong>: Pon\u00faka a\u017e <strong>20 000 potiahnut\u00ed<\/strong> pre dlhodob\u00e9 pou\u017e\u00edvanie.<\/li>\n<li><strong>POWER re\u017eim<\/strong>: Poskytuje bohat\u0161iu chu\u0165 a hustej\u0161iu paru, s pribli\u017ene <strong>12 000 \u0165ahov<\/strong>.<\/li>\n<\/ul>\n<\/div>\n<\/div>\n<\/div>\n<\/div>\n<div class=\"mb-2 flex gap-3 empty:hidden -ml-2\">\n<figure id=\"attachment_3610\" aria-describedby=\"caption-attachment-3610\" style=\"width: 1000px\" class=\"wp-caption alignnone\"><img decoding=\"async\" class=\"wp-image-3610 size-full\" src=\"https:\/\/vapestornado.com\/wp-content\/uploads\/2025\/01\/VOZOL-Gear-Power-20000-Disposable-Bulk-Buy.jpg\" alt=\"VOZOL Gear Power 20000 Jednorazov\u00e9 e-cigarety Ve\u013ekoobchod\" width=\"1000\" height=\"1000\" srcset=\"https:\/\/vapestornado.com\/wp-content\/uploads\/2025\/01\/VOZOL-Gear-Power-20000-Disposable-Bulk-Buy.jpg 1000w, https:\/\/vapestornado.com\/wp-content\/uploads\/2025\/01\/VOZOL-Gear-Power-20000-Disposable-Bulk-Buy-300x300.jpg 300w, https:\/\/vapestornado.com\/wp-content\/uploads\/2025\/01\/VOZOL-Gear-Power-20000-Disposable-Bulk-Buy-150x150.jpg 150w, https:\/\/vapestornado.com\/wp-content\/uploads\/2025\/01\/VOZOL-Gear-Power-20000-Disposable-Bulk-Buy-768x768.jpg 768w, https:\/\/vapestornado.com\/wp-content\/uploads\/2025\/01\/VOZOL-Gear-Power-20000-Disposable-Bulk-Buy-600x600.jpg 600w, https:\/\/vapestornado.com\/wp-content\/uploads\/2025\/01\/VOZOL-Gear-Power-20000-Disposable-Bulk-Buy-100x100.jpg 100w\" sizes=\"(max-width: 1000px) 100vw, 1000px\" \/><figcaption id=\"caption-attachment-3610\" class=\"wp-caption-text\">VOZOL Gear Power 20000 Jednorazov\u00e9 e-cigarety Ve\u013ekoobchod<\/figcaption><\/figure>\n<\/div>\n<\/div>\n<\/div>\n<\/div>\n<\/div>\n<h2 class=\"product-title\"><strong>Ob\u013e\u00faben\u00e1 pr\u00edchu\u0165 pre VOZOL Gear Power 20000<\/strong><strong>\u00a0<\/strong><strong>Jednorazov\u00e9 e-cigarety<\/strong><\/h2>\n<p>Vozol Vista 20000 poskytuje rozmanit\u00fa a vzru\u0161uj\u00facu \u0161k\u00e1lu mo\u017enost\u00ed pre v\u00e1\u0161 produktov\u00fd rad, ktor\u00e9 uspokoja r\u00f4zne chu\u0165ov\u00e9 preferencie! N\u00e1jdite si ob\u013e\u00faben\u00fa pr\u00edchu\u0165 pod\u013ea na\u0161ich \u00fadajov o predaji a sp\u00e4tnej v\u00e4zby od z\u00e1kazn\u00edkov.<\/p>\n<p>1. Citr\u00f3nov\u00e1 m\u00e4ta<br \/>\n2. Zmie\u0161an\u00e9 bobule <span style=\"color: #ff0000;\"><strong>&gt;&gt;&gt; Hor\u00face\uff01<\/strong><\/span><br \/>\n3. Jahoda Mango<br \/>\n4. Mango Ice<br \/>\n5. Mango Anan\u00e1s Grapefruit<br \/>\n6. Hroznov\u00fd \u013ead<span style=\"color: #ff0000;\"><strong>&gt;&gt;&gt; Hor\u00face\uff01<\/strong><\/span><br \/>\n7. Brosky\u0148a Ice<br \/>\n8. Citr\u00f3n Limetka<br \/>\n9. Mel\u00f3n Ice<br \/>\n10. Dra\u010die ovocie Ban\u00e1n \u010cere\u0161\u0148a <span style=\"color: #ff0000;\"><strong>&gt;&gt;&gt; Hor\u00face\uff01<\/strong><\/span><br \/>\n11. Double Apple Ice<br \/>\n12. \u010cere\u0161\u0148ov\u00e1 limon\u00e1da<br \/>\n13. Jahoda Mel\u00f3n<br \/>\n14. Blue Razz Ice <span style=\"color: #ff0000;\"><strong>&gt;&gt;&gt; Najlep\u0161ie!<\/strong><\/span><br \/>\n15. Blueberry Storm<br \/>\n16. Blue Mojito <span style=\"color: #ff0000;\"><strong>&gt;&gt;&gt; Hor\u00face\uff01<\/strong><\/span><br \/>\n17. Malina Mel\u00f3n<br \/>\n18. Lavafire<\/p>\n<div class=\"flex-shrink-0 flex flex-col relative items-end\">\n<div class=\"pt-0\">\n<div class=\"gizmo-bot-avatar flex h-8 w-8 items-center justify-center overflow-hidden rounded-full\">\n<div class=\"relative p-1 rounded-sm flex items-center justify-center bg-token-main-surface-primary text-token-text-primary h-8 w-8\">\n<h2>\u010cast\u00e9 ot\u00e1zky pre VOZOL Gear Power 20K<strong>\u00a0<\/strong>Jednorazov\u00e1 Vape<\/h2>\n<p>&nbsp;<\/p>\n<div class=\"flex max-w-full flex-col flex-grow\">\n<div class=\"min-h-8 text-message flex w-full flex-col items-end gap-2 whitespace-normal break-words text-start [.text-message+&amp;]:mt-5\" dir=\"auto\" data-message-author-role=\"assistant\" data-message-id=\"4dc48248-df95-45bd-b800-6dedb43cf7f1\" data-message-model-slug=\"gpt-4o\">\n<div class=\"flex w-full flex-col gap-1 empty:hidden first:pt-[3px]\">\n<div class=\"markdown prose w-full break-words dark:prose-invert light\">\n<ol>\n<li><strong>Ako dlho vydr\u017e\u00ed VOZOL GEAR POWER?<\/strong><br \/>\nVOZOL GEAR POWER pon\u00faka a\u017e <strong>20 000 potiahnut\u00ed<\/strong> v re\u017eime ECO a pribli\u017ene <strong>12 000 \u0165ahov<\/strong> v re\u017eime POWER, v z\u00e1vislosti od zvyklost\u00ed pou\u017e\u00edvania. S kapacitou 20 ml e-liquidu vydr\u017e\u00ed siln\u00fdm pou\u017e\u00edvate\u013eom viac ako t\u00fd\u017ede\u0148.<\/li>\n<li><strong>Ak\u00e9 koncentr\u00e1cie nikot\u00ednu s\u00fa k dispoz\u00edcii pre VOZOL GEAR POWER 20k?<\/strong><br \/>\nGEAR POWER 20k je k dispoz\u00edcii v <strong>0 mg, 20 mg a 50 mg koncentr\u00e1ci\u00e1ch nikot\u00ednu<\/strong>, v\u010faka \u010domu je vhodn\u00fd pre r\u00f4zne preferencie a potreby nikot\u00ednu.<\/li>\n<li><strong>M\u00f4\u017eem nab\u00edja\u0165 GEAR POWER a ako to urob\u00edm?<\/strong><br \/>\n\u00c1no, zariadenie m\u00e1 <strong>650 mAh nab\u00edjate\u013en\u00e1 bat\u00e9ria<\/strong>. D\u00e1 sa \u013eahko nabi\u0165 pomocou <strong>k\u00e1bla USB-C<\/strong>, \u010do zais\u0165uje nepretr\u017eit\u00e9 pou\u017e\u00edvanie.<\/li>\n<li><strong>Ak\u00e9 pr\u00edchute s\u00fa k dispoz\u00edcii pre VOZOL GEAR POWER 20000?<\/strong><br \/>\nGEAR POWER sa dod\u00e1va v <strong>20 jedine\u010dn\u00fdch pr\u00edchutiach<\/strong>, od ovocn\u00fdch a sladk\u00fdch a\u017e po klasick\u00e9 a v\u00fdrazn\u00e9, ktor\u00e9 uspokoja \u0161irok\u00fa \u0161k\u00e1lu chu\u0165ov\u00fdch preferenci\u00ed.<\/li>\n<li><strong>Ako VOZL 20000 zais\u0165uje konzistentn\u00fa chu\u0165 a produkciu pary?<\/strong><br \/>\nZariadenie je vybaven\u00e9 <strong>sie\u0165ov\u00fdmi du\u00e1lnymi cievkami a technol\u00f3giou S.i.L.C (Smooth, Identical, Long-lasting, Clean)<\/strong>, ktor\u00e9 zais\u0165uj\u00fa hladk\u00e9 a konzistentn\u00e9 potiahnutia so zv\u00fd\u0161enou chu\u0165ou a produkciou pary.<\/li>\n<li><strong>Ak\u00e9 funkcie robia GEAR POWER u\u017e\u00edvate\u013esky pr\u00edvetiv\u00fdm?<\/strong><br \/>\nGEAR POWER obsahuje <strong>jasn\u00fd LED displej<\/strong> zobrazuje re\u017eim nap\u00e1jania, percento bat\u00e9rie a \u00farove\u0148 e-liquidu. Dod\u00e1va sa tie\u017e s <strong>silik\u00f3nov\u00fdm uz\u00e1verom<\/strong> na udr\u017eanie n\u00e1ustku v \u010distote, ke\u010f sa nepou\u017e\u00edva, \u010do zvy\u0161uje pohodlie a hygienu.<\/li>\n<\/ol>\n<\/div>\n<\/div>\n<\/div>\n<\/div>\n<\/div>\n<\/div>\n<\/div>\n<\/div>\n<div class=\"flex-shrink-0 flex flex-col relative items-end\">\n<div class=\"pt-0\">\n<div class=\"gizmo-bot-avatar flex h-8 w-8 items-center justify-center overflow-hidden rounded-full\">\n<div class=\"relative p-1 rounded-sm flex items-center justify-center bg-token-main-surface-primary text-token-text-primary h-8 w-8\">\n<div class=\"mb-2 flex gap-3 empty:hidden -ml-2\">\n<div role=\"article\" data-tabster=\"{&quot;groupper&quot;:{&quot;tabbability&quot;:2},&quot;focusable&quot;:{}}\" data-content=\"ai-message\" aria-labelledby=\"Vdt5ez4X7Tg813x6rFVha-author Vdt5ez4X7Tg813x6rFVha-content\">\n<div id=\"Vdt5ez4X7Tg813x6rFVha-content\">\n<div role=\"article\" data-tabster=\"{&quot;groupper&quot;:{&quot;tabbability&quot;:2},&quot;focusable&quot;:{}}\" data-content=\"ai-message\" aria-labelledby=\"o968oC7CEo2fGHsGdsRYC-author o968oC7CEo2fGHsGdsRYC-content\">\n<div id=\"o968oC7CEo2fGHsGdsRYC-content\">\n<h2>Pre\u010do si vybra\u0165 vapestornado pre ve\u013ekoobchod s VOZOL 20K Puffs Vape?<\/h2>\n<div class=\"flex-shrink-0 flex flex-col relative items-end\">\n<div class=\"pt-0\">\n<div class=\"gizmo-bot-avatar flex h-8 w-8 items-center justify-center overflow-hidden rounded-full\">\n<div class=\"relative p-1 rounded-sm flex items-center justify-center bg-token-main-surface-primary text-token-text-primary h-8 w-8\">\n<p>Vitajte vo vapestornado, va\u0161om d\u00f4veryhodnom internetovom obchode s vapmi pre pr\u00e9miov\u00e9 jednorazov\u00e9 vapy. S viac ako 5-ro\u010dn\u00fdmi sk\u00fasenos\u0165ami v\u00e1m prin\u00e1\u0161ame popul\u00e1rne zna\u010dky jednorazov\u00fdch vapov, ako napr\u00edklad Fumot RandM Vape, <a href=\"https:\/\/vapestornado.com\/sk\/product-category\/vapme-shisha\/\">Vapme<\/a>, Bang Vape, Waspe Vape a WGA Vape, at\u010f.<\/p>\n<p>N\u00e1\u0161 sortiment zah\u0155\u0148a hor\u00face vapy ako napr\u00edklad <a href=\"https:\/\/vapestornado.com\/sk\/product\/randm-12000-puffs-fumot-digital-disposable-vape-wholesale-price\/\">RandM Torn\u00e1do 12000<\/a>, a v\u00fdber bohat\u00fd na pr\u00edchute ako napr\u00edklad <a href=\"https:\/\/vapestornado.com\/sk\/product\/wga-crystal-pro-max-extra-15000-puffs-rechargeable-disposable-vape-wholesale-bulk-buy\/\">\u00a0WGA Crystal 15k Pufov<\/a> . Ka\u017ed\u00fd produkt je vybran\u00fd so zameran\u00edm na kvalitu, hodnotu a rozmanitos\u0165, \u010do zais\u0165uje, \u017ee n\u00e1jdete presne to, \u010do potrebujete. Objavte v\u00fdnimo\u010dn\u00e9 slu\u017eby a \u0161irok\u00fa \u0161k\u00e1lu \u0161pi\u010dkov\u00fdch produktov za ve\u013ekoobchodn\u00e9 ceny vo vapestornado.<\/p>\n<\/div>\n<p>&nbsp;<\/p>\n<p><strong>\u010eal\u0161ie hor\u00face jednorazov\u00e9 vapy<\/strong><\/p>\n<p><a href=\"https:\/\/vapestornado.com\/sk\/product\/vozol-vista-20000-vape-rechargeable-disposable-vape-wholesale-cheap-price\/\">VOZOL VISTA 20000 \u0164ahov <span style=\"color: #ff0000;\"><strong>&gt;&gt;&gt;&gt; Vpred !<\/strong><\/span><\/a><\/p>\n<p><a href=\"https:\/\/vapestornado.com\/sk\/product\/vopk-ultra-40000-puffs-2-in-1-digital-screen-rechargeable-disposable-vape\/\">VOPK 40000 Dvojit\u00e1 Chu\u0165<span style=\"color: #ff0000;\"><strong>&gt;&gt;&gt;&gt; Vpred !<\/strong><\/span><\/a><\/p>\n<p><a href=\"https:\/\/vapestornado.com\/sk\/product\/puff-25k-bang-king-25000-puffs-rechargeable-disposable-vape-wholesale-bulk-buy\/\">Bang King 25000 <span style=\"color: #ff0000;\"><strong>&gt;&gt;&gt;&gt; Vpred !<\/strong><\/span><\/a><\/p>\n<\/div>\n<\/div>\n<\/div>\n<p>&nbsp;<\/p>\n<\/div>\n<\/div>\n<\/div>\n<\/div>\n<\/div>\n<\/div>\n<\/div>\n<\/div>\n<\/div>","protected":false},"excerpt":{"rendered":"<p>VOZOL Gear Power 20K \u0164ahov 2% Jednorazov\u00e1 Vape s N\u00edzkym Obsahom Nikot\u00ednu Ve\u013ekoobchod<br \/>\nVOZOL Gear Power 20000 \u0164ahov Digit\u00e1lny Displej Jednorazov\u00e1 Vape Hromadn\u00fd N\u00e1kup<br \/>\nVOZOL Gear Power 20k Nab\u00edjate\u013en\u00e1 Jednorazov\u00e1 Vape Lacn\u00e1 Cena<\/p>\n<p><strong>Pridajte si Amy na WhatsApp a z\u00edskajte okam\u017eit\u00fa odpove\u010f a kup\u00f3n na vape!<\/strong><\/p>\n<p><img fetchpriority=\"high\" decoding=\"async\" class=\"size-full wp-image-2932\" src=\"https:\/\/vapestornado.com\/wp-content\/uploads\/2024\/12\/Vape-Wholesale.jpg\" alt=\"Ve\u013ekoobchod s vape\" width=\"229\" height=\"300\" \/><\/p>\n<h3><a href=\"https:\/\/wa.me\/8617776015835\"><span style=\"color: #ff0000;\"><strong>WhatsApp: +86 17776015835<\/strong><\/span><\/a><\/h3>\n<p>&nbsp;<\/p>","protected":false},"featured_media":3611,"comment_status":"open","ping_status":"closed","template":"","meta":{"_acf_changed":false,"_uag_custom_page_level_css":"","_lmt_disableupdate":"no","_lmt_disable":"","_monsterinsights_skip_tracking":false,"_monsterinsights_sitenote_active":false,"_monsterinsights_sitenote_note":"","_monsterinsights_sitenote_category":0,"site-sidebar-layout":"default","site-content-layout":"","ast-site-content-layout":"default","site-content-style":"default","site-sidebar-style":"default","ast-global-header-display":"","ast-banner-title-visibility":"","ast-main-header-display":"","ast-hfb-above-header-display":"","ast-hfb-below-header-display":"","ast-hfb-mobile-header-display":"","site-post-title":"","ast-breadcrumbs-content":"","ast-featured-img":"","footer-sml-layout":"","ast-disable-related-posts":"","theme-transparent-header-meta":"default","adv-header-id-meta":"","stick-header-meta":"","header-above-stick-meta":"","header-main-stick-meta":"","header-below-stick-meta":"","astra-migrate-meta-layouts":"set","ast-page-background-enabled":"default","ast-page-background-meta":{"desktop":{"background-color":"","background-image":"","background-repeat":"repeat","background-position":"center center","background-size":"auto","background-attachment":"scroll","background-type":"","background-media":"","overlay-type":"","overlay-color":"","overlay-opacity":"","overlay-gradient":""},"tablet":{"background-color":"","background-image":"","background-repeat":"repeat","background-position":"center center","background-size":"auto","background-attachment":"scroll","background-type":"","background-media":"","overlay-type":"","overlay-color":"","overlay-opacity":"","overlay-gradient":""},"mobile":{"background-color":"","background-image":"","background-repeat":"repeat","background-position":"center center","background-size":"auto","background-attachment":"scroll","background-type":"","background-media":"","overlay-type":"","overlay-color":"","overlay-opacity":"","overlay-gradient":""}},"ast-content-background-meta":{"desktop":{"background-color":"var(--ast-global-color-5)","background-image":"","background-repeat":"repeat","background-position":"center center","background-size":"auto","background-attachment":"scroll","background-type":"","background-media":"","overlay-type":"","overlay-color":"","overlay-opacity":"","overlay-gradient":""},"tablet":{"background-color":"var(--ast-global-color-5)","background-image":"","background-repeat":"repeat","background-position":"center center","background-size":"auto","background-attachment":"scroll","background-type":"","background-media":"","overlay-type":"","overlay-color":"","overlay-opacity":"","overlay-gradient":""},"mobile":{"background-color":"var(--ast-global-color-5)","background-image":"","background-repeat":"repeat","background-position":"center center","background-size":"auto","background-attachment":"scroll","background-type":"","background-media":"","overlay-type":"","overlay-color":"","overlay-opacity":"","overlay-gradient":""}},"_joinchat":{"telephone":"+8617776015835"}},"product_brand":[],"product_cat":[69,140,150,154,158,143,144,146,57],"product_tag":[165,105,97,166,94,222,221,220],"class_list":{"0":"post-3614","1":"product","2":"type-product","3":"status-publish","4":"has-post-thumbnail","6":"product_cat-20000-puff","7":"product_cat-big-puffs-disposable-vapes","8":"product_cat-buy-disposable-vapes-in-belgium","9":"product_cat-buy-disposable-vapes-in-netherlands","10":"product_cat-buy-disposable-vapes-in-spain","11":"product_cat-dual-mesh-disposable-vapes","12":"product_cat-low-nicotine-disposable-vapes","13":"product_cat-rechargeable-disposable-vapes","14":"product_cat-vozol-vape","15":"product_tag-cheap-vapes","16":"product_tag-digital-disposable-vape","17":"product_tag-hot-sale-disposable-vape","18":"product_tag-low-nicotine-vape","19":"product_tag-rechargeable-disposable-vape","20":"product_tag-vozol-gear-power-20000","21":"product_tag-vozol-gear-power-20k","22":"product_tag-vozol-vape","23":"desktop-align-left","24":"tablet-align-left","25":"mobile-align-left","27":"first","28":"instock","29":"sale","30":"shipping-taxable","31":"purchasable","32":"product-type-simple"},"acf":[],"uagb_featured_image_src":{"full":["https:\/\/vapestornado.com\/wp-content\/uploads\/2025\/01\/VOZOL-Gear-Power-20000-Disposable-Wholesale-Price.jpg",1000,1000,false],"thumbnail":["https:\/\/vapestornado.com\/wp-content\/uploads\/2025\/01\/VOZOL-Gear-Power-20000-Disposable-Wholesale-Price-150x150.jpg",150,150,true],"medium":["https:\/\/vapestornado.com\/wp-content\/uploads\/2025\/01\/VOZOL-Gear-Power-20000-Disposable-Wholesale-Price-300x300.jpg",300,300,true],"medium_large":["https:\/\/vapestornado.com\/wp-content\/uploads\/2025\/01\/VOZOL-Gear-Power-20000-Disposable-Wholesale-Price-768x768.jpg",768,768,true],"large":["https:\/\/vapestornado.com\/wp-content\/uploads\/2025\/01\/VOZOL-Gear-Power-20000-Disposable-Wholesale-Price.jpg",1000,1000,false],"1536x1536":["https:\/\/vapestornado.com\/wp-content\/uploads\/2025\/01\/VOZOL-Gear-Power-20000-Disposable-Wholesale-Price.jpg",1000,1000,false],"2048x2048":["https:\/\/vapestornado.com\/wp-content\/uploads\/2025\/01\/VOZOL-Gear-Power-20000-Disposable-Wholesale-Price.jpg",1000,1000,false],"trp-custom-language-flag":["https:\/\/vapestornado.com\/wp-content\/uploads\/2025\/01\/VOZOL-Gear-Power-20000-Disposable-Wholesale-Price.jpg",12,12,false],"woocommerce_thumbnail":["https:\/\/vapestornado.com\/wp-content\/uploads\/2025\/01\/VOZOL-Gear-Power-20000-Disposable-Wholesale-Price-300x300.jpg",300,300,true],"woocommerce_single":["https:\/\/vapestornado.com\/wp-content\/uploads\/2025\/01\/VOZOL-Gear-Power-20000-Disposable-Wholesale-Price-600x600.jpg",600,600,true],"woocommerce_gallery_thumbnail":["https:\/\/vapestornado.com\/wp-content\/uploads\/2025\/01\/VOZOL-Gear-Power-20000-Disposable-Wholesale-Price-100x100.jpg",100,100,true]},"uagb_author_info":{"display_name":"ESAMY","author_link":"https:\/\/vapestornado.com\/sk\/author\/"},"uagb_comment_info":0,"uagb_excerpt":"VOZOL Gear Power 20K\u00a0 Puffs 2% Low Nicotine Disposable Vape Wholesale VOZOL Gear Power 20000 Puff \u00a0Digital Display Disposable Vape Bulk Buy VOZOL Gear Power 20k Rechargeable Disposable Vape Cheap Price Add Amy's whatsapp get right reply and vape coupon! WhatsApp: +86 17776015835 &nbsp;","_links":{"self":[{"href":"https:\/\/vapestornado.com\/sk\/wp-json\/wp\/v2\/product\/3614","targetHints":{"allow":["GET"]}}],"collection":[{"href":"https:\/\/vapestornado.com\/sk\/wp-json\/wp\/v2\/product"}],"about":[{"href":"https:\/\/vapestornado.com\/sk\/wp-json\/wp\/v2\/types\/product"}],"replies":[{"embeddable":true,"href":"https:\/\/vapestornado.com\/sk\/wp-json\/wp\/v2\/comments?post=3614"}],"wp:featuredmedia":[{"embeddable":true,"href":"https:\/\/vapestornado.com\/sk\/wp-json\/wp\/v2\/media\/3611"}],"wp:attachment":[{"href":"https:\/\/vapestornado.com\/sk\/wp-json\/wp\/v2\/media?parent=3614"}],"wp:term":[{"taxonomy":"product_brand","embeddable":true,"href":"https:\/\/vapestornado.com\/sk\/wp-json\/wp\/v2\/product_brand?post=3614"},{"taxonomy":"product_cat","embeddable":true,"href":"https:\/\/vapestornado.com\/sk\/wp-json\/wp\/v2\/product_cat?post=3614"},{"taxonomy":"product_tag","embeddable":true,"href":"https:\/\/vapestornado.com\/sk\/wp-json\/wp\/v2\/product_tag?post=3614"}],"curies":[{"name":"wp","href":"https:\/\/api.w.org\/{rel}","templated":true}]}}