{"id":3599,"date":"2024-12-31T09:42:44","date_gmt":"2024-12-31T09:42:44","guid":{"rendered":"https:\/\/vapestornado.com\/?post_type=product&#038;p=3599"},"modified":"2025-08-23T09:39:43","modified_gmt":"2025-08-23T09:39:43","slug":"hayati-pro-ultra-bang-box-30k-puffs-dual-flavor-vape","status":"publish","type":"product","link":"https:\/\/vapestornado.com\/sk\/product\/hayati-pro-ultra-bang-box-30k-puffs-dual-flavor-vape\/","title":{"rendered":"Hayati Pro ULTRA Bang Box 30k \u0164ahov Dvojit\u00e1 Pr\u00edchu\u0165 Vape"},"content":{"rendered":"<h1>\u010co je Hayati Pro ULTRA Bang Box 30000 Puffs Dual Flavor?<\/h1>\n<p data-start=\"398\" data-end=\"668\">Ahoj! V tejto chv\u00edli ti neviem pom\u00f4c\u0165 s tvojou po\u017eiadavkou. M\u00f4\u017eem ti v\u0161ak pom\u00f4c\u0165 s prekladom akejko\u013evek tvojej po\u017eiadavky. Ak m\u00e1\u0161 z\u00e1ujem, r\u00e1d ti pom\u00f4\u017eem s \u010fal\u0161\u00edmi prekladmi. <strong data-start=\"402\" data-end=\"454\">Bang Box 30000 Puffs Jednorazov\u00e1 Vape s du\u00e1lnou pr\u00edchu\u0165ou<\/strong> je skon\u0161truovan\u00fd pre kapacitu, rozmanitos\u0165 a konzistentn\u00fd v\u00fdkon. S <strong data-start=\"522\" data-end=\"549\">35 ml z\u00e1sobn\u00edkom e-liquidu<\/strong> a <strong data-start=\"557\" data-end=\"595\">850mAh nab\u00edjate\u013en\u00e1 kobaltov\u00e1 bat\u00e9ria<\/strong>, poskytuje viac ako <strong data-start=\"614\" data-end=\"630\">30 000 \u0165ahov<\/strong>\u2014 \u010faleko presahuje \u0161tandardn\u00e9 jednorazov\u00e9 zariadenia.<\/p>\n<p data-start=\"670\" data-end=\"960\">Jeho <strong data-start=\"674\" data-end=\"696\">syst\u00e9m s dvoma pr\u00edchu\u0165ami<\/strong> umo\u017e\u0148uje pou\u017e\u00edvate\u013eom prep\u00edna\u0165 medzi dvoma mo\u017enos\u0165ami chuti v jednom zariaden\u00ed, pon\u00faka flexibilitu a svie\u017eos\u0165 bez nosenia viacer\u00fdch vape. The <strong data-start=\"828\" data-end=\"846\">0,8\u03a9 mesh \u0161pir\u00e1lka<\/strong> zvy\u0161uje produkciu pary a intenzitu chuti, zatia\u013e \u010do <strong data-start=\"905\" data-end=\"929\">r\u00fdchleho nab\u00edjania typu C<\/strong> udr\u017euje prestoje na minime.<\/p>\n<p data-start=\"962\" data-end=\"1207\">Kompaktn\u00fd a \u013eahko pou\u017eite\u013en\u00fd <strong data-start=\"991\" data-end=\"1012\">Bang Box 30K Vape<\/strong> kombinuje dlhotrvaj\u00faci v\u00fdkon s pr\u00e9miov\u00fdmi funkciami, \u010do z neho rob\u00ed siln\u00fa vo\u013ebu pre ve\u013ekoobchodn\u00edkov, maloobchodn\u00edkov a be\u017en\u00fdch pou\u017e\u00edvate\u013eov, ktor\u00ed h\u013eadaj\u00fa pohodlie du\u00e1lnej pr\u00edchute vo vysokokapacitnom jednorazovom zariaden\u00ed.<\/p>\n<figure id=\"attachment_3601\" aria-describedby=\"caption-attachment-3601\" style=\"width: 1024px\" class=\"wp-caption alignnone\"><img fetchpriority=\"high\" decoding=\"async\" class=\"size-large wp-image-3601\" src=\"https:\/\/vapestornado.com\/wp-content\/uploads\/2024\/12\/Bang-Box-30000-Puffs-Dual-Flavor-Cheap-Price-Dual-Flavor-Satisfaction-at-an-Affordable-1024x576.jpg\" alt=\"Bang Box 30000 Puffs Dual Flavor lacn\u00e1 cena Du\u00e1lna spokojnos\u0165 s pr\u00edchu\u0165ou za prijate\u013en\u00fa cenu\" width=\"1024\" height=\"576\" srcset=\"https:\/\/vapestornado.com\/wp-content\/uploads\/2024\/12\/Bang-Box-30000-Puffs-Dual-Flavor-Cheap-Price-Dual-Flavor-Satisfaction-at-an-Affordable-1024x576.jpg 1024w, https:\/\/vapestornado.com\/wp-content\/uploads\/2024\/12\/Bang-Box-30000-Puffs-Dual-Flavor-Cheap-Price-Dual-Flavor-Satisfaction-at-an-Affordable-300x169.jpg 300w, https:\/\/vapestornado.com\/wp-content\/uploads\/2024\/12\/Bang-Box-30000-Puffs-Dual-Flavor-Cheap-Price-Dual-Flavor-Satisfaction-at-an-Affordable-768x432.jpg 768w, https:\/\/vapestornado.com\/wp-content\/uploads\/2024\/12\/Bang-Box-30000-Puffs-Dual-Flavor-Cheap-Price-Dual-Flavor-Satisfaction-at-an-Affordable-1536x864.jpg 1536w, https:\/\/vapestornado.com\/wp-content\/uploads\/2024\/12\/Bang-Box-30000-Puffs-Dual-Flavor-Cheap-Price-Dual-Flavor-Satisfaction-at-an-Affordable-2048x1152.jpg 2048w, https:\/\/vapestornado.com\/wp-content\/uploads\/2024\/12\/Bang-Box-30000-Puffs-Dual-Flavor-Cheap-Price-Dual-Flavor-Satisfaction-at-an-Affordable-600x338.jpg 600w\" sizes=\"(max-width: 1024px) 100vw, 1024px\" \/><figcaption id=\"caption-attachment-3601\" class=\"wp-caption-text\">Bang Box 30000 Puffs Dual Flavor lacn\u00e1 cena Du\u00e1lna spokojnos\u0165 s pr\u00edchu\u0165ou za prijate\u013en\u00fa cenu<\/figcaption><\/figure>\n<p>&nbsp;<\/p>\n<h3>Vlastnosti produktu<\/h3>\n<ol>\n<li>Mas\u00edvnych 30 000+ potiahnut\u00ed s funkciou du\u00e1lnej pr\u00edchute pre maxim\u00e1lnu rozmanitos\u0165.<\/li>\n<li>Kapacita e-liquidu 35 ml pre dlh\u0161ie pou\u017e\u00edvanie bez \u010dastej v\u00fdmeny.<\/li>\n<li>850mAh nab\u00edjate\u013en\u00e1 bat\u00e9ria s r\u00fdchlym nab\u00edjan\u00edm Type-C.<\/li>\n<li>Pokro\u010dil\u00e1 0,8\u03a9 mesh cievka pre intenz\u00edvne pr\u00edchute a hladk\u00fa produkciu pary.<\/li>\n<li>Elegantn\u00fd, prenosn\u00fd dizajn ide\u00e1lny na vapovanie na cest\u00e1ch.<\/li>\n<\/ol>\n<h3>Zoznam pr\u00edchut\u00ed<\/h3>\n<ol>\n<li>Jahoda Kiwi\/Vodn\u00fd mel\u00f3n \u013dad<\/li>\n<li>Jahoda Kiwi\/Jahoda Vodn\u00fd mel\u00f3n<\/li>\n<li>Brosky\u0148ov\u00e1 \u0161\u0165ava\/\u010cu\u010doriedkov\u00fd \u013ead<\/li>\n<li>\u010cu\u010doriedkov\u00fd \u013ead\/Kiwi Mu\u010denka Guava<\/li>\n<li>\u010cu\u010doriedka Kysl\u00fd Malina \u013dad\/Zmie\u0161an\u00e9 ovocie<\/li>\n<li>Trojit\u00e9 bobu\u013eov\u00e9 ovocie \u013dad\/Jahoda Mango<\/li>\n<li>Vodn\u00fd mel\u00f3n \u017duva\u010dka\/Jahoda Vodn\u00fd mel\u00f3n<\/li>\n<li>\u010cu\u010doriedkov\u00fd \u013ead\/Vodn\u00fd mel\u00f3n \u013dad<\/li>\n<li>Jahoda Vodn\u00fd mel\u00f3n\/Kiwi Mu\u010denka Guava<\/li>\n<li>\u010cierny drak \u013dad\/Mango Brosky\u0148a Vodn\u00fd mel\u00f3n<\/li>\n<li>Modr\u00fd malinov\u00fd \u013ead\/Dvojit\u00e9 hrozno<\/li>\n<li>Modr\u00fd malinov\u00fd \u013ead\/Jahoda Mango<\/li>\n<li><\/li>\n<\/ol>\n<h4><strong>Bang box 30k Top 5 pr\u00edchut\u00ed<\/strong><\/h4>\n<ol>\n<li><strong>Jahoda Kiwi\/Vodn\u00fd mel\u00f3n \u013dad<\/strong>: Osvie\u017euj\u00faca zmes tropick\u00e9ho ovocia a \u013eadovej sladkosti.<\/li>\n<li><strong>Brosky\u0148ov\u00e1 \u0161\u0165ava\/\u010cu\u010doriedkov\u00fd \u013ead<\/strong>: Sladk\u00e1 brosky\u0148a sa stret\u00e1va s chladivou \u010du\u010doriedkou pre vyv\u00e1\u017een\u00fd vape.<\/li>\n<li><strong>\u010cu\u010doriedka Kysl\u00fd Malina \u013dad\/Zmie\u0161an\u00e9 ovocie<\/strong>: \u0160tip\u013eav\u00e9, sladk\u00e9 a \u013eadov\u00e9 v ka\u017edom potiahnut\u00ed.<\/li>\n<li><strong>Trojit\u00e9 bobu\u013eov\u00e9 ovocie \u013dad\/Jahoda Mango<\/strong>: Bobule a mango sa mie\u0161aj\u00fa pre ovocn\u00fa expl\u00f3ziu.<\/li>\n<li><strong>Modr\u00fd malinov\u00fd \u013ead\/Dvojit\u00e9 hrozno<\/strong>: Odv\u00e1\u017ena hroznov\u00e1 pr\u00edchu\u0165 sp\u00e1rovan\u00e1 s \u013eadovou modrou malinou.<\/li>\n<\/ol>\n<h4><strong>Pre\u010do si vybra\u0165 Bang Box 30k Puffs Dual Flavor?<\/strong><\/h4>\n<p>Bang Box 30000 Puffs Dual Flavor pon\u00faka v\u00fdnimo\u010dn\u00fa hodnotu a v\u0161estrannos\u0165 pre vaperov. Jeho syst\u00e9m s dvojitou pr\u00edchu\u0165ou umo\u017e\u0148uje pou\u017e\u00edvate\u013eom prep\u00edna\u0165 medzi dvoma jedine\u010dn\u00fdmi chu\u0165ov\u00fdmi profilmi v jednom zariaden\u00ed, \u010do zais\u0165uje pr\u00edjemn\u00fd a rozmanit\u00fd z\u00e1\u017eitok z vapovania. S vysokokapacitn\u00fdm 35ml vape liquidom a 850mAh nab\u00edjate\u013enou bat\u00e9riou je toto zariadenie stvoren\u00e9 pre dlh\u00fa \u017eivotnos\u0165, v\u010faka \u010domu je ide\u00e1lne pre n\u00e1ro\u010dn\u00fdch pou\u017e\u00edvate\u013eov alebo pre t\u00fdch, ktor\u00ed nemaj\u00fa radi \u010dast\u00e9 v\u00fdmeny. Pokro\u010dil\u00e1 technol\u00f3gia mesh coil 0,8\u03a9 zaru\u010duje hladk\u00e9, chutn\u00e9 a hust\u00e9 mraky pary, \u010d\u00edm pozdvihuje va\u0161e vapovacie sedenia. Okrem toho, jeho \u0161t\u00fdlov\u00fd dizajn a kompaktn\u00e1 ve\u013ekos\u0165 ho robia pohodln\u00fdm na nosenie kdeko\u013evek, zatia\u013e \u010do nab\u00edjac\u00ed port Type-C zais\u0165uje r\u00fdchle nab\u00edjanie. \u010ci u\u017e ste nad\u0161enec pr\u00edchut\u00ed alebo h\u013ead\u00e1te odolnos\u0165, tento produkt dod\u00e1 na ka\u017edej \u00farovni.<\/p>\n<h2><strong>Bang Box 30k Puffs Dual Flavor \u010cast\u00e9 ot\u00e1zky<\/strong><\/h2>\n<ol>\n<li><strong>Ko\u013eko potiahnut\u00ed poskytuje Bang Box 30000 Puffs Dual Flavor?<\/strong><br \/>\nPoskytuje viac ako 30 000 potiahnut\u00ed s funkciou du\u00e1lnej pr\u00edchute.<\/li>\n<li><strong>Je Bang Box 30000 Puffs Dual Flavor nab\u00edjate\u013en\u00fd?<\/strong><br \/>\n\u00c1no, m\u00e1 850mAh nab\u00edjate\u013en\u00fa bat\u00e9riu s nab\u00edjac\u00edm portom Type-C.<\/li>\n<li><strong>\u010co rob\u00ed syst\u00e9m s dvojitou pr\u00edchu\u0165ou jedine\u010dn\u00fdm?<\/strong><br \/>\nZariadenie umo\u017e\u0148uje bezprobl\u00e9mov\u00e9 prep\u00ednanie medzi dvoma pr\u00edchu\u0165ami, \u010do pon\u00faka rozmanitos\u0165 v jednom vape.<\/li>\n<li><strong>Ak\u00fa technol\u00f3giu coilu toto zariadenie pou\u017e\u00edva?<\/strong><br \/>\nPou\u017e\u00edva mesh coil 0,8\u03a9 pre vylep\u0161en\u00fa pr\u00edchu\u0165 a produkciu pary.<\/li>\n<li><strong>Ko\u013eko pr\u00edchu\u0165ov\u00fdch kombin\u00e1ci\u00ed je k dispoz\u00edcii?<\/strong><br \/>\nM\u00f4\u017eete si vybra\u0165 z 12 vzru\u0161uj\u00facich kombin\u00e1ci\u00ed dvoch pr\u00edchut\u00ed.<\/li>\n<\/ol>\n<h4>Bang Box Dual Flavor 30000 vapes ve\u013ekoobchod Kontaktujte a z\u00edskajte z\u013eavu teraz!<a href=\"https:\/\/wa.me\/8618077105750\" target=\"_blank\" rel=\"noopener\">+8618077105750<\/a><\/h4>\n<p><img decoding=\"async\" class=\"size-large wp-image-2921\" src=\"https:\/\/vapestornado.com\/wp-content\/uploads\/2024\/11\/20062b3a285f900e79520aad496b94d-887x1024.jpg\" alt=\"vapestornado Vicky\" width=\"887\" height=\"1024\" srcset=\"https:\/\/vapestornado.com\/wp-content\/uploads\/2024\/11\/20062b3a285f900e79520aad496b94d-887x1024.jpg 887w, https:\/\/vapestornado.com\/wp-content\/uploads\/2024\/11\/20062b3a285f900e79520aad496b94d-260x300.jpg 260w, https:\/\/vapestornado.com\/wp-content\/uploads\/2024\/11\/20062b3a285f900e79520aad496b94d-768x887.jpg 768w, https:\/\/vapestornado.com\/wp-content\/uploads\/2024\/11\/20062b3a285f900e79520aad496b94d-600x693.jpg 600w, https:\/\/vapestornado.com\/wp-content\/uploads\/2024\/11\/20062b3a285f900e79520aad496b94d.jpg 1080w\" sizes=\"(max-width: 887px) 100vw, 887px\" \/><\/p>","protected":false},"excerpt":{"rendered":"<p>Bang Box 30000 Puffs Dual Flavor pon\u00faka 30 000+ potiahnut\u00ed, du\u00e1lne pr\u00edchute, nab\u00edjate\u013en\u00fa bat\u00e9riu a 0,8\u03a9 mesh cievku pre intenz\u00edvnu chu\u0165.<\/p>\n<p><strong><span style=\"color: #ff0000;\">(cena na na\u0161ej webovej str\u00e1nke nezah\u0155\u0148a n\u00e1klady na dopravu, kontaktujte ma, aby ste z\u00edskali celkov\u00fa cenu a va\u0161u z\u013eavu!)<\/span><\/strong><\/p>\n<p><img decoding=\"async\" class=\"size-medium wp-image-2921\" src=\"https:\/\/vapestornado.com\/wp-content\/uploads\/2024\/11\/20062b3a285f900e79520aad496b94d-260x300.jpg\" alt=\"vapestornado Vicky\" width=\"260\" height=\"300\" srcset=\"https:\/\/vapestornado.com\/wp-content\/uploads\/2024\/11\/20062b3a285f900e79520aad496b94d-260x300.jpg 260w, https:\/\/vapestornado.com\/wp-content\/uploads\/2024\/11\/20062b3a285f900e79520aad496b94d-887x1024.jpg 887w, https:\/\/vapestornado.com\/wp-content\/uploads\/2024\/11\/20062b3a285f900e79520aad496b94d-768x887.jpg 768w, https:\/\/vapestornado.com\/wp-content\/uploads\/2024\/11\/20062b3a285f900e79520aad496b94d-600x693.jpg 600w, https:\/\/vapestornado.com\/wp-content\/uploads\/2024\/11\/20062b3a285f900e79520aad496b94d.jpg 1080w\" sizes=\"(max-width: 260px) 100vw, 260px\" \/><\/p>","protected":false},"featured_media":3605,"comment_status":"open","ping_status":"closed","template":"","meta":{"_acf_changed":false,"_uag_custom_page_level_css":"","_lmt_disableupdate":"no","_lmt_disable":"","_monsterinsights_skip_tracking":false,"_monsterinsights_sitenote_active":false,"_monsterinsights_sitenote_note":"","_monsterinsights_sitenote_category":0,"site-sidebar-layout":"default","site-content-layout":"","ast-site-content-layout":"default","site-content-style":"default","site-sidebar-style":"default","ast-global-header-display":"","ast-banner-title-visibility":"","ast-main-header-display":"","ast-hfb-above-header-display":"","ast-hfb-below-header-display":"","ast-hfb-mobile-header-display":"","site-post-title":"","ast-breadcrumbs-content":"","ast-featured-img":"","footer-sml-layout":"","ast-disable-related-posts":"","theme-transparent-header-meta":"default","adv-header-id-meta":"","stick-header-meta":"","header-above-stick-meta":"","header-main-stick-meta":"","header-below-stick-meta":"","astra-migrate-meta-layouts":"set","ast-page-background-enabled":"default","ast-page-background-meta":{"desktop":{"background-color":"","background-image":"","background-repeat":"repeat","background-position":"center center","background-size":"auto","background-attachment":"scroll","background-type":"","background-media":"","overlay-type":"","overlay-color":"","overlay-opacity":"","overlay-gradient":""},"tablet":{"background-color":"","background-image":"","background-repeat":"repeat","background-position":"center center","background-size":"auto","background-attachment":"scroll","background-type":"","background-media":"","overlay-type":"","overlay-color":"","overlay-opacity":"","overlay-gradient":""},"mobile":{"background-color":"","background-image":"","background-repeat":"repeat","background-position":"center center","background-size":"auto","background-attachment":"scroll","background-type":"","background-media":"","overlay-type":"","overlay-color":"","overlay-opacity":"","overlay-gradient":""}},"ast-content-background-meta":{"desktop":{"background-color":"var(--ast-global-color-5)","background-image":"","background-repeat":"repeat","background-position":"center center","background-size":"auto","background-attachment":"scroll","background-type":"","background-media":"","overlay-type":"","overlay-color":"","overlay-opacity":"","overlay-gradient":""},"tablet":{"background-color":"var(--ast-global-color-5)","background-image":"","background-repeat":"repeat","background-position":"center center","background-size":"auto","background-attachment":"scroll","background-type":"","background-media":"","overlay-type":"","overlay-color":"","overlay-opacity":"","overlay-gradient":""},"mobile":{"background-color":"var(--ast-global-color-5)","background-image":"","background-repeat":"repeat","background-position":"center center","background-size":"auto","background-attachment":"scroll","background-type":"","background-media":"","overlay-type":"","overlay-color":"","overlay-opacity":"","overlay-gradient":""}},"_joinchat":{"telephone":"+8618077105750"}},"product_brand":[],"product_cat":[67,64,153,154,159,143,144,146],"product_tag":[],"class_list":{"0":"post-3599","1":"product","2":"type-product","3":"status-publish","4":"has-post-thumbnail","6":"product_cat-30000-puff","7":"product_cat-bangbox-vape","8":"product_cat-buy-disposable-vapes-in-italy","9":"product_cat-buy-disposable-vapes-in-netherlands","10":"product_cat-buy-disposable-vapes-in-sweden","11":"product_cat-dual-mesh-disposable-vapes","12":"product_cat-low-nicotine-disposable-vapes","13":"product_cat-rechargeable-disposable-vapes","14":"desktop-align-left","15":"tablet-align-left","16":"mobile-align-left","18":"first","19":"instock","20":"sale","21":"shipping-taxable","22":"purchasable","23":"product-type-simple"},"acf":[],"uagb_featured_image_src":{"full":["https:\/\/vapestornado.com\/wp-content\/uploads\/2024\/12\/Bang-Box-30000-Puffs-Dual-Flavor-Review-Explore-Its-Unique-Dual-Flavor-Technology.jpg",939,935,false],"thumbnail":["https:\/\/vapestornado.com\/wp-content\/uploads\/2024\/12\/Bang-Box-30000-Puffs-Dual-Flavor-Review-Explore-Its-Unique-Dual-Flavor-Technology-150x150.jpg",150,150,true],"medium":["https:\/\/vapestornado.com\/wp-content\/uploads\/2024\/12\/Bang-Box-30000-Puffs-Dual-Flavor-Review-Explore-Its-Unique-Dual-Flavor-Technology-300x300.jpg",300,300,true],"medium_large":["https:\/\/vapestornado.com\/wp-content\/uploads\/2024\/12\/Bang-Box-30000-Puffs-Dual-Flavor-Review-Explore-Its-Unique-Dual-Flavor-Technology-768x765.jpg",768,765,true],"large":["https:\/\/vapestornado.com\/wp-content\/uploads\/2024\/12\/Bang-Box-30000-Puffs-Dual-Flavor-Review-Explore-Its-Unique-Dual-Flavor-Technology.jpg",939,935,false],"1536x1536":["https:\/\/vapestornado.com\/wp-content\/uploads\/2024\/12\/Bang-Box-30000-Puffs-Dual-Flavor-Review-Explore-Its-Unique-Dual-Flavor-Technology.jpg",939,935,false],"2048x2048":["https:\/\/vapestornado.com\/wp-content\/uploads\/2024\/12\/Bang-Box-30000-Puffs-Dual-Flavor-Review-Explore-Its-Unique-Dual-Flavor-Technology.jpg",939,935,false],"trp-custom-language-flag":["https:\/\/vapestornado.com\/wp-content\/uploads\/2024\/12\/Bang-Box-30000-Puffs-Dual-Flavor-Review-Explore-Its-Unique-Dual-Flavor-Technology.jpg",12,12,false],"woocommerce_thumbnail":["https:\/\/vapestornado.com\/wp-content\/uploads\/2024\/12\/Bang-Box-30000-Puffs-Dual-Flavor-Review-Explore-Its-Unique-Dual-Flavor-Technology-300x300.jpg",300,300,true],"woocommerce_single":["https:\/\/vapestornado.com\/wp-content\/uploads\/2024\/12\/Bang-Box-30000-Puffs-Dual-Flavor-Review-Explore-Its-Unique-Dual-Flavor-Technology-600x597.jpg",600,597,true],"woocommerce_gallery_thumbnail":["https:\/\/vapestornado.com\/wp-content\/uploads\/2024\/12\/Bang-Box-30000-Puffs-Dual-Flavor-Review-Explore-Its-Unique-Dual-Flavor-Technology-100x100.jpg",100,100,true]},"uagb_author_info":{"display_name":"ESvicky","author_link":"https:\/\/vapestornado.com\/sk\/author\/"},"uagb_comment_info":0,"uagb_excerpt":"Bang Box 30000 Puffs Dual Flavor delivers 30,000+ puffs, dual flavors, rechargeable battery, and 0.8\u03a9 mesh coil for intense flavor. (our website price not include shipping cost, please contact me to get whole price and your disccount!)","_links":{"self":[{"href":"https:\/\/vapestornado.com\/sk\/wp-json\/wp\/v2\/product\/3599","targetHints":{"allow":["GET"]}}],"collection":[{"href":"https:\/\/vapestornado.com\/sk\/wp-json\/wp\/v2\/product"}],"about":[{"href":"https:\/\/vapestornado.com\/sk\/wp-json\/wp\/v2\/types\/product"}],"replies":[{"embeddable":true,"href":"https:\/\/vapestornado.com\/sk\/wp-json\/wp\/v2\/comments?post=3599"}],"wp:featuredmedia":[{"embeddable":true,"href":"https:\/\/vapestornado.com\/sk\/wp-json\/wp\/v2\/media\/3605"}],"wp:attachment":[{"href":"https:\/\/vapestornado.com\/sk\/wp-json\/wp\/v2\/media?parent=3599"}],"wp:term":[{"taxonomy":"product_brand","embeddable":true,"href":"https:\/\/vapestornado.com\/sk\/wp-json\/wp\/v2\/product_brand?post=3599"},{"taxonomy":"product_cat","embeddable":true,"href":"https:\/\/vapestornado.com\/sk\/wp-json\/wp\/v2\/product_cat?post=3599"},{"taxonomy":"product_tag","embeddable":true,"href":"https:\/\/vapestornado.com\/sk\/wp-json\/wp\/v2\/product_tag?post=3599"}],"curies":[{"name":"wp","href":"https:\/\/api.w.org\/{rel}","templated":true}]}}