{"id":3568,"date":"2024-12-31T08:17:50","date_gmt":"2024-12-31T08:17:50","guid":{"rendered":"https:\/\/vapestornado.com\/?post_type=product&#038;p=3568"},"modified":"2025-08-23T09:40:26","modified_gmt":"2025-08-23T09:40:26","slug":"vookbar-cyber-pro-3000-puffs-wholesale-e-cigarette-hookah-vape","status":"publish","type":"product","link":"https:\/\/vapestornado.com\/sk\/product\/vookbar-cyber-pro-3000-puffs-wholesale-e-cigarette-hookah-vape\/","title":{"rendered":"Vookbar Cyber PRO 30000 Puffs Ve\u013ekoobchodn\u00e1 e-cigareta Vodn\u00e1 fajka Vape"},"content":{"rendered":"<h1>Vookbar Cyber PRO 3000 Puffs Ve\u013ekoobchodn\u00e1 E-cigareta Shisha<\/h1>\n<p>&nbsp;<\/p>\n<div role=\"article\" data-tabster=\"{&quot;groupper&quot;:{&quot;tabbability&quot;:2},&quot;focusable&quot;:{}}\" data-content=\"ai-message\" aria-labelledby=\"64JRvXrTnY7mRmPkEQLLT-author 64JRvXrTnY7mRmPkEQLLT-content\">\n<div id=\"64JRvXrTnY7mRmPkEQLLT-content\">\n<p data-start=\"513\" data-end=\"779\">Ahoj! V tejto chv\u00edli ti neviem pom\u00f4c\u0165 s tvojou po\u017eiadavkou. M\u00f4\u017eem ti v\u0161ak pom\u00f4c\u0165 s prekladom akejko\u013evek tvojej po\u017eiadavky. Ak m\u00e1\u0161 z\u00e1ujem, r\u00e1d ti pom\u00f4\u017eem s \u010fal\u0161\u00edmi prekladmi. <strong data-start=\"517\" data-end=\"565\">Vookbar Cyber PRO 3000 \u0164ahov Jednorazov\u00e1 Vape<\/strong> je navrhnut\u00fd pre plynul\u00fd v\u00fdkon, \u0161t\u00fdlov\u00fd dizajn a ve\u013ekoobchodn\u00fa hodnotu. S a\u017e <strong data-start=\"650\" data-end=\"665\">3 000 \u0165ahmi<\/strong> na zariadenie, poskytuje spo\u013eahliv\u00fa mo\u017enos\u0165 pre vaperov, ktor\u00ed chc\u00fa pohodlie aj kvalitu v kompaktnom form\u00e1te.<\/p>\n<p data-start=\"781\" data-end=\"1194\">Vybaven\u00e9 <strong data-start=\"798\" data-end=\"829\">850mAh dob\u00edjate\u013enou bat\u00e9riou<\/strong> a <strong data-start=\"834\" data-end=\"858\">r\u00fdchleho nab\u00edjania typu C<\/strong>, Cyber PRO zais\u0165uje konzistentn\u00fd v\u00fdkon. Jeho <strong data-start=\"904\" data-end=\"932\">22 ml predplnenej e-kvapaliny<\/strong> s <strong data-start=\"938\" data-end=\"962\">5 % silou nikot\u00ednu<\/strong> poskytuje uspokojiv\u00e9 priame z\u00e1sahy do p\u013e\u00fac (DTL) a v\u00fdrazn\u00fa intenzitu chuti. Vyroben\u00e9 z pr\u00e9miov\u00fdch ingredienci\u00ed vr\u00e1tane rastlinn\u00e9ho glycer\u00ednu, propyl\u00e9nglykolu a pr\u00edrodn\u00fdch ar\u00f3m, zaru\u010duje bohat\u00fa a hladk\u00fa paru od za\u010diatku do konca.<\/p>\n<p data-start=\"1196\" data-end=\"1407\">Kombin\u00e1cia elegantnej estetiky s pokro\u010dilou technol\u00f3giou cievok, <strong data-start=\"1258\" data-end=\"1290\">Vookbar Cyber PRO 3000 \u0164ahov<\/strong> je ide\u00e1lny pre vape obchody, distrib\u00fatorov a spotrebite\u013eov, ktor\u00ed h\u013eadaj\u00fa kompaktn\u00fd, ale v\u00fdkonn\u00fd <strong data-start=\"1379\" data-end=\"1404\">ve\u013ekoobchodn\u00fd hookah vape<\/strong>.<\/p>\n<figure id=\"attachment_3596\" aria-describedby=\"caption-attachment-3596\" style=\"width: 572px\" class=\"wp-caption alignnone\"><img fetchpriority=\"high\" decoding=\"async\" class=\"wp-image-3596\" src=\"https:\/\/vapestornado.com\/wp-content\/uploads\/2024\/12\/Vookbar-3000-Puffs-Hot-Sale-Disposable-Vapes-Germany.jpg\" alt=\"Vookbar 3000 Puffs Hor\u00faci Predaj Jednorazov\u00e9 Shisha Slovensk\u00e1 republika\" width=\"572\" height=\"572\" srcset=\"https:\/\/vapestornado.com\/wp-content\/uploads\/2024\/12\/Vookbar-3000-Puffs-Hot-Sale-Disposable-Vapes-Germany.jpg 800w, https:\/\/vapestornado.com\/wp-content\/uploads\/2024\/12\/Vookbar-3000-Puffs-Hot-Sale-Disposable-Vapes-Germany-300x300.jpg 300w, https:\/\/vapestornado.com\/wp-content\/uploads\/2024\/12\/Vookbar-3000-Puffs-Hot-Sale-Disposable-Vapes-Germany-150x150.jpg 150w, https:\/\/vapestornado.com\/wp-content\/uploads\/2024\/12\/Vookbar-3000-Puffs-Hot-Sale-Disposable-Vapes-Germany-768x768.jpg 768w, https:\/\/vapestornado.com\/wp-content\/uploads\/2024\/12\/Vookbar-3000-Puffs-Hot-Sale-Disposable-Vapes-Germany-600x600.jpg 600w, https:\/\/vapestornado.com\/wp-content\/uploads\/2024\/12\/Vookbar-3000-Puffs-Hot-Sale-Disposable-Vapes-Germany-100x100.jpg 100w\" sizes=\"(max-width: 572px) 100vw, 572px\" \/><figcaption id=\"caption-attachment-3596\" class=\"wp-caption-text\">Vookbar 3000 Puffs Hor\u00faci Predaj Jednorazov\u00e9 Shisha Slovensk\u00e1 republika<\/figcaption><\/figure>\n<\/div>\n<\/div>\n<p><img decoding=\"async\" class=\"alignleft wp-image-2951 size-medium\" src=\"https:\/\/vapestornado.com\/wp-content\/uploads\/2024\/12\/Wholesale-Disposable-Vape-265x300.jpg\" alt=\"Ve\u013ekoobchodn\u00fd Jednorazov\u00fd Vape\" width=\"265\" height=\"300\" srcset=\"https:\/\/vapestornado.com\/wp-content\/uploads\/2024\/12\/Wholesale-Disposable-Vape-265x300.jpg 265w, https:\/\/vapestornado.com\/wp-content\/uploads\/2024\/12\/Wholesale-Disposable-Vape-768x871.jpg 768w, https:\/\/vapestornado.com\/wp-content\/uploads\/2024\/12\/Wholesale-Disposable-Vape-600x680.jpg 600w, https:\/\/vapestornado.com\/wp-content\/uploads\/2024\/12\/Wholesale-Disposable-Vape.jpg 823w\" sizes=\"(max-width: 265px) 100vw, 265px\" \/><\/p>\n<h6>Pre z\u013eavnen\u00fa cenu kontaktujte Mandy na WhatsApp<a href=\"https:\/\/wa.me\/8618077105796\" target=\"_blank\" rel=\"noopener\">+8618077105796<\/a><\/h6>\n<div class=\"flex max-w-full flex-col flex-grow\">\n<div class=\"min-h-8 text-message flex w-full flex-col items-end gap-2 whitespace-normal break-words text-start [.text-message+&amp;]:mt-5\" dir=\"auto\" data-message-author-role=\"assistant\" data-message-id=\"cdb991c0-f594-4bff-b2d5-fbbdd7ce9e54\" data-message-model-slug=\"gpt-4o-mini\">\n<div class=\"flex w-full flex-col gap-1 empty:hidden first:pt-[3px]\">\n<div class=\"markdown prose w-full break-words dark:prose-invert light\"><\/div>\n<\/div>\n<\/div>\n<\/div>\n<div class=\"mb-2 flex gap-3 empty:hidden -ml-2\">\n<h2><strong>Vookbar Cyber PRO 30000 Pufov <\/strong>V\u00fdnimo\u010dn\u00e9 vlastnosti:<\/h2>\n<ul>\n<li><strong>P\u00f4sobiv\u00fd po\u010det potiahnut\u00ed<\/strong>: A\u017e 30 000 potiahnut\u00ed na jedno zariadenie pre pred\u013a\u017een\u00e9 vapovacie sedenia.<\/li>\n<li><strong>Bat\u00e9ria<\/strong>: 850mAh nab\u00edjate\u013en\u00e1 bat\u00e9ria zais\u0165uje konzistentn\u00fd v\u00fdkon.<\/li>\n<li><strong>Kapacita E-liquidu<\/strong>: 22 ml pr\u00e9miov\u00e9ho e-liquidu.<\/li>\n<li><strong>Sila nikot\u00ednu<\/strong>: 2% nikot\u00edn pre jemn\u00fd, uspokojiv\u00fd \u00fader.<\/li>\n<li><strong>Pr\u00e9miov\u00e9 zlo\u017eky<\/strong>: Obsahuje rastlinn\u00fd glycer\u00edn, propyl\u00e9nglykol, nikot\u00edn a pr\u00edrodn\u00e9<\/li>\n<li><strong>\u0160t\u00fdl vapovania<\/strong>: Navrhnut\u00e9 pre nad\u0161encov priameho \u0165ahania do p\u013e\u00fac (DTL), ktor\u00ed h\u013eadaj\u00fa bohat\u00e9 mraky a intenz\u00edvnu chu\u0165.<\/li>\n<li><strong>U\u017e\u00edvate\u013esky pr\u00edvetiv\u00fd dizajn<\/strong>: Kompaktn\u00e9, elegantn\u00e9 a pripraven\u00e9 na okam\u017eit\u00e9 pou\u017eitie.<\/li>\n<\/ul>\n<\/div>\n<h2>Zoznam pr\u00edchut\u00ed Vookbar Cyber PRO 3000 potiahnut\u00ed:<\/h2>\n<p>1.\u013dadov\u00e1 modr\u00e1 malina<br \/>\n2.\u013dadov\u00e1 brosky\u0148a<br \/>\n3.\u013dadov\u00e9 hrozno<br \/>\n4.Jahodov\u00fd mel\u00f3n<br \/>\n5.Jahodov\u00fd ban\u00e1n<br \/>\n6.\u010cere\u0161\u0148ov\u00fd mel\u00f3n<br \/>\n7.\u013dadov\u00fd mel\u00f3n<br \/>\n8.Brosky\u0148ov\u00e9 mango<br \/>\n9.Jahodov\u00e9 kivi<br \/>\n10.\u013dadov\u00e1 biela jahoda<br \/>\n11.\u013dadov\u00fd biely gumov\u00fd medved\u00edk<br \/>\n12.Mrazen\u00e1 pinacolada<br \/>\n13.Fucking fab<br \/>\n14.Mojito so zmesou bob\u00fa\u013e<\/p>\n<div role=\"article\" data-tabster=\"{&quot;groupper&quot;:{&quot;tabbability&quot;:2},&quot;focusable&quot;:{}}\" data-content=\"ai-message\" aria-labelledby=\"dARUyEWDoEYhnSPXFwx5A-author dARUyEWDoEYhnSPXFwx5A-content\">\n<div id=\"dARUyEWDoEYhnSPXFwx5A-content\">\n<h2>Pre\u010do si vybra\u0165 Vookbar Cyber PRO 3000 potiahnut\u00ed <strong>\u00a0<\/strong>at <a href=\"https:\/\/vapestornado.com\/sk\/product\/bang-box-35k-puffs-high-capacity-long-lasting-disposable-vape\/\">vapestornado.com?<\/a><\/h2>\n<ul>\n<li><strong>Vysok\u00e1 kapacita \u0165ahov<\/strong>: S vynikaj\u00facim <strong>30 000 \u0165ahov<\/strong>, Vookbar Cyber PRO 30000 potiahnut\u00ed zais\u0165uje dlhotrvaj\u00face pou\u017e\u00edvanie, v\u010faka \u010domu je ob\u013e\u00fabenou vo\u013ebou medzi z\u00e1kazn\u00edkmi, ktor\u00ed h\u013eadaj\u00fa hodnotu a pohodlie.<\/li>\n<li><strong>Pr\u00e9miov\u00e1 kvalita<\/strong>: S <strong>kapacitou 22 ml e-liquidu<\/strong> a 2<strong>% obsahom nikot\u00ednu<\/strong>, toto zariadenie poskytuje bohat\u00fa chu\u0165 a uspokojiv\u00e9 potiahnutia, vyroben\u00e9 z vysokokvalitn\u00fdch surov\u00edn, ako s\u00fa <strong>rastlinn\u00fd glycer\u00edn, propyl\u00e9nglykol a pr\u00edrodn\u00e9 ar\u00f3my<\/strong>.<\/li>\n<li><strong>Pokro\u010dil\u00e1 technol\u00f3gia<\/strong>: Poh\u00e1\u0148an\u00e9 <strong>850mAh dob\u00edjate\u013enou bat\u00e9riou<\/strong>, t\u00e1to e-cigareta zaru\u010duje konzistentn\u00fd v\u00fdkon a podporuje dlh\u00e9 vapovacie sedenia, \u010do je ide\u00e1lne pre nad\u0161encov priameho \u0165ahania do p\u013e\u00fac (DTL).<\/li>\n<li><strong>Elegantn\u00fd a kompaktn\u00fd dizajn<\/strong>: Vookbar Cyber PRO sp\u00e1ja modern\u00fa estetiku s u\u017e\u00edvate\u013esky pr\u00edvetivou funk\u010dnos\u0165ou, v\u010faka \u010domu je atrakt\u00edvne pre \u0161irok\u00fd okruh z\u00e1kazn\u00edkov.<\/li>\n<li><strong>Priate\u013esk\u00e9 pre ve\u013ekoobchod<\/strong>: Tento produkt, dostupn\u00fd za konkurencieschopn\u00e9 ceny na <strong>vapestornado.sk<\/strong>, je ide\u00e1lny pre hromadn\u00e9 n\u00e1kupy, \u010do zais\u0165uje vynikaj\u00face ziskov\u00e9 mar\u017ee pre va\u0161e podnikanie.<\/li>\n<li><strong>Dopyt na trhu<\/strong>: S pr\u00e9miov\u00fdmi funkciami a vysok\u00fdm po\u010dtom \u0165ahov uspokojuje Vookbar Cyber PRO rast\u00faci trh s luxusn\u00fdmi spotrebite\u013emi vape, \u010do zvy\u0161uje atraktivitu v\u00e1\u0161ho podnikania.<\/li>\n<\/ul>\n<\/div>\n<\/div>\n<h2>\u010cast\u00e9 ot\u00e1zky o Vookbar Cyber PRO 3000 Puffs\u00a0 Vape Pods<\/h2>\n<p><strong>1. Ko\u013eko \u0165ahov poskytuje Vookbar Cyber PRO 30000?<\/strong><br \/>\nVookbar Cyber PRO pon\u00faka p\u00f4sobiv\u00fdch <strong>30 000 \u0165ahov<\/strong>, \u010do z neho rob\u00ed jednu z najdlh\u0161ie trvaj\u00facich jednorazov\u00fdch vape na trhu.<\/p>\n<p><strong>2. Ak\u00e1 je kapacita e-liquidu tohto zariadenia?<\/strong><br \/>\nKa\u017ed\u00fd pod Vookbar Cyber PRO obsahuje <strong>22ml e-liquidu<\/strong>, \u010do zais\u0165uje konzistentn\u00fa a bohat\u00fa chu\u0165 po\u010das celej \u017eivotnosti.<\/p>\n<p><strong>3. Ak\u00e1 je sila nikot\u00ednu vo Vookbar Vape Cyber PRO 30k PUFFS?<\/strong><br \/>\nZariadenie obsahuje <strong>5 % silou nikot\u00ednu<\/strong>, ide\u00e1lne pre vaperov, ktor\u00ed h\u013eadaj\u00fa hladk\u00fd a uspokojiv\u00fd \u0165ah.<\/p>\n<p><strong>4. Je Vookbar Cyber PRO nab\u00edjate\u013en\u00fd?<\/strong><br \/>\n\u00c1no, je poh\u00e1\u0148an\u00fd <strong>850mAh dob\u00edjate\u013enou bat\u00e9riou<\/strong> s konzistentn\u00fdm v\u00fdkonom pre dlh\u0161ie vapovacie sedenia.<\/p>\n<p><strong>5. Ak\u00fd prenosn\u00fd je Vookbar Cyber PRO?<\/strong><br \/>\nElegantn\u00fd a kompaktn\u00fd dizajn ho rob\u00ed ide\u00e1lnym na cesty, sp\u00e1jaj\u00fac pohodlie s prvotriednym v\u00fdkonom.<\/p>","protected":false},"excerpt":{"rendered":"<p>Vookbar Cyber PRO 3000 Puffs je pr\u00e9miov\u00e1 ve\u013ekoobchodn\u00e1 e-cigareta shisha, ktor\u00e1 pon\u00faka dlhotrvaj\u00face potiahnutia, jemn\u00fa chu\u0165 a elegantn\u00fd dizajn. Ide\u00e1lna na n\u00e1kup vo ve\u013ekom.<\/p>\n<figure id=\"attachment_2951\" aria-describedby=\"caption-attachment-2951\" style=\"width: 265px\" class=\"wp-caption alignnone\"><img decoding=\"async\" class=\"size-medium wp-image-2951\" src=\"https:\/\/vapestornado.com\/wp-content\/uploads\/2024\/12\/Wholesale-Disposable-Vape-265x300.jpg\" alt=\"Ve\u013ekoobchodn\u00fd Jednorazov\u00fd Vape\" width=\"265\" height=\"300\" srcset=\"https:\/\/vapestornado.com\/wp-content\/uploads\/2024\/12\/Wholesale-Disposable-Vape-265x300.jpg 265w, https:\/\/vapestornado.com\/wp-content\/uploads\/2024\/12\/Wholesale-Disposable-Vape-768x871.jpg 768w, https:\/\/vapestornado.com\/wp-content\/uploads\/2024\/12\/Wholesale-Disposable-Vape-600x680.jpg 600w, https:\/\/vapestornado.com\/wp-content\/uploads\/2024\/12\/Wholesale-Disposable-Vape.jpg 823w\" sizes=\"(max-width: 265px) 100vw, 265px\" \/><figcaption id=\"caption-attachment-2951\" class=\"wp-caption-text\">Pre z\u013eavnen\u00fa cenu kontaktujte Mandy na WhatsApp\u00a0 <a href=\"https:\/\/wa.me\/8618077105796\">+8618077105796<\/a><\/figcaption><\/figure>\n<p>&nbsp;<\/p>","protected":false},"featured_media":3592,"comment_status":"open","ping_status":"closed","template":"","meta":{"_acf_changed":false,"_uag_custom_page_level_css":"","_lmt_disableupdate":"no","_lmt_disable":"","_monsterinsights_skip_tracking":false,"_monsterinsights_sitenote_active":false,"_monsterinsights_sitenote_note":"","_monsterinsights_sitenote_category":0,"site-sidebar-layout":"default","site-content-layout":"","ast-site-content-layout":"default","site-content-style":"default","site-sidebar-style":"default","ast-global-header-display":"","ast-banner-title-visibility":"","ast-main-header-display":"","ast-hfb-above-header-display":"","ast-hfb-below-header-display":"","ast-hfb-mobile-header-display":"","site-post-title":"","ast-breadcrumbs-content":"","ast-featured-img":"","footer-sml-layout":"","ast-disable-related-posts":"","theme-transparent-header-meta":"default","adv-header-id-meta":"","stick-header-meta":"","header-above-stick-meta":"","header-main-stick-meta":"","header-below-stick-meta":"","astra-migrate-meta-layouts":"set","ast-page-background-enabled":"default","ast-page-background-meta":{"desktop":{"background-color":"","background-image":"","background-repeat":"repeat","background-position":"center center","background-size":"auto","background-attachment":"scroll","background-type":"","background-media":"","overlay-type":"","overlay-color":"","overlay-opacity":"","overlay-gradient":""},"tablet":{"background-color":"","background-image":"","background-repeat":"repeat","background-position":"center center","background-size":"auto","background-attachment":"scroll","background-type":"","background-media":"","overlay-type":"","overlay-color":"","overlay-opacity":"","overlay-gradient":""},"mobile":{"background-color":"","background-image":"","background-repeat":"repeat","background-position":"center center","background-size":"auto","background-attachment":"scroll","background-type":"","background-media":"","overlay-type":"","overlay-color":"","overlay-opacity":"","overlay-gradient":""}},"ast-content-background-meta":{"desktop":{"background-color":"var(--ast-global-color-5)","background-image":"","background-repeat":"repeat","background-position":"center center","background-size":"auto","background-attachment":"scroll","background-type":"","background-media":"","overlay-type":"","overlay-color":"","overlay-opacity":"","overlay-gradient":""},"tablet":{"background-color":"var(--ast-global-color-5)","background-image":"","background-repeat":"repeat","background-position":"center center","background-size":"auto","background-attachment":"scroll","background-type":"","background-media":"","overlay-type":"","overlay-color":"","overlay-opacity":"","overlay-gradient":""},"mobile":{"background-color":"var(--ast-global-color-5)","background-image":"","background-repeat":"repeat","background-position":"center center","background-size":"auto","background-attachment":"scroll","background-type":"","background-media":"","overlay-type":"","overlay-color":"","overlay-opacity":"","overlay-gradient":""}},"_joinchat":{"telephone":"+8618077105796"}},"product_brand":[],"product_cat":[67,140,153,157],"product_tag":[97,188],"class_list":{"0":"post-3568","1":"product","2":"type-product","3":"status-publish","4":"has-post-thumbnail","6":"product_cat-30000-puff","7":"product_cat-big-puffs-disposable-vapes","8":"product_cat-buy-disposable-vapes-in-italy","9":"product_cat-buy-disposable-vapes-in-portugal","10":"product_tag-hot-sale-disposable-vape","11":"product_tag-vookbar-cyber-pro-30000-puffs","12":"desktop-align-left","13":"tablet-align-left","14":"mobile-align-left","16":"first","17":"instock","18":"sale","19":"shipping-taxable","20":"purchasable","21":"product-type-simple"},"acf":[],"uagb_featured_image_src":{"full":["https:\/\/vapestornado.com\/wp-content\/uploads\/2024\/12\/Vookbar-3000-Puff-Vapes-Cheap-Price.jpg",800,800,false],"thumbnail":["https:\/\/vapestornado.com\/wp-content\/uploads\/2024\/12\/Vookbar-3000-Puff-Vapes-Cheap-Price-150x150.jpg",150,150,true],"medium":["https:\/\/vapestornado.com\/wp-content\/uploads\/2024\/12\/Vookbar-3000-Puff-Vapes-Cheap-Price-300x300.jpg",300,300,true],"medium_large":["https:\/\/vapestornado.com\/wp-content\/uploads\/2024\/12\/Vookbar-3000-Puff-Vapes-Cheap-Price-768x768.jpg",768,768,true],"large":["https:\/\/vapestornado.com\/wp-content\/uploads\/2024\/12\/Vookbar-3000-Puff-Vapes-Cheap-Price.jpg",800,800,false],"1536x1536":["https:\/\/vapestornado.com\/wp-content\/uploads\/2024\/12\/Vookbar-3000-Puff-Vapes-Cheap-Price.jpg",800,800,false],"2048x2048":["https:\/\/vapestornado.com\/wp-content\/uploads\/2024\/12\/Vookbar-3000-Puff-Vapes-Cheap-Price.jpg",800,800,false],"trp-custom-language-flag":["https:\/\/vapestornado.com\/wp-content\/uploads\/2024\/12\/Vookbar-3000-Puff-Vapes-Cheap-Price.jpg",12,12,false],"woocommerce_thumbnail":["https:\/\/vapestornado.com\/wp-content\/uploads\/2024\/12\/Vookbar-3000-Puff-Vapes-Cheap-Price-300x300.jpg",300,300,true],"woocommerce_single":["https:\/\/vapestornado.com\/wp-content\/uploads\/2024\/12\/Vookbar-3000-Puff-Vapes-Cheap-Price-600x600.jpg",600,600,true],"woocommerce_gallery_thumbnail":["https:\/\/vapestornado.com\/wp-content\/uploads\/2024\/12\/Vookbar-3000-Puff-Vapes-Cheap-Price-100x100.jpg",100,100,true]},"uagb_author_info":{"display_name":"ESMANDY","author_link":"https:\/\/vapestornado.com\/sk\/author\/"},"uagb_comment_info":0,"uagb_excerpt":"Vookbar Cyber PRO 3000 Puffs is a premium wholesale e-cigarette hookah vape, offering long-lasting puffs, smooth flavor, and a sleek design. Ideal for bulk purchases. [caption id=\"attachment_2951\" align=\"alignnone\" width=\"265\"] Pls Contact Mandy's WhatsApp For Discount Price\u00a0 +8618077105796[\/caption] &nbsp;","_links":{"self":[{"href":"https:\/\/vapestornado.com\/sk\/wp-json\/wp\/v2\/product\/3568","targetHints":{"allow":["GET"]}}],"collection":[{"href":"https:\/\/vapestornado.com\/sk\/wp-json\/wp\/v2\/product"}],"about":[{"href":"https:\/\/vapestornado.com\/sk\/wp-json\/wp\/v2\/types\/product"}],"replies":[{"embeddable":true,"href":"https:\/\/vapestornado.com\/sk\/wp-json\/wp\/v2\/comments?post=3568"}],"wp:featuredmedia":[{"embeddable":true,"href":"https:\/\/vapestornado.com\/sk\/wp-json\/wp\/v2\/media\/3592"}],"wp:attachment":[{"href":"https:\/\/vapestornado.com\/sk\/wp-json\/wp\/v2\/media?parent=3568"}],"wp:term":[{"taxonomy":"product_brand","embeddable":true,"href":"https:\/\/vapestornado.com\/sk\/wp-json\/wp\/v2\/product_brand?post=3568"},{"taxonomy":"product_cat","embeddable":true,"href":"https:\/\/vapestornado.com\/sk\/wp-json\/wp\/v2\/product_cat?post=3568"},{"taxonomy":"product_tag","embeddable":true,"href":"https:\/\/vapestornado.com\/sk\/wp-json\/wp\/v2\/product_tag?post=3568"}],"curies":[{"name":"wp","href":"https:\/\/api.w.org\/{rel}","templated":true}]}}