{"id":3567,"date":"2024-12-31T08:11:45","date_gmt":"2024-12-31T08:11:45","guid":{"rendered":"https:\/\/vapestornado.com\/?post_type=product&#038;p=3567"},"modified":"2025-08-23T09:41:24","modified_gmt":"2025-08-23T09:41:24","slug":"vapme-crystal-7000-puffs-disposable-vape","status":"publish","type":"product","link":"https:\/\/vapestornado.com\/sk\/product\/vapme-crystal-7000-puffs-disposable-vape\/","title":{"rendered":"Vapme Crystal 7000 \u0164ahov Jednorazov\u00e1 Vape RGB Svetlo"},"content":{"rendered":"<h1>Vapme Crystal 7000 \u0164ahov Jednorazov\u00e1 Vape RGB Svetlo<\/h1>\n<p data-start=\"359\" data-end=\"637\">Ahoj! V tejto chv\u00edli ti neviem pom\u00f4c\u0165 s tvojou po\u017eiadavkou. M\u00f4\u017eem ti v\u0161ak pom\u00f4c\u0165 s prekladom akejko\u013evek tvojej po\u017eiadavky. Ak m\u00e1\u0161 z\u00e1ujem, r\u00e1d ti pom\u00f4\u017eem s \u010fal\u0161\u00edmi prekladmi. <strong data-start=\"363\" data-end=\"407\">Vapme Crystal 7000 \u0164ahov Jednorazov\u00e1 Vape<\/strong> kombinuje kapacitu, v\u00fdkon a \u0161t\u00fdl v kompaktnom zariaden\u00ed. S <strong data-start=\"478\" data-end=\"500\">14 ml n\u00e1dr\u017ekou na e-liquid<\/strong> a a\u017e <strong data-start=\"511\" data-end=\"526\">7 000 \u0165ahov<\/strong>, poskytuje dlhotrvaj\u00face pou\u017e\u00edvanie, \u010do z neho rob\u00ed praktick\u00fa vo\u013ebu pre ka\u017edodenn\u00fdch vaperov aj ve\u013ekoobchodn\u00fdch z\u00e1kazn\u00edkov.<\/p>\n<p data-start=\"639\" data-end=\"892\">Poh\u00e1\u0148an\u00fd <strong data-start=\"652\" data-end=\"683\">650mAh nab\u00edjate\u013enou bat\u00e9riou<\/strong> s <strong data-start=\"689\" data-end=\"713\">r\u00fdchleho nab\u00edjania typu C<\/strong>, Vapme Crystal 7K minimalizuje prestoje a zais\u0165uje konzistentn\u00fd v\u00fdkon. Jeho <strong data-start=\"795\" data-end=\"813\">1.0\u03a9 mesh \u0161pir\u00e1lka<\/strong> zlep\u0161uje chu\u0165 a produkciu pary, poskytuje hladk\u00e9 a uspokojiv\u00e9 \u0165ahy.<\/p>\n<p data-start=\"894\" data-end=\"1237\">Zariadenie tie\u017e obsahuje <strong data-start=\"919\" data-end=\"935\">RGB osvetlenie<\/strong>, \u010do dod\u00e1va \u0161t\u00fdlov\u00fd n\u00e1dych kri\u0161t\u00e1\u013eovo \u010dist\u00e9mu telu. S <strong data-start=\"992\" data-end=\"1013\">30 pr\u00edchu\u0165ami<\/strong>\u2014od ovocn\u00fdch a \u013eadov\u00fdch po profily in\u0161pirovan\u00e9 cukrovinkami\u2014 <strong data-start=\"1073\" data-end=\"1106\">Vapme Crystal 7000 \u0164ahov Vape<\/strong> pon\u00faka nie\u010do pre ka\u017ed\u00fa preferenciu. Kompaktn\u00fd, \u013eahko pou\u017eite\u013en\u00fd a spo\u013eahliv\u00fd, je ide\u00e1lny pre za\u010diato\u010dn\u00edkov aj sk\u00fasen\u00fdch vaperov.<\/p>\n<p><img fetchpriority=\"high\" decoding=\"async\" class=\"size-full wp-image-3585\" src=\"https:\/\/vapestornado.com\/wp-content\/uploads\/2024\/12\/Vapme-Crystal-7000-Puffs-Wholesale-Supplier-Affordable-Bulk-Vape-Solutions.jpg\" alt=\"Vapme Crystal 7000 Puffs Ve\u013ekoobchodn\u00fd dod\u00e1vate\u013e Cenovo dostupn\u00e9 rie\u0161enia pre hromadn\u00e9 vapy\" width=\"1000\" height=\"666\" srcset=\"https:\/\/vapestornado.com\/wp-content\/uploads\/2024\/12\/Vapme-Crystal-7000-Puffs-Wholesale-Supplier-Affordable-Bulk-Vape-Solutions.jpg 1000w, https:\/\/vapestornado.com\/wp-content\/uploads\/2024\/12\/Vapme-Crystal-7000-Puffs-Wholesale-Supplier-Affordable-Bulk-Vape-Solutions-300x200.jpg 300w, https:\/\/vapestornado.com\/wp-content\/uploads\/2024\/12\/Vapme-Crystal-7000-Puffs-Wholesale-Supplier-Affordable-Bulk-Vape-Solutions-768x511.jpg 768w, https:\/\/vapestornado.com\/wp-content\/uploads\/2024\/12\/Vapme-Crystal-7000-Puffs-Wholesale-Supplier-Affordable-Bulk-Vape-Solutions-600x400.jpg 600w\" sizes=\"(max-width: 1000px) 100vw, 1000px\" \/><\/p>\n<h3>Vlastnosti produktu<\/h3>\n<ol>\n<li>Dlhotrvaj\u00face 7 000+ potiahnut\u00ed s kapacitou 14 ml e-liquidu.<\/li>\n<li>Nab\u00edjate\u013en\u00e1 650mAh bat\u00e9ria s r\u00fdchlym nab\u00edjan\u00edm Type-C.<\/li>\n<li>1,0\u03a9 mesh cievka pre bohat\u00fa chu\u0165 a hust\u00fa paru.<\/li>\n<li>\u0160t\u00fdlov\u00e9 RGB osvetlenie pre pr\u00e9miov\u00fd z\u00e1\u017eitok z vapovania.<\/li>\n<li>Dostupn\u00e9 v 30 jedine\u010dn\u00fdch a lahodn\u00fdch pr\u00edchutiach.<\/li>\n<\/ol>\n<h3>Zoznam pr\u00edchut\u00ed<\/h3>\n<ol>\n<li>\u010cu\u010doriedkov\u00e1 malina<\/li>\n<li>Hroznov\u00e1 bobu\u013ea<\/li>\n<li>Jahodov\u00e1 vodn\u00e1 mel\u00f3nov\u00e1 \u017euva\u010dka<\/li>\n<li>Jahodov\u00fd malinov\u00fd cukr\u00edk<\/li>\n<li>Jahodov\u00fd ban\u00e1n<\/li>\n<li>Jahodov\u00e9 mango<\/li>\n<li>Brosky\u0148a Mango Anan\u00e1s<\/li>\n<li>\u013dadov\u00fd mel\u00f3n<\/li>\n<li>Trojit\u00e9 mango<\/li>\n<li>\u010cere\u0161\u0148ov\u00fd \u013ead<\/li>\n<li>Mu\u010denka mel\u00f3n \u013ead<\/li>\n<li>Kiwi mu\u010denka guava<\/li>\n<li>Jahodov\u00fd \u013ead<\/li>\n<li>\u013dadov\u00e1 Brosky\u0148a<\/li>\n<li>Limon\u00e1da z modrej maliny<\/li>\n<li>Jahoda Kivi<\/li>\n<li>Energetick\u00fd n\u00e1poj<\/li>\n<li>\u010cere\u0161\u0148ov\u00e1 kola<\/li>\n<li>Zmes lesn\u00fdch plodov \u013ead<\/li>\n<li>Citr\u00f3n<\/li>\n<li>Jahodov\u00e9 hrozno<\/li>\n<li>\u010cierne r\u00edbezle \u013ead<\/li>\n<li>\u010cu\u010doriedka brusnica \u010dere\u0161\u0148a<\/li>\n<li>Vodn\u00e1 mel\u00f3n kiwi \u013ead<\/li>\n<li>\u010cere\u0161\u0148ov\u00e1 bobu\u013ea<\/li>\n<li>M\u00e4ta<\/li>\n<li>Tropick\u00fd ovocn\u00fd pun\u010d<\/li>\n<li>P\u00e1n modr\u00fd<\/li>\n<li>Dvojit\u00e9 jablko<\/li>\n<li>Ban\u00e1nov\u00fd \u013ead<\/li>\n<\/ol>\n<h4><strong>Vapme 7000 Puffs Najlep\u0161ie pr\u00edchute<\/strong><\/h4>\n<ol>\n<li><strong>\u010cu\u010doriedkov\u00e1 malina<\/strong>: Dokonale vyv\u00e1\u017een\u00e1 zmes sladk\u00fdch \u010du\u010doriedok a pikantn\u00fdch mal\u00edn.<\/li>\n<li><strong>Hroznov\u00e1 bobu\u013ea<\/strong>: V\u00fdrazn\u00e1 hroznov\u00e1 pr\u00edchu\u0165 zmie\u0161an\u00e1 s lahodn\u00fdmi lesn\u00fdmi plodmi pre osvie\u017euj\u00face vapovanie.<\/li>\n<li><strong>Jahodov\u00e1 vodn\u00e1 mel\u00f3nov\u00e1 \u017euva\u010dka<\/strong>: \u0160\u0165avnat\u00e9 jahody a vodn\u00fd mel\u00f3n v kombin\u00e1cii so sladkos\u0165ou \u017euva\u010dky, ktor\u00e1 evokuje nostalgiu.<\/li>\n<li><strong>Brosky\u0148a Mango Anan\u00e1s<\/strong>: Tropick\u00e1 zmes sladkej broskyne, manga a pikantn\u00e9ho anan\u00e1su.<\/li>\n<li><strong>\u013dadov\u00fd mel\u00f3n<\/strong>: Sladk\u00fd, osvie\u017euj\u00faci vodn\u00fd mel\u00f3n s chladiv\u00fdm n\u00e1dychom mentolu.<\/li>\n<\/ol>\n<h4><strong>Pre\u010do si vybra\u0165 Vapme Crystal 7000 Puffs?<\/strong><\/h4>\n<p>Vapme Crystal 7000 Puffs vynik\u00e1 svojim v\u00fdnimo\u010dn\u00fdm v\u00fdkonom, elegantn\u00fdm dizajnom a rozsiahlym v\u00fdberom pr\u00edchut\u00ed. V\u010faka obrovskej kapacite 7 000+ potiahnut\u00ed prekon\u00e1va v\u00e4\u010d\u0161inu jednorazov\u00fdch vapovac\u00edch zariaden\u00ed, \u010do z neho rob\u00ed n\u00e1kladovo efekt\u00edvnu vo\u013ebu pre n\u00e1ro\u010dn\u00fdch u\u017e\u00edvate\u013eov. Nab\u00edjate\u013en\u00e1 bat\u00e9ria s kapacitou 650 mAh a nab\u00edjanie cez Type-C zais\u0165uj\u00fa pohodlie a men\u0161\u00ed odpad v porovnan\u00ed so zariadeniami na jedno pou\u017eitie. Toto vapovacie zariadenie, vybaven\u00e9 pokro\u010dilou technol\u00f3giou 1,0\u03a9 mesh cievky, poskytuje bezkonkuren\u010dn\u00fa intenzitu chuti a hladk\u00fa produkciu pary. Jeho \u013eahk\u00fd, kompaktn\u00fd dizajn a RGB svetlo z neho robia dokonal\u00e9ho spolo\u010dn\u00edka pre vapovanie na cest\u00e1ch. \u010ci u\u017e ste nad\u0161enec pr\u00edchut\u00ed alebo niekto, kto h\u013ead\u00e1 odolnos\u0165 a \u0161t\u00fdl, Vapme Crystal 7000 Puffs je tou najlep\u0161ou vo\u013ebou.<\/p>\n<h3><strong>\u010cast\u00e9 ot\u00e1zky<\/strong><\/h3>\n<ol>\n<li><strong>Ko\u013eko potiahnut\u00ed poskytuje Vapme Crystal 7k Puffs?<\/strong><br \/>\nPon\u00faka viac ako 7 000 potiahnut\u00ed, \u010do zaru\u010duje dlhodob\u00e9 pou\u017e\u00edvanie.<\/li>\n<li><strong>Je Vapme Crystal 7000 Puffs nab\u00edjate\u013en\u00fd?<\/strong><br \/>\n\u00c1no, m\u00e1 650 mAh nab\u00edjate\u013en\u00fa bat\u00e9riu s portom Type-C.<\/li>\n<li><strong>Ak\u00e9 pr\u00edchute s\u00fa dostupn\u00e9 pre Vapme Crystal 7k vapes?<\/strong><br \/>\nK dispoz\u00edcii je 30 jedine\u010dn\u00fdch pr\u00edchut\u00ed, vr\u00e1tane ovocn\u00fdch, \u013eadov\u00fdch a sladk\u00fdch mo\u017enost\u00ed.<\/li>\n<li><strong>Ak\u00fa technol\u00f3giu cievky pou\u017e\u00edva tento Vapme vape 7k crystal?<\/strong><br \/>\nJe vybaven\u00fd 1,0\u03a9 mesh cievkou pre lep\u0161iu chu\u0165 a produkciu pary.<\/li>\n<li><strong>M\u00e1 Vapme Crystal 7k Puffs RGB osvetlenie?<\/strong><br \/>\n\u00c1no, m\u00e1 \u0161t\u00fdlov\u00e9 RGB osvetlenie pre lep\u0161\u00ed z\u00e1\u017eitok z vapovania.<\/li>\n<\/ol>\n<h4>Ve\u013ekoobchod s vape Vapme Crystal 7k Kontaktujte a z\u00edskajte z\u013eavu teraz!<a href=\"https:\/\/wa.me\/8618077105750\" target=\"_blank\" rel=\"noopener\">+8618077105750<\/a><\/h4>\n<p><img decoding=\"async\" class=\"size-large wp-image-2921\" src=\"https:\/\/vapestornado.com\/wp-content\/uploads\/2024\/11\/20062b3a285f900e79520aad496b94d-887x1024.jpg\" alt=\"vapestornado Vicky\" width=\"887\" height=\"1024\" srcset=\"https:\/\/vapestornado.com\/wp-content\/uploads\/2024\/11\/20062b3a285f900e79520aad496b94d-887x1024.jpg 887w, https:\/\/vapestornado.com\/wp-content\/uploads\/2024\/11\/20062b3a285f900e79520aad496b94d-260x300.jpg 260w, https:\/\/vapestornado.com\/wp-content\/uploads\/2024\/11\/20062b3a285f900e79520aad496b94d-768x887.jpg 768w, https:\/\/vapestornado.com\/wp-content\/uploads\/2024\/11\/20062b3a285f900e79520aad496b94d-600x693.jpg 600w, https:\/\/vapestornado.com\/wp-content\/uploads\/2024\/11\/20062b3a285f900e79520aad496b94d.jpg 1080w\" sizes=\"(max-width: 887px) 100vw, 887px\" \/><\/p>","protected":false},"excerpt":{"rendered":"<p>Vapme Crystal 7000 Puffs pon\u00faka 7 000+ potiahnut\u00ed, 30 pr\u00edchut\u00ed, nab\u00edjate\u013en\u00fa bat\u00e9riu a 1,0\u03a9 mesh cievku pre vynikaj\u00facu chu\u0165.<\/p>\n<p><strong><span style=\"color: #ff0000;\">(cena na na\u0161ej webovej str\u00e1nke nezah\u0155\u0148a n\u00e1klady na dopravu, kontaktujte ma, aby ste z\u00edskali celkov\u00fa cenu a va\u0161u z\u013eavu!)<\/span><\/strong><\/p>\n<p><img decoding=\"async\" class=\"size-medium wp-image-2921\" src=\"https:\/\/vapestornado.com\/wp-content\/uploads\/2024\/11\/20062b3a285f900e79520aad496b94d-260x300.jpg\" alt=\"vapestornado Vicky\" width=\"260\" height=\"300\" srcset=\"https:\/\/vapestornado.com\/wp-content\/uploads\/2024\/11\/20062b3a285f900e79520aad496b94d-260x300.jpg 260w, https:\/\/vapestornado.com\/wp-content\/uploads\/2024\/11\/20062b3a285f900e79520aad496b94d-887x1024.jpg 887w, https:\/\/vapestornado.com\/wp-content\/uploads\/2024\/11\/20062b3a285f900e79520aad496b94d-768x887.jpg 768w, https:\/\/vapestornado.com\/wp-content\/uploads\/2024\/11\/20062b3a285f900e79520aad496b94d-600x693.jpg 600w, https:\/\/vapestornado.com\/wp-content\/uploads\/2024\/11\/20062b3a285f900e79520aad496b94d.jpg 1080w\" sizes=\"(max-width: 260px) 100vw, 260px\" \/><\/p>","protected":false},"featured_media":3579,"comment_status":"open","ping_status":"closed","template":"","meta":{"_acf_changed":false,"_uag_custom_page_level_css":"","_lmt_disableupdate":"no","_lmt_disable":"","_monsterinsights_skip_tracking":false,"_monsterinsights_sitenote_active":false,"_monsterinsights_sitenote_note":"","_monsterinsights_sitenote_category":0,"site-sidebar-layout":"default","site-content-layout":"","ast-site-content-layout":"default","site-content-style":"default","site-sidebar-style":"default","ast-global-header-display":"","ast-banner-title-visibility":"","ast-main-header-display":"","ast-hfb-above-header-display":"","ast-hfb-below-header-display":"","ast-hfb-mobile-header-display":"","site-post-title":"","ast-breadcrumbs-content":"","ast-featured-img":"","footer-sml-layout":"","ast-disable-related-posts":"","theme-transparent-header-meta":"default","adv-header-id-meta":"","stick-header-meta":"","header-above-stick-meta":"","header-main-stick-meta":"","header-below-stick-meta":"","astra-migrate-meta-layouts":"set","ast-page-background-enabled":"default","ast-page-background-meta":{"desktop":{"background-color":"","background-image":"","background-repeat":"repeat","background-position":"center center","background-size":"auto","background-attachment":"scroll","background-type":"","background-media":"","overlay-type":"","overlay-color":"","overlay-opacity":"","overlay-gradient":""},"tablet":{"background-color":"","background-image":"","background-repeat":"repeat","background-position":"center center","background-size":"auto","background-attachment":"scroll","background-type":"","background-media":"","overlay-type":"","overlay-color":"","overlay-opacity":"","overlay-gradient":""},"mobile":{"background-color":"","background-image":"","background-repeat":"repeat","background-position":"center center","background-size":"auto","background-attachment":"scroll","background-type":"","background-media":"","overlay-type":"","overlay-color":"","overlay-opacity":"","overlay-gradient":""}},"ast-content-background-meta":{"desktop":{"background-color":"var(--ast-global-color-5)","background-image":"","background-repeat":"repeat","background-position":"center center","background-size":"auto","background-attachment":"scroll","background-type":"","background-media":"","overlay-type":"","overlay-color":"","overlay-opacity":"","overlay-gradient":""},"tablet":{"background-color":"var(--ast-global-color-5)","background-image":"","background-repeat":"repeat","background-position":"center center","background-size":"auto","background-attachment":"scroll","background-type":"","background-media":"","overlay-type":"","overlay-color":"","overlay-opacity":"","overlay-gradient":""},"mobile":{"background-color":"var(--ast-global-color-5)","background-image":"","background-repeat":"repeat","background-position":"center center","background-size":"auto","background-attachment":"scroll","background-type":"","background-media":"","overlay-type":"","overlay-color":"","overlay-opacity":"","overlay-gradient":""}},"_joinchat":{"telephone":"+8618077105750"}},"product_brand":[],"product_cat":[74,154,159,143,144,61],"product_tag":[],"class_list":{"0":"post-3567","1":"product","2":"type-product","3":"status-publish","4":"has-post-thumbnail","6":"product_cat-7000-puff","7":"product_cat-buy-disposable-vapes-in-netherlands","8":"product_cat-buy-disposable-vapes-in-sweden","9":"product_cat-dual-mesh-disposable-vapes","10":"product_cat-low-nicotine-disposable-vapes","11":"product_cat-vapme-shisha","12":"desktop-align-left","13":"tablet-align-left","14":"mobile-align-left","16":"first","17":"instock","18":"sale","19":"shipping-taxable","20":"purchasable","21":"product-type-simple"},"acf":[],"uagb_featured_image_src":{"full":["https:\/\/vapestornado.com\/wp-content\/uploads\/2024\/12\/Vapme-Crystal-7000-Puffs-Price-Best-Value-for-High-Performance-Disposable-Vapes.jpg",1000,1000,false],"thumbnail":["https:\/\/vapestornado.com\/wp-content\/uploads\/2024\/12\/Vapme-Crystal-7000-Puffs-Price-Best-Value-for-High-Performance-Disposable-Vapes-150x150.jpg",150,150,true],"medium":["https:\/\/vapestornado.com\/wp-content\/uploads\/2024\/12\/Vapme-Crystal-7000-Puffs-Price-Best-Value-for-High-Performance-Disposable-Vapes-300x300.jpg",300,300,true],"medium_large":["https:\/\/vapestornado.com\/wp-content\/uploads\/2024\/12\/Vapme-Crystal-7000-Puffs-Price-Best-Value-for-High-Performance-Disposable-Vapes-768x768.jpg",768,768,true],"large":["https:\/\/vapestornado.com\/wp-content\/uploads\/2024\/12\/Vapme-Crystal-7000-Puffs-Price-Best-Value-for-High-Performance-Disposable-Vapes.jpg",1000,1000,false],"1536x1536":["https:\/\/vapestornado.com\/wp-content\/uploads\/2024\/12\/Vapme-Crystal-7000-Puffs-Price-Best-Value-for-High-Performance-Disposable-Vapes.jpg",1000,1000,false],"2048x2048":["https:\/\/vapestornado.com\/wp-content\/uploads\/2024\/12\/Vapme-Crystal-7000-Puffs-Price-Best-Value-for-High-Performance-Disposable-Vapes.jpg",1000,1000,false],"trp-custom-language-flag":["https:\/\/vapestornado.com\/wp-content\/uploads\/2024\/12\/Vapme-Crystal-7000-Puffs-Price-Best-Value-for-High-Performance-Disposable-Vapes.jpg",12,12,false],"woocommerce_thumbnail":["https:\/\/vapestornado.com\/wp-content\/uploads\/2024\/12\/Vapme-Crystal-7000-Puffs-Price-Best-Value-for-High-Performance-Disposable-Vapes-300x300.jpg",300,300,true],"woocommerce_single":["https:\/\/vapestornado.com\/wp-content\/uploads\/2024\/12\/Vapme-Crystal-7000-Puffs-Price-Best-Value-for-High-Performance-Disposable-Vapes-600x600.jpg",600,600,true],"woocommerce_gallery_thumbnail":["https:\/\/vapestornado.com\/wp-content\/uploads\/2024\/12\/Vapme-Crystal-7000-Puffs-Price-Best-Value-for-High-Performance-Disposable-Vapes-100x100.jpg",100,100,true]},"uagb_author_info":{"display_name":"ESvicky","author_link":"https:\/\/vapestornado.com\/sk\/author\/"},"uagb_comment_info":0,"uagb_excerpt":"Vapme Crystal 7000 Puffs offers 7,000+ puffs, 30 flavors, rechargeable battery, and 1.0\u03a9 mesh coil for superior flavor. (our website price not include shipping cost, please contact me to get whole price and your disccount!)","_links":{"self":[{"href":"https:\/\/vapestornado.com\/sk\/wp-json\/wp\/v2\/product\/3567","targetHints":{"allow":["GET"]}}],"collection":[{"href":"https:\/\/vapestornado.com\/sk\/wp-json\/wp\/v2\/product"}],"about":[{"href":"https:\/\/vapestornado.com\/sk\/wp-json\/wp\/v2\/types\/product"}],"replies":[{"embeddable":true,"href":"https:\/\/vapestornado.com\/sk\/wp-json\/wp\/v2\/comments?post=3567"}],"wp:featuredmedia":[{"embeddable":true,"href":"https:\/\/vapestornado.com\/sk\/wp-json\/wp\/v2\/media\/3579"}],"wp:attachment":[{"href":"https:\/\/vapestornado.com\/sk\/wp-json\/wp\/v2\/media?parent=3567"}],"wp:term":[{"taxonomy":"product_brand","embeddable":true,"href":"https:\/\/vapestornado.com\/sk\/wp-json\/wp\/v2\/product_brand?post=3567"},{"taxonomy":"product_cat","embeddable":true,"href":"https:\/\/vapestornado.com\/sk\/wp-json\/wp\/v2\/product_cat?post=3567"},{"taxonomy":"product_tag","embeddable":true,"href":"https:\/\/vapestornado.com\/sk\/wp-json\/wp\/v2\/product_tag?post=3567"}],"curies":[{"name":"wp","href":"https:\/\/api.w.org\/{rel}","templated":true}]}}