{"id":3533,"date":"2024-12-28T09:56:42","date_gmt":"2024-12-28T09:56:42","guid":{"rendered":"https:\/\/vapestornado.com\/?post_type=product&#038;p=3533"},"modified":"2025-08-23T09:46:04","modified_gmt":"2025-08-23T09:46:04","slug":"vapme-spacex-22000-puffs-disposable-vape","status":"publish","type":"product","link":"https:\/\/vapestornado.com\/sk\/product\/vapme-spacex-22000-puffs-disposable-vape\/","title":{"rendered":"Vapme Spacex 22000 potiahnut\u00ed jednorazov\u00fd vape"},"content":{"rendered":"<h1>Vapme Spacex 22000 potiahnut\u00ed jednorazov\u00fd vape<\/h1>\n<p data-start=\"397\" data-end=\"648\">Ahoj! V tejto chv\u00edli ti neviem pom\u00f4c\u0165 s tvojou po\u017eiadavkou. M\u00f4\u017eem ti v\u0161ak pom\u00f4c\u0165 s prekladom akejko\u013evek tvojej po\u017eiadavky. Ak m\u00e1\u0161 z\u00e1ujem, r\u00e1d ti pom\u00f4\u017eem s \u010fal\u0161\u00edmi prekladmi. <strong data-start=\"401\" data-end=\"445\">Vapme Spacex 22000 potiahnut\u00ed jednorazov\u00fd vape<\/strong> poskytuje kapacitu, v\u00fdkon a u\u017e\u00edvate\u013esky pr\u00edvetiv\u00fd dizajn v jednom zariaden\u00ed. S kapacitou a\u017e <strong data-start=\"529\" data-end=\"545\">22 000 potiahnut\u00ed<\/strong> a <strong data-start=\"552\" data-end=\"585\">28ml predplnenou n\u00e1dr\u017ekou na e-liquid<\/strong>, poskytuje dlhotrvaj\u00face pou\u017e\u00edvanie bez \u010dastej v\u00fdmeny.<\/p>\n<p data-start=\"650\" data-end=\"962\">Poh\u00e1\u0148an\u00fd <strong data-start=\"664\" data-end=\"695\">850mAh dob\u00edjate\u013enou bat\u00e9riou<\/strong> s <strong data-start=\"701\" data-end=\"725\">r\u00fdchleho nab\u00edjania typu C<\/strong>, Vapme Spacex 22K zais\u0165uje konzistentn\u00fd v\u00fdkon pre dlh\u0161ie pou\u017e\u00edvanie. Jeho <strong data-start=\"806\" data-end=\"824\">du\u00e1lna sie\u0165ov\u00e1 cievka<\/strong> zlep\u0161uje podanie chuti a hustotu pary, zatia\u013e \u010do <strong data-start=\"879\" data-end=\"908\">nastavite\u013en\u00e9ho pr\u00fadenia vzduchu<\/strong> umo\u017e\u0148uje pou\u017e\u00edvate\u013eom prisp\u00f4sobi\u0165 si ka\u017ed\u00e9 potiahnutie pod\u013ea svojich preferenci\u00ed.<\/p>\n<p data-start=\"964\" data-end=\"1368\">Dostupn\u00e9 v <strong data-start=\"977\" data-end=\"1009\">2% a 5% sil\u00e1ch nikot\u00ednu<\/strong>, t\u00e1to jednorazov\u00e1 vape je ur\u010den\u00e1 pre miernych aj siln\u00fdch pou\u017e\u00edvate\u013eov. Vstavan\u00fd <strong data-start=\"1084\" data-end=\"1099\">LED displej<\/strong> zobrazuje stav bat\u00e9rie a hladinu e-liquidu v re\u00e1lnom \u010dase, \u010do prid\u00e1va pohodlie a kontrolu. Kompaktn\u00fd a spo\u013eahliv\u00fd, <strong data-start=\"1211\" data-end=\"1244\">Vapme Spacex 22000 Pufov Vaporiz\u00e9r<\/strong> je vhodn\u00fd pre za\u010diato\u010dn\u00edkov aj sk\u00fasen\u00fdch vaperov, ako aj pre ve\u013ekoobchodn\u00edkov, ktor\u00ed h\u013eadaj\u00fa zariadenia s ve\u013ekou kapacitou a vysok\u00fdm dopytom.<\/p>\n<h1><img fetchpriority=\"high\" decoding=\"async\" class=\"alignnone size-large wp-image-3536\" style=\"font-size: 16px; font-style: inherit; font-weight: inherit;\" src=\"https:\/\/vapestornado.com\/wp-content\/uploads\/2024\/12\/Real-Pictures-of-Vapme-Spacex-22000-Puffs-Disposable-Vape-Authentic-Product-Gallery-1024x576.jpg\" alt=\"Skuto\u010dn\u00e9 obr\u00e1zky Vapme Spacex 22000 potiahnut\u00ed jednorazov\u00e1 vapa gal\u00e9ria autentick\u00fdch produktov\" width=\"1024\" height=\"576\" srcset=\"https:\/\/vapestornado.com\/wp-content\/uploads\/2024\/12\/Real-Pictures-of-Vapme-Spacex-22000-Puffs-Disposable-Vape-Authentic-Product-Gallery-1024x576.jpg 1024w, https:\/\/vapestornado.com\/wp-content\/uploads\/2024\/12\/Real-Pictures-of-Vapme-Spacex-22000-Puffs-Disposable-Vape-Authentic-Product-Gallery-300x169.jpg 300w, https:\/\/vapestornado.com\/wp-content\/uploads\/2024\/12\/Real-Pictures-of-Vapme-Spacex-22000-Puffs-Disposable-Vape-Authentic-Product-Gallery-768x432.jpg 768w, https:\/\/vapestornado.com\/wp-content\/uploads\/2024\/12\/Real-Pictures-of-Vapme-Spacex-22000-Puffs-Disposable-Vape-Authentic-Product-Gallery-1536x864.jpg 1536w, https:\/\/vapestornado.com\/wp-content\/uploads\/2024\/12\/Real-Pictures-of-Vapme-Spacex-22000-Puffs-Disposable-Vape-Authentic-Product-Gallery-2048x1152.jpg 2048w, https:\/\/vapestornado.com\/wp-content\/uploads\/2024\/12\/Real-Pictures-of-Vapme-Spacex-22000-Puffs-Disposable-Vape-Authentic-Product-Gallery-600x338.jpg 600w\" sizes=\"(max-width: 1024px) 100vw, 1024px\" \/><\/h1>\n<h3>Vlastnosti produktu<\/h3>\n<ol>\n<li><strong>Kapacita 22 000 po\u0165ahov<\/strong> pre dlhotrvaj\u00face vapovanie bez \u010dast\u00fdch v\u00fdmen.<\/li>\n<li><strong>Du\u00e1lna sie\u0165ovan\u00e1 \u0161pir\u00e1lka<\/strong> zais\u0165uje hladk\u00fa produkciu pary a zv\u00fdraznenie chuti.<\/li>\n<li><strong>Nab\u00edjate\u013en\u00e1 850mAh bat\u00e9ria<\/strong> s portom typu Type-C pre r\u00fdchle a efekt\u00edvne nab\u00edjanie.<\/li>\n<li><strong>Nastavite\u013en\u00fd syst\u00e9m pr\u00fadenia vzduchu<\/strong> umo\u017e\u0148uje prisp\u00f4sobenie preferenci\u00ed po\u0165ahu.<\/li>\n<li><strong>LED displej<\/strong> sleduje po\u0165ahy a \u017eivotnos\u0165 bat\u00e9rie pre pohodlie pou\u017e\u00edvate\u013ea<\/li>\n<\/ol>\n<p><img decoding=\"async\" class=\"alignnone size-large wp-image-3535\" src=\"https:\/\/vapestornado.com\/wp-content\/uploads\/2024\/12\/Bulk-Buy-Vapme-Spacex-22000-Puffs-Save-Big-on-Large-Quantities-1024x576.jpg\" alt=\"Hromadn\u00fd n\u00e1kup Vapme Spacex 22000 potiahnut\u00ed U\u0161etrite ve\u013ea na ve\u013ek\u00fdch mno\u017estv\u00e1ch\" width=\"1024\" height=\"576\" srcset=\"https:\/\/vapestornado.com\/wp-content\/uploads\/2024\/12\/Bulk-Buy-Vapme-Spacex-22000-Puffs-Save-Big-on-Large-Quantities-1024x576.jpg 1024w, https:\/\/vapestornado.com\/wp-content\/uploads\/2024\/12\/Bulk-Buy-Vapme-Spacex-22000-Puffs-Save-Big-on-Large-Quantities-300x169.jpg 300w, https:\/\/vapestornado.com\/wp-content\/uploads\/2024\/12\/Bulk-Buy-Vapme-Spacex-22000-Puffs-Save-Big-on-Large-Quantities-768x432.jpg 768w, https:\/\/vapestornado.com\/wp-content\/uploads\/2024\/12\/Bulk-Buy-Vapme-Spacex-22000-Puffs-Save-Big-on-Large-Quantities-1536x864.jpg 1536w, https:\/\/vapestornado.com\/wp-content\/uploads\/2024\/12\/Bulk-Buy-Vapme-Spacex-22000-Puffs-Save-Big-on-Large-Quantities-2048x1152.jpg 2048w, https:\/\/vapestornado.com\/wp-content\/uploads\/2024\/12\/Bulk-Buy-Vapme-Spacex-22000-Puffs-Save-Big-on-Large-Quantities-600x338.jpg 600w\" sizes=\"(max-width: 1024px) 100vw, 1024px\" \/><\/p>\n<p><img decoding=\"async\" class=\"size-large wp-image-3541\" src=\"https:\/\/vapestornado.com\/wp-content\/uploads\/2024\/12\/Vapme-Spacex-22000-Puffs-Disposable-Vape-Review-Honest-Feedback-and-Real-Insights-1024x576.jpg\" alt=\"Recenzia jednorazovej vapy Vapme Spacex 22000 potiahnut\u00ed \u00daprimn\u00e1 sp\u00e4tn\u00e1 v\u00e4zba a skuto\u010dn\u00e9 poznatky\" width=\"1024\" height=\"576\" srcset=\"https:\/\/vapestornado.com\/wp-content\/uploads\/2024\/12\/Vapme-Spacex-22000-Puffs-Disposable-Vape-Review-Honest-Feedback-and-Real-Insights-1024x576.jpg 1024w, https:\/\/vapestornado.com\/wp-content\/uploads\/2024\/12\/Vapme-Spacex-22000-Puffs-Disposable-Vape-Review-Honest-Feedback-and-Real-Insights-300x169.jpg 300w, https:\/\/vapestornado.com\/wp-content\/uploads\/2024\/12\/Vapme-Spacex-22000-Puffs-Disposable-Vape-Review-Honest-Feedback-and-Real-Insights-768x432.jpg 768w, https:\/\/vapestornado.com\/wp-content\/uploads\/2024\/12\/Vapme-Spacex-22000-Puffs-Disposable-Vape-Review-Honest-Feedback-and-Real-Insights-1536x864.jpg 1536w, https:\/\/vapestornado.com\/wp-content\/uploads\/2024\/12\/Vapme-Spacex-22000-Puffs-Disposable-Vape-Review-Honest-Feedback-and-Real-Insights-2048x1152.jpg 2048w, https:\/\/vapestornado.com\/wp-content\/uploads\/2024\/12\/Vapme-Spacex-22000-Puffs-Disposable-Vape-Review-Honest-Feedback-and-Real-Insights-600x338.jpg 600w\" sizes=\"(max-width: 1024px) 100vw, 1024px\" \/><\/p>\n<p><img loading=\"lazy\" decoding=\"async\" class=\"size-large wp-image-3542\" src=\"https:\/\/vapestornado.com\/wp-content\/uploads\/2024\/12\/Vapme-Spacex-22000-Puffs-Flavor-List-Explore-16-Unique-and-Delicious-Flavors-1024x576.jpg\" alt=\"Zoznam pr\u00edchut\u00ed Vapme Spacex 22000 potiahnut\u00ed Presk\u00famajte 16 jedine\u010dn\u00fdch a lahodn\u00fdch pr\u00edchut\u00ed\" width=\"1024\" height=\"576\" srcset=\"https:\/\/vapestornado.com\/wp-content\/uploads\/2024\/12\/Vapme-Spacex-22000-Puffs-Flavor-List-Explore-16-Unique-and-Delicious-Flavors-1024x576.jpg 1024w, https:\/\/vapestornado.com\/wp-content\/uploads\/2024\/12\/Vapme-Spacex-22000-Puffs-Flavor-List-Explore-16-Unique-and-Delicious-Flavors-300x169.jpg 300w, https:\/\/vapestornado.com\/wp-content\/uploads\/2024\/12\/Vapme-Spacex-22000-Puffs-Flavor-List-Explore-16-Unique-and-Delicious-Flavors-768x432.jpg 768w, https:\/\/vapestornado.com\/wp-content\/uploads\/2024\/12\/Vapme-Spacex-22000-Puffs-Flavor-List-Explore-16-Unique-and-Delicious-Flavors-1536x864.jpg 1536w, https:\/\/vapestornado.com\/wp-content\/uploads\/2024\/12\/Vapme-Spacex-22000-Puffs-Flavor-List-Explore-16-Unique-and-Delicious-Flavors-2048x1152.jpg 2048w, https:\/\/vapestornado.com\/wp-content\/uploads\/2024\/12\/Vapme-Spacex-22000-Puffs-Flavor-List-Explore-16-Unique-and-Delicious-Flavors-600x338.jpg 600w\" sizes=\"(max-width: 1024px) 100vw, 1024px\" \/><\/p>\n<p><img loading=\"lazy\" decoding=\"async\" class=\"size-large wp-image-3543\" src=\"https:\/\/vapestornado.com\/wp-content\/uploads\/2024\/12\/Vapme-Spacex-22000-Puffs-Price-Comparison-Affordable-Premium-Disposable-Vape-1024x576.jpg\" alt=\"Porovnanie cien Vapme Spacex 22000 potiahnut\u00ed Cenovo dostupn\u00e1 pr\u00e9miov\u00e1 jednorazov\u00e1 vapa\" width=\"1024\" height=\"576\" srcset=\"https:\/\/vapestornado.com\/wp-content\/uploads\/2024\/12\/Vapme-Spacex-22000-Puffs-Price-Comparison-Affordable-Premium-Disposable-Vape-1024x576.jpg 1024w, https:\/\/vapestornado.com\/wp-content\/uploads\/2024\/12\/Vapme-Spacex-22000-Puffs-Price-Comparison-Affordable-Premium-Disposable-Vape-300x169.jpg 300w, https:\/\/vapestornado.com\/wp-content\/uploads\/2024\/12\/Vapme-Spacex-22000-Puffs-Price-Comparison-Affordable-Premium-Disposable-Vape-768x432.jpg 768w, https:\/\/vapestornado.com\/wp-content\/uploads\/2024\/12\/Vapme-Spacex-22000-Puffs-Price-Comparison-Affordable-Premium-Disposable-Vape-1536x864.jpg 1536w, https:\/\/vapestornado.com\/wp-content\/uploads\/2024\/12\/Vapme-Spacex-22000-Puffs-Price-Comparison-Affordable-Premium-Disposable-Vape-2048x1152.jpg 2048w, https:\/\/vapestornado.com\/wp-content\/uploads\/2024\/12\/Vapme-Spacex-22000-Puffs-Price-Comparison-Affordable-Premium-Disposable-Vape-600x338.jpg 600w\" sizes=\"(max-width: 1024px) 100vw, 1024px\" \/><\/p>\n<p><img loading=\"lazy\" decoding=\"async\" class=\"size-large wp-image-3544\" src=\"https:\/\/vapestornado.com\/wp-content\/uploads\/2024\/12\/Wholesale-Vapme-Spacex-22000-Puffs-Best-Bulk-Deals-for-Retailers-1024x576.jpg\" alt=\"Ve\u013ekoobchod Vapme Spacex 22000 potiahnut\u00ed Najlep\u0161ie hromadn\u00e9 ponuky pre maloobchodn\u00edkov\" width=\"1024\" height=\"576\" srcset=\"https:\/\/vapestornado.com\/wp-content\/uploads\/2024\/12\/Wholesale-Vapme-Spacex-22000-Puffs-Best-Bulk-Deals-for-Retailers-1024x576.jpg 1024w, https:\/\/vapestornado.com\/wp-content\/uploads\/2024\/12\/Wholesale-Vapme-Spacex-22000-Puffs-Best-Bulk-Deals-for-Retailers-300x169.jpg 300w, https:\/\/vapestornado.com\/wp-content\/uploads\/2024\/12\/Wholesale-Vapme-Spacex-22000-Puffs-Best-Bulk-Deals-for-Retailers-768x432.jpg 768w, https:\/\/vapestornado.com\/wp-content\/uploads\/2024\/12\/Wholesale-Vapme-Spacex-22000-Puffs-Best-Bulk-Deals-for-Retailers-1536x864.jpg 1536w, https:\/\/vapestornado.com\/wp-content\/uploads\/2024\/12\/Wholesale-Vapme-Spacex-22000-Puffs-Best-Bulk-Deals-for-Retailers-2048x1152.jpg 2048w, https:\/\/vapestornado.com\/wp-content\/uploads\/2024\/12\/Wholesale-Vapme-Spacex-22000-Puffs-Best-Bulk-Deals-for-Retailers-600x338.jpg 600w\" sizes=\"(max-width: 1024px) 100vw, 1024px\" \/><\/p>\n<h3>Zoznam pr\u00edchut\u00ed<\/h3>\n<ol>\n<li>Jahodov\u00e9 mango<\/li>\n<li>Zmie\u0161an\u00e9 bobule<\/li>\n<li>\u013dadov\u00fd mel\u00f3n<\/li>\n<li>Jahoda Mel\u00f3n<\/li>\n<li>Jahodov\u00fd Red Bull<\/li>\n<li>Kiwi Marakuja Guava<\/li>\n<li>Hroznov\u00fd \u013ead<\/li>\n<li>Dvojit\u00e9 jablko \u013ead<\/li>\n<li>\u010cu\u010doriedkov\u00e1 malina<\/li>\n<li>Vodn\u00fd mel\u00f3n Mango \u013ead<\/li>\n<li>\u010cu\u010doriedkov\u00fd \u013ead<\/li>\n<li>Brosky\u0148a Lesn\u00e9 plody<\/li>\n<li>Jahoda Kivi<\/li>\n<li>\u010cere\u0161\u0148ov\u00fd \u013ead<\/li>\n<li>Jahodov\u00e1 superv\u00fdbuch \u010dere\u0161\u0148a<\/li>\n<li>Vodn\u00fd mel\u00f3n bublinkov\u00e1 guma<\/li>\n<\/ol>\n<h3>Vapme Spacex 22000 Puffs Top 10 pr\u00edchut\u00ed<\/h3>\n<ol>\n<li style=\"list-style-type: none;\">\n<ol>\n<li><strong>Jahodov\u00e9 mango<\/strong>: Tropick\u00e1 zmes zrel\u00e9ho manga a \u010derstv\u00fdch jah\u00f4d.<\/li>\n<li><strong>Zmie\u0161an\u00e9 bobule<\/strong>: \u0160\u0165avnat\u00e1 zmes \u010du\u010doriedok, \u010dern\u00edc a mal\u00edn.<\/li>\n<li><strong>\u013dadov\u00fd mel\u00f3n<\/strong>: Sladk\u00fd vodn\u00fd mel\u00f3n s osvie\u017euj\u00facim \u013eadov\u00fdm n\u00e1dychom.<\/li>\n<li><strong>Jahoda Mel\u00f3n<\/strong>: F\u00fazia svie\u017eich jah\u00f4d a chladn\u00e9ho vodn\u00e9ho mel\u00f3na.<\/li>\n<li><strong>Jahodov\u00fd Red Bull<\/strong>: V\u00fdrazn\u00e1 jahodov\u00e1 pr\u00edchu\u0165 s n\u00e1dychom energetick\u00e9ho n\u00e1poja.<\/li>\n<li><strong>Kiwi Marakuja Guava<\/strong>: Exotick\u00e9 kiwi, marakuja a guava pre tropick\u00fd \u00fanik.<\/li>\n<li><strong>Hroznov\u00fd \u013ead<\/strong>: Svie\u017ee a \u0161\u0165avnat\u00e9 hrozno s chladiv\u00fdm mentolov\u00fdm z\u00e1verom.<\/li>\n<li><strong>Dvojit\u00e9 jablko \u013ead<\/strong>: Sladk\u00e9 \u010derven\u00e9 a zelen\u00e9 jablk\u00e1 sp\u00e1rovan\u00e9 s mraziv\u00fdm pocitom.<\/li>\n<li><strong>\u010cu\u010doriedkov\u00e1 malina<\/strong>: Dokonal\u00e1 kombin\u00e1cia kysl\u00fdch mal\u00edn a sladk\u00fdch \u010du\u010doriedok.<\/li>\n<li><strong>Vodn\u00fd mel\u00f3n Mango \u013ead<\/strong>: \u0160\u0165avnat\u00e9 mango a vodn\u00fd mel\u00f3n s mraziv\u00fdm n\u00e1dychom.<\/li>\n<\/ol>\n<\/li>\n<\/ol>\n<h3><strong>Pre\u010do si vybra\u0165 Vapme Spacex 22000 Puffs?<\/strong><\/h3>\n<p>Jednorazov\u00e1 e-cigareta Vapme Spacex 22000 Puffs vynik\u00e1 svoj\u00edm pohodl\u00edm, spo\u013eahlivos\u0165ou a v\u00fdnimo\u010dnou dod\u00e1vkou pr\u00edchute. Jej mas\u00edvna kapacita 22 000 potiahnut\u00ed zais\u0165uje dlhodob\u00e9 pou\u017e\u00edvanie, \u010do v\u00e1m u\u0161etr\u00ed peniaze za \u010dast\u00e9 v\u00fdmeny. Technol\u00f3gia Dual Mesh Coil zvy\u0161uje produkciu pary aj chu\u0165, v\u010faka \u010domu je ka\u017ed\u00e9 potiahnutie uspokojiv\u00e9. V\u010faka nastavite\u013en\u00e9mu syst\u00e9mu pr\u00fadenia vzduchu si m\u00f4\u017eete prisp\u00f4sobi\u0165 z\u00e1\u017eitok z vapovania svojim preferenci\u00e1m. Zariadenie je nab\u00edjate\u013en\u00e9 cez port Type-C, \u010do zais\u0165uje r\u00fdchle a efekt\u00edvne nab\u00edjanie, zatia\u013e \u010do LED displej v\u00e1s informuje o stave bat\u00e9rie a po\u010dte potiahnut\u00ed. \u0160irok\u00e1 \u0161k\u00e1la pr\u00edchut\u00ed uspokoj\u00ed r\u00f4zne chute, \u010do z neho rob\u00ed v\u0161estrann\u00fa vo\u013ebu pre v\u0161etk\u00fdch vaperov.<\/p>\n<h3><strong>\u010cast\u00e9 ot\u00e1zky<\/strong><\/h3>\n<ol>\n<li><strong>Ako dlho vydr\u017e\u00ed Vapme Spacex 22000 Puffs?<\/strong><br \/>\nPoskytuje a\u017e 22 000 potiahnut\u00ed, v\u010faka \u010domu je ide\u00e1lna na dlhodob\u00e9 pou\u017e\u00edvanie.<\/li>\n<li><strong>Je Vapme Spacex nab\u00edjate\u013en\u00fd?<\/strong><br \/>\n\u00c1no, m\u00e1 850mAh nab\u00edjate\u013en\u00fa bat\u00e9riu s nab\u00edjan\u00edm Type-C.<\/li>\n<li><strong>Ak\u00e9 s\u00fa dostupn\u00e9 sily nikot\u00ednu?<\/strong><br \/>\nVyberte si z 2%, alebo 5% nikot\u00ednu, aby vyhovoval va\u0161im preferenci\u00e1m.<\/li>\n<li><strong>M\u00e1 nastavite\u013en\u00e9 pr\u00fadenie vzduchu?<\/strong><br \/>\n\u00c1no, syst\u00e9m nastavite\u013en\u00e9ho pr\u00fadenia vzduchu v\u00e1m umo\u017e\u0148uje prisp\u00f4sobi\u0165 si z\u00e1\u017eitok z inhalovania.<\/li>\n<li><strong>Ako zist\u00edm stav bat\u00e9rie?<\/strong><br \/>\nZabudovan\u00fd LED displej zobrazuje stav bat\u00e9rie a po\u010det potiahnut\u00ed v re\u00e1lnom \u010dase.<\/li>\n<\/ol>\n<h4>Vapme vape ve\u013ekoobchod Kontaktujte a z\u00edskajte z\u013eavu teraz!<\/h4>\n<p><img loading=\"lazy\" decoding=\"async\" class=\"size-large wp-image-2921\" src=\"https:\/\/vapestornado.com\/wp-content\/uploads\/2024\/11\/20062b3a285f900e79520aad496b94d-887x1024.jpg\" alt=\"vapestornado Vicky\" width=\"887\" height=\"1024\" srcset=\"https:\/\/vapestornado.com\/wp-content\/uploads\/2024\/11\/20062b3a285f900e79520aad496b94d-887x1024.jpg 887w, https:\/\/vapestornado.com\/wp-content\/uploads\/2024\/11\/20062b3a285f900e79520aad496b94d-260x300.jpg 260w, https:\/\/vapestornado.com\/wp-content\/uploads\/2024\/11\/20062b3a285f900e79520aad496b94d-768x887.jpg 768w, https:\/\/vapestornado.com\/wp-content\/uploads\/2024\/11\/20062b3a285f900e79520aad496b94d-600x693.jpg 600w, https:\/\/vapestornado.com\/wp-content\/uploads\/2024\/11\/20062b3a285f900e79520aad496b94d.jpg 1080w\" sizes=\"(max-width: 887px) 100vw, 887px\" \/><\/p>","protected":false},"excerpt":{"rendered":"<p>Vapme Spacex 22000 Puffs jednorazov\u00e1 e-cigareta pon\u00faka bezkonkuren\u010dn\u00fd v\u00fdkon s 22 000 po\u0165ahmi, du\u00e1lnou sie\u0165ovanou cievkou, nastavite\u013en\u00fdm pr\u00faden\u00edm vzduchu a nab\u00edjate\u013enou bat\u00e9riou typu Type-C.<\/p>\n<p><strong><span style=\"color: #ff0000;\">(cena na na\u0161ej webovej str\u00e1nke nezah\u0155\u0148a n\u00e1klady na dopravu, kontaktujte ma, aby ste z\u00edskali celkov\u00fa cenu a va\u0161u z\u013eavu!)<\/span><\/strong><\/p>\n<p><img loading=\"lazy\" decoding=\"async\" class=\"size-medium wp-image-2921\" src=\"https:\/\/vapestornado.com\/wp-content\/uploads\/2024\/11\/20062b3a285f900e79520aad496b94d-260x300.jpg\" alt=\"vapestornado Vicky\" width=\"260\" height=\"300\" srcset=\"https:\/\/vapestornado.com\/wp-content\/uploads\/2024\/11\/20062b3a285f900e79520aad496b94d-260x300.jpg 260w, https:\/\/vapestornado.com\/wp-content\/uploads\/2024\/11\/20062b3a285f900e79520aad496b94d-887x1024.jpg 887w, https:\/\/vapestornado.com\/wp-content\/uploads\/2024\/11\/20062b3a285f900e79520aad496b94d-768x887.jpg 768w, https:\/\/vapestornado.com\/wp-content\/uploads\/2024\/11\/20062b3a285f900e79520aad496b94d-600x693.jpg 600w, https:\/\/vapestornado.com\/wp-content\/uploads\/2024\/11\/20062b3a285f900e79520aad496b94d.jpg 1080w\" sizes=\"(max-width: 260px) 100vw, 260px\" \/><\/p>","protected":false},"featured_media":3534,"comment_status":"open","ping_status":"closed","template":"","meta":{"_acf_changed":false,"_uag_custom_page_level_css":"","_lmt_disableupdate":"no","_lmt_disable":"","_monsterinsights_skip_tracking":false,"_monsterinsights_sitenote_active":false,"_monsterinsights_sitenote_note":"","_monsterinsights_sitenote_category":0,"site-sidebar-layout":"default","site-content-layout":"","ast-site-content-layout":"default","site-content-style":"default","site-sidebar-style":"default","ast-global-header-display":"","ast-banner-title-visibility":"","ast-main-header-display":"","ast-hfb-above-header-display":"","ast-hfb-below-header-display":"","ast-hfb-mobile-header-display":"","site-post-title":"","ast-breadcrumbs-content":"","ast-featured-img":"","footer-sml-layout":"","ast-disable-related-posts":"","theme-transparent-header-meta":"default","adv-header-id-meta":"","stick-header-meta":"","header-above-stick-meta":"","header-main-stick-meta":"","header-below-stick-meta":"","astra-migrate-meta-layouts":"set","ast-page-background-enabled":"default","ast-page-background-meta":{"desktop":{"background-color":"","background-image":"","background-repeat":"repeat","background-position":"center center","background-size":"auto","background-attachment":"scroll","background-type":"","background-media":"","overlay-type":"","overlay-color":"","overlay-opacity":"","overlay-gradient":""},"tablet":{"background-color":"","background-image":"","background-repeat":"repeat","background-position":"center center","background-size":"auto","background-attachment":"scroll","background-type":"","background-media":"","overlay-type":"","overlay-color":"","overlay-opacity":"","overlay-gradient":""},"mobile":{"background-color":"","background-image":"","background-repeat":"repeat","background-position":"center center","background-size":"auto","background-attachment":"scroll","background-type":"","background-media":"","overlay-type":"","overlay-color":"","overlay-opacity":"","overlay-gradient":""}},"ast-content-background-meta":{"desktop":{"background-color":"var(--ast-global-color-5)","background-image":"","background-repeat":"repeat","background-position":"center center","background-size":"auto","background-attachment":"scroll","background-type":"","background-media":"","overlay-type":"","overlay-color":"","overlay-opacity":"","overlay-gradient":""},"tablet":{"background-color":"var(--ast-global-color-5)","background-image":"","background-repeat":"repeat","background-position":"center center","background-size":"auto","background-attachment":"scroll","background-type":"","background-media":"","overlay-type":"","overlay-color":"","overlay-opacity":"","overlay-gradient":""},"mobile":{"background-color":"var(--ast-global-color-5)","background-image":"","background-repeat":"repeat","background-position":"center center","background-size":"auto","background-attachment":"scroll","background-type":"","background-media":"","overlay-type":"","overlay-color":"","overlay-opacity":"","overlay-gradient":""}},"_joinchat":{"telephone":"+8618077105750"}},"product_brand":[],"product_cat":[149,152,153,157,142,146],"product_tag":[],"class_list":{"0":"post-3533","1":"product","2":"type-product","3":"status-publish","4":"has-post-thumbnail","6":"product_cat-buy-disposable-vapes-in-austria","7":"product_cat-buy-disposable-vapes-in-cermany","8":"product_cat-buy-disposable-vapes-in-italy","9":"product_cat-buy-disposable-vapes-in-portugal","10":"product_cat-digital-box-disposable-vapes","11":"product_cat-rechargeable-disposable-vapes","12":"desktop-align-left","13":"tablet-align-left","14":"mobile-align-left","16":"first","17":"instock","18":"sale","19":"shipping-taxable","20":"purchasable","21":"product-type-simple"},"acf":[],"uagb_featured_image_src":{"full":["https:\/\/vapestornado.com\/wp-content\/uploads\/2024\/12\/Affordable-VAPME-Disposable-Vape-SPACEX-22k.jpg",900,1125,false],"thumbnail":["https:\/\/vapestornado.com\/wp-content\/uploads\/2024\/12\/Affordable-VAPME-Disposable-Vape-SPACEX-22k-150x150.jpg",150,150,true],"medium":["https:\/\/vapestornado.com\/wp-content\/uploads\/2024\/12\/Affordable-VAPME-Disposable-Vape-SPACEX-22k-240x300.jpg",240,300,true],"medium_large":["https:\/\/vapestornado.com\/wp-content\/uploads\/2024\/12\/Affordable-VAPME-Disposable-Vape-SPACEX-22k-768x960.jpg",768,960,true],"large":["https:\/\/vapestornado.com\/wp-content\/uploads\/2024\/12\/Affordable-VAPME-Disposable-Vape-SPACEX-22k-819x1024.jpg",819,1024,true],"1536x1536":["https:\/\/vapestornado.com\/wp-content\/uploads\/2024\/12\/Affordable-VAPME-Disposable-Vape-SPACEX-22k.jpg",900,1125,false],"2048x2048":["https:\/\/vapestornado.com\/wp-content\/uploads\/2024\/12\/Affordable-VAPME-Disposable-Vape-SPACEX-22k.jpg",900,1125,false],"trp-custom-language-flag":["https:\/\/vapestornado.com\/wp-content\/uploads\/2024\/12\/Affordable-VAPME-Disposable-Vape-SPACEX-22k.jpg",10,12,false],"woocommerce_thumbnail":["https:\/\/vapestornado.com\/wp-content\/uploads\/2024\/12\/Affordable-VAPME-Disposable-Vape-SPACEX-22k-300x300.jpg",300,300,true],"woocommerce_single":["https:\/\/vapestornado.com\/wp-content\/uploads\/2024\/12\/Affordable-VAPME-Disposable-Vape-SPACEX-22k-600x750.jpg",600,750,true],"woocommerce_gallery_thumbnail":["https:\/\/vapestornado.com\/wp-content\/uploads\/2024\/12\/Affordable-VAPME-Disposable-Vape-SPACEX-22k-100x100.jpg",100,100,true]},"uagb_author_info":{"display_name":"ESvicky","author_link":"https:\/\/vapestornado.com\/sk\/author\/"},"uagb_comment_info":0,"uagb_excerpt":"Vapme Spacex 22000 Puffs Disposable Vape offers unmatched performance with 22,000 puffs, Dual Mesh Coil, adjustable airflow, and rechargeable Type-C battery. (our website price not include shipping cost, please contact me to get whole price and your disccount!)","_links":{"self":[{"href":"https:\/\/vapestornado.com\/sk\/wp-json\/wp\/v2\/product\/3533","targetHints":{"allow":["GET"]}}],"collection":[{"href":"https:\/\/vapestornado.com\/sk\/wp-json\/wp\/v2\/product"}],"about":[{"href":"https:\/\/vapestornado.com\/sk\/wp-json\/wp\/v2\/types\/product"}],"replies":[{"embeddable":true,"href":"https:\/\/vapestornado.com\/sk\/wp-json\/wp\/v2\/comments?post=3533"}],"wp:featuredmedia":[{"embeddable":true,"href":"https:\/\/vapestornado.com\/sk\/wp-json\/wp\/v2\/media\/3534"}],"wp:attachment":[{"href":"https:\/\/vapestornado.com\/sk\/wp-json\/wp\/v2\/media?parent=3533"}],"wp:term":[{"taxonomy":"product_brand","embeddable":true,"href":"https:\/\/vapestornado.com\/sk\/wp-json\/wp\/v2\/product_brand?post=3533"},{"taxonomy":"product_cat","embeddable":true,"href":"https:\/\/vapestornado.com\/sk\/wp-json\/wp\/v2\/product_cat?post=3533"},{"taxonomy":"product_tag","embeddable":true,"href":"https:\/\/vapestornado.com\/sk\/wp-json\/wp\/v2\/product_tag?post=3533"}],"curies":[{"name":"wp","href":"https:\/\/api.w.org\/{rel}","templated":true}]}}