{"id":3516,"date":"2024-12-28T08:28:08","date_gmt":"2024-12-28T08:28:08","guid":{"rendered":"https:\/\/vapestornado.com\/?post_type=product&#038;p=3516"},"modified":"2025-08-23T12:18:00","modified_gmt":"2025-08-23T12:18:00","slug":"tornado-vape-fihp-15000-puffs-2-low-nicotine-disposable-vape-wholesale","status":"publish","type":"product","link":"https:\/\/vapestornado.com\/sk\/product\/tornado-vape-fihp-15000-puffs-2-low-nicotine-disposable-vape-wholesale\/","title":{"rendered":"Tornado Vape FIHP 15000 \u0165ahov 2% n\u00edzky obsah nikot\u00ednu jednorazov\u00e1 e-cigareta ve\u013ekoobchod"},"content":{"rendered":"<h1 class=\"product-title\">Tornado Vape FIHP 15000 \u0165ahov 2% n\u00edzky obsah nikot\u00ednu jednorazov\u00e1 e-cigareta ve\u013ekoobchod<\/h1>\n<p>Ahoj! V tejto chv\u00edli ti neviem pom\u00f4c\u0165 s tvojou po\u017eiadavkou. M\u00f4\u017eem ti v\u0161ak pom\u00f4c\u0165 s prekladom akejko\u013evek tvojej po\u017eiadavky. Ak m\u00e1\u0161 z\u00e1ujem, r\u00e1d ti pom\u00f4\u017eem s \u010fal\u0161\u00edmi prekladmi. <strong data-start=\"325\" data-end=\"352\">Tornado Vape FIHP 15000<\/strong> je navrhnut\u00fd pre vaperov, ktor\u00ed chc\u00fa <strong data-start=\"385\" data-end=\"450\">dlhotrvaj\u00faci v\u00fdkon, hladk\u00fa chu\u0165 a spo\u013eahliv\u00fa kvalitu<\/strong> za ve\u013ekoobchodn\u00fa cenu. S a\u017e <strong data-start=\"493\" data-end=\"509\">15 000 potiahnut\u00ed<\/strong>, t\u00e1to jednorazov\u00e1 vape eliminuje neust\u00e1le v\u00fdmeny, \u010do ju rob\u00ed n\u00e1kladovo efekt\u00edvnou pre pou\u017e\u00edvate\u013eov aj maloobchodn\u00edkov.<\/p>\n<p>Predplnen\u00e9 <strong data-start=\"646\" data-end=\"666\">22ml e-liquidu<\/strong> a dostupn\u00fd v sil\u00e1ch nikot\u00ednu <strong data-start=\"684\" data-end=\"716\">2% a 5% sil\u00e1ch nikot\u00ednu<\/strong>, vyhovuje r\u00f4znym potreb\u00e1m vapingu \u2013 od \u013eah\u0161\u00edch seden\u00ed po silnej\u0161iu spokojnos\u0165. Poh\u00e1\u0148an\u00fd <strong data-start=\"811\" data-end=\"842\">650mAh nab\u00edjate\u013enou bat\u00e9riou<\/strong> s <strong data-start=\"848\" data-end=\"872\">r\u00fdchleho nab\u00edjania typu C<\/strong>, FIHP 15K v\u00e1m umo\u017en\u00ed vapova\u0165 bez preru\u0161enia.<\/p>\n<p>Jeho <strong data-start=\"940\" data-end=\"958\">1.0\u03a9 mesh \u0161pir\u00e1lka<\/strong> zais\u0165uje v\u00fdrazn\u00fa, chutn\u00fa paru, zatia\u013e \u010do <strong data-start=\"1000\" data-end=\"1029\">nastavite\u013en\u00e9ho pr\u00fadenia vzduchu<\/strong> umo\u017e\u0148uje pou\u017e\u00edvate\u013eom doladi\u0165 si \u0165ah pre \u0161t\u00fdly MTL alebo DTL. S <strong data-start=\"1090\" data-end=\"1122\">10 starostlivo vytvoren\u00fdmi pr\u00edchu\u0165ami<\/strong>, toto zariadenie poskytuje mno\u017estvo rozmanitosti pre ka\u017ed\u00e9ho.<\/p>\n<p>Kompaktn\u00fd, \u0161t\u00fdlov\u00fd a skon\u0161truovan\u00fd s oh\u013eadom na pohodlie, <strong data-start=\"1248\" data-end=\"1270\">FIHP Tornado 15000<\/strong> je ide\u00e1lny pre <strong data-start=\"1284\" data-end=\"1309\">ve\u013ekoobchodn\u00e9 hromadn\u00e9 objedn\u00e1vky<\/strong> v celej Eur\u00f3pe, \u010do d\u00e1va maloobchodn\u00edkom spo\u013eahliv\u00fa a ve\u013emi \u017eiadan\u00fa jednorazov\u00fa vape, ktor\u00fa m\u00f4\u017eu pon\u00faknu\u0165 svojim z\u00e1kazn\u00edkom.<\/p>\n<p>&nbsp;<\/p>\n<p><span style=\"color: #ff0000;\"><strong>Pridajte si Amy na Whatsapp, z\u00edskajte okam\u017eit\u00fa odpove\u010f a kup\u00f3n na vape!<\/strong><\/span><\/p>\n<p><img fetchpriority=\"high\" decoding=\"async\" class=\"size-full wp-image-2932\" src=\"https:\/\/vapestornado.com\/wp-content\/uploads\/2024\/12\/Vape-Wholesale.jpg\" alt=\"Ve\u013ekoobchod s vape\" width=\"229\" height=\"300\" \/><\/p>\n<h3><a href=\"https:\/\/wa.me\/8617776015835\" target=\"_blank\" rel=\"noopener\"><span style=\"color: #ff0000;\"><strong>WhatsApp: +86 17776015835<\/strong><\/span><\/a><\/h3>\n<p>&nbsp;<\/p>\n<h2 class=\"product-title\"><strong>Vlastnosti produktu Tornado Vape FIHP 15000<\/strong><\/h2>\n<div role=\"article\" data-tabster=\"{&quot;groupper&quot;:{&quot;tabbability&quot;:2},&quot;focusable&quot;:{}}\" data-content=\"ai-message\" aria-labelledby=\"juhNTJ6o7Gk1cgwZMJgv2-author juhNTJ6o7Gk1cgwZMJgv2-content\">\n<div id=\"juhNTJ6o7Gk1cgwZMJgv2-content\">\n<div role=\"article\" data-tabster=\"{&quot;groupper&quot;:{&quot;tabbability&quot;:2},&quot;focusable&quot;:{}}\" data-content=\"ai-message\" aria-labelledby=\"x4EZuCZWrTbh3weWUt7CU-author x4EZuCZWrTbh3weWUt7CU-content\">\n<div id=\"x4EZuCZWrTbh3weWUt7CU-content\">\n<div class=\"flex max-w-full flex-col flex-grow\">\n<div class=\"min-h-8 text-message flex w-full flex-col items-end gap-2 whitespace-normal break-words text-start [.text-message+&amp;]:mt-5\" dir=\"auto\" data-message-author-role=\"assistant\" data-message-id=\"52c6e00a-252f-4104-805d-2f1a84739c71\" data-message-model-slug=\"gpt-4o\">\n<div class=\"flex w-full flex-col gap-1 empty:hidden first:pt-[3px]\">\n<div class=\"markdown prose w-full break-words dark:prose-invert light\">\n<h4><\/h4>\n<ul>\n<li><strong>Mas\u00edvny po\u010det potiahnut\u00ed:<\/strong> Jedin\u00e9 zariadenie poskytuje dni nepretr\u017eit\u00e9ho vapingu.<\/li>\n<li><strong>Prisp\u00f4soben\u00e9 \u00farovne nikot\u00ednu:<\/strong> Prisp\u00f4sobte si svoj z\u00e1\u017eitok s mo\u017enos\u0165ami, ktor\u00e9 zodpovedaj\u00fa va\u0161im preferenci\u00e1m.<\/li>\n<li><strong>Nab\u00edjac\u00ed dizajn:<\/strong> Pohodln\u00e9 a ekologick\u00e9 s nab\u00edjan\u00edm Type-C.<\/li>\n<li><strong>V\u0161estrann\u00e9 pr\u00edchute:<\/strong> Rozmanitos\u0165 mo\u017enost\u00ed zais\u0165uje \u017eiadnu \u00fanavu z chuti.<\/li>\n<li><strong>Jednoduch\u00e9 pou\u017eitie:<\/strong> Elegantn\u00e9, \u013eahk\u00e9 a ide\u00e1lne na pou\u017eitie na cest\u00e1ch.<\/li>\n<\/ul>\n<\/div>\n<\/div>\n<\/div>\n<\/div>\n<div class=\"mb-2 flex gap-3 empty:hidden -ml-2\">\n<p>&nbsp;<\/p>\n<\/div>\n<\/div>\n<\/div>\n<\/div>\n<\/div>\n<h2 class=\"product-title\"><strong>Popul\u00e1rna pr\u00edchu\u0165 pre FIHP 15000\u00a0<\/strong><strong>Tornado\u00a0<\/strong><strong>Jednorazov\u00e9 e-cigarety<\/strong><\/h2>\n<p>01. P\u00e1n modr\u00fd \u00a0 <span style=\"color: #ff0000;\"><strong>&gt;&gt;&gt;&gt; Hor\u00face !<\/strong><\/span><br \/>\n02. \u010cu\u010doriedkov\u00fd \u013ead<br \/>\n03. Mel\u00f3nov\u00fd \u013ead<br \/>\n04. Energetick\u00fd n\u00e1poj<br \/>\n05. Hroznov\u00fd \u013ead<br \/>\n06. Brosky\u0148ov\u00fd \u013ead<br \/>\n07. Kiwi mu\u010denka guava \u00a0 <span style=\"color: #ff0000;\"><strong>&gt;&gt;&gt;&gt; Hor\u00face !<\/strong><\/span><br \/>\n08. Jahoda kiwi<br \/>\n09. Brosky\u0148a Mango Anan\u00e1s<br \/>\n10. Jahoda malina \u010dere\u0161\u0148a <span style=\"color: #ff0000;\"><strong>&gt;&gt;&gt;&gt; Najlep\u0161ie !<\/strong><\/span><\/p>\n<figure id=\"attachment_3562\" aria-describedby=\"caption-attachment-3562\" style=\"width: 1000px\" class=\"wp-caption alignnone\"><img decoding=\"async\" class=\"wp-image-3562 size-full\" src=\"https:\/\/vapestornado.com\/wp-content\/uploads\/2024\/12\/Tornado-15k-Vape-FIHP-Bulk-Buy.webp\" alt=\"Tornado 15k Vape FIHP Hromadn\u00fd n\u00e1kup\" width=\"1000\" height=\"1000\" srcset=\"https:\/\/vapestornado.com\/wp-content\/uploads\/2024\/12\/Tornado-15k-Vape-FIHP-Bulk-Buy.webp 1000w, https:\/\/vapestornado.com\/wp-content\/uploads\/2024\/12\/Tornado-15k-Vape-FIHP-Bulk-Buy-300x300.webp 300w, https:\/\/vapestornado.com\/wp-content\/uploads\/2024\/12\/Tornado-15k-Vape-FIHP-Bulk-Buy-150x150.webp 150w, https:\/\/vapestornado.com\/wp-content\/uploads\/2024\/12\/Tornado-15k-Vape-FIHP-Bulk-Buy-768x768.webp 768w, https:\/\/vapestornado.com\/wp-content\/uploads\/2024\/12\/Tornado-15k-Vape-FIHP-Bulk-Buy-600x600.webp 600w, https:\/\/vapestornado.com\/wp-content\/uploads\/2024\/12\/Tornado-15k-Vape-FIHP-Bulk-Buy-100x100.webp 100w\" sizes=\"(max-width: 1000px) 100vw, 1000px\" \/><figcaption id=\"caption-attachment-3562\" class=\"wp-caption-text\">Tornado 15k Vape FIHP Hromadn\u00fd n\u00e1kup<\/figcaption><\/figure>\n<div class=\"flex-shrink-0 flex flex-col relative items-end\">\n<div class=\"pt-0\">\n<div class=\"gizmo-bot-avatar flex h-8 w-8 items-center justify-center overflow-hidden rounded-full\">\n<div class=\"relative p-1 rounded-sm flex items-center justify-center bg-token-main-surface-primary text-token-text-primary h-8 w-8\">\n<h3>\u010cast\u00e9 ot\u00e1zky pre FIHP 15000 <strong>Tornado <\/strong>Jednorazov\u00e1 Vape<\/h3>\n<div class=\"flex max-w-full flex-col flex-grow\">\n<div class=\"min-h-8 text-message flex w-full flex-col items-end gap-2 whitespace-normal break-words text-start [.text-message+&amp;]:mt-5\" dir=\"auto\" data-message-author-role=\"assistant\" data-message-id=\"4dc48248-df95-45bd-b800-6dedb43cf7f1\" data-message-model-slug=\"gpt-4o\">\n<div class=\"flex w-full flex-col gap-1 empty:hidden first:pt-[3px]\">\n<div class=\"markdown prose w-full break-words dark:prose-invert light\">\n<h3><\/h3>\n<p>1. <strong>Ko\u013eko potiahnut\u00ed m\u00f4\u017eem o\u010dak\u00e1va\u0165 od FIHP 15000?<\/strong><\/p>\n<p>FIHP 15000 Puffs je navrhnut\u00fd tak, aby poskytoval a\u017e <strong>15 000 potiahnut\u00ed<\/strong>, \u010do zais\u0165uje dlhotrvaj\u00faci p\u00f4\u017eitok z vapovania bez potreby \u010dast\u00e9ho dop\u013a\u0148ania alebo v\u00fdmeny.<\/p>\n<p>2. <strong>Ak\u00e9 sily nikot\u00ednu s\u00fa dostupn\u00e9 pre FIHP 15000?<\/strong><\/p>\n<p>FIHP 15000 sa dod\u00e1va s <strong>22ml naplnen\u00e1 e-liquid kazeta<\/strong> dostupn\u00e9 v dvoch sil\u00e1ch nikot\u00ednu: <strong>syst\u00e9mu du\u00e1lnej cievky. Ide\u00e1lne pre za\u010diato\u010dn\u00edkov aj sk\u00fasen\u00fdch vaperov, pon\u00faka<\/strong>. To v\u00e1m umo\u017en\u00ed vybra\u0165 si intenzitu, ktor\u00e1 vyhovuje va\u0161im preferenci\u00e1m.<\/p>\n<p>3. <strong>Je FIHP 15000 nab\u00edjate\u013en\u00fd a ak\u00fd sp\u00f4sob nab\u00edjania pou\u017e\u00edva?<\/strong><\/p>\n<p>\u00c1no, FIHP 15000 je vybaven\u00fd <strong>650mAh nab\u00edjate\u013enou bat\u00e9riou<\/strong> a podporuje <strong>r\u00fdchleho nab\u00edjania typu C<\/strong>, \u010do umo\u017e\u0148uje pohodln\u00e9 nab\u00edjanie kedyko\u013evek je to potrebn\u00e9.<\/p>\n<p>4. <strong>Ak\u00e9 pr\u00edchute s\u00fa dostupn\u00e9 pre FIHP 15000?<\/strong><\/p>\n<p>FIHP 15000 pon\u00faka <strong>poskytuje hladk\u00e9 a chutn\u00e9 z\u00e1sahy zaka\u017ed\u00fdm. Vyberte si z<\/strong>vr\u00e1tane Strawberry Ice, Watermelon Kiwi, Mango Passionfruit a Cola Ice. S takouto rozmanitos\u0165ou sa n\u00e1jde pr\u00edchu\u0165 pre ka\u017ed\u00e9ho!<\/p>\n<p>5. <strong>Kde si m\u00f4\u017eem k\u00fapi\u0165 FIHP 15000 Puffs za ve\u013ekoobchodn\u00fa cenu?<\/strong><\/p>\n<p>FIHP 15000 Puffs si m\u00f4\u017eete zak\u00fapi\u0165 v <strong>ve\u013ekoobchodn\u00e9 ceny<\/strong> zo Slovenska <strong>vapestornado online vape obchod<\/strong>, spo\u013eahlivom zdroji pr\u00e9miov\u00fdch vapingov\u00fdch produktov.<\/p>\n<\/div>\n<\/div>\n<\/div>\n<\/div>\n<div class=\"mb-2 flex gap-3 empty:hidden -ml-2\">\n<div class=\"items-center justify-start rounded-xl p-1 flex\"><\/div>\n<\/div>\n<\/div>\n<\/div>\n<\/div>\n<\/div>\n<div class=\"flex-shrink-0 flex flex-col relative items-end\">\n<div class=\"pt-0\">\n<div class=\"gizmo-bot-avatar flex h-8 w-8 items-center justify-center overflow-hidden rounded-full\">\n<div class=\"relative p-1 rounded-sm flex items-center justify-center bg-token-main-surface-primary text-token-text-primary h-8 w-8\">\n<div class=\"mb-2 flex gap-3 empty:hidden -ml-2\">\n<div role=\"article\" data-tabster=\"{&quot;groupper&quot;:{&quot;tabbability&quot;:2},&quot;focusable&quot;:{}}\" data-content=\"ai-message\" aria-labelledby=\"Vdt5ez4X7Tg813x6rFVha-author Vdt5ez4X7Tg813x6rFVha-content\">\n<div id=\"Vdt5ez4X7Tg813x6rFVha-content\">\n<div role=\"article\" data-tabster=\"{&quot;groupper&quot;:{&quot;tabbability&quot;:2},&quot;focusable&quot;:{}}\" data-content=\"ai-message\" aria-labelledby=\"o968oC7CEo2fGHsGdsRYC-author o968oC7CEo2fGHsGdsRYC-content\">\n<div id=\"o968oC7CEo2fGHsGdsRYC-content\">\n<p>&nbsp;<\/p>\n<h3>Pre\u010do si vybra\u0165 vapestornado pre ve\u013ekoobchodn\u00fd predaj FIHP 15000 Puffs Vape?<\/h3>\n<div class=\"flex-shrink-0 flex flex-col relative items-end\">\n<div class=\"pt-0\">\n<div class=\"gizmo-bot-avatar flex h-8 w-8 items-center justify-center overflow-hidden rounded-full\">\n<div class=\"relative p-1 rounded-sm flex items-center justify-center bg-token-main-surface-primary text-token-text-primary h-8 w-8\">\n<p>Vitajte vo vapestornado, va\u0161om d\u00f4veryhodnom internetovom obchode s vapmi pre pr\u00e9miov\u00e9 jednorazov\u00e9 vapy. S viac ako 5-ro\u010dn\u00fdmi sk\u00fasenos\u0165ami v\u00e1m prin\u00e1\u0161ame popul\u00e1rne zna\u010dky jednorazov\u00fdch vapov, ako napr\u00edklad Fumot RandM Vape, <a href=\"https:\/\/vapestornado.com\/sk\/product-category\/vapme-shisha\/\">Vapme<\/a>, Bang Vape, Waspe Vape a WGA Vape, at\u010f.<\/p>\n<p>N\u00e1\u0161 sortiment zah\u0155\u0148a hor\u00face vapy ako napr\u00edklad <a href=\"https:\/\/vapestornado.com\/sk\/product\/randm-12000-puffs-fumot-digital-disposable-vape-wholesale-price\/\">RandM Torn\u00e1do 12000<\/a>, a v\u00fdber bohat\u00fd na pr\u00edchute ako napr\u00edklad <a href=\"https:\/\/vapestornado.com\/sk\/product\/wga-crystal-pro-max-extra-15000-puffs-rechargeable-disposable-vape-wholesale-bulk-buy\/\">\u00a0WGA Crystal 15k Pufov<\/a> . Ka\u017ed\u00fd produkt je vybran\u00fd so zameran\u00edm na kvalitu, hodnotu a rozmanitos\u0165, \u010do zais\u0165uje, \u017ee n\u00e1jdete presne to, \u010do potrebujete. Objavte v\u00fdnimo\u010dn\u00e9 slu\u017eby a \u0161irok\u00fa \u0161k\u00e1lu \u0161pi\u010dkov\u00fdch produktov za ve\u013ekoobchodn\u00e9 ceny vo vapestornado.<\/p>\n<\/div>\n<p>&nbsp;<\/p>\n<p><strong>\u010eal\u0161ie hor\u00face jednorazov\u00e9 vapy<\/strong><\/p>\n<p><a href=\"https:\/\/vapestornado.com\/sk\/product\/bang-vape-35000-puffs-low-nicotine-bulk-buy-rechargeable-disposable-vapes-box-wholesale-price\/\">Bang Vape 35000 Pufov <span style=\"color: #ff0000;\"><strong>&gt;&gt;&gt;&gt; Vpred !<\/strong><\/span><\/a><\/p>\n<p><a href=\"https:\/\/vapestornado.com\/sk\/product\/vopk-ultra-40000-puffs-2-in-1-digital-screen-rechargeable-disposable-vape\/\">VOPK 40000 Dvojit\u00e1 Chu\u0165<span style=\"color: #ff0000;\"><strong>&gt;&gt;&gt;&gt; Vpred !<\/strong><\/span><\/a><\/p>\n<p><a href=\"https:\/\/vapestornado.com\/sk\/product\/bood-twins-46000-puff-double-flavour-low-nicotine-disposable-vape-wholesale-bulk-buy-price\/\">Bood Twins 46000<span style=\"color: #ff0000;\"><strong>&gt;&gt;&gt;&gt; Vpred !<\/strong><\/span><\/a><\/p>\n<\/div>\n<\/div>\n<\/div>\n<p>&nbsp;<\/p>\n<\/div>\n<\/div>\n<\/div>\n<\/div>\n<\/div>\n<\/div>\n<\/div>\n<\/div>\n<\/div>","protected":false},"excerpt":{"rendered":"<p>Tornado Vape FIHP 15000 \u0165ahov 2% n\u00edzky obsah nikot\u00ednu Ve\u013ekoobchod<br \/>\nTornado Vape 15k FIHP s digit\u00e1lnym displejom Jednorazov\u00fd vape Hromadn\u00fd n\u00e1kup<br \/>\nFIHP 15000 \u0165ahov Tornado Nab\u00edjate\u013en\u00fd jednorazov\u00fd vape<\/p>\n<p><strong>Pridajte si Amy na WhatsApp a z\u00edskajte okam\u017eit\u00fa odpove\u010f a kup\u00f3n na vape!<\/strong><\/p>\n<p><img fetchpriority=\"high\" decoding=\"async\" class=\"size-full wp-image-2932\" src=\"https:\/\/vapestornado.com\/wp-content\/uploads\/2024\/12\/Vape-Wholesale.jpg\" alt=\"Ve\u013ekoobchod s vape\" width=\"229\" height=\"300\" \/><\/p>\n<h3><a href=\"https:\/\/wa.me\/8617776015835\"><span style=\"color: #ff0000;\"><strong>WhatsApp: +86 17776015835<\/strong><\/span><\/a><\/h3>\n<p>&nbsp;<\/p>","protected":false},"featured_media":3561,"comment_status":"open","ping_status":"closed","template":"","meta":{"_acf_changed":false,"_uag_custom_page_level_css":"","_lmt_disableupdate":"no","_lmt_disable":"","_monsterinsights_skip_tracking":false,"_monsterinsights_sitenote_active":false,"_monsterinsights_sitenote_note":"","_monsterinsights_sitenote_category":0,"site-sidebar-layout":"default","site-content-layout":"","ast-site-content-layout":"default","site-content-style":"default","site-sidebar-style":"default","ast-global-header-display":"","ast-banner-title-visibility":"","ast-main-header-display":"","ast-hfb-above-header-display":"","ast-hfb-below-header-display":"","ast-hfb-mobile-header-display":"","site-post-title":"","ast-breadcrumbs-content":"","ast-featured-img":"","footer-sml-layout":"","ast-disable-related-posts":"","theme-transparent-header-meta":"default","adv-header-id-meta":"","stick-header-meta":"","header-above-stick-meta":"","header-main-stick-meta":"","header-below-stick-meta":"","astra-migrate-meta-layouts":"set","ast-page-background-enabled":"default","ast-page-background-meta":{"desktop":{"background-color":"","background-image":"","background-repeat":"repeat","background-position":"center center","background-size":"auto","background-attachment":"scroll","background-type":"","background-media":"","overlay-type":"","overlay-color":"","overlay-opacity":"","overlay-gradient":""},"tablet":{"background-color":"","background-image":"","background-repeat":"repeat","background-position":"center center","background-size":"auto","background-attachment":"scroll","background-type":"","background-media":"","overlay-type":"","overlay-color":"","overlay-opacity":"","overlay-gradient":""},"mobile":{"background-color":"","background-image":"","background-repeat":"repeat","background-position":"center center","background-size":"auto","background-attachment":"scroll","background-type":"","background-media":"","overlay-type":"","overlay-color":"","overlay-opacity":"","overlay-gradient":""}},"ast-content-background-meta":{"desktop":{"background-color":"var(--ast-global-color-5)","background-image":"","background-repeat":"repeat","background-position":"center center","background-size":"auto","background-attachment":"scroll","background-type":"","background-media":"","overlay-type":"","overlay-color":"","overlay-opacity":"","overlay-gradient":""},"tablet":{"background-color":"var(--ast-global-color-5)","background-image":"","background-repeat":"repeat","background-position":"center center","background-size":"auto","background-attachment":"scroll","background-type":"","background-media":"","overlay-type":"","overlay-color":"","overlay-opacity":"","overlay-gradient":""},"mobile":{"background-color":"var(--ast-global-color-5)","background-image":"","background-repeat":"repeat","background-position":"center center","background-size":"auto","background-attachment":"scroll","background-type":"","background-media":"","overlay-type":"","overlay-color":"","overlay-opacity":"","overlay-gradient":""}},"_joinchat":{"telephone":"+8617776015835"}},"product_brand":[],"product_cat":[19,71,150,160,143,146,148],"product_tag":[165,105,215,97,166,94,114,216],"class_list":{"0":"post-3516","1":"product","2":"type-product","3":"status-publish","4":"has-post-thumbnail","6":"product_cat-vapes","7":"product_cat-15000-puff","8":"product_cat-buy-disposable-vapes-in-belgium","9":"product_cat-buy-disposable-vapes-in-switzerland","10":"product_cat-dual-mesh-disposable-vapes","11":"product_cat-rechargeable-disposable-vapes","12":"product_cat-tornado-disposable-vapes","13":"product_tag-cheap-vapes","14":"product_tag-digital-disposable-vape","15":"product_tag-fihp-15000","16":"product_tag-hot-sale-disposable-vape","17":"product_tag-low-nicotine-vape","18":"product_tag-rechargeable-disposable-vape","19":"product_tag-tornado-vape","20":"product_tag-tornado-vape-fihp-15000","21":"desktop-align-left","22":"tablet-align-left","23":"mobile-align-left","25":"first","26":"instock","27":"sale","28":"shipping-taxable","29":"purchasable","30":"product-type-simple"},"acf":[],"uagb_featured_image_src":{"full":["https:\/\/vapestornado.com\/wp-content\/uploads\/2024\/12\/FIHP-15000-Puffs-Vape.webp",1000,1000,false],"thumbnail":["https:\/\/vapestornado.com\/wp-content\/uploads\/2024\/12\/FIHP-15000-Puffs-Vape-150x150.webp",150,150,true],"medium":["https:\/\/vapestornado.com\/wp-content\/uploads\/2024\/12\/FIHP-15000-Puffs-Vape-300x300.webp",300,300,true],"medium_large":["https:\/\/vapestornado.com\/wp-content\/uploads\/2024\/12\/FIHP-15000-Puffs-Vape-768x768.webp",768,768,true],"large":["https:\/\/vapestornado.com\/wp-content\/uploads\/2024\/12\/FIHP-15000-Puffs-Vape.webp",1000,1000,false],"1536x1536":["https:\/\/vapestornado.com\/wp-content\/uploads\/2024\/12\/FIHP-15000-Puffs-Vape.webp",1000,1000,false],"2048x2048":["https:\/\/vapestornado.com\/wp-content\/uploads\/2024\/12\/FIHP-15000-Puffs-Vape.webp",1000,1000,false],"trp-custom-language-flag":["https:\/\/vapestornado.com\/wp-content\/uploads\/2024\/12\/FIHP-15000-Puffs-Vape.webp",12,12,false],"woocommerce_thumbnail":["https:\/\/vapestornado.com\/wp-content\/uploads\/2024\/12\/FIHP-15000-Puffs-Vape-300x300.webp",300,300,true],"woocommerce_single":["https:\/\/vapestornado.com\/wp-content\/uploads\/2024\/12\/FIHP-15000-Puffs-Vape-600x600.webp",600,600,true],"woocommerce_gallery_thumbnail":["https:\/\/vapestornado.com\/wp-content\/uploads\/2024\/12\/FIHP-15000-Puffs-Vape-100x100.webp",100,100,true]},"uagb_author_info":{"display_name":"ESAMY","author_link":"https:\/\/vapestornado.com\/sk\/author\/"},"uagb_comment_info":0,"uagb_excerpt":"Tornado Vape FIHP 15000 Puffs 2% Low Nicotine Wholesale Tornado Vape 15k FIHP Digital Display Disposable Vape Bulk Buy FIHP 15000 Puffs Tornado Rechargeable Disposable Vapey Add Amy's whatsapp get right reply and vape coupon! WhatsApp: +86 17776015835 &nbsp;","_links":{"self":[{"href":"https:\/\/vapestornado.com\/sk\/wp-json\/wp\/v2\/product\/3516","targetHints":{"allow":["GET"]}}],"collection":[{"href":"https:\/\/vapestornado.com\/sk\/wp-json\/wp\/v2\/product"}],"about":[{"href":"https:\/\/vapestornado.com\/sk\/wp-json\/wp\/v2\/types\/product"}],"replies":[{"embeddable":true,"href":"https:\/\/vapestornado.com\/sk\/wp-json\/wp\/v2\/comments?post=3516"}],"wp:featuredmedia":[{"embeddable":true,"href":"https:\/\/vapestornado.com\/sk\/wp-json\/wp\/v2\/media\/3561"}],"wp:attachment":[{"href":"https:\/\/vapestornado.com\/sk\/wp-json\/wp\/v2\/media?parent=3516"}],"wp:term":[{"taxonomy":"product_brand","embeddable":true,"href":"https:\/\/vapestornado.com\/sk\/wp-json\/wp\/v2\/product_brand?post=3516"},{"taxonomy":"product_cat","embeddable":true,"href":"https:\/\/vapestornado.com\/sk\/wp-json\/wp\/v2\/product_cat?post=3516"},{"taxonomy":"product_tag","embeddable":true,"href":"https:\/\/vapestornado.com\/sk\/wp-json\/wp\/v2\/product_tag?post=3516"}],"curies":[{"name":"wp","href":"https:\/\/api.w.org\/{rel}","templated":true}]}}