{"id":3515,"date":"2024-12-28T08:19:21","date_gmt":"2024-12-28T08:19:21","guid":{"rendered":"https:\/\/vapestornado.com\/?post_type=product&#038;p=3515"},"modified":"2025-08-23T12:19:13","modified_gmt":"2025-08-23T12:19:13","slug":"uwin-shisha-hookah-crystal-20000-puffs-new-vape-bulk-price","status":"publish","type":"product","link":"https:\/\/vapestornado.com\/sk\/product\/uwin-shisha-hookah-crystal-20000-puffs-new-vape-bulk-price\/","title":{"rendered":"Uwin SHISHA HOOKAH Crystal 20000 \u0164ahov Nov\u00e1 Vape Ve\u013ekoobchodn\u00e1 Cena"},"content":{"rendered":"<h1>Uwin SHISHA HOOKAH Crystal 20000 \u0164ahov Nov\u00e1 Vape Ve\u013ekoobchodn\u00e1 Cena<\/h1>\n<p>Ahoj! V tejto chv\u00edli ti neviem pom\u00f4c\u0165 s tvojou po\u017eiadavkou. M\u00f4\u017eem ti v\u0161ak pom\u00f4c\u0165 s prekladom akejko\u013evek tvojej po\u017eiadavky. Ak m\u00e1\u0161 z\u00e1ujem, r\u00e1d ti pom\u00f4\u017eem s \u010fal\u0161\u00edmi prekladmi. <strong data-start=\"291\" data-end=\"333\">Uwin Shisha Hookah Crystal 20000 \u0164ahov<\/strong> je pr\u00e9miov\u00e1 jednorazov\u00e1 vape s\u00faprava ur\u010den\u00e1 pre maloobchodn\u00edkov a distrib\u00fatorov, ktor\u00ed h\u013eadaj\u00fa <strong data-start=\"415\" data-end=\"438\">ve\u013ekoobchodn\u00e9 rie\u0161enia pre vape<\/strong> so siln\u00fdm dopytom v celej Eur\u00f3pe. Ka\u017ed\u00e9 zariadenie poskytuje a\u017e <strong data-start=\"500\" data-end=\"523\">20 000 hladk\u00fdch \u0165ahov<\/strong>, predplnen\u00e9 s <strong data-start=\"541\" data-end=\"561\">25ml e-liquidu<\/strong> a poh\u00e1\u0148an\u00e9 <strong data-start=\"580\" data-end=\"618\">850mAh nab\u00edjate\u013en\u00e1 kobaltov\u00e1 bat\u00e9ria<\/strong> s r\u00fdchlym <strong data-start=\"629\" data-end=\"648\">Nab\u00edjanie typu C<\/strong>.<\/p>\n<p>Dostupn\u00e9 v <strong data-start=\"672\" data-end=\"713\">0%, 2%, 3% a 5% s obsahom nikot\u00ednu<\/strong>, pon\u00faka flexibilitu pre ka\u017ed\u00fd typ z\u00e1kazn\u00edka. The <strong data-start=\"769\" data-end=\"793\">Technol\u00f3gia sie\u0165ovej cievky<\/strong> zais\u0165uje bohat\u00fa chu\u0165 a hust\u00e9 oblaky, zatia\u013e \u010do <strong data-start=\"842\" data-end=\"867\">kri\u0161t\u00e1\u013eov\u00fd dizajn shisha<\/strong> dod\u00e1va modern\u00fd a \u0161t\u00fdlov\u00fd vzh\u013ead.<\/p>\n<p>S <strong data-start=\"913\" data-end=\"940\">12 najpred\u00e1vanej\u0161\u00edch pr\u00edchut\u00ed<\/strong> a praktick\u00e9 ve\u013ekoobchodn\u00e9 balenie (<strong data-start=\"976\" data-end=\"1019\">10ks\/krabica, 200ks\/kart\u00f3n, 20,3kg\/kart\u00f3n<\/strong>), Uwin Crystal 20K je postaven\u00fd pre <strong data-start=\"1061\" data-end=\"1109\">maloobchodn\u00e9 reg\u00e1ly aj ve\u013ek\u00e9 distribu\u010dn\u00e9 objedn\u00e1vky<\/strong>. Kompaktn\u00fd, ale v\u00fdkonn\u00fd, kombinuje <strong data-start=\"1145\" data-end=\"1192\">spo\u013eahlivos\u0165, v\u00fdkon a cenov\u00fa dostupnos\u0165<\/strong>, \u010do z neho rob\u00ed jednu z najkonkurencieschopnej\u0161\u00edch ve\u013ekoobchodn\u00fdch vape s\u00faprav v kateg\u00f3rii 20k \u0165ahov.<img fetchpriority=\"high\" decoding=\"async\" class=\"wp-image-3531\" style=\"font-style: inherit; font-weight: 600;\" src=\"https:\/\/vapestornado.com\/wp-content\/uploads\/2024\/12\/UWIN-VAPES-HOOKAH-Crystal-20000-Puffs-Grape-ice.jpg\" alt=\"UWIN VAPES HOOKAH Crystal 20000 Puffs Hroznov\u00e1 \u013eadov\u00e1\" width=\"473\" height=\"473\" srcset=\"https:\/\/vapestornado.com\/wp-content\/uploads\/2024\/12\/UWIN-VAPES-HOOKAH-Crystal-20000-Puffs-Grape-ice.jpg 800w, https:\/\/vapestornado.com\/wp-content\/uploads\/2024\/12\/UWIN-VAPES-HOOKAH-Crystal-20000-Puffs-Grape-ice-300x300.jpg 300w, https:\/\/vapestornado.com\/wp-content\/uploads\/2024\/12\/UWIN-VAPES-HOOKAH-Crystal-20000-Puffs-Grape-ice-150x150.jpg 150w, https:\/\/vapestornado.com\/wp-content\/uploads\/2024\/12\/UWIN-VAPES-HOOKAH-Crystal-20000-Puffs-Grape-ice-768x768.jpg 768w, https:\/\/vapestornado.com\/wp-content\/uploads\/2024\/12\/UWIN-VAPES-HOOKAH-Crystal-20000-Puffs-Grape-ice-600x600.jpg 600w, https:\/\/vapestornado.com\/wp-content\/uploads\/2024\/12\/UWIN-VAPES-HOOKAH-Crystal-20000-Puffs-Grape-ice-100x100.jpg 100w\" sizes=\"(max-width: 473px) 100vw, 473px\" \/><\/p>\n<div role=\"article\" data-tabster=\"{&quot;groupper&quot;:{&quot;tabbability&quot;:2},&quot;focusable&quot;:{}}\" data-content=\"ai-message\" aria-labelledby=\"64JRvXrTnY7mRmPkEQLLT-author 64JRvXrTnY7mRmPkEQLLT-content\">\n<div id=\"64JRvXrTnY7mRmPkEQLLT-content\">UWIN VAPES HOOKAH Crystal 20000 Puffs Hroznov\u00e1 \u013eadov\u00e1<\/div>\n<\/div>\n<p><img decoding=\"async\" class=\"alignleft wp-image-2951 size-medium\" src=\"https:\/\/vapestornado.com\/wp-content\/uploads\/2024\/12\/Wholesale-Disposable-Vape-265x300.jpg\" alt=\"Ve\u013ekoobchodn\u00fd Jednorazov\u00fd Vape\" width=\"265\" height=\"300\" srcset=\"https:\/\/vapestornado.com\/wp-content\/uploads\/2024\/12\/Wholesale-Disposable-Vape-265x300.jpg 265w, https:\/\/vapestornado.com\/wp-content\/uploads\/2024\/12\/Wholesale-Disposable-Vape-768x871.jpg 768w, https:\/\/vapestornado.com\/wp-content\/uploads\/2024\/12\/Wholesale-Disposable-Vape-600x680.jpg 600w, https:\/\/vapestornado.com\/wp-content\/uploads\/2024\/12\/Wholesale-Disposable-Vape.jpg 823w\" sizes=\"(max-width: 265px) 100vw, 265px\" \/><\/p>\n<h6>Pre z\u013eavnen\u00fa cenu kontaktujte Mandy na WhatsApp<a href=\"https:\/\/wa.me\/8618077105796\" target=\"_blank\" rel=\"noopener\">+8618077105796<\/a><\/h6>\n<div class=\"flex max-w-full flex-col flex-grow\">\n<div class=\"min-h-8 text-message flex w-full flex-col items-end gap-2 whitespace-normal break-words text-start [.text-message+&amp;]:mt-5\" dir=\"auto\" data-message-author-role=\"assistant\" data-message-id=\"cdb991c0-f594-4bff-b2d5-fbbdd7ce9e54\" data-message-model-slug=\"gpt-4o-mini\">\n<div class=\"flex w-full flex-col gap-1 empty:hidden first:pt-[3px]\">\n<div class=\"markdown prose w-full break-words dark:prose-invert light\"><\/div>\n<\/div>\n<\/div>\n<\/div>\n<div class=\"mb-2 flex gap-3 empty:hidden -ml-2\">\n<h2><strong>Uwin SHISHA VAPE Crystal 20000 \u0164ahov <\/strong>V\u00fdnimo\u010dn\u00e9 vlastnosti:<\/h2>\n<ul>\n<li><strong>\u00darovne nikot\u00ednu<\/strong>: 0%, 2%, 3%, 5%<\/li>\n<li><strong>Potiahnut\u00ed<\/strong>: A\u017e 20 000<\/li>\n<li><strong>E-Liquid<\/strong>: Objem 25 ml<\/li>\n<li><strong>Bat\u00e9ria<\/strong>: 850mAh nab\u00edjate\u013en\u00e1, port typu C<\/li>\n<li><strong>\u017dhaviaca hlava<\/strong>: Mesh \u017ehaviaca hlava pre bohat\u00fa chu\u0165<\/li>\n<li><strong>Pr\u00edchute<\/strong>: 12 mo\u017enost\u00ed<\/li>\n<li><strong>Balenie<\/strong>: 10 ks\/\u0161katu\u013ea, 200 ks\/kart\u00f3n<\/li>\n<li><strong>\u0160pecifik\u00e1cia kart\u00f3nu<\/strong>: 20,3 kg, 39,5 \u00d7 39 \u00d7 30,5 cm<\/li>\n<li><strong>\u0160t\u00fdl vapovania<\/strong>: Priamo do p\u013e\u00fac (DTL)<\/li>\n<\/ul>\n<\/div>\n<h2><strong>Uwin SHISHA HOOKAH Crystal VAPES 20k \u0164ahov<\/strong> Zoznam pr\u00edchut\u00ed:<\/h2>\n<p>1.\u010cu\u010doriedka s \u013eadom<br \/>\n2.Kiwi marakuja guava<br \/>\n3.Jahoda kivi<br \/>\n4.Zmie\u0161an\u00e9 bobule<br \/>\n5.Jahoda mel\u00f3n<br \/>\n6.Hroznov\u00fd \u013ead<br \/>\n7.\u013dadov\u00fd mel\u00f3n<br \/>\n8.\u010cere\u0161\u0148ov\u00fd \u013ead<br \/>\n9.Jahoda \u013ead<br \/>\n10.Brosky\u0148ov\u00fd \u013ead<br \/>\n11.\u010cu\u010doriedka malina<br \/>\n12. L\u00e1ska 66<\/p>\n<div role=\"article\" data-tabster=\"{&quot;groupper&quot;:{&quot;tabbability&quot;:2},&quot;focusable&quot;:{}}\" data-content=\"ai-message\" aria-labelledby=\"dARUyEWDoEYhnSPXFwx5A-author dARUyEWDoEYhnSPXFwx5A-content\">\n<div id=\"dARUyEWDoEYhnSPXFwx5A-content\">\n<h2>Pre\u010do si vybra\u0165 <strong>Uwin SHISHA HOOKAH Crystal 20000 \u0164ahov <\/strong>at <a href=\"https:\/\/vapestornado.com\/sk\/product\/bang-box-35k-puffs-high-capacity-long-lasting-disposable-vape\/\">vapestornado.com?<\/a><\/h2>\n<p>Ak h\u013ead\u00e1te pr\u00e9miov\u00e9 jednorazov\u00e9 vapy za konkurencieschopn\u00e9 ceny, vapestornado.com je v\u00e1\u0161 d\u00f4veryhodn\u00fd zdroj pre <strong>Uwin Shisha Crystal 20000 \u0165ahov<\/strong>. Tu je d\u00f4vod, pre\u010do tento produkt a platforma vynikaj\u00fa:<\/p>\n<ul>\n<li><strong>Mimoriadna v\u00fddr\u017e<\/strong><br \/>\nUwin Shisha Hookah Crystal poskytuje a\u017e <strong>20 000 potiahnut\u00ed<\/strong>, \u010do z neho rob\u00ed jedno z najdlh\u0161ie vydr\u017eiacich jednorazov\u00fdch vapovac\u00edch zariaden\u00ed na trhu. Ide\u00e1lne pre v\u00e1\u0161niv\u00fdch vaperov a t\u00fdch, ktor\u00ed h\u013eadaj\u00fa dlhodob\u00e9 pou\u017e\u00edvanie.<\/li>\n<li><strong>R\u00f4zne mo\u017enosti nikot\u00ednu<\/strong><br \/>\nToto vapovacie zariadenie, ktor\u00e9 vyhovie v\u0161etk\u00fdm preferenci\u00e1m, je dostupn\u00e9 v <strong>0%, 2%, 3% a 5% s obsahom nikot\u00ednu<\/strong>, v\u010faka \u010domu je ide\u00e1lne pre pr\u00edle\u017eitostn\u00fdch aj pravideln\u00fdch u\u017e\u00edvate\u013eov.<\/li>\n<li><strong>R\u00f4znorodos\u0165 pr\u00edchut\u00ed<\/strong><br \/>\nVyberte si z <strong>12 pr\u00e9miov\u00fdch pr\u00edchut\u00ed<\/strong>, starostlivo vytvoren\u00e9 tak, aby uspokojili \u0161irok\u00fa \u0161k\u00e1lu chut\u00ed, od ob\u013e\u00faben\u00fdch ovocn\u00fdch a\u017e po chladn\u00e9 mentolov\u00e9 zmesi.<\/li>\n<li><strong>Pokro\u010dil\u00e1 technol\u00f3gia<\/strong><br \/>\nVybaven\u00e9 <strong>sie\u0165ov\u00e1 cievka<\/strong> a <strong>850mAh nab\u00edjate\u013en\u00e1 kobaltov\u00e1 bat\u00e9ria<\/strong>, zariadenie pon\u00faka jemn\u00fa paru, bohat\u00fa chu\u0165 a r\u00fdchle, pohodln\u00e9 nab\u00edjanie cez <strong>portom typu C<\/strong>.<\/li>\n<li><strong>Ve\u013ekoobchodn\u00e9 pohodlie<\/strong><br \/>\nNa vapestornado.com si vychutnajte mo\u017enosti hromadn\u00e9ho balenia s <strong>10 kusmi v krabici<\/strong> a <strong>200 kusov v kart\u00f3ne<\/strong>, ide\u00e1lne pre maloobchodn\u00edkov a distrib\u00fatorov.<\/li>\n<li><strong>D\u00f4veryhodn\u00fd dod\u00e1vate\u013e<\/strong><br \/>\nvapestornado.com je zn\u00e1my svojimi spo\u013eahliv\u00fdmi slu\u017ebami, origin\u00e1lnymi produktmi a konkurencieschopn\u00fdmi cenami, \u010do z neho rob\u00ed platformu pre vysokokvalitn\u00e9 vapovacie zariadenia.<\/li>\n<\/ul>\n<\/div>\n<\/div>\n<h2>\u010casto kladen\u00e9 ot\u00e1zky o <strong>Uwin SHISHA HOOKAH Crystal 20000 \u0164ahov <\/strong>Vape pody<\/h2>\n<p>&nbsp;<\/p>\n<p><strong>1. Ko\u013eko po\u0165ahov m\u00f4\u017eem z\u00edska\u0165 z Uwin Shisha Hookah Vapes 20k po\u0165ahov?<\/strong><br \/>\nKa\u017ed\u00fd pod pon\u00faka a\u017e do <strong>20 000 potiahnut\u00ed<\/strong>, \u010do z neho rob\u00ed dlhotrvaj\u00facu mo\u017enos\u0165 pre pravideln\u00e9 vapovanie.<\/p>\n<p><strong>2. Ak\u00e9 sily nikot\u00ednu s\u00fa k dispoz\u00edcii pre Uwin Crystal 20000 Puffs?<\/strong><br \/>\nUwin Shisha Hookah Crystal je k dispoz\u00edcii v <strong>0%, 2%, 3% a 5% nikot\u00ednov\u00e9<\/strong> mo\u017enosti, aby vyhovovali r\u00f4znym preferenci\u00e1m.<\/p>\n<p><strong>3. Ko\u013eko e-liquidu obsahuje Uwin Crystal Vapes 20k Puffs?<\/strong><br \/>\nKa\u017ed\u00e1 kapsula je vopred naplnen\u00e1 <strong>25 ml pr\u00e9miov\u00e9ho e-liquidu<\/strong> pre dlhodob\u00e9 pou\u017e\u00edvanie.<\/p>\n<p><strong>4. Ako dlho trv\u00e1 doru\u010denie Uwin Shisha Hookah Crystal 20000 Puffs Vape Pods do mojej krajiny?<\/strong><br \/>\n\u010casy doru\u010denia sa l\u00ed\u0161ia v z\u00e1vislosti od va\u0161ej polohy a zvolen\u00e9ho sp\u00f4sobu dopravy. Pre eur\u00f3pske krajiny trv\u00e1 \u0161tandardn\u00e1 doprava zvy\u010dajne 10<strong>\u201315 pracovn\u00fdch dn\u00ed.<\/strong> Ak s\u00fa sviatky, dodacia lehota bal\u00edka sa oneskor\u00ed.<\/p>\n<p><strong>5. Ako m\u00f4\u017eem sledova\u0165 svoju objedn\u00e1vku?<\/strong><br \/>\nPo odoslan\u00ed objedn\u00e1vky dostanete sledovacie \u010d\u00edslo od dod\u00e1vate\u013ea alebo predajcu. Pou\u017eite ho na sledovanie priebehu doru\u010denia.<\/p>","protected":false},"excerpt":{"rendered":"<p>Uwin Shisha Hookah Crystal 20000 Puffs Vape, ve\u013ekoobchodn\u00e9 ceny, pr\u00e9miov\u00e9 pr\u00edchute, nab\u00edjate\u013en\u00e9, 2% alebo 5% nikot\u00edn, ekologick\u00e9. Ide\u00e1lne pre ve\u013ekoobchodn\u00fdch kupuj\u00facich v Eur\u00f3pe.<\/p>\n<figure id=\"attachment_2951\" aria-describedby=\"caption-attachment-2951\" style=\"width: 265px\" class=\"wp-caption alignnone\"><img decoding=\"async\" class=\"size-medium wp-image-2951\" src=\"https:\/\/vapestornado.com\/wp-content\/uploads\/2024\/12\/Wholesale-Disposable-Vape-265x300.jpg\" alt=\"Ve\u013ekoobchodn\u00fd Jednorazov\u00fd Vape\" width=\"265\" height=\"300\" srcset=\"https:\/\/vapestornado.com\/wp-content\/uploads\/2024\/12\/Wholesale-Disposable-Vape-265x300.jpg 265w, https:\/\/vapestornado.com\/wp-content\/uploads\/2024\/12\/Wholesale-Disposable-Vape-768x871.jpg 768w, https:\/\/vapestornado.com\/wp-content\/uploads\/2024\/12\/Wholesale-Disposable-Vape-600x680.jpg 600w, https:\/\/vapestornado.com\/wp-content\/uploads\/2024\/12\/Wholesale-Disposable-Vape.jpg 823w\" sizes=\"(max-width: 265px) 100vw, 265px\" \/><figcaption id=\"caption-attachment-2951\" class=\"wp-caption-text\">Pre z\u013eavnen\u00fa cenu kontaktujte Mandy na WhatsApp\u00a0 <a href=\"https:\/\/wa.me\/8618077105796\">+8618077105796<\/a><\/figcaption><\/figure>\n<p>&nbsp;<\/p>","protected":false},"featured_media":3520,"comment_status":"open","ping_status":"closed","template":"","meta":{"_acf_changed":false,"_uag_custom_page_level_css":"","_lmt_disableupdate":"no","_lmt_disable":"","_monsterinsights_skip_tracking":false,"_monsterinsights_sitenote_active":false,"_monsterinsights_sitenote_note":"","_monsterinsights_sitenote_category":0,"site-sidebar-layout":"default","site-content-layout":"","ast-site-content-layout":"default","site-content-style":"default","site-sidebar-style":"default","ast-global-header-display":"","ast-banner-title-visibility":"","ast-main-header-display":"","ast-hfb-above-header-display":"","ast-hfb-below-header-display":"","ast-hfb-mobile-header-display":"","site-post-title":"","ast-breadcrumbs-content":"","ast-featured-img":"","footer-sml-layout":"","ast-disable-related-posts":"","theme-transparent-header-meta":"default","adv-header-id-meta":"","stick-header-meta":"","header-above-stick-meta":"","header-main-stick-meta":"","header-below-stick-meta":"","astra-migrate-meta-layouts":"set","ast-page-background-enabled":"default","ast-page-background-meta":{"desktop":{"background-color":"","background-image":"","background-repeat":"repeat","background-position":"center center","background-size":"auto","background-attachment":"scroll","background-type":"","background-media":"","overlay-type":"","overlay-color":"","overlay-opacity":"","overlay-gradient":""},"tablet":{"background-color":"","background-image":"","background-repeat":"repeat","background-position":"center center","background-size":"auto","background-attachment":"scroll","background-type":"","background-media":"","overlay-type":"","overlay-color":"","overlay-opacity":"","overlay-gradient":""},"mobile":{"background-color":"","background-image":"","background-repeat":"repeat","background-position":"center center","background-size":"auto","background-attachment":"scroll","background-type":"","background-media":"","overlay-type":"","overlay-color":"","overlay-opacity":"","overlay-gradient":""}},"ast-content-background-meta":{"desktop":{"background-color":"var(--ast-global-color-5)","background-image":"","background-repeat":"repeat","background-position":"center center","background-size":"auto","background-attachment":"scroll","background-type":"","background-media":"","overlay-type":"","overlay-color":"","overlay-opacity":"","overlay-gradient":""},"tablet":{"background-color":"var(--ast-global-color-5)","background-image":"","background-repeat":"repeat","background-position":"center center","background-size":"auto","background-attachment":"scroll","background-type":"","background-media":"","overlay-type":"","overlay-color":"","overlay-opacity":"","overlay-gradient":""},"mobile":{"background-color":"var(--ast-global-color-5)","background-image":"","background-repeat":"repeat","background-position":"center center","background-size":"auto","background-attachment":"scroll","background-type":"","background-media":"","overlay-type":"","overlay-color":"","overlay-opacity":"","overlay-gradient":""}},"_joinchat":{"telephone":"+8618077105796"}},"product_brand":[],"product_cat":[69,150,151,153,157,141],"product_tag":[97,217],"class_list":{"0":"post-3515","1":"product","2":"type-product","3":"status-publish","4":"has-post-thumbnail","6":"product_cat-20000-puff","7":"product_cat-buy-disposable-vapes-in-belgium","8":"product_cat-buy-disposable-vapes-in-france","9":"product_cat-buy-disposable-vapes-in-italy","10":"product_cat-buy-disposable-vapes-in-portugal","11":"product_cat-crystal-disposable-vapes","12":"product_tag-hot-sale-disposable-vape","13":"product_tag-uwin-shisha-hookah-crystal-20000-puffs","14":"desktop-align-left","15":"tablet-align-left","16":"mobile-align-left","18":"first","19":"instock","20":"sale","21":"shipping-taxable","22":"purchasable","23":"product-type-simple"},"acf":[],"uagb_featured_image_src":{"full":["https:\/\/vapestornado.com\/wp-content\/uploads\/2024\/12\/Good-Sale-UWIN-HOOKAH-Crystal-20000-Puffs-Watermelon-ice.jpg",800,800,false],"thumbnail":["https:\/\/vapestornado.com\/wp-content\/uploads\/2024\/12\/Good-Sale-UWIN-HOOKAH-Crystal-20000-Puffs-Watermelon-ice-150x150.jpg",150,150,true],"medium":["https:\/\/vapestornado.com\/wp-content\/uploads\/2024\/12\/Good-Sale-UWIN-HOOKAH-Crystal-20000-Puffs-Watermelon-ice-300x300.jpg",300,300,true],"medium_large":["https:\/\/vapestornado.com\/wp-content\/uploads\/2024\/12\/Good-Sale-UWIN-HOOKAH-Crystal-20000-Puffs-Watermelon-ice-768x768.jpg",768,768,true],"large":["https:\/\/vapestornado.com\/wp-content\/uploads\/2024\/12\/Good-Sale-UWIN-HOOKAH-Crystal-20000-Puffs-Watermelon-ice.jpg",800,800,false],"1536x1536":["https:\/\/vapestornado.com\/wp-content\/uploads\/2024\/12\/Good-Sale-UWIN-HOOKAH-Crystal-20000-Puffs-Watermelon-ice.jpg",800,800,false],"2048x2048":["https:\/\/vapestornado.com\/wp-content\/uploads\/2024\/12\/Good-Sale-UWIN-HOOKAH-Crystal-20000-Puffs-Watermelon-ice.jpg",800,800,false],"trp-custom-language-flag":["https:\/\/vapestornado.com\/wp-content\/uploads\/2024\/12\/Good-Sale-UWIN-HOOKAH-Crystal-20000-Puffs-Watermelon-ice.jpg",12,12,false],"woocommerce_thumbnail":["https:\/\/vapestornado.com\/wp-content\/uploads\/2024\/12\/Good-Sale-UWIN-HOOKAH-Crystal-20000-Puffs-Watermelon-ice-300x300.jpg",300,300,true],"woocommerce_single":["https:\/\/vapestornado.com\/wp-content\/uploads\/2024\/12\/Good-Sale-UWIN-HOOKAH-Crystal-20000-Puffs-Watermelon-ice-600x600.jpg",600,600,true],"woocommerce_gallery_thumbnail":["https:\/\/vapestornado.com\/wp-content\/uploads\/2024\/12\/Good-Sale-UWIN-HOOKAH-Crystal-20000-Puffs-Watermelon-ice-100x100.jpg",100,100,true]},"uagb_author_info":{"display_name":"ESMANDY","author_link":"https:\/\/vapestornado.com\/sk\/author\/"},"uagb_comment_info":0,"uagb_excerpt":"Uwin Shisha Hookah Crystal 20000 Puffs Vape, bulk prices, premium flavors, rechargeable, 2%5% nicotine, eco-friendly. Perfect for wholesale buyers in Europe. [caption id=\"attachment_2951\" align=\"alignnone\" width=\"265\"] Pls Contact Mandy's WhatsApp For Discount Price\u00a0 +8618077105796[\/caption] &nbsp;","_links":{"self":[{"href":"https:\/\/vapestornado.com\/sk\/wp-json\/wp\/v2\/product\/3515","targetHints":{"allow":["GET"]}}],"collection":[{"href":"https:\/\/vapestornado.com\/sk\/wp-json\/wp\/v2\/product"}],"about":[{"href":"https:\/\/vapestornado.com\/sk\/wp-json\/wp\/v2\/types\/product"}],"replies":[{"embeddable":true,"href":"https:\/\/vapestornado.com\/sk\/wp-json\/wp\/v2\/comments?post=3515"}],"wp:featuredmedia":[{"embeddable":true,"href":"https:\/\/vapestornado.com\/sk\/wp-json\/wp\/v2\/media\/3520"}],"wp:attachment":[{"href":"https:\/\/vapestornado.com\/sk\/wp-json\/wp\/v2\/media?parent=3515"}],"wp:term":[{"taxonomy":"product_brand","embeddable":true,"href":"https:\/\/vapestornado.com\/sk\/wp-json\/wp\/v2\/product_brand?post=3515"},{"taxonomy":"product_cat","embeddable":true,"href":"https:\/\/vapestornado.com\/sk\/wp-json\/wp\/v2\/product_cat?post=3515"},{"taxonomy":"product_tag","embeddable":true,"href":"https:\/\/vapestornado.com\/sk\/wp-json\/wp\/v2\/product_tag?post=3515"}],"curies":[{"name":"wp","href":"https:\/\/api.w.org\/{rel}","templated":true}]}}