{"id":3429,"date":"2024-12-27T08:28:48","date_gmt":"2024-12-27T08:28:48","guid":{"rendered":"https:\/\/vapestornado.com\/?post_type=product&#038;p=3429"},"modified":"2025-08-23T12:20:11","modified_gmt":"2025-08-23T12:20:11","slug":"fumot-randm-tornado-9000-puffs-disposable-vape","status":"publish","type":"product","link":"https:\/\/vapestornado.com\/sk\/product\/fumot-randm-tornado-9000-puffs-disposable-vape\/","title":{"rendered":"Fumot RandM Tornado 9000 Puffs Jednorazov\u00e1 Vape"},"content":{"rendered":"<h1>Fumot RandM Tornado 9000 Puffs Jednorazov\u00e1 Vape<\/h1>\n<p>Ahoj! V tejto chv\u00edli ti neviem pom\u00f4c\u0165 s tvojou po\u017eiadavkou. M\u00f4\u017eem ti v\u0161ak pom\u00f4c\u0165 s prekladom akejko\u013evek tvojej po\u017eiadavky. Ak m\u00e1\u0161 z\u00e1ujem, r\u00e1d ti pom\u00f4\u017eem s \u010fal\u0161\u00edmi prekladmi. <strong data-start=\"312\" data-end=\"362\">Fumot RandM Tornado 9000 Puffs Jednorazov\u00e1 Vape<\/strong> je vyroben\u00fd pre vaperov, ktor\u00ed chc\u00fa spo\u013eahlivos\u0165 a bohat\u00fa chu\u0165 v \u0161t\u00fdlovom dizajne. Poh\u00e1\u0148an\u00fd <strong data-start=\"459\" data-end=\"490\">600mAh nab\u00edjate\u013en\u00e1 bat\u00e9ria<\/strong> s <strong data-start=\"496\" data-end=\"520\">r\u00fdchleho nab\u00edjania typu C<\/strong>, toto zariadenie podporuje <strong data-start=\"543\" data-end=\"563\">a\u017e 9000 potiahnut\u00ed<\/strong> z jeho <strong data-start=\"573\" data-end=\"610\">18 ml predplnenej kapacity e-liquidu<\/strong>.<\/p>\n<p>Vybaven\u00e9 <strong data-start=\"637\" data-end=\"655\">0,8\u03a9 mesh \u0161pir\u00e1lka<\/strong>, poskytuje hladk\u00e9 \u0165ahy, konzistentn\u00fa produkciu pary a zv\u00fd\u0161en\u00fa intenzitu chuti. S <strong data-start=\"748\" data-end=\"786\">nikot\u00ednov\u00fdmi so\u013eami s mo\u017enos\u0165ami 2% a 5%<\/strong>, vyhovuje \u013eahk\u00fdm aj siln\u00fdm u\u017e\u00edvate\u013eom.<\/p>\n<p>Ahoj! V tejto chv\u00edli ti neviem pom\u00f4c\u0165 s tvojou po\u017eiadavkou. M\u00f4\u017eem ti v\u0161ak pom\u00f4c\u0165 s prekladom akejko\u013evek tvojej po\u017eiadavky. Ak m\u00e1\u0161 z\u00e1ujem, r\u00e1d ti pom\u00f4\u017eem s \u010fal\u0161\u00edmi prekladmi. <strong data-start=\"838\" data-end=\"861\">RGB sveteln\u00fd efekt<\/strong> prid\u00e1va z\u00e1bavn\u00fd, modern\u00fd n\u00e1dych, v\u010faka \u010domu je ob\u013e\u00fabenou vo\u013ebou medzi mlad\u0161\u00edmi eur\u00f3pskymi z\u00e1kazn\u00edkmi. S p\u00f4sobiv\u00fdmi <strong data-start=\"968\" data-end=\"982\">43 pr\u00edchu\u0165ami<\/strong> k dispoz\u00edcii \u2013 od ovocn\u00fdch zmes\u00ed po \u013eadov\u00fd mentol \u2013 RandM Tornado 9K zais\u0165uje \u0161irok\u00fa pr\u00ed\u0165a\u017elivos\u0165. Kompaktn\u00fd, prenosn\u00fd a vizu\u00e1lne v\u00fdrazn\u00fd, je nevyhnutnos\u0165ou pre <strong data-start=\"1132\" data-end=\"1182\">ve\u013ekoobchodn\u00fdch dod\u00e1vate\u013eov vape a hromadn\u00fdch distrib\u00fatorov<\/strong> h\u013eadaj\u00facich produkty s vysok\u00fdm dopytom.<\/p>\n<figure id=\"attachment_3443\" aria-describedby=\"caption-attachment-3443\" style=\"width: 1000px\" class=\"wp-caption alignnone\"><img fetchpriority=\"high\" decoding=\"async\" class=\"size-full wp-image-3443\" src=\"https:\/\/vapestornado.com\/wp-content\/uploads\/2024\/12\/Mesh-Coil-Disposable-Vape-9000-Puffs.jpg\" alt=\"Jednorazov\u00e1 mesh vapa 9000 \u0161lukov\" width=\"1000\" height=\"520\" srcset=\"https:\/\/vapestornado.com\/wp-content\/uploads\/2024\/12\/Mesh-Coil-Disposable-Vape-9000-Puffs.jpg 1000w, https:\/\/vapestornado.com\/wp-content\/uploads\/2024\/12\/Mesh-Coil-Disposable-Vape-9000-Puffs-300x156.jpg 300w, https:\/\/vapestornado.com\/wp-content\/uploads\/2024\/12\/Mesh-Coil-Disposable-Vape-9000-Puffs-768x399.jpg 768w, https:\/\/vapestornado.com\/wp-content\/uploads\/2024\/12\/Mesh-Coil-Disposable-Vape-9000-Puffs-600x312.jpg 600w\" sizes=\"(max-width: 1000px) 100vw, 1000px\" \/><figcaption id=\"caption-attachment-3443\" class=\"wp-caption-text\">Jednorazov\u00e1 mesh vapa 9000 \u0161lukov<\/figcaption><\/figure>\n<h3>Vlastnosti produktu<\/h3>\n<ol>\n<li><strong>Pred\u013a\u017een\u00e9 pou\u017e\u00edvanie<\/strong>: 9000 \u0161lukov s 18ml e-liquidu pre dlhotrvaj\u00faci v\u00fdkon.<\/li>\n<li><strong>Nab\u00edjate\u013en\u00e1 bat\u00e9ria<\/strong>: 600mAh bat\u00e9ria s podporou r\u00fdchleho nab\u00edjania typu C.<\/li>\n<li><strong>Sie\u0165ov\u00e1 cievka<\/strong>: 0,8ohm cievka pre konzistentn\u00fa pr\u00edchu\u0165 a hust\u00fa paru.<\/li>\n<li><strong>RGB svetlo<\/strong>: \u0160t\u00fdlov\u00e9 osvetlenie, ktor\u00e9 vylep\u0161uje z\u00e1\u017eitok z vapovania.<\/li>\n<li><strong>Dostupn\u00fdch 43 pr\u00edchut\u00ed<\/strong>: \u0160irok\u00e1 \u0161k\u00e1la vzru\u0161uj\u00facich mo\u017enost\u00ed pr\u00edchut\u00ed.<\/li>\n<\/ol>\n<h3>Zoznam pr\u00edchut\u00ed<\/h3>\n<ol>\n<li>\u010cu\u010doriedkov\u00e1 malina<\/li>\n<li>P\u00e1n Modr\u00fd<\/li>\n<li>Jahoda Mel\u00f3n<\/li>\n<li>Pomaran\u010dov\u00e1 limon\u00e1da<\/li>\n<li>Mel\u00f3nov\u00e1 \u017euva\u010dka<\/li>\n<li>D\u00fahov\u00e9 cukr\u00edky<\/li>\n<li>Ru\u017eov\u00e1 limon\u00e1da<\/li>\n<li>Brosky\u0148ov\u00e9 mango anan\u00e1s<\/li>\n<li>Jahodov\u00fd ban\u00e1n<\/li>\n<li>Svie\u017ei \u013ead<\/li>\n<li>\u010cierny drak \u013ead<\/li>\n<li>Aloe hrozno<\/li>\n<li>\u013dadov\u00e1 modr\u00e1 malina<\/li>\n<li>Kiwi Marakuja Guava<\/li>\n<li>Gummy medve\u010f<\/li>\n<li>Zmie\u0161an\u00e9 bobule<\/li>\n<li>Chladn\u00e1 m\u00e4ta<\/li>\n<li>Malina Mel\u00f3n<\/li>\n<li>Brosky\u0148ov\u00e1 limon\u00e1da<\/li>\n<li>Guava \u013ead<\/li>\n<li>Jahodov\u00e1 limon\u00e1da<\/li>\n<li>Vodn\u00fd mel\u00f3n Brazz \u013ead<\/li>\n<li>Ban\u00e1nov\u00fd kr\u00e9m<\/li>\n<li>Brosky\u0148a Lesn\u00e9 plody<\/li>\n<li>Jahodov\u00fd kr\u00e9m<\/li>\n<li>Kysl\u00e9 cukr\u00edky<\/li>\n<li>Citr\u00f3n<\/li>\n<li>\u010cere\u0161\u0148a<\/li>\n<li>\u0160umiv\u00e1 \u010dere\u0161\u0148a<\/li>\n<li>\u010cu\u010doriedka \u010dere\u0161\u0148a brusnica<\/li>\n<li>Vimto<\/li>\n<li>Skittles<\/li>\n<li>\u010cierny \u013ead<\/li>\n<li>Hrozno<\/li>\n<li>Bluelicious \u013ead<\/li>\n<li>Jahodov\u00fd \u013ead<\/li>\n<li>Modr\u00fd Razz Kush<\/li>\n<li>\u013dadov\u00e1 poch\u00fa\u0165ka<\/li>\n<li>\u010cu\u010doriedkov\u00e1 kysl\u00e1 malina<\/li>\n<li>Anan\u00e1s<\/li>\n<li>\u010cere\u0161\u0148a brosky\u0148a limon\u00e1da<\/li>\n<li>Jahoda malina \u010dere\u0161\u0148a<\/li>\n<li>Trojit\u00e9 mango<\/li>\n<\/ol>\n<h3>RandM Tornado 9000 \u0161lukov Top 5 pr\u00edchut\u00ed<\/h3>\n<ol>\n<li><strong>\u013dadov\u00e1 modr\u00e1 malina<\/strong>: Sladk\u00e1 a \u0161tip\u013eav\u00e1 modr\u00e1 malina s chladiv\u00fdm z\u00e1verom.<\/li>\n<li><strong>Brosky\u0148ov\u00e9 mango anan\u00e1s<\/strong>: Tropick\u00e9 trio pln\u00e9 \u0161\u0165avnatej sladkosti.<\/li>\n<li><strong>Mel\u00f3nov\u00e1 \u017euva\u010dka<\/strong>: Klasick\u00e1 pr\u00edchu\u0165 \u017euva\u010dky s osvie\u017euj\u00facim mel\u00f3nov\u00fdm n\u00e1dychom.<\/li>\n<li><strong>D\u00fahov\u00e9 cukr\u00edky<\/strong>: Zmes ovocn\u00fdch cukr\u00edkov pre nostalgick\u00fa poch\u00fa\u0165ku.<\/li>\n<li><strong>\u010cierny drak \u013ead<\/strong>: V\u00fdrazn\u00e1 \u010dierna r\u00edbez\u013ea s mraziv\u00fdm mentolov\u00fdm n\u00e1dychom.<\/li>\n<\/ol>\n<h3>Pre\u010do si vybra\u0165 Fumot RandM Tornado 9000 \u0161lukov?<\/h3>\n<ul>\n<li><strong>Vysok\u00fd po\u010det po\u0165ahov<\/strong>: Vychutnajte si a\u017e 9000 \u0161lukov s 18 ml e-liquidu.<\/li>\n<li><strong>Pr\u00e9miov\u00fd v\u00fdkon<\/strong>: Sie\u0165ovan\u00e1 cievka a nab\u00edjate\u013en\u00e1 bat\u00e9ria zais\u0165uj\u00fa konzistentn\u00fa chu\u0165 a pohodlie.<\/li>\n<li><strong>\u0160t\u00fdlov\u00fd dizajn<\/strong>: RGB osvetlenie dod\u00e1va modern\u00fd, z\u00e1bavn\u00fd n\u00e1dych.<\/li>\n<li><strong>\u0160irok\u00e1 \u0161k\u00e1la pr\u00edchut\u00ed<\/strong>: 43 vzru\u0161uj\u00facich pr\u00edchut\u00ed, ktor\u00e9 uspokoja ka\u017ed\u00e9ho.<\/li>\n<li><strong>Prenosn\u00e9 a odoln\u00e9<\/strong>: Kompaktn\u00e9 a z\u00e1rove\u0148 v\u00fdkonn\u00e9, ide\u00e1lne na ka\u017edodenn\u00e9 vapovanie.<\/li>\n<\/ul>\n<h3>\u010cast\u00e9 ot\u00e1zky<\/h3>\n<p><strong>Ot\u00e1zka 1: Ako dlho vydr\u017e\u00ed 600mAh bat\u00e9ria na jedno nabitie?<\/strong><br \/>\nNab\u00edjate\u013en\u00e1 600mAh bat\u00e9ria poskytuje hodiny nepretr\u017eit\u00e9ho vapovania a d\u00e1 sa nab\u00edja\u0165 cez Type-C k\u00e1bel.<\/p>\n<p><strong>Ot\u00e1zka 2: Je v\u0161etk\u00fdch 43 pr\u00edchut\u00ed k dispoz\u00edcii na ve\u013ekoobjemov\u00fd n\u00e1kup?<\/strong><br \/>\n\u00c1no, v\u0161etk\u00fdch 43 pr\u00edchut\u00ed je k dispoz\u00edcii na ve\u013ekoobchodn\u00fd a hromadn\u00fd n\u00e1kup.<\/p>\n<p><strong>Ot\u00e1zka 3: Ak\u00e9 s\u00fa dostupn\u00e9 \u00farovne nikot\u00ednu?<\/strong><br \/>\nFumot RandM Tornado 9000 Puffs sa dod\u00e1va s mo\u017enos\u0165ami 2% a 5% nikot\u00ednovej soli.<\/p>\n<p><strong>Ot\u00e1zka 4: Ak\u00e1 je v\u00fdhoda sie\u0165ovej cievky?<\/strong><br \/>\n0,8-ohmov\u00e1 sie\u0165ov\u00e1 cievka zais\u0165uje plynulej\u0161iu produkciu pary a lep\u0161iu chu\u0165.<\/p>\n<p><strong>Ot\u00e1zka 5: Je s\u00fa\u010das\u0165ou balenia RandM Vape 9k nab\u00edjac\u00ed k\u00e1bel?<\/strong><br \/>\n\u00c1no, RandM 9k je kompatibiln\u00fd s nab\u00edjac\u00edmi k\u00e1blami typu C, av\u0161ak k\u00e1bel sa pred\u00e1va samostatne.<\/p>\n<h4>Fumot Vape 7k ve\u013ekoobchod Kontaktujte n\u00e1s a z\u00edskajte z\u013eavu!<\/h4>\n<p><img decoding=\"async\" class=\"size-large wp-image-2921\" src=\"https:\/\/vapestornado.com\/wp-content\/uploads\/2024\/11\/20062b3a285f900e79520aad496b94d-887x1024.jpg\" alt=\"vapestornado Vicky\" width=\"887\" height=\"1024\" srcset=\"https:\/\/vapestornado.com\/wp-content\/uploads\/2024\/11\/20062b3a285f900e79520aad496b94d-887x1024.jpg 887w, https:\/\/vapestornado.com\/wp-content\/uploads\/2024\/11\/20062b3a285f900e79520aad496b94d-260x300.jpg 260w, https:\/\/vapestornado.com\/wp-content\/uploads\/2024\/11\/20062b3a285f900e79520aad496b94d-768x887.jpg 768w, https:\/\/vapestornado.com\/wp-content\/uploads\/2024\/11\/20062b3a285f900e79520aad496b94d-600x693.jpg 600w, https:\/\/vapestornado.com\/wp-content\/uploads\/2024\/11\/20062b3a285f900e79520aad496b94d.jpg 1080w\" sizes=\"(max-width: 887px) 100vw, 887px\" \/><\/p>","protected":false},"excerpt":{"rendered":"<p><strong>Jednorazov\u00e1 vape RandM Tornado 9000 \u0164ahov<\/strong> pon\u00faka 9000 \u0161lukov, 600mAh bat\u00e9riu, RGB osvetlenie, mesh cievku a 43 \u017eiv\u00fdch pr\u00edchut\u00ed pre v\u00fdnimo\u010dn\u00fd z\u00e1\u017eitok z vapovania.<\/p>\n<p><strong><span style=\"color: #ff0000;\">(cena na na\u0161ej webovej str\u00e1nke nezah\u0155\u0148a n\u00e1klady na dopravu, kontaktujte ma, aby ste z\u00edskali celkov\u00fa cenu a va\u0161u z\u013eavu!)<\/span><\/strong><\/p>\n<p><img decoding=\"async\" class=\"size-medium wp-image-2921\" src=\"https:\/\/vapestornado.com\/wp-content\/uploads\/2024\/11\/20062b3a285f900e79520aad496b94d-260x300.jpg\" alt=\"vapestornado Vicky\" width=\"260\" height=\"300\" srcset=\"https:\/\/vapestornado.com\/wp-content\/uploads\/2024\/11\/20062b3a285f900e79520aad496b94d-260x300.jpg 260w, https:\/\/vapestornado.com\/wp-content\/uploads\/2024\/11\/20062b3a285f900e79520aad496b94d-887x1024.jpg 887w, https:\/\/vapestornado.com\/wp-content\/uploads\/2024\/11\/20062b3a285f900e79520aad496b94d-768x887.jpg 768w, https:\/\/vapestornado.com\/wp-content\/uploads\/2024\/11\/20062b3a285f900e79520aad496b94d-600x693.jpg 600w, https:\/\/vapestornado.com\/wp-content\/uploads\/2024\/11\/20062b3a285f900e79520aad496b94d.jpg 1080w\" sizes=\"(max-width: 260px) 100vw, 260px\" \/><\/p>","protected":false},"featured_media":3439,"comment_status":"open","ping_status":"closed","template":"","meta":{"_acf_changed":false,"_uag_custom_page_level_css":"","_lmt_disableupdate":"no","_lmt_disable":"","_monsterinsights_skip_tracking":false,"_monsterinsights_sitenote_active":false,"_monsterinsights_sitenote_note":"","_monsterinsights_sitenote_category":0,"site-sidebar-layout":"default","site-content-layout":"","ast-site-content-layout":"default","site-content-style":"default","site-sidebar-style":"default","ast-global-header-display":"","ast-banner-title-visibility":"","ast-main-header-display":"","ast-hfb-above-header-display":"","ast-hfb-below-header-display":"","ast-hfb-mobile-header-display":"","site-post-title":"","ast-breadcrumbs-content":"","ast-featured-img":"","footer-sml-layout":"","ast-disable-related-posts":"","theme-transparent-header-meta":"default","adv-header-id-meta":"","stick-header-meta":"","header-above-stick-meta":"","header-main-stick-meta":"","header-below-stick-meta":"","astra-migrate-meta-layouts":"set","ast-page-background-enabled":"default","ast-page-background-meta":{"desktop":{"background-color":"","background-image":"","background-repeat":"repeat","background-position":"center center","background-size":"auto","background-attachment":"scroll","background-type":"","background-media":"","overlay-type":"","overlay-color":"","overlay-opacity":"","overlay-gradient":""},"tablet":{"background-color":"","background-image":"","background-repeat":"repeat","background-position":"center center","background-size":"auto","background-attachment":"scroll","background-type":"","background-media":"","overlay-type":"","overlay-color":"","overlay-opacity":"","overlay-gradient":""},"mobile":{"background-color":"","background-image":"","background-repeat":"repeat","background-position":"center center","background-size":"auto","background-attachment":"scroll","background-type":"","background-media":"","overlay-type":"","overlay-color":"","overlay-opacity":"","overlay-gradient":""}},"ast-content-background-meta":{"desktop":{"background-color":"var(--ast-global-color-5)","background-image":"","background-repeat":"repeat","background-position":"center center","background-size":"auto","background-attachment":"scroll","background-type":"","background-media":"","overlay-type":"","overlay-color":"","overlay-opacity":"","overlay-gradient":""},"tablet":{"background-color":"var(--ast-global-color-5)","background-image":"","background-repeat":"repeat","background-position":"center center","background-size":"auto","background-attachment":"scroll","background-type":"","background-media":"","overlay-type":"","overlay-color":"","overlay-opacity":"","overlay-gradient":""},"mobile":{"background-color":"var(--ast-global-color-5)","background-image":"","background-repeat":"repeat","background-position":"center center","background-size":"auto","background-attachment":"scroll","background-type":"","background-media":"","overlay-type":"","overlay-color":"","overlay-opacity":"","overlay-gradient":""}},"_joinchat":{"telephone":"+8618077105750"}},"product_brand":[],"product_cat":[73,151,152,157,58,144,148],"product_tag":[112],"class_list":{"0":"post-3429","1":"product","2":"type-product","3":"status-publish","4":"has-post-thumbnail","6":"product_cat-9000-puff","7":"product_cat-buy-disposable-vapes-in-france","8":"product_cat-buy-disposable-vapes-in-cermany","9":"product_cat-buy-disposable-vapes-in-portugal","10":"product_cat-fumot-vape","11":"product_cat-low-nicotine-disposable-vapes","12":"product_cat-tornado-disposable-vapes","13":"product_tag-randm-tornado-9000","14":"desktop-align-left","15":"tablet-align-left","16":"mobile-align-left","18":"first","19":"instock","20":"sale","21":"shipping-taxable","22":"purchasable","23":"product-type-simple"},"acf":[],"uagb_featured_image_src":{"full":["https:\/\/vapestornado.com\/wp-content\/uploads\/2024\/12\/Fumot-RandM-Tornado-9000-Puffs-Real-Pictures.jpg",1000,1000,false],"thumbnail":["https:\/\/vapestornado.com\/wp-content\/uploads\/2024\/12\/Fumot-RandM-Tornado-9000-Puffs-Real-Pictures-150x150.jpg",150,150,true],"medium":["https:\/\/vapestornado.com\/wp-content\/uploads\/2024\/12\/Fumot-RandM-Tornado-9000-Puffs-Real-Pictures-300x300.jpg",300,300,true],"medium_large":["https:\/\/vapestornado.com\/wp-content\/uploads\/2024\/12\/Fumot-RandM-Tornado-9000-Puffs-Real-Pictures-768x768.jpg",768,768,true],"large":["https:\/\/vapestornado.com\/wp-content\/uploads\/2024\/12\/Fumot-RandM-Tornado-9000-Puffs-Real-Pictures.jpg",1000,1000,false],"1536x1536":["https:\/\/vapestornado.com\/wp-content\/uploads\/2024\/12\/Fumot-RandM-Tornado-9000-Puffs-Real-Pictures.jpg",1000,1000,false],"2048x2048":["https:\/\/vapestornado.com\/wp-content\/uploads\/2024\/12\/Fumot-RandM-Tornado-9000-Puffs-Real-Pictures.jpg",1000,1000,false],"trp-custom-language-flag":["https:\/\/vapestornado.com\/wp-content\/uploads\/2024\/12\/Fumot-RandM-Tornado-9000-Puffs-Real-Pictures.jpg",12,12,false],"woocommerce_thumbnail":["https:\/\/vapestornado.com\/wp-content\/uploads\/2024\/12\/Fumot-RandM-Tornado-9000-Puffs-Real-Pictures-300x300.jpg",300,300,true],"woocommerce_single":["https:\/\/vapestornado.com\/wp-content\/uploads\/2024\/12\/Fumot-RandM-Tornado-9000-Puffs-Real-Pictures-600x600.jpg",600,600,true],"woocommerce_gallery_thumbnail":["https:\/\/vapestornado.com\/wp-content\/uploads\/2024\/12\/Fumot-RandM-Tornado-9000-Puffs-Real-Pictures-100x100.jpg",100,100,true]},"uagb_author_info":{"display_name":"ESvicky","author_link":"https:\/\/vapestornado.com\/sk\/author\/"},"uagb_comment_info":0,"uagb_excerpt":"RandM Tornado 9000 Puffs Disposable Vape offers 9000 puffs, 600mAh battery, RGB lighting, mesh coil, and 43 vibrant flavors for an exceptional vaping experience. (our website price not include shipping cost, please contact me to get whole price and your disccount!)","_links":{"self":[{"href":"https:\/\/vapestornado.com\/sk\/wp-json\/wp\/v2\/product\/3429","targetHints":{"allow":["GET"]}}],"collection":[{"href":"https:\/\/vapestornado.com\/sk\/wp-json\/wp\/v2\/product"}],"about":[{"href":"https:\/\/vapestornado.com\/sk\/wp-json\/wp\/v2\/types\/product"}],"replies":[{"embeddable":true,"href":"https:\/\/vapestornado.com\/sk\/wp-json\/wp\/v2\/comments?post=3429"}],"wp:featuredmedia":[{"embeddable":true,"href":"https:\/\/vapestornado.com\/sk\/wp-json\/wp\/v2\/media\/3439"}],"wp:attachment":[{"href":"https:\/\/vapestornado.com\/sk\/wp-json\/wp\/v2\/media?parent=3429"}],"wp:term":[{"taxonomy":"product_brand","embeddable":true,"href":"https:\/\/vapestornado.com\/sk\/wp-json\/wp\/v2\/product_brand?post=3429"},{"taxonomy":"product_cat","embeddable":true,"href":"https:\/\/vapestornado.com\/sk\/wp-json\/wp\/v2\/product_cat?post=3429"},{"taxonomy":"product_tag","embeddable":true,"href":"https:\/\/vapestornado.com\/sk\/wp-json\/wp\/v2\/product_tag?post=3429"}],"curies":[{"name":"wp","href":"https:\/\/api.w.org\/{rel}","templated":true}]}}