{"id":3421,"date":"2024-12-27T07:57:48","date_gmt":"2024-12-27T07:57:48","guid":{"rendered":"https:\/\/vapestornado.com\/?post_type=product&#038;p=3421"},"modified":"2025-08-23T12:05:35","modified_gmt":"2025-08-23T12:05:35","slug":"fumot-randm-tornado-15000-puffs-disposable-vape","status":"publish","type":"product","link":"https:\/\/vapestornado.com\/sk\/product\/fumot-randm-tornado-15000-puffs-disposable-vape\/","title":{"rendered":"Fumot RandM Tornado 15000 \u0164ahov Jednorazov\u00e1 Vape"},"content":{"rendered":"<h1>Fumot RandM Tornado 15000 \u0164ahov Jednorazov\u00e1 Vape<\/h1>\n<p>Ahoj! V tejto chv\u00edli ti neviem pom\u00f4c\u0165 s tvojou po\u017eiadavkou. M\u00f4\u017eem ti v\u0161ak pom\u00f4c\u0165 s prekladom akejko\u013evek tvojej po\u017eiadavky. Ak m\u00e1\u0161 z\u00e1ujem, r\u00e1d ti pom\u00f4\u017eem s \u010fal\u0161\u00edmi prekladmi. <strong data-start=\"332\" data-end=\"383\">Fumot RandM Tornado 15000 \u0164ahov Jednorazov\u00e1 Vape<\/strong> je ur\u010den\u00fd pre maloobchodn\u00edkov a distrib\u00fatorov, ktor\u00ed chc\u00fa pon\u00faka\u0165 zariadenie s vysokou kapacitou a mno\u017estvom funkci\u00ed za konkurencieschopn\u00e9 ve\u013ekoobchodn\u00e9 ceny. Poskytuje a\u017e <strong data-start=\"534\" data-end=\"550\">15 000 potiahnut\u00ed<\/strong>, tento vape kombinuje <strong data-start=\"571\" data-end=\"599\">25 ml predplnen\u00e9ho e-liquidu<\/strong> s <strong data-start=\"605\" data-end=\"634\">technol\u00f3gie du\u00e1lnej mesh \u0161pir\u00e1lky<\/strong>, \u010d\u00edm zais\u0165uje hladk\u00fa paru a konzistentn\u00fa chu\u0165 pri ka\u017edom pou\u017eit\u00ed.<\/p>\n<p>Poh\u00e1\u0148an\u00fd <strong data-start=\"714\" data-end=\"752\">robustn\u00fa 850mAh nab\u00edjate\u013en\u00fa bat\u00e9riu<\/strong> a je vybaven\u00fd <strong data-start=\"771\" data-end=\"795\">r\u00fdchleho nab\u00edjania typu C<\/strong>, Tornado 15K zaru\u010duje minim\u00e1lne prestoje a spo\u013eahliv\u00fd v\u00fdkon. Jeho <strong data-start=\"871\" data-end=\"894\">LED digit\u00e1lny displej<\/strong> umo\u017e\u0148uje pou\u017e\u00edvate\u013eom okam\u017eite skontrolova\u0165 po\u010det potiahnut\u00ed a \u017eivotnos\u0165 bat\u00e9rie, \u010do prid\u00e1va modern\u00fd a u\u017e\u00edvate\u013esky pr\u00edjemn\u00fd dotyk.<\/p>\n<p>Dostupn\u00e9 v <strong data-start=\"1016\" data-end=\"1037\">51 jedine\u010dn\u00fdch pr\u00edchut\u00ed<\/strong> a sil\u00e1ch nikot\u00ednu <strong data-start=\"1064\" data-end=\"1076\">2% alebo 5%<\/strong>, RandM Tornado 15000 pon\u00faka rozmanitos\u0165 a spokojnos\u0165 pre \u0161irok\u00fa z\u00e1kazn\u00edcku z\u00e1klad\u0148u. \u0160t\u00fdlov\u00fd, odoln\u00fd a efekt\u00edvny, je to ide\u00e1lna vo\u013eba pre hromadn\u00fdch kupcov a obchody, ktor\u00e9 chc\u00fa roz\u0161\u00edri\u0165 svoj v\u00fdber jednorazov\u00fdch vape s osved\u010den\u00fdm bestsellerom.<\/p>\n<p><img fetchpriority=\"high\" decoding=\"async\" class=\"alignnone size-large wp-image-3428\" src=\"https:\/\/vapestornado.com\/wp-content\/uploads\/2024\/12\/LED-Screen-Disposable-Vape-RandM-Tornado-15000-Puffs-1024x657.jpg\" alt=\"Jednorazov\u00e1 vapa s LED obrazovkou RandM Tornado 15000 Puffs\" width=\"1024\" height=\"657\" srcset=\"https:\/\/vapestornado.com\/wp-content\/uploads\/2024\/12\/LED-Screen-Disposable-Vape-RandM-Tornado-15000-Puffs-1024x657.jpg 1024w, https:\/\/vapestornado.com\/wp-content\/uploads\/2024\/12\/LED-Screen-Disposable-Vape-RandM-Tornado-15000-Puffs-300x192.jpg 300w, https:\/\/vapestornado.com\/wp-content\/uploads\/2024\/12\/LED-Screen-Disposable-Vape-RandM-Tornado-15000-Puffs-768x492.jpg 768w, https:\/\/vapestornado.com\/wp-content\/uploads\/2024\/12\/LED-Screen-Disposable-Vape-RandM-Tornado-15000-Puffs-1536x985.jpg 1536w, https:\/\/vapestornado.com\/wp-content\/uploads\/2024\/12\/LED-Screen-Disposable-Vape-RandM-Tornado-15000-Puffs-600x385.jpg 600w, https:\/\/vapestornado.com\/wp-content\/uploads\/2024\/12\/LED-Screen-Disposable-Vape-RandM-Tornado-15000-Puffs.jpg 2048w\" sizes=\"(max-width: 1024px) 100vw, 1024px\" \/><\/p>\n<hr \/>\n<h3>Vlastnosti produktu<\/h3>\n<ol>\n<li><strong>Pred\u013a\u017een\u00e9 pou\u017e\u00edvanie<\/strong>: <strong>15,000<\/strong> po\u0165ahov s <strong>25 ml<\/strong> e-liquidu pre dlhotrvaj\u00faci v\u00fdkon.<\/li>\n<li><strong>Nab\u00edjate\u013en\u00e1 bat\u00e9ria<\/strong>: Integrovan\u00e1 <strong>850mAh<\/strong> bat\u00e9ria s <strong>Typ-C<\/strong> r\u00fdchlym nab\u00edjan\u00edm.<\/li>\n<li><strong>Du\u00e1lna sie\u0165ovan\u00e1 \u0161pir\u00e1lka<\/strong>: Zlep\u0161en\u00e1 produkcia pary a dod\u00e1vka chuti.<\/li>\n<li><strong>LED Displej<\/strong>: Sledovanie po\u0165ahov a bat\u00e9rie v re\u00e1lnom \u010dase.<\/li>\n<li><strong>Dostupn\u00fdch 41 pr\u00edchut\u00ed<\/strong>: \u0160irok\u00e1 \u0161k\u00e1la vzru\u0161uj\u00facich mo\u017enost\u00ed pre ka\u017ed\u00fa preferenciu.<\/li>\n<\/ol>\n<hr \/>\n<h3>Zoznam pr\u00edchut\u00ed<\/h3>\n<ol>\n<li>Limon\u00e1da z modrej maliny<\/li>\n<li>\u013dadov\u00e1 Brosky\u0148a<\/li>\n<li>Kysl\u00e9 jablko<\/li>\n<li>\u013dadov\u00fd mel\u00f3n<\/li>\n<li>\u010cu\u010doriedka na \u013eade<\/li>\n<li>\u010cu\u010doriedkov\u00e1 malina<\/li>\n<li>Anan\u00e1sov\u00fd \u013ead<\/li>\n<li>\u010cere\u0161\u0148a<\/li>\n<li>Jahodov\u00fd \u013ead<\/li>\n<li>Vimto<\/li>\n<li>Hroznov\u00fd \u013ead<\/li>\n<li>Kola \u013ead<\/li>\n<li>Jahoda Mel\u00f3n<\/li>\n<li>Ru\u017eov\u00e1 limon\u00e1da<\/li>\n<li>Zmie\u0161an\u00e9 bobule<\/li>\n<li>Brosky\u0148a Mango<\/li>\n<li>Dra\u010die ovocie<\/li>\n<li>Jahodov\u00e9 hrozno<\/li>\n<li>P\u00e1n Modr\u00fd<\/li>\n<li>Svie\u017ei \u013ead<\/li>\n<li>\u013dadov\u00e1 poch\u00fa\u0165ka<\/li>\n<li>Jahoda Kivi<\/li>\n<li>Kiwi Marakuja Guava<\/li>\n<li>Trojbobu\u013eov\u00e9<\/li>\n<li>Ban\u00e1nov\u00fd \u013ead<\/li>\n<li>Brosky\u0148a \u010du\u010doriedka cukr\u00edk<\/li>\n<li>Jablko brosky\u0148a hru\u0161ka<\/li>\n<li>Bobu\u013eov\u00e1 limon\u00e1da<\/li>\n<li>Modr\u00e1 malina \u010dere\u0161\u0148a<\/li>\n<li>\u010cu\u010doriedkov\u00e1 \u017euva\u010dka<\/li>\n<li>\u010cu\u010doriedka \u010dere\u0161\u0148a brusnica<\/li>\n<li>\u010cu\u010doriedka gran\u00e1tov\u00e9 jablko<\/li>\n<li>Modr\u00e1 kysl\u00e1 malina<\/li>\n<li>\u010cere\u0161\u0148ov\u00e1 kola<\/li>\n<li>Gummy medve\u010f<\/li>\n<li>Citr\u00f3n<\/li>\n<li>Mango na \u013eade<\/li>\n<li>\u010cerven\u00fd energetick\u00fd \u013ead<\/li>\n<li>Jahodov\u00fd ban\u00e1n<\/li>\n<li>Jahodov\u00fd Red Bull<\/li>\n<li>Jahoda vodn\u00fd mel\u00f3n limon\u00e1da<\/li>\n<\/ol>\n<hr \/>\n<h3>RandM Tornado 15000 Puffs Top 5 pr\u00edchut\u00ed<\/h3>\n<ol>\n<li><strong>Limon\u00e1da z modrej maliny<\/strong>: Osvie\u017euj\u00faca \u010du\u010doriedka s pikantnou limon\u00e1dovou pr\u00edchu\u0165ou.<\/li>\n<li><strong>Brosky\u0148a Mango<\/strong>: Sladk\u00e1 brosky\u0148a zmie\u0161an\u00e1 s tropick\u00fdm mangom.<\/li>\n<li><strong>Svie\u017ei \u013ead<\/strong>: Vodn\u00fd mel\u00f3n s \u013eadov\u00fdm, mentolov\u00fdm z\u00e1verom.<\/li>\n<li><strong>Gummy medve\u010f<\/strong>: Nostalgick\u00e1 pr\u00edchu\u0165 cukr\u00edka s ovocn\u00fdm n\u00e1dychom.<\/li>\n<li><strong>Jahoda Kivi<\/strong>: \u0160\u0165avnat\u00e1 jahoda sp\u00e1rovan\u00e1 s pikantn\u00fdm kiwi.<\/li>\n<\/ol>\n<hr \/>\n<h3>Pre\u010do si vybra\u0165 RandM Tornado 15000 Puffs?<\/h3>\n<ul>\n<li><strong>Mas\u00edvny po\u010det \u0165ahov<\/strong>: Pon\u00faka 15 000 \u0165ahov pre dlhotrvaj\u00face uspokojenie.<\/li>\n<li><strong>Pr\u00e9miov\u00e9 podanie chuti<\/strong>: Dvojit\u00e1 sie\u0165ovan\u00e1 cievka zais\u0165uje konzistentn\u00fa a bohat\u00fa chu\u0165.<\/li>\n<li><strong>Pohodln\u00fd dizajn<\/strong>: Nab\u00edjate\u013en\u00e9 s portom typu C a LED obrazovkou na sledovanie.<\/li>\n<li><strong>Bezkonkuren\u010dn\u00e1 rozmanitos\u0165<\/strong>: 41 pr\u00edchut\u00ed pre ka\u017ed\u00fa chu\u0165ov\u00fa preferenciu.<\/li>\n<li><strong>Prenosn\u00fd a \u0161t\u00fdlov\u00fd<\/strong>: Kompaktn\u00fd dizajn s elegantn\u00fdm LED displejom.<\/li>\n<\/ul>\n<hr \/>\n<h3>\u010cast\u00e9 ot\u00e1zky<\/h3>\n<p><strong>Q1: Ako dlho vydr\u017e\u00ed bat\u00e9ria na jedno nabitie?<\/strong><br \/>\nJednorazov\u00e1 vapa RandM 15000 potiahnut\u00ed obsahuje 850mAh nab\u00edjate\u013en\u00fa bat\u00e9riu, ktor\u00e1 poskytuje hodiny nepretr\u017eit\u00e9ho vapovania a d\u00e1 sa \u013eahko dobi\u0165 pomocou k\u00e1bla typu C.<\/p>\n<p><strong>Q2: Je 41 pr\u00edchut\u00ed dostupn\u00fdch vo v\u0161etk\u00fdch regi\u00f3noch?<\/strong><br \/>\n\u00c1no, kompletn\u00fd rad 41 pr\u00edchut\u00ed je dostupn\u00fd glob\u00e1lne, \u010do zais\u0165uje, \u017ee si n\u00e1jdete svoju ob\u013e\u00faben\u00fa, nech ste kdeko\u013evek.<\/p>\n<p><strong>Q3: Ak\u00e9 s\u00fa dostupn\u00e9 sily nikot\u00ednu?<\/strong><br \/>\nFumot RandM Tornado 15000 Puffs sa dod\u00e1va s 2% a 5% mo\u017enos\u0165ami nikot\u00ednovej soli.<\/p>\n<h4>Fumot Vape 7k ve\u013ekoobchod Kontaktujte n\u00e1s a z\u00edskajte z\u013eavu!<\/h4>\n<p><img decoding=\"async\" class=\"size-large wp-image-2921\" src=\"https:\/\/vapestornado.com\/wp-content\/uploads\/2024\/11\/20062b3a285f900e79520aad496b94d-887x1024.jpg\" alt=\"vapestornado Vicky\" width=\"887\" height=\"1024\" srcset=\"https:\/\/vapestornado.com\/wp-content\/uploads\/2024\/11\/20062b3a285f900e79520aad496b94d-887x1024.jpg 887w, https:\/\/vapestornado.com\/wp-content\/uploads\/2024\/11\/20062b3a285f900e79520aad496b94d-260x300.jpg 260w, https:\/\/vapestornado.com\/wp-content\/uploads\/2024\/11\/20062b3a285f900e79520aad496b94d-768x887.jpg 768w, https:\/\/vapestornado.com\/wp-content\/uploads\/2024\/11\/20062b3a285f900e79520aad496b94d-600x693.jpg 600w, https:\/\/vapestornado.com\/wp-content\/uploads\/2024\/11\/20062b3a285f900e79520aad496b94d.jpg 1080w\" sizes=\"(max-width: 887px) 100vw, 887px\" \/><\/p>","protected":false},"excerpt":{"rendered":"<p><strong>RandM Tornado 15000 Puffs Jednorazov\u00e1 Vape<\/strong> pon\u00faka 51 pr\u00edchut\u00ed, 850mAh nab\u00edjate\u013en\u00fa bat\u00e9riu, LED displej, du\u00e1lnu mesh \u0161pir\u00e1lku a 15 000 potiahnut\u00ed pre dlh\u0161ie pote\u0161enie.<\/p>\n<p><strong><span style=\"color: #ff0000;\">(cena na na\u0161ej webovej str\u00e1nke nezah\u0155\u0148a n\u00e1klady na dopravu, kontaktujte ma, aby ste z\u00edskali celkov\u00fa cenu a va\u0161u z\u013eavu!)<\/span><\/strong><\/p>\n<p><img decoding=\"async\" class=\"size-medium wp-image-2921\" src=\"https:\/\/vapestornado.com\/wp-content\/uploads\/2024\/11\/20062b3a285f900e79520aad496b94d-260x300.jpg\" alt=\"vapestornado Vicky\" width=\"260\" height=\"300\" srcset=\"https:\/\/vapestornado.com\/wp-content\/uploads\/2024\/11\/20062b3a285f900e79520aad496b94d-260x300.jpg 260w, https:\/\/vapestornado.com\/wp-content\/uploads\/2024\/11\/20062b3a285f900e79520aad496b94d-887x1024.jpg 887w, https:\/\/vapestornado.com\/wp-content\/uploads\/2024\/11\/20062b3a285f900e79520aad496b94d-768x887.jpg 768w, https:\/\/vapestornado.com\/wp-content\/uploads\/2024\/11\/20062b3a285f900e79520aad496b94d-600x693.jpg 600w, https:\/\/vapestornado.com\/wp-content\/uploads\/2024\/11\/20062b3a285f900e79520aad496b94d.jpg 1080w\" sizes=\"(max-width: 260px) 100vw, 260px\" \/><\/p>","protected":false},"featured_media":3425,"comment_status":"open","ping_status":"closed","template":"","meta":{"_acf_changed":false,"_uag_custom_page_level_css":"","_lmt_disableupdate":"no","_lmt_disable":"","_monsterinsights_skip_tracking":false,"_monsterinsights_sitenote_active":false,"_monsterinsights_sitenote_note":"","_monsterinsights_sitenote_category":0,"site-sidebar-layout":"default","site-content-layout":"","ast-site-content-layout":"default","site-content-style":"default","site-sidebar-style":"default","ast-global-header-display":"","ast-banner-title-visibility":"","ast-main-header-display":"","ast-hfb-above-header-display":"","ast-hfb-below-header-display":"","ast-hfb-mobile-header-display":"","site-post-title":"","ast-breadcrumbs-content":"","ast-featured-img":"","footer-sml-layout":"","ast-disable-related-posts":"","theme-transparent-header-meta":"default","adv-header-id-meta":"","stick-header-meta":"","header-above-stick-meta":"","header-main-stick-meta":"","header-below-stick-meta":"","astra-migrate-meta-layouts":"set","ast-page-background-enabled":"default","ast-page-background-meta":{"desktop":{"background-color":"","background-image":"","background-repeat":"repeat","background-position":"center center","background-size":"auto","background-attachment":"scroll","background-type":"","background-media":"","overlay-type":"","overlay-color":"","overlay-opacity":"","overlay-gradient":""},"tablet":{"background-color":"","background-image":"","background-repeat":"repeat","background-position":"center center","background-size":"auto","background-attachment":"scroll","background-type":"","background-media":"","overlay-type":"","overlay-color":"","overlay-opacity":"","overlay-gradient":""},"mobile":{"background-color":"","background-image":"","background-repeat":"repeat","background-position":"center center","background-size":"auto","background-attachment":"scroll","background-type":"","background-media":"","overlay-type":"","overlay-color":"","overlay-opacity":"","overlay-gradient":""}},"ast-content-background-meta":{"desktop":{"background-color":"var(--ast-global-color-5)","background-image":"","background-repeat":"repeat","background-position":"center center","background-size":"auto","background-attachment":"scroll","background-type":"","background-media":"","overlay-type":"","overlay-color":"","overlay-opacity":"","overlay-gradient":""},"tablet":{"background-color":"var(--ast-global-color-5)","background-image":"","background-repeat":"repeat","background-position":"center center","background-size":"auto","background-attachment":"scroll","background-type":"","background-media":"","overlay-type":"","overlay-color":"","overlay-opacity":"","overlay-gradient":""},"mobile":{"background-color":"var(--ast-global-color-5)","background-image":"","background-repeat":"repeat","background-position":"center center","background-size":"auto","background-attachment":"scroll","background-type":"","background-media":"","overlay-type":"","overlay-color":"","overlay-opacity":"","overlay-gradient":""}},"_joinchat":{"telephone":"+8618077105750"}},"product_brand":[],"product_cat":[71,150,152,159,142,58,144,148,19],"product_tag":[],"class_list":{"0":"post-3421","1":"product","2":"type-product","3":"status-publish","4":"has-post-thumbnail","6":"product_cat-15000-puff","7":"product_cat-buy-disposable-vapes-in-belgium","8":"product_cat-buy-disposable-vapes-in-cermany","9":"product_cat-buy-disposable-vapes-in-sweden","10":"product_cat-digital-box-disposable-vapes","11":"product_cat-fumot-vape","12":"product_cat-low-nicotine-disposable-vapes","13":"product_cat-tornado-disposable-vapes","14":"product_cat-vapes","15":"desktop-align-left","16":"tablet-align-left","17":"mobile-align-left","19":"first","20":"instock","21":"sale","22":"shipping-taxable","23":"purchasable","24":"product-type-simple"},"acf":[],"uagb_featured_image_src":{"full":["https:\/\/vapestornado.com\/wp-content\/uploads\/2024\/12\/Fumot-RandM-Tornado-15000-Puffs-Review.jpg",1080,1350,false],"thumbnail":["https:\/\/vapestornado.com\/wp-content\/uploads\/2024\/12\/Fumot-RandM-Tornado-15000-Puffs-Review-150x150.jpg",150,150,true],"medium":["https:\/\/vapestornado.com\/wp-content\/uploads\/2024\/12\/Fumot-RandM-Tornado-15000-Puffs-Review-240x300.jpg",240,300,true],"medium_large":["https:\/\/vapestornado.com\/wp-content\/uploads\/2024\/12\/Fumot-RandM-Tornado-15000-Puffs-Review-768x960.jpg",768,960,true],"large":["https:\/\/vapestornado.com\/wp-content\/uploads\/2024\/12\/Fumot-RandM-Tornado-15000-Puffs-Review-819x1024.jpg",819,1024,true],"1536x1536":["https:\/\/vapestornado.com\/wp-content\/uploads\/2024\/12\/Fumot-RandM-Tornado-15000-Puffs-Review.jpg",1080,1350,false],"2048x2048":["https:\/\/vapestornado.com\/wp-content\/uploads\/2024\/12\/Fumot-RandM-Tornado-15000-Puffs-Review.jpg",1080,1350,false],"trp-custom-language-flag":["https:\/\/vapestornado.com\/wp-content\/uploads\/2024\/12\/Fumot-RandM-Tornado-15000-Puffs-Review.jpg",10,12,false],"woocommerce_thumbnail":["https:\/\/vapestornado.com\/wp-content\/uploads\/2024\/12\/Fumot-RandM-Tornado-15000-Puffs-Review-300x300.jpg",300,300,true],"woocommerce_single":["https:\/\/vapestornado.com\/wp-content\/uploads\/2024\/12\/Fumot-RandM-Tornado-15000-Puffs-Review-600x750.jpg",600,750,true],"woocommerce_gallery_thumbnail":["https:\/\/vapestornado.com\/wp-content\/uploads\/2024\/12\/Fumot-RandM-Tornado-15000-Puffs-Review-100x100.jpg",100,100,true]},"uagb_author_info":{"display_name":"ESvicky","author_link":"https:\/\/vapestornado.com\/sk\/author\/"},"uagb_comment_info":0,"uagb_excerpt":"RandM Tornado 15000 Puffs Disposable Vape features 51 flavors, 850mAh rechargeable battery, LED display, dual mesh coil, and 15,000 puffs for extended enjoyment. (our website price not include shipping cost, please contact me to get whole price and your disccount!)","_links":{"self":[{"href":"https:\/\/vapestornado.com\/sk\/wp-json\/wp\/v2\/product\/3421","targetHints":{"allow":["GET"]}}],"collection":[{"href":"https:\/\/vapestornado.com\/sk\/wp-json\/wp\/v2\/product"}],"about":[{"href":"https:\/\/vapestornado.com\/sk\/wp-json\/wp\/v2\/types\/product"}],"replies":[{"embeddable":true,"href":"https:\/\/vapestornado.com\/sk\/wp-json\/wp\/v2\/comments?post=3421"}],"wp:featuredmedia":[{"embeddable":true,"href":"https:\/\/vapestornado.com\/sk\/wp-json\/wp\/v2\/media\/3425"}],"wp:attachment":[{"href":"https:\/\/vapestornado.com\/sk\/wp-json\/wp\/v2\/media?parent=3421"}],"wp:term":[{"taxonomy":"product_brand","embeddable":true,"href":"https:\/\/vapestornado.com\/sk\/wp-json\/wp\/v2\/product_brand?post=3421"},{"taxonomy":"product_cat","embeddable":true,"href":"https:\/\/vapestornado.com\/sk\/wp-json\/wp\/v2\/product_cat?post=3421"},{"taxonomy":"product_tag","embeddable":true,"href":"https:\/\/vapestornado.com\/sk\/wp-json\/wp\/v2\/product_tag?post=3421"}],"curies":[{"name":"wp","href":"https:\/\/api.w.org\/{rel}","templated":true}]}}