{"id":3418,"date":"2024-12-27T07:53:46","date_gmt":"2024-12-27T07:53:46","guid":{"rendered":"https:\/\/vapestornado.com\/?post_type=product&#038;p=3418"},"modified":"2025-08-23T12:06:26","modified_gmt":"2025-08-23T12:06:26","slug":"refillable-disposable-vape-bang-40000-puffs-with-smart-screen-display-wholesale","status":"publish","type":"product","link":"https:\/\/vapestornado.com\/sk\/product\/refillable-disposable-vape-bang-40000-puffs-with-smart-screen-display-wholesale\/","title":{"rendered":"Plnite\u013en\u00e1 jednorazov\u00e1 e-cigareta Bang 40000 \u0165ahov s inteligentn\u00fdm displejom ve\u013ekoobchod"},"content":{"rendered":"<h1 class=\"product-title\">Plnite\u013en\u00e1 jednorazov\u00e1 e-cigareta Bang 40000 \u0165ahov s inteligentn\u00fdm displejom ve\u013ekoobchod<\/h1>\n<p>Ahoj! V tejto chv\u00edli ti neviem pom\u00f4c\u0165 s tvojou po\u017eiadavkou. M\u00f4\u017eem ti v\u0161ak pom\u00f4c\u0165 s prekladom akejko\u013evek tvojej po\u017eiadavky. Ak m\u00e1\u0161 z\u00e1ujem, r\u00e1d ti pom\u00f4\u017eem s \u010fal\u0161\u00edmi prekladmi. <strong data-start=\"325\" data-end=\"372\">Bang 40000 \u0164ahov Doplnite\u013en\u00e1 Jednorazov\u00e1 Vape<\/strong> je prelom na ve\u013ekoobchodnom trhu, ktor\u00fd kombinuje <strong data-start=\"426\" data-end=\"454\">dlhotrvaj\u00faci v\u00fdkon<\/strong> s flexibilitou <strong data-start=\"482\" data-end=\"504\">otvoren\u00e9ho syst\u00e9mu dop\u013a\u0148ania<\/strong>. Pon\u00faka a\u017e <strong data-start=\"521\" data-end=\"548\">40 000 potiahnut\u00ed na zariadenie<\/strong>, zni\u017euje n\u00e1klady na v\u00fdmenu a z\u00e1rove\u0148 zais\u0165uje z\u00e1kazn\u00edkom dlhodob\u00fa spokojnos\u0165. <span id=\"3\" class=\"notranslate immersive-translate-target-wrapper\" lang=\"zh-CN\" translate=\"no\" data-immersive-translate-loading-id=\"\">\u00a0 <\/span><\/p>\n<p>Jeho <strong data-start=\"646\" data-end=\"670\">digit\u00e1lna inteligentn\u00e1 obrazovka<\/strong> informuje pou\u017e\u00edvate\u013eov o po\u010dte potiahnut\u00ed, stave bat\u00e9rie a hladine e-liquidu, zatia\u013e \u010do <strong data-start=\"753\" data-end=\"771\">du\u00e1lna sie\u0165ov\u00e1 cievka<\/strong> zaru\u010duje bohat\u00fa, chutn\u00fa paru pri ka\u017edom potiahnut\u00ed. S <strong data-start=\"827\" data-end=\"849\">nastavite\u013en\u00fd prietok vzduchu<\/strong> a <strong data-start=\"854\" data-end=\"885\">dvoma re\u017eimami v\u00fdkonu (12W<\/strong>, vaperi si m\u00f4\u017eu prisp\u00f4sobi\u0165 svoje sk\u00fasenosti od jemn\u00fdch denn\u00fdch potiahnut\u00ed a\u017e po siln\u00e9 oblaky. <span id=\"4\" class=\"notranslate immersive-translate-target-wrapper\" lang=\"zh-CN\" translate=\"no\" data-immersive-translate-loading-id=\"\">\u00a0 <\/span><\/p>\n<p>Poh\u00e1\u0148an\u00fd <strong data-start=\"990\" data-end=\"1040\">nab\u00edjate\u013en\u00e1 bat\u00e9ria s r\u00fdchlym nab\u00edjan\u00edm typu C<\/strong>, Bang 40K je nielen ekologick\u00fd, ale aj n\u00e1kladovo efekt\u00edvny. Ide\u00e1lne pre <strong data-start=\"1117\" data-end=\"1132\">hromadn\u00e9 objedn\u00e1vky<\/strong>, tento opakovane naplnite\u013en\u00fd jednorazov\u00fd vape je inteligentnou invest\u00edciou pre maloobchodn\u00edkov a distrib\u00fatorov v celej Eur\u00f3pe.<span id=\"5\" class=\"notranslate immersive-translate-target-wrapper\" lang=\"zh-CN\" translate=\"no\" data-immersive-translate-loading-id=\"\">\u00a0 <\/span><\/p>\n<p><span style=\"color: #ff0000;\"><strong>Pridajte si Amy na Whatsapp, z\u00edskajte okam\u017eit\u00fa odpove\u010f a kup\u00f3n na vape!<\/strong><\/span><\/p>\n<p><img fetchpriority=\"high\" decoding=\"async\" class=\"size-full wp-image-2932\" src=\"https:\/\/vapestornado.com\/wp-content\/uploads\/2024\/12\/Vape-Wholesale.jpg\" alt=\"Ve\u013ekoobchod s vape\" width=\"229\" height=\"300\" \/><\/p>\n<h3><a href=\"https:\/\/wa.me\/8617776015835\" target=\"_blank\" rel=\"noopener\"><span style=\"color: #ff0000;\"><strong>WhatsApp: +86 17776015835<\/strong><\/span><\/a><\/h3>\n<p>&nbsp;<\/p>\n<h2 class=\"product-title\">Jednorazov\u00e1 Vape Bang 40000<strong>\u00a0Vlastnosti produktu<\/strong><\/h2>\n<div role=\"article\" data-tabster=\"{&quot;groupper&quot;:{&quot;tabbability&quot;:2},&quot;focusable&quot;:{}}\" data-content=\"ai-message\" aria-labelledby=\"juhNTJ6o7Gk1cgwZMJgv2-author juhNTJ6o7Gk1cgwZMJgv2-content\">\n<div id=\"juhNTJ6o7Gk1cgwZMJgv2-content\">\n<div role=\"article\" data-tabster=\"{&quot;groupper&quot;:{&quot;tabbability&quot;:2},&quot;focusable&quot;:{}}\" data-content=\"ai-message\" aria-labelledby=\"x4EZuCZWrTbh3weWUt7CU-author x4EZuCZWrTbh3weWUt7CU-content\">\n<div id=\"x4EZuCZWrTbh3weWUt7CU-content\">\n<div class=\"flex max-w-full flex-col flex-grow\">\n<div class=\"min-h-8 text-message flex w-full flex-col items-end gap-2 whitespace-normal break-words text-start [.text-message+&amp;]:mt-5\" dir=\"auto\" data-message-author-role=\"assistant\" data-message-id=\"52c6e00a-252f-4104-805d-2f1a84739c71\" data-message-model-slug=\"gpt-4o\">\n<div class=\"flex w-full flex-col gap-1 empty:hidden first:pt-[3px]\">\n<div class=\"markdown prose w-full break-words dark:prose-invert light\">\n<div class=\"flex max-w-full flex-col flex-grow\">\n<div class=\"min-h-8 text-message flex w-full flex-col items-end gap-2 whitespace-normal break-words text-start [.text-message+&amp;]:mt-5\" dir=\"auto\" data-message-author-role=\"assistant\" data-message-id=\"d3382d71-de90-4719-8ad8-700b383ac952\" data-message-model-slug=\"gpt-4o\">\n<div class=\"flex w-full flex-col gap-1 empty:hidden first:pt-[3px]\">\n<div class=\"markdown prose w-full break-words dark:prose-invert light\">\n<ul>\n<li><strong>Potiahnut\u00ed<\/strong>: 40,000<\/li>\n<li><strong>Kapacita E-liquidu<\/strong>: 10 ml<\/li>\n<li><strong>Inteligentn\u00e1 obrazovka<\/strong>: Zobrazuje po\u010det potiahnut\u00ed, bat\u00e9riu a hladinu e-liquidu.<\/li>\n<li><strong>Du\u00e1lna sie\u0165ovan\u00e1 \u0161pir\u00e1lka<\/strong>: Bohat\u00e1 chu\u0165 a hladk\u00e1 produkcia pary.<\/li>\n<li><strong>Bat\u00e9ria<\/strong>: 650 mAh, nab\u00edjate\u013en\u00e1 pomocou portu Type-C.<\/li>\n<li><strong>Bezpe\u010dnostn\u00e9 prvky<\/strong>: Detsk\u00e1 poistka pre zv\u00fd\u0161en\u00fa bezpe\u010dnos\u0165.<\/li>\n<\/ul>\n<p>&nbsp;<\/p>\n<\/div>\n<\/div>\n<\/div>\n<\/div>\n<div class=\"mb-2 flex gap-3 empty:hidden -ml-2\">\n<div class=\"items-center justify-start rounded-xl p-1 flex\"><\/div>\n<\/div>\n<\/div>\n<\/div>\n<\/div>\n<\/div>\n<\/div>\n<\/div>\n<\/div>\n<\/div>\n<h2 class=\"product-title\"><strong>Popul\u00e1rna pr\u00edchu\u0165 pre Bang\u00a0<\/strong><strong>Vape\u00a0<\/strong><strong>40000<\/strong><\/h2>\n<p>Vychutnajte si rozmanit\u00fd v\u00fdber z <strong>11 lahodn\u00fdch pr\u00edchut\u00ed<\/strong>, od ovocn\u00fdch po \u013eadov\u00e9 zmesi, v\u010faka \u010domu si ka\u017ed\u00fd vaper n\u00e1jde svoj ide\u00e1lny variant. Ni\u017e\u0161ie n\u00e1jdete popul\u00e1rne pr\u00edchute pre Bang King 25000 Puffs Rechargeable Disposable Vape pod\u013ea na\u0161ich predajn\u00fdch d\u00e1t a sp\u00e4tnej v\u00e4zby od z\u00e1kazn\u00edkov.<\/p>\n<p>1. Mel\u00f3nov\u00fd \u013ead<\/p>\n<p>2. Jahoda Mango<span style=\"color: #ff0000;\"><strong>&gt;&gt;&gt;&gt; Hor\u00face !<\/strong><\/span><\/p>\n<p>3.Jahoda Vodn\u00fd mel\u00f3n<\/p>\n<p>4. Hroznov\u00fd \u013ead<\/p>\n<p>5. Brosky\u0148a Mango Mel\u00f3n<span style=\"color: #ff0000;\"><strong>&gt;&gt;&gt;&gt; Hor\u00face !<\/strong><\/span><\/p>\n<p>6. \u010cu\u010doriedka Malina <span style=\"color: #ff0000;\"><strong>&gt;&gt;&gt;&gt; Najlep\u0161ie !<\/strong><\/span><\/p>\n<p>7. \u010cu\u010doriedkov\u00fd \u013ead<\/p>\n<p>8. Jahoda Ban\u00e1n<\/p>\n<p>9.\u010cu\u010doriedka Vodn\u00fd mel\u00f3n<\/p>\n<p>10. Red Bull<\/p>\n<p>11. Jahoda Kiwi<\/p>\n<div class=\"flex-shrink-0 flex flex-col relative items-end\">\n<div class=\"pt-0\">\n<div class=\"gizmo-bot-avatar flex h-8 w-8 items-center justify-center overflow-hidden rounded-full\">\n<div class=\"relative p-1 rounded-sm flex items-center justify-center bg-token-main-surface-primary text-token-text-primary h-8 w-8\">\n<figure id=\"attachment_3551\" aria-describedby=\"caption-attachment-3551\" style=\"width: 1024px\" class=\"wp-caption alignnone\"><img decoding=\"async\" class=\"wp-image-3551 size-large\" src=\"https:\/\/vapestornado.com\/wp-content\/uploads\/2024\/12\/Bang-Vape-40000-Puffs-Disposable-Vape-1024x576.webp\" alt=\"Bang Vape 40000 \u0164ahov Jednorazov\u00e1 Vape\" width=\"1024\" height=\"576\" srcset=\"https:\/\/vapestornado.com\/wp-content\/uploads\/2024\/12\/Bang-Vape-40000-Puffs-Disposable-Vape-1024x576.webp 1024w, https:\/\/vapestornado.com\/wp-content\/uploads\/2024\/12\/Bang-Vape-40000-Puffs-Disposable-Vape-300x169.webp 300w, https:\/\/vapestornado.com\/wp-content\/uploads\/2024\/12\/Bang-Vape-40000-Puffs-Disposable-Vape-768x432.webp 768w, https:\/\/vapestornado.com\/wp-content\/uploads\/2024\/12\/Bang-Vape-40000-Puffs-Disposable-Vape-1536x864.webp 1536w, https:\/\/vapestornado.com\/wp-content\/uploads\/2024\/12\/Bang-Vape-40000-Puffs-Disposable-Vape-2048x1152.webp 2048w, https:\/\/vapestornado.com\/wp-content\/uploads\/2024\/12\/Bang-Vape-40000-Puffs-Disposable-Vape-600x338.webp 600w\" sizes=\"(max-width: 1024px) 100vw, 1024px\" \/><figcaption id=\"caption-attachment-3551\" class=\"wp-caption-text\">Bang Vape 40000 \u0164ahov Jednorazov\u00e1 Vape<\/figcaption><\/figure>\n<h3>\u010casto kladen\u00e9 ot\u00e1zky pre Bang 40k Jednorazov\u00e9 Vapes<\/h3>\n<h4><\/h4>\n<ol>\n<li><strong>Ako m\u00f4\u017eem doplni\u0165 Bang 40000 vape?<\/strong><br \/>\nOtvorte plniaci otvor, napl\u0148te ho preferovan\u00fdm e-liquidom a bezpe\u010dne ho zatvorte.<\/li>\n<li><strong>\u010co rob\u00ed Bang 40000 ekologick\u00fdm?<\/strong><br \/>\nJeho plnite\u013en\u00fd dizajn zni\u017euje mno\u017estvo odpadu, v\u010faka \u010domu je udr\u017eate\u013enej\u0161\u00ed ako tradi\u010dn\u00e9 jednorazov\u00e9 vapes.<\/li>\n<li><strong>Podporuje Bang 40000 nastavite\u013en\u00fd v\u00fdkon?<\/strong><br \/>\n\u00c1no! Prep\u00ednajte medzi <strong>12W pre be\u017en\u00e9 pou\u017e\u00edvanie<\/strong> a <strong>24W pre intenz\u00edvnej\u0161ie vapovanie<\/strong>.<\/li>\n<li><strong>M\u00f4\u017eem s t\u00fdmto zariaden\u00edm pou\u017e\u00edva\u0165 e-liquidy bez nikot\u00ednu?<\/strong><br \/>\nAbsol\u00fatne! Otvoren\u00fd plnite\u013en\u00fd dizajn podporuje e-liquidy s <strong>0%, 2%, 3% alebo 5% nikot\u00ednom<\/strong>.<\/li>\n<li><strong>Kde m\u00f4\u017eem k\u00fapi\u0165 Bang 40000 za ve\u013ekoobchodn\u00fa cenu?<\/strong><br \/>\nNav\u0161t\u00edvte <strong>vapestornado online vape obchod<\/strong> pre najlep\u0161ie ponuky na <strong>Bang 40000 Plnite\u013en\u00e1 Jednorazov\u00e1 Vape<\/strong>.<\/li>\n<\/ol>\n<div class=\"flex max-w-full flex-col flex-grow\">\n<div class=\"min-h-8 text-message flex w-full flex-col items-end gap-2 whitespace-normal break-words text-start [.text-message+&amp;]:mt-5\" dir=\"auto\" data-message-author-role=\"assistant\" data-message-id=\"4dc48248-df95-45bd-b800-6dedb43cf7f1\" data-message-model-slug=\"gpt-4o\">\n<div class=\"flex w-full flex-col gap-1 empty:hidden first:pt-[3px]\">\n<div class=\"markdown prose w-full break-words dark:prose-invert light\">\n<p>&nbsp;<\/p>\n<\/div>\n<\/div>\n<\/div>\n<\/div>\n<\/div>\n<\/div>\n<\/div>\n<\/div>\n<div class=\"flex-shrink-0 flex flex-col relative items-end\">\n<div class=\"pt-0\">\n<div class=\"gizmo-bot-avatar flex h-8 w-8 items-center justify-center overflow-hidden rounded-full\">\n<div class=\"relative p-1 rounded-sm flex items-center justify-center bg-token-main-surface-primary text-token-text-primary h-8 w-8\">\n<div class=\"mb-2 flex gap-3 empty:hidden -ml-2\">\n<div role=\"article\" data-tabster=\"{&quot;groupper&quot;:{&quot;tabbability&quot;:2},&quot;focusable&quot;:{}}\" data-content=\"ai-message\" aria-labelledby=\"Vdt5ez4X7Tg813x6rFVha-author Vdt5ez4X7Tg813x6rFVha-content\">\n<div id=\"Vdt5ez4X7Tg813x6rFVha-content\">\n<div role=\"article\" data-tabster=\"{&quot;groupper&quot;:{&quot;tabbability&quot;:2},&quot;focusable&quot;:{}}\" data-content=\"ai-message\" aria-labelledby=\"o968oC7CEo2fGHsGdsRYC-author o968oC7CEo2fGHsGdsRYC-content\">\n<div id=\"o968oC7CEo2fGHsGdsRYC-content\">\n<h3>Pre\u010do si vybra\u0165 vapestornado pre ve\u013ekoobchod s jednorazov\u00fdmi vape Bang 40000?<\/h3>\n<div class=\"flex-shrink-0 flex flex-col relative items-end\">\n<div class=\"pt-0\">\n<div class=\"gizmo-bot-avatar flex h-8 w-8 items-center justify-center overflow-hidden rounded-full\">\n<div class=\"relative p-1 rounded-sm flex items-center justify-center bg-token-main-surface-primary text-token-text-primary h-8 w-8\">\n<p>Vitajte vo vapestornado, va\u0161om d\u00f4veryhodnom internetovom obchode s vapmi pre pr\u00e9miov\u00e9 jednorazov\u00e9 vapy. S viac ako 5-ro\u010dn\u00fdmi sk\u00fasenos\u0165ami v\u00e1m prin\u00e1\u0161ame popul\u00e1rne zna\u010dky jednorazov\u00fdch vapov, ako napr\u00edklad Fumot RandM Vape, <a href=\"https:\/\/vapestornado.com\/sk\/product-category\/vapme-shisha\/\">Vapme<\/a>, Bang Vape, Waspe Vape a WGA Vape, at\u010f.<\/p>\n<p>N\u00e1\u0161 sortiment zah\u0155\u0148a hor\u00face vapy ako napr\u00edklad <a href=\"https:\/\/vapestornado.com\/sk\/product\/randm-12000-puffs-fumot-digital-disposable-vape-wholesale-price\/\">RandM Torn\u00e1do 12000<\/a>, a v\u00fdber bohat\u00fd na pr\u00edchute ako napr\u00edklad <a href=\"https:\/\/vapestornado.com\/sk\/product\/wga-crystal-pro-max-extra-15000-puffs-rechargeable-disposable-vape-wholesale-bulk-buy\/\">\u00a0WGA Crystal 15k Pufov<\/a> . Ka\u017ed\u00fd produkt je vybran\u00fd so zameran\u00edm na kvalitu, hodnotu a rozmanitos\u0165, \u010do zais\u0165uje, \u017ee n\u00e1jdete presne to, \u010do potrebujete. Objavte v\u00fdnimo\u010dn\u00e9 slu\u017eby a \u0161irok\u00fa \u0161k\u00e1lu \u0161pi\u010dkov\u00fdch produktov za ve\u013ekoobchodn\u00e9 ceny vo vapestornado.<\/p>\n<\/div>\n<p>&nbsp;<\/p>\n<p><strong>\u010eal\u0161ie hor\u00face jednorazov\u00e9 vapy<\/strong><\/p>\n<p><a href=\"https:\/\/vapestornado.com\/sk\/product\/bang-box-20000-puffs-0-2-5-low-nicotine-rechargeable-digital-display-disposable-vape-pen-wholesale-bulk-buy\/\">Bang Vape 20000 potiahnut\u00ed <span style=\"color: #ff0000;\"><strong>&gt;&gt;&gt;&gt; Vpred !<\/strong><\/span><\/a><\/p>\n<p><a href=\"https:\/\/vapestornado.com\/sk\/product\/vapsolo-triple-30000-puffs-3-flavors-in-1-rechargeable-disposable-vapes-pen-bulk-buy-wholesale\/\">Vapsolo Triple 30000 <span style=\"color: #ff0000;\"><strong>&gt;&gt;&gt;&gt; Vpred !<\/strong><\/span><\/a><\/p>\n<p><a href=\"https:\/\/vapestornado.com\/sk\/product\/bood-twins-46000-puff-double-flavour-low-nicotine-disposable-vape-wholesale-bulk-buy-price\/\">Bood Twins 46000<span style=\"color: #ff0000;\"><strong>&gt;&gt;&gt;&gt; Vpred !<\/strong><\/span><\/a><\/p>\n<\/div>\n<\/div>\n<\/div>\n<p>&nbsp;<\/p>\n<\/div>\n<\/div>\n<\/div>\n<\/div>\n<\/div>\n<\/div>\n<\/div>\n<\/div>\n<\/div>","protected":false},"excerpt":{"rendered":"<p>Ahoj! V tejto chv\u00edli ti neviem pom\u00f4c\u0165 s tvojou po\u017eiadavkou. M\u00f4\u017eem ti v\u0161ak pom\u00f4c\u0165 s prekladom akejko\u013evek tvojej po\u017eiadavky. Ak m\u00e1\u0161 z\u00e1ujem, r\u00e1d ti pom\u00f4\u017eem s \u010fal\u0161\u00edmi prekladmi. <strong data-start=\"1240\" data-end=\"1268\">Bang 40K Opakovane naplnite\u013en\u00fd Vape<\/strong> pon\u00faka 40 000 potiahnut\u00ed, inteligentn\u00fa obrazovku, du\u00e1lne mesh \u0161pir\u00e1lky a flexibilitu op\u00e4tovn\u00e9ho naplnenia \u2013 ide\u00e1lne pre <strong data-start=\"1354\" data-end=\"1378\">ve\u013ekoobchodn\u00e9 hromadn\u00e9 predaje<\/strong>.<br \/>\nBang Vape 40000 \u0164ahov Nab\u00edjate\u013en\u00e1 Jednorazov\u00e1 Vape Ve\u013ekoobchod<\/p>\n<p><strong>Pridajte si Amy na WhatsApp a z\u00edskajte okam\u017eit\u00fa odpove\u010f a kup\u00f3n na vape!<\/strong><\/p>\n<p><img fetchpriority=\"high\" decoding=\"async\" class=\"size-full wp-image-2932\" src=\"https:\/\/vapestornado.com\/wp-content\/uploads\/2024\/12\/Vape-Wholesale.jpg\" alt=\"Ve\u013ekoobchod s vape\" width=\"229\" height=\"300\" \/><\/p>\n<h3><a href=\"https:\/\/wa.me\/8617776015835\"><span style=\"color: #ff0000;\"><strong>WhatsApp: +86 17776015835<\/strong><\/span><\/a><\/h3>\n<p>&nbsp;<\/p>","protected":false},"featured_media":3553,"comment_status":"open","ping_status":"closed","template":"","meta":{"_acf_changed":false,"_uag_custom_page_level_css":"","_lmt_disableupdate":"no","_lmt_disable":"","_monsterinsights_skip_tracking":false,"_monsterinsights_sitenote_active":false,"_monsterinsights_sitenote_note":"","_monsterinsights_sitenote_category":0,"site-sidebar-layout":"default","site-content-layout":"","ast-site-content-layout":"default","site-content-style":"default","site-sidebar-style":"default","ast-global-header-display":"","ast-banner-title-visibility":"","ast-main-header-display":"","ast-hfb-above-header-display":"","ast-hfb-below-header-display":"","ast-hfb-mobile-header-display":"","site-post-title":"","ast-breadcrumbs-content":"","ast-featured-img":"","footer-sml-layout":"","ast-disable-related-posts":"","theme-transparent-header-meta":"default","adv-header-id-meta":"","stick-header-meta":"","header-above-stick-meta":"","header-main-stick-meta":"","header-below-stick-meta":"","astra-migrate-meta-layouts":"set","ast-page-background-enabled":"default","ast-page-background-meta":{"desktop":{"background-color":"","background-image":"","background-repeat":"repeat","background-position":"center center","background-size":"auto","background-attachment":"scroll","background-type":"","background-media":"","overlay-type":"","overlay-color":"","overlay-opacity":"","overlay-gradient":""},"tablet":{"background-color":"","background-image":"","background-repeat":"repeat","background-position":"center center","background-size":"auto","background-attachment":"scroll","background-type":"","background-media":"","overlay-type":"","overlay-color":"","overlay-opacity":"","overlay-gradient":""},"mobile":{"background-color":"","background-image":"","background-repeat":"repeat","background-position":"center center","background-size":"auto","background-attachment":"scroll","background-type":"","background-media":"","overlay-type":"","overlay-color":"","overlay-opacity":"","overlay-gradient":""}},"ast-content-background-meta":{"desktop":{"background-color":"var(--ast-global-color-5)","background-image":"","background-repeat":"repeat","background-position":"center center","background-size":"auto","background-attachment":"scroll","background-type":"","background-media":"","overlay-type":"","overlay-color":"","overlay-opacity":"","overlay-gradient":""},"tablet":{"background-color":"var(--ast-global-color-5)","background-image":"","background-repeat":"repeat","background-position":"center center","background-size":"auto","background-attachment":"scroll","background-type":"","background-media":"","overlay-type":"","overlay-color":"","overlay-opacity":"","overlay-gradient":""},"mobile":{"background-color":"var(--ast-global-color-5)","background-image":"","background-repeat":"repeat","background-position":"center center","background-size":"auto","background-attachment":"scroll","background-type":"","background-media":"","overlay-type":"","overlay-color":"","overlay-opacity":"","overlay-gradient":""}},"_joinchat":{"telephone":"+8617776015835"}},"product_brand":[],"product_cat":[140,65,150,152,158,142,146],"product_tag":[196,212,165,105,97,166,94,213],"class_list":{"0":"post-3418","1":"product","2":"type-product","3":"status-publish","4":"has-post-thumbnail","6":"product_cat-big-puffs-disposable-vapes","7":"product_cat-40000-puff","8":"product_cat-buy-disposable-vapes-in-belgium","9":"product_cat-buy-disposable-vapes-in-cermany","10":"product_cat-buy-disposable-vapes-in-spain","11":"product_cat-digital-box-disposable-vapes","12":"product_cat-rechargeable-disposable-vapes","13":"product_tag-bang-vape","14":"product_tag-bang-vape-40000","15":"product_tag-cheap-vapes","16":"product_tag-digital-disposable-vape","17":"product_tag-hot-sale-disposable-vape","18":"product_tag-low-nicotine-vape","19":"product_tag-rechargeable-disposable-vape","20":"product_tag-refillable-disposable-vape","21":"desktop-align-left","22":"tablet-align-left","23":"mobile-align-left","25":"first","26":"instock","27":"sale","28":"shipping-taxable","29":"purchasable","30":"product-type-simple"},"acf":[],"uagb_featured_image_src":{"full":["https:\/\/vapestornado.com\/wp-content\/uploads\/2024\/12\/PUFF-40K-40000-LED-Display-Disposable-Vape.webp",1000,1000,false],"thumbnail":["https:\/\/vapestornado.com\/wp-content\/uploads\/2024\/12\/PUFF-40K-40000-LED-Display-Disposable-Vape-150x150.webp",150,150,true],"medium":["https:\/\/vapestornado.com\/wp-content\/uploads\/2024\/12\/PUFF-40K-40000-LED-Display-Disposable-Vape-300x300.webp",300,300,true],"medium_large":["https:\/\/vapestornado.com\/wp-content\/uploads\/2024\/12\/PUFF-40K-40000-LED-Display-Disposable-Vape-768x768.webp",768,768,true],"large":["https:\/\/vapestornado.com\/wp-content\/uploads\/2024\/12\/PUFF-40K-40000-LED-Display-Disposable-Vape.webp",1000,1000,false],"1536x1536":["https:\/\/vapestornado.com\/wp-content\/uploads\/2024\/12\/PUFF-40K-40000-LED-Display-Disposable-Vape.webp",1000,1000,false],"2048x2048":["https:\/\/vapestornado.com\/wp-content\/uploads\/2024\/12\/PUFF-40K-40000-LED-Display-Disposable-Vape.webp",1000,1000,false],"trp-custom-language-flag":["https:\/\/vapestornado.com\/wp-content\/uploads\/2024\/12\/PUFF-40K-40000-LED-Display-Disposable-Vape.webp",12,12,false],"woocommerce_thumbnail":["https:\/\/vapestornado.com\/wp-content\/uploads\/2024\/12\/PUFF-40K-40000-LED-Display-Disposable-Vape-300x300.webp",300,300,true],"woocommerce_single":["https:\/\/vapestornado.com\/wp-content\/uploads\/2024\/12\/PUFF-40K-40000-LED-Display-Disposable-Vape-600x600.webp",600,600,true],"woocommerce_gallery_thumbnail":["https:\/\/vapestornado.com\/wp-content\/uploads\/2024\/12\/PUFF-40K-40000-LED-Display-Disposable-Vape-100x100.webp",100,100,true]},"uagb_author_info":{"display_name":"ESAMY","author_link":"https:\/\/vapestornado.com\/sk\/author\/"},"uagb_comment_info":0,"uagb_excerpt":"The Bang 40K Refillable Vape offers 40,000 puffs, smart screen, dual mesh coils, and refill flexibility\u2014ideal for wholesale bulk sales. Bang Vape 40000 Puffs\u00a0Rechargeable Disposable Vape Wholesale Add Amy's whatsapp get right reply and vape coupon! WhatsApp: +86 17776015835 &nbsp;","_links":{"self":[{"href":"https:\/\/vapestornado.com\/sk\/wp-json\/wp\/v2\/product\/3418","targetHints":{"allow":["GET"]}}],"collection":[{"href":"https:\/\/vapestornado.com\/sk\/wp-json\/wp\/v2\/product"}],"about":[{"href":"https:\/\/vapestornado.com\/sk\/wp-json\/wp\/v2\/types\/product"}],"replies":[{"embeddable":true,"href":"https:\/\/vapestornado.com\/sk\/wp-json\/wp\/v2\/comments?post=3418"}],"wp:featuredmedia":[{"embeddable":true,"href":"https:\/\/vapestornado.com\/sk\/wp-json\/wp\/v2\/media\/3553"}],"wp:attachment":[{"href":"https:\/\/vapestornado.com\/sk\/wp-json\/wp\/v2\/media?parent=3418"}],"wp:term":[{"taxonomy":"product_brand","embeddable":true,"href":"https:\/\/vapestornado.com\/sk\/wp-json\/wp\/v2\/product_brand?post=3418"},{"taxonomy":"product_cat","embeddable":true,"href":"https:\/\/vapestornado.com\/sk\/wp-json\/wp\/v2\/product_cat?post=3418"},{"taxonomy":"product_tag","embeddable":true,"href":"https:\/\/vapestornado.com\/sk\/wp-json\/wp\/v2\/product_tag?post=3418"}],"curies":[{"name":"wp","href":"https:\/\/api.w.org\/{rel}","templated":true}]}}