{"id":3394,"date":"2024-12-26T07:40:36","date_gmt":"2024-12-26T07:40:36","guid":{"rendered":"https:\/\/vapestornado.com\/?post_type=product&#038;p=3394"},"modified":"2025-08-23T12:25:34","modified_gmt":"2025-08-23T12:25:34","slug":"vookbar-cyber-pro-30000-puffs-touch-screen-2-low-nicotine-rechargeable-disposable-vapes-pen-bulk-buy-wholesale","status":"publish","type":"product","link":"https:\/\/vapestornado.com\/sk\/product\/vookbar-cyber-pro-30000-puffs-touch-screen-2-low-nicotine-rechargeable-disposable-vapes-pen-bulk-buy-wholesale\/","title":{"rendered":"Vookbar Cyber Pro 30000 \u0165ahov dotykov\u00fd displej 2% N\u00edzky obsah nikot\u00ednu Nab\u00edjate\u013en\u00e9 jednorazov\u00e9 vape per\u00e1 K\u00fapi\u0165 vo ve\u013ekom Ve\u013ekoobchod"},"content":{"rendered":"<h1 class=\"product-title\">Vookbar Cyber Pro 30000 \u0165ahov dotykov\u00fd displej 2% N\u00edzky obsah nikot\u00ednu Nab\u00edjate\u013en\u00e9 jednorazov\u00e9 vape per\u00e1 K\u00fapi\u0165 vo ve\u013ekom Ve\u013ekoobchod<\/h1>\n<p>Ahoj! V tejto chv\u00edli ti neviem pom\u00f4c\u0165 s tvojou po\u017eiadavkou. M\u00f4\u017eem ti v\u0161ak pom\u00f4c\u0165 s prekladom akejko\u013evek tvojej po\u017eiadavky. Ak m\u00e1\u0161 z\u00e1ujem, r\u00e1d ti pom\u00f4\u017eem s \u010fal\u0161\u00edmi prekladmi. <strong>Vookbar Cyber Pro 30000 \u0165ahov<\/strong> je tu, aby predefinoval jednorazov\u00e9 vapovanie. V\u010faka svojmu elegantn\u00e9mu dizajnu, pokro\u010dilej technol\u00f3gii a u\u017e\u00edvate\u013esky pr\u00edvetiv\u00fdm funkci\u00e1m je toto vape pero ide\u00e1lne pre pr\u00edle\u017eitostn\u00fdch pou\u017e\u00edvate\u013eov aj pre sk\u00fasen\u00fdch vaperov, ktor\u00ed h\u013eadaj\u00fa pr\u00e9miov\u00fd z\u00e1\u017eitok.<\/p>\n<h4><strong>Bezkonkuren\u010dn\u00e1 \u017eivotnos\u0165<\/strong><\/h4>\n<p>Vybaven\u00fd neuverite\u013enou kapacitou <strong>30 000 \u0165ahov<\/strong> , Vookbar Cyber Pro eliminuje potrebu \u010dast\u00fdch v\u00fdmen, \u010d\u00edm zais\u0165uje dlhotrvaj\u00face uspokojenie. <strong>22ml z\u00e1sobn\u00edk na e-liquid<\/strong> umo\u017e\u0148uje vychutna\u0165 si nepreru\u0161ovan\u00e9 vapovanie s va\u0161imi ob\u013e\u00faben\u00fdmi pr\u00edchu\u0165ami.<\/p>\n<h4><strong>V\u00fdkonn\u00fd a nab\u00edjate\u013en\u00fd<\/strong><\/h4>\n<p>Poh\u00e1\u0148an\u00fd <strong>650mAh nab\u00edjate\u013enou bat\u00e9riou<\/strong>, Vookbar Cyber Pro v\u00e1s udr\u017e\u00ed v chode po cel\u00fd de\u0148. R\u00fdchle nab\u00edjanie cez <strong>port USB-C<\/strong> zais\u0165uje, \u017ee sa m\u00f4\u017eete r\u00fdchlo nabi\u0165 a bezodkladne sa vr\u00e1ti\u0165 k vapovaniu.<\/p>\n<h4><strong>Vylep\u0161en\u00e1 chu\u0165 a para<\/strong><\/h4>\n<p>V\u010faka <strong>syst\u00e9mu s du\u00e1lnou sie\u0165ovou cievkou<\/strong>, toto zariadenie poskytuje bohat\u00e9, konzistentn\u00e9 chute a p\u00f4sobiv\u00fa produkciu pary. Nastavite\u013en\u00fd dizajn pr\u00fadenia vzduchu v\u00e1m d\u00e1va kontrolu nad intenzitou, prisp\u00f4sob\u00ed sa preferenci\u00e1m jemn\u00e9ho aj v\u00fdrazn\u00e9ho vapovania.<\/p>\n<h4><strong>Technol\u00f3gia inteligentn\u00e9ho dotykov\u00e9ho displeja<\/strong><\/h4>\n<p>Vookbar Cyber Pro vynik\u00e1 svojim <strong>2,1-palcov\u00fdm dotykov\u00fdm displejom<\/strong>, ktor\u00fd pon\u00faka plynul\u00fa navig\u00e1ciu cez jeho funkcie. V\u010faka pripojeniu Bluetooth ho m\u00f4\u017eete sp\u00e1rova\u0165 s aplik\u00e1ciou Wearinos a prisp\u00f4sobi\u0165 si tak svoj z\u00e1\u017eitok \u2013 upravi\u0165 nastavenia, nastavi\u0165 vlastn\u00e9 tapety a dokonca z\u00edska\u0165 pr\u00edstup k jedine\u010dn\u00fdm mo\u017enostiam, ako s\u00fa vzdialen\u00e9 selfie a notifik\u00e1cie.<\/p>\n<h4><strong>Bezpe\u010dnos\u0165 a pohodlie<\/strong><\/h4>\n<p>Vookbar Cyber Pro obsahuje <strong>funkciu detskej z\u00e1mky<\/strong>, \u010do z neho rob\u00ed bezpe\u010dnej\u0161iu vo\u013ebu pre dom\u00e1cnosti. Je ur\u010den\u00fd pre pou\u017e\u00edvate\u013eov s n\u00edzkym obsahom nikot\u00ednu, so silou <strong>0 %, 2 %, 3 % a 5 %<\/strong>, ktor\u00fd uspokoj\u00ed r\u00f4zne preferencie.<\/p>\n<h4><strong>Za hranicami vapovania<\/strong><\/h4>\n<p>Posu\u0148te svoj z\u00e1\u017eitok na vy\u0161\u0161iu \u00farove\u0148 s doplnkov\u00fdmi funkciami, ako s\u00fa mini-hry a upozornenia zo soci\u00e1lnych m\u00e9di\u00ed, ktor\u00e9 hladko integruj\u00fa vapovanie do v\u00e1\u0161ho \u017eivotn\u00e9ho \u0161t\u00fdlu. Toto je viac ne\u017e len vape \u2013 je to inteligentn\u00e9 zariadenie pre modern\u00e9ho pou\u017e\u00edvate\u013ea.<\/p>\n<h3><strong>Pozdvihnite svoj z\u00e1\u017eitok z vapovania<\/strong><\/h3>\n<p>\u010ci u\u017e nakupujete vo ve\u013ekom pre ve\u013ekoobchod alebo h\u013ead\u00e1te v\u00fdnimo\u010dn\u00e9 jednorazov\u00e9 vape pero, <strong>Vookbar Cyber Pro 30000 \u0165ahov<\/strong> pon\u00faka dokonal\u00fa kombin\u00e1ciu inov\u00e1ci\u00ed, v\u00fdkonu a \u0161t\u00fdlu. Za\u017eite bud\u00facnos\u0165 vapovania u\u017e dnes!<\/p>\n<p><span style=\"color: #ff0000;\"><strong>Pridajte si Amy na Whatsapp, z\u00edskajte okam\u017eit\u00fa odpove\u010f a kup\u00f3n na vape!<\/strong><\/span><\/p>\n<p><img fetchpriority=\"high\" decoding=\"async\" class=\"size-full wp-image-2932\" src=\"https:\/\/vapestornado.com\/wp-content\/uploads\/2024\/12\/Vape-Wholesale.jpg\" alt=\"Ve\u013ekoobchod s vape\" width=\"229\" height=\"300\" \/><\/p>\n<h3><a href=\"https:\/\/wa.me\/8617776015835\" target=\"_blank\" rel=\"noopener\"><span style=\"color: #ff0000;\"><strong>WhatsApp: +86 17776015835<\/strong><\/span><\/a><\/h3>\n<p>&nbsp;<\/p>\n<h2 class=\"product-title\">Vookbar Cyber Pro 30000 jednorazov\u00fd vape<strong> Vlastnosti produktu<\/strong><\/h2>\n<div role=\"article\" data-tabster=\"{&quot;groupper&quot;:{&quot;tabbability&quot;:2},&quot;focusable&quot;:{}}\" data-content=\"ai-message\" aria-labelledby=\"juhNTJ6o7Gk1cgwZMJgv2-author juhNTJ6o7Gk1cgwZMJgv2-content\">\n<div id=\"juhNTJ6o7Gk1cgwZMJgv2-content\">\n<div role=\"article\" data-tabster=\"{&quot;groupper&quot;:{&quot;tabbability&quot;:2},&quot;focusable&quot;:{}}\" data-content=\"ai-message\" aria-labelledby=\"x4EZuCZWrTbh3weWUt7CU-author x4EZuCZWrTbh3weWUt7CU-content\">\n<div id=\"x4EZuCZWrTbh3weWUt7CU-content\">\n<div class=\"flex max-w-full flex-col flex-grow\">\n<div class=\"min-h-8 text-message flex w-full flex-col items-end gap-2 whitespace-normal break-words text-start [.text-message+&amp;]:mt-5\" dir=\"auto\" data-message-author-role=\"assistant\" data-message-id=\"52c6e00a-252f-4104-805d-2f1a84739c71\" data-message-model-slug=\"gpt-4o\">\n<div class=\"flex w-full flex-col gap-1 empty:hidden first:pt-[3px]\">\n<div class=\"markdown prose w-full break-words dark:prose-invert light\">\n<div class=\"flex max-w-full flex-col flex-grow\">\n<div class=\"min-h-8 text-message flex w-full flex-col items-end gap-2 whitespace-normal break-words text-start [.text-message+&amp;]:mt-5\" dir=\"auto\" data-message-author-role=\"assistant\" data-message-id=\"d3382d71-de90-4719-8ad8-700b383ac952\" data-message-model-slug=\"gpt-4o\">\n<div class=\"flex w-full flex-col gap-1 empty:hidden first:pt-[3px]\">\n<div class=\"markdown prose w-full break-words dark:prose-invert light\">\n<h3><\/h3>\n<ol>\n<li><strong>Vysok\u00e1 kapacita \u0165ahov<\/strong>: 30 000 po\u0165ahov pre dlh\u0161ie pou\u017e\u00edvanie bez potreby v\u00fdmeny.<\/li>\n<li><strong>Ve\u013ek\u00fd objem E-liquidu<\/strong>: 22 ml pre dlhotrvaj\u00faci p\u00f4\u017eitok z chuti.<\/li>\n<li><strong>V\u00fdkonn\u00e1 bat\u00e9ria<\/strong>: 650 mAh nab\u00edjate\u013en\u00e1 bat\u00e9ria s r\u00fdchlym nab\u00edjan\u00edm Type-C.<\/li>\n<li><strong>Du\u00e1lna sie\u0165ovan\u00e1 \u0161pir\u00e1lka<\/strong>: Poskytuje hust\u00fa paru a jemn\u00e9, chu\u0165ovo bohat\u00e9 po\u0165ahy.<\/li>\n<li><strong>Inteligentn\u00e9 dotykov\u00e9 ovl\u00e1danie<\/strong>: 2,1-palcov\u00fd dotykov\u00fd displej s pripojen\u00edm Bluetooth a prisp\u00f4sobite\u013en\u00fdmi nastaveniami.<\/li>\n<li><strong>Multifunk\u010dn\u00e9 zariadenie<\/strong>: Podporuje mini-hry, notifik\u00e1cie zo soci\u00e1lnych m\u00e9di\u00ed a \u010fal\u0161ie funkcie.<\/li>\n<li><strong>R\u00f4znorodos\u0165 nikot\u00ednu<\/strong>: Dostupn\u00fd v sil\u00e1ch nikot\u00ednu 0%, 2%, 3% a 5%.<\/li>\n<li><strong>Bezpe\u010dnostn\u00e9 prvky<\/strong>: Vstavan\u00e1 detsk\u00e1 poistka pre spo\u013eahliv\u00fa ochranu.<\/li>\n<\/ol>\n<\/div>\n<\/div>\n<\/div>\n<\/div>\n<div class=\"mb-2 flex gap-3 empty:hidden -ml-2\">\n<div class=\"items-center justify-start rounded-xl p-1 flex\"><\/div>\n<\/div>\n<\/div>\n<\/div>\n<\/div>\n<\/div>\n<\/div>\n<\/div>\n<\/div>\n<\/div>\n<h2 class=\"product-title\"><strong>Popul\u00e1rna pr\u00edchu\u0165 pre jednorazov\u00e9 vapky Vookbar Cyber Pro 30000<\/strong><\/h2>\n<p>Kolekcia pon\u00faka \u0161irok\u00fa \u0161k\u00e1lu pr\u00edchut\u00ed, ktor\u00e9 kombinuj\u00fa klasick\u00e9 ovocie, tropick\u00e9 dobroty a \u013eadov\u00e9 z\u00e1very. Od sladk\u00fdch a kysl\u00fdch kombin\u00e1ci\u00ed ako s\u00fa <strong>Brosky\u0148a Mango<\/strong> a <strong>Jahoda Kivi<\/strong> k osvie\u017euj\u00facim mentolov\u00fdm obmen\u00e1m ako <strong>\u013dadov\u00fd mel\u00f3n<\/strong> a <strong>\u013dadov\u00e1 modr\u00e1 malina<\/strong>, pre ka\u017ed\u00fd jaz\u00fd\u010dek sa nie\u010do n\u00e1jde.<\/p>\n<p>1.\u013dadov\u00e1 modr\u00e1 malina <span style=\"color: #ff0000;\"><strong>&gt;&gt;&gt;&gt; Hor\u00face !<\/strong><\/span><br \/>\n2.\u013dadov\u00e1 brosky\u0148a<br \/>\n3.\u013dadov\u00e9 hrozno<br \/>\n4.Jahodov\u00fd mel\u00f3n <span style=\"color: #ff0000;\"><strong>&gt;&gt;&gt;&gt; Hor\u00face !<\/strong><\/span><br \/>\n5.Jahodov\u00fd ban\u00e1n<br \/>\n6.\u010cere\u0161\u0148ov\u00fd mel\u00f3n<br \/>\n7.\u013dadov\u00fd mel\u00f3n<br \/>\n8.Brosky\u0148ov\u00e9 mango<br \/>\n9.Jahodov\u00e9 kivi<br \/>\n10.\u013dadov\u00e1 biela jahoda<br \/>\n11.\u013dadov\u00fd biely gumov\u00fd medved\u00edk<br \/>\n12.Mrazen\u00e1 pinacolada<br \/>\n13.Fucking fab<br \/>\n14.Mojito so zmesou bob\u00fa\u013e <span style=\"color: #ff0000;\"><strong>&gt;&gt;&gt;&gt; Najlep\u0161ie !<\/strong><\/span><\/p>\n<figure id=\"attachment_3554\" aria-describedby=\"caption-attachment-3554\" style=\"width: 1000px\" class=\"wp-caption alignnone\"><img decoding=\"async\" class=\"wp-image-3554 size-full\" src=\"https:\/\/vapestornado.com\/wp-content\/uploads\/2024\/12\/Bluetooth-Vape-Vookbar-Cyber-\u200b\u200bPro-30000-Puffs-Disposable-Vape-Wholesale.webp\" alt=\"Bluetooth Vookbar Cyber Pro 30000 Puffs jednorazov\u00e9 elektronick\u00e9 cigarety, ve\u013ekoobchod\" width=\"1000\" height=\"1000\" srcset=\"https:\/\/vapestornado.com\/wp-content\/uploads\/2024\/12\/Bluetooth-Vape-Vookbar-Cyber-\u200b\u200bPro-30000-Puffs-Disposable-Vape-Wholesale.webp 1000w, https:\/\/vapestornado.com\/wp-content\/uploads\/2024\/12\/Bluetooth-Vape-Vookbar-Cyber-\u200b\u200bPro-30000-Puffs-Disposable-Vape-Wholesale-300x300.webp 300w, https:\/\/vapestornado.com\/wp-content\/uploads\/2024\/12\/Bluetooth-Vape-Vookbar-Cyber-\u200b\u200bPro-30000-Puffs-Disposable-Vape-Wholesale-150x150.webp 150w, https:\/\/vapestornado.com\/wp-content\/uploads\/2024\/12\/Bluetooth-Vape-Vookbar-Cyber-\u200b\u200bPro-30000-Puffs-Disposable-Vape-Wholesale-768x768.webp 768w, https:\/\/vapestornado.com\/wp-content\/uploads\/2024\/12\/Bluetooth-Vape-Vookbar-Cyber-\u200b\u200bPro-30000-Puffs-Disposable-Vape-Wholesale-600x600.webp 600w, https:\/\/vapestornado.com\/wp-content\/uploads\/2024\/12\/Bluetooth-Vape-Vookbar-Cyber-\u200b\u200bPro-30000-Puffs-Disposable-Vape-Wholesale-100x100.webp 100w\" sizes=\"(max-width: 1000px) 100vw, 1000px\" \/><figcaption id=\"caption-attachment-3554\" class=\"wp-caption-text\">Bluetooth Vookbar Cyber Pro 30000 Puffs jednorazov\u00e9 elektronick\u00e9 cigarety, ve\u013ekoobchod<\/figcaption><\/figure>\n<div class=\"flex-shrink-0 flex flex-col relative items-end\">\n<div class=\"pt-0\">\n<div class=\"gizmo-bot-avatar flex h-8 w-8 items-center justify-center overflow-hidden rounded-full\">\n<div class=\"relative p-1 rounded-sm flex items-center justify-center bg-token-main-surface-primary text-token-text-primary h-8 w-8\">\n<h3>\u010cast\u00e9 ot\u00e1zky pre jednorazov\u00e9 elektronick\u00e9 cigarety Vookbar Cyber Pro 30000<\/h3>\n<div class=\"flex max-w-full flex-col flex-grow\">\n<div class=\"min-h-8 text-message flex w-full flex-col items-end gap-2 whitespace-normal break-words text-start [.text-message+&amp;]:mt-5\" dir=\"auto\" data-message-author-role=\"assistant\" data-message-id=\"4dc48248-df95-45bd-b800-6dedb43cf7f1\" data-message-model-slug=\"gpt-4o\">\n<div class=\"flex w-full flex-col gap-1 empty:hidden first:pt-[3px]\">\n<div class=\"markdown prose w-full break-words dark:prose-invert light\">\n<ol>\n<li><strong>Ako dlho vydr\u017e\u00ed Vookbar Cyber Pro 30000 Puffs?<\/strong><br \/>\nZariadenie pon\u00faka a\u017e 30 000 potiahnut\u00ed, \u010do zabezpe\u010duje dlhodob\u00e9 pou\u017e\u00edvanie bez \u010dastej v\u00fdmeny.<\/li>\n<li><strong>M\u00f4\u017eem si nastavi\u0165 pr\u00fadenie vzduchu na jednorazovej elektronickej cigarete Vookbar 30000?<\/strong><br \/>\n\u00c1no, funkcia nastavite\u013en\u00e9ho pr\u00fadenia vzduchu v\u00e1m umo\u017e\u0148uje prisp\u00f4sobi\u0165 si inhal\u00e1ciu pre personalizovan\u00fd z\u00e1\u017eitok z vapovania.<\/li>\n<li><strong>Podporuje jednorazov\u00e1 elektronick\u00e1 cigareta Vookbar Cyber Pro 30k Touch r\u00fdchle nab\u00edjanie?<\/strong><br \/>\nUr\u010dite! M\u00e1 nab\u00edjac\u00ed port typu C pre r\u00fdchle a efekt\u00edvne nab\u00edjanie.<\/li>\n<li><strong>Ak\u00e9 s\u00fa dostupn\u00e9 sily nikot\u00ednu pre nab\u00edjate\u013en\u00fa elektronick\u00fa cigaretu Vookbar 30000?<\/strong><br \/>\nZariadenie je dostupn\u00e9 s koncentr\u00e1ciami nikot\u00ednu 0 %, 2 %, 3 % a 5 %, \u010d\u00edm vyhovie r\u00f4znym preferenci\u00e1m.<\/li>\n<li><strong>Ak\u00e9 extra funkcie poskytuje dotykov\u00fd displej?<\/strong><br \/>\n2,1-palcov\u00fd dotykov\u00fd displej v\u00e1m umo\u017e\u0148uje sledova\u0165 nastavenia, pripoji\u0165 sa cez Bluetooth, prisp\u00f4sobi\u0165 si tapety a dokonca ovl\u00e1da\u0165 selfie na dia\u013eku.<\/li>\n<\/ol>\n<\/div>\n<\/div>\n<\/div>\n<\/div>\n<\/div>\n<\/div>\n<\/div>\n<\/div>\n<div class=\"flex-shrink-0 flex flex-col relative items-end\">\n<div class=\"pt-0\">\n<div class=\"gizmo-bot-avatar flex h-8 w-8 items-center justify-center overflow-hidden rounded-full\">\n<div class=\"relative p-1 rounded-sm flex items-center justify-center bg-token-main-surface-primary text-token-text-primary h-8 w-8\">\n<div class=\"mb-2 flex gap-3 empty:hidden -ml-2\">\n<div role=\"article\" data-tabster=\"{&quot;groupper&quot;:{&quot;tabbability&quot;:2},&quot;focusable&quot;:{}}\" data-content=\"ai-message\" aria-labelledby=\"Vdt5ez4X7Tg813x6rFVha-author Vdt5ez4X7Tg813x6rFVha-content\">\n<div id=\"Vdt5ez4X7Tg813x6rFVha-content\">\n<div role=\"article\" data-tabster=\"{&quot;groupper&quot;:{&quot;tabbability&quot;:2},&quot;focusable&quot;:{}}\" data-content=\"ai-message\" aria-labelledby=\"o968oC7CEo2fGHsGdsRYC-author o968oC7CEo2fGHsGdsRYC-content\">\n<div id=\"o968oC7CEo2fGHsGdsRYC-content\">\n<h3>Pre\u010do si vybra\u0165 vapestornado pre ve\u013ekoobchod s jednorazov\u00fdmi vapmi Vookbar 30000 Touch?<\/h3>\n<div class=\"flex-shrink-0 flex flex-col relative items-end\">\n<div class=\"pt-0\">\n<div class=\"gizmo-bot-avatar flex h-8 w-8 items-center justify-center overflow-hidden rounded-full\">\n<div class=\"relative p-1 rounded-sm flex items-center justify-center bg-token-main-surface-primary text-token-text-primary h-8 w-8\">\n<p>Vitajte vo vapestornado, va\u0161om d\u00f4veryhodnom internetovom obchode s vapmi pre pr\u00e9miov\u00e9 jednorazov\u00e9 vapy. S viac ako 5-ro\u010dn\u00fdmi sk\u00fasenos\u0165ami v\u00e1m prin\u00e1\u0161ame popul\u00e1rne zna\u010dky jednorazov\u00fdch vapov, ako napr\u00edklad Fumot RandM Vape, <a href=\"https:\/\/vapestornado.com\/sk\/product-category\/vapme-shisha\/\">Vapme<\/a>, Bang Vape, Waspe Vape a WGA Vape, at\u010f.<\/p>\n<p>N\u00e1\u0161 sortiment zah\u0155\u0148a hor\u00face vapy ako napr\u00edklad <a href=\"https:\/\/vapestornado.com\/sk\/product\/randm-12000-puffs-fumot-digital-disposable-vape-wholesale-price\/\">RandM Torn\u00e1do 12000<\/a>, a v\u00fdber bohat\u00fd na pr\u00edchute ako napr\u00edklad <a href=\"https:\/\/vapestornado.com\/sk\/product\/wga-crystal-pro-max-extra-15000-puffs-rechargeable-disposable-vape-wholesale-bulk-buy\/\">\u00a0WGA Crystal 15k Pufov<\/a> . Ka\u017ed\u00fd produkt je vybran\u00fd so zameran\u00edm na kvalitu, hodnotu a rozmanitos\u0165, \u010do zais\u0165uje, \u017ee n\u00e1jdete presne to, \u010do potrebujete. Objavte v\u00fdnimo\u010dn\u00e9 slu\u017eby a \u0161irok\u00fa \u0161k\u00e1lu \u0161pi\u010dkov\u00fdch produktov za ve\u013ekoobchodn\u00e9 ceny vo vapestornado.<\/p>\n<\/div>\n<p>&nbsp;<\/p>\n<p><strong>\u010eal\u0161ie hor\u00face jednorazov\u00e9 vapy<\/strong><\/p>\n<p><a href=\"https:\/\/vapestornado.com\/sk\/product\/bang-vape-35000-puffs-low-nicotine-bulk-buy-rechargeable-disposable-vapes-box-wholesale-price\/\">Bang Vape 35000 Pufov <span style=\"color: #ff0000;\"><strong>&gt;&gt;&gt;&gt; Vpred !<\/strong><\/span><\/a><\/p>\n<p><a href=\"https:\/\/vapestornado.com\/sk\/product\/vopk-ultra-40000-puffs-2-in-1-digital-screen-rechargeable-disposable-vape\/\">VOPK 40000 Dvojit\u00e1 Chu\u0165<span style=\"color: #ff0000;\"><strong>&gt;&gt;&gt;&gt; Vpred !<\/strong><\/span><\/a><\/p>\n<p><a href=\"https:\/\/vapestornado.com\/sk\/product\/bood-twins-46000-puff-double-flavour-low-nicotine-disposable-vape-wholesale-bulk-buy-price\/\">Bood Twins 46000<span style=\"color: #ff0000;\"><strong>&gt;&gt;&gt;&gt; Vpred !<\/strong><\/span><\/a><\/p>\n<\/div>\n<\/div>\n<\/div>\n<p>&nbsp;<\/p>\n<\/div>\n<\/div>\n<\/div>\n<\/div>\n<\/div>\n<\/div>\n<\/div>\n<\/div>\n<\/div>","protected":false},"excerpt":{"rendered":"<p>Hor\u00faci Vookbar Cyber Pro 30000 Puffs s n\u00edzkym obsahom nikot\u00ednu Jednorazov\u00fd vape<br \/>\nVookbar Vape Cyber Pro 30000 Puffs Digit\u00e1lny displej Jednorazov\u00fd vape Ve\u013ekoobchod<br \/>\nVookbar Cyber Pro 30k Dotykov\u00fd dob\u00edjac\u00ed jednorazov\u00fd vape Ve\u013ekoobchod<\/p>\n<p><strong>Pridajte si Amy na WhatsApp a z\u00edskajte okam\u017eit\u00fa odpove\u010f a kup\u00f3n na vape!<\/strong><\/p>\n<p><img fetchpriority=\"high\" decoding=\"async\" class=\"size-full wp-image-2932\" src=\"https:\/\/vapestornado.com\/wp-content\/uploads\/2024\/12\/Vape-Wholesale.jpg\" alt=\"Ve\u013ekoobchod s vape\" width=\"229\" height=\"300\" \/><\/p>\n<h3><a href=\"https:\/\/wa.me\/8617776015835\"><span style=\"color: #ff0000;\"><strong>WhatsApp: +86 17776015835<\/strong><\/span><\/a><\/h3>\n<p>&nbsp;<\/p>","protected":false},"featured_media":3388,"comment_status":"open","ping_status":"closed","template":"","meta":{"_acf_changed":false,"_uag_custom_page_level_css":"","_lmt_disableupdate":"no","_lmt_disable":"","_monsterinsights_skip_tracking":false,"_monsterinsights_sitenote_active":false,"_monsterinsights_sitenote_note":"","_monsterinsights_sitenote_category":0,"site-sidebar-layout":"default","site-content-layout":"","ast-site-content-layout":"default","site-content-style":"default","site-sidebar-style":"default","ast-global-header-display":"","ast-banner-title-visibility":"","ast-main-header-display":"","ast-hfb-above-header-display":"","ast-hfb-below-header-display":"","ast-hfb-mobile-header-display":"","site-post-title":"","ast-breadcrumbs-content":"","ast-featured-img":"","footer-sml-layout":"","ast-disable-related-posts":"","theme-transparent-header-meta":"default","adv-header-id-meta":"","stick-header-meta":"","header-above-stick-meta":"","header-main-stick-meta":"","header-below-stick-meta":"","astra-migrate-meta-layouts":"set","ast-page-background-enabled":"default","ast-page-background-meta":{"desktop":{"background-color":"","background-image":"","background-repeat":"repeat","background-position":"center center","background-size":"auto","background-attachment":"scroll","background-type":"","background-media":"","overlay-type":"","overlay-color":"","overlay-opacity":"","overlay-gradient":""},"tablet":{"background-color":"","background-image":"","background-repeat":"repeat","background-position":"center center","background-size":"auto","background-attachment":"scroll","background-type":"","background-media":"","overlay-type":"","overlay-color":"","overlay-opacity":"","overlay-gradient":""},"mobile":{"background-color":"","background-image":"","background-repeat":"repeat","background-position":"center center","background-size":"auto","background-attachment":"scroll","background-type":"","background-media":"","overlay-type":"","overlay-color":"","overlay-opacity":"","overlay-gradient":""}},"ast-content-background-meta":{"desktop":{"background-color":"var(--ast-global-color-5)","background-image":"","background-repeat":"repeat","background-position":"center center","background-size":"auto","background-attachment":"scroll","background-type":"","background-media":"","overlay-type":"","overlay-color":"","overlay-opacity":"","overlay-gradient":""},"tablet":{"background-color":"var(--ast-global-color-5)","background-image":"","background-repeat":"repeat","background-position":"center center","background-size":"auto","background-attachment":"scroll","background-type":"","background-media":"","overlay-type":"","overlay-color":"","overlay-opacity":"","overlay-gradient":""},"mobile":{"background-color":"var(--ast-global-color-5)","background-image":"","background-repeat":"repeat","background-position":"center center","background-size":"auto","background-attachment":"scroll","background-type":"","background-media":"","overlay-type":"","overlay-color":"","overlay-opacity":"","overlay-gradient":""}},"_joinchat":{"telephone":"+8617776015835"}},"product_brand":[],"product_cat":[140,67,150,154,160,142,146],"product_tag":[165,105,97,166,94,207,208],"class_list":{"0":"post-3394","1":"product","2":"type-product","3":"status-publish","4":"has-post-thumbnail","6":"product_cat-big-puffs-disposable-vapes","7":"product_cat-30000-puff","8":"product_cat-buy-disposable-vapes-in-belgium","9":"product_cat-buy-disposable-vapes-in-netherlands","10":"product_cat-buy-disposable-vapes-in-switzerland","11":"product_cat-digital-box-disposable-vapes","12":"product_cat-rechargeable-disposable-vapes","13":"product_tag-cheap-vapes","14":"product_tag-digital-disposable-vape","15":"product_tag-hot-sale-disposable-vape","16":"product_tag-low-nicotine-vape","17":"product_tag-rechargeable-disposable-vape","18":"product_tag-vookbar-cyber-pro-30000","19":"product_tag-vookbar-vape","20":"desktop-align-left","21":"tablet-align-left","22":"mobile-align-left","24":"first","25":"instock","26":"sale","27":"shipping-taxable","28":"purchasable","29":"product-type-simple"},"acf":[],"uagb_featured_image_src":{"full":["https:\/\/vapestornado.com\/wp-content\/uploads\/2024\/12\/Vookbar-Cyber-\u200b\u200bPro-30k-Vape-Wholesale.jpg",1000,1000,false],"thumbnail":["https:\/\/vapestornado.com\/wp-content\/uploads\/2024\/12\/Vookbar-Cyber-\u200b\u200bPro-30k-Vape-Wholesale-150x150.jpg",150,150,true],"medium":["https:\/\/vapestornado.com\/wp-content\/uploads\/2024\/12\/Vookbar-Cyber-\u200b\u200bPro-30k-Vape-Wholesale-300x300.jpg",300,300,true],"medium_large":["https:\/\/vapestornado.com\/wp-content\/uploads\/2024\/12\/Vookbar-Cyber-\u200b\u200bPro-30k-Vape-Wholesale-768x768.jpg",768,768,true],"large":["https:\/\/vapestornado.com\/wp-content\/uploads\/2024\/12\/Vookbar-Cyber-\u200b\u200bPro-30k-Vape-Wholesale.jpg",1000,1000,false],"1536x1536":["https:\/\/vapestornado.com\/wp-content\/uploads\/2024\/12\/Vookbar-Cyber-\u200b\u200bPro-30k-Vape-Wholesale.jpg",1000,1000,false],"2048x2048":["https:\/\/vapestornado.com\/wp-content\/uploads\/2024\/12\/Vookbar-Cyber-\u200b\u200bPro-30k-Vape-Wholesale.jpg",1000,1000,false],"trp-custom-language-flag":["https:\/\/vapestornado.com\/wp-content\/uploads\/2024\/12\/Vookbar-Cyber-\u200b\u200bPro-30k-Vape-Wholesale.jpg",12,12,false],"woocommerce_thumbnail":["https:\/\/vapestornado.com\/wp-content\/uploads\/2024\/12\/Vookbar-Cyber-\u200b\u200bPro-30k-Vape-Wholesale-300x300.jpg",300,300,true],"woocommerce_single":["https:\/\/vapestornado.com\/wp-content\/uploads\/2024\/12\/Vookbar-Cyber-\u200b\u200bPro-30k-Vape-Wholesale-600x600.jpg",600,600,true],"woocommerce_gallery_thumbnail":["https:\/\/vapestornado.com\/wp-content\/uploads\/2024\/12\/Vookbar-Cyber-\u200b\u200bPro-30k-Vape-Wholesale-100x100.jpg",100,100,true]},"uagb_author_info":{"display_name":"ESAMY","author_link":"https:\/\/vapestornado.com\/sk\/author\/"},"uagb_comment_info":0,"uagb_excerpt":"Hot Vookbar Cyber Pro 30000 Puffs 2% Low Nicotine Disposable Vape Vookbar Vape Cyber Pro 30000 Puffs Digital Display Disposable Vape Bulk Buy Vookbar Cyber Pro 30k Touch Rechargeable Disposable Vape Wholesale Add Amy's whatsapp get right reply and vape coupon! WhatsApp: +86 17776015835 &nbsp;","_links":{"self":[{"href":"https:\/\/vapestornado.com\/sk\/wp-json\/wp\/v2\/product\/3394","targetHints":{"allow":["GET"]}}],"collection":[{"href":"https:\/\/vapestornado.com\/sk\/wp-json\/wp\/v2\/product"}],"about":[{"href":"https:\/\/vapestornado.com\/sk\/wp-json\/wp\/v2\/types\/product"}],"replies":[{"embeddable":true,"href":"https:\/\/vapestornado.com\/sk\/wp-json\/wp\/v2\/comments?post=3394"}],"wp:featuredmedia":[{"embeddable":true,"href":"https:\/\/vapestornado.com\/sk\/wp-json\/wp\/v2\/media\/3388"}],"wp:attachment":[{"href":"https:\/\/vapestornado.com\/sk\/wp-json\/wp\/v2\/media?parent=3394"}],"wp:term":[{"taxonomy":"product_brand","embeddable":true,"href":"https:\/\/vapestornado.com\/sk\/wp-json\/wp\/v2\/product_brand?post=3394"},{"taxonomy":"product_cat","embeddable":true,"href":"https:\/\/vapestornado.com\/sk\/wp-json\/wp\/v2\/product_cat?post=3394"},{"taxonomy":"product_tag","embeddable":true,"href":"https:\/\/vapestornado.com\/sk\/wp-json\/wp\/v2\/product_tag?post=3394"}],"curies":[{"name":"wp","href":"https:\/\/api.w.org\/{rel}","templated":true}]}}