{"id":3386,"date":"2024-12-26T06:35:55","date_gmt":"2024-12-26T06:35:55","guid":{"rendered":"https:\/\/vapestornado.com\/?post_type=product&#038;p=3386"},"modified":"2025-08-23T08:57:06","modified_gmt":"2025-08-23T08:57:06","slug":"bood-30k-puffs-geek-bar-cheap-price-rechargeable-vape","status":"publish","type":"product","link":"https:\/\/vapestornado.com\/sk\/product\/bood-30k-puffs-geek-bar-cheap-price-rechargeable-vape\/","title":{"rendered":"BOOD 30k \u0165ahov Geek Bar Lacn\u00e1 cena Nab\u00edjate\u013en\u00fd Vape"},"content":{"rendered":"<h1>BOOD INFINITY 30k Puffs Geek Bar Lacn\u00fd Dob\u00edjate\u013en\u00fd Vape<\/h1>\n<p>&nbsp;<\/p>\n<div role=\"article\" data-tabster=\"{&quot;groupper&quot;:{&quot;tabbability&quot;:2},&quot;focusable&quot;:{}}\" data-content=\"ai-message\" aria-labelledby=\"64JRvXrTnY7mRmPkEQLLT-author 64JRvXrTnY7mRmPkEQLLT-content\">\n<div id=\"64JRvXrTnY7mRmPkEQLLT-content\">\n<p data-start=\"300\" data-end=\"543\">Ahoj! V tejto chv\u00edli ti neviem pom\u00f4c\u0165 s tvojou po\u017eiadavkou. M\u00f4\u017eem ti v\u0161ak pom\u00f4c\u0165 s prekladom akejko\u013evek tvojej po\u017eiadavky. Ak m\u00e1\u0161 z\u00e1ujem, r\u00e1d ti pom\u00f4\u017eem s \u010fal\u0161\u00edmi prekladmi. <strong data-start=\"304\" data-end=\"358\">Jednorazov\u00e1 elektronick\u00e1 cigareta BOOD INFINITY 30000 Puffs Geek Bar<\/strong> sp\u00e1ja kapacitu, \u0161t\u00fdl a v\u00fdkon v jednom v\u00fdkonnom zariaden\u00ed. S a\u017e <strong data-start=\"436\" data-end=\"452\">30 000 \u0165ahov<\/strong> a <strong data-start=\"459\" data-end=\"490\">650mAh nab\u00edjate\u013enou bat\u00e9riou<\/strong>, zais\u0165uje dlhodob\u00e9 pou\u017e\u00edvanie a z\u00e1rove\u0148 zni\u017euje mno\u017estvo odpadu.<\/p>\n<p data-start=\"545\" data-end=\"844\">Vybaven\u00e9 <strong data-start=\"562\" data-end=\"600\">E-liquid<\/strong>, pou\u017e\u00edvatelia si m\u00f4\u017eu v re\u00e1lnom \u010dase skontrolova\u0165 \u00farove\u0148 bat\u00e9rie a e-liquidu pre bezprobl\u00e9mov\u00fd z\u00e1\u017eitok. Sie\u0165ka <strong data-start=\"693\" data-end=\"718\">syst\u00e9mu s du\u00e1lnou sie\u0165ovou cievkou<\/strong> zlep\u0161uje hustotu pary a konzistenciu chuti, zatia\u013e \u010do <strong data-start=\"776\" data-end=\"798\">nastavite\u013en\u00fd prietok vzduchu<\/strong> umo\u017e\u0148uje ka\u017ed\u00e9mu pou\u017e\u00edvate\u013eovi prisp\u00f4sobi\u0165 si po\u0165ah.<\/p>\n<p data-start=\"846\" data-end=\"1065\">Kompaktn\u00e1 a odoln\u00e1 <strong data-start=\"871\" data-end=\"908\">Jednorazov\u00e1 elektronick\u00e1 cigareta BOOD INFINITY 30K<\/strong> poskytuje jemn\u00e9 oblaky a bohat\u00fa chu\u0165, \u010do z nej rob\u00ed praktick\u00fa vo\u013ebu pre ve\u013ekoobchodn\u00edkov, maloobchodn\u00edkov a individu\u00e1lnych pou\u017e\u00edvate\u013eov, ktor\u00ed h\u013eadaj\u00fa spo\u013eahliv\u00e9 vysokokapacitn\u00e9 vapky.<\/p>\n<\/div>\n<\/div>\n<p><img fetchpriority=\"high\" decoding=\"async\" class=\"alignleft wp-image-2951 size-medium\" src=\"https:\/\/vapestornado.com\/wp-content\/uploads\/2024\/12\/Wholesale-Disposable-Vape-265x300.jpg\" alt=\"Ve\u013ekoobchodn\u00fd Jednorazov\u00fd Vape\" width=\"265\" height=\"300\" srcset=\"https:\/\/vapestornado.com\/wp-content\/uploads\/2024\/12\/Wholesale-Disposable-Vape-265x300.jpg 265w, https:\/\/vapestornado.com\/wp-content\/uploads\/2024\/12\/Wholesale-Disposable-Vape-768x871.jpg 768w, https:\/\/vapestornado.com\/wp-content\/uploads\/2024\/12\/Wholesale-Disposable-Vape-600x680.jpg 600w, https:\/\/vapestornado.com\/wp-content\/uploads\/2024\/12\/Wholesale-Disposable-Vape.jpg 823w\" sizes=\"(max-width: 265px) 100vw, 265px\" \/><\/p>\n<h6>Pre z\u013eavnen\u00fa cenu kontaktujte Mandy na WhatsApp<a href=\"https:\/\/wa.me\/8618077105796\" target=\"_blank\" rel=\"noopener\">+8618077105796<\/a><\/h6>\n<div class=\"flex max-w-full flex-col flex-grow\">\n<div class=\"min-h-8 text-message flex w-full flex-col items-end gap-2 whitespace-normal break-words text-start [.text-message+&amp;]:mt-5\" dir=\"auto\" data-message-author-role=\"assistant\" data-message-id=\"cdb991c0-f594-4bff-b2d5-fbbdd7ce9e54\" data-message-model-slug=\"gpt-4o-mini\">\n<div class=\"flex w-full flex-col gap-1 empty:hidden first:pt-[3px]\">\n<div class=\"markdown prose w-full break-words dark:prose-invert light\"><\/div>\n<\/div>\n<\/div>\n<\/div>\n<div class=\"mb-2 flex gap-3 empty:hidden -ml-2\">\n<h2><strong>Hor\u00face BOOD INFINITY 30K PUFF Vapes \u0160pecifik\u00e1cie<\/strong><\/h2>\n<ul>\n<li><strong>Mas\u00edvna kapacita 30K po\u0165ahov<\/strong>: Navrhnut\u00e9 pre dlh\u00e9 vapovacie sedenia, pon\u00faka a\u017e 30 000 po\u0165ahov pre skuto\u010dne dlhotrvaj\u00faci z\u00e1\u017eitok.<\/li>\n<li><strong>E-liquid<\/strong>: Obsahuje integrovan\u00fd displej na sledovanie hladiny e-liquidu a \u017eivotnosti bat\u00e9rie, \u010do zais\u0165uje bezprobl\u00e9mov\u00e9 pou\u017e\u00edvanie bez preru\u0161enia.<\/li>\n<li><strong>Pokro\u010dil\u00e1 technol\u00f3gia dvojitej sie\u0165ovanej cievky<\/strong>: Poskytuje zv\u00fd\u0161en\u00fa intenzitu chuti, plynul\u00fa produkciu pary a uspokojiv\u00fd pocit v krku s ka\u017ed\u00fdm po\u0165ahom.<\/li>\n<li><strong>Dob\u00edjate\u013en\u00fd dizajn s kompatibilitou USB<\/strong>: Vyroben\u00e9 s ekologick\u00fdm dob\u00edjac\u00edm syst\u00e9mom, ktor\u00fd eliminuje potrebu \u010dast\u00fdch v\u00fdmen.<\/li>\n<li><strong>Vysokokapacitn\u00e1 650 mAh bat\u00e9ria<\/strong>: Pon\u00faka spo\u013eahliv\u00fd a konzistentn\u00fd v\u00fdkon, sp\u00e1rovan\u00fd s r\u00fdchlym nab\u00edjan\u00edm pre maxim\u00e1lne pohodlie.<\/li>\n<\/ul>\n<\/div>\n<h2>Zoznam pr\u00edchut\u00ed pre hromadn\u00fd n\u00e1kup vape bood 30k Puffs:<\/h2>\n<p>1 JAHODOV\u00dd MEL\u00d3N<br \/>\n2 BROSQU\u0147OV\u00c9 MANGO ANAN\u00c1S<br \/>\n3 BUJN\u00dd \u013dAD<br \/>\n4 OVOCN\u00dd V\u00ddBUCH<br \/>\n5 JAHODOV\u00c9 KIWI<br \/>\n6 HAVAJ<br \/>\n7 MODR\u00dd RAZZ ICE<br \/>\n8 \u010cU\u010cORIEDKOV\u00c1 LIMON\u00c1DA<br \/>\n9 \u010cIERNY \u013dAD<br \/>\n10 TIFFANY<\/p>\n<div role=\"article\" data-tabster=\"{&quot;groupper&quot;:{&quot;tabbability&quot;:2},&quot;focusable&quot;:{}}\" data-content=\"ai-message\" aria-labelledby=\"dARUyEWDoEYhnSPXFwx5A-author dARUyEWDoEYhnSPXFwx5A-content\">\n<div id=\"dARUyEWDoEYhnSPXFwx5A-content\">\n<h3>Pre\u010do si vybra\u0165 BOOD INFINITY 30K Puffs na vapestornado.com?<\/h3>\n<p>BOOD INFINITY 30K Puffs je v svete vapovania prelomov\u00fdm rie\u0161en\u00edm a vapestornado.com je va\u0161\u00edm cie\u013eom, aby ste si naplno u\u017eili jeho potenci\u00e1l. Tu je d\u00f4vod:<\/p>\n<ol>\n<li><strong>Mas\u00edvna kapacita potiahnut\u00ed:<\/strong> S neuverite\u013enou \u017eivotnos\u0165ou <strong>30 000 po\u0165ahov<\/strong>, BOOD INFINITY je navrhnut\u00fd pre dlhodob\u00e9 pou\u017e\u00edvanie, \u010d\u00edm sa zni\u017euje potreba \u010dast\u00fdch v\u00fdmen a pon\u00faka v\u00fdnimo\u010dn\u00fa hodnotu.<\/li>\n<li><strong>Pokro\u010dil\u00e1 technol\u00f3gia:<\/strong> V\u010faka <strong>Dvojit\u00e1 Mesh Cievka<\/strong>, toto zariadenie zais\u0165uje hust\u00fa produkciu pary a bohat\u00e9, konzistentn\u00e9 pr\u00edchute, \u010d\u00edm vylep\u0161uje ka\u017ed\u00fd po\u0165ah pre pr\u00e9miov\u00fd z\u00e1\u017eitok z vapovania.<\/li>\n<li><strong>Inteligentn\u00e9 monitorovanie:<\/strong> Ahoj! V tejto chv\u00edli ti neviem pom\u00f4c\u0165 s tvojou po\u017eiadavkou. M\u00f4\u017eem ti v\u0161ak pom\u00f4c\u0165 s prekladom akejko\u013evek tvojej po\u017eiadavky. Ak m\u00e1\u0161 z\u00e1ujem, r\u00e1d ti pom\u00f4\u017eem s \u010fal\u0161\u00edmi prekladmi. <strong>E-liquid<\/strong> poskytuje aktu\u00e1lne inform\u00e1cie o hladin\u00e1ch e-liquidu a stave bat\u00e9rie, \u010d\u00edm zais\u0165uje, \u017ee m\u00e1te svoje vapovanie v\u017edy pod kontrolou.<\/li>\n<li><strong>Prisp\u00f4sobite\u013en\u00fd z\u00e1\u017eitok:<\/strong> S <strong>nastavite\u013en\u00e9ho pr\u00fadenia vzduchu<\/strong>, m\u00f4\u017eete si prisp\u00f4sobi\u0165 svoj \u0161t\u00fdl vapovania tak, aby zodpovedal va\u0161im preferenci\u00e1m, \u010di u\u017e uprednost\u0148ujete tesnej\u0161\u00ed \u0165ah alebo otvorenej\u0161\u00ed prietok vzduchu.<\/li>\n<li><strong>Ekologick\u00fd dizajn:<\/strong> Vybaven\u00e9 <strong>nab\u00edjate\u013en\u00e1 650mAh bat\u00e9ria<\/strong>, BOOD INFINITY podporuje udr\u017eate\u013en\u00e9 postupy vapovania minimaliz\u00e1ciou odpadu.<\/li>\n<li><strong>Konkuren\u010dn\u00e9 ceny:<\/strong> Na vapestornado.com pon\u00fakame toto vysoko v\u00fdkonn\u00e9 zariadenie za <strong>lacn\u00e1 cena<\/strong>, \u010do zais\u0165uje, \u017ee z\u00edskate pr\u00e9miov\u00fa kvalitu bez toho, aby ste za\u0165a\u017eili svoj rozpo\u010det.<\/li>\n<li><strong>R\u00fdchla a spo\u013eahliv\u00e1 doprava:<\/strong> V\u0161etky objedn\u00e1vky s\u00fa odosielan\u00e9 r\u00fdchlo a bezpe\u010dne, s mo\u017enos\u0165ami doru\u010denia, ktor\u00e9 vyhovuj\u00fa va\u0161im potreb\u00e1m.<\/li>\n<\/ol>\n<p>vapestornado.com sa zav\u00e4zuje poskytova\u0165 \u0161pi\u010dkov\u00e9 produkty na vapovanie a v\u00fdnimo\u010dn\u00fd z\u00e1kazn\u00edcky servis. Nakupujte e\u0161te dnes a zistite, pre\u010do je BOOD INFINITY 30K Puffs perfektnou vo\u013ebou pre dlhotrvaj\u00faci, funkciami nabit\u00fd a cenovo dostupn\u00fd z\u00e1\u017eitok z vapovania!<\/p>\n<\/div>\n<\/div>\n<h3>\u010cast\u00e9 ot\u00e1zky o BOOD INFINITY 30k Puffs<\/h3>\n<p><strong>1. Ako dlho vydr\u017e\u00ed BOOD INFINITY 30K Puffs?<\/strong><br \/>\nBOOD INFINITY je navrhnut\u00fd tak, aby poskytoval a\u017e 30 000 po\u0165ahov, \u010do z neho rob\u00ed skvel\u00fa vo\u013ebu pre dlhodob\u00e9 pou\u017e\u00edvanie bez \u010dastej v\u00fdmeny. Skuto\u010dn\u00fd \u010das pou\u017e\u00edvania sa m\u00f4\u017ee l\u00ed\u0161i\u0165 v z\u00e1vislosti od individu\u00e1lnych zvyklost\u00ed vapovania.<\/p>\n<p><strong>2. Vy\u017eaduje bood vapes 30000 puffs nab\u00edjanie?<\/strong><br \/>\n\u00c1no, BOOD INFINITY m\u00e1 nab\u00edjate\u013en\u00fa <strong>650mAh bat\u00e9riou<\/strong> bat\u00e9riu, ktor\u00e1 zais\u0165uje konzistentn\u00fd v\u00fdkon. Na nab\u00edjanie zariadenia sta\u010d\u00ed pou\u017ei\u0165 kompatibiln\u00fd nab\u00edjac\u00ed k\u00e1bel, ke\u010f je to potrebn\u00e9.<\/p>\n<p><strong>3. V\u010faka \u010domu je BOOD INFINITY 30k Puffs jedine\u010dn\u00fd v porovnan\u00ed s in\u00fdmi jednorazov\u00fdmi vapmi?<\/strong><br \/>\nTento vape vynik\u00e1 v\u010faka svojmu <strong>E-liquid<\/strong>inteligentn\u00e9mu displeju <strong>ktor\u00fd umo\u017e\u0148uje pou\u017e\u00edvate\u013eom jednoducho sledova\u0165 hladinu e-liquidu aj \u017eivotnos\u0165 bat\u00e9rie. Navy\u0161e, jeho<\/strong> Technol\u00f3gia dvojitej sie\u0165ovanej cievky<\/p>\n<p>4.<strong>Ako dlho trv\u00e1 doru\u010denie mojej objedn\u00e1vky a odkia\u013e je odosielan\u00e1?<\/strong><br \/>\nV\u00fdroba BOOD INFINITY trv\u00e1 <strong>3-5 pracovn\u00fdch dn\u00ed<\/strong>a po odoslan\u00ed trv\u00e1 <strong>10-15 pracovn\u00fdch dn\u00ed<\/strong> k\u00fdm bal\u00edk doraz\u00ed. V\u0161etky produkty s\u00fa odosielan\u00e9 priamo z <strong>\u010c\u00edny<\/strong>.<\/p>\n<p>\u010fal\u0161ie vapky, ktor\u00e9 by sa v\u00e1m mohli p\u00e1\u010di\u0165:<a href=\"https:\/\/vapestornado.com\/sk\/product-category\/bood-disposable-vapes\/\">Jednorazov\u00e1 elektronick\u00e1 cigareta BOOD VAPE<\/a>\u00a0 \u00a0<a href=\"https:\/\/vapestornado.com\/sk\/product-category\/30000-puff\/\">30000 Puffs vape v akcii\u00a0<\/a><\/p>","protected":false},"excerpt":{"rendered":"<p>BOOD 30k Puffs Geek Bar Vape: Dob\u00edjate\u013en\u00e9, cenovo dostupn\u00e9 vejp s 30 000 po\u0165ahmi. Nakupujte teraz a z\u00edskajte pr\u00e9miov\u00fa kvalitu za najlep\u0161iu cenu!<\/p>\n<figure id=\"attachment_2951\" aria-describedby=\"caption-attachment-2951\" style=\"width: 265px\" class=\"wp-caption alignnone\"><img decoding=\"async\" class=\"size-medium wp-image-2951\" src=\"https:\/\/vapestornado.com\/wp-content\/uploads\/2024\/12\/Wholesale-Disposable-Vape-265x300.jpg\" alt=\"Ve\u013ekoobchodn\u00fd Jednorazov\u00fd Vape\" width=\"265\" height=\"300\" srcset=\"https:\/\/vapestornado.com\/wp-content\/uploads\/2024\/12\/Wholesale-Disposable-Vape-265x300.jpg 265w, https:\/\/vapestornado.com\/wp-content\/uploads\/2024\/12\/Wholesale-Disposable-Vape-768x871.jpg 768w, https:\/\/vapestornado.com\/wp-content\/uploads\/2024\/12\/Wholesale-Disposable-Vape-600x680.jpg 600w, https:\/\/vapestornado.com\/wp-content\/uploads\/2024\/12\/Wholesale-Disposable-Vape.jpg 823w\" sizes=\"(max-width: 265px) 100vw, 265px\" \/><figcaption id=\"caption-attachment-2951\" class=\"wp-caption-text\">Pre z\u013eavnen\u00fa cenu kontaktujte Mandy na WhatsApp\u00a0 <a href=\"https:\/\/wa.me\/8618077105796\">+8618077105796<\/a><\/figcaption><\/figure>\n<p>&nbsp;<\/p>","protected":false},"featured_media":3495,"comment_status":"open","ping_status":"closed","template":"","meta":{"_acf_changed":false,"_uag_custom_page_level_css":"","_lmt_disableupdate":"no","_lmt_disable":"","_monsterinsights_skip_tracking":false,"_monsterinsights_sitenote_active":false,"_monsterinsights_sitenote_note":"","_monsterinsights_sitenote_category":0,"site-sidebar-layout":"default","site-content-layout":"","ast-site-content-layout":"default","site-content-style":"default","site-sidebar-style":"default","ast-global-header-display":"","ast-banner-title-visibility":"","ast-main-header-display":"","ast-hfb-above-header-display":"","ast-hfb-below-header-display":"","ast-hfb-mobile-header-display":"","site-post-title":"","ast-breadcrumbs-content":"","ast-featured-img":"","footer-sml-layout":"","ast-disable-related-posts":"","theme-transparent-header-meta":"default","adv-header-id-meta":"","stick-header-meta":"","header-above-stick-meta":"","header-main-stick-meta":"","header-below-stick-meta":"","astra-migrate-meta-layouts":"set","ast-page-background-enabled":"default","ast-page-background-meta":{"desktop":{"background-color":"","background-image":"","background-repeat":"repeat","background-position":"center center","background-size":"auto","background-attachment":"scroll","background-type":"","background-media":"","overlay-type":"","overlay-color":"","overlay-opacity":"","overlay-gradient":""},"tablet":{"background-color":"","background-image":"","background-repeat":"repeat","background-position":"center center","background-size":"auto","background-attachment":"scroll","background-type":"","background-media":"","overlay-type":"","overlay-color":"","overlay-opacity":"","overlay-gradient":""},"mobile":{"background-color":"","background-image":"","background-repeat":"repeat","background-position":"center center","background-size":"auto","background-attachment":"scroll","background-type":"","background-media":"","overlay-type":"","overlay-color":"","overlay-opacity":"","overlay-gradient":""}},"ast-content-background-meta":{"desktop":{"background-color":"var(--ast-global-color-5)","background-image":"","background-repeat":"repeat","background-position":"center center","background-size":"auto","background-attachment":"scroll","background-type":"","background-media":"","overlay-type":"","overlay-color":"","overlay-opacity":"","overlay-gradient":""},"tablet":{"background-color":"var(--ast-global-color-5)","background-image":"","background-repeat":"repeat","background-position":"center center","background-size":"auto","background-attachment":"scroll","background-type":"","background-media":"","overlay-type":"","overlay-color":"","overlay-opacity":"","overlay-gradient":""},"mobile":{"background-color":"var(--ast-global-color-5)","background-image":"","background-repeat":"repeat","background-position":"center center","background-size":"auto","background-attachment":"scroll","background-type":"","background-media":"","overlay-type":"","overlay-color":"","overlay-opacity":"","overlay-gradient":""}},"_joinchat":{"telephone":"+8618077105796"}},"product_brand":[],"product_cat":[67,64,140,193,149,150,151,152,153,154,155,156,157,158,58],"product_tag":[209,97],"class_list":{"0":"post-3386","1":"product","2":"type-product","3":"status-publish","4":"has-post-thumbnail","6":"product_cat-30000-puff","7":"product_cat-bangbox-vape","8":"product_cat-big-puffs-disposable-vapes","9":"product_cat-bood-disposable-vapes","10":"product_cat-buy-disposable-vapes-in-austria","11":"product_cat-buy-disposable-vapes-in-belgium","12":"product_cat-buy-disposable-vapes-in-france","13":"product_cat-buy-disposable-vapes-in-cermany","14":"product_cat-buy-disposable-vapes-in-italy","15":"product_cat-buy-disposable-vapes-in-netherlands","16":"product_cat-buy-disposable-vapes-in-norway","17":"product_cat-buy-disposable-vapes-in-poland","18":"product_cat-buy-disposable-vapes-in-portugal","19":"product_cat-buy-disposable-vapes-in-spain","20":"product_cat-fumot-vape","21":"product_tag-bood-infinity-30k-puffs","22":"product_tag-hot-sale-disposable-vape","23":"desktop-align-left","24":"tablet-align-left","25":"mobile-align-left","27":"first","28":"instock","29":"sale","30":"shipping-taxable","31":"purchasable","32":"product-type-simple"},"acf":[],"uagb_featured_image_src":{"full":["https:\/\/vapestornado.com\/wp-content\/uploads\/2024\/12\/bood-infinity-30k-blue-razz-ice-cheap-price.jpg",800,800,false],"thumbnail":["https:\/\/vapestornado.com\/wp-content\/uploads\/2024\/12\/bood-infinity-30k-blue-razz-ice-cheap-price-150x150.jpg",150,150,true],"medium":["https:\/\/vapestornado.com\/wp-content\/uploads\/2024\/12\/bood-infinity-30k-blue-razz-ice-cheap-price-300x300.jpg",300,300,true],"medium_large":["https:\/\/vapestornado.com\/wp-content\/uploads\/2024\/12\/bood-infinity-30k-blue-razz-ice-cheap-price-768x768.jpg",768,768,true],"large":["https:\/\/vapestornado.com\/wp-content\/uploads\/2024\/12\/bood-infinity-30k-blue-razz-ice-cheap-price.jpg",800,800,false],"1536x1536":["https:\/\/vapestornado.com\/wp-content\/uploads\/2024\/12\/bood-infinity-30k-blue-razz-ice-cheap-price.jpg",800,800,false],"2048x2048":["https:\/\/vapestornado.com\/wp-content\/uploads\/2024\/12\/bood-infinity-30k-blue-razz-ice-cheap-price.jpg",800,800,false],"trp-custom-language-flag":["https:\/\/vapestornado.com\/wp-content\/uploads\/2024\/12\/bood-infinity-30k-blue-razz-ice-cheap-price.jpg",12,12,false],"woocommerce_thumbnail":["https:\/\/vapestornado.com\/wp-content\/uploads\/2024\/12\/bood-infinity-30k-blue-razz-ice-cheap-price-300x300.jpg",300,300,true],"woocommerce_single":["https:\/\/vapestornado.com\/wp-content\/uploads\/2024\/12\/bood-infinity-30k-blue-razz-ice-cheap-price-600x600.jpg",600,600,true],"woocommerce_gallery_thumbnail":["https:\/\/vapestornado.com\/wp-content\/uploads\/2024\/12\/bood-infinity-30k-blue-razz-ice-cheap-price-100x100.jpg",100,100,true]},"uagb_author_info":{"display_name":"ESMANDY","author_link":"https:\/\/vapestornado.com\/sk\/author\/"},"uagb_comment_info":0,"uagb_excerpt":"BOOD 30k Puffs Geek Bar Vape: Rechargeable, affordable vape with 30,000 puffs. Shop now for premium quality at the best price! [caption id=\"attachment_2951\" align=\"alignnone\" width=\"265\"] Pls Contact Mandy's WhatsApp For Discount Price\u00a0 +8618077105796[\/caption] &nbsp;","_links":{"self":[{"href":"https:\/\/vapestornado.com\/sk\/wp-json\/wp\/v2\/product\/3386","targetHints":{"allow":["GET"]}}],"collection":[{"href":"https:\/\/vapestornado.com\/sk\/wp-json\/wp\/v2\/product"}],"about":[{"href":"https:\/\/vapestornado.com\/sk\/wp-json\/wp\/v2\/types\/product"}],"replies":[{"embeddable":true,"href":"https:\/\/vapestornado.com\/sk\/wp-json\/wp\/v2\/comments?post=3386"}],"wp:featuredmedia":[{"embeddable":true,"href":"https:\/\/vapestornado.com\/sk\/wp-json\/wp\/v2\/media\/3495"}],"wp:attachment":[{"href":"https:\/\/vapestornado.com\/sk\/wp-json\/wp\/v2\/media?parent=3386"}],"wp:term":[{"taxonomy":"product_brand","embeddable":true,"href":"https:\/\/vapestornado.com\/sk\/wp-json\/wp\/v2\/product_brand?post=3386"},{"taxonomy":"product_cat","embeddable":true,"href":"https:\/\/vapestornado.com\/sk\/wp-json\/wp\/v2\/product_cat?post=3386"},{"taxonomy":"product_tag","embeddable":true,"href":"https:\/\/vapestornado.com\/sk\/wp-json\/wp\/v2\/product_tag?post=3386"}],"curies":[{"name":"wp","href":"https:\/\/api.w.org\/{rel}","templated":true}]}}