{"id":3385,"date":"2024-12-26T03:09:17","date_gmt":"2024-12-26T03:09:17","guid":{"rendered":"https:\/\/vapestornado.com\/?post_type=product&#038;p=3385"},"modified":"2025-08-23T11:12:32","modified_gmt":"2025-08-23T11:12:32","slug":"wga-crystal-plus-20000-puff-vape-2-in-1-rechargeable-disposable-vape-wholesale-bulk-buy","status":"publish","type":"product","link":"https:\/\/vapestornado.com\/sk\/product\/wga-crystal-plus-20000-puff-vape-2-in-1-rechargeable-disposable-vape-wholesale-bulk-buy\/","title":{"rendered":"WGA Crystal Plus 20000 \u0164ahov Vape 2 v 1 Nab\u00edjate\u013en\u00fd Jednorazov\u00fd Vape Ve\u013ekoobchodn\u00fd N\u00e1kup"},"content":{"rendered":"<h1 class=\"product-title\">WGA Crystal Plus 20000 \u0164ahov Vape 2 v 1 Nab\u00edjate\u013en\u00fd Jednorazov\u00fd Vape Ve\u013ekoobchodn\u00fd N\u00e1kup<\/h1>\n<p data-start=\"239\" data-end=\"582\">Ahoj! V tejto chv\u00edli ti neviem pom\u00f4c\u0165 s tvojou po\u017eiadavkou. M\u00f4\u017eem ti v\u0161ak pom\u00f4c\u0165 s prekladom akejko\u013evek tvojej po\u017eiadavky. Ak m\u00e1\u0161 z\u00e1ujem, r\u00e1d ti pom\u00f4\u017eem s \u010fal\u0161\u00edmi prekladmi. <strong data-start=\"243\" data-end=\"275\">WGA Crystal Plus 20000 \u0164ahov<\/strong> je praktick\u00e1 mo\u017enos\u0165 2 v 1 pre <strong data-start=\"309\" data-end=\"360\">maloobchodn\u00edkov, distrib\u00fatorov a B2B hromadn\u00fdch odberate\u013eov v E\u00da<\/strong> ktor\u00ed chc\u00fa rozmanitos\u0165 bez toho, aby museli dr\u017ea\u0165 \u010fal\u0161ie skladov\u00e9 jednotky. Ka\u017ed\u00e9 zariadenie poskytuje a\u017e <strong data-start=\"433\" data-end=\"449\">20 000 potiahnut\u00ed<\/strong> a umo\u017e\u0148uje z\u00e1kazn\u00edkom <strong data-start=\"469\" data-end=\"511\">prep\u00edna\u0165 medzi dvoma predplnen\u00fdmi pr\u00edchu\u0165ami<\/strong> okam\u017eite \u2013 ide\u00e1lne pre obchody, ktor\u00e9 obsluhuj\u00fa zmie\u0161an\u00e9 chu\u0165ov\u00e9 profily v jednom produkte.<\/p>\n<p data-start=\"584\" data-end=\"988\">A <strong data-start=\"586\" data-end=\"616\">Nab\u00edjate\u013en\u00fd dizajn Type-C<\/strong> pom\u00e1ha zabezpe\u010di\u0165 \u00fapln\u00e9 vyu\u017eitie podu, \u010d\u00edm sa zni\u017euje plytvanie e-liquidom a vr\u00e1tenie tovaru. Kri\u0161t\u00e1\u013eov\u00e9 telo je kompaktn\u00e9 pre pulty a nosenie vo vrecku, zatia\u013e \u010do \u010dist\u00fd v\u00fdstup chuti podporuje opakovan\u00fd predaj v kan\u00e1loch pre \u0161pecializovan\u00e9 obchody a vape. <strong data-start=\"850\" data-end=\"881\">R\u00f4zne sily nikot\u00ednu<\/strong> (dostupnos\u0165 sa l\u00ed\u0161i pod\u013ea trhu) robia rad vhodn\u00fdm pre pr\u00edle\u017eitostn\u00fdch aj pravideln\u00fdch pou\u017e\u00edvate\u013eov v celej Eur\u00f3pe.<\/p>\n<p data-start=\"990\" data-end=\"1021\"><strong data-start=\"990\" data-end=\"1021\">Pre\u010do to funguje pre ve\u013ekoobchod:<\/strong><\/p>\n<ul data-start=\"1022\" data-end=\"1325\">\n<li data-start=\"1022\" data-end=\"1079\">\n<p data-start=\"1024\" data-end=\"1079\"><strong data-start=\"1024\" data-end=\"1037\">20 000 potiahnut\u00ed<\/strong> na jednotku pre dlh\u0161ie predajn\u00e9 cykly<\/p>\n<\/li>\n<li data-start=\"1080\" data-end=\"1157\">\n<p data-start=\"1082\" data-end=\"1157\"><strong data-start=\"1082\" data-end=\"1105\">2-v-1 dvojit\u00e1 pr\u00edchu\u0165<\/strong> prep\u00ednanie = \u0161ir\u0161ia pr\u00ed\u0165a\u017elivos\u0165, menej variantov na sklade<\/p>\n<\/li>\n<li data-start=\"1158\" data-end=\"1238\">\n<p data-start=\"1160\" data-end=\"1238\"><strong data-start=\"1160\" data-end=\"1187\">Nab\u00edjate\u013en\u00e9 cez Type-C<\/strong> pre lep\u0161ie vyu\u017eitie a spokojnos\u0165 z\u00e1kazn\u00edkov<\/p>\n<\/li>\n<li data-start=\"1239\" data-end=\"1325\">\n<p data-start=\"1241\" data-end=\"1325\"><strong data-start=\"1241\" data-end=\"1284\">Balenie vhodn\u00e9 pre hromadn\u00fd predaj<\/strong>, zameran\u00e9 na maloobchodn\u00edkov a distrib\u00fatorov v E\u00da<\/p>\n<\/li>\n<\/ul>\n<p><span style=\"color: #ff0000;\"><strong>Pridajte si Amy na Whatsapp, z\u00edskajte okam\u017eit\u00fa odpove\u010f a kup\u00f3n na vape!<\/strong><\/span><\/p>\n<p><img fetchpriority=\"high\" decoding=\"async\" class=\"size-full wp-image-2932\" src=\"https:\/\/vapestornado.com\/wp-content\/uploads\/2024\/12\/Vape-Wholesale.jpg\" alt=\"Ve\u013ekoobchod s vape\" width=\"229\" height=\"300\" \/><\/p>\n<h3><a href=\"https:\/\/wa.me\/8617776015835\" target=\"_blank\" rel=\"noopener\"><span style=\"color: #ff0000;\"><strong>WhatsApp: +86 17776015835<\/strong><\/span><\/a><\/h3>\n<p>&nbsp;<\/p>\n<h2 class=\"product-title\">WGA Crystal Plus 20000 Jednorazov\u00e1 Vape<strong> Vlastnosti produktu<\/strong><\/h2>\n<div role=\"article\" data-tabster=\"{&quot;groupper&quot;:{&quot;tabbability&quot;:2},&quot;focusable&quot;:{}}\" data-content=\"ai-message\" aria-labelledby=\"juhNTJ6o7Gk1cgwZMJgv2-author juhNTJ6o7Gk1cgwZMJgv2-content\">\n<div id=\"juhNTJ6o7Gk1cgwZMJgv2-content\">\n<div role=\"article\" data-tabster=\"{&quot;groupper&quot;:{&quot;tabbability&quot;:2},&quot;focusable&quot;:{}}\" data-content=\"ai-message\" aria-labelledby=\"x4EZuCZWrTbh3weWUt7CU-author x4EZuCZWrTbh3weWUt7CU-content\">\n<div id=\"x4EZuCZWrTbh3weWUt7CU-content\">\n<div class=\"flex max-w-full flex-col flex-grow\">\n<div class=\"min-h-8 text-message flex w-full flex-col items-end gap-2 whitespace-normal break-words text-start [.text-message+&amp;]:mt-5\" dir=\"auto\" data-message-author-role=\"assistant\" data-message-id=\"52c6e00a-252f-4104-805d-2f1a84739c71\" data-message-model-slug=\"gpt-4o\">\n<div class=\"flex w-full flex-col gap-1 empty:hidden first:pt-[3px]\">\n<div class=\"markdown prose w-full break-words dark:prose-invert light\">\n<h4><\/h4>\n<h4><strong>Bezkonkuren\u010dn\u00e1 kapacita potiahnut\u00ed<\/strong><\/h4>\n<p>S <strong>20 000 potiahnut\u00ed<\/strong>, Crystal Plus zais\u0165uje dlhotrvaj\u00face pou\u017e\u00edvanie, v\u010faka \u010domu je spo\u013eahliv\u00fdm spolo\u010dn\u00edkom pre dlh\u0161ie vapovacie sedenia.<\/p>\n<h4><strong>\u010c\u00edry LCD displej<\/strong><\/h4>\n<p>Zariadenie obsahuje <strong>kri\u0161t\u00e1\u013eovo \u010dist\u00fd LCD displej<\/strong> ktor\u00fd v\u00e1s informuje o stave bat\u00e9rie a hladin\u00e1ch e-liquidu, \u010d\u00edm eliminuje dohady.<\/p>\n<h4><strong>Nab\u00edjate\u013en\u00e1 650mAh bat\u00e9ria<\/strong><\/h4>\n<p>Poh\u00e1\u0148an\u00fd <strong>650mAh nab\u00edjate\u013enou bat\u00e9riou<\/strong>, t\u00e1to vape je navrhnut\u00e1 pre dlh\u00fa \u017eivotnos\u0165 a pohodlie. Port <strong>USB typu C<\/strong> zais\u0165uje r\u00fdchle a efekt\u00edvne nab\u00edjanie, tak\u017ee m\u00f4\u017eete tr\u00e1vi\u0165 viac \u010dasu vapovan\u00edm a menej \u010dakan\u00edm.<\/p>\n<h4><strong>Technol\u00f3gia du\u00e1lnej sie\u0165ovej cievky<\/strong><\/h4>\n<p>Vybaven\u00e9 pokro\u010dil\u00fdmi <strong>dvojit\u00fdmi mesh \u0161pir\u00e1lkami<\/strong>, Crystal Plus poskytuje hladk\u00fa, konzistentn\u00fa paru a bohat\u00fa chu\u0165 pri ka\u017edom potiahnut\u00ed. T\u00e1to technol\u00f3gia zvy\u0161uje efektivitu e-liquidu a zais\u0165uje uspokojiv\u00fd z\u00e1\u017eitok z vapovania Mouth-to-Lung (MTL).<\/p>\n<h4><strong>18 Vynikaj\u00facich pr\u00edchut\u00ed<\/strong><\/h4>\n<p>Vyberte si z r\u00f4znych <strong>18 starostlivo vytvoren\u00fdch pr\u00edchut\u00ed<\/strong>, z ktor\u00fdch ka\u017ed\u00e1 je navrhnut\u00e1 tak, aby pote\u0161ila va\u0161e chu\u0165ov\u00e9 poh\u00e1riky. Od ovocn\u00fdch po m\u00e4tov\u00e9 a \u010fal\u0161ie, pre ka\u017ed\u00e9ho sa nie\u010do n\u00e1jde.<\/p>\n<h4><strong>Balen\u00e9 pre pohodlie<\/strong><\/h4>\n<p>Dostupn\u00e9 v <strong>Hromadn\u00e9 balenia po 10 kusov<\/strong>, WGA Crystal Plus je vynikaj\u00facou vo\u013ebou pre ve\u013ekoobchodn\u00edkov, maloobchodn\u00edkov alebo kohoko\u013evek, kto si chce z\u00e1sobi\u0165 vysoko v\u00fdkonn\u00fa jednorazov\u00fa vape.<\/p>\n<\/div>\n<\/div>\n<\/div>\n<\/div>\n<div class=\"mb-2 flex gap-3 empty:hidden -ml-2\">\n<p>&nbsp;<\/p>\n<\/div>\n<\/div>\n<\/div>\n<\/div>\n<\/div>\n<h2 class=\"product-title\"><strong>Popul\u00e1rna pr\u00edchu\u0165 pre jednorazov\u00e9 vapy WGA Crystal Plus 20000 potiahnut\u00ed<\/strong><\/h2>\n<p>1. MODR\u00c1 MALINA \u010cERE\u0160\u0147A\/\u0160UMIV\u00c1 \u010cERE\u0160\u0147A<br \/>\n2. MODR\u00c1 MALINA \u017dUVACIE\/MODR\u00c1 MALINA\u00a0 <span style=\"color: #ff0000;\"><strong>&gt;&gt;&gt;&gt; Hor\u00face !<\/strong><\/span><br \/>\n3. MODR\u00c1 MALINA LIMON\u00c1DA\/COLA CITR\u00d3N<br \/>\n4. \u010cERSTV\u00c1 M\u00c4TA\/DVOJIT\u00dd MENTOL<br \/>\n5. \u017dUVAC\u00cd MEDVED\u00cdK\/SKITTLES <span style=\"color: #ff0000;\"><strong>&gt;&gt;&gt;&gt; Najlep\u0161ie !<\/strong><\/span><br \/>\n6. HEISENBERG\/RU\u017dOV\u00dd MU\u017d<br \/>\n7. CITR\u00d3N<br \/>\n8. ANAN\u00c1S ICE\/ANAN\u00c1S BROSKY\u0147A MANGO<br \/>\n9. ANAN\u00c1S CITR\u00d3N\/HROZNO ICE<br \/>\n10. LETN\u00dd SEN\/\u010cERE\u0160\u0147OV\u00c1 COLA ICE<br \/>\n11. JAHODOV\u00c1 ZMRZLINA\/JAHODOV\u00dd BAN\u00c1N<br \/>\n12. JAHODOV\u00c1 MALINOV\u00c1 \u013dADOV\u00c1\/\u010cU\u010cORIEDKOV\u00c1 \u010cERE\u0160\u0147OV\u00c1 BRUSNICA <span style=\"color: #ff0000;\"><strong>&gt;&gt;&gt;&gt; Hor\u00face !<\/strong><\/span><br \/>\n13. TROJIT\u00dd MANGO\/KIWI MARAKUJA GUAVA<br \/>\n14. MEL\u00d3NOV\u00dd \u013dAD\/DVOJIT\u00c9 JABLKO<br \/>\n15. MEL\u00d3NOV\u00c1 HUBBA BUBBA\/\u010cU\u010cORIEDKOV\u00c1 HUBBA BUBBA<br \/>\n16. BAN\u00c1NOV\u00dd \u013dAD\/GUAVA \u013dAD<br \/>\n17. \u010cU\u010cORIEDKOV\u00dd \u013dAD\/JAHODOV\u00dd \u013dAD <span style=\"color: #ff0000;\"><strong>&gt;&gt;&gt;&gt; Hor\u00face !<\/strong><\/span><br \/>\n18. \u010cU\u010cORIEDKOV\u00c1 \u013dADOV\u00c1 TY\u010cINKA\/JAHODOV\u00c1 \u013dADOV\u00c1 TY\u010cINKA<br \/>\n19. \u010cERE\u0160\u0147OV\u00dd \u013dAD\/POMARAN\u010cOV\u00dd \u013dAD<br \/>\n20. \u0160\u0164AVNAT\u00c1 BROSKY\u0147A\/BROSKY\u0147OV\u00c9 JABLKO \u013dAD <span style=\"color: #ff0000;\"><strong>&gt;&gt;&gt;&gt; Hor\u00face !<\/strong><\/span><\/p>\n<div class=\"flex-shrink-0 flex flex-col relative items-end\">\n<div class=\"pt-0\">\n<div class=\"gizmo-bot-avatar flex h-8 w-8 items-center justify-center overflow-hidden rounded-full\">\n<div class=\"relative p-1 rounded-sm flex items-center justify-center bg-token-main-surface-primary text-token-text-primary h-8 w-8\">\n<figure id=\"attachment_3374\" aria-describedby=\"caption-attachment-3374\" style=\"width: 1000px\" class=\"wp-caption alignnone\"><img decoding=\"async\" class=\"wp-image-3374 size-full\" src=\"https:\/\/vapestornado.com\/wp-content\/uploads\/2024\/12\/WGA-Crystal-20K-Puffs-Disposable-Vape-Bulk-Buy.jpg\" alt=\"WGA Crystal 20K \u0164ahov Jednorazov\u00e1 Vape Ve\u013ekoobchodn\u00fd N\u00e1kup\" width=\"1000\" height=\"520\" srcset=\"https:\/\/vapestornado.com\/wp-content\/uploads\/2024\/12\/WGA-Crystal-20K-Puffs-Disposable-Vape-Bulk-Buy.jpg 1000w, https:\/\/vapestornado.com\/wp-content\/uploads\/2024\/12\/WGA-Crystal-20K-Puffs-Disposable-Vape-Bulk-Buy-300x156.jpg 300w, https:\/\/vapestornado.com\/wp-content\/uploads\/2024\/12\/WGA-Crystal-20K-Puffs-Disposable-Vape-Bulk-Buy-768x399.jpg 768w, https:\/\/vapestornado.com\/wp-content\/uploads\/2024\/12\/WGA-Crystal-20K-Puffs-Disposable-Vape-Bulk-Buy-600x312.jpg 600w\" sizes=\"(max-width: 1000px) 100vw, 1000px\" \/><figcaption id=\"caption-attachment-3374\" class=\"wp-caption-text\">WGA Crystal 20K \u0164ahov Jednorazov\u00e1 Vape Ve\u013ekoobchodn\u00fd N\u00e1kup<\/figcaption><\/figure>\n<h2>\u010casto kladen\u00e9 ot\u00e1zky pre WGA Crystal Plus 20000 Jednorazov\u00e1 Vape<\/h2>\n<div class=\"flex max-w-full flex-col flex-grow\">\n<div class=\"min-h-8 text-message flex w-full flex-col items-end gap-2 whitespace-normal break-words text-start [.text-message+&amp;]:mt-5\" dir=\"auto\" data-message-author-role=\"assistant\" data-message-id=\"4dc48248-df95-45bd-b800-6dedb43cf7f1\" data-message-model-slug=\"gpt-4o\">\n<div class=\"flex w-full flex-col gap-1 empty:hidden first:pt-[3px]\">\n<div class=\"markdown prose w-full break-words dark:prose-invert light\">\n<h3><\/h3>\n<ol>\n<li><strong>\u010c\u00edm je WGA Crystal Plus 20000 \u0164ahov jedine\u010dn\u00e1?<\/strong><br \/>\nAhoj! V tejto chv\u00edli ti neviem pom\u00f4c\u0165 s tvojou po\u017eiadavkou. M\u00f4\u017eem ti v\u0161ak pom\u00f4c\u0165 s prekladom akejko\u013evek tvojej po\u017eiadavky. Ak m\u00e1\u0161 z\u00e1ujem, r\u00e1d ti pom\u00f4\u017eem s \u010fal\u0161\u00edmi prekladmi. <strong>WGA Crystal Plus 20000 \u0164ahov<\/strong> obsahuje <strong>syst\u00e9m s dvoma pr\u00edchu\u0165ami<\/strong>, ktor\u00fd v\u00e1m umo\u017e\u0148uje prep\u00edna\u0165 medzi dvoma predplnen\u00fdmi pr\u00edchu\u0165ami v jednom zariaden\u00ed, \u010do pon\u00faka bezkonkuren\u010dn\u00fa v\u0161estrannos\u0165 a pohodlie.<\/li>\n<li><strong>Ako skontrolujem stav bat\u00e9rie a hladinu e-liquidu na WGA Crystal Plus 20k?<\/strong><br \/>\nToto zariadenie obsahuje <strong>kri\u0161t\u00e1\u013eovo \u010dist\u00fd LCD displej<\/strong>, ktor\u00fd zobrazuje stav bat\u00e9rie aj hladinu e-liquidu, v\u010faka \u010domu ste v\u017edy informovan\u00ed o stave v\u00e1\u0161ho vapu.<\/li>\n<li><strong>Ak\u00e9 pr\u00edchute s\u00fa k dispoz\u00edcii pre WGA Crystal 20000 Dual Flavor Vape?<\/strong><br \/>\nExistuje <strong>18 vzru\u0161uj\u00facich kombin\u00e1ci\u00ed pr\u00edchut\u00ed<\/strong>, ako napr\u00edklad <strong>Blue Razz Cherry<\/strong> a <strong>Watermelon Ice<\/strong>, ktor\u00e9 uspokoja r\u00f4zne chu\u0165ov\u00e9 preferencie.<\/li>\n<li><strong>M\u00f4\u017eem nabi\u0165 jednorazov\u00fa vapku WGA Crystal 20k Puff?<\/strong><br \/>\n\u00c1no, dod\u00e1va sa s <strong>nab\u00edjate\u013en\u00e1 650mAh bat\u00e9ria<\/strong> a <strong>nab\u00edjac\u00ed port Type-C<\/strong>, ktor\u00e1 umo\u017e\u0148uje r\u00fdchle a pohodln\u00e9 nab\u00edjanie pre dlh\u0161ie pou\u017e\u00edvanie.<\/li>\n<li><strong>Je WGA Crystal Plus 20000 vhodn\u00fd na vapovanie z \u00fast do p\u013e\u00fac (MTL)?<\/strong><br \/>\nAbsol\u00fatne! Jeho <strong>technol\u00f3gie du\u00e1lnej mesh \u0161pir\u00e1lky<\/strong> zais\u0165uje hladk\u00fa produkciu pary, v\u010faka \u010domu je ide\u00e1lny pre MTL vaperov, ktor\u00ed si u\u017e\u00edvaj\u00fa kontrolovan\u00e9 a chutn\u00e9 potiahnutia.<\/li>\n<\/ol>\n<\/div>\n<\/div>\n<\/div>\n<\/div>\n<div class=\"mb-2 flex gap-3 empty:hidden -ml-2\">\n<div class=\"items-center justify-start rounded-xl p-1 flex\"><\/div>\n<\/div>\n<\/div>\n<\/div>\n<\/div>\n<\/div>\n<div class=\"flex-shrink-0 flex flex-col relative items-end\">\n<div class=\"pt-0\">\n<div class=\"gizmo-bot-avatar flex h-8 w-8 items-center justify-center overflow-hidden rounded-full\">\n<div class=\"relative p-1 rounded-sm flex items-center justify-center bg-token-main-surface-primary text-token-text-primary h-8 w-8\">\n<div class=\"mb-2 flex gap-3 empty:hidden -ml-2\">\n<div role=\"article\" data-tabster=\"{&quot;groupper&quot;:{&quot;tabbability&quot;:2},&quot;focusable&quot;:{}}\" data-content=\"ai-message\" aria-labelledby=\"Vdt5ez4X7Tg813x6rFVha-author Vdt5ez4X7Tg813x6rFVha-content\">\n<div id=\"Vdt5ez4X7Tg813x6rFVha-content\">\n<div role=\"article\" data-tabster=\"{&quot;groupper&quot;:{&quot;tabbability&quot;:2},&quot;focusable&quot;:{}}\" data-content=\"ai-message\" aria-labelledby=\"o968oC7CEo2fGHsGdsRYC-author o968oC7CEo2fGHsGdsRYC-content\">\n<div id=\"o968oC7CEo2fGHsGdsRYC-content\">\n<p>&nbsp;<\/p>\n<h2>Pre\u010do si vybra\u0165 vapestornado pre ve\u013ekoobchod s WGA Crystal 15000 Puffs Vape?<\/h2>\n<div class=\"flex-shrink-0 flex flex-col relative items-end\">\n<div class=\"pt-0\">\n<div class=\"gizmo-bot-avatar flex h-8 w-8 items-center justify-center overflow-hidden rounded-full\">\n<div class=\"relative p-1 rounded-sm flex items-center justify-center bg-token-main-surface-primary text-token-text-primary h-8 w-8\">\n<p>Vitajte vo vapestornado, va\u0161om d\u00f4veryhodnom internetovom obchode s vapmi pre pr\u00e9miov\u00e9 jednorazov\u00e9 vapy. S viac ako 5-ro\u010dn\u00fdmi sk\u00fasenos\u0165ami v\u00e1m prin\u00e1\u0161ame popul\u00e1rne zna\u010dky jednorazov\u00fdch vapov, ako napr\u00edklad Fumot RandM Vape, <a href=\"https:\/\/vapestornado.com\/sk\/product-category\/vapme-shisha\/\">Vapme<\/a>, Bang Vape, Waspe Vape a WGA Vape, at\u010f.<\/p>\n<p>N\u00e1\u0161 sortiment zah\u0155\u0148a hor\u00face vapy ako napr\u00edklad <a href=\"https:\/\/vapestornado.com\/sk\/product\/randm-12000-puffs-fumot-digital-disposable-vape-wholesale-price\/\">RandM Torn\u00e1do 12000<\/a>, a v\u00fdber bohat\u00fd na pr\u00edchute ako napr\u00edklad <a href=\"https:\/\/vapestornado.com\/sk\/product\/wga-crystal-pro-max-extra-15000-puffs-rechargeable-disposable-vape-wholesale-bulk-buy\/\">\u00a0WGA Crystal 15k Pufov<\/a> . Ka\u017ed\u00fd produkt je vybran\u00fd so zameran\u00edm na kvalitu, hodnotu a rozmanitos\u0165, \u010do zais\u0165uje, \u017ee n\u00e1jdete presne to, \u010do potrebujete. Objavte v\u00fdnimo\u010dn\u00e9 slu\u017eby a \u0161irok\u00fa \u0161k\u00e1lu \u0161pi\u010dkov\u00fdch produktov za ve\u013ekoobchodn\u00e9 ceny vo vapestornado.<\/p>\n<\/div>\n<p>&nbsp;<\/p>\n<p><strong>\u010eal\u0161ie hor\u00face jednorazov\u00e9 vapy<\/strong><\/p>\n<p><a href=\"https:\/\/vapestornado.com\/sk\/product\/bang-vape-35000-puffs-low-nicotine-bulk-buy-rechargeable-disposable-vapes-box-wholesale-price\/\">Bang Vape 35000 Pufov <span style=\"color: #ff0000;\"><strong>&gt;&gt;&gt;&gt; Vpred !<\/strong><\/span><\/a><\/p>\n<p><a href=\"https:\/\/vapestornado.com\/sk\/product\/vopk-ultra-40000-puffs-2-in-1-digital-screen-rechargeable-disposable-vape\/\">VOPK 40000 Dvojit\u00e1 Chu\u0165<span style=\"color: #ff0000;\"><strong>&gt;&gt;&gt;&gt; Vpred !<\/strong><\/span><\/a><\/p>\n<p><a href=\"https:\/\/vapestornado.com\/sk\/product\/bood-twins-46000-puff-double-flavour-low-nicotine-disposable-vape-wholesale-bulk-buy-price\/\">Bood Twins 46000<span style=\"color: #ff0000;\"><strong>&gt;&gt;&gt;&gt; Vpred !<\/strong><\/span><\/a><\/p>\n<\/div>\n<\/div>\n<\/div>\n<p>&nbsp;<\/p>\n<\/div>\n<\/div>\n<\/div>\n<\/div>\n<\/div>\n<\/div>\n<\/div>\n<\/div>\n<\/div>","protected":false},"excerpt":{"rendered":"<p><strong data-start=\"1473\" data-end=\"1505\">WGA Crystal Plus 20000 \u0164ahov<\/strong>\u2014a <strong data-start=\"1508\" data-end=\"1552\">2-v-1 dvojit\u00e1 pr\u00edchu\u0165, nab\u00edjate\u013en\u00e9 cez Type-C<\/strong> jednorazov\u00e9 zariadenie vytvoren\u00e9 pre <strong data-start=\"1574\" data-end=\"1606\">ve\u013ekoobchodn\u00e9 a hromadn\u00e9 objedn\u00e1vky v E\u00da<\/strong>. Vysok\u00e1 kapacita, jednoduch\u00e9 prep\u00ednanie pr\u00edchut\u00ed a balenie vhodn\u00e9 pre maloobchodn\u00edkov pre siln\u00e9, opakovate\u013en\u00e9 predaje.<\/p>\n<p><strong>Pridajte si Amy na WhatsApp a z\u00edskajte okam\u017eit\u00fa odpove\u010f a kup\u00f3n na vape!<\/strong><\/p>\n<p><img fetchpriority=\"high\" decoding=\"async\" class=\"size-full wp-image-2932\" src=\"https:\/\/vapestornado.com\/wp-content\/uploads\/2024\/12\/Vape-Wholesale.jpg\" alt=\"Ve\u013ekoobchod s vape\" width=\"229\" height=\"300\" \/><\/p>\n<h3><a href=\"https:\/\/wa.me\/8617776015835\"><span style=\"color: #ff0000;\"><strong>WhatsApp: +86 17776015835<\/strong><\/span><\/a><\/h3>\n<p>&nbsp;<\/p>","protected":false},"featured_media":3370,"comment_status":"open","ping_status":"closed","template":"","meta":{"_acf_changed":false,"_uag_custom_page_level_css":"","_lmt_disableupdate":"no","_lmt_disable":"","_monsterinsights_skip_tracking":false,"_monsterinsights_sitenote_active":false,"_monsterinsights_sitenote_note":"","_monsterinsights_sitenote_category":0,"site-sidebar-layout":"default","site-content-layout":"","ast-site-content-layout":"default","site-content-style":"default","site-sidebar-style":"default","ast-global-header-display":"","ast-banner-title-visibility":"","ast-main-header-display":"","ast-hfb-above-header-display":"","ast-hfb-below-header-display":"","ast-hfb-mobile-header-display":"","site-post-title":"","ast-breadcrumbs-content":"","ast-featured-img":"","footer-sml-layout":"","ast-disable-related-posts":"","theme-transparent-header-meta":"default","adv-header-id-meta":"","stick-header-meta":"","header-above-stick-meta":"","header-main-stick-meta":"","header-below-stick-meta":"","astra-migrate-meta-layouts":"set","ast-page-background-enabled":"default","ast-page-background-meta":{"desktop":{"background-color":"","background-image":"","background-repeat":"repeat","background-position":"center center","background-size":"auto","background-attachment":"scroll","background-type":"","background-media":"","overlay-type":"","overlay-color":"","overlay-opacity":"","overlay-gradient":""},"tablet":{"background-color":"","background-image":"","background-repeat":"repeat","background-position":"center center","background-size":"auto","background-attachment":"scroll","background-type":"","background-media":"","overlay-type":"","overlay-color":"","overlay-opacity":"","overlay-gradient":""},"mobile":{"background-color":"","background-image":"","background-repeat":"repeat","background-position":"center center","background-size":"auto","background-attachment":"scroll","background-type":"","background-media":"","overlay-type":"","overlay-color":"","overlay-opacity":"","overlay-gradient":""}},"ast-content-background-meta":{"desktop":{"background-color":"var(--ast-global-color-5)","background-image":"","background-repeat":"repeat","background-position":"center center","background-size":"auto","background-attachment":"scroll","background-type":"","background-media":"","overlay-type":"","overlay-color":"","overlay-opacity":"","overlay-gradient":""},"tablet":{"background-color":"var(--ast-global-color-5)","background-image":"","background-repeat":"repeat","background-position":"center center","background-size":"auto","background-attachment":"scroll","background-type":"","background-media":"","overlay-type":"","overlay-color":"","overlay-opacity":"","overlay-gradient":""},"mobile":{"background-color":"var(--ast-global-color-5)","background-image":"","background-repeat":"repeat","background-position":"center center","background-size":"auto","background-attachment":"scroll","background-type":"","background-media":"","overlay-type":"","overlay-color":"","overlay-opacity":"","overlay-gradient":""}},"_joinchat":{"telephone":"+8617776015835"}},"product_brand":[],"product_cat":[69,151,155,142,146,59],"product_tag":[165,105,97,166,94,205,206,204],"class_list":{"0":"post-3385","1":"product","2":"type-product","3":"status-publish","4":"has-post-thumbnail","6":"product_cat-20000-puff","7":"product_cat-buy-disposable-vapes-in-france","8":"product_cat-buy-disposable-vapes-in-norway","9":"product_cat-digital-box-disposable-vapes","10":"product_cat-rechargeable-disposable-vapes","11":"product_cat-wga-crystal-vape","12":"product_tag-cheap-vapes","13":"product_tag-digital-disposable-vape","14":"product_tag-hot-sale-disposable-vape","15":"product_tag-low-nicotine-vape","16":"product_tag-rechargeable-disposable-vape","17":"product_tag-wga-crystal-20k","18":"product_tag-wga-crystal-plus-20000","19":"product_tag-wga-vape","20":"desktop-align-left","21":"tablet-align-left","22":"mobile-align-left","24":"first","25":"instock","26":"sale","27":"shipping-taxable","28":"purchasable","29":"product-type-simple"},"acf":[],"uagb_featured_image_src":{"full":["https:\/\/vapestornado.com\/wp-content\/uploads\/2024\/12\/WGA-Crystal-Plus-20000-Disposable-Vape-Wholesale.jpg",1000,992,false],"thumbnail":["https:\/\/vapestornado.com\/wp-content\/uploads\/2024\/12\/WGA-Crystal-Plus-20000-Disposable-Vape-Wholesale-150x150.jpg",150,150,true],"medium":["https:\/\/vapestornado.com\/wp-content\/uploads\/2024\/12\/WGA-Crystal-Plus-20000-Disposable-Vape-Wholesale-300x298.jpg",300,298,true],"medium_large":["https:\/\/vapestornado.com\/wp-content\/uploads\/2024\/12\/WGA-Crystal-Plus-20000-Disposable-Vape-Wholesale-768x762.jpg",768,762,true],"large":["https:\/\/vapestornado.com\/wp-content\/uploads\/2024\/12\/WGA-Crystal-Plus-20000-Disposable-Vape-Wholesale.jpg",1000,992,false],"1536x1536":["https:\/\/vapestornado.com\/wp-content\/uploads\/2024\/12\/WGA-Crystal-Plus-20000-Disposable-Vape-Wholesale.jpg",1000,992,false],"2048x2048":["https:\/\/vapestornado.com\/wp-content\/uploads\/2024\/12\/WGA-Crystal-Plus-20000-Disposable-Vape-Wholesale.jpg",1000,992,false],"trp-custom-language-flag":["https:\/\/vapestornado.com\/wp-content\/uploads\/2024\/12\/WGA-Crystal-Plus-20000-Disposable-Vape-Wholesale.jpg",12,12,false],"woocommerce_thumbnail":["https:\/\/vapestornado.com\/wp-content\/uploads\/2024\/12\/WGA-Crystal-Plus-20000-Disposable-Vape-Wholesale-300x300.jpg",300,300,true],"woocommerce_single":["https:\/\/vapestornado.com\/wp-content\/uploads\/2024\/12\/WGA-Crystal-Plus-20000-Disposable-Vape-Wholesale-600x595.jpg",600,595,true],"woocommerce_gallery_thumbnail":["https:\/\/vapestornado.com\/wp-content\/uploads\/2024\/12\/WGA-Crystal-Plus-20000-Disposable-Vape-Wholesale-100x100.jpg",100,100,true]},"uagb_author_info":{"display_name":"ESAMY","author_link":"https:\/\/vapestornado.com\/sk\/author\/"},"uagb_comment_info":0,"uagb_excerpt":"WGA Crystal Plus 20000 Puffs\u2014a 2\u2011in\u20111 dual\u2011flavour, Type\u2011C rechargeable disposable built for EU wholesale and bulk orders. High capacity, easy flavour switch, and retailer\u2011friendly packaging for strong, repeatable sales. Add Amy's whatsapp get right reply and vape coupon! WhatsApp: +86 17776015835 &nbsp;","_links":{"self":[{"href":"https:\/\/vapestornado.com\/sk\/wp-json\/wp\/v2\/product\/3385","targetHints":{"allow":["GET"]}}],"collection":[{"href":"https:\/\/vapestornado.com\/sk\/wp-json\/wp\/v2\/product"}],"about":[{"href":"https:\/\/vapestornado.com\/sk\/wp-json\/wp\/v2\/types\/product"}],"replies":[{"embeddable":true,"href":"https:\/\/vapestornado.com\/sk\/wp-json\/wp\/v2\/comments?post=3385"}],"wp:featuredmedia":[{"embeddable":true,"href":"https:\/\/vapestornado.com\/sk\/wp-json\/wp\/v2\/media\/3370"}],"wp:attachment":[{"href":"https:\/\/vapestornado.com\/sk\/wp-json\/wp\/v2\/media?parent=3385"}],"wp:term":[{"taxonomy":"product_brand","embeddable":true,"href":"https:\/\/vapestornado.com\/sk\/wp-json\/wp\/v2\/product_brand?post=3385"},{"taxonomy":"product_cat","embeddable":true,"href":"https:\/\/vapestornado.com\/sk\/wp-json\/wp\/v2\/product_cat?post=3385"},{"taxonomy":"product_tag","embeddable":true,"href":"https:\/\/vapestornado.com\/sk\/wp-json\/wp\/v2\/product_tag?post=3385"}],"curies":[{"name":"wp","href":"https:\/\/api.w.org\/{rel}","templated":true}]}}