{"id":3383,"date":"2024-12-26T02:33:15","date_gmt":"2024-12-26T02:33:15","guid":{"rendered":"https:\/\/vapestornado.com\/?post_type=product&#038;p=3383"},"modified":"2025-12-09T09:06:34","modified_gmt":"2025-12-09T09:06:34","slug":"wga-crystal-pro-max-extra-15000-puffs-rechargeable-disposable-vape-wholesale-bulk-buy","status":"publish","type":"product","link":"https:\/\/vapestornado.com\/sk\/product\/wga-crystal-pro-max-extra-15000-puffs-rechargeable-disposable-vape-wholesale-bulk-buy\/","title":{"rendered":"WGA Crystal Pro Max Extra 15000 \u0164ahov Nab\u00edjate\u013en\u00e1 Jednorazov\u00e1 Vape Ve\u013ekoobchodn\u00fd Hromadn\u00fd N\u00e1kup"},"content":{"rendered":"<h1 class=\"product-title\">WGA Crystal Pro Max Extra 15000 Pufov Jednorazov\u00e1 vaporiz\u00e9r s displejom a hladkos\u0165ou sie\u0165ovej cievky<\/h1>\n<p>WGA Crystal Pro Max Extra 15000 Pufov je hor\u00faci predaj dob\u00edjate\u013enej jednorazovej vaporiz\u00e9ra, ktor\u00e1 m\u00e1 kry\u0161t\u00e1lov\u00fd dizajn, 15000 pufov, stabilitu chuti v\u010faka sie\u0165ovej cievke a r\u00fdchle nab\u00edjanie Type-C, ur\u010den\u00e1 na plynul\u00e9 ka\u017edodenn\u00e9 vapovanie s nikot\u00ednom 2% a 5%.<\/p>\n<p data-start=\"904\" data-end=\"1140\"><strong data-start=\"904\" data-end=\"938\">Vyv\u00e1\u017een\u00fd v\u00fdkon na dlh\u00e9 pou\u017eitie.<\/strong> Ahoj! V tejto chv\u00edli ti neviem pom\u00f4c\u0165 s tvojou po\u017eiadavkou. M\u00f4\u017eem ti v\u0161ak pom\u00f4c\u0165 s prekladom akejko\u013evek tvojej po\u017eiadavky. Ak m\u00e1\u0161 z\u00e1ujem, r\u00e1d ti pom\u00f4\u017eem s \u010fal\u0161\u00edmi prekladmi. <strong data-start=\"943\" data-end=\"1013\">WGA Crystal Pro Max Extra 15000 Pufov dob\u00edjate\u013en\u00e1 jednorazov\u00e1 vaporiz\u00e9r<\/strong> je navrhnut\u00e1 pre be\u017en\u00fdch pou\u017e\u00edvate\u013eov, ktor\u00ed chc\u00fa zariadenie, ktor\u00e9 vydr\u017e\u00ed dlh\u0161ie ako \u0161tandardn\u00e9 jednorazov\u00e9, bez toho, aby bolo objemn\u00e9 v vrecku.<\/p>\n<p data-start=\"1144\" data-end=\"1344\"><strong data-start=\"1144\" data-end=\"1181\">V\u0161imnite si konzistenciu sie\u0165ovej cievky.<\/strong> Ahoj! V tejto chv\u00edli ti neviem pom\u00f4c\u0165 s tvojou po\u017eiadavkou. M\u00f4\u017eem ti v\u0161ak pom\u00f4c\u0165 s prekladom akejko\u013evek tvojej po\u017eiadavky. Ak m\u00e1\u0161 z\u00e1ujem, r\u00e1d ti pom\u00f4\u017eem s \u010fal\u0161\u00edmi prekladmi. <strong data-start=\"1186\" data-end=\"1236\">WGA 15K sie\u0165ov\u00e1 cievka na jednorazov\u00e9 vaporiz\u00e9ry<\/strong> zabezpe\u010duje rovnomern\u00e9 zahrievanie, \u010do znamen\u00e1 hlad\u0161ie \u0165ahy a menej drsn\u00fdch z\u00e1vere\u010dn\u00fdch \u0165ahov, ke\u010f po\u010det pufov st\u00fapa.<\/p>\n<p data-start=\"1348\" data-end=\"1566\"><strong data-start=\"1348\" data-end=\"1382\">Eur\u00f3psky priate\u013esk\u00e1 sila nikot\u00ednu.<\/strong> S pevnou <strong data-start=\"1396\" data-end=\"1427\">2% a 5% nikot\u00ednovou jednorazovou vaporiz\u00e9rou<\/strong> nastaven\u00edm, \u0165ah zost\u00e1va \u013eahk\u00fd a\u017e stredn\u00fd a predv\u00eddate\u013en\u00fd\u2014ob\u013e\u00faben\u00fd na trhoch ako <strong data-start=\"1510\" data-end=\"1565\">Slovensko, \u010cesko, Ma\u010farsko, Po\u013esko, a \u010fal\u0161ie eur\u00f3pske krajiny<\/strong>.<\/p>\n<p data-start=\"1570\" data-end=\"1784\"><strong data-start=\"1570\" data-end=\"1616\">R\u00fdchle nab\u00edjanie s ka\u017edodennou kompatibilitou.<\/strong> Ahoj! V tejto chv\u00edli ti neviem pom\u00f4c\u0165 s tvojou po\u017eiadavkou. M\u00f4\u017eem ti v\u0161ak pom\u00f4c\u0165 s prekladom akejko\u013evek tvojej po\u017eiadavky. Ak m\u00e1\u0161 z\u00e1ujem, r\u00e1d ti pom\u00f4\u017eem s \u010fal\u0161\u00edmi prekladmi. <strong data-start=\"1621\" data-end=\"1676\">Type-C dob\u00edjate\u013en\u00e1 WGA Crystal Pro Max Extra 15000<\/strong> udr\u017eiava n\u00edzku dobu ne\u010dinnosti pomocou modern\u00fdch eur\u00f3pskych k\u00e1blov, ktor\u00e9 u\u017e vlastn\u00edte, \u010do je praktick\u00e9 na cestovanie alebo dlh\u00e9 pracovn\u00e9 dni.<\/p>\n<p data-start=\"1788\" data-end=\"1988\"><strong data-start=\"1788\" data-end=\"1823\">\u010cist\u00fd dizajn, ktor\u00fd sa pred\u00e1va s\u00e1m.<\/strong> Telo v \u0161t\u00fdle kry\u0161t\u00e1lu dod\u00e1va <strong data-start=\"1857\" data-end=\"1895\">WGA Crystal 15K vaporiz\u00e9r<\/strong> pr\u00e9miov\u00fd vzh\u013ead, ktor\u00fd dobre vyzer\u00e1 v maloobchodn\u00fdch displejoch a dobre sa dr\u017e\u00ed v ruke na denn\u00e9 nosenie.<\/p>\n<p><span style=\"color: #ff0000;\"><strong>Pridajte si Amy na Whatsapp, z\u00edskajte okam\u017eit\u00fa odpove\u010f a kup\u00f3n na vape!<\/strong><\/span><\/p>\n<p><img fetchpriority=\"high\" decoding=\"async\" class=\"size-full wp-image-2932\" src=\"https:\/\/vapestornado.com\/wp-content\/uploads\/2024\/12\/Vape-Wholesale.jpg\" alt=\"Ve\u013ekoobchod s vape\" width=\"229\" height=\"300\" \/><\/p>\n<h3><a href=\"https:\/\/wa.me\/8617776015835\" target=\"_blank\" rel=\"noopener\"><span style=\"color: #ff0000;\"><strong>WhatsApp: +86 17776015835<\/strong><\/span><\/a><\/h3>\n<p>&nbsp;<\/p>\n<h2 class=\"product-title\">WGA Crystal 15k jednorazov\u00e1 e-cigareta<strong> Vlastnosti produktu<\/strong><\/h2>\n<div role=\"article\" data-tabster=\"{&quot;groupper&quot;:{&quot;tabbability&quot;:2},&quot;focusable&quot;:{}}\" data-content=\"ai-message\" aria-labelledby=\"juhNTJ6o7Gk1cgwZMJgv2-author juhNTJ6o7Gk1cgwZMJgv2-content\">\n<div id=\"juhNTJ6o7Gk1cgwZMJgv2-content\">\n<div role=\"article\" data-tabster=\"{&quot;groupper&quot;:{&quot;tabbability&quot;:2},&quot;focusable&quot;:{}}\" data-content=\"ai-message\" aria-labelledby=\"x4EZuCZWrTbh3weWUt7CU-author x4EZuCZWrTbh3weWUt7CU-content\">\n<div id=\"x4EZuCZWrTbh3weWUt7CU-content\">\n<div class=\"flex max-w-full flex-col flex-grow\">\n<div class=\"min-h-8 text-message flex w-full flex-col items-end gap-2 whitespace-normal break-words text-start [.text-message+&amp;]:mt-5\" dir=\"auto\" data-message-author-role=\"assistant\" data-message-id=\"52c6e00a-252f-4104-805d-2f1a84739c71\" data-message-model-slug=\"gpt-4o\">\n<div class=\"flex w-full flex-col gap-1 empty:hidden first:pt-[3px]\">\n<div class=\"markdown prose w-full break-words dark:prose-invert light\"><\/div>\n<\/div>\n<\/div>\n<\/div>\n<div class=\"mb-2 flex gap-3 empty:hidden -ml-2\">\n<table>\n<thead>\n<tr>\n<th>Funkcia<\/th>\n<th>\u0160pecifik\u00e1cia<\/th>\n<th>Detaily<\/th>\n<\/tr>\n<\/thead>\n<tbody>\n<tr>\n<td>N\u00e1zov produktu<\/td>\n<td>WGA Crystal Pro Max Extra 15000<\/td>\n<td>Pr\u00e9miov\u00fd dob\u00edjate\u013en\u00fd jednorazov\u00fd vaporiz\u00e9r.<\/td>\n<\/tr>\n<tr>\n<td>Kapacita \u0165ahov<\/td>\n<td>A\u017e 15 000 potiahnut\u00ed<\/td>\n<td>Pred\u013a\u017een\u00e1 \u017eivotnos\u0165 pre be\u017en\u00e9 denn\u00e9 pou\u017e\u00edvanie.<\/td>\n<\/tr>\n<tr>\n<td>Typ \u0160pir\u00e1lky<\/td>\n<td>Mesh cievka<\/td>\n<td>Rovnomern\u00e9 zahrievanie pre hladk\u00fd par a stabiln\u00fa chu\u0165.<\/td>\n<\/tr>\n<tr>\n<td>Sila nikot\u00ednu<\/td>\n<td>2% so\u013en\u00e1 nikot\u00ednov\u00e1 n\u00e1pl\u0148<\/td>\n<td>Stredne siln\u00fd \u0165ah zladen\u00fd s preferenciami E\u00da.<\/td>\n<\/tr>\n<tr>\n<td>Nab\u00edjanie<\/td>\n<td>r\u00fdchle nab\u00edjanie Type-C<\/td>\n<td>R\u00fdchle nab\u00edjanie pomocou be\u017en\u00fdch modern\u00fdch k\u00e1blov.<\/td>\n<\/tr>\n<tr>\n<td>Bat\u00e9ria<\/td>\n<td>Dlh\u00e1 \u017eivotnos\u0165 dob\u00edjate\u013enej bat\u00e9rie<\/td>\n<td>Navrhnut\u00e9 na pln\u00e9 vyu\u017eitie zariadenia; nab\u00edjajte pod\u013ea potreby.<\/td>\n<\/tr>\n<tr>\n<td>Dizajn tela<\/td>\n<td>Prieh\u013eadn\u00e1 \u0161krupina v \u0161t\u00fdle Crystal<\/td>\n<td>Elegantn\u00fd, modern\u00fd vzh\u013ead; \u013eahk\u00e9 na pren\u00e1\u0161anie a vystavenie.<\/td>\n<\/tr>\n<tr>\n<td>Cie\u013eov\u00e9 pou\u017eitie<\/td>\n<td>Jednorazov\u00e9, vysoko \u017eiadan\u00e9 maloobchodn\u00e9 \/ ve\u013ekoobchodn\u00e9 produkty v E\u00da<\/td>\n<td>Jednoduch\u00e1 obsluha s pr\u00e9miov\u00fdm pocitom.<\/td>\n<\/tr>\n<\/tbody>\n<\/table>\n<\/div>\n<\/div>\n<\/div>\n<\/div>\n<\/div>\n<h2><\/h2>\n<h2 class=\"product-title\"><strong>Ob\u013e\u00faben\u00e1 pr\u00edchu\u0165 pre jednorazov\u00e9 vapky WGA Crystal 15000 Puffs<\/strong><\/h2>\n<p>1. Mel\u00f3nov\u00fd \u013ead<span style=\"color: #ff0000;\"> <strong>&gt;&gt;&gt;&gt; Hor\u00face!<\/strong><\/span><br \/>\n2. \u010cu\u010doriedka Malina <span style=\"color: #ff0000;\"><strong>&gt;&gt;&gt;&gt; Hor\u00face!<\/strong><\/span><br \/>\n3.\u0160umiv\u00e1 \u010dere\u0161\u0148a<br \/>\n4.Gumov\u00fd medved\u00edk<br \/>\n5.Citr\u00f3nov\u00e1 Limetka<br \/>\n6.Jahoda s \u013eadom<br \/>\n7.\u010cu\u010doriedka kysl\u00e1 malina <span style=\"color: #ff0000;\"><strong>&gt;&gt;&gt;&gt; Hor\u00face!<\/strong><\/span><br \/>\n8.Modr\u00e1 Razz \u013ead<br \/>\n9.P\u00e1n Modr\u00fd<br \/>\n10. Skittles<br \/>\n11. \u010cu\u010doriedka, \u010dere\u0161\u0148a, brusnica<br \/>\n12.\u0160\u0165avnat\u00e1 brosky\u0148a<br \/>\n13.Jahoda malina \u010dere\u0161\u0148a \u013ead <span style=\"color: #ff0000;\"><strong>&gt;&gt;&gt;&gt; Najlep\u0161ie!<\/strong><\/span><br \/>\n14. Hubba Bubba<br \/>\n15.Ostru\u017eina \u010du\u010doriedka malina<br \/>\n16.Jahodov\u00fd nanuk<br \/>\n17.\u010cu\u010doriedkov\u00fd nanuk<br \/>\n18.Prime Jahoda vodn\u00fd mel\u00f3n<br \/>\n19.Jahoda \u010dere\u0161\u0148a \u017euva\u010dka<br \/>\n20.Malina \u010dere\u0161\u0148a \u013ead <span style=\"color: #ff0000;\"><strong>&gt;&gt;&gt;&gt; Hor\u00face!<\/strong><\/span><br \/>\n21.Anan\u00e1sov\u00fd \u013ead<br \/>\n22.Letn\u00fd sen<br \/>\n23. Wga Ru\u017eov\u00e1<br \/>\n24.Svie\u017ea m\u00e4ta<br \/>\n25.Dvojit\u00e9 jablko<br \/>\n26.Trojit\u00e9 mango<br \/>\n27.\u013dadov\u00fd \u010dierny drak<br \/>\n28.\u013dadov\u00e1 kola<br \/>\n29.Anan\u00e1s a citr\u00f3n <span style=\"color: #ff0000;\"><strong>&gt;&gt;&gt;&gt; Hor\u00face!<\/strong><\/span><br \/>\n30.P\u00e1n Black<br \/>\n31.Kiwi, marakuja a guava<\/p>\n<div class=\"flex-shrink-0 flex flex-col relative items-end\">\n<div class=\"pt-0\">\n<div class=\"gizmo-bot-avatar flex h-8 w-8 items-center justify-center overflow-hidden rounded-full\">\n<div class=\"relative p-1 rounded-sm flex items-center justify-center bg-token-main-surface-primary text-token-text-primary h-8 w-8\">\n<figure id=\"attachment_3375\" aria-describedby=\"caption-attachment-3375\" style=\"width: 1000px\" class=\"wp-caption alignnone\"><img decoding=\"async\" class=\"wp-image-3375 size-full\" src=\"https:\/\/vapestornado.com\/wp-content\/uploads\/2024\/12\/WGA-Crystal-15k-Disposable-Vape.jpg\" alt=\"WGA Crystal 15k jednorazov\u00e1 e-cigareta\" width=\"1000\" height=\"1000\" srcset=\"https:\/\/vapestornado.com\/wp-content\/uploads\/2024\/12\/WGA-Crystal-15k-Disposable-Vape.jpg 1000w, https:\/\/vapestornado.com\/wp-content\/uploads\/2024\/12\/WGA-Crystal-15k-Disposable-Vape-300x300.jpg 300w, https:\/\/vapestornado.com\/wp-content\/uploads\/2024\/12\/WGA-Crystal-15k-Disposable-Vape-150x150.jpg 150w, https:\/\/vapestornado.com\/wp-content\/uploads\/2024\/12\/WGA-Crystal-15k-Disposable-Vape-768x768.jpg 768w, https:\/\/vapestornado.com\/wp-content\/uploads\/2024\/12\/WGA-Crystal-15k-Disposable-Vape-600x600.jpg 600w, https:\/\/vapestornado.com\/wp-content\/uploads\/2024\/12\/WGA-Crystal-15k-Disposable-Vape-100x100.jpg 100w\" sizes=\"(max-width: 1000px) 100vw, 1000px\" \/><figcaption id=\"caption-attachment-3375\" class=\"wp-caption-text\">WGA Crystal 15k jednorazov\u00e1 e-cigareta<\/figcaption><\/figure>\n<h3>\u010cast\u00e9 ot\u00e1zky pre WGA Crystal 15000 Jednorazov\u00fd vape<\/h3>\n<ol data-start=\"2830\" data-end=\"4028\">\n<li data-start=\"2830\" data-end=\"3071\">\n<p data-start=\"2833\" data-end=\"3071\"><strong data-start=\"2833\" data-end=\"2923\">Ako ovplyv\u0148uje \u0161pir\u00e1lov\u00e1 \u0161trukt\u00fara mesh coil v WGA Crystal Pro Max Extra 15000 Puffs chu\u0165 po\u010das \u010dasu?<\/strong><br data-start=\"2923\" data-end=\"2926\" \/>Mesh \u0161pir\u00e1lky sa rovnomerne zahrievaj\u00fa po celej vate, tak\u017ee chu\u0165 zost\u00e1va pln\u0161ia a hlad\u0161ia hlb\u0161ie do \u017eivotnosti zariadenia v porovnan\u00ed so \u0161tandardn\u00fdmi dr\u00f4tov\u00fdmi \u0161pir\u00e1lkami.<\/p>\n<\/li>\n<li data-start=\"3073\" data-end=\"3301\">\n<p data-start=\"3076\" data-end=\"3301\"><strong data-start=\"3076\" data-end=\"3181\">Je dob\u00edjate\u013en\u00fd jednorazov\u00fd vaporiz\u00e9r WGA Crystal Pro Max Extra 15K vhodn\u00fd na denn\u00e9 doch\u00e1dzanie a cestovanie?<\/strong><br data-start=\"3181\" data-end=\"3184\" \/>\u00c1no. Telo z kry\u0161t\u00e1lu zost\u00e1va kompaktn\u00e9 a <strong data-start=\"3225\" data-end=\"3244\">Nab\u00edjanie typu C<\/strong> umo\u017e\u0148uje jednoduch\u00e9 dobitie po\u010das dlh\u00fdch dn\u00ed mimo domova.<\/p>\n<\/li>\n<li data-start=\"3303\" data-end=\"3532\">\n<p data-start=\"3306\" data-end=\"3532\"><strong data-start=\"3306\" data-end=\"3412\">Ak\u00fd druh pocitu z pary m\u00f4\u017eu pou\u017e\u00edvatelia o\u010dak\u00e1va\u0165 od jednorazovej vape WGA Crystal Pro Max Extra 15000?<\/strong><br data-start=\"3412\" data-end=\"3415\" \/>O\u010dak\u00e1vajte hladk\u00fd, rovnomern\u00fd \u0165ah s konzistentnou hustotou pary \u2013 dizajn sie\u0165ovej cievky pom\u00e1ha vyhn\u00fa\u0165 sa ostr\u00fdm, such\u00fdm n\u00e1razom pri neskor\u0161om pou\u017e\u00edvan\u00ed.<\/p>\n<\/li>\n<li data-start=\"3534\" data-end=\"3772\">\n<p data-start=\"3537\" data-end=\"3772\"><strong data-start=\"3537\" data-end=\"3632\">Pre\u010do je nikot\u00edn 2% silnou vo\u013ebou pre verziu WGA Crystal Pro Max Extra 15000 Puffs EU?<\/strong><br data-start=\"3632\" data-end=\"3635\" \/>2% pon\u00faka kontrolovan\u00fd, mierny n\u00e1raz, ktor\u00fd vyhovuje mnoh\u00fdm pou\u017e\u00edvate\u013eom na Slovensku, ktor\u00ed preferuj\u00fa \u013eah\u0161iu denn\u00fa silu bez obetovania uspokojenia.<\/p>\n<\/li>\n<li data-start=\"3774\" data-end=\"4028\">\n<p data-start=\"3777\" data-end=\"4028\"><strong data-start=\"3777\" data-end=\"3878\">Zabra\u0148uje nab\u00edjate\u013en\u00e1 vape WGA Crystal Pro Max Extra 15000 Type-C skor\u00e9mu poklesu bat\u00e9rie?<\/strong><br data-start=\"3878\" data-end=\"3881\" \/>Nab\u00edjate\u013enos\u0165 rie\u0161i tento probl\u00e9m. Ak bat\u00e9ria klesne pred dokon\u010den\u00edm n\u00e1razov, r\u00fdchle dobitie cez Type-C udr\u017e\u00ed zariadenie v prev\u00e1dzke a\u017e do konca.<\/p>\n<\/li>\n<\/ol>\n<\/div>\n<\/div>\n<\/div>\n<\/div>\n<div class=\"flex-shrink-0 flex flex-col relative items-end\">\n<div class=\"pt-0\">\n<div class=\"gizmo-bot-avatar flex h-8 w-8 items-center justify-center overflow-hidden rounded-full\">\n<div class=\"relative p-1 rounded-sm flex items-center justify-center bg-token-main-surface-primary text-token-text-primary h-8 w-8\">\n<div class=\"mb-2 flex gap-3 empty:hidden -ml-2\">\n<div role=\"article\" data-tabster=\"{&quot;groupper&quot;:{&quot;tabbability&quot;:2},&quot;focusable&quot;:{}}\" data-content=\"ai-message\" aria-labelledby=\"Vdt5ez4X7Tg813x6rFVha-author Vdt5ez4X7Tg813x6rFVha-content\">\n<div id=\"Vdt5ez4X7Tg813x6rFVha-content\">\n<div role=\"article\" data-tabster=\"{&quot;groupper&quot;:{&quot;tabbability&quot;:2},&quot;focusable&quot;:{}}\" data-content=\"ai-message\" aria-labelledby=\"o968oC7CEo2fGHsGdsRYC-author o968oC7CEo2fGHsGdsRYC-content\">\n<div id=\"o968oC7CEo2fGHsGdsRYC-content\">\n<p>&nbsp;<\/p>\n<h3>Pre\u010do si vybra\u0165 vapestornado pre ve\u013ekoobchod s WGA Crystal 15000 Puffs Vape?<\/h3>\n<div class=\"flex-shrink-0 flex flex-col relative items-end\">\n<div class=\"pt-0\">\n<div class=\"gizmo-bot-avatar flex h-8 w-8 items-center justify-center overflow-hidden rounded-full\">\n<div class=\"relative p-1 rounded-sm flex items-center justify-center bg-token-main-surface-primary text-token-text-primary h-8 w-8\">\n<p>Vitajte vo vapestornado, va\u0161om d\u00f4veryhodnom internetovom obchode s vapmi pre pr\u00e9miov\u00e9 jednorazov\u00e9 vapy. S viac ako 5-ro\u010dn\u00fdmi sk\u00fasenos\u0165ami v\u00e1m prin\u00e1\u0161ame popul\u00e1rne zna\u010dky jednorazov\u00fdch vapov, ako napr\u00edklad Fumot RandM Vape, <a href=\"https:\/\/vapestornado.com\/sk\/product-category\/vapme-shisha\/\">Vapme<\/a>, Bang Vape, Waspe Vape a WGA Vape, at\u010f.<\/p>\n<p>N\u00e1\u0161 sortiment zah\u0155\u0148a hor\u00face vapy ako napr\u00edklad <a href=\"https:\/\/vapestornado.com\/sk\/product\/fumot-randm-tornado-15000-puffs-rechargeable-disposable-vape-wholesale\/\">RandM Tornado 15000<\/a>, a v\u00fdber bohat\u00fd na pr\u00edchute ako napr\u00edklad <a href=\"https:\/\/vapestornado.com\/sk\/product\/vapsolo-dg-18000-puffs-smart-screen-wholesale-disposable-cheap-vapes\/\">\u00a0Vapsolo DG18000 Pufov<\/a> . Ka\u017ed\u00fd produkt je vybran\u00fd so zameran\u00edm na kvalitu, hodnotu a rozmanitos\u0165, \u010do zais\u0165uje, \u017ee n\u00e1jdete presne to, \u010do potrebujete. Objavte v\u00fdnimo\u010dn\u00e9 slu\u017eby a \u0161irok\u00fa \u0161k\u00e1lu \u0161pi\u010dkov\u00fdch produktov za ve\u013ekoobchodn\u00e9 ceny vo vapestornado.<\/p>\n<\/div>\n<p>&nbsp;<\/p>\n<p><strong>\u010eal\u0161ie hor\u00face jednorazov\u00e9 vapy<\/strong><\/p>\n<p><a href=\"https:\/\/vapestornado.com\/sk\/product\/bang-vape-35000-puffs-low-nicotine-bulk-buy-rechargeable-disposable-vapes-box-wholesale-price\/\">Bang Vape 35000 Pufov <span style=\"color: #ff0000;\"><strong>&gt;&gt;&gt;&gt; Vpred !<\/strong><\/span><\/a><\/p>\n<p><a href=\"https:\/\/vapestornado.com\/sk\/product\/bang-box-30000-30k-puffs-low-nicotine-bulk-buy-rechargeable-digital-display-disposable-vapes-pen-wholesale\/\">Bang Box 30000 <span style=\"color: #ff0000;\"><strong>&gt;&gt;&gt;&gt; Vpred !<\/strong><\/span><\/a><\/p>\n<p><a href=\"https:\/\/vapestornado.com\/sk\/product\/bood-twins-46000-puff-double-flavour-low-nicotine-disposable-vape-wholesale-bulk-buy-price\/\">Bood Twins 46000<span style=\"color: #ff0000;\"><strong>&gt;&gt;&gt;&gt; Vpred !<\/strong><\/span><\/a><\/p>\n<\/div>\n<\/div>\n<\/div>\n<p>&nbsp;<\/p>\n<\/div>\n<\/div>\n<\/div>\n<\/div>\n<\/div>\n<\/div>\n<\/div>\n<\/div>\n<\/div>","protected":false},"excerpt":{"rendered":"<p>WGA Crystal Pro Max Extra 15000 Pufov dob\u00edjate\u013en\u00e1 jednorazov\u00e1 vaporiz\u00e9r s kry\u0161t\u00e1lov\u00fdm dizajnom, technol\u00f3giou sie\u0165ovej cievky, silou nikot\u00ednu 2% a r\u00fdchlym nab\u00edjan\u00edm Type-C. Kompaktn\u00fd pr\u00e9miov\u00fd dizajn pre plynul\u00fd chu\u0165ovo stabiln\u00fd p\u00e1r a siln\u00fd dopyt na eur\u00f3pskom trhu.<\/p>\n<p><strong>Pridajte si Amy na WhatsApp a z\u00edskajte okam\u017eit\u00fa odpove\u010f a kup\u00f3n na vape!<\/strong><\/p>\n<p><img fetchpriority=\"high\" decoding=\"async\" class=\"size-full wp-image-2932\" src=\"https:\/\/vapestornado.com\/wp-content\/uploads\/2024\/12\/Vape-Wholesale.jpg\" alt=\"Ve\u013ekoobchod s vape\" width=\"229\" height=\"300\" \/><\/p>\n<h3><a href=\"https:\/\/wa.me\/8617776015835\"><span style=\"color: #ff0000;\"><strong>WhatsApp: +86 17776015835<\/strong><\/span><\/a><\/h3>\n<p>&nbsp;<\/p>","protected":false},"featured_media":3378,"comment_status":"open","ping_status":"closed","template":"","meta":{"_acf_changed":false,"_uag_custom_page_level_css":"","_lmt_disableupdate":"no","_lmt_disable":"","_monsterinsights_skip_tracking":false,"_monsterinsights_sitenote_active":false,"_monsterinsights_sitenote_note":"","_monsterinsights_sitenote_category":0,"site-sidebar-layout":"default","site-content-layout":"","ast-site-content-layout":"default","site-content-style":"default","site-sidebar-style":"default","ast-global-header-display":"","ast-banner-title-visibility":"","ast-main-header-display":"","ast-hfb-above-header-display":"","ast-hfb-below-header-display":"","ast-hfb-mobile-header-display":"","site-post-title":"","ast-breadcrumbs-content":"","ast-featured-img":"","footer-sml-layout":"","ast-disable-related-posts":"","theme-transparent-header-meta":"default","adv-header-id-meta":"","stick-header-meta":"","header-above-stick-meta":"","header-main-stick-meta":"","header-below-stick-meta":"","astra-migrate-meta-layouts":"set","ast-page-background-enabled":"default","ast-page-background-meta":{"desktop":{"background-color":"","background-image":"","background-repeat":"repeat","background-position":"center center","background-size":"auto","background-attachment":"scroll","background-type":"","background-media":"","overlay-type":"","overlay-color":"","overlay-opacity":"","overlay-gradient":""},"tablet":{"background-color":"","background-image":"","background-repeat":"repeat","background-position":"center center","background-size":"auto","background-attachment":"scroll","background-type":"","background-media":"","overlay-type":"","overlay-color":"","overlay-opacity":"","overlay-gradient":""},"mobile":{"background-color":"","background-image":"","background-repeat":"repeat","background-position":"center center","background-size":"auto","background-attachment":"scroll","background-type":"","background-media":"","overlay-type":"","overlay-color":"","overlay-opacity":"","overlay-gradient":""}},"ast-content-background-meta":{"desktop":{"background-color":"var(--ast-global-color-5)","background-image":"","background-repeat":"repeat","background-position":"center center","background-size":"auto","background-attachment":"scroll","background-type":"","background-media":"","overlay-type":"","overlay-color":"","overlay-opacity":"","overlay-gradient":""},"tablet":{"background-color":"var(--ast-global-color-5)","background-image":"","background-repeat":"repeat","background-position":"center center","background-size":"auto","background-attachment":"scroll","background-type":"","background-media":"","overlay-type":"","overlay-color":"","overlay-opacity":"","overlay-gradient":""},"mobile":{"background-color":"var(--ast-global-color-5)","background-image":"","background-repeat":"repeat","background-position":"center center","background-size":"auto","background-attachment":"scroll","background-type":"","background-media":"","overlay-type":"","overlay-color":"","overlay-opacity":"","overlay-gradient":""}},"_joinchat":{"telephone":"+8617776015835"}},"product_brand":[],"product_cat":[71,153,154,155,141,142,143,59],"product_tag":[165,105,97,166,94,485,202,203,204],"class_list":{"0":"post-3383","1":"product","2":"type-product","3":"status-publish","4":"has-post-thumbnail","6":"product_cat-15000-puff","7":"product_cat-buy-disposable-vapes-in-italy","8":"product_cat-buy-disposable-vapes-in-netherlands","9":"product_cat-buy-disposable-vapes-in-norway","10":"product_cat-crystal-disposable-vapes","11":"product_cat-digital-box-disposable-vapes","12":"product_cat-dual-mesh-disposable-vapes","13":"product_cat-wga-crystal-vape","14":"product_tag-cheap-vapes","15":"product_tag-digital-disposable-vape","16":"product_tag-hot-sale-disposable-vape","17":"product_tag-low-nicotine-vape","18":"product_tag-rechargeable-disposable-vape","19":"product_tag-wga-15k","20":"product_tag-wga-crystal-15000","21":"product_tag-wga-crystal-15k","22":"product_tag-wga-vape","23":"desktop-align-left","24":"tablet-align-left","25":"mobile-align-left","27":"first","28":"instock","29":"sale","30":"shipping-taxable","31":"purchasable","32":"product-type-simple"},"acf":[],"uagb_featured_image_src":{"full":["https:\/\/vapestornado.com\/wp-content\/uploads\/2024\/12\/WGA-Crystal-15000-Rechargeable-Vape.jpg",1000,1000,false],"thumbnail":["https:\/\/vapestornado.com\/wp-content\/uploads\/2024\/12\/WGA-Crystal-15000-Rechargeable-Vape-150x150.jpg",150,150,true],"medium":["https:\/\/vapestornado.com\/wp-content\/uploads\/2024\/12\/WGA-Crystal-15000-Rechargeable-Vape-300x300.jpg",300,300,true],"medium_large":["https:\/\/vapestornado.com\/wp-content\/uploads\/2024\/12\/WGA-Crystal-15000-Rechargeable-Vape-768x768.jpg",768,768,true],"large":["https:\/\/vapestornado.com\/wp-content\/uploads\/2024\/12\/WGA-Crystal-15000-Rechargeable-Vape.jpg",1000,1000,false],"1536x1536":["https:\/\/vapestornado.com\/wp-content\/uploads\/2024\/12\/WGA-Crystal-15000-Rechargeable-Vape.jpg",1000,1000,false],"2048x2048":["https:\/\/vapestornado.com\/wp-content\/uploads\/2024\/12\/WGA-Crystal-15000-Rechargeable-Vape.jpg",1000,1000,false],"trp-custom-language-flag":["https:\/\/vapestornado.com\/wp-content\/uploads\/2024\/12\/WGA-Crystal-15000-Rechargeable-Vape.jpg",12,12,false],"woocommerce_thumbnail":["https:\/\/vapestornado.com\/wp-content\/uploads\/2024\/12\/WGA-Crystal-15000-Rechargeable-Vape-300x300.jpg",300,300,true],"woocommerce_single":["https:\/\/vapestornado.com\/wp-content\/uploads\/2024\/12\/WGA-Crystal-15000-Rechargeable-Vape-600x600.jpg",600,600,true],"woocommerce_gallery_thumbnail":["https:\/\/vapestornado.com\/wp-content\/uploads\/2024\/12\/WGA-Crystal-15000-Rechargeable-Vape-100x100.jpg",100,100,true]},"uagb_author_info":{"display_name":"ESAMY","author_link":"https:\/\/vapestornado.com\/sk\/author\/"},"uagb_comment_info":1,"uagb_excerpt":"WGA Crystal Pro Max Extra 15000 Puffs rechargeable disposable vape with crystal design, mesh coil technology, 2% nicotine strength, and Type-C fast charging. Compact premium design for smooth flavour-stable vapour and strong EU retail demand. Add Amy's whatsapp get right reply and vape coupon! WhatsApp: +86 17776015835 &nbsp;","_links":{"self":[{"href":"https:\/\/vapestornado.com\/sk\/wp-json\/wp\/v2\/product\/3383","targetHints":{"allow":["GET"]}}],"collection":[{"href":"https:\/\/vapestornado.com\/sk\/wp-json\/wp\/v2\/product"}],"about":[{"href":"https:\/\/vapestornado.com\/sk\/wp-json\/wp\/v2\/types\/product"}],"replies":[{"embeddable":true,"href":"https:\/\/vapestornado.com\/sk\/wp-json\/wp\/v2\/comments?post=3383"}],"wp:featuredmedia":[{"embeddable":true,"href":"https:\/\/vapestornado.com\/sk\/wp-json\/wp\/v2\/media\/3378"}],"wp:attachment":[{"href":"https:\/\/vapestornado.com\/sk\/wp-json\/wp\/v2\/media?parent=3383"}],"wp:term":[{"taxonomy":"product_brand","embeddable":true,"href":"https:\/\/vapestornado.com\/sk\/wp-json\/wp\/v2\/product_brand?post=3383"},{"taxonomy":"product_cat","embeddable":true,"href":"https:\/\/vapestornado.com\/sk\/wp-json\/wp\/v2\/product_cat?post=3383"},{"taxonomy":"product_tag","embeddable":true,"href":"https:\/\/vapestornado.com\/sk\/wp-json\/wp\/v2\/product_tag?post=3383"}],"curies":[{"name":"wp","href":"https:\/\/api.w.org\/{rel}","templated":true}]}}