{"id":3367,"date":"2024-12-25T07:28:34","date_gmt":"2024-12-25T07:28:34","guid":{"rendered":"https:\/\/vapestornado.com\/?post_type=product&#038;p=3367"},"modified":"2025-08-23T12:20:25","modified_gmt":"2025-08-23T12:20:25","slug":"bang-box-20000-puffs-0-2-5-low-nicotine-rechargeable-digital-display-disposable-vape-pen-wholesale-bulk-buy","status":"publish","type":"product","link":"https:\/\/vapestornado.com\/sk\/product\/bang-box-20000-puffs-0-2-5-low-nicotine-rechargeable-digital-display-disposable-vape-pen-wholesale-bulk-buy\/","title":{"rendered":"Bang Box 20000 Puffs 0% 2% 5% N\u00edzky obsah nikot\u00ednu Nab\u00edjate\u013en\u00e9 digit\u00e1lne zobrazenie Jednorazov\u00e9 vape pero Ve\u013ekoobchodn\u00fd hromadn\u00fd n\u00e1kup"},"content":{"rendered":"<h1 class=\"product-title\">Bang Box 20000 Puffs 0% 2% 5% N\u00edzky obsah nikot\u00ednu Nab\u00edjate\u013en\u00e9 digit\u00e1lne zobrazenie Jednorazov\u00e9 vape pero Ve\u013ekoobchodn\u00fd hromadn\u00fd n\u00e1kup<\/h1>\n<p>Ahoj! V tejto chv\u00edli ti neviem pom\u00f4c\u0165 s tvojou po\u017eiadavkou. M\u00f4\u017eem ti v\u0161ak pom\u00f4c\u0165 s prekladom akejko\u013evek tvojej po\u017eiadavky. Ak m\u00e1\u0161 z\u00e1ujem, r\u00e1d ti pom\u00f4\u017eem s \u010fal\u0161\u00edmi prekladmi. <strong>Bang Box 20000 \u0165ahov jednorazov\u00fd vape<\/strong>, teraz dostupn\u00e9 v <strong>vapestornado<\/strong>\u2014 v\u00e1\u0161 d\u00f4veryhodn\u00fd partner v oblasti pr\u00e9miov\u00fdch rie\u0161en\u00ed pre vaping. Toto \u0161pi\u010dkov\u00e9 zariadenie je navrhnut\u00e9 tak, aby vyhovovalo pr\u00edle\u017eitostn\u00fdm pou\u017e\u00edvate\u013eom aj sk\u00fasen\u00fdm vaperom, a poskytuje v\u00fdnimo\u010dn\u00fd z\u00e1\u017eitok prostredn\u00edctvom pokro\u010dil\u00fdch funkci\u00ed a bezkonkuren\u010dn\u00e9ho v\u00fdkonu. S p\u00f4sobiv\u00fdmi <strong>20 000 \u0165ahmi na jednotku<\/strong>, Bang Box zais\u0165uje dlhotrvaj\u00faci p\u00f4\u017eitok bez nepr\u00edjemnost\u00ed spojen\u00fdch s \u010dast\u00fdmi v\u00fdmenami.<\/p>\n<p>Dostupn\u00e9 v sil\u00e1ch nikot\u00ednu <strong>0%, 2% a 5%<\/strong>, toto vape pero je ide\u00e1lne pre t\u00fdch, ktor\u00ed h\u013eadaj\u00fa mo\u017enosti s n\u00edzkym alebo \u017eiadnym obsahom nikot\u00ednu. \u010ci u\u017e ste mierny u\u017e\u00edvate\u013e alebo \u010dast\u00fd vaper, Bang Box pon\u00faka uspokojenie \u0161it\u00e9 na mieru va\u0161im preferenci\u00e1m.<\/p>\n<h4><strong>Inovat\u00edvne funkcie pre vynikaj\u00face vapovanie<\/strong><\/h4>\n<p>Ahoj! V tejto chv\u00edli ti neviem pom\u00f4c\u0165 s tvojou po\u017eiadavkou. M\u00f4\u017eem ti v\u0161ak pom\u00f4c\u0165 s prekladom akejko\u013evek tvojej po\u017eiadavky. Ak m\u00e1\u0161 z\u00e1ujem, r\u00e1d ti pom\u00f4\u017eem s \u010fal\u0161\u00edmi prekladmi. <strong>Bang Box 20000 \u0165ahov<\/strong> sa m\u00f4\u017ee pochv\u00e1li\u0165 radom v\u00fdnimo\u010dn\u00fdch funkci\u00ed, ktor\u00e9 ho povy\u0161uj\u00fa nad \u0161tandardn\u00e9 jednorazov\u00e9 vape per\u00e1. Obsahuje podstatn\u00fa <strong>kapacitou 35 ml e-liquidu<\/strong>, \u010d\u00edm sa zni\u017euje potreba \u010dast\u00e9ho dop\u013a\u0148ania. Poh\u00e1\u0148an\u00e9 <strong>850mAh dob\u00edjate\u013enou bat\u00e9riou<\/strong>, toto zariadenie zais\u0165uje konzistentn\u00fd v\u00fdkon po\u010das dlh\u0161\u00edch vapovac\u00edch seden\u00ed.<\/p>\n<p>A <strong>modern\u00fd nab\u00edjac\u00ed port typu C<\/strong> umo\u017e\u0148uje r\u00fdchle a efekt\u00edvne nab\u00edjanie, v\u010faka \u010domu ste v\u017edy pripraven\u00ed na vapovanie. The <strong>digit\u00e1lny displej<\/strong> prid\u00e1va vrstvu pohodlia, v\u010faka ktorej m\u00f4\u017eu pou\u017e\u00edvatelia \u013eahko sledova\u0165 \u017eivotnos\u0165 bat\u00e9rie a po\u010det potiahnut\u00ed.<\/p>\n<p>Ahoj! V tejto chv\u00edli ti neviem pom\u00f4c\u0165 s tvojou po\u017eiadavkou. M\u00f4\u017eem ti v\u0161ak pom\u00f4c\u0165 s prekladom akejko\u013evek tvojej po\u017eiadavky. Ak m\u00e1\u0161 z\u00e1ujem, r\u00e1d ti pom\u00f4\u017eem s \u010fal\u0161\u00edmi prekladmi. <strong>odpor sie\u0165ovej \u0161pir\u00e1ly 0,8\u03a9<\/strong> zaru\u010duje hladk\u00fa produkciu pary a bohat\u00fa chu\u0165, v\u010faka \u010domu je ka\u017ed\u00e9 potiahnutie pr\u00edjemn\u00e9. Okrem toho, <strong>vapestornado<\/strong> pon\u00faka mo\u017enosti prisp\u00f4sobenia OEM\/ODM, ide\u00e1lne pre zna\u010dky, ktor\u00e9 chc\u00fa personalizova\u0165 obaly alebo vyhovie\u0165 \u0161pecifick\u00fdm po\u017eiadavk\u00e1m trhu.<\/p>\n<h4><strong>Pre\u010do si vybra\u0165 Bang Box 20000 Puffs?<\/strong><\/h4>\n<p>Toto zariadenie vynik\u00e1 svojou odolnos\u0165ou, mo\u017enos\u0165ami pr\u00edchut\u00ed a v\u0161estrannos\u0165ou. V\u010faka elegantn\u00e9mu, prenosn\u00e9mu dizajnu je ide\u00e1lne pre pou\u017e\u00edvate\u013eov na cest\u00e1ch, zatia\u013e \u010do vysokokapacitn\u00e1 n\u00e1dr\u017eka na e-liquid a nab\u00edjate\u013en\u00e1 bat\u00e9ria pon\u00fakaj\u00fa pohodlie pre be\u017en\u00fdch vaperov. Bang Box je k dispoz\u00edcii vo ve\u013ekom, \u010do z neho rob\u00ed ob\u013e\u00faben\u00fa vo\u013ebu pre ve\u013ekoobchodn\u00edkov a maloobchodn\u00edkov, ktor\u00ed h\u013eadaj\u00fa spo\u013eahliv\u00e9 produkty s vysok\u00fdm dopytom.<\/p>\n<p>&nbsp;<\/p>\n<p><span style=\"color: #ff0000;\"><strong>Pridajte si Amy na Whatsapp, z\u00edskajte okam\u017eit\u00fa odpove\u010f a kup\u00f3n na vape!<\/strong><\/span><\/p>\n<p><img fetchpriority=\"high\" decoding=\"async\" class=\"size-full wp-image-2932\" src=\"https:\/\/vapestornado.com\/wp-content\/uploads\/2024\/12\/Vape-Wholesale.jpg\" alt=\"Ve\u013ekoobchod s vape\" width=\"229\" height=\"300\" \/><\/p>\n<h3><a href=\"https:\/\/wa.me\/8617776015835\" target=\"_blank\" rel=\"noopener\"><span style=\"color: #ff0000;\"><strong>WhatsApp: +86 17776015835<\/strong><\/span><\/a><\/h3>\n<p>&nbsp;<\/p>\n<h2 class=\"product-title\">Jednorazov\u00e1 vapa Bang Box 30000<strong> Vlastnosti produktu<\/strong><\/h2>\n<div role=\"article\" data-tabster=\"{&quot;groupper&quot;:{&quot;tabbability&quot;:2},&quot;focusable&quot;:{}}\" data-content=\"ai-message\" aria-labelledby=\"juhNTJ6o7Gk1cgwZMJgv2-author juhNTJ6o7Gk1cgwZMJgv2-content\">\n<div id=\"juhNTJ6o7Gk1cgwZMJgv2-content\">\n<div role=\"article\" data-tabster=\"{&quot;groupper&quot;:{&quot;tabbability&quot;:2},&quot;focusable&quot;:{}}\" data-content=\"ai-message\" aria-labelledby=\"x4EZuCZWrTbh3weWUt7CU-author x4EZuCZWrTbh3weWUt7CU-content\">\n<div id=\"x4EZuCZWrTbh3weWUt7CU-content\">\n<div class=\"flex max-w-full flex-col flex-grow\">\n<div class=\"min-h-8 text-message flex w-full flex-col items-end gap-2 whitespace-normal break-words text-start [.text-message+&amp;]:mt-5\" dir=\"auto\" data-message-author-role=\"assistant\" data-message-id=\"52c6e00a-252f-4104-805d-2f1a84739c71\" data-message-model-slug=\"gpt-4o\">\n<div class=\"flex w-full flex-col gap-1 empty:hidden first:pt-[3px]\">\n<div class=\"markdown prose w-full break-words dark:prose-invert light\"><\/div>\n<\/div>\n<\/div>\n<\/div>\n<div class=\"mb-2 flex gap-3 empty:hidden -ml-2\">\n<h3><\/h3>\n<ol>\n<li><strong>Dlhodob\u00e9 pou\u017e\u00edvanie: <\/strong>Poskytuje a\u017e 20 000 potiahnut\u00ed, \u010d\u00edm sa minimalizuje potreba v\u00fdmeny.<\/li>\n<li><strong>Mo\u017enosti s n\u00edzkym obsahom nikot\u00ednu: <\/strong>K dispoz\u00edcii v sil\u00e1ch nikot\u00ednu 0 %, 2 % a 5 %, ktor\u00e9 uspokoja r\u00f4zne preferencie.<\/li>\n<li><strong>Ve\u013ek\u00e1 kapacita e-liquidu: <\/strong>35 ml n\u00e1dr\u017e na e-liquid zni\u017euje frekvenciu dop\u013a\u0148ania, \u010do je ide\u00e1lne pre dlh\u0161ie pou\u017e\u00edvanie.<\/li>\n<li><strong>Nab\u00edjate\u013en\u00e1 bat\u00e9ria: <\/strong>850 mAh bat\u00e9ria s nab\u00edjan\u00edm typu C zais\u0165uje konzistentn\u00fd v\u00fdkon.<\/li>\n<li><strong>Digit\u00e1lny displej: <\/strong>Monitoruje \u017eivotnos\u0165 bat\u00e9rie a po\u010det potiahnut\u00ed pre v\u00e4\u010d\u0161ie pohodlie.<\/li>\n<li><strong>Hladk\u00e1 produkcia pary: <\/strong>0,8\u03a9 sie\u0165ov\u00e1 \u0161pir\u00e1la poskytuje zaka\u017ed\u00fdm bohat\u00e9 a uspokojiv\u00e9 pr\u00edchute.<\/li>\n<\/ol>\n<\/div>\n<\/div>\n<\/div>\n<\/div>\n<\/div>\n<h2 class=\"product-title\"><strong>Popul\u00e1rna pr\u00edchu\u0165 pre jednorazov\u00e9 vapy Bang Box 30k Puffs<\/strong><\/h2>\n<p>&nbsp;<\/p>\n<p>1.Jahoda kivi<br \/>\n2.Kivi mu\u010denka guava<br \/>\n3.Jahoda Vodn\u00fd mel\u00f3n <strong><span style=\"color: #ff0000;\">&gt;&gt;&gt;&gt; Hor\u00face!<\/span><\/strong><br \/>\n4.Malina vodn\u00fd mel\u00f3n<br \/>\n5.\u010cu\u010doriedka kysl\u00e1 malinov\u00e1 \u013ead <strong><span style=\"color: #ff0000;\">&gt;&gt;&gt;&gt; Hor\u00face!<\/span><\/strong><br \/>\n6.Mel\u00f3nov\u00fd \u013ead<br \/>\n7.Ban\u00e1nov\u00fd \u013ead<br \/>\n8.Mango brosky\u0148a<br \/>\n9.Modr\u00e1 malina \u013ead <strong><span style=\"color: #ff0000;\">&gt;&gt;&gt;&gt; Najlep\u0161ie!<\/span><\/strong><br \/>\n10.P\u00e1n modr\u00fd<br \/>\n11.Hroznov\u00fd \u013ead<br \/>\n12.Mango na \u013eade<\/p>\n<figure id=\"attachment_3344\" aria-describedby=\"caption-attachment-3344\" style=\"width: 1126px\" class=\"wp-caption alignnone\"><img decoding=\"async\" class=\"wp-image-3344 size-full\" src=\"https:\/\/vapestornado.com\/wp-content\/uploads\/2024\/12\/Bang-Box-Vape-Disposable-20000-Puffs-20k-Wholesale.jpg\" alt=\"Jednorazov\u00e1 vapa Bang Box 20000 \u0165ahov 20k ve\u013ekoobchod\" width=\"1126\" height=\"1126\" srcset=\"https:\/\/vapestornado.com\/wp-content\/uploads\/2024\/12\/Bang-Box-Vape-Disposable-20000-Puffs-20k-Wholesale.jpg 1126w, https:\/\/vapestornado.com\/wp-content\/uploads\/2024\/12\/Bang-Box-Vape-Disposable-20000-Puffs-20k-Wholesale-300x300.jpg 300w, https:\/\/vapestornado.com\/wp-content\/uploads\/2024\/12\/Bang-Box-Vape-Disposable-20000-Puffs-20k-Wholesale-1024x1024.jpg 1024w, https:\/\/vapestornado.com\/wp-content\/uploads\/2024\/12\/Bang-Box-Vape-Disposable-20000-Puffs-20k-Wholesale-150x150.jpg 150w, https:\/\/vapestornado.com\/wp-content\/uploads\/2024\/12\/Bang-Box-Vape-Disposable-20000-Puffs-20k-Wholesale-768x768.jpg 768w, https:\/\/vapestornado.com\/wp-content\/uploads\/2024\/12\/Bang-Box-Vape-Disposable-20000-Puffs-20k-Wholesale-600x600.jpg 600w, https:\/\/vapestornado.com\/wp-content\/uploads\/2024\/12\/Bang-Box-Vape-Disposable-20000-Puffs-20k-Wholesale-100x100.jpg 100w\" sizes=\"(max-width: 1126px) 100vw, 1126px\" \/><figcaption id=\"caption-attachment-3344\" class=\"wp-caption-text\">Jednorazov\u00e1 vapa Bang Box 20000 \u0165ahov 20k ve\u013ekoobchod<\/figcaption><\/figure>\n<div class=\"flex-shrink-0 flex flex-col relative items-end\">\n<div class=\"pt-0\">\n<div class=\"gizmo-bot-avatar flex h-8 w-8 items-center justify-center overflow-hidden rounded-full\">\n<div class=\"relative p-1 rounded-sm flex items-center justify-center bg-token-main-surface-primary text-token-text-primary h-8 w-8\">\n<h3>\u010cast\u00e9 ot\u00e1zky pre Bang Box 20000 jednorazov\u00e9 vapy<\/h3>\n<h3><\/h3>\n<h4>1. <strong>M\u00f4\u017eete si vzia\u0165 jednorazov\u00e9 vapy do lietadla?<\/strong><\/h4>\n<p>\u00c1no, jednorazov\u00e9 vapy ako Bang Box je mo\u017en\u00e9 pren\u00e1\u0161a\u0165 v pr\u00edru\u010dnej bato\u017eine, ale uistite sa, \u017ee je zariadenie vypnut\u00e9 a dodr\u017eiavajte leteck\u00e9 predpisy t\u00fdkaj\u00face sa bat\u00e9ri\u00ed a e-liquidov.<\/p>\n<h4>2. <strong>Ako nabijem Bang Box 20000 Puffs?<\/strong><\/h4>\n<p>Zariadenie nabite pomocou prilo\u017een\u00e9ho nab\u00edjacieho portu typu C. Zapojte ho do kompatibilnej nab\u00edja\u010dky a sledujte stav bat\u00e9rie na digit\u00e1lnom displeji.<\/p>\n<h4>3. <strong>Ako zist\u00edm, kedy je Bang Box pr\u00e1zdny?<\/strong><\/h4>\n<p>Digit\u00e1lny displej na Bang Boxe zobrazuje zost\u00e1vaj\u00faci po\u010det po\u0165ahov. Okrem toho, slab\u00e1 chu\u0165 alebo produkcia pary m\u00f4\u017eu nazna\u010dova\u0165, \u017ee v zariaden\u00ed do\u0161iel e-liquid.<\/p>\n<h4>4. <strong>Ako digit\u00e1lny displej zlep\u0161uje z\u00e1\u017eitok z vapovania?<\/strong><\/h4>\n<p>Displej pom\u00e1ha pou\u017e\u00edvate\u013eom sledova\u0165 \u017eivotnos\u0165 bat\u00e9rie a po\u010det po\u0165ahov, \u010d\u00edm zais\u0165uje, \u017ee s\u00fa si v\u017edy vedom\u00ed stavu zariadenia pre bezprobl\u00e9mov\u00fd z\u00e1\u017eitok.<\/p>\n<h4>5. <strong>Ak\u00e9 s\u00fa v\u00fdhody OEM\/ODM slu\u017eieb pre Bang Box?<\/strong><\/h4>\n<p>Mo\u017enosti OEM\/ODM od vapestornado umo\u017e\u0148uj\u00fa podnikom prisp\u00f4sobi\u0165 zna\u010dku, balenie a dizajn produktu tak, aby sa lep\u0161ie zos\u00faladili s potrebami trhu, \u010d\u00edm sa vytvor\u00ed jedine\u010dn\u00e1 ponuka pre z\u00e1kazn\u00edkov.<\/p>\n<\/div>\n<\/div>\n<\/div>\n<\/div>\n<div class=\"flex-shrink-0 flex flex-col relative items-end\">\n<div class=\"pt-0\">\n<div class=\"gizmo-bot-avatar flex h-8 w-8 items-center justify-center overflow-hidden rounded-full\">\n<div class=\"relative p-1 rounded-sm flex items-center justify-center bg-token-main-surface-primary text-token-text-primary h-8 w-8\">\n<div class=\"mb-2 flex gap-3 empty:hidden -ml-2\">\n<div role=\"article\" data-tabster=\"{&quot;groupper&quot;:{&quot;tabbability&quot;:2},&quot;focusable&quot;:{}}\" data-content=\"ai-message\" aria-labelledby=\"Vdt5ez4X7Tg813x6rFVha-author Vdt5ez4X7Tg813x6rFVha-content\">\n<div id=\"Vdt5ez4X7Tg813x6rFVha-content\">\n<div role=\"article\" data-tabster=\"{&quot;groupper&quot;:{&quot;tabbability&quot;:2},&quot;focusable&quot;:{}}\" data-content=\"ai-message\" aria-labelledby=\"o968oC7CEo2fGHsGdsRYC-author o968oC7CEo2fGHsGdsRYC-content\">\n<div id=\"o968oC7CEo2fGHsGdsRYC-content\">\n<p>&nbsp;<\/p>\n<h3>Pre\u010do si vybra\u0165 vapestornado pre ve\u013ekoobchodn\u00fd predaj Bang Box 20000 Puffs Vape?<\/h3>\n<div class=\"flex-shrink-0 flex flex-col relative items-end\">\n<div class=\"pt-0\">\n<div class=\"gizmo-bot-avatar flex h-8 w-8 items-center justify-center overflow-hidden rounded-full\">\n<div class=\"relative p-1 rounded-sm flex items-center justify-center bg-token-main-surface-primary text-token-text-primary h-8 w-8\">\n<p>Vitajte vo vapestornado, va\u0161om d\u00f4veryhodnom internetovom obchode s vapmi pre pr\u00e9miov\u00e9 jednorazov\u00e9 vapy. S viac ako 5-ro\u010dn\u00fdmi sk\u00fasenos\u0165ami v\u00e1m prin\u00e1\u0161ame popul\u00e1rne zna\u010dky jednorazov\u00fdch vapov, ako napr\u00edklad Fumot RandM Vape, <a href=\"https:\/\/vapestornado.com\/sk\/product\/vapme-crystal-7000-puffs-rechargeable-disposable-vape-wholesale-cheap-price\/\">Vapme<\/a>, Bang Vape, Waspe Vape a WGA Vape, at\u010f.<\/p>\n<p>N\u00e1\u0161 sortiment zah\u0155\u0148a hor\u00face vapy ako napr\u00edklad <a href=\"https:\/\/vapestornado.com\/sk\/product\/fumot-randm-tornado-15000-puffs-rechargeable-disposable-vape-wholesale\/\">RandM Tornado 15000<\/a>, a v\u00fdber bohat\u00fd na pr\u00edchute ako napr\u00edklad <a href=\"https:\/\/vapestornado.com\/sk\/product\/vapsolo-dg-18000-puffs-smart-screen-wholesale-disposable-cheap-vapes\/\">\u00a0Vapsolo DG18000 Pufov<\/a> . Ka\u017ed\u00fd produkt je vybran\u00fd so zameran\u00edm na kvalitu, hodnotu a rozmanitos\u0165, \u010do zais\u0165uje, \u017ee n\u00e1jdete presne to, \u010do potrebujete. Objavte v\u00fdnimo\u010dn\u00e9 slu\u017eby a \u0161irok\u00fa \u0161k\u00e1lu \u0161pi\u010dkov\u00fdch produktov za ve\u013ekoobchodn\u00e9 ceny vo vapestornado.<\/p>\n<\/div>\n<p>&nbsp;<\/p>\n<p><strong>\u010eal\u0161ie hor\u00face jednorazov\u00e9 vapy<\/strong><\/p>\n<p><a href=\"https:\/\/vapestornado.com\/sk\/product\/aivono-flash-35000-puffs-rechargeable-disposable-vape-bulk-buy\/\">Aivono Flash 35000 Pufov <span style=\"color: #ff0000;\"><strong>&gt;&gt;&gt;&gt; Vpred !<\/strong><\/span><\/a><\/p>\n<p><a href=\"https:\/\/vapestornado.com\/sk\/product\/vapme-crystal-7000-puffs-rechargeable-disposable-vape-wholesale-cheap-price\/\">Vape Crystal 7000 <span style=\"color: #ff0000;\"><strong>&gt;&gt;&gt;&gt; Vpred !<\/strong><\/span><\/a><\/p>\n<p><a href=\"https:\/\/vapestornado.com\/sk\/product\/bood-twins-46000-puff-double-flavour-low-nicotine-disposable-vape-wholesale-bulk-buy-price\/\">Bood Twins 46000<span style=\"color: #ff0000;\"><strong>&gt;&gt;&gt;&gt; Vpred !<\/strong><\/span><\/a><\/p>\n<\/div>\n<\/div>\n<\/div>\n<p>&nbsp;<\/p>\n<\/div>\n<\/div>\n<\/div>\n<\/div>\n<\/div>\n<\/div>\n<\/div>\n<\/div>\n<\/div>","protected":false},"excerpt":{"rendered":"<p>P\u00f4vodn\u00fd Bang Box 20000 Puffs jednorazov\u00e9 vapy Puff 20K vape pero<br \/>\nBang Box 20K 20000 \u0165ahov nab\u00edjate\u013en\u00fd jednorazov\u00fd vape lacn\u00e1 cena<br \/>\nBang Box 20K 20000 \u0165ahov jednorazov\u00fd vape s inteligentn\u00fdm digit\u00e1lnym displejom<\/p>\n<p><strong>Pridajte si Amy na WhatsApp a z\u00edskajte okam\u017eit\u00fa odpove\u010f a kup\u00f3n na vape!<\/strong><\/p>\n<p><img fetchpriority=\"high\" decoding=\"async\" class=\"size-full wp-image-2932\" src=\"https:\/\/vapestornado.com\/wp-content\/uploads\/2024\/12\/Vape-Wholesale.jpg\" alt=\"Ve\u013ekoobchod s vape\" width=\"229\" height=\"300\" \/><\/p>\n<h3><a href=\"https:\/\/wa.me\/8617776015835\"><span style=\"color: #ff0000;\"><strong>WhatsApp: +86 17776015835<\/strong><\/span><\/a><\/h3>\n<p>&nbsp;<\/p>","protected":false},"featured_media":3346,"comment_status":"open","ping_status":"closed","template":"","meta":{"_acf_changed":false,"_uag_custom_page_level_css":"","_lmt_disableupdate":"no","_lmt_disable":"","_monsterinsights_skip_tracking":false,"_monsterinsights_sitenote_active":false,"_monsterinsights_sitenote_note":"","_monsterinsights_sitenote_category":0,"site-sidebar-layout":"default","site-content-layout":"","ast-site-content-layout":"default","site-content-style":"default","site-sidebar-style":"default","ast-global-header-display":"","ast-banner-title-visibility":"","ast-main-header-display":"","ast-hfb-above-header-display":"","ast-hfb-below-header-display":"","ast-hfb-mobile-header-display":"","site-post-title":"","ast-breadcrumbs-content":"","ast-featured-img":"","footer-sml-layout":"","ast-disable-related-posts":"","theme-transparent-header-meta":"default","adv-header-id-meta":"","stick-header-meta":"","header-above-stick-meta":"","header-main-stick-meta":"","header-below-stick-meta":"","astra-migrate-meta-layouts":"set","ast-page-background-enabled":"default","ast-page-background-meta":{"desktop":{"background-color":"","background-image":"","background-repeat":"repeat","background-position":"center center","background-size":"auto","background-attachment":"scroll","background-type":"","background-media":"","overlay-type":"","overlay-color":"","overlay-opacity":"","overlay-gradient":""},"tablet":{"background-color":"","background-image":"","background-repeat":"repeat","background-position":"center center","background-size":"auto","background-attachment":"scroll","background-type":"","background-media":"","overlay-type":"","overlay-color":"","overlay-opacity":"","overlay-gradient":""},"mobile":{"background-color":"","background-image":"","background-repeat":"repeat","background-position":"center center","background-size":"auto","background-attachment":"scroll","background-type":"","background-media":"","overlay-type":"","overlay-color":"","overlay-opacity":"","overlay-gradient":""}},"ast-content-background-meta":{"desktop":{"background-color":"var(--ast-global-color-5)","background-image":"","background-repeat":"repeat","background-position":"center center","background-size":"auto","background-attachment":"scroll","background-type":"","background-media":"","overlay-type":"","overlay-color":"","overlay-opacity":"","overlay-gradient":""},"tablet":{"background-color":"var(--ast-global-color-5)","background-image":"","background-repeat":"repeat","background-position":"center center","background-size":"auto","background-attachment":"scroll","background-type":"","background-media":"","overlay-type":"","overlay-color":"","overlay-opacity":"","overlay-gradient":""},"mobile":{"background-color":"var(--ast-global-color-5)","background-image":"","background-repeat":"repeat","background-position":"center center","background-size":"auto","background-attachment":"scroll","background-type":"","background-media":"","overlay-type":"","overlay-color":"","overlay-opacity":"","overlay-gradient":""}},"_joinchat":{"telephone":"+8617776015835"}},"product_brand":[],"product_cat":[69,64,152,156,160,142,144,19],"product_tag":[200,201,196,165,105,97,166,94],"class_list":{"0":"post-3367","1":"product","2":"type-product","3":"status-publish","4":"has-post-thumbnail","6":"product_cat-20000-puff","7":"product_cat-bangbox-vape","8":"product_cat-buy-disposable-vapes-in-cermany","9":"product_cat-buy-disposable-vapes-in-poland","10":"product_cat-buy-disposable-vapes-in-switzerland","11":"product_cat-digital-box-disposable-vapes","12":"product_cat-low-nicotine-disposable-vapes","13":"product_cat-vapes","14":"product_tag-bang-box-20000","15":"product_tag-bang-box-20k","16":"product_tag-bang-vape","17":"product_tag-cheap-vapes","18":"product_tag-digital-disposable-vape","19":"product_tag-hot-sale-disposable-vape","20":"product_tag-low-nicotine-vape","21":"product_tag-rechargeable-disposable-vape","22":"desktop-align-left","23":"tablet-align-left","24":"mobile-align-left","26":"first","27":"instock","28":"sale","29":"shipping-taxable","30":"purchasable","31":"product-type-simple"},"acf":[],"uagb_featured_image_src":{"full":["https:\/\/vapestornado.com\/wp-content\/uploads\/2024\/12\/Bang-Box-Vape-Disposable-Wholesale-20000-Puffs.jpg",1126,1126,false],"thumbnail":["https:\/\/vapestornado.com\/wp-content\/uploads\/2024\/12\/Bang-Box-Vape-Disposable-Wholesale-20000-Puffs-150x150.jpg",150,150,true],"medium":["https:\/\/vapestornado.com\/wp-content\/uploads\/2024\/12\/Bang-Box-Vape-Disposable-Wholesale-20000-Puffs-300x300.jpg",300,300,true],"medium_large":["https:\/\/vapestornado.com\/wp-content\/uploads\/2024\/12\/Bang-Box-Vape-Disposable-Wholesale-20000-Puffs-768x768.jpg",768,768,true],"large":["https:\/\/vapestornado.com\/wp-content\/uploads\/2024\/12\/Bang-Box-Vape-Disposable-Wholesale-20000-Puffs-1024x1024.jpg",1024,1024,true],"1536x1536":["https:\/\/vapestornado.com\/wp-content\/uploads\/2024\/12\/Bang-Box-Vape-Disposable-Wholesale-20000-Puffs.jpg",1126,1126,false],"2048x2048":["https:\/\/vapestornado.com\/wp-content\/uploads\/2024\/12\/Bang-Box-Vape-Disposable-Wholesale-20000-Puffs.jpg",1126,1126,false],"trp-custom-language-flag":["https:\/\/vapestornado.com\/wp-content\/uploads\/2024\/12\/Bang-Box-Vape-Disposable-Wholesale-20000-Puffs.jpg",12,12,false],"woocommerce_thumbnail":["https:\/\/vapestornado.com\/wp-content\/uploads\/2024\/12\/Bang-Box-Vape-Disposable-Wholesale-20000-Puffs-300x300.jpg",300,300,true],"woocommerce_single":["https:\/\/vapestornado.com\/wp-content\/uploads\/2024\/12\/Bang-Box-Vape-Disposable-Wholesale-20000-Puffs-600x600.jpg",600,600,true],"woocommerce_gallery_thumbnail":["https:\/\/vapestornado.com\/wp-content\/uploads\/2024\/12\/Bang-Box-Vape-Disposable-Wholesale-20000-Puffs-100x100.jpg",100,100,true]},"uagb_author_info":{"display_name":"ESAMY","author_link":"https:\/\/vapestornado.com\/sk\/author\/"},"uagb_comment_info":0,"uagb_excerpt":"Original Bang Box 20000 Puffs Disposable Vapes Puff 20K Vape Pen Bang Box 20K 20000 Puff Rechargeable Disposable Vape Cheap Price Bang Box 20K 20000 Puff Disposable Vape with Smart Screen Digital Display Add Amy's whatsapp get right reply and vape coupon! WhatsApp: +86 17776015835 &nbsp;","_links":{"self":[{"href":"https:\/\/vapestornado.com\/sk\/wp-json\/wp\/v2\/product\/3367","targetHints":{"allow":["GET"]}}],"collection":[{"href":"https:\/\/vapestornado.com\/sk\/wp-json\/wp\/v2\/product"}],"about":[{"href":"https:\/\/vapestornado.com\/sk\/wp-json\/wp\/v2\/types\/product"}],"replies":[{"embeddable":true,"href":"https:\/\/vapestornado.com\/sk\/wp-json\/wp\/v2\/comments?post=3367"}],"wp:featuredmedia":[{"embeddable":true,"href":"https:\/\/vapestornado.com\/sk\/wp-json\/wp\/v2\/media\/3346"}],"wp:attachment":[{"href":"https:\/\/vapestornado.com\/sk\/wp-json\/wp\/v2\/media?parent=3367"}],"wp:term":[{"taxonomy":"product_brand","embeddable":true,"href":"https:\/\/vapestornado.com\/sk\/wp-json\/wp\/v2\/product_brand?post=3367"},{"taxonomy":"product_cat","embeddable":true,"href":"https:\/\/vapestornado.com\/sk\/wp-json\/wp\/v2\/product_cat?post=3367"},{"taxonomy":"product_tag","embeddable":true,"href":"https:\/\/vapestornado.com\/sk\/wp-json\/wp\/v2\/product_tag?post=3367"}],"curies":[{"name":"wp","href":"https:\/\/api.w.org\/{rel}","templated":true}]}}