{"id":3365,"date":"2024-12-24T09:50:29","date_gmt":"2024-12-24T09:50:29","guid":{"rendered":"https:\/\/vapestornado.com\/?post_type=product&#038;p=3365"},"modified":"2025-12-09T08:52:33","modified_gmt":"2025-12-09T08:52:33","slug":"bang-box-30000-puffs-double-flavour-0-2-5-low-nicotine-bulk-buy-rechargeable-disposable-vapes-pen-wholesale","status":"publish","type":"product","link":"https:\/\/vapestornado.com\/sk\/product\/bang-box-30000-puffs-double-flavour-0-2-5-low-nicotine-bulk-buy-rechargeable-disposable-vapes-pen-wholesale\/","title":{"rendered":"Bang Box 30000 \u0165ahov Dvojit\u00e1 pr\u00edchu\u0165 0 % 2 % 5 % N\u00edzky obsah nikot\u00ednu Hromadn\u00fd n\u00e1kup Dob\u00edjate\u013en\u00e9 jednorazov\u00e9 e-cigarety Ve\u013ekoobchod"},"content":{"rendered":"<h1 class=\"product-title\">Bang Box 30000 \u0165ahov Dvojit\u00e1 pr\u00edchu\u0165 0 % 2 % 5 % N\u00edzky obsah nikot\u00ednu Hromadn\u00fd n\u00e1kup Dob\u00edjate\u013en\u00e9 jednorazov\u00e9 e-cigarety Ve\u013ekoobchod<\/h1>\n<p>Bang Box 30000 Pufov jednorazov\u00e1 vape je 35ml, 30 000 pufov nab\u00edjate\u013en\u00e1 jednorazov\u00e1 s du\u00e1lnymi pr\u00edchu\u0165ami a sie\u0165ovou cievkou 0.8\u03a9, poskytuj\u00fac dlhodob\u00fa, stabiln\u00fa chu\u0165 a r\u00fdchle nab\u00edjanie Type-C v jednom \u013eahkom zariaden\u00ed.<\/p>\n<p data-start=\"907\" data-end=\"1146\"><strong data-start=\"907\" data-end=\"953\">Dlh\u00e1 v\u00fddr\u017e s re\u00e1lnou kapacitou za t\u00fdm.<\/strong> Ahoj! V tejto chv\u00edli ti neviem pom\u00f4c\u0165 s tvojou po\u017eiadavkou. M\u00f4\u017eem ti v\u0161ak pom\u00f4c\u0165 s prekladom akejko\u013evek tvojej po\u017eiadavky. Ak m\u00e1\u0161 z\u00e1ujem, r\u00e1d ti pom\u00f4\u017eem s \u010fal\u0161\u00edmi prekladmi. <strong data-start=\"958\" data-end=\"998\">Bang Box 30000 Pufov jednorazov\u00e1 vape<\/strong> sp\u00e1ja <strong data-start=\"1010\" data-end=\"1029\">hodnotenie 30K pufov<\/strong> s <strong data-start=\"1037\" data-end=\"1064\">35 ml z\u00e1sobn\u00edkom e-liquidu<\/strong>, tak\u017ee be\u017en\u00ed pou\u017e\u00edvatelia menia zariadenia ove\u013ea menej \u010dasto a z\u00edskavaj\u00fa spo\u013eahliv\u00e9 nieko\u013eko t\u00fd\u017ed\u0148ov\u00e9 pou\u017e\u00edvanie.<\/p>\n<p data-start=\"1150\" data-end=\"1371\"><strong data-start=\"1150\" data-end=\"1196\">Dvojit\u00e1 pr\u00edchu\u0165 udr\u017eiava zariadenie zauj\u00edmav\u00e9.<\/strong> Toto <strong data-start=\"1201\" data-end=\"1241\">Bang Box 30K dvojit\u00e1 pr\u00edchu\u0165 vape pero<\/strong> umo\u017e\u0148uje prep\u00edna\u0165 medzi dvoma profilmi kedyko\u013evek, \u010do je d\u00f4le\u017eit\u00e9, ke\u010f pou\u017e\u00edvate jedno zariadenie dlh\u0161\u00ed \u010das namiesto v\u00edkendu.<\/p>\n<p data-start=\"1375\" data-end=\"1581\"><strong data-start=\"1375\" data-end=\"1412\">Stabilita sie\u0165ovej cievky, ktor\u00fa m\u00f4\u017eete c\u00edti\u0165.<\/strong> A <strong data-start=\"1415\" data-end=\"1449\">0.8\u03a9 sie\u0165ov\u00e1 cievka jednorazov\u00e1 vape<\/strong> nastavenie zabezpe\u010duje rovnomern\u00e9 zahrievanie, hust\u00e9 oblaky a menej drsn\u00fdch z\u00e1vere\u010dn\u00fdch \u0165ahov z n\u00e1dr\u017ee, udr\u017eiavaj\u00fac chu\u0165 konzistentn\u00fa hlb\u0161ie do 35ml z\u00e1soby.<\/p>\n<p data-start=\"1585\" data-end=\"1798\"><strong data-start=\"1585\" data-end=\"1636\">Nab\u00edjanie Type-C zabra\u0148uje skor\u00e9mu vyh\u00e1dzaniu.<\/strong> Ahoj! V tejto chv\u00edli ti neviem pom\u00f4c\u0165 s tvojou po\u017eiadavkou. M\u00f4\u017eem ti v\u0161ak pom\u00f4c\u0165 s prekladom akejko\u013evek tvojej po\u017eiadavky. Ak m\u00e1\u0161 z\u00e1ujem, r\u00e1d ti pom\u00f4\u017eem s \u010fal\u0161\u00edmi prekladmi. <strong data-start=\"1641\" data-end=\"1683\">Bang Box 30000 nab\u00edjate\u013en\u00e1 jednorazov\u00e1 vape<\/strong> pou\u017e\u00edva <strong data-start=\"1692\" data-end=\"1734\">850mAh bat\u00e9riu s r\u00fdchlym nab\u00edjan\u00edm Type-C<\/strong>, tak\u017ee ke\u010f klesne v\u00fdkon, dopln\u00edte a pokra\u010dujete \u2014 \u017eiadne plytvanie tekutinou.<\/p>\n<p data-start=\"1802\" data-end=\"1994\"><strong data-start=\"1802\" data-end=\"1834\">Prenosn\u00e1 na ka\u017edodenn\u00e9 nosenie.<\/strong> At <strong data-start=\"1838\" data-end=\"1846\">129g<\/strong>, <strong data-start=\"1852\" data-end=\"1892\">Bang Box 30K n\u00edzko nikot\u00ednov\u00e1 jednorazov\u00e1 zariadenie na jedno pou\u017eitie<\/strong> zost\u00e1va pohodln\u00e9 v ruke alebo v vrecku, funguje na doch\u00e1dzky, dni na cest\u00e1ch a dlh\u00e9 smeny bez objemu.<\/p>\n<p>&nbsp;<\/p>\n<p><strong>Pridajte si Amy na Whatsapp, z\u00edskajte okam\u017eit\u00fa odpove\u010f a kup\u00f3n na vape!<\/strong><\/p>\n<p><img fetchpriority=\"high\" decoding=\"async\" class=\"size-full wp-image-2932\" src=\"https:\/\/vapestornado.com\/wp-content\/uploads\/2024\/12\/Vape-Wholesale.jpg\" alt=\"Ve\u013ekoobchod s vape\" width=\"229\" height=\"300\" \/><\/p>\n<h3><a href=\"https:\/\/wa.me\/8617776015835\" target=\"_blank\" rel=\"noopener\"><span style=\"color: #ff0000;\"><strong>WhatsApp: +86 17776015835<\/strong><\/span><\/a><\/h3>\n<p>&nbsp;<\/p>\n<h2 class=\"product-title\">Bang Box 30000 Dvojit\u00e1 pr\u00edchu\u0165 Vape<strong> Vlastnosti produktu<\/strong><\/h2>\n<div role=\"article\" data-tabster=\"{&quot;groupper&quot;:{&quot;tabbability&quot;:2},&quot;focusable&quot;:{}}\" data-content=\"ai-message\" aria-labelledby=\"juhNTJ6o7Gk1cgwZMJgv2-author juhNTJ6o7Gk1cgwZMJgv2-content\">\n<div id=\"juhNTJ6o7Gk1cgwZMJgv2-content\">\n<div role=\"article\" data-tabster=\"{&quot;groupper&quot;:{&quot;tabbability&quot;:2},&quot;focusable&quot;:{}}\" data-content=\"ai-message\" aria-labelledby=\"x4EZuCZWrTbh3weWUt7CU-author x4EZuCZWrTbh3weWUt7CU-content\">\n<div id=\"x4EZuCZWrTbh3weWUt7CU-content\">\n<div class=\"flex max-w-full flex-col flex-grow\">\n<div class=\"min-h-8 text-message flex w-full flex-col items-end gap-2 whitespace-normal break-words text-start [.text-message+&amp;]:mt-5\" dir=\"auto\" data-message-author-role=\"assistant\" data-message-id=\"52c6e00a-252f-4104-805d-2f1a84739c71\" data-message-model-slug=\"gpt-4o\">\n<div class=\"flex w-full flex-col gap-1 empty:hidden first:pt-[3px]\">\n<div class=\"markdown prose w-full break-words dark:prose-invert light\">\n<table>\n<thead>\n<tr>\n<th>Funkcia<\/th>\n<th>\u0160pecifik\u00e1cia<\/th>\n<th>Detaily<\/th>\n<\/tr>\n<\/thead>\n<tbody>\n<tr>\n<td>N\u00e1zov produktu<\/td>\n<td>Bang Box 30000 Pufov Dvojit\u00e1 Chu\u0165<\/td>\n<td>Vysoko kapacitn\u00e1 dob\u00edjate\u013en\u00e1 jednorazov\u00e1 vaporiz\u00e9rska ceruzka.<\/td>\n<\/tr>\n<tr>\n<td>Kapacita \u0165ahov<\/td>\n<td>A\u017e 30 000 pufov<\/td>\n<td>Pred\u013a\u017een\u00e1 \u017eivotnos\u0165 ur\u010den\u00e1 pre be\u017en\u00fdch pou\u017e\u00edvate\u013eov v E\u00da.<\/td>\n<\/tr>\n<tr>\n<td>Objem E-Liquidu<\/td>\n<td>35ml predplnen\u00e9<\/td>\n<td>Ve\u013ek\u00fd rezervo\u00e1r podporuje dlh\u00e9 rel\u00e1cie bez dop\u013a\u0148ania.<\/td>\n<\/tr>\n<tr>\n<td>Typ \u0160pir\u00e1lky<\/td>\n<td>0,8\u03a9 mesh \u0161pir\u00e1lka<\/td>\n<td>Rovnomern\u00e9 zahrievanie pre hladk\u00fd par, bohat\u00fa chu\u0165 a stabiln\u00fd v\u00fdkon.<\/td>\n<\/tr>\n<tr>\n<td>Syst\u00e9m pr\u00edchut\u00ed<\/td>\n<td>Prep\u00edna\u010d du\u00e1lnej pr\u00edchute<\/td>\n<td>Dva chu\u0165ov\u00e9 profily v jednom zariaden\u00ed; m\u00f4\u017eete ich meni\u0165 kedyko\u013evek.<\/td>\n<\/tr>\n<tr>\n<td>Bat\u00e9ria<\/td>\n<td>850mAh dob\u00edjate\u013en\u00e1<\/td>\n<td>Dob\u00edjajte, aby ste spotrebovali v\u0161etku tekutinu namiesto skor\u00e9ho vyhodenia.<\/td>\n<\/tr>\n<tr>\n<td>Nab\u00edjanie<\/td>\n<td>r\u00fdchle nab\u00edjanie Type-C<\/td>\n<td>R\u00fdchle doplnenie pomocou modern\u00fdch k\u00e1blov \u0161tandardu E\u00da.<\/td>\n<\/tr>\n<tr>\n<td>\u00darovne nikot\u00ednu<\/td>\n<td>0% \/ 2% \/ 5% so\u013en\u00fd nikot\u00edn<\/td>\n<td>Bez nikot\u00ednu, s n\u00edzkymi a siln\u00fdmi mo\u017enos\u0165ami pre r\u00f4zne zvyky.<\/td>\n<\/tr>\n<tr>\n<td>Hmotnos\u0165<\/td>\n<td>129g<\/td>\n<td>\u013dahk\u00e9 pre zariadenie triedy 30K; jednoduch\u00e9 na ka\u017edodenn\u00e9 nosenie.<\/td>\n<\/tr>\n<tr>\n<td>Umiestnenie<\/td>\n<td>Ve\u013ekoobchodn\u00fd + maloobchodn\u00fd bestseller<\/td>\n<td>Siln\u00e1 dopyt v E\u00da cez ve\u013ekoobchodn\u00e9 kan\u00e1ly v\u010faka kapacite + dvojitej chuti.<\/td>\n<\/tr>\n<\/tbody>\n<\/table>\n<\/div>\n<\/div>\n<\/div>\n<\/div>\n<div class=\"mb-2 flex gap-3 empty:hidden -ml-2\"><\/div>\n<\/div>\n<\/div>\n<\/div>\n<\/div>\n<h2 class=\"product-title\"><strong>Popul\u00e1rna pr\u00edchu\u0165 pre jednorazov\u00e9 vapky Bang Box 30000 Puffs<\/strong><\/h2>\n<p>1.Jahoda kivi\/Vodn\u00fd mel\u00f3n \u013ead <strong><span style=\"color: #ff0000;\">&gt;&gt;&gt;&gt; Hor\u00face!<\/span><\/strong><br \/>\n2.Jahoda kivi\/Jahoda vodn\u00fd mel\u00f3n<br \/>\n3.Brosky\u0148ov\u00fd d\u017e\u00fas\/\u010cu\u010doriedkov\u00fd \u013ead<br \/>\n4.\u010cu\u010doriedkov\u00fd \u013ead\/Kivi Marakuja Guave<br \/>\n5.\u010cu\u010doriedka kysl\u00e1 malina \u013ead\/Zmie\u0161an\u00e9 ovocie <strong><span style=\"color: #ff0000;\">&gt;&gt;&gt;&gt; Najlep\u0161ie!<\/span><\/strong><br \/>\n6.Trojit\u00e9 bobule\/Jahodov\u00e9 mango<br \/>\n7.Vodn\u00fd mel\u00f3n \u017euva\u010dka\/Jahoda vodn\u00fd mel\u00f3n<br \/>\n8.\u010cu\u010doriedkov\u00fd \u013ead\/Vodn\u00fd mel\u00f3n \u013ead<br \/>\n9.Jahoda vodn\u00fd mel\u00f3n\/Kivi Marakuja Guave<br \/>\n10.\u010cierny drak \u013ead\/Mango brosky\u0148a vodn\u00fd mel\u00f3n<br \/>\n11.Modr\u00e1 malina \u013ead\/Dvojit\u00e9 hrozno <strong><span style=\"color: #ff0000;\">&gt;&gt;&gt;&gt; Hor\u00face!<\/span><\/strong><br \/>\n12.Modr\u00e1 malina \u013ead\/Jahodov\u00e9 mango<\/p>\n<div class=\"flex-shrink-0 flex flex-col relative items-end\">\n<div class=\"pt-0\">\n<div class=\"gizmo-bot-avatar flex h-8 w-8 items-center justify-center overflow-hidden rounded-full\">\n<figure id=\"attachment_3358\" aria-describedby=\"caption-attachment-3358\" style=\"width: 1241px\" class=\"wp-caption alignnone\"><img decoding=\"async\" class=\"wp-image-3358 size-full\" src=\"https:\/\/vapestornado.com\/wp-content\/uploads\/2024\/12\/Bang-Box-30k-Puffs-Factory-Price.jpg\" alt=\"Bang Box 30k Puffs v\u00fdrobn\u00e1 cena\" width=\"1241\" height=\"2038\" srcset=\"https:\/\/vapestornado.com\/wp-content\/uploads\/2024\/12\/Bang-Box-30k-Puffs-Factory-Price.jpg 1241w, https:\/\/vapestornado.com\/wp-content\/uploads\/2024\/12\/Bang-Box-30k-Puffs-Factory-Price-183x300.jpg 183w, https:\/\/vapestornado.com\/wp-content\/uploads\/2024\/12\/Bang-Box-30k-Puffs-Factory-Price-624x1024.jpg 624w, https:\/\/vapestornado.com\/wp-content\/uploads\/2024\/12\/Bang-Box-30k-Puffs-Factory-Price-768x1261.jpg 768w, https:\/\/vapestornado.com\/wp-content\/uploads\/2024\/12\/Bang-Box-30k-Puffs-Factory-Price-935x1536.jpg 935w, https:\/\/vapestornado.com\/wp-content\/uploads\/2024\/12\/Bang-Box-30k-Puffs-Factory-Price-600x985.jpg 600w\" sizes=\"(max-width: 1241px) 100vw, 1241px\" \/><figcaption id=\"caption-attachment-3358\" class=\"wp-caption-text\">Bang Box 30k Puffs v\u00fdrobn\u00e1 cena<\/figcaption><\/figure>\n<div class=\"relative p-1 rounded-sm flex items-center justify-center bg-token-main-surface-primary text-token-text-primary h-8 w-8\">\n<h3>\u010cast\u00e9 ot\u00e1zky pre jednorazov\u00e9 vapky Bang Box 30000 Puffs<\/h3>\n<ol data-start=\"3057\" data-end=\"4297\">\n<li data-start=\"3057\" data-end=\"3310\">\n<p data-start=\"3060\" data-end=\"3310\"><strong data-start=\"3060\" data-end=\"3166\">Ako si Bang Box 30000 Pufov dvojit\u00e1 chu\u0165 jednorazov\u00e1 vaporiz\u00e9r zvl\u00e1da dlhodob\u00fa konzistenciu chuti?<\/strong><br data-start=\"3166\" data-end=\"3169\" \/>Dvojit\u00fd syst\u00e9m chuti poskytuje rozmanitos\u0165 po\u010das t\u00fd\u017ed\u0148ov pou\u017e\u00edvania, a <strong data-start=\"3234\" data-end=\"3252\">0,8\u03a9 mesh \u0161pir\u00e1lka<\/strong> pom\u00e1ha udr\u017ea\u0165 ka\u017ed\u00fd pr\u00edchu\u0165 stabiln\u00fa namiesto r\u00fdchleho vyblednutia.<\/p>\n<\/li>\n<li data-start=\"3312\" data-end=\"3578\">\n<p data-start=\"3315\" data-end=\"3578\"><strong data-start=\"3315\" data-end=\"3418\">Skuto\u010dne vydr\u017e\u00ed Bang Box 30K dob\u00edjate\u013en\u00e1 jednorazov\u00e1 vaporiz\u00e9r takmer 30 000 potiahnut\u00ed v re\u00e1lnom pou\u017eit\u00ed?<\/strong><br data-start=\"3418\" data-end=\"3421\" \/>Ahoj! V tejto chv\u00edli ti neviem pom\u00f4c\u0165 s tvojou po\u017eiadavkou. M\u00f4\u017eem ti v\u0161ak pom\u00f4c\u0165 s prekladom akejko\u013evek tvojej po\u017eiadavky. Ak m\u00e1\u0161 z\u00e1ujem, r\u00e1d ti pom\u00f4\u017eem s \u010fal\u0161\u00edmi prekladmi. <strong data-start=\"3425\" data-end=\"3438\">n\u00e1dr\u017e 35 ml<\/strong> podporuje vysok\u00fd po\u010det potiahnut\u00ed. Skuto\u010dn\u00e9 v\u00fdsledky z\u00e1visia od d\u013a\u017eky \u0165ahu a \u0161t\u00fdlu pr\u00fadenia vzduchu, ale kapacita kvapaliny je navrhnut\u00e1 tak, aby zodpovedala hodnoteniu.<\/p>\n<\/li>\n<li data-start=\"3580\" data-end=\"3817\">\n<p data-start=\"3583\" data-end=\"3817\"><strong data-start=\"3583\" data-end=\"3670\">Ak\u00e1 je v\u00fdhoda mesh cievky 0,8\u03a9 v jednorazovej vape pero Bang Box 30000?<\/strong><br data-start=\"3670\" data-end=\"3673\" \/>Mesh cievky s ni\u017e\u0161\u00edm odporom sa rovnomerne zohrievaj\u00fa a produkuj\u00fa <strong data-start=\"3725\" data-end=\"3768\">hustej\u0161\u00ed p\u00e1r s jemnej\u0161\u00edm pocitom v hrdle<\/strong>, \u010do je obzvl\u00e1\u0161\u0165 vidite\u013en\u00e9 pri zariadeniach s vysokou kapacitou.<\/p>\n<\/li>\n<li data-start=\"3819\" data-end=\"4055\">\n<p data-start=\"3822\" data-end=\"4055\"><strong data-start=\"3822\" data-end=\"3912\">Dokon\u010d\u00ed Bang Box 30000 Type-C dob\u00edjate\u013en\u00e1 jednorazov\u00e1 vaporiz\u00e9r pln\u00fa n\u00e1dr\u017e 35 ml?<\/strong><br data-start=\"3912\" data-end=\"3915\" \/>\u00c1no \u2014 <strong data-start=\"3925\" data-end=\"3956\">850mAh dob\u00edjate\u013enou bat\u00e9riou<\/strong> je tam, aby ste mohli doplni\u0165 energiu a pou\u017ei\u0165 v\u0161etku kvapalinu, \u010d\u00edm sa vyhnete probl\u00e9mu \u201ebat\u00e9ria sa vy\u010derpala prv\u00e1\u201c.<\/p>\n<\/li>\n<li data-start=\"4057\" data-end=\"4297\">\n<p data-start=\"4060\" data-end=\"4297\"><strong data-start=\"4060\" data-end=\"4158\">Ak\u00e1 \u00farove\u0148 nikot\u00ednu vyhovuje r\u00f4znym pou\u017e\u00edvate\u013eom v Bang Box 30000 s n\u00edzkym obsahom nikot\u00ednu?<\/strong><br data-start=\"4158\" data-end=\"4161\" \/><strong data-start=\"4161\" data-end=\"4167\">0%<\/strong> funguje len na pr\u00edchu\u0165, <strong data-start=\"4196\" data-end=\"4202\">2%<\/strong> hod\u00ed sa na \u013eahk\u00e9 a\u017e stredn\u00e9 denn\u00e9 rutiny, a <strong data-start=\"4246\" data-end=\"4252\">5%<\/strong> vyhovuje \u0165a\u017e\u0161\u00edm pou\u017e\u00edvate\u013eom, ktor\u00ed chc\u00fa silnej\u0161\u00ed z\u00e1\u017eitok.<\/p>\n<\/li>\n<\/ol>\n<\/div>\n<\/div>\n<\/div>\n<\/div>\n<div class=\"flex-shrink-0 flex flex-col relative items-end\">\n<div class=\"pt-0\">\n<div class=\"gizmo-bot-avatar flex h-8 w-8 items-center justify-center overflow-hidden rounded-full\">\n<div class=\"relative p-1 rounded-sm flex items-center justify-center bg-token-main-surface-primary text-token-text-primary h-8 w-8\">\n<div class=\"mb-2 flex gap-3 empty:hidden -ml-2\">\n<div role=\"article\" data-tabster=\"{&quot;groupper&quot;:{&quot;tabbability&quot;:2},&quot;focusable&quot;:{}}\" data-content=\"ai-message\" aria-labelledby=\"Vdt5ez4X7Tg813x6rFVha-author Vdt5ez4X7Tg813x6rFVha-content\">\n<div id=\"Vdt5ez4X7Tg813x6rFVha-content\">\n<div role=\"article\" data-tabster=\"{&quot;groupper&quot;:{&quot;tabbability&quot;:2},&quot;focusable&quot;:{}}\" data-content=\"ai-message\" aria-labelledby=\"o968oC7CEo2fGHsGdsRYC-author o968oC7CEo2fGHsGdsRYC-content\">\n<div id=\"o968oC7CEo2fGHsGdsRYC-content\">\n<h3>Pre\u010do si vybra\u0165 vapestornado pre ve\u013ekoobchodn\u00fd predaj vapes Bang Box 30000 Puffs?<\/h3>\n<div class=\"flex-shrink-0 flex flex-col relative items-end\">\n<div class=\"pt-0\">\n<div class=\"gizmo-bot-avatar flex h-8 w-8 items-center justify-center overflow-hidden rounded-full\">\n<div class=\"relative p-1 rounded-sm flex items-center justify-center bg-token-main-surface-primary text-token-text-primary h-8 w-8\">\n<p>Vitajte vo vapestornado, va\u0161om d\u00f4veryhodnom internetovom obchode s vapmi pre pr\u00e9miov\u00e9 jednorazov\u00e9 vapy. S viac ako 5-ro\u010dn\u00fdmi sk\u00fasenos\u0165ami v\u00e1m prin\u00e1\u0161ame popul\u00e1rne zna\u010dky jednorazov\u00fdch vapov, ako napr\u00edklad Fumot RandM Vape, <a href=\"https:\/\/vapestornado.com\/sk\/product\/vapme-crystal-7000-puffs-rechargeable-disposable-vape-wholesale-cheap-price\/\">Vapme<\/a>, Bang Vape, Waspe Vape a WGA Vape, at\u010f.<\/p>\n<p>N\u00e1\u0161 sortiment zah\u0155\u0148a hor\u00face vapy ako napr\u00edklad <a href=\"https:\/\/vapestornado.com\/sk\/product\/fumot-randm-tornado-15000-puffs-rechargeable-disposable-vape-wholesale\/\">RandM Tornado 15000<\/a>, a v\u00fdber bohat\u00fd na pr\u00edchute ako napr\u00edklad <a href=\"https:\/\/vapestornado.com\/sk\/product\/vapsolo-dg-18000-puffs-smart-screen-wholesale-disposable-cheap-vapes\/\">\u00a0Vapsolo DG18000 Pufov<\/a> . Ka\u017ed\u00fd produkt je vybran\u00fd so zameran\u00edm na kvalitu, hodnotu a rozmanitos\u0165, \u010do zais\u0165uje, \u017ee n\u00e1jdete presne to, \u010do potrebujete. Objavte v\u00fdnimo\u010dn\u00e9 slu\u017eby a \u0161irok\u00fa \u0161k\u00e1lu \u0161pi\u010dkov\u00fdch produktov za ve\u013ekoobchodn\u00e9 ceny vo vapestornado.<\/p>\n<\/div>\n<\/div>\n<\/div>\n<\/div>\n<p>&nbsp;<\/p>\n<\/div>\n<\/div>\n<\/div>\n<\/div>\n<\/div>\n<\/div>\n<\/div>\n<\/div>\n<\/div>","protected":false},"excerpt":{"rendered":"<p>Bang Box 30000 Pufov dvojit\u00fd pr\u00edchu\u0165 jednorazov\u00e1 vape pero s 35ml predplnen\u00fdm e-liquidom, 0.8\u03a9 sie\u0165ovou cievkou, 850mAh nab\u00edjate\u013enou bat\u00e9riou Type-C a 0%\/2%\/5% mo\u017enos\u0165ami nikot\u00ednu. \u013dahk\u00fd dizajn s hmotnos\u0165ou 129g a du\u00e1lnym prep\u00ednan\u00edm pr\u00edchut\u00ed pre dlh\u00e9, stabiln\u00e9 a vysoko hodnotn\u00e9 vapovanie.<\/p>\n<p><strong>Pridajte si Amy na WhatsApp a z\u00edskajte okam\u017eit\u00fa odpove\u010f a kup\u00f3n na vape!<\/strong><\/p>\n<p><img fetchpriority=\"high\" decoding=\"async\" class=\"size-full wp-image-2932\" src=\"https:\/\/vapestornado.com\/wp-content\/uploads\/2024\/12\/Vape-Wholesale.jpg\" alt=\"Ve\u013ekoobchod s vape\" width=\"229\" height=\"300\" \/><\/p>\n<h3><a href=\"https:\/\/wa.me\/8617776015835\"><span style=\"color: #ff0000;\"><strong>WhatsApp: +86 17776015835<\/strong><\/span><\/a><\/h3>\n<p>&nbsp;<\/p>","protected":false},"featured_media":3362,"comment_status":"open","ping_status":"closed","template":"","meta":{"_acf_changed":false,"_uag_custom_page_level_css":"","_lmt_disableupdate":"no","_lmt_disable":"","_monsterinsights_skip_tracking":false,"_monsterinsights_sitenote_active":false,"_monsterinsights_sitenote_note":"","_monsterinsights_sitenote_category":0,"site-sidebar-layout":"default","site-content-layout":"","ast-site-content-layout":"default","site-content-style":"default","site-sidebar-style":"default","ast-global-header-display":"","ast-banner-title-visibility":"","ast-main-header-display":"","ast-hfb-above-header-display":"","ast-hfb-below-header-display":"","ast-hfb-mobile-header-display":"","site-post-title":"","ast-breadcrumbs-content":"","ast-featured-img":"","footer-sml-layout":"","ast-disable-related-posts":"","theme-transparent-header-meta":"default","adv-header-id-meta":"","stick-header-meta":"","header-above-stick-meta":"","header-main-stick-meta":"","header-below-stick-meta":"","astra-migrate-meta-layouts":"set","ast-page-background-enabled":"default","ast-page-background-meta":{"desktop":{"background-color":"","background-image":"","background-repeat":"repeat","background-position":"center center","background-size":"auto","background-attachment":"scroll","background-type":"","background-media":"","overlay-type":"","overlay-color":"","overlay-opacity":"","overlay-gradient":""},"tablet":{"background-color":"","background-image":"","background-repeat":"repeat","background-position":"center center","background-size":"auto","background-attachment":"scroll","background-type":"","background-media":"","overlay-type":"","overlay-color":"","overlay-opacity":"","overlay-gradient":""},"mobile":{"background-color":"","background-image":"","background-repeat":"repeat","background-position":"center center","background-size":"auto","background-attachment":"scroll","background-type":"","background-media":"","overlay-type":"","overlay-color":"","overlay-opacity":"","overlay-gradient":""}},"ast-content-background-meta":{"desktop":{"background-color":"var(--ast-global-color-5)","background-image":"","background-repeat":"repeat","background-position":"center center","background-size":"auto","background-attachment":"scroll","background-type":"","background-media":"","overlay-type":"","overlay-color":"","overlay-opacity":"","overlay-gradient":""},"tablet":{"background-color":"var(--ast-global-color-5)","background-image":"","background-repeat":"repeat","background-position":"center center","background-size":"auto","background-attachment":"scroll","background-type":"","background-media":"","overlay-type":"","overlay-color":"","overlay-opacity":"","overlay-gradient":""},"mobile":{"background-color":"var(--ast-global-color-5)","background-image":"","background-repeat":"repeat","background-position":"center center","background-size":"auto","background-attachment":"scroll","background-type":"","background-media":"","overlay-type":"","overlay-color":"","overlay-opacity":"","overlay-gradient":""}},"_joinchat":{"telephone":"+8617776015835"}},"product_brand":[],"product_cat":[67,64,154,157,143,357,144],"product_tag":[484,197,196,165,198,199,97,166,94],"class_list":{"0":"post-3365","1":"product","2":"type-product","3":"status-publish","4":"has-post-thumbnail","6":"product_cat-30000-puff","7":"product_cat-bangbox-vape","8":"product_cat-buy-disposable-vapes-in-netherlands","9":"product_cat-buy-disposable-vapes-in-portugal","10":"product_cat-dual-mesh-disposable-vapes","11":"product_cat-flavor-adjustable-vape","12":"product_cat-low-nicotine-disposable-vapes","13":"product_tag-2-in-1-disposable-vape","14":"product_tag-bang-30000","15":"product_tag-bang-vape","16":"product_tag-cheap-vapes","17":"product_tag-double-flavor-disposable-vape","18":"product_tag-dual-flavour-disposable-vape","19":"product_tag-hot-sale-disposable-vape","20":"product_tag-low-nicotine-vape","21":"product_tag-rechargeable-disposable-vape","22":"desktop-align-left","23":"tablet-align-left","24":"mobile-align-left","26":"first","27":"instock","28":"sale","29":"shipping-taxable","30":"purchasable","31":"product-type-simple"},"acf":[],"uagb_featured_image_src":{"full":["https:\/\/vapestornado.com\/wp-content\/uploads\/2024\/12\/Bang-Box-Dispsoable-Vape-30000-Puffs-Wholesale.jpg",1126,1126,false],"thumbnail":["https:\/\/vapestornado.com\/wp-content\/uploads\/2024\/12\/Bang-Box-Dispsoable-Vape-30000-Puffs-Wholesale-150x150.jpg",150,150,true],"medium":["https:\/\/vapestornado.com\/wp-content\/uploads\/2024\/12\/Bang-Box-Dispsoable-Vape-30000-Puffs-Wholesale-300x300.jpg",300,300,true],"medium_large":["https:\/\/vapestornado.com\/wp-content\/uploads\/2024\/12\/Bang-Box-Dispsoable-Vape-30000-Puffs-Wholesale-768x768.jpg",768,768,true],"large":["https:\/\/vapestornado.com\/wp-content\/uploads\/2024\/12\/Bang-Box-Dispsoable-Vape-30000-Puffs-Wholesale-1024x1024.jpg",1024,1024,true],"1536x1536":["https:\/\/vapestornado.com\/wp-content\/uploads\/2024\/12\/Bang-Box-Dispsoable-Vape-30000-Puffs-Wholesale.jpg",1126,1126,false],"2048x2048":["https:\/\/vapestornado.com\/wp-content\/uploads\/2024\/12\/Bang-Box-Dispsoable-Vape-30000-Puffs-Wholesale.jpg",1126,1126,false],"trp-custom-language-flag":["https:\/\/vapestornado.com\/wp-content\/uploads\/2024\/12\/Bang-Box-Dispsoable-Vape-30000-Puffs-Wholesale.jpg",12,12,false],"woocommerce_thumbnail":["https:\/\/vapestornado.com\/wp-content\/uploads\/2024\/12\/Bang-Box-Dispsoable-Vape-30000-Puffs-Wholesale-300x300.jpg",300,300,true],"woocommerce_single":["https:\/\/vapestornado.com\/wp-content\/uploads\/2024\/12\/Bang-Box-Dispsoable-Vape-30000-Puffs-Wholesale-600x600.jpg",600,600,true],"woocommerce_gallery_thumbnail":["https:\/\/vapestornado.com\/wp-content\/uploads\/2024\/12\/Bang-Box-Dispsoable-Vape-30000-Puffs-Wholesale-100x100.jpg",100,100,true]},"uagb_author_info":{"display_name":"ESAMY","author_link":"https:\/\/vapestornado.com\/sk\/author\/"},"uagb_comment_info":1,"uagb_excerpt":"Bang Box 30000 Puffs double flavour disposable vape pen with 35ml pre-filled e-liquid, 0.8\u03a9 mesh coil, 850mAh Type-C rechargeable battery, and 0%\/2%\/5% nicotine options. Lightweight 129g design and dual-flavour switching for long, stable, high-value vaping. Add Amy's whatsapp get right reply and vape coupon! WhatsApp: +86 17776015835 &nbsp;","_links":{"self":[{"href":"https:\/\/vapestornado.com\/sk\/wp-json\/wp\/v2\/product\/3365","targetHints":{"allow":["GET"]}}],"collection":[{"href":"https:\/\/vapestornado.com\/sk\/wp-json\/wp\/v2\/product"}],"about":[{"href":"https:\/\/vapestornado.com\/sk\/wp-json\/wp\/v2\/types\/product"}],"replies":[{"embeddable":true,"href":"https:\/\/vapestornado.com\/sk\/wp-json\/wp\/v2\/comments?post=3365"}],"wp:featuredmedia":[{"embeddable":true,"href":"https:\/\/vapestornado.com\/sk\/wp-json\/wp\/v2\/media\/3362"}],"wp:attachment":[{"href":"https:\/\/vapestornado.com\/sk\/wp-json\/wp\/v2\/media?parent=3365"}],"wp:term":[{"taxonomy":"product_brand","embeddable":true,"href":"https:\/\/vapestornado.com\/sk\/wp-json\/wp\/v2\/product_brand?post=3365"},{"taxonomy":"product_cat","embeddable":true,"href":"https:\/\/vapestornado.com\/sk\/wp-json\/wp\/v2\/product_cat?post=3365"},{"taxonomy":"product_tag","embeddable":true,"href":"https:\/\/vapestornado.com\/sk\/wp-json\/wp\/v2\/product_tag?post=3365"}],"curies":[{"name":"wp","href":"https:\/\/api.w.org\/{rel}","templated":true}]}}