{"id":3338,"date":"2024-12-23T09:49:23","date_gmt":"2024-12-23T09:49:23","guid":{"rendered":"https:\/\/vapestornado.com\/?post_type=product&#038;p=3338"},"modified":"2025-12-08T09:54:00","modified_gmt":"2025-12-08T09:54:00","slug":"bood-twins-46000-puff-double-flavour-low-nicotine-disposable-vape-wholesale-bulk-buy-price","status":"publish","type":"product","link":"https:\/\/vapestornado.com\/sk\/product\/bood-twins-46000-puff-double-flavour-low-nicotine-disposable-vape-wholesale-bulk-buy-price\/","title":{"rendered":"Bood Twins 46000 \u0165ahov Dvojit\u00e1 pr\u00edchu\u0165 Jednorazov\u00fd vaporiz\u00e9r s n\u00edzkym obsahom nikot\u00ednu Ve\u013ekoobchod N\u00e1kup vo ve\u013ekom Cena"},"content":{"rendered":"<h2 class=\"product-title\">Bood Twins 46000 Puff Jednorazov\u00e1 Vape Pod s Dvojitou Pr\u00edchu\u0165ou, Prep\u00edna\u010d Dvoch Pr\u00edchut\u00ed a Inteligentn\u00e1 LED Obrazovka<\/h2>\n<p data-start=\"1069\" data-end=\"1289\">Ahoj! V tejto chv\u00edli ti neviem pom\u00f4c\u0165 s tvojou po\u017eiadavkou. M\u00f4\u017eem ti v\u0161ak pom\u00f4c\u0165 s prekladom akejko\u013evek tvojej po\u017eiadavky. Ak m\u00e1\u0161 z\u00e1ujem, r\u00e1d ti pom\u00f4\u017eem s \u010fal\u0161\u00edmi prekladmi. <strong data-start=\"113\" data-end=\"138\">Bood Twins 46000 Puf<\/strong> je jednorazov\u00e1 vape pod s vysokou kapacitou, ur\u010den\u00e1 pre pou\u017e\u00edvate\u013eov, ktor\u00ed chc\u00fa dve pr\u00edchute v jednom zariaden\u00ed a \u017eivotnos\u0165, ktor\u00e1 sa neskon\u010d\u00ed po nieko\u013ek\u00fdch d\u0148och. Poskytuje <strong data-start=\"286\" data-end=\"308\">a\u017e 46 000 potiahnut\u00ed<\/strong>, funguje na <strong data-start=\"320\" data-end=\"344\">30 ml predplnenej n\u00e1dr\u017eke<\/strong>a prid\u00e1va <strong data-start=\"357\" data-end=\"380\">prep\u00edna\u010d dvoch pr\u00edchut\u00ed<\/strong> tak\u017ee m\u00f4\u017eete meni\u0165 chu\u0165 bez toho, aby ste museli meni\u0165 zariadenia. A <strong data-start=\"433\" data-end=\"485\">650mAh dob\u00edjate\u013en\u00e1 bat\u00e9ria s nab\u00edjan\u00edm Type-C<\/strong> udr\u017euje ho pri \u017eivote, k\u00fdm sa tekutina nespotrebuje, zatia\u013e \u010do <strong data-start=\"541\" data-end=\"561\">LED smart obrazovka<\/strong> zobrazuje po\u010det potiahnut\u00ed, \u00farove\u0148 bat\u00e9rie a stav e-liquidu v re\u00e1lnom \u010dase.<\/p>\n<h3 data-start=\"862\" data-end=\"937\">Pre\u010do m\u00e1 zmysel k\u00fapi\u0165 si tento Bood Twins 46000 puff?<\/h3>\n<ul data-start=\"939\" data-end=\"1937\">\n<li data-start=\"939\" data-end=\"1160\">\n<p data-start=\"941\" data-end=\"1160\"><strong data-start=\"941\" data-end=\"978\">Kapacita podporen\u00e1 skuto\u010dn\u00fdm hardv\u00e9rom.<\/strong> Hodnota 46K nie je len \u010d\u00edslo na krabici \u2013 je podporen\u00e1 <strong data-start=\"1045\" data-end=\"1065\">30 ml e-liquidu<\/strong> a nab\u00edjate\u013enou bat\u00e9riou, tak\u017ee zariadenie m\u00f4\u017ee re\u00e1lne fungova\u0165 dlho bez toho, aby sa skoro vybilo.<\/p>\n<\/li>\n<li data-start=\"1162\" data-end=\"1385\">\n<p data-start=\"1164\" data-end=\"1385\"><strong data-start=\"1164\" data-end=\"1200\">Dve pr\u00edchute bez zbyto\u010dn\u00e9ho objemu.<\/strong> Ahoj! V tejto chv\u00edli ti neviem pom\u00f4c\u0165 s tvojou po\u017eiadavkou. M\u00f4\u017eem ti v\u0161ak pom\u00f4c\u0165 s prekladom akejko\u013evek tvojej po\u017eiadavky. Ak m\u00e1\u0161 z\u00e1ujem, r\u00e1d ti pom\u00f4\u017eem s \u010fal\u0161\u00edmi prekladmi. <strong data-start=\"1205\" data-end=\"1230\">syst\u00e9m s dvojitou pr\u00edchu\u0165ou<\/strong> je praktick\u00fd na ka\u017edodenn\u00e9 pou\u017eitie: prep\u00ednajte medzi profilmi, ke\u010f sa v\u00e1m zmen\u00ed chu\u0165, namiesto toho, aby ste nosili dve jednorazov\u00e9 zariadenia alebo uviazli s jednou pr\u00edchu\u0165ou na t\u00fd\u017edne.<\/p>\n<\/li>\n<li data-start=\"1387\" data-end=\"1562\">\n<p data-start=\"1389\" data-end=\"1562\"><strong data-start=\"1389\" data-end=\"1450\">Nab\u00edjate\u013en\u00e1 energia odstra\u0148uje obvykl\u00fa slabinu jednorazov\u00fdch zariaden\u00ed.<\/strong> S <strong data-start=\"1456\" data-end=\"1489\">650mAh + Type-C r\u00fdchle nab\u00edjanie<\/strong>, bat\u00e9ria nebude d\u00f4vodom, pre\u010do prestanete pou\u017e\u00edva\u0165. Doplnte a pokra\u010dujte.<\/p>\n<\/li>\n<li data-start=\"1564\" data-end=\"1753\">\n<p data-start=\"1566\" data-end=\"1753\"><strong data-start=\"1566\" data-end=\"1593\">Preh\u013eadn\u00e9 inform\u00e1cie na prv\u00fd poh\u013ead.<\/strong> Ahoj! V tejto chv\u00edli ti neviem pom\u00f4c\u0165 s tvojou po\u017eiadavkou. M\u00f4\u017eem ti v\u0161ak pom\u00f4c\u0165 s prekladom akejko\u013evek tvojej po\u017eiadavky. Ak m\u00e1\u0161 z\u00e1ujem, r\u00e1d ti pom\u00f4\u017eem s \u010fal\u0161\u00edmi prekladmi. <strong data-start=\"1598\" data-end=\"1618\">LED smart obrazovka<\/strong> zobrazuje po\u010det potiahnut\u00ed v re\u00e1lnom \u010dase, stav bat\u00e9rie a \u0161\u0165avy. To znamen\u00e1 menej prekvapen\u00ed a lep\u0161iu kontrolu nad dob\u00edjan\u00edm alebo v\u00fdmenou.<\/p>\n<\/li>\n<li data-start=\"1755\" data-end=\"1937\">\n<p data-start=\"1757\" data-end=\"1937\"><strong data-start=\"1757\" data-end=\"1806\">Mo\u017enosti nikot\u00ednu zost\u00e1vaj\u00fa jednoduch\u00e9 a eur\u00f3psky priate\u013esk\u00e9.<\/strong> <strong data-start=\"1807\" data-end=\"1825\">0%, 2% a 5%<\/strong> zah\u0155\u0148a beznikot\u00ednov\u00e9 pou\u017eitie, \u013eah\u0161ie denn\u00e9 n\u00e1vyky a silnej\u0161ie \u0165ahy \u2014 bez n\u00fatenia jednej intenzity pre v\u0161etk\u00fdch pou\u017e\u00edvate\u013eov.<\/p>\n<\/li>\n<\/ul>\n<p><strong>Pridajte si Amy na Whatsapp, z\u00edskajte okam\u017eit\u00fa odpove\u010f a kup\u00f3n na vape!<\/strong><\/p>\n<p><img fetchpriority=\"high\" decoding=\"async\" class=\"size-full wp-image-2932\" src=\"https:\/\/vapestornado.com\/wp-content\/uploads\/2024\/12\/Vape-Wholesale.jpg\" alt=\"Ve\u013ekoobchod s vape\" width=\"229\" height=\"300\" \/><\/p>\n<h3><a href=\"https:\/\/wa.me\/8617776015835\" target=\"_blank\" rel=\"noopener\"><span style=\"color: #ff0000;\"><strong>WhatsApp: +86 17776015835<\/strong><\/span><\/a><\/h3>\n<p>&nbsp;<\/p>\n<h2><span style=\"font-size: 1.5em; font-weight: bold;\">Bood Twins 46000 K\u013e\u00fa\u010dov\u00e9 vlastnosti produktu\u00a0<\/span><\/h2>\n<div role=\"article\" data-tabster=\"{&quot;groupper&quot;:{&quot;tabbability&quot;:2},&quot;focusable&quot;:{}}\" data-content=\"ai-message\" aria-labelledby=\"juhNTJ6o7Gk1cgwZMJgv2-author juhNTJ6o7Gk1cgwZMJgv2-content\">\n<div id=\"juhNTJ6o7Gk1cgwZMJgv2-content\">\n<div role=\"article\" data-tabster=\"{&quot;groupper&quot;:{&quot;tabbability&quot;:2},&quot;focusable&quot;:{}}\" data-content=\"ai-message\" aria-labelledby=\"x4EZuCZWrTbh3weWUt7CU-author x4EZuCZWrTbh3weWUt7CU-content\">\n<div id=\"x4EZuCZWrTbh3weWUt7CU-content\">\n<table>\n<thead>\n<tr>\n<th>Funkcia<\/th>\n<th>\u0160pecifik\u00e1cia<\/th>\n<th>Detaily<\/th>\n<\/tr>\n<\/thead>\n<tbody>\n<tr>\n<td>Kapacita \u0165ahov<\/td>\n<td>A\u017e 46 000 potiahnut\u00ed<\/td>\n<td>Vysoko v\u00fdkonn\u00e1 jednorazov\u00e1 n\u00e1pl\u0148 ur\u010den\u00e1 na dlhodob\u00e9 denn\u00e9 pou\u017e\u00edvanie.<\/td>\n<\/tr>\n<tr>\n<td>Syst\u00e9m pr\u00edchut\u00ed<\/td>\n<td>Dvojit\u00e1 pr\u00edchu\u0165 (dvojit\u00fd prep\u00edna\u010d pr\u00edchut\u00ed)<\/td>\n<td>Dve chu\u0165ov\u00e9 profily v jednom zariaden\u00ed; prep\u00ednajte kedyko\u013evek.<\/td>\n<\/tr>\n<tr>\n<td>Objem E-Liquidu<\/td>\n<td>30 ml predplnen\u00e9<\/td>\n<td>Ve\u013ek\u00fd rezervo\u00e1r podporuje dlh\u00e9 rel\u00e1cie a stabiln\u00fd v\u00fdstup.<\/td>\n<\/tr>\n<tr>\n<td>Bat\u00e9ria<\/td>\n<td>650mAh nab\u00edjate\u013en\u00e1<\/td>\n<td>Dobite, aby ste vyu\u017eili pln\u00fa kapacitu tekutiny namiesto skor\u00e9ho vyhodenia.<\/td>\n<\/tr>\n<tr>\n<td>Nab\u00edjanie<\/td>\n<td>r\u00fdchle nab\u00edjanie Type-C<\/td>\n<td>R\u00fdchle doplnenie pomocou \u0161tandardn\u00fdch eur\u00f3pskych k\u00e1blov.<\/td>\n<\/tr>\n<tr>\n<td>Displej<\/td>\n<td>LED smart obrazovka<\/td>\n<td>Zobrazuje po\u010det potiahnut\u00ed, \u00farove\u0148 bat\u00e9rie a stav \u0161\u0165avy v re\u00e1lnom \u010dase.<\/td>\n<\/tr>\n<tr>\n<td>\u00darovne nikot\u00ednu<\/td>\n<td>0% \/ 2% \/ 5% so\u013en\u00fd nikot\u00edn<\/td>\n<td>Vhodn\u00e9 pre pou\u017e\u00edvate\u013eov bez nikot\u00ednu, \u013eah\u0161ie n\u00e1vyky a silnej\u0161\u00edch pou\u017e\u00edvate\u013eov.<\/td>\n<\/tr>\n<tr>\n<td>Cie\u013eov\u00e9 pou\u017eitie<\/td>\n<td>Jednorazov\u00e9, s vysokou kapacitou<\/td>\n<td>Jednoduch\u00e1 obsluha s dlh\u00fdm chodom.<\/td>\n<\/tr>\n<\/tbody>\n<\/table>\n<\/div>\n<\/div>\n<\/div>\n<\/div>\n<h2 class=\"product-title\"><strong>Popul\u00e1rna pr\u00edchu\u0165 pre Bood Twins 46000 potiahnut\u00ed<\/strong><\/h2>\n<p>1. Mel\u00f3n <strong><span style=\"color: #ff0000;\">&gt;&gt;&gt;&gt;&gt; Hor\u00face !<\/span><\/strong><br \/>\n2. Jablko<br \/>\n3. Limetka<br \/>\n4. Zelen\u00e9 jablko<br \/>\n5. \u010cu\u010doriedkov\u00e1 malina s kyslou pr\u00edchu\u0165ou <strong><span style=\"color: #ff0000;\">&gt;&gt;&gt;&gt; Najlep\u0161ie !<\/span><\/strong><br \/>\n6. \u010cierna r\u00edbez\u013ea a malina<br \/>\n7. Brosky\u0148a Mango<br \/>\n8. Hrozno <strong><span style=\"color: #ff0000;\">&gt;&gt;&gt;&gt;&gt; Hor\u00face !<\/span><\/strong><br \/>\n9. Ru\u017eov\u00e1 limon\u00e1da<br \/>\n10. Zelen\u00e9 hrozno<\/p>\n<h2>Pre\u010do si vybra\u0165 vapestornado pre ve\u013ekoobchod s Bood Twins 46000 Puffs Vape?<\/h2>\n<div class=\"flex-shrink-0 flex flex-col relative items-end\">\n<div class=\"pt-0\">\n<div class=\"gizmo-bot-avatar flex h-8 w-8 items-center justify-center overflow-hidden rounded-full\">\n<div class=\"relative p-1 rounded-sm flex items-center justify-center bg-token-main-surface-primary text-token-text-primary h-8 w-8\">\n<p>Vitajte vo vapestornado, va\u0161om d\u00f4veryhodnom internetovom obchode s vapmi pre pr\u00e9miov\u00e9 jednorazov\u00e9 vapy. S viac ako 5-ro\u010dn\u00fdmi sk\u00fasenos\u0165ami v\u00e1m prin\u00e1\u0161ame popul\u00e1rne zna\u010dky jednorazov\u00fdch vapov, ako napr\u00edklad Fumot RandM Vape, <a href=\"https:\/\/vapestornado.com\/sk\/product\/vapme-crystal-7000-puffs-rechargeable-disposable-vape-wholesale-cheap-price\/\">Vapme<\/a>, Bang Vape, Waspe Vape a WGA Vape, at\u010f.<\/p>\n<p>N\u00e1\u0161 sortiment zah\u0155\u0148a hor\u00face vapy ako napr\u00edklad <a href=\"https:\/\/vapestornado.com\/sk\/product\/fumot-randm-tornado-15000-puffs-rechargeable-disposable-vape-wholesale\/\">RandM Tornado 15000<\/a>, a v\u00fdber bohat\u00fd na pr\u00edchute ako napr\u00edklad <a href=\"https:\/\/vapestornado.com\/sk\/product\/vapsolo-dg-18000-puffs-smart-screen-wholesale-disposable-cheap-vapes\/\">\u00a0Vapsolo DG18000 Pufov<\/a> . Ka\u017ed\u00fd produkt je vybran\u00fd so zameran\u00edm na kvalitu, hodnotu a rozmanitos\u0165, \u010do zais\u0165uje, \u017ee n\u00e1jdete presne to, \u010do potrebujete. Objavte v\u00fdnimo\u010dn\u00e9 slu\u017eby a \u0161irok\u00fa \u0161k\u00e1lu \u0161pi\u010dkov\u00fdch produktov za ve\u013ekoobchodn\u00e9 ceny vo vapestornado.<\/p>\n<\/div>\n<figure id=\"attachment_3305\" aria-describedby=\"caption-attachment-3305\" style=\"width: 1126px\" class=\"wp-caption alignnone\"><img decoding=\"async\" class=\"wp-image-3305 size-full\" src=\"https:\/\/vapestornado.com\/wp-content\/uploads\/2024\/12\/Best-Bood-Twins-46000-Puff-Disposable-Vape.jpg\" alt=\"Najlep\u0161\u00ed jednorazov\u00fd vape Bood Twins 46000 Puff\" width=\"1126\" height=\"1126\" srcset=\"https:\/\/vapestornado.com\/wp-content\/uploads\/2024\/12\/Best-Bood-Twins-46000-Puff-Disposable-Vape.jpg 1126w, https:\/\/vapestornado.com\/wp-content\/uploads\/2024\/12\/Best-Bood-Twins-46000-Puff-Disposable-Vape-300x300.jpg 300w, https:\/\/vapestornado.com\/wp-content\/uploads\/2024\/12\/Best-Bood-Twins-46000-Puff-Disposable-Vape-1024x1024.jpg 1024w, https:\/\/vapestornado.com\/wp-content\/uploads\/2024\/12\/Best-Bood-Twins-46000-Puff-Disposable-Vape-150x150.jpg 150w, https:\/\/vapestornado.com\/wp-content\/uploads\/2024\/12\/Best-Bood-Twins-46000-Puff-Disposable-Vape-768x768.jpg 768w, https:\/\/vapestornado.com\/wp-content\/uploads\/2024\/12\/Best-Bood-Twins-46000-Puff-Disposable-Vape-600x600.jpg 600w, https:\/\/vapestornado.com\/wp-content\/uploads\/2024\/12\/Best-Bood-Twins-46000-Puff-Disposable-Vape-100x100.jpg 100w\" sizes=\"(max-width: 1126px) 100vw, 1126px\" \/><figcaption id=\"caption-attachment-3305\" class=\"wp-caption-text\">Najlep\u0161\u00ed jednorazov\u00fd vape Bood Twins 46000 Puff<\/figcaption><\/figure>\n<div class=\"relative p-1 rounded-sm flex items-center justify-center bg-token-main-surface-primary text-token-text-primary h-8 w-8\">\n<h2>\u010cast\u00e9 ot\u00e1zky pre jednorazov\u00fd vape Bood Twins 46k<\/h2>\n<\/div>\n<\/div>\n<\/div>\n<\/div>\n<div class=\"flex-shrink-0 flex flex-col relative items-end\">\n<div class=\"pt-0\">\n<div class=\"gizmo-bot-avatar flex h-8 w-8 items-center justify-center overflow-hidden rounded-full\">\n<div class=\"relative p-1 rounded-sm flex items-center justify-center bg-token-main-surface-primary text-token-text-primary h-8 w-8\">\n<div class=\"mb-2 flex gap-3 empty:hidden -ml-2\">\n<div role=\"article\" data-tabster=\"{&quot;groupper&quot;:{&quot;tabbability&quot;:2},&quot;focusable&quot;:{}}\" data-content=\"ai-message\" aria-labelledby=\"Vdt5ez4X7Tg813x6rFVha-author Vdt5ez4X7Tg813x6rFVha-content\">\n<div id=\"Vdt5ez4X7Tg813x6rFVha-content\">\n<div role=\"article\" data-tabster=\"{&quot;groupper&quot;:{&quot;tabbability&quot;:2},&quot;focusable&quot;:{}}\" data-content=\"ai-message\" aria-labelledby=\"o968oC7CEo2fGHsGdsRYC-author o968oC7CEo2fGHsGdsRYC-content\">\n<div id=\"o968oC7CEo2fGHsGdsRYC-content\">\n<div class=\"flex max-w-full flex-col flex-grow\">\n<div class=\"min-h-8 text-message flex w-full flex-col items-end gap-2 whitespace-normal break-words text-start [.text-message+&amp;]:mt-5\" dir=\"auto\" data-message-author-role=\"assistant\" data-message-id=\"b080906d-586a-45a5-bbed-ade28bd7e809\" data-message-model-slug=\"gpt-4o\">\n<div class=\"flex w-full flex-col gap-1 empty:hidden first:pt-[3px]\">\n<div class=\"markdown prose w-full break-words dark:prose-invert light\">\n<ol data-start=\"3606\" data-end=\"4787\">\n<li data-start=\"3606\" data-end=\"3867\">\n<p data-start=\"3609\" data-end=\"3867\"><strong data-start=\"3609\" data-end=\"3725\">Ako sa Bood Twins 46000 Puff dvojit\u00fd pr\u00edchu\u0165 jednorazov\u00fd vaporiz\u00e9r s vysok\u00fdm po\u010dtom potia udr\u017e\u00ed konzistentn\u00fd v\u00fdkon?<\/strong><br data-start=\"3725\" data-end=\"3728\" \/>Kombin\u00e1cia <strong data-start=\"3749\" data-end=\"3762\">30ml n\u00e1dr\u017eou<\/strong> a dob\u00edjate\u013en\u00e1 energia podporuje dlh\u00e9 pou\u017e\u00edvanie bez ostr\u00e9ho poklesu, ktor\u00fd \u010dasto ukazuj\u00fa men\u0161ie jednorazov\u00e9 zariadenia.<\/p>\n<\/li>\n<li data-start=\"3869\" data-end=\"4092\">\n<p data-start=\"3872\" data-end=\"4092\"><strong data-start=\"3872\" data-end=\"3970\">Ak\u00e1 je praktick\u00e1 v\u00fdhoda prep\u00edna\u010da dvojitej pr\u00edchute Bood Twins 46K po\u010das ka\u017edodenn\u00e9ho vapovania?<\/strong><br data-start=\"3970\" data-end=\"3973\" \/>Umo\u017e\u0148uje v\u00e1m meni\u0165 chu\u0165 na po\u017eiadanie, \u010do udr\u017eiava z\u00e1\u017eitok \u010derstv\u00fd po\u010das t\u00fd\u017ed\u0148ov pou\u017e\u00edvania bez potreby druh\u00e9ho zariadenia.<\/p>\n<\/li>\n<li data-start=\"4094\" data-end=\"4311\">\n<p data-start=\"4097\" data-end=\"4311\"><strong data-start=\"4097\" data-end=\"4193\">Dokon\u010d\u00ed Bood Twins 46000 Puff Type-C dob\u00edjate\u013en\u00fd jednorazov\u00fd vaporiz\u00e9r pln\u00fdch 30 ml e-liquidu?<\/strong><br data-start=\"4193\" data-end=\"4196\" \/>Dob\u00edjate\u013enos\u0165 je na tento \u00fa\u010del ur\u010den\u00e1 \u2014 ak sa bat\u00e9ria vybije sk\u00f4r ako kvapalina, Type-C doplnenie ju udr\u017e\u00ed v chode.<\/p>\n<\/li>\n<li data-start=\"4313\" data-end=\"4542\">\n<p data-start=\"4316\" data-end=\"4542\"><strong data-start=\"4316\" data-end=\"4405\">Ako spo\u013eahliv\u00fd je LED inteligentn\u00fd displej na vysokokapacitnom vaporiz\u00e9ri Bood Twins 46000 Puff?<\/strong><br data-start=\"4405\" data-end=\"4408\" \/>Displej zobrazuje <strong data-start=\"4425\" data-end=\"4466\">po\u010det potia, stav bat\u00e9rie a stav kvapaliny<\/strong>, poskytuj\u00fac jasn\u00e9, aktu\u00e1lne sledovanie, aby ste mohli pl\u00e1nova\u0165 nab\u00edjanie a v\u00fdmenu.<\/p>\n<\/li>\n<li data-start=\"4544\" data-end=\"4787\">\n<p data-start=\"4547\" data-end=\"4787\"><strong data-start=\"4547\" data-end=\"4650\">Ak\u00e1 sila nikot\u00ednu vyhovuje r\u00f4znym pou\u017e\u00edvate\u013eom na Bood Twins 46000 Puff s n\u00edzkym obsahom nikot\u00ednu?<\/strong><br data-start=\"4650\" data-end=\"4653\" \/><strong data-start=\"4653\" data-end=\"4659\">0%<\/strong> funguje len na pr\u00edchu\u0165, <strong data-start=\"4688\" data-end=\"4694\">2%<\/strong> vyhovuje \u013eahk\u00fdm a\u017e stredne intenz\u00edvnym denn\u00fdm n\u00e1vykom, a <strong data-start=\"4736\" data-end=\"4742\">5%<\/strong> je ur\u010den\u00fd pre pou\u017e\u00edvate\u013eov, ktor\u00ed chc\u00fa silnej\u0161\u00ed z\u00e1\u017eitok.<\/p>\n<\/li>\n<\/ol>\n<\/div>\n<\/div>\n<\/div>\n<\/div>\n<\/div>\n<\/div>\n<\/div>\n<\/div>\n<\/div>\n<\/div>\n<\/div>\n<\/div>\n<\/div>","protected":false},"excerpt":{"rendered":"<p data-start=\"1329\" data-end=\"1500\">Bood Twins 46000 Puff jednorazov\u00e1 vape s dvojitou pr\u00edchu\u0165ou s 30 ml predplnen\u00e9ho e-liquidu, prep\u00ednan\u00edm medzi dvoma pr\u00edchu\u0165ami, inteligentnou LED obrazovkou a 650mAh Type-C nab\u00edjate\u013enou bat\u00e9riou. A\u017e 46 000 potiahnut\u00ed s 0%, 2% alebo 5% nikot\u00ednom pre dlh\u00e9, kontrolovan\u00e9 a chu\u0165ovo rozmanit\u00e9 pou\u017e\u00edvanie. <strong data-start=\"1456\" data-end=\"1497\">ve\u013ekoobchodn\u00e9 hromadn\u00e9 objedn\u00e1vky za n\u00edzke ceny<\/strong>.<\/p>\n<p><strong>Pridajte si Amy na WhatsApp a z\u00edskajte okam\u017eit\u00fa odpove\u010f a kup\u00f3n na vape!<\/strong><\/p>\n<p><img fetchpriority=\"high\" decoding=\"async\" class=\"size-full wp-image-2932\" src=\"https:\/\/vapestornado.com\/wp-content\/uploads\/2024\/12\/Vape-Wholesale.jpg\" alt=\"Ve\u013ekoobchod s vape\" width=\"229\" height=\"300\" \/><\/p>\n<h3><a href=\"https:\/\/wa.me\/8617776015835\"><span style=\"color: #ff0000;\"><strong>WhatsApp: +86 17776015835<\/strong><\/span><\/a><\/h3>\n<p>&nbsp;<\/p>","protected":false},"featured_media":3307,"comment_status":"open","ping_status":"closed","template":"","meta":{"_acf_changed":false,"_uag_custom_page_level_css":"","_lmt_disableupdate":"no","_lmt_disable":"","_monsterinsights_skip_tracking":false,"_monsterinsights_sitenote_active":false,"_monsterinsights_sitenote_note":"","_monsterinsights_sitenote_category":0,"site-sidebar-layout":"default","site-content-layout":"","ast-site-content-layout":"default","site-content-style":"default","site-sidebar-style":"default","ast-global-header-display":"","ast-banner-title-visibility":"","ast-main-header-display":"","ast-hfb-above-header-display":"","ast-hfb-below-header-display":"","ast-hfb-mobile-header-display":"","site-post-title":"","ast-breadcrumbs-content":"","ast-featured-img":"","footer-sml-layout":"","ast-disable-related-posts":"","theme-transparent-header-meta":"default","adv-header-id-meta":"","stick-header-meta":"","header-above-stick-meta":"","header-main-stick-meta":"","header-below-stick-meta":"","astra-migrate-meta-layouts":"set","ast-page-background-enabled":"default","ast-page-background-meta":{"desktop":{"background-color":"","background-image":"","background-repeat":"repeat","background-position":"center center","background-size":"auto","background-attachment":"scroll","background-type":"","background-media":"","overlay-type":"","overlay-color":"","overlay-opacity":"","overlay-gradient":""},"tablet":{"background-color":"","background-image":"","background-repeat":"repeat","background-position":"center center","background-size":"auto","background-attachment":"scroll","background-type":"","background-media":"","overlay-type":"","overlay-color":"","overlay-opacity":"","overlay-gradient":""},"mobile":{"background-color":"","background-image":"","background-repeat":"repeat","background-position":"center center","background-size":"auto","background-attachment":"scroll","background-type":"","background-media":"","overlay-type":"","overlay-color":"","overlay-opacity":"","overlay-gradient":""}},"ast-content-background-meta":{"desktop":{"background-color":"var(--ast-global-color-5)","background-image":"","background-repeat":"repeat","background-position":"center center","background-size":"auto","background-attachment":"scroll","background-type":"","background-media":"","overlay-type":"","overlay-color":"","overlay-opacity":"","overlay-gradient":""},"tablet":{"background-color":"var(--ast-global-color-5)","background-image":"","background-repeat":"repeat","background-position":"center center","background-size":"auto","background-attachment":"scroll","background-type":"","background-media":"","overlay-type":"","overlay-color":"","overlay-opacity":"","overlay-gradient":""},"mobile":{"background-color":"var(--ast-global-color-5)","background-image":"","background-repeat":"repeat","background-position":"center center","background-size":"auto","background-attachment":"scroll","background-type":"","background-media":"","overlay-type":"","overlay-color":"","overlay-opacity":"","overlay-gradient":""}},"_joinchat":{"telephone":"+8617776015835"}},"product_brand":[],"product_cat":[140,230,193,149,158,144,146],"product_tag":[194,165,91,195,97,166,189,191,94],"class_list":{"0":"post-3338","1":"product","2":"type-product","3":"status-publish","4":"has-post-thumbnail","6":"product_cat-big-puffs-disposable-vapes","7":"product_cat-46000-puff","8":"product_cat-bood-disposable-vapes","9":"product_cat-buy-disposable-vapes-in-austria","10":"product_cat-buy-disposable-vapes-in-spain","11":"product_cat-low-nicotine-disposable-vapes","12":"product_cat-rechargeable-disposable-vapes","13":"product_tag-bood-twins-46000","14":"product_tag-cheap-vapes","15":"product_tag-double-flavour","16":"product_tag-dual-flavor-disposable-vape","17":"product_tag-hot-sale-disposable-vape","18":"product_tag-low-nicotine-vape","19":"product_tag-puff-50k","20":"product_tag-pulse-disposable-vape","21":"product_tag-rechargeable-disposable-vape","22":"desktop-align-left","23":"tablet-align-left","24":"mobile-align-left","26":"first","27":"instock","28":"sale","29":"shipping-taxable","30":"purchasable","31":"product-type-simple"},"acf":[],"uagb_featured_image_src":{"full":["https:\/\/vapestornado.com\/wp-content\/uploads\/2024\/12\/Bood-Twins-46000-Disposable-Vape-Wholesale.jpg",1126,1126,false],"thumbnail":["https:\/\/vapestornado.com\/wp-content\/uploads\/2024\/12\/Bood-Twins-46000-Disposable-Vape-Wholesale-150x150.jpg",150,150,true],"medium":["https:\/\/vapestornado.com\/wp-content\/uploads\/2024\/12\/Bood-Twins-46000-Disposable-Vape-Wholesale-300x300.jpg",300,300,true],"medium_large":["https:\/\/vapestornado.com\/wp-content\/uploads\/2024\/12\/Bood-Twins-46000-Disposable-Vape-Wholesale-768x768.jpg",768,768,true],"large":["https:\/\/vapestornado.com\/wp-content\/uploads\/2024\/12\/Bood-Twins-46000-Disposable-Vape-Wholesale-1024x1024.jpg",1024,1024,true],"1536x1536":["https:\/\/vapestornado.com\/wp-content\/uploads\/2024\/12\/Bood-Twins-46000-Disposable-Vape-Wholesale.jpg",1126,1126,false],"2048x2048":["https:\/\/vapestornado.com\/wp-content\/uploads\/2024\/12\/Bood-Twins-46000-Disposable-Vape-Wholesale.jpg",1126,1126,false],"trp-custom-language-flag":["https:\/\/vapestornado.com\/wp-content\/uploads\/2024\/12\/Bood-Twins-46000-Disposable-Vape-Wholesale.jpg",12,12,false],"woocommerce_thumbnail":["https:\/\/vapestornado.com\/wp-content\/uploads\/2024\/12\/Bood-Twins-46000-Disposable-Vape-Wholesale-300x300.jpg",300,300,true],"woocommerce_single":["https:\/\/vapestornado.com\/wp-content\/uploads\/2024\/12\/Bood-Twins-46000-Disposable-Vape-Wholesale-600x600.jpg",600,600,true],"woocommerce_gallery_thumbnail":["https:\/\/vapestornado.com\/wp-content\/uploads\/2024\/12\/Bood-Twins-46000-Disposable-Vape-Wholesale-100x100.jpg",100,100,true]},"uagb_author_info":{"display_name":"ESAMY","author_link":"https:\/\/vapestornado.com\/sk\/author\/"},"uagb_comment_info":0,"uagb_excerpt":"Bood Twins 46000 Puff double-flavour disposable vape with 30ml pre-filled e-liquid, dual-flavour switching, smart LED screen, and 650mAh Type-C rechargeable battery. Up to 46,000 puffs with 0%, 2%, or 5% nicotine for long, controlled, flavour-varied use. wholesale bulk orders at cheap prices. Add Amy's whatsapp get right reply and vape coupon! WhatsApp: +86 17776015835 &nbsp;","_links":{"self":[{"href":"https:\/\/vapestornado.com\/sk\/wp-json\/wp\/v2\/product\/3338","targetHints":{"allow":["GET"]}}],"collection":[{"href":"https:\/\/vapestornado.com\/sk\/wp-json\/wp\/v2\/product"}],"about":[{"href":"https:\/\/vapestornado.com\/sk\/wp-json\/wp\/v2\/types\/product"}],"replies":[{"embeddable":true,"href":"https:\/\/vapestornado.com\/sk\/wp-json\/wp\/v2\/comments?post=3338"}],"wp:featuredmedia":[{"embeddable":true,"href":"https:\/\/vapestornado.com\/sk\/wp-json\/wp\/v2\/media\/3307"}],"wp:attachment":[{"href":"https:\/\/vapestornado.com\/sk\/wp-json\/wp\/v2\/media?parent=3338"}],"wp:term":[{"taxonomy":"product_brand","embeddable":true,"href":"https:\/\/vapestornado.com\/sk\/wp-json\/wp\/v2\/product_brand?post=3338"},{"taxonomy":"product_cat","embeddable":true,"href":"https:\/\/vapestornado.com\/sk\/wp-json\/wp\/v2\/product_cat?post=3338"},{"taxonomy":"product_tag","embeddable":true,"href":"https:\/\/vapestornado.com\/sk\/wp-json\/wp\/v2\/product_tag?post=3338"}],"curies":[{"name":"wp","href":"https:\/\/api.w.org\/{rel}","templated":true}]}}